{"id":261852,"date":"2025-04-27T13:31:28","date_gmt":"2025-04-27T11:31:28","guid":{"rendered":"https:\/\/shopatoa.com\/ro\/proficare-masina-de-tuns-bht-3014\/"},"modified":"2025-12-13T14:25:10","modified_gmt":"2025-12-13T13:25:10","slug":"proficare-masina-de-tuns-bht-3014","status":"publish","type":"product","link":"https:\/\/shopatoa.com\/ro\/proficare-masina-de-tuns-bht-3014\/","title":{"rendered":"ProfiCare Ma\u0219in\u0103 de tuns BHT 3014"},"content":{"rendered":"<p>Acest dispozitiv versatil pentru fa\u021b\u0103 \u0219i corp este fabricat din o\u021bel de \u00eenalt\u0103 calitate \u0219i ofer\u0103 \u00eengrijire confortabil\u0103 \u0219i bl\u00e2nd\u0103 pentru p\u0103r. Func\u021bia de ac\u021bionare direct\u0103 permite utilizarea chiar \u0219i atunci c\u00e2nd bateria este desc\u0103rcat\u0103 direct de la re\u021bea. Asigur\u0103 o \u00eendep\u0103rtare complet\u0103 \u0219i bl\u00e2nd\u0103 a p\u0103rului, f\u0103r\u0103 irita\u021bii, chiar \u0219i pe p\u0103r\u021bile sensibile ale corpului. Datorit\u0103 gamei largi de ata\u0219amente \u0219i posibilit\u0103\u021bii de alimentare de la re\u021bea sau de la baterie, este ideal\u0103 \u0219i pentru c\u0103l\u0103torii.<\/p>\n","protected":false},"excerpt":{"rendered":"<p>Acest dispozitiv versatil pentru fa\u021b\u0103 \u0219i corp este fabricat din o\u021bel de \u00eenalt\u0103 calitate \u0219i ofer\u0103 \u00eengrijire confortabil\u0103 \u0219i bl\u00e2nd\u0103 pentru p\u0103r. Func\u021bia de ac\u021bionare direct\u0103 permite utilizarea chiar \u0219i atunci c\u00e2nd bateria este desc\u0103rcat\u0103 direct de la re\u021bea. Asigur\u0103 o \u00eendep\u0103rtare complet\u0103 \u0219i bl\u00e2nd\u0103 a p\u0103rului, f\u0103r\u0103 irita\u021bii, chiar \u0219i pe p\u0103r\u021bile sensibile ale&#8230;<\/p>\n","protected":false},"featured_media":338323,"comment_status":"closed","ping_status":"open","template":"","meta":{"_acf_changed":false,"_kadence_starter_templates_imported_post":false,"_kad_post_transparent":"","_kad_post_title":"","_kad_post_layout":"","_kad_post_sidebar_id":"","_kad_post_content_style":"","_kad_post_vertical_padding":"","_kad_post_feature":"","_kad_post_feature_position":"","_kad_post_header":false,"_kad_post_footer":false,"_kad_post_classname":""},"product_brand":[876],"product_cat":[670,765,246],"product_tag":[],"class_list":{"0":"post-261852","1":"product","2":"type-product","3":"status-publish","4":"has-post-thumbnail","6":"product_brand-proficare","7":"product_cat-barber-shop","8":"product_cat-barber-shop-taiat","9":"product_cat-cosmetice","11":"first","12":"instock","13":"product-type-external","14":"entry","15":"content-bg","16":"loop-entry"},"acf":[],"yoast_head":"<!-- This site is optimized with the Yoast SEO plugin v27.4 - https:\/\/yoast.com\/product\/yoast-seo-wordpress\/ -->\n<title>ProfiCare Ma\u0219in\u0103 de tuns BHT 3014 - SHOPATOA.COM<\/title>\n<meta name=\"robots\" content=\"index, follow, max-snippet:-1, max-image-preview:large, max-video-preview:-1\" \/>\n<link rel=\"canonical\" href=\"https:\/\/shopatoa.com\/ro\/proficare-masina-de-tuns-bht-3014\/\" \/>\n<meta property=\"og:locale\" content=\"ro_RO\" \/>\n<meta property=\"og:type\" content=\"article\" \/>\n<meta property=\"og:title\" content=\"ProfiCare Ma\u0219in\u0103 de tuns BHT 3014 - SHOPATOA.COM\" \/>\n<meta property=\"og:description\" content=\"Acest dispozitiv versatil pentru fa\u021b\u0103 \u0219i corp este fabricat din o\u021bel de \u00eenalt\u0103 calitate \u0219i ofer\u0103 \u00eengrijire confortabil\u0103 \u0219i bl\u00e2nd\u0103 pentru p\u0103r. Func\u021bia de ac\u021bionare direct\u0103 permite utilizarea chiar \u0219i atunci c\u00e2nd bateria este desc\u0103rcat\u0103 direct de la re\u021bea. Asigur\u0103 o \u00eendep\u0103rtare complet\u0103 \u0219i bl\u00e2nd\u0103 a p\u0103rului, f\u0103r\u0103 irita\u021bii, chiar \u0219i pe p\u0103r\u021bile sensibile ale...\" \/>\n<meta property=\"og:url\" content=\"https:\/\/shopatoa.com\/ro\/proficare-masina-de-tuns-bht-3014\/\" \/>\n<meta property=\"og:site_name\" content=\"SHOPATOA\" \/>\n<meta property=\"article:modified_time\" content=\"2025-12-13T13:25:10+00:00\" \/>\n<meta property=\"og:image\" content=\"https:\/\/storage.googleapis.com\/cz-shopatoa-img\/ro\/74dce46a-unnamed-file.webp\" \/>\n\t<meta property=\"og:image:width\" content=\"800\" \/>\n\t<meta property=\"og:image:height\" content=\"800\" \/>\n\t<meta property=\"og:image:type\" content=\"image\/webp\" \/>\n<meta name=\"twitter:card\" content=\"summary_large_image\" \/>\n<script type=\"application\/ld+json\" class=\"yoast-schema-graph\">{\"@context\":\"https:\\\/\\\/schema.org\",\"@graph\":[{\"@type\":\"WebPage\",\"@id\":\"https:\\\/\\\/shopatoa.com\\\/ro\\\/proficare-masina-de-tuns-bht-3014\\\/\",\"url\":\"https:\\\/\\\/shopatoa.com\\\/ro\\\/proficare-masina-de-tuns-bht-3014\\\/\",\"name\":\"ProfiCare Ma\u0219in\u0103 de tuns BHT 3014 - SHOPATOA.COM\",\"isPartOf\":{\"@id\":\"https:\\\/\\\/shopatoa.com\\\/ro\\\/#website\"},\"primaryImageOfPage\":{\"@id\":\"https:\\\/\\\/shopatoa.com\\\/ro\\\/proficare-masina-de-tuns-bht-3014\\\/#primaryimage\"},\"image\":{\"@id\":\"https:\\\/\\\/shopatoa.com\\\/ro\\\/proficare-masina-de-tuns-bht-3014\\\/#primaryimage\"},\"thumbnailUrl\":\"https:\\\/\\\/storage.googleapis.com\\\/cz-shopatoa-img\\\/ro\\\/74dce46a-unnamed-file.webp\",\"datePublished\":\"2025-04-27T11:31:28+00:00\",\"dateModified\":\"2025-12-13T13:25:10+00:00\",\"breadcrumb\":{\"@id\":\"https:\\\/\\\/shopatoa.com\\\/ro\\\/proficare-masina-de-tuns-bht-3014\\\/#breadcrumb\"},\"inLanguage\":\"ro-RO\",\"potentialAction\":[{\"@type\":\"ReadAction\",\"target\":[\"https:\\\/\\\/shopatoa.com\\\/ro\\\/proficare-masina-de-tuns-bht-3014\\\/\"]}]},{\"@type\":\"ImageObject\",\"inLanguage\":\"ro-RO\",\"@id\":\"https:\\\/\\\/shopatoa.com\\\/ro\\\/proficare-masina-de-tuns-bht-3014\\\/#primaryimage\",\"url\":\"https:\\\/\\\/storage.googleapis.com\\\/cz-shopatoa-img\\\/ro\\\/74dce46a-unnamed-file.webp\",\"contentUrl\":\"https:\\\/\\\/storage.googleapis.com\\\/cz-shopatoa-img\\\/ro\\\/74dce46a-unnamed-file.webp\",\"width\":800,\"height\":800},{\"@type\":\"BreadcrumbList\",\"@id\":\"https:\\\/\\\/shopatoa.com\\\/ro\\\/proficare-masina-de-tuns-bht-3014\\\/#breadcrumb\",\"itemListElement\":[{\"@type\":\"ListItem\",\"position\":1,\"name\":\"Dom\u016f\",\"item\":\"https:\\\/\\\/shopatoa.com\\\/ro\\\/\"},{\"@type\":\"ListItem\",\"position\":2,\"name\":\"Shop\",\"item\":\"https:\\\/\\\/shopatoa.com\\\/ro\\\/shop\\\/\"},{\"@type\":\"ListItem\",\"position\":3,\"name\":\"Cosmetice\",\"item\":\"https:\\\/\\\/shopatoa.com\\\/ro\\\/cosmetice\\\/\"},{\"@type\":\"ListItem\",\"position\":4,\"name\":\"Barber Shop\",\"item\":\"https:\\\/\\\/shopatoa.com\\\/ro\\\/barber-shop\\\/\"},{\"@type\":\"ListItem\",\"position\":5,\"name\":\"Barber Shop \u2013 t\u0103iat\",\"item\":\"https:\\\/\\\/shopatoa.com\\\/ro\\\/barber-shop-taiat\\\/\"},{\"@type\":\"ListItem\",\"position\":6,\"name\":\"ProfiCare Ma\u0219in\u0103 de tuns BHT 3014\"}]},{\"@type\":\"WebSite\",\"@id\":\"https:\\\/\\\/shopatoa.com\\\/ro\\\/#website\",\"url\":\"https:\\\/\\\/shopatoa.com\\\/ro\\\/\",\"name\":\"SHOPATOA\",\"description\":\"\",\"publisher\":{\"@id\":\"https:\\\/\\\/shopatoa.com\\\/ro\\\/#organization\"},\"potentialAction\":[{\"@type\":\"SearchAction\",\"target\":{\"@type\":\"EntryPoint\",\"urlTemplate\":\"https:\\\/\\\/shopatoa.com\\\/ro\\\/?s={search_term_string}\"},\"query-input\":{\"@type\":\"PropertyValueSpecification\",\"valueRequired\":true,\"valueName\":\"search_term_string\"}}],\"inLanguage\":\"ro-RO\"},{\"@type\":\"Organization\",\"@id\":\"https:\\\/\\\/shopatoa.com\\\/ro\\\/#organization\",\"name\":\"SHOPATOA\",\"url\":\"https:\\\/\\\/shopatoa.com\\\/ro\\\/\",\"logo\":{\"@type\":\"ImageObject\",\"inLanguage\":\"ro-RO\",\"@id\":\"https:\\\/\\\/shopatoa.com\\\/ro\\\/#\\\/schema\\\/logo\\\/image\\\/\",\"url\":\"https:\\\/\\\/storage.googleapis.com\\\/cz-shopatoa-img\\\/ro\\\/b4dac915-shopatoa_logo.png\",\"contentUrl\":\"https:\\\/\\\/storage.googleapis.com\\\/cz-shopatoa-img\\\/ro\\\/b4dac915-shopatoa_logo.png\",\"width\":416,\"height\":63,\"caption\":\"SHOPATOA\"},\"image\":{\"@id\":\"https:\\\/\\\/shopatoa.com\\\/ro\\\/#\\\/schema\\\/logo\\\/image\\\/\"}}]}<\/script>\n<!-- \/ Yoast SEO plugin. -->","yoast_head_json":{"title":"ProfiCare Ma\u0219in\u0103 de tuns BHT 3014 - SHOPATOA.COM","robots":{"index":"index","follow":"follow","max-snippet":"max-snippet:-1","max-image-preview":"max-image-preview:large","max-video-preview":"max-video-preview:-1"},"canonical":"https:\/\/shopatoa.com\/ro\/proficare-masina-de-tuns-bht-3014\/","og_locale":"ro_RO","og_type":"article","og_title":"ProfiCare Ma\u0219in\u0103 de tuns BHT 3014 - SHOPATOA.COM","og_description":"Acest dispozitiv versatil pentru fa\u021b\u0103 \u0219i corp este fabricat din o\u021bel de \u00eenalt\u0103 calitate \u0219i ofer\u0103 \u00eengrijire confortabil\u0103 \u0219i bl\u00e2nd\u0103 pentru p\u0103r. Func\u021bia de ac\u021bionare direct\u0103 permite utilizarea chiar \u0219i atunci c\u00e2nd bateria este desc\u0103rcat\u0103 direct de la re\u021bea. Asigur\u0103 o \u00eendep\u0103rtare complet\u0103 \u0219i bl\u00e2nd\u0103 a p\u0103rului, f\u0103r\u0103 irita\u021bii, chiar \u0219i pe p\u0103r\u021bile sensibile ale...","og_url":"https:\/\/shopatoa.com\/ro\/proficare-masina-de-tuns-bht-3014\/","og_site_name":"SHOPATOA","article_modified_time":"2025-12-13T13:25:10+00:00","og_image":[{"width":800,"height":800,"url":"https:\/\/storage.googleapis.com\/cz-shopatoa-img\/ro\/74dce46a-unnamed-file.webp","type":"image\/webp"}],"twitter_card":"summary_large_image","schema":{"@context":"https:\/\/schema.org","@graph":[{"@type":"WebPage","@id":"https:\/\/shopatoa.com\/ro\/proficare-masina-de-tuns-bht-3014\/","url":"https:\/\/shopatoa.com\/ro\/proficare-masina-de-tuns-bht-3014\/","name":"ProfiCare Ma\u0219in\u0103 de tuns BHT 3014 - SHOPATOA.COM","isPartOf":{"@id":"https:\/\/shopatoa.com\/ro\/#website"},"primaryImageOfPage":{"@id":"https:\/\/shopatoa.com\/ro\/proficare-masina-de-tuns-bht-3014\/#primaryimage"},"image":{"@id":"https:\/\/shopatoa.com\/ro\/proficare-masina-de-tuns-bht-3014\/#primaryimage"},"thumbnailUrl":"https:\/\/storage.googleapis.com\/cz-shopatoa-img\/ro\/74dce46a-unnamed-file.webp","datePublished":"2025-04-27T11:31:28+00:00","dateModified":"2025-12-13T13:25:10+00:00","breadcrumb":{"@id":"https:\/\/shopatoa.com\/ro\/proficare-masina-de-tuns-bht-3014\/#breadcrumb"},"inLanguage":"ro-RO","potentialAction":[{"@type":"ReadAction","target":["https:\/\/shopatoa.com\/ro\/proficare-masina-de-tuns-bht-3014\/"]}]},{"@type":"ImageObject","inLanguage":"ro-RO","@id":"https:\/\/shopatoa.com\/ro\/proficare-masina-de-tuns-bht-3014\/#primaryimage","url":"https:\/\/storage.googleapis.com\/cz-shopatoa-img\/ro\/74dce46a-unnamed-file.webp","contentUrl":"https:\/\/storage.googleapis.com\/cz-shopatoa-img\/ro\/74dce46a-unnamed-file.webp","width":800,"height":800},{"@type":"BreadcrumbList","@id":"https:\/\/shopatoa.com\/ro\/proficare-masina-de-tuns-bht-3014\/#breadcrumb","itemListElement":[{"@type":"ListItem","position":1,"name":"Dom\u016f","item":"https:\/\/shopatoa.com\/ro\/"},{"@type":"ListItem","position":2,"name":"Shop","item":"https:\/\/shopatoa.com\/ro\/shop\/"},{"@type":"ListItem","position":3,"name":"Cosmetice","item":"https:\/\/shopatoa.com\/ro\/cosmetice\/"},{"@type":"ListItem","position":4,"name":"Barber Shop","item":"https:\/\/shopatoa.com\/ro\/barber-shop\/"},{"@type":"ListItem","position":5,"name":"Barber Shop \u2013 t\u0103iat","item":"https:\/\/shopatoa.com\/ro\/barber-shop-taiat\/"},{"@type":"ListItem","position":6,"name":"ProfiCare Ma\u0219in\u0103 de tuns BHT 3014"}]},{"@type":"WebSite","@id":"https:\/\/shopatoa.com\/ro\/#website","url":"https:\/\/shopatoa.com\/ro\/","name":"SHOPATOA","description":"","publisher":{"@id":"https:\/\/shopatoa.com\/ro\/#organization"},"potentialAction":[{"@type":"SearchAction","target":{"@type":"EntryPoint","urlTemplate":"https:\/\/shopatoa.com\/ro\/?s={search_term_string}"},"query-input":{"@type":"PropertyValueSpecification","valueRequired":true,"valueName":"search_term_string"}}],"inLanguage":"ro-RO"},{"@type":"Organization","@id":"https:\/\/shopatoa.com\/ro\/#organization","name":"SHOPATOA","url":"https:\/\/shopatoa.com\/ro\/","logo":{"@type":"ImageObject","inLanguage":"ro-RO","@id":"https:\/\/shopatoa.com\/ro\/#\/schema\/logo\/image\/","url":"https:\/\/storage.googleapis.com\/cz-shopatoa-img\/ro\/b4dac915-shopatoa_logo.png","contentUrl":"https:\/\/storage.googleapis.com\/cz-shopatoa-img\/ro\/b4dac915-shopatoa_logo.png","width":416,"height":63,"caption":"SHOPATOA"},"image":{"@id":"https:\/\/shopatoa.com\/ro\/#\/schema\/logo\/image\/"}}]}},"_links":{"self":[{"href":"https:\/\/shopatoa.com\/ro\/wp-json\/wp\/v2\/product\/261852","targetHints":{"allow":["GET"]}}],"collection":[{"href":"https:\/\/shopatoa.com\/ro\/wp-json\/wp\/v2\/product"}],"about":[{"href":"https:\/\/shopatoa.com\/ro\/wp-json\/wp\/v2\/types\/product"}],"replies":[{"embeddable":true,"href":"https:\/\/shopatoa.com\/ro\/wp-json\/wp\/v2\/comments?post=261852"}],"wp:featuredmedia":[{"embeddable":true,"href":"https:\/\/shopatoa.com\/ro\/wp-json\/wp\/v2\/media\/338323"}],"wp:attachment":[{"href":"https:\/\/shopatoa.com\/ro\/wp-json\/wp\/v2\/media?parent=261852"}],"wp:term":[{"taxonomy":"product_brand","embeddable":true,"href":"https:\/\/shopatoa.com\/ro\/wp-json\/wp\/v2\/product_brand?post=261852"},{"taxonomy":"product_cat","embeddable":true,"href":"https:\/\/shopatoa.com\/ro\/wp-json\/wp\/v2\/product_cat?post=261852"},{"taxonomy":"product_tag","embeddable":true,"href":"https:\/\/shopatoa.com\/ro\/wp-json\/wp\/v2\/product_tag?post=261852"}],"curies":[{"name":"wp","href":"https:\/\/api.w.org\/{rel}","templated":true}]}}