{"id":261917,"date":"2025-04-27T13:56:16","date_gmt":"2025-04-27T11:56:16","guid":{"rendered":"https:\/\/shopatoa.com\/ro\/anastasia-beverly-hills-paleta-cu-farduri-de-ochi-fall-romance-eye-shadow-palette-132-g\/"},"modified":"2025-12-13T13:46:37","modified_gmt":"2025-12-13T12:46:37","slug":"anastasia-beverly-hills-paleta-cu-farduri-de-ochi-fall-romance-eye-shadow-palette-132-g","status":"publish","type":"product","link":"https:\/\/shopatoa.com\/ro\/anastasia-beverly-hills-paleta-cu-farduri-de-ochi-fall-romance-eye-shadow-palette-132-g\/","title":{"rendered":"Anastasia Beverly Hills Palet\u0103 cu farduri de ochi Fall Romance (Eye Shadow Palette) 13,2 g"},"content":{"rendered":"<p>Paleta Fall Romance de la Anastasia Beverly Hills este inspirat\u0103 de nuan\u021bele calde \u0219i romantice ale toamnei. Con\u021bine culori bogate \u0219i versatile care v\u0103 permit s\u0103 crea\u021bi at\u00e2t machiaje naturale, c\u00e2t \u0219i dramatice. Datorit\u0103 pigmen\u021bilor de \u00eenalt\u0103 calitate, este u\u0219or de aplicat \u0219i asigur\u0103 o culoare intens\u0103 de lung\u0103 durat\u0103. Textura catifelat\u0103 a umbrei este u\u0219or de estompat \u0219i potrivit\u0103 pentru toate tipurile de piele, inclusiv pentru pielea sensibil\u0103. Paleta este ideal\u0103 pentru \u00eencep\u0103tori \u0219i profesioni\u0219ti care doresc s\u0103 experimenteze cu stiluri diferite.<\/p>\n","protected":false},"excerpt":{"rendered":"<p>Paleta Fall Romance de la Anastasia Beverly Hills este inspirat\u0103 de nuan\u021bele calde \u0219i romantice ale toamnei. Con\u021bine culori bogate \u0219i versatile care v\u0103 permit s\u0103 crea\u021bi at\u00e2t machiaje naturale, c\u00e2t \u0219i dramatice. Datorit\u0103 pigmen\u021bilor de \u00eenalt\u0103 calitate, este u\u0219or de aplicat \u0219i asigur\u0103 o culoare intens\u0103 de lung\u0103 durat\u0103. Textura catifelat\u0103 a umbrei este&#8230;<\/p>\n","protected":false},"featured_media":338383,"comment_status":"closed","ping_status":"open","template":"","meta":{"_acf_changed":false,"_kadence_starter_templates_imported_post":false,"_kad_post_transparent":"","_kad_post_title":"","_kad_post_layout":"","_kad_post_sidebar_id":"","_kad_post_content_style":"","_kad_post_vertical_padding":"","_kad_post_feature":"","_kad_post_feature_position":"","_kad_post_header":false,"_kad_post_footer":false,"_kad_post_classname":""},"product_brand":[80],"product_cat":[246,609,657,631],"product_tag":[],"class_list":{"0":"post-261917","1":"product","2":"type-product","3":"status-publish","4":"has-post-thumbnail","6":"product_brand-anastasia-beverly-hills","7":"product_cat-cosmetice","8":"product_cat-cosmetice-decorative","9":"product_cat-farduri-de-ochi","10":"product_cat-machiaj-pentru-ochi","12":"first","13":"instock","14":"sale","15":"product-type-external","16":"entry","17":"content-bg","18":"loop-entry"},"acf":[],"yoast_head":"<!-- This site is optimized with the Yoast SEO plugin v27.3 - https:\/\/yoast.com\/product\/yoast-seo-wordpress\/ -->\n<title>Anastasia Beverly Hills Palet\u0103 cu farduri de ochi Fall Romance (Eye Shadow Palette) 13,2 g - SHOPATOA.COM<\/title>\n<meta name=\"robots\" content=\"index, follow, max-snippet:-1, max-image-preview:large, max-video-preview:-1\" \/>\n<link rel=\"canonical\" href=\"https:\/\/shopatoa.com\/ro\/anastasia-beverly-hills-paleta-cu-farduri-de-ochi-fall-romance-eye-shadow-palette-132-g\/\" \/>\n<meta property=\"og:locale\" content=\"ro_RO\" \/>\n<meta property=\"og:type\" content=\"article\" \/>\n<meta property=\"og:title\" content=\"Anastasia Beverly Hills Palet\u0103 cu farduri de ochi Fall Romance (Eye Shadow Palette) 13,2 g - SHOPATOA.COM\" \/>\n<meta property=\"og:description\" content=\"Paleta Fall Romance de la Anastasia Beverly Hills este inspirat\u0103 de nuan\u021bele calde \u0219i romantice ale toamnei. Con\u021bine culori bogate \u0219i versatile care v\u0103 permit s\u0103 crea\u021bi at\u00e2t machiaje naturale, c\u00e2t \u0219i dramatice. Datorit\u0103 pigmen\u021bilor de \u00eenalt\u0103 calitate, este u\u0219or de aplicat \u0219i asigur\u0103 o culoare intens\u0103 de lung\u0103 durat\u0103. Textura catifelat\u0103 a umbrei este...\" \/>\n<meta property=\"og:url\" content=\"https:\/\/shopatoa.com\/ro\/anastasia-beverly-hills-paleta-cu-farduri-de-ochi-fall-romance-eye-shadow-palette-132-g\/\" \/>\n<meta property=\"og:site_name\" content=\"SHOPATOA\" \/>\n<meta property=\"article:modified_time\" content=\"2025-12-13T12:46:37+00:00\" \/>\n<meta property=\"og:image\" content=\"https:\/\/storage.googleapis.com\/cz-shopatoa-img\/ro\/ae4187b1-unnamed-file.webp\" \/>\n\t<meta property=\"og:image:width\" content=\"800\" \/>\n\t<meta property=\"og:image:height\" content=\"800\" \/>\n\t<meta property=\"og:image:type\" content=\"image\/webp\" \/>\n<meta name=\"twitter:card\" content=\"summary_large_image\" \/>\n<script type=\"application\/ld+json\" class=\"yoast-schema-graph\">{\"@context\":\"https:\\\/\\\/schema.org\",\"@graph\":[{\"@type\":\"WebPage\",\"@id\":\"https:\\\/\\\/shopatoa.com\\\/ro\\\/anastasia-beverly-hills-paleta-cu-farduri-de-ochi-fall-romance-eye-shadow-palette-132-g\\\/\",\"url\":\"https:\\\/\\\/shopatoa.com\\\/ro\\\/anastasia-beverly-hills-paleta-cu-farduri-de-ochi-fall-romance-eye-shadow-palette-132-g\\\/\",\"name\":\"Anastasia Beverly Hills Palet\u0103 cu farduri de ochi Fall Romance (Eye Shadow Palette) 13,2 g - SHOPATOA.COM\",\"isPartOf\":{\"@id\":\"https:\\\/\\\/shopatoa.com\\\/ro\\\/#website\"},\"primaryImageOfPage\":{\"@id\":\"https:\\\/\\\/shopatoa.com\\\/ro\\\/anastasia-beverly-hills-paleta-cu-farduri-de-ochi-fall-romance-eye-shadow-palette-132-g\\\/#primaryimage\"},\"image\":{\"@id\":\"https:\\\/\\\/shopatoa.com\\\/ro\\\/anastasia-beverly-hills-paleta-cu-farduri-de-ochi-fall-romance-eye-shadow-palette-132-g\\\/#primaryimage\"},\"thumbnailUrl\":\"https:\\\/\\\/storage.googleapis.com\\\/cz-shopatoa-img\\\/ro\\\/ae4187b1-unnamed-file.webp\",\"datePublished\":\"2025-04-27T11:56:16+00:00\",\"dateModified\":\"2025-12-13T12:46:37+00:00\",\"breadcrumb\":{\"@id\":\"https:\\\/\\\/shopatoa.com\\\/ro\\\/anastasia-beverly-hills-paleta-cu-farduri-de-ochi-fall-romance-eye-shadow-palette-132-g\\\/#breadcrumb\"},\"inLanguage\":\"ro-RO\",\"potentialAction\":[{\"@type\":\"ReadAction\",\"target\":[\"https:\\\/\\\/shopatoa.com\\\/ro\\\/anastasia-beverly-hills-paleta-cu-farduri-de-ochi-fall-romance-eye-shadow-palette-132-g\\\/\"]}]},{\"@type\":\"ImageObject\",\"inLanguage\":\"ro-RO\",\"@id\":\"https:\\\/\\\/shopatoa.com\\\/ro\\\/anastasia-beverly-hills-paleta-cu-farduri-de-ochi-fall-romance-eye-shadow-palette-132-g\\\/#primaryimage\",\"url\":\"https:\\\/\\\/storage.googleapis.com\\\/cz-shopatoa-img\\\/ro\\\/ae4187b1-unnamed-file.webp\",\"contentUrl\":\"https:\\\/\\\/storage.googleapis.com\\\/cz-shopatoa-img\\\/ro\\\/ae4187b1-unnamed-file.webp\",\"width\":800,\"height\":800},{\"@type\":\"BreadcrumbList\",\"@id\":\"https:\\\/\\\/shopatoa.com\\\/ro\\\/anastasia-beverly-hills-paleta-cu-farduri-de-ochi-fall-romance-eye-shadow-palette-132-g\\\/#breadcrumb\",\"itemListElement\":[{\"@type\":\"ListItem\",\"position\":1,\"name\":\"Dom\u016f\",\"item\":\"https:\\\/\\\/shopatoa.com\\\/ro\\\/\"},{\"@type\":\"ListItem\",\"position\":2,\"name\":\"Shop\",\"item\":\"https:\\\/\\\/shopatoa.com\\\/ro\\\/shop\\\/\"},{\"@type\":\"ListItem\",\"position\":3,\"name\":\"Cosmetice\",\"item\":\"https:\\\/\\\/shopatoa.com\\\/ro\\\/cosmetice\\\/\"},{\"@type\":\"ListItem\",\"position\":4,\"name\":\"Cosmetice decorative\",\"item\":\"https:\\\/\\\/shopatoa.com\\\/ro\\\/cosmetice-decorative\\\/\"},{\"@type\":\"ListItem\",\"position\":5,\"name\":\"Machiaj pentru ochi\",\"item\":\"https:\\\/\\\/shopatoa.com\\\/ro\\\/machiaj-pentru-ochi\\\/\"},{\"@type\":\"ListItem\",\"position\":6,\"name\":\"Farduri de ochi\",\"item\":\"https:\\\/\\\/shopatoa.com\\\/ro\\\/farduri-de-ochi\\\/\"},{\"@type\":\"ListItem\",\"position\":7,\"name\":\"Anastasia Beverly Hills Palet\u0103 cu farduri de ochi Fall Romance (Eye Shadow Palette) 13,2 g\"}]},{\"@type\":\"WebSite\",\"@id\":\"https:\\\/\\\/shopatoa.com\\\/ro\\\/#website\",\"url\":\"https:\\\/\\\/shopatoa.com\\\/ro\\\/\",\"name\":\"SHOPATOA\",\"description\":\"\",\"publisher\":{\"@id\":\"https:\\\/\\\/shopatoa.com\\\/ro\\\/#organization\"},\"potentialAction\":[{\"@type\":\"SearchAction\",\"target\":{\"@type\":\"EntryPoint\",\"urlTemplate\":\"https:\\\/\\\/shopatoa.com\\\/ro\\\/?s={search_term_string}\"},\"query-input\":{\"@type\":\"PropertyValueSpecification\",\"valueRequired\":true,\"valueName\":\"search_term_string\"}}],\"inLanguage\":\"ro-RO\"},{\"@type\":\"Organization\",\"@id\":\"https:\\\/\\\/shopatoa.com\\\/ro\\\/#organization\",\"name\":\"SHOPATOA\",\"url\":\"https:\\\/\\\/shopatoa.com\\\/ro\\\/\",\"logo\":{\"@type\":\"ImageObject\",\"inLanguage\":\"ro-RO\",\"@id\":\"https:\\\/\\\/shopatoa.com\\\/ro\\\/#\\\/schema\\\/logo\\\/image\\\/\",\"url\":\"https:\\\/\\\/storage.googleapis.com\\\/cz-shopatoa-img\\\/ro\\\/b4dac915-shopatoa_logo.png\",\"contentUrl\":\"https:\\\/\\\/storage.googleapis.com\\\/cz-shopatoa-img\\\/ro\\\/b4dac915-shopatoa_logo.png\",\"width\":416,\"height\":63,\"caption\":\"SHOPATOA\"},\"image\":{\"@id\":\"https:\\\/\\\/shopatoa.com\\\/ro\\\/#\\\/schema\\\/logo\\\/image\\\/\"}}]}<\/script>\n<!-- \/ Yoast SEO plugin. -->","yoast_head_json":{"title":"Anastasia Beverly Hills Palet\u0103 cu farduri de ochi Fall Romance (Eye Shadow Palette) 13,2 g - SHOPATOA.COM","robots":{"index":"index","follow":"follow","max-snippet":"max-snippet:-1","max-image-preview":"max-image-preview:large","max-video-preview":"max-video-preview:-1"},"canonical":"https:\/\/shopatoa.com\/ro\/anastasia-beverly-hills-paleta-cu-farduri-de-ochi-fall-romance-eye-shadow-palette-132-g\/","og_locale":"ro_RO","og_type":"article","og_title":"Anastasia Beverly Hills Palet\u0103 cu farduri de ochi Fall Romance (Eye Shadow Palette) 13,2 g - SHOPATOA.COM","og_description":"Paleta Fall Romance de la Anastasia Beverly Hills este inspirat\u0103 de nuan\u021bele calde \u0219i romantice ale toamnei. Con\u021bine culori bogate \u0219i versatile care v\u0103 permit s\u0103 crea\u021bi at\u00e2t machiaje naturale, c\u00e2t \u0219i dramatice. Datorit\u0103 pigmen\u021bilor de \u00eenalt\u0103 calitate, este u\u0219or de aplicat \u0219i asigur\u0103 o culoare intens\u0103 de lung\u0103 durat\u0103. Textura catifelat\u0103 a umbrei este...","og_url":"https:\/\/shopatoa.com\/ro\/anastasia-beverly-hills-paleta-cu-farduri-de-ochi-fall-romance-eye-shadow-palette-132-g\/","og_site_name":"SHOPATOA","article_modified_time":"2025-12-13T12:46:37+00:00","og_image":[{"width":800,"height":800,"url":"https:\/\/storage.googleapis.com\/cz-shopatoa-img\/ro\/ae4187b1-unnamed-file.webp","type":"image\/webp"}],"twitter_card":"summary_large_image","schema":{"@context":"https:\/\/schema.org","@graph":[{"@type":"WebPage","@id":"https:\/\/shopatoa.com\/ro\/anastasia-beverly-hills-paleta-cu-farduri-de-ochi-fall-romance-eye-shadow-palette-132-g\/","url":"https:\/\/shopatoa.com\/ro\/anastasia-beverly-hills-paleta-cu-farduri-de-ochi-fall-romance-eye-shadow-palette-132-g\/","name":"Anastasia Beverly Hills Palet\u0103 cu farduri de ochi Fall Romance (Eye Shadow Palette) 13,2 g - SHOPATOA.COM","isPartOf":{"@id":"https:\/\/shopatoa.com\/ro\/#website"},"primaryImageOfPage":{"@id":"https:\/\/shopatoa.com\/ro\/anastasia-beverly-hills-paleta-cu-farduri-de-ochi-fall-romance-eye-shadow-palette-132-g\/#primaryimage"},"image":{"@id":"https:\/\/shopatoa.com\/ro\/anastasia-beverly-hills-paleta-cu-farduri-de-ochi-fall-romance-eye-shadow-palette-132-g\/#primaryimage"},"thumbnailUrl":"https:\/\/storage.googleapis.com\/cz-shopatoa-img\/ro\/ae4187b1-unnamed-file.webp","datePublished":"2025-04-27T11:56:16+00:00","dateModified":"2025-12-13T12:46:37+00:00","breadcrumb":{"@id":"https:\/\/shopatoa.com\/ro\/anastasia-beverly-hills-paleta-cu-farduri-de-ochi-fall-romance-eye-shadow-palette-132-g\/#breadcrumb"},"inLanguage":"ro-RO","potentialAction":[{"@type":"ReadAction","target":["https:\/\/shopatoa.com\/ro\/anastasia-beverly-hills-paleta-cu-farduri-de-ochi-fall-romance-eye-shadow-palette-132-g\/"]}]},{"@type":"ImageObject","inLanguage":"ro-RO","@id":"https:\/\/shopatoa.com\/ro\/anastasia-beverly-hills-paleta-cu-farduri-de-ochi-fall-romance-eye-shadow-palette-132-g\/#primaryimage","url":"https:\/\/storage.googleapis.com\/cz-shopatoa-img\/ro\/ae4187b1-unnamed-file.webp","contentUrl":"https:\/\/storage.googleapis.com\/cz-shopatoa-img\/ro\/ae4187b1-unnamed-file.webp","width":800,"height":800},{"@type":"BreadcrumbList","@id":"https:\/\/shopatoa.com\/ro\/anastasia-beverly-hills-paleta-cu-farduri-de-ochi-fall-romance-eye-shadow-palette-132-g\/#breadcrumb","itemListElement":[{"@type":"ListItem","position":1,"name":"Dom\u016f","item":"https:\/\/shopatoa.com\/ro\/"},{"@type":"ListItem","position":2,"name":"Shop","item":"https:\/\/shopatoa.com\/ro\/shop\/"},{"@type":"ListItem","position":3,"name":"Cosmetice","item":"https:\/\/shopatoa.com\/ro\/cosmetice\/"},{"@type":"ListItem","position":4,"name":"Cosmetice decorative","item":"https:\/\/shopatoa.com\/ro\/cosmetice-decorative\/"},{"@type":"ListItem","position":5,"name":"Machiaj pentru ochi","item":"https:\/\/shopatoa.com\/ro\/machiaj-pentru-ochi\/"},{"@type":"ListItem","position":6,"name":"Farduri de ochi","item":"https:\/\/shopatoa.com\/ro\/farduri-de-ochi\/"},{"@type":"ListItem","position":7,"name":"Anastasia Beverly Hills Palet\u0103 cu farduri de ochi Fall Romance (Eye Shadow Palette) 13,2 g"}]},{"@type":"WebSite","@id":"https:\/\/shopatoa.com\/ro\/#website","url":"https:\/\/shopatoa.com\/ro\/","name":"SHOPATOA","description":"","publisher":{"@id":"https:\/\/shopatoa.com\/ro\/#organization"},"potentialAction":[{"@type":"SearchAction","target":{"@type":"EntryPoint","urlTemplate":"https:\/\/shopatoa.com\/ro\/?s={search_term_string}"},"query-input":{"@type":"PropertyValueSpecification","valueRequired":true,"valueName":"search_term_string"}}],"inLanguage":"ro-RO"},{"@type":"Organization","@id":"https:\/\/shopatoa.com\/ro\/#organization","name":"SHOPATOA","url":"https:\/\/shopatoa.com\/ro\/","logo":{"@type":"ImageObject","inLanguage":"ro-RO","@id":"https:\/\/shopatoa.com\/ro\/#\/schema\/logo\/image\/","url":"https:\/\/storage.googleapis.com\/cz-shopatoa-img\/ro\/b4dac915-shopatoa_logo.png","contentUrl":"https:\/\/storage.googleapis.com\/cz-shopatoa-img\/ro\/b4dac915-shopatoa_logo.png","width":416,"height":63,"caption":"SHOPATOA"},"image":{"@id":"https:\/\/shopatoa.com\/ro\/#\/schema\/logo\/image\/"}}]}},"_links":{"self":[{"href":"https:\/\/shopatoa.com\/ro\/wp-json\/wp\/v2\/product\/261917","targetHints":{"allow":["GET"]}}],"collection":[{"href":"https:\/\/shopatoa.com\/ro\/wp-json\/wp\/v2\/product"}],"about":[{"href":"https:\/\/shopatoa.com\/ro\/wp-json\/wp\/v2\/types\/product"}],"replies":[{"embeddable":true,"href":"https:\/\/shopatoa.com\/ro\/wp-json\/wp\/v2\/comments?post=261917"}],"wp:featuredmedia":[{"embeddable":true,"href":"https:\/\/shopatoa.com\/ro\/wp-json\/wp\/v2\/media\/338383"}],"wp:attachment":[{"href":"https:\/\/shopatoa.com\/ro\/wp-json\/wp\/v2\/media?parent=261917"}],"wp:term":[{"taxonomy":"product_brand","embeddable":true,"href":"https:\/\/shopatoa.com\/ro\/wp-json\/wp\/v2\/product_brand?post=261917"},{"taxonomy":"product_cat","embeddable":true,"href":"https:\/\/shopatoa.com\/ro\/wp-json\/wp\/v2\/product_cat?post=261917"},{"taxonomy":"product_tag","embeddable":true,"href":"https:\/\/shopatoa.com\/ro\/wp-json\/wp\/v2\/product_tag?post=261917"}],"curies":[{"name":"wp","href":"https:\/\/api.w.org\/{rel}","templated":true}]}}