{"id":261929,"date":"2025-04-27T14:01:07","date_gmt":"2025-04-27T12:01:07","guid":{"rendered":"https:\/\/shopatoa.com\/ro\/dr-jart-masca-de-iluminare-pentru-fata-cryo-rubber-brightening-mask-1-ks\/"},"modified":"2025-12-14T11:53:15","modified_gmt":"2025-12-14T10:53:15","slug":"dr-jart-masca-de-iluminare-pentru-fata-cryo-rubber-brightening-mask-1-ks","status":"publish","type":"product","link":"https:\/\/shopatoa.com\/ro\/dr-jart-masca-de-iluminare-pentru-fata-cryo-rubber-brightening-mask-1-ks\/","title":{"rendered":"Dr. Jart+ Masc\u0103 de iluminare pentru fa\u021b\u0103 Cryo Rubber (Brightening Mask) 1 ks"},"content":{"rendered":"<p>Masc\u0103 facial\u0103 bifazic\u0103 iluminatoare cu crioterapie care confer\u0103 pielii o str\u0103lucire s\u0103n\u0103toas\u0103, hidratare \u0219i vitalitate. Potrivit pentru pielea obosit\u0103, tern\u0103 \u0219i deshidratat\u0103 care are nevoie de un impuls imediat. Masca cur\u0103\u021b\u0103 \u00een profunzime, stimuleaz\u0103 regenerarea pielii, neteze\u0219te textura pielii \u0219i unific\u0103 tonul pielii.<\/p>\n","protected":false},"excerpt":{"rendered":"<p>Masc\u0103 facial\u0103 bifazic\u0103 iluminatoare cu crioterapie care confer\u0103 pielii o str\u0103lucire s\u0103n\u0103toas\u0103, hidratare \u0219i vitalitate. Potrivit pentru pielea obosit\u0103, tern\u0103 \u0219i deshidratat\u0103 care are nevoie de un impuls imediat. Masca cur\u0103\u021b\u0103 \u00een profunzime, stimuleaz\u0103 regenerarea pielii, neteze\u0219te textura pielii \u0219i unific\u0103 tonul pielii.<\/p>\n","protected":false},"featured_media":338395,"comment_status":"closed","ping_status":"open","template":"","meta":{"_acf_changed":false,"_kadence_starter_templates_imported_post":false,"_kad_post_transparent":"","_kad_post_title":"","_kad_post_layout":"","_kad_post_sidebar_id":"","_kad_post_content_style":"","_kad_post_vertical_padding":"","_kad_post_feature":"","_kad_post_feature_position":"","_kad_post_header":false,"_kad_post_footer":false,"_kad_post_classname":""},"product_brand":[995],"product_cat":[246,635,634,633],"product_tag":[],"class_list":{"0":"post-261929","1":"product","2":"type-product","3":"status-publish","4":"has-post-thumbnail","6":"product_brand-dr-jart","7":"product_cat-cosmetice","8":"product_cat-hidratarea-si-nutritia-pielii","9":"product_cat-produse-cosmetice-de-ingrijire-a-pielii","10":"product_cat-produse-cosmetice-pentru-piele","12":"first","13":"instock","14":"sale","15":"product-type-external","16":"entry","17":"content-bg","18":"loop-entry"},"acf":[],"yoast_head":"<!-- This site is optimized with the Yoast SEO plugin v27.3 - https:\/\/yoast.com\/product\/yoast-seo-wordpress\/ -->\n<title>Dr. Jart+ Masc\u0103 de iluminare pentru fa\u021b\u0103 Cryo Rubber (Brightening Mask) 1 ks - SHOPATOA.COM<\/title>\n<meta name=\"robots\" content=\"index, follow, max-snippet:-1, max-image-preview:large, max-video-preview:-1\" \/>\n<link rel=\"canonical\" href=\"https:\/\/shopatoa.com\/ro\/dr-jart-masca-de-iluminare-pentru-fata-cryo-rubber-brightening-mask-1-ks\/\" \/>\n<meta property=\"og:locale\" content=\"ro_RO\" \/>\n<meta property=\"og:type\" content=\"article\" \/>\n<meta property=\"og:title\" content=\"Dr. Jart+ Masc\u0103 de iluminare pentru fa\u021b\u0103 Cryo Rubber (Brightening Mask) 1 ks - SHOPATOA.COM\" \/>\n<meta property=\"og:description\" content=\"Masc\u0103 facial\u0103 bifazic\u0103 iluminatoare cu crioterapie care confer\u0103 pielii o str\u0103lucire s\u0103n\u0103toas\u0103, hidratare \u0219i vitalitate. Potrivit pentru pielea obosit\u0103, tern\u0103 \u0219i deshidratat\u0103 care are nevoie de un impuls imediat. Masca cur\u0103\u021b\u0103 \u00een profunzime, stimuleaz\u0103 regenerarea pielii, neteze\u0219te textura pielii \u0219i unific\u0103 tonul pielii.\" \/>\n<meta property=\"og:url\" content=\"https:\/\/shopatoa.com\/ro\/dr-jart-masca-de-iluminare-pentru-fata-cryo-rubber-brightening-mask-1-ks\/\" \/>\n<meta property=\"og:site_name\" content=\"SHOPATOA\" \/>\n<meta property=\"article:modified_time\" content=\"2025-12-14T10:53:15+00:00\" \/>\n<meta property=\"og:image\" content=\"https:\/\/storage.googleapis.com\/cz-shopatoa-img\/ro\/a7319051-unnamed-file.webp\" \/>\n\t<meta property=\"og:image:width\" content=\"800\" \/>\n\t<meta property=\"og:image:height\" content=\"800\" \/>\n\t<meta property=\"og:image:type\" content=\"image\/webp\" \/>\n<meta name=\"twitter:card\" content=\"summary_large_image\" \/>\n<script type=\"application\/ld+json\" class=\"yoast-schema-graph\">{\"@context\":\"https:\\\/\\\/schema.org\",\"@graph\":[{\"@type\":\"WebPage\",\"@id\":\"https:\\\/\\\/shopatoa.com\\\/ro\\\/dr-jart-masca-de-iluminare-pentru-fata-cryo-rubber-brightening-mask-1-ks\\\/\",\"url\":\"https:\\\/\\\/shopatoa.com\\\/ro\\\/dr-jart-masca-de-iluminare-pentru-fata-cryo-rubber-brightening-mask-1-ks\\\/\",\"name\":\"Dr. Jart+ Masc\u0103 de iluminare pentru fa\u021b\u0103 Cryo Rubber (Brightening Mask) 1 ks - SHOPATOA.COM\",\"isPartOf\":{\"@id\":\"https:\\\/\\\/shopatoa.com\\\/ro\\\/#website\"},\"primaryImageOfPage\":{\"@id\":\"https:\\\/\\\/shopatoa.com\\\/ro\\\/dr-jart-masca-de-iluminare-pentru-fata-cryo-rubber-brightening-mask-1-ks\\\/#primaryimage\"},\"image\":{\"@id\":\"https:\\\/\\\/shopatoa.com\\\/ro\\\/dr-jart-masca-de-iluminare-pentru-fata-cryo-rubber-brightening-mask-1-ks\\\/#primaryimage\"},\"thumbnailUrl\":\"https:\\\/\\\/storage.googleapis.com\\\/cz-shopatoa-img\\\/ro\\\/a7319051-unnamed-file.webp\",\"datePublished\":\"2025-04-27T12:01:07+00:00\",\"dateModified\":\"2025-12-14T10:53:15+00:00\",\"breadcrumb\":{\"@id\":\"https:\\\/\\\/shopatoa.com\\\/ro\\\/dr-jart-masca-de-iluminare-pentru-fata-cryo-rubber-brightening-mask-1-ks\\\/#breadcrumb\"},\"inLanguage\":\"ro-RO\",\"potentialAction\":[{\"@type\":\"ReadAction\",\"target\":[\"https:\\\/\\\/shopatoa.com\\\/ro\\\/dr-jart-masca-de-iluminare-pentru-fata-cryo-rubber-brightening-mask-1-ks\\\/\"]}]},{\"@type\":\"ImageObject\",\"inLanguage\":\"ro-RO\",\"@id\":\"https:\\\/\\\/shopatoa.com\\\/ro\\\/dr-jart-masca-de-iluminare-pentru-fata-cryo-rubber-brightening-mask-1-ks\\\/#primaryimage\",\"url\":\"https:\\\/\\\/storage.googleapis.com\\\/cz-shopatoa-img\\\/ro\\\/a7319051-unnamed-file.webp\",\"contentUrl\":\"https:\\\/\\\/storage.googleapis.com\\\/cz-shopatoa-img\\\/ro\\\/a7319051-unnamed-file.webp\",\"width\":800,\"height\":800},{\"@type\":\"BreadcrumbList\",\"@id\":\"https:\\\/\\\/shopatoa.com\\\/ro\\\/dr-jart-masca-de-iluminare-pentru-fata-cryo-rubber-brightening-mask-1-ks\\\/#breadcrumb\",\"itemListElement\":[{\"@type\":\"ListItem\",\"position\":1,\"name\":\"Dom\u016f\",\"item\":\"https:\\\/\\\/shopatoa.com\\\/ro\\\/\"},{\"@type\":\"ListItem\",\"position\":2,\"name\":\"Shop\",\"item\":\"https:\\\/\\\/shopatoa.com\\\/ro\\\/shop\\\/\"},{\"@type\":\"ListItem\",\"position\":3,\"name\":\"Cosmetice\",\"item\":\"https:\\\/\\\/shopatoa.com\\\/ro\\\/cosmetice\\\/\"},{\"@type\":\"ListItem\",\"position\":4,\"name\":\"Produse cosmetice pentru piele\",\"item\":\"https:\\\/\\\/shopatoa.com\\\/ro\\\/produse-cosmetice-pentru-piele\\\/\"},{\"@type\":\"ListItem\",\"position\":5,\"name\":\"Produse cosmetice de \u00eengrijire a pielii\",\"item\":\"https:\\\/\\\/shopatoa.com\\\/ro\\\/produse-cosmetice-de-ingrijire-a-pielii\\\/\"},{\"@type\":\"ListItem\",\"position\":6,\"name\":\"Hidratarea \u0219i nutri\u021bia pielii\",\"item\":\"https:\\\/\\\/shopatoa.com\\\/ro\\\/hidratarea-si-nutritia-pielii\\\/\"},{\"@type\":\"ListItem\",\"position\":7,\"name\":\"Dr. Jart+ Masc\u0103 de iluminare pentru fa\u021b\u0103 Cryo Rubber (Brightening Mask) 1 ks\"}]},{\"@type\":\"WebSite\",\"@id\":\"https:\\\/\\\/shopatoa.com\\\/ro\\\/#website\",\"url\":\"https:\\\/\\\/shopatoa.com\\\/ro\\\/\",\"name\":\"SHOPATOA\",\"description\":\"\",\"publisher\":{\"@id\":\"https:\\\/\\\/shopatoa.com\\\/ro\\\/#organization\"},\"potentialAction\":[{\"@type\":\"SearchAction\",\"target\":{\"@type\":\"EntryPoint\",\"urlTemplate\":\"https:\\\/\\\/shopatoa.com\\\/ro\\\/?s={search_term_string}\"},\"query-input\":{\"@type\":\"PropertyValueSpecification\",\"valueRequired\":true,\"valueName\":\"search_term_string\"}}],\"inLanguage\":\"ro-RO\"},{\"@type\":\"Organization\",\"@id\":\"https:\\\/\\\/shopatoa.com\\\/ro\\\/#organization\",\"name\":\"SHOPATOA\",\"url\":\"https:\\\/\\\/shopatoa.com\\\/ro\\\/\",\"logo\":{\"@type\":\"ImageObject\",\"inLanguage\":\"ro-RO\",\"@id\":\"https:\\\/\\\/shopatoa.com\\\/ro\\\/#\\\/schema\\\/logo\\\/image\\\/\",\"url\":\"https:\\\/\\\/storage.googleapis.com\\\/cz-shopatoa-img\\\/ro\\\/b4dac915-shopatoa_logo.png\",\"contentUrl\":\"https:\\\/\\\/storage.googleapis.com\\\/cz-shopatoa-img\\\/ro\\\/b4dac915-shopatoa_logo.png\",\"width\":416,\"height\":63,\"caption\":\"SHOPATOA\"},\"image\":{\"@id\":\"https:\\\/\\\/shopatoa.com\\\/ro\\\/#\\\/schema\\\/logo\\\/image\\\/\"}}]}<\/script>\n<!-- \/ Yoast SEO plugin. -->","yoast_head_json":{"title":"Dr. Jart+ Masc\u0103 de iluminare pentru fa\u021b\u0103 Cryo Rubber (Brightening Mask) 1 ks - SHOPATOA.COM","robots":{"index":"index","follow":"follow","max-snippet":"max-snippet:-1","max-image-preview":"max-image-preview:large","max-video-preview":"max-video-preview:-1"},"canonical":"https:\/\/shopatoa.com\/ro\/dr-jart-masca-de-iluminare-pentru-fata-cryo-rubber-brightening-mask-1-ks\/","og_locale":"ro_RO","og_type":"article","og_title":"Dr. Jart+ Masc\u0103 de iluminare pentru fa\u021b\u0103 Cryo Rubber (Brightening Mask) 1 ks - SHOPATOA.COM","og_description":"Masc\u0103 facial\u0103 bifazic\u0103 iluminatoare cu crioterapie care confer\u0103 pielii o str\u0103lucire s\u0103n\u0103toas\u0103, hidratare \u0219i vitalitate. Potrivit pentru pielea obosit\u0103, tern\u0103 \u0219i deshidratat\u0103 care are nevoie de un impuls imediat. Masca cur\u0103\u021b\u0103 \u00een profunzime, stimuleaz\u0103 regenerarea pielii, neteze\u0219te textura pielii \u0219i unific\u0103 tonul pielii.","og_url":"https:\/\/shopatoa.com\/ro\/dr-jart-masca-de-iluminare-pentru-fata-cryo-rubber-brightening-mask-1-ks\/","og_site_name":"SHOPATOA","article_modified_time":"2025-12-14T10:53:15+00:00","og_image":[{"width":800,"height":800,"url":"https:\/\/storage.googleapis.com\/cz-shopatoa-img\/ro\/a7319051-unnamed-file.webp","type":"image\/webp"}],"twitter_card":"summary_large_image","schema":{"@context":"https:\/\/schema.org","@graph":[{"@type":"WebPage","@id":"https:\/\/shopatoa.com\/ro\/dr-jart-masca-de-iluminare-pentru-fata-cryo-rubber-brightening-mask-1-ks\/","url":"https:\/\/shopatoa.com\/ro\/dr-jart-masca-de-iluminare-pentru-fata-cryo-rubber-brightening-mask-1-ks\/","name":"Dr. Jart+ Masc\u0103 de iluminare pentru fa\u021b\u0103 Cryo Rubber (Brightening Mask) 1 ks - SHOPATOA.COM","isPartOf":{"@id":"https:\/\/shopatoa.com\/ro\/#website"},"primaryImageOfPage":{"@id":"https:\/\/shopatoa.com\/ro\/dr-jart-masca-de-iluminare-pentru-fata-cryo-rubber-brightening-mask-1-ks\/#primaryimage"},"image":{"@id":"https:\/\/shopatoa.com\/ro\/dr-jart-masca-de-iluminare-pentru-fata-cryo-rubber-brightening-mask-1-ks\/#primaryimage"},"thumbnailUrl":"https:\/\/storage.googleapis.com\/cz-shopatoa-img\/ro\/a7319051-unnamed-file.webp","datePublished":"2025-04-27T12:01:07+00:00","dateModified":"2025-12-14T10:53:15+00:00","breadcrumb":{"@id":"https:\/\/shopatoa.com\/ro\/dr-jart-masca-de-iluminare-pentru-fata-cryo-rubber-brightening-mask-1-ks\/#breadcrumb"},"inLanguage":"ro-RO","potentialAction":[{"@type":"ReadAction","target":["https:\/\/shopatoa.com\/ro\/dr-jart-masca-de-iluminare-pentru-fata-cryo-rubber-brightening-mask-1-ks\/"]}]},{"@type":"ImageObject","inLanguage":"ro-RO","@id":"https:\/\/shopatoa.com\/ro\/dr-jart-masca-de-iluminare-pentru-fata-cryo-rubber-brightening-mask-1-ks\/#primaryimage","url":"https:\/\/storage.googleapis.com\/cz-shopatoa-img\/ro\/a7319051-unnamed-file.webp","contentUrl":"https:\/\/storage.googleapis.com\/cz-shopatoa-img\/ro\/a7319051-unnamed-file.webp","width":800,"height":800},{"@type":"BreadcrumbList","@id":"https:\/\/shopatoa.com\/ro\/dr-jart-masca-de-iluminare-pentru-fata-cryo-rubber-brightening-mask-1-ks\/#breadcrumb","itemListElement":[{"@type":"ListItem","position":1,"name":"Dom\u016f","item":"https:\/\/shopatoa.com\/ro\/"},{"@type":"ListItem","position":2,"name":"Shop","item":"https:\/\/shopatoa.com\/ro\/shop\/"},{"@type":"ListItem","position":3,"name":"Cosmetice","item":"https:\/\/shopatoa.com\/ro\/cosmetice\/"},{"@type":"ListItem","position":4,"name":"Produse cosmetice pentru piele","item":"https:\/\/shopatoa.com\/ro\/produse-cosmetice-pentru-piele\/"},{"@type":"ListItem","position":5,"name":"Produse cosmetice de \u00eengrijire a pielii","item":"https:\/\/shopatoa.com\/ro\/produse-cosmetice-de-ingrijire-a-pielii\/"},{"@type":"ListItem","position":6,"name":"Hidratarea \u0219i nutri\u021bia pielii","item":"https:\/\/shopatoa.com\/ro\/hidratarea-si-nutritia-pielii\/"},{"@type":"ListItem","position":7,"name":"Dr. Jart+ Masc\u0103 de iluminare pentru fa\u021b\u0103 Cryo Rubber (Brightening Mask) 1 ks"}]},{"@type":"WebSite","@id":"https:\/\/shopatoa.com\/ro\/#website","url":"https:\/\/shopatoa.com\/ro\/","name":"SHOPATOA","description":"","publisher":{"@id":"https:\/\/shopatoa.com\/ro\/#organization"},"potentialAction":[{"@type":"SearchAction","target":{"@type":"EntryPoint","urlTemplate":"https:\/\/shopatoa.com\/ro\/?s={search_term_string}"},"query-input":{"@type":"PropertyValueSpecification","valueRequired":true,"valueName":"search_term_string"}}],"inLanguage":"ro-RO"},{"@type":"Organization","@id":"https:\/\/shopatoa.com\/ro\/#organization","name":"SHOPATOA","url":"https:\/\/shopatoa.com\/ro\/","logo":{"@type":"ImageObject","inLanguage":"ro-RO","@id":"https:\/\/shopatoa.com\/ro\/#\/schema\/logo\/image\/","url":"https:\/\/storage.googleapis.com\/cz-shopatoa-img\/ro\/b4dac915-shopatoa_logo.png","contentUrl":"https:\/\/storage.googleapis.com\/cz-shopatoa-img\/ro\/b4dac915-shopatoa_logo.png","width":416,"height":63,"caption":"SHOPATOA"},"image":{"@id":"https:\/\/shopatoa.com\/ro\/#\/schema\/logo\/image\/"}}]}},"_links":{"self":[{"href":"https:\/\/shopatoa.com\/ro\/wp-json\/wp\/v2\/product\/261929","targetHints":{"allow":["GET"]}}],"collection":[{"href":"https:\/\/shopatoa.com\/ro\/wp-json\/wp\/v2\/product"}],"about":[{"href":"https:\/\/shopatoa.com\/ro\/wp-json\/wp\/v2\/types\/product"}],"replies":[{"embeddable":true,"href":"https:\/\/shopatoa.com\/ro\/wp-json\/wp\/v2\/comments?post=261929"}],"wp:featuredmedia":[{"embeddable":true,"href":"https:\/\/shopatoa.com\/ro\/wp-json\/wp\/v2\/media\/338395"}],"wp:attachment":[{"href":"https:\/\/shopatoa.com\/ro\/wp-json\/wp\/v2\/media?parent=261929"}],"wp:term":[{"taxonomy":"product_brand","embeddable":true,"href":"https:\/\/shopatoa.com\/ro\/wp-json\/wp\/v2\/product_brand?post=261929"},{"taxonomy":"product_cat","embeddable":true,"href":"https:\/\/shopatoa.com\/ro\/wp-json\/wp\/v2\/product_cat?post=261929"},{"taxonomy":"product_tag","embeddable":true,"href":"https:\/\/shopatoa.com\/ro\/wp-json\/wp\/v2\/product_tag?post=261929"}],"curies":[{"name":"wp","href":"https:\/\/api.w.org\/{rel}","templated":true}]}}