{"id":262008,"date":"2025-04-27T14:30:24","date_gmt":"2025-04-27T12:30:24","guid":{"rendered":"https:\/\/shopatoa.com\/ro\/loreal-paris-corector-de-ingrijire-true-match-radiant-serum-concealer-11-ml-1-5n\/"},"modified":"2025-12-14T11:23:38","modified_gmt":"2025-12-14T10:23:38","slug":"loreal-paris-corector-de-ingrijire-true-match-radiant-serum-concealer-11-ml-1-5n","status":"publish","type":"product","link":"https:\/\/shopatoa.com\/ro\/loreal-paris-corector-de-ingrijire-true-match-radiant-serum-concealer-11-ml-1-5n\/","title":{"rendered":"L&#8217;Or\u00e9al Paris Corector de \u00eengrijire True Match (Radiant Serum Concealer) 11 ml 1.5N"},"content":{"rendered":"<p>Un corector bl\u00e2nd, \u00eembog\u0103\u021bit cu 1,5% acid hialuronic \u0219i cofein\u0103, \u00eengrije\u0219te eficient pielea ca un ser. Las\u0103 pielea hidratat\u0103 \u0219i curat\u0103, in timp ce mascheaz\u0103 imperfec\u021biunile \u0219i cercurile \u00eentunecate de sub ochi. Rezultatul este un aspect neted \u0219i unificat.<\/p>\n","protected":false},"excerpt":{"rendered":"<p>Un corector bl\u00e2nd, \u00eembog\u0103\u021bit cu 1,5% acid hialuronic \u0219i cofein\u0103, \u00eengrije\u0219te eficient pielea ca un ser. Las\u0103 pielea hidratat\u0103 \u0219i curat\u0103, in timp ce mascheaz\u0103 imperfec\u021biunile \u0219i cercurile \u00eentunecate de sub ochi. Rezultatul este un aspect neted \u0219i unificat.<\/p>\n","protected":false},"featured_media":338482,"comment_status":"closed","ping_status":"open","template":"","meta":{"_acf_changed":false,"_kadence_starter_templates_imported_post":false,"_kad_post_transparent":"","_kad_post_title":"","_kad_post_layout":"","_kad_post_sidebar_id":"","_kad_post_content_style":"","_kad_post_vertical_padding":"","_kad_post_feature":"","_kad_post_feature_position":"","_kad_post_header":false,"_kad_post_footer":false,"_kad_post_classname":""},"product_brand":[384],"product_cat":[704,246,609,616],"product_tag":[],"class_list":{"0":"post-262008","1":"product","2":"type-product","3":"status-publish","4":"has-post-thumbnail","6":"product_brand-loreal-paris","7":"product_cat-corector-pentru-zona-fetei-si-a-ochilor","8":"product_cat-cosmetice","9":"product_cat-cosmetice-decorative","10":"product_cat-machiaj-pentru-fata","12":"first","13":"instock","14":"sale","15":"product-type-external","16":"entry","17":"content-bg","18":"loop-entry"},"acf":[],"yoast_head":"<!-- This site is optimized with the Yoast SEO plugin v27.3 - https:\/\/yoast.com\/product\/yoast-seo-wordpress\/ -->\n<title>L&#039;Or\u00e9al Paris Corector de \u00eengrijire True Match (Radiant Serum Concealer) 11 ml 1.5N - SHOPATOA.COM<\/title>\n<meta name=\"robots\" content=\"index, follow, max-snippet:-1, max-image-preview:large, max-video-preview:-1\" \/>\n<link rel=\"canonical\" href=\"https:\/\/shopatoa.com\/ro\/loreal-paris-corector-de-ingrijire-true-match-radiant-serum-concealer-11-ml-1-5n\/\" \/>\n<meta property=\"og:locale\" content=\"ro_RO\" \/>\n<meta property=\"og:type\" content=\"article\" \/>\n<meta property=\"og:title\" content=\"L&#039;Or\u00e9al Paris Corector de \u00eengrijire True Match (Radiant Serum Concealer) 11 ml 1.5N - SHOPATOA.COM\" \/>\n<meta property=\"og:description\" content=\"Un corector bl\u00e2nd, \u00eembog\u0103\u021bit cu 1,5% acid hialuronic \u0219i cofein\u0103, \u00eengrije\u0219te eficient pielea ca un ser. Las\u0103 pielea hidratat\u0103 \u0219i curat\u0103, in timp ce mascheaz\u0103 imperfec\u021biunile \u0219i cercurile \u00eentunecate de sub ochi. Rezultatul este un aspect neted \u0219i unificat.\" \/>\n<meta property=\"og:url\" content=\"https:\/\/shopatoa.com\/ro\/loreal-paris-corector-de-ingrijire-true-match-radiant-serum-concealer-11-ml-1-5n\/\" \/>\n<meta property=\"og:site_name\" content=\"SHOPATOA\" \/>\n<meta property=\"article:modified_time\" content=\"2025-12-14T10:23:38+00:00\" \/>\n<meta property=\"og:image\" content=\"https:\/\/storage.googleapis.com\/cz-shopatoa-img\/ro\/ecf45002-unnamed-file.webp\" \/>\n\t<meta property=\"og:image:width\" content=\"800\" \/>\n\t<meta property=\"og:image:height\" content=\"800\" \/>\n\t<meta property=\"og:image:type\" content=\"image\/webp\" \/>\n<meta name=\"twitter:card\" content=\"summary_large_image\" \/>\n<script type=\"application\/ld+json\" class=\"yoast-schema-graph\">{\"@context\":\"https:\\\/\\\/schema.org\",\"@graph\":[{\"@type\":\"WebPage\",\"@id\":\"https:\\\/\\\/shopatoa.com\\\/ro\\\/loreal-paris-corector-de-ingrijire-true-match-radiant-serum-concealer-11-ml-1-5n\\\/\",\"url\":\"https:\\\/\\\/shopatoa.com\\\/ro\\\/loreal-paris-corector-de-ingrijire-true-match-radiant-serum-concealer-11-ml-1-5n\\\/\",\"name\":\"L'Or\u00e9al Paris Corector de \u00eengrijire True Match (Radiant Serum Concealer) 11 ml 1.5N - SHOPATOA.COM\",\"isPartOf\":{\"@id\":\"https:\\\/\\\/shopatoa.com\\\/ro\\\/#website\"},\"primaryImageOfPage\":{\"@id\":\"https:\\\/\\\/shopatoa.com\\\/ro\\\/loreal-paris-corector-de-ingrijire-true-match-radiant-serum-concealer-11-ml-1-5n\\\/#primaryimage\"},\"image\":{\"@id\":\"https:\\\/\\\/shopatoa.com\\\/ro\\\/loreal-paris-corector-de-ingrijire-true-match-radiant-serum-concealer-11-ml-1-5n\\\/#primaryimage\"},\"thumbnailUrl\":\"https:\\\/\\\/storage.googleapis.com\\\/cz-shopatoa-img\\\/ro\\\/ecf45002-unnamed-file.webp\",\"datePublished\":\"2025-04-27T12:30:24+00:00\",\"dateModified\":\"2025-12-14T10:23:38+00:00\",\"breadcrumb\":{\"@id\":\"https:\\\/\\\/shopatoa.com\\\/ro\\\/loreal-paris-corector-de-ingrijire-true-match-radiant-serum-concealer-11-ml-1-5n\\\/#breadcrumb\"},\"inLanguage\":\"ro-RO\",\"potentialAction\":[{\"@type\":\"ReadAction\",\"target\":[\"https:\\\/\\\/shopatoa.com\\\/ro\\\/loreal-paris-corector-de-ingrijire-true-match-radiant-serum-concealer-11-ml-1-5n\\\/\"]}]},{\"@type\":\"ImageObject\",\"inLanguage\":\"ro-RO\",\"@id\":\"https:\\\/\\\/shopatoa.com\\\/ro\\\/loreal-paris-corector-de-ingrijire-true-match-radiant-serum-concealer-11-ml-1-5n\\\/#primaryimage\",\"url\":\"https:\\\/\\\/storage.googleapis.com\\\/cz-shopatoa-img\\\/ro\\\/ecf45002-unnamed-file.webp\",\"contentUrl\":\"https:\\\/\\\/storage.googleapis.com\\\/cz-shopatoa-img\\\/ro\\\/ecf45002-unnamed-file.webp\",\"width\":800,\"height\":800},{\"@type\":\"BreadcrumbList\",\"@id\":\"https:\\\/\\\/shopatoa.com\\\/ro\\\/loreal-paris-corector-de-ingrijire-true-match-radiant-serum-concealer-11-ml-1-5n\\\/#breadcrumb\",\"itemListElement\":[{\"@type\":\"ListItem\",\"position\":1,\"name\":\"Dom\u016f\",\"item\":\"https:\\\/\\\/shopatoa.com\\\/ro\\\/\"},{\"@type\":\"ListItem\",\"position\":2,\"name\":\"Shop\",\"item\":\"https:\\\/\\\/shopatoa.com\\\/ro\\\/shop\\\/\"},{\"@type\":\"ListItem\",\"position\":3,\"name\":\"Cosmetice\",\"item\":\"https:\\\/\\\/shopatoa.com\\\/ro\\\/cosmetice\\\/\"},{\"@type\":\"ListItem\",\"position\":4,\"name\":\"Cosmetice decorative\",\"item\":\"https:\\\/\\\/shopatoa.com\\\/ro\\\/cosmetice-decorative\\\/\"},{\"@type\":\"ListItem\",\"position\":5,\"name\":\"Machiaj pentru fa\u021ba\",\"item\":\"https:\\\/\\\/shopatoa.com\\\/ro\\\/machiaj-pentru-fata\\\/\"},{\"@type\":\"ListItem\",\"position\":6,\"name\":\"Corector pentru zona fe\u021bei \u0219i a ochilor\",\"item\":\"https:\\\/\\\/shopatoa.com\\\/ro\\\/corector-pentru-zona-fetei-si-a-ochilor\\\/\"},{\"@type\":\"ListItem\",\"position\":7,\"name\":\"L&#8217;Or\u00e9al Paris Corector de \u00eengrijire True Match (Radiant Serum Concealer) 11 ml 1.5N\"}]},{\"@type\":\"WebSite\",\"@id\":\"https:\\\/\\\/shopatoa.com\\\/ro\\\/#website\",\"url\":\"https:\\\/\\\/shopatoa.com\\\/ro\\\/\",\"name\":\"SHOPATOA\",\"description\":\"\",\"publisher\":{\"@id\":\"https:\\\/\\\/shopatoa.com\\\/ro\\\/#organization\"},\"potentialAction\":[{\"@type\":\"SearchAction\",\"target\":{\"@type\":\"EntryPoint\",\"urlTemplate\":\"https:\\\/\\\/shopatoa.com\\\/ro\\\/?s={search_term_string}\"},\"query-input\":{\"@type\":\"PropertyValueSpecification\",\"valueRequired\":true,\"valueName\":\"search_term_string\"}}],\"inLanguage\":\"ro-RO\"},{\"@type\":\"Organization\",\"@id\":\"https:\\\/\\\/shopatoa.com\\\/ro\\\/#organization\",\"name\":\"SHOPATOA\",\"url\":\"https:\\\/\\\/shopatoa.com\\\/ro\\\/\",\"logo\":{\"@type\":\"ImageObject\",\"inLanguage\":\"ro-RO\",\"@id\":\"https:\\\/\\\/shopatoa.com\\\/ro\\\/#\\\/schema\\\/logo\\\/image\\\/\",\"url\":\"https:\\\/\\\/storage.googleapis.com\\\/cz-shopatoa-img\\\/ro\\\/b4dac915-shopatoa_logo.png\",\"contentUrl\":\"https:\\\/\\\/storage.googleapis.com\\\/cz-shopatoa-img\\\/ro\\\/b4dac915-shopatoa_logo.png\",\"width\":416,\"height\":63,\"caption\":\"SHOPATOA\"},\"image\":{\"@id\":\"https:\\\/\\\/shopatoa.com\\\/ro\\\/#\\\/schema\\\/logo\\\/image\\\/\"}}]}<\/script>\n<!-- \/ Yoast SEO plugin. -->","yoast_head_json":{"title":"L'Or\u00e9al Paris Corector de \u00eengrijire True Match (Radiant Serum Concealer) 11 ml 1.5N - SHOPATOA.COM","robots":{"index":"index","follow":"follow","max-snippet":"max-snippet:-1","max-image-preview":"max-image-preview:large","max-video-preview":"max-video-preview:-1"},"canonical":"https:\/\/shopatoa.com\/ro\/loreal-paris-corector-de-ingrijire-true-match-radiant-serum-concealer-11-ml-1-5n\/","og_locale":"ro_RO","og_type":"article","og_title":"L'Or\u00e9al Paris Corector de \u00eengrijire True Match (Radiant Serum Concealer) 11 ml 1.5N - SHOPATOA.COM","og_description":"Un corector bl\u00e2nd, \u00eembog\u0103\u021bit cu 1,5% acid hialuronic \u0219i cofein\u0103, \u00eengrije\u0219te eficient pielea ca un ser. Las\u0103 pielea hidratat\u0103 \u0219i curat\u0103, in timp ce mascheaz\u0103 imperfec\u021biunile \u0219i cercurile \u00eentunecate de sub ochi. Rezultatul este un aspect neted \u0219i unificat.","og_url":"https:\/\/shopatoa.com\/ro\/loreal-paris-corector-de-ingrijire-true-match-radiant-serum-concealer-11-ml-1-5n\/","og_site_name":"SHOPATOA","article_modified_time":"2025-12-14T10:23:38+00:00","og_image":[{"width":800,"height":800,"url":"https:\/\/storage.googleapis.com\/cz-shopatoa-img\/ro\/ecf45002-unnamed-file.webp","type":"image\/webp"}],"twitter_card":"summary_large_image","schema":{"@context":"https:\/\/schema.org","@graph":[{"@type":"WebPage","@id":"https:\/\/shopatoa.com\/ro\/loreal-paris-corector-de-ingrijire-true-match-radiant-serum-concealer-11-ml-1-5n\/","url":"https:\/\/shopatoa.com\/ro\/loreal-paris-corector-de-ingrijire-true-match-radiant-serum-concealer-11-ml-1-5n\/","name":"L'Or\u00e9al Paris Corector de \u00eengrijire True Match (Radiant Serum Concealer) 11 ml 1.5N - SHOPATOA.COM","isPartOf":{"@id":"https:\/\/shopatoa.com\/ro\/#website"},"primaryImageOfPage":{"@id":"https:\/\/shopatoa.com\/ro\/loreal-paris-corector-de-ingrijire-true-match-radiant-serum-concealer-11-ml-1-5n\/#primaryimage"},"image":{"@id":"https:\/\/shopatoa.com\/ro\/loreal-paris-corector-de-ingrijire-true-match-radiant-serum-concealer-11-ml-1-5n\/#primaryimage"},"thumbnailUrl":"https:\/\/storage.googleapis.com\/cz-shopatoa-img\/ro\/ecf45002-unnamed-file.webp","datePublished":"2025-04-27T12:30:24+00:00","dateModified":"2025-12-14T10:23:38+00:00","breadcrumb":{"@id":"https:\/\/shopatoa.com\/ro\/loreal-paris-corector-de-ingrijire-true-match-radiant-serum-concealer-11-ml-1-5n\/#breadcrumb"},"inLanguage":"ro-RO","potentialAction":[{"@type":"ReadAction","target":["https:\/\/shopatoa.com\/ro\/loreal-paris-corector-de-ingrijire-true-match-radiant-serum-concealer-11-ml-1-5n\/"]}]},{"@type":"ImageObject","inLanguage":"ro-RO","@id":"https:\/\/shopatoa.com\/ro\/loreal-paris-corector-de-ingrijire-true-match-radiant-serum-concealer-11-ml-1-5n\/#primaryimage","url":"https:\/\/storage.googleapis.com\/cz-shopatoa-img\/ro\/ecf45002-unnamed-file.webp","contentUrl":"https:\/\/storage.googleapis.com\/cz-shopatoa-img\/ro\/ecf45002-unnamed-file.webp","width":800,"height":800},{"@type":"BreadcrumbList","@id":"https:\/\/shopatoa.com\/ro\/loreal-paris-corector-de-ingrijire-true-match-radiant-serum-concealer-11-ml-1-5n\/#breadcrumb","itemListElement":[{"@type":"ListItem","position":1,"name":"Dom\u016f","item":"https:\/\/shopatoa.com\/ro\/"},{"@type":"ListItem","position":2,"name":"Shop","item":"https:\/\/shopatoa.com\/ro\/shop\/"},{"@type":"ListItem","position":3,"name":"Cosmetice","item":"https:\/\/shopatoa.com\/ro\/cosmetice\/"},{"@type":"ListItem","position":4,"name":"Cosmetice decorative","item":"https:\/\/shopatoa.com\/ro\/cosmetice-decorative\/"},{"@type":"ListItem","position":5,"name":"Machiaj pentru fa\u021ba","item":"https:\/\/shopatoa.com\/ro\/machiaj-pentru-fata\/"},{"@type":"ListItem","position":6,"name":"Corector pentru zona fe\u021bei \u0219i a ochilor","item":"https:\/\/shopatoa.com\/ro\/corector-pentru-zona-fetei-si-a-ochilor\/"},{"@type":"ListItem","position":7,"name":"L&#8217;Or\u00e9al Paris Corector de \u00eengrijire True Match (Radiant Serum Concealer) 11 ml 1.5N"}]},{"@type":"WebSite","@id":"https:\/\/shopatoa.com\/ro\/#website","url":"https:\/\/shopatoa.com\/ro\/","name":"SHOPATOA","description":"","publisher":{"@id":"https:\/\/shopatoa.com\/ro\/#organization"},"potentialAction":[{"@type":"SearchAction","target":{"@type":"EntryPoint","urlTemplate":"https:\/\/shopatoa.com\/ro\/?s={search_term_string}"},"query-input":{"@type":"PropertyValueSpecification","valueRequired":true,"valueName":"search_term_string"}}],"inLanguage":"ro-RO"},{"@type":"Organization","@id":"https:\/\/shopatoa.com\/ro\/#organization","name":"SHOPATOA","url":"https:\/\/shopatoa.com\/ro\/","logo":{"@type":"ImageObject","inLanguage":"ro-RO","@id":"https:\/\/shopatoa.com\/ro\/#\/schema\/logo\/image\/","url":"https:\/\/storage.googleapis.com\/cz-shopatoa-img\/ro\/b4dac915-shopatoa_logo.png","contentUrl":"https:\/\/storage.googleapis.com\/cz-shopatoa-img\/ro\/b4dac915-shopatoa_logo.png","width":416,"height":63,"caption":"SHOPATOA"},"image":{"@id":"https:\/\/shopatoa.com\/ro\/#\/schema\/logo\/image\/"}}]}},"_links":{"self":[{"href":"https:\/\/shopatoa.com\/ro\/wp-json\/wp\/v2\/product\/262008","targetHints":{"allow":["GET"]}}],"collection":[{"href":"https:\/\/shopatoa.com\/ro\/wp-json\/wp\/v2\/product"}],"about":[{"href":"https:\/\/shopatoa.com\/ro\/wp-json\/wp\/v2\/types\/product"}],"replies":[{"embeddable":true,"href":"https:\/\/shopatoa.com\/ro\/wp-json\/wp\/v2\/comments?post=262008"}],"wp:featuredmedia":[{"embeddable":true,"href":"https:\/\/shopatoa.com\/ro\/wp-json\/wp\/v2\/media\/338482"}],"wp:attachment":[{"href":"https:\/\/shopatoa.com\/ro\/wp-json\/wp\/v2\/media?parent=262008"}],"wp:term":[{"taxonomy":"product_brand","embeddable":true,"href":"https:\/\/shopatoa.com\/ro\/wp-json\/wp\/v2\/product_brand?post=262008"},{"taxonomy":"product_cat","embeddable":true,"href":"https:\/\/shopatoa.com\/ro\/wp-json\/wp\/v2\/product_cat?post=262008"},{"taxonomy":"product_tag","embeddable":true,"href":"https:\/\/shopatoa.com\/ro\/wp-json\/wp\/v2\/product_tag?post=262008"}],"curies":[{"name":"wp","href":"https:\/\/api.w.org\/{rel}","templated":true}]}}