{"id":262054,"date":"2025-04-27T14:50:21","date_gmt":"2025-04-27T12:50:21","guid":{"rendered":"https:\/\/shopatoa.com\/ro\/durex-set-de-dopuri-anale-play\/"},"modified":"2025-12-14T11:12:27","modified_gmt":"2025-12-14T10:12:27","slug":"durex-set-de-dopuri-anale-play","status":"publish","type":"product","link":"https:\/\/shopatoa.com\/ro\/durex-set-de-dopuri-anale-play\/","title":{"rendered":"Durex Set de dopuri anale Play"},"content":{"rendered":"<p>Porni\u021bi \u00eentr-o aventur\u0103 dubl\u0103 cu setul de dopuri anale Durex Play \u0219i explora\u021bi ce pl\u0103cere pute\u021bi ob\u021bine. Indiferent dac\u0103 sunte\u021bi singur\u0103 sau cu un partener, juc\u0103ria este ideal\u0103 pentru distrac\u021bia \u00een pat sau la du\u0219 (sau oriunde dori\u021bi &#8211; depinde doar de dvs). Odat\u0103 ce \u00eel \u00eencerca\u021bi, nu ve\u021bi mai dori s\u0103 v\u0103 opri\u021bi.<\/p>\n","protected":false},"excerpt":{"rendered":"<p>Porni\u021bi \u00eentr-o aventur\u0103 dubl\u0103 cu setul de dopuri anale Durex Play \u0219i explora\u021bi ce pl\u0103cere pute\u021bi ob\u021bine. Indiferent dac\u0103 sunte\u021bi singur\u0103 sau cu un partener, juc\u0103ria este ideal\u0103 pentru distrac\u021bia \u00een pat sau la du\u0219 (sau oriunde dori\u021bi &#8211; depinde doar de dvs). Odat\u0103 ce \u00eel \u00eencerca\u021bi, nu ve\u021bi mai dori s\u0103 v\u0103 opri\u021bi.<\/p>\n","protected":false},"featured_media":338523,"comment_status":"closed","ping_status":"open","template":"","meta":{"_acf_changed":false,"_kadence_starter_templates_imported_post":false,"_kad_post_transparent":"","_kad_post_title":"","_kad_post_layout":"","_kad_post_sidebar_id":"","_kad_post_content_style":"","_kad_post_vertical_padding":"","_kad_post_feature":"","_kad_post_feature_position":"","_kad_post_header":false,"_kad_post_footer":false,"_kad_post_classname":""},"product_brand":[911],"product_cat":[246,668,669,611],"product_tag":[],"class_list":{"0":"post-262054","1":"product","2":"type-product","3":"status-publish","4":"has-post-thumbnail","6":"product_brand-durex","7":"product_cat-cosmetice","8":"product_cat-jucarii-sexy","9":"product_cat-jucarii-si-produse-erotice","10":"product_cat-produse-cosmetice-pentru-corp","12":"first","13":"instock","14":"product-type-external","15":"entry","16":"content-bg","17":"loop-entry"},"acf":[],"yoast_head":"<!-- This site is optimized with the Yoast SEO plugin v27.4 - https:\/\/yoast.com\/product\/yoast-seo-wordpress\/ -->\n<title>Durex Set de dopuri anale Play - SHOPATOA.COM<\/title>\n<meta name=\"robots\" content=\"index, follow, max-snippet:-1, max-image-preview:large, max-video-preview:-1\" \/>\n<link rel=\"canonical\" href=\"https:\/\/shopatoa.com\/ro\/durex-set-de-dopuri-anale-play\/\" \/>\n<meta property=\"og:locale\" content=\"ro_RO\" \/>\n<meta property=\"og:type\" content=\"article\" \/>\n<meta property=\"og:title\" content=\"Durex Set de dopuri anale Play - SHOPATOA.COM\" \/>\n<meta property=\"og:description\" content=\"Porni\u021bi \u00eentr-o aventur\u0103 dubl\u0103 cu setul de dopuri anale Durex Play \u0219i explora\u021bi ce pl\u0103cere pute\u021bi ob\u021bine. Indiferent dac\u0103 sunte\u021bi singur\u0103 sau cu un partener, juc\u0103ria este ideal\u0103 pentru distrac\u021bia \u00een pat sau la du\u0219 (sau oriunde dori\u021bi &#8211; depinde doar de dvs). Odat\u0103 ce \u00eel \u00eencerca\u021bi, nu ve\u021bi mai dori s\u0103 v\u0103 opri\u021bi.\" \/>\n<meta property=\"og:url\" content=\"https:\/\/shopatoa.com\/ro\/durex-set-de-dopuri-anale-play\/\" \/>\n<meta property=\"og:site_name\" content=\"SHOPATOA\" \/>\n<meta property=\"article:modified_time\" content=\"2025-12-14T10:12:27+00:00\" \/>\n<meta property=\"og:image\" content=\"https:\/\/storage.googleapis.com\/cz-shopatoa-img\/ro\/58220056-unnamed-file.webp\" \/>\n\t<meta property=\"og:image:width\" content=\"800\" \/>\n\t<meta property=\"og:image:height\" content=\"800\" \/>\n\t<meta property=\"og:image:type\" content=\"image\/webp\" \/>\n<meta name=\"twitter:card\" content=\"summary_large_image\" \/>\n<script type=\"application\/ld+json\" class=\"yoast-schema-graph\">{\"@context\":\"https:\\\/\\\/schema.org\",\"@graph\":[{\"@type\":\"WebPage\",\"@id\":\"https:\\\/\\\/shopatoa.com\\\/ro\\\/durex-set-de-dopuri-anale-play\\\/\",\"url\":\"https:\\\/\\\/shopatoa.com\\\/ro\\\/durex-set-de-dopuri-anale-play\\\/\",\"name\":\"Durex Set de dopuri anale Play - SHOPATOA.COM\",\"isPartOf\":{\"@id\":\"https:\\\/\\\/shopatoa.com\\\/ro\\\/#website\"},\"primaryImageOfPage\":{\"@id\":\"https:\\\/\\\/shopatoa.com\\\/ro\\\/durex-set-de-dopuri-anale-play\\\/#primaryimage\"},\"image\":{\"@id\":\"https:\\\/\\\/shopatoa.com\\\/ro\\\/durex-set-de-dopuri-anale-play\\\/#primaryimage\"},\"thumbnailUrl\":\"https:\\\/\\\/storage.googleapis.com\\\/cz-shopatoa-img\\\/ro\\\/58220056-unnamed-file.webp\",\"datePublished\":\"2025-04-27T12:50:21+00:00\",\"dateModified\":\"2025-12-14T10:12:27+00:00\",\"breadcrumb\":{\"@id\":\"https:\\\/\\\/shopatoa.com\\\/ro\\\/durex-set-de-dopuri-anale-play\\\/#breadcrumb\"},\"inLanguage\":\"ro-RO\",\"potentialAction\":[{\"@type\":\"ReadAction\",\"target\":[\"https:\\\/\\\/shopatoa.com\\\/ro\\\/durex-set-de-dopuri-anale-play\\\/\"]}]},{\"@type\":\"ImageObject\",\"inLanguage\":\"ro-RO\",\"@id\":\"https:\\\/\\\/shopatoa.com\\\/ro\\\/durex-set-de-dopuri-anale-play\\\/#primaryimage\",\"url\":\"https:\\\/\\\/storage.googleapis.com\\\/cz-shopatoa-img\\\/ro\\\/58220056-unnamed-file.webp\",\"contentUrl\":\"https:\\\/\\\/storage.googleapis.com\\\/cz-shopatoa-img\\\/ro\\\/58220056-unnamed-file.webp\",\"width\":800,\"height\":800},{\"@type\":\"BreadcrumbList\",\"@id\":\"https:\\\/\\\/shopatoa.com\\\/ro\\\/durex-set-de-dopuri-anale-play\\\/#breadcrumb\",\"itemListElement\":[{\"@type\":\"ListItem\",\"position\":1,\"name\":\"Dom\u016f\",\"item\":\"https:\\\/\\\/shopatoa.com\\\/ro\\\/\"},{\"@type\":\"ListItem\",\"position\":2,\"name\":\"Shop\",\"item\":\"https:\\\/\\\/shopatoa.com\\\/ro\\\/shop\\\/\"},{\"@type\":\"ListItem\",\"position\":3,\"name\":\"Cosmetice\",\"item\":\"https:\\\/\\\/shopatoa.com\\\/ro\\\/cosmetice\\\/\"},{\"@type\":\"ListItem\",\"position\":4,\"name\":\"Produse cosmetice pentru corp\",\"item\":\"https:\\\/\\\/shopatoa.com\\\/ro\\\/produse-cosmetice-pentru-corp\\\/\"},{\"@type\":\"ListItem\",\"position\":5,\"name\":\"Juc\u0103rii sexy\",\"item\":\"https:\\\/\\\/shopatoa.com\\\/ro\\\/jucarii-sexy\\\/\"},{\"@type\":\"ListItem\",\"position\":6,\"name\":\"Juc\u0103rii si produse erotice\",\"item\":\"https:\\\/\\\/shopatoa.com\\\/ro\\\/jucarii-si-produse-erotice\\\/\"},{\"@type\":\"ListItem\",\"position\":7,\"name\":\"Durex Set de dopuri anale Play\"}]},{\"@type\":\"WebSite\",\"@id\":\"https:\\\/\\\/shopatoa.com\\\/ro\\\/#website\",\"url\":\"https:\\\/\\\/shopatoa.com\\\/ro\\\/\",\"name\":\"SHOPATOA\",\"description\":\"\",\"publisher\":{\"@id\":\"https:\\\/\\\/shopatoa.com\\\/ro\\\/#organization\"},\"potentialAction\":[{\"@type\":\"SearchAction\",\"target\":{\"@type\":\"EntryPoint\",\"urlTemplate\":\"https:\\\/\\\/shopatoa.com\\\/ro\\\/?s={search_term_string}\"},\"query-input\":{\"@type\":\"PropertyValueSpecification\",\"valueRequired\":true,\"valueName\":\"search_term_string\"}}],\"inLanguage\":\"ro-RO\"},{\"@type\":\"Organization\",\"@id\":\"https:\\\/\\\/shopatoa.com\\\/ro\\\/#organization\",\"name\":\"SHOPATOA\",\"url\":\"https:\\\/\\\/shopatoa.com\\\/ro\\\/\",\"logo\":{\"@type\":\"ImageObject\",\"inLanguage\":\"ro-RO\",\"@id\":\"https:\\\/\\\/shopatoa.com\\\/ro\\\/#\\\/schema\\\/logo\\\/image\\\/\",\"url\":\"https:\\\/\\\/storage.googleapis.com\\\/cz-shopatoa-img\\\/ro\\\/b4dac915-shopatoa_logo.png\",\"contentUrl\":\"https:\\\/\\\/storage.googleapis.com\\\/cz-shopatoa-img\\\/ro\\\/b4dac915-shopatoa_logo.png\",\"width\":416,\"height\":63,\"caption\":\"SHOPATOA\"},\"image\":{\"@id\":\"https:\\\/\\\/shopatoa.com\\\/ro\\\/#\\\/schema\\\/logo\\\/image\\\/\"}}]}<\/script>\n<!-- \/ Yoast SEO plugin. -->","yoast_head_json":{"title":"Durex Set de dopuri anale Play - SHOPATOA.COM","robots":{"index":"index","follow":"follow","max-snippet":"max-snippet:-1","max-image-preview":"max-image-preview:large","max-video-preview":"max-video-preview:-1"},"canonical":"https:\/\/shopatoa.com\/ro\/durex-set-de-dopuri-anale-play\/","og_locale":"ro_RO","og_type":"article","og_title":"Durex Set de dopuri anale Play - SHOPATOA.COM","og_description":"Porni\u021bi \u00eentr-o aventur\u0103 dubl\u0103 cu setul de dopuri anale Durex Play \u0219i explora\u021bi ce pl\u0103cere pute\u021bi ob\u021bine. Indiferent dac\u0103 sunte\u021bi singur\u0103 sau cu un partener, juc\u0103ria este ideal\u0103 pentru distrac\u021bia \u00een pat sau la du\u0219 (sau oriunde dori\u021bi &#8211; depinde doar de dvs). Odat\u0103 ce \u00eel \u00eencerca\u021bi, nu ve\u021bi mai dori s\u0103 v\u0103 opri\u021bi.","og_url":"https:\/\/shopatoa.com\/ro\/durex-set-de-dopuri-anale-play\/","og_site_name":"SHOPATOA","article_modified_time":"2025-12-14T10:12:27+00:00","og_image":[{"width":800,"height":800,"url":"https:\/\/storage.googleapis.com\/cz-shopatoa-img\/ro\/58220056-unnamed-file.webp","type":"image\/webp"}],"twitter_card":"summary_large_image","schema":{"@context":"https:\/\/schema.org","@graph":[{"@type":"WebPage","@id":"https:\/\/shopatoa.com\/ro\/durex-set-de-dopuri-anale-play\/","url":"https:\/\/shopatoa.com\/ro\/durex-set-de-dopuri-anale-play\/","name":"Durex Set de dopuri anale Play - SHOPATOA.COM","isPartOf":{"@id":"https:\/\/shopatoa.com\/ro\/#website"},"primaryImageOfPage":{"@id":"https:\/\/shopatoa.com\/ro\/durex-set-de-dopuri-anale-play\/#primaryimage"},"image":{"@id":"https:\/\/shopatoa.com\/ro\/durex-set-de-dopuri-anale-play\/#primaryimage"},"thumbnailUrl":"https:\/\/storage.googleapis.com\/cz-shopatoa-img\/ro\/58220056-unnamed-file.webp","datePublished":"2025-04-27T12:50:21+00:00","dateModified":"2025-12-14T10:12:27+00:00","breadcrumb":{"@id":"https:\/\/shopatoa.com\/ro\/durex-set-de-dopuri-anale-play\/#breadcrumb"},"inLanguage":"ro-RO","potentialAction":[{"@type":"ReadAction","target":["https:\/\/shopatoa.com\/ro\/durex-set-de-dopuri-anale-play\/"]}]},{"@type":"ImageObject","inLanguage":"ro-RO","@id":"https:\/\/shopatoa.com\/ro\/durex-set-de-dopuri-anale-play\/#primaryimage","url":"https:\/\/storage.googleapis.com\/cz-shopatoa-img\/ro\/58220056-unnamed-file.webp","contentUrl":"https:\/\/storage.googleapis.com\/cz-shopatoa-img\/ro\/58220056-unnamed-file.webp","width":800,"height":800},{"@type":"BreadcrumbList","@id":"https:\/\/shopatoa.com\/ro\/durex-set-de-dopuri-anale-play\/#breadcrumb","itemListElement":[{"@type":"ListItem","position":1,"name":"Dom\u016f","item":"https:\/\/shopatoa.com\/ro\/"},{"@type":"ListItem","position":2,"name":"Shop","item":"https:\/\/shopatoa.com\/ro\/shop\/"},{"@type":"ListItem","position":3,"name":"Cosmetice","item":"https:\/\/shopatoa.com\/ro\/cosmetice\/"},{"@type":"ListItem","position":4,"name":"Produse cosmetice pentru corp","item":"https:\/\/shopatoa.com\/ro\/produse-cosmetice-pentru-corp\/"},{"@type":"ListItem","position":5,"name":"Juc\u0103rii sexy","item":"https:\/\/shopatoa.com\/ro\/jucarii-sexy\/"},{"@type":"ListItem","position":6,"name":"Juc\u0103rii si produse erotice","item":"https:\/\/shopatoa.com\/ro\/jucarii-si-produse-erotice\/"},{"@type":"ListItem","position":7,"name":"Durex Set de dopuri anale Play"}]},{"@type":"WebSite","@id":"https:\/\/shopatoa.com\/ro\/#website","url":"https:\/\/shopatoa.com\/ro\/","name":"SHOPATOA","description":"","publisher":{"@id":"https:\/\/shopatoa.com\/ro\/#organization"},"potentialAction":[{"@type":"SearchAction","target":{"@type":"EntryPoint","urlTemplate":"https:\/\/shopatoa.com\/ro\/?s={search_term_string}"},"query-input":{"@type":"PropertyValueSpecification","valueRequired":true,"valueName":"search_term_string"}}],"inLanguage":"ro-RO"},{"@type":"Organization","@id":"https:\/\/shopatoa.com\/ro\/#organization","name":"SHOPATOA","url":"https:\/\/shopatoa.com\/ro\/","logo":{"@type":"ImageObject","inLanguage":"ro-RO","@id":"https:\/\/shopatoa.com\/ro\/#\/schema\/logo\/image\/","url":"https:\/\/storage.googleapis.com\/cz-shopatoa-img\/ro\/b4dac915-shopatoa_logo.png","contentUrl":"https:\/\/storage.googleapis.com\/cz-shopatoa-img\/ro\/b4dac915-shopatoa_logo.png","width":416,"height":63,"caption":"SHOPATOA"},"image":{"@id":"https:\/\/shopatoa.com\/ro\/#\/schema\/logo\/image\/"}}]}},"_links":{"self":[{"href":"https:\/\/shopatoa.com\/ro\/wp-json\/wp\/v2\/product\/262054","targetHints":{"allow":["GET"]}}],"collection":[{"href":"https:\/\/shopatoa.com\/ro\/wp-json\/wp\/v2\/product"}],"about":[{"href":"https:\/\/shopatoa.com\/ro\/wp-json\/wp\/v2\/types\/product"}],"replies":[{"embeddable":true,"href":"https:\/\/shopatoa.com\/ro\/wp-json\/wp\/v2\/comments?post=262054"}],"wp:featuredmedia":[{"embeddable":true,"href":"https:\/\/shopatoa.com\/ro\/wp-json\/wp\/v2\/media\/338523"}],"wp:attachment":[{"href":"https:\/\/shopatoa.com\/ro\/wp-json\/wp\/v2\/media?parent=262054"}],"wp:term":[{"taxonomy":"product_brand","embeddable":true,"href":"https:\/\/shopatoa.com\/ro\/wp-json\/wp\/v2\/product_brand?post=262054"},{"taxonomy":"product_cat","embeddable":true,"href":"https:\/\/shopatoa.com\/ro\/wp-json\/wp\/v2\/product_cat?post=262054"},{"taxonomy":"product_tag","embeddable":true,"href":"https:\/\/shopatoa.com\/ro\/wp-json\/wp\/v2\/product_tag?post=262054"}],"curies":[{"name":"wp","href":"https:\/\/api.w.org\/{rel}","templated":true}]}}