{"id":262171,"date":"2025-04-27T15:35:02","date_gmt":"2025-04-27T13:35:02","guid":{"rendered":"https:\/\/shopatoa.com\/ro\/masil-tonic-calmant-pentru-scalp-11-salon-scalp-care-ampoule-tonic-4-x-30-ml\/"},"modified":"2025-12-14T10:12:39","modified_gmt":"2025-12-14T09:12:39","slug":"masil-tonic-calmant-pentru-scalp-11-salon-scalp-care-ampoule-tonic-4-x-30-ml","status":"publish","type":"product","link":"https:\/\/shopatoa.com\/ro\/masil-tonic-calmant-pentru-scalp-11-salon-scalp-care-ampoule-tonic-4-x-30-ml\/","title":{"rendered":"Masil Tonic calmant pentru scalp 11 (Salon Scalp Care Ampoule Tonic) 4 x 30 ml"},"content":{"rendered":"<p>Tonicul \u00een ampule \u00eengrije\u0219te scalpul iritat. Con\u021bine extracte de plante care \u00eengrijesc eficient scalpul, pe care \u00eel calmeaz\u0103 \u0219i \u00eel regenereaz\u0103. Acestea regleaz\u0103 secre\u021bia excesiv\u0103 de sebum \u0219i astfel elimin\u0103 gr\u0103simea p\u0103rului. Fiolele sunt u\u0219or de utilizat \u0219i asigur\u0103 o aplicare precis\u0103.<\/p>\n","protected":false},"excerpt":{"rendered":"<p>Tonicul \u00een ampule \u00eengrije\u0219te scalpul iritat. Con\u021bine extracte de plante care \u00eengrijesc eficient scalpul, pe care \u00eel calmeaz\u0103 \u0219i \u00eel regenereaz\u0103. Acestea regleaz\u0103 secre\u021bia excesiv\u0103 de sebum \u0219i astfel elimin\u0103 gr\u0103simea p\u0103rului. Fiolele sunt u\u0219or de utilizat \u0219i asigur\u0103 o aplicare precis\u0103.<\/p>\n","protected":false},"featured_media":338635,"comment_status":"closed","ping_status":"open","template":"","meta":{"_acf_changed":false,"_kadence_starter_templates_imported_post":false,"_kad_post_transparent":"","_kad_post_title":"","_kad_post_layout":"","_kad_post_sidebar_id":"","_kad_post_content_style":"","_kad_post_vertical_padding":"","_kad_post_feature":"","_kad_post_feature_position":"","_kad_post_header":false,"_kad_post_footer":false,"_kad_post_classname":""},"product_brand":[1000],"product_cat":[680,246,623],"product_tag":[],"class_list":{"0":"post-262171","1":"product","2":"type-product","3":"status-publish","4":"has-post-thumbnail","6":"product_brand-masil","7":"product_cat-cosmetica-pentru-regenerarea-parului","8":"product_cat-cosmetice","9":"product_cat-produse-cosmetice-pentru-par","11":"first","12":"instock","13":"sale","14":"product-type-external","15":"entry","16":"content-bg","17":"loop-entry"},"acf":[],"yoast_head":"<!-- This site is optimized with the Yoast SEO plugin v27.4 - https:\/\/yoast.com\/product\/yoast-seo-wordpress\/ -->\n<title>Masil Tonic calmant pentru scalp 11 (Salon Scalp Care Ampoule Tonic) 4 x 30 ml - SHOPATOA.COM<\/title>\n<meta name=\"robots\" content=\"index, follow, max-snippet:-1, max-image-preview:large, max-video-preview:-1\" \/>\n<link rel=\"canonical\" href=\"https:\/\/shopatoa.com\/ro\/masil-tonic-calmant-pentru-scalp-11-salon-scalp-care-ampoule-tonic-4-x-30-ml\/\" \/>\n<meta property=\"og:locale\" content=\"ro_RO\" \/>\n<meta property=\"og:type\" content=\"article\" \/>\n<meta property=\"og:title\" content=\"Masil Tonic calmant pentru scalp 11 (Salon Scalp Care Ampoule Tonic) 4 x 30 ml - SHOPATOA.COM\" \/>\n<meta property=\"og:description\" content=\"Tonicul \u00een ampule \u00eengrije\u0219te scalpul iritat. Con\u021bine extracte de plante care \u00eengrijesc eficient scalpul, pe care \u00eel calmeaz\u0103 \u0219i \u00eel regenereaz\u0103. Acestea regleaz\u0103 secre\u021bia excesiv\u0103 de sebum \u0219i astfel elimin\u0103 gr\u0103simea p\u0103rului. Fiolele sunt u\u0219or de utilizat \u0219i asigur\u0103 o aplicare precis\u0103.\" \/>\n<meta property=\"og:url\" content=\"https:\/\/shopatoa.com\/ro\/masil-tonic-calmant-pentru-scalp-11-salon-scalp-care-ampoule-tonic-4-x-30-ml\/\" \/>\n<meta property=\"og:site_name\" content=\"SHOPATOA\" \/>\n<meta property=\"article:modified_time\" content=\"2025-12-14T09:12:39+00:00\" \/>\n<meta property=\"og:image\" content=\"https:\/\/storage.googleapis.com\/cz-shopatoa-img\/ro\/242c20e5-unnamed-file.webp\" \/>\n\t<meta property=\"og:image:width\" content=\"800\" \/>\n\t<meta property=\"og:image:height\" content=\"800\" \/>\n\t<meta property=\"og:image:type\" content=\"image\/webp\" \/>\n<meta name=\"twitter:card\" content=\"summary_large_image\" \/>\n<script type=\"application\/ld+json\" class=\"yoast-schema-graph\">{\"@context\":\"https:\\\/\\\/schema.org\",\"@graph\":[{\"@type\":\"WebPage\",\"@id\":\"https:\\\/\\\/shopatoa.com\\\/ro\\\/masil-tonic-calmant-pentru-scalp-11-salon-scalp-care-ampoule-tonic-4-x-30-ml\\\/\",\"url\":\"https:\\\/\\\/shopatoa.com\\\/ro\\\/masil-tonic-calmant-pentru-scalp-11-salon-scalp-care-ampoule-tonic-4-x-30-ml\\\/\",\"name\":\"Masil Tonic calmant pentru scalp 11 (Salon Scalp Care Ampoule Tonic) 4 x 30 ml - SHOPATOA.COM\",\"isPartOf\":{\"@id\":\"https:\\\/\\\/shopatoa.com\\\/ro\\\/#website\"},\"primaryImageOfPage\":{\"@id\":\"https:\\\/\\\/shopatoa.com\\\/ro\\\/masil-tonic-calmant-pentru-scalp-11-salon-scalp-care-ampoule-tonic-4-x-30-ml\\\/#primaryimage\"},\"image\":{\"@id\":\"https:\\\/\\\/shopatoa.com\\\/ro\\\/masil-tonic-calmant-pentru-scalp-11-salon-scalp-care-ampoule-tonic-4-x-30-ml\\\/#primaryimage\"},\"thumbnailUrl\":\"https:\\\/\\\/storage.googleapis.com\\\/cz-shopatoa-img\\\/ro\\\/242c20e5-unnamed-file.webp\",\"datePublished\":\"2025-04-27T13:35:02+00:00\",\"dateModified\":\"2025-12-14T09:12:39+00:00\",\"breadcrumb\":{\"@id\":\"https:\\\/\\\/shopatoa.com\\\/ro\\\/masil-tonic-calmant-pentru-scalp-11-salon-scalp-care-ampoule-tonic-4-x-30-ml\\\/#breadcrumb\"},\"inLanguage\":\"ro-RO\",\"potentialAction\":[{\"@type\":\"ReadAction\",\"target\":[\"https:\\\/\\\/shopatoa.com\\\/ro\\\/masil-tonic-calmant-pentru-scalp-11-salon-scalp-care-ampoule-tonic-4-x-30-ml\\\/\"]}]},{\"@type\":\"ImageObject\",\"inLanguage\":\"ro-RO\",\"@id\":\"https:\\\/\\\/shopatoa.com\\\/ro\\\/masil-tonic-calmant-pentru-scalp-11-salon-scalp-care-ampoule-tonic-4-x-30-ml\\\/#primaryimage\",\"url\":\"https:\\\/\\\/storage.googleapis.com\\\/cz-shopatoa-img\\\/ro\\\/242c20e5-unnamed-file.webp\",\"contentUrl\":\"https:\\\/\\\/storage.googleapis.com\\\/cz-shopatoa-img\\\/ro\\\/242c20e5-unnamed-file.webp\",\"width\":800,\"height\":800},{\"@type\":\"BreadcrumbList\",\"@id\":\"https:\\\/\\\/shopatoa.com\\\/ro\\\/masil-tonic-calmant-pentru-scalp-11-salon-scalp-care-ampoule-tonic-4-x-30-ml\\\/#breadcrumb\",\"itemListElement\":[{\"@type\":\"ListItem\",\"position\":1,\"name\":\"Dom\u016f\",\"item\":\"https:\\\/\\\/shopatoa.com\\\/ro\\\/\"},{\"@type\":\"ListItem\",\"position\":2,\"name\":\"Shop\",\"item\":\"https:\\\/\\\/shopatoa.com\\\/ro\\\/shop\\\/\"},{\"@type\":\"ListItem\",\"position\":3,\"name\":\"Cosmetice\",\"item\":\"https:\\\/\\\/shopatoa.com\\\/ro\\\/cosmetice\\\/\"},{\"@type\":\"ListItem\",\"position\":4,\"name\":\"Produse cosmetice pentru p\u0103r\",\"item\":\"https:\\\/\\\/shopatoa.com\\\/ro\\\/produse-cosmetice-pentru-par\\\/\"},{\"@type\":\"ListItem\",\"position\":5,\"name\":\"Cosmetica pentru regenerarea parului\",\"item\":\"https:\\\/\\\/shopatoa.com\\\/ro\\\/cosmetica-pentru-regenerarea-parului\\\/\"},{\"@type\":\"ListItem\",\"position\":6,\"name\":\"Masil Tonic calmant pentru scalp 11 (Salon Scalp Care Ampoule Tonic) 4 x 30 ml\"}]},{\"@type\":\"WebSite\",\"@id\":\"https:\\\/\\\/shopatoa.com\\\/ro\\\/#website\",\"url\":\"https:\\\/\\\/shopatoa.com\\\/ro\\\/\",\"name\":\"SHOPATOA\",\"description\":\"\",\"publisher\":{\"@id\":\"https:\\\/\\\/shopatoa.com\\\/ro\\\/#organization\"},\"potentialAction\":[{\"@type\":\"SearchAction\",\"target\":{\"@type\":\"EntryPoint\",\"urlTemplate\":\"https:\\\/\\\/shopatoa.com\\\/ro\\\/?s={search_term_string}\"},\"query-input\":{\"@type\":\"PropertyValueSpecification\",\"valueRequired\":true,\"valueName\":\"search_term_string\"}}],\"inLanguage\":\"ro-RO\"},{\"@type\":\"Organization\",\"@id\":\"https:\\\/\\\/shopatoa.com\\\/ro\\\/#organization\",\"name\":\"SHOPATOA\",\"url\":\"https:\\\/\\\/shopatoa.com\\\/ro\\\/\",\"logo\":{\"@type\":\"ImageObject\",\"inLanguage\":\"ro-RO\",\"@id\":\"https:\\\/\\\/shopatoa.com\\\/ro\\\/#\\\/schema\\\/logo\\\/image\\\/\",\"url\":\"https:\\\/\\\/storage.googleapis.com\\\/cz-shopatoa-img\\\/ro\\\/b4dac915-shopatoa_logo.png\",\"contentUrl\":\"https:\\\/\\\/storage.googleapis.com\\\/cz-shopatoa-img\\\/ro\\\/b4dac915-shopatoa_logo.png\",\"width\":416,\"height\":63,\"caption\":\"SHOPATOA\"},\"image\":{\"@id\":\"https:\\\/\\\/shopatoa.com\\\/ro\\\/#\\\/schema\\\/logo\\\/image\\\/\"}}]}<\/script>\n<!-- \/ Yoast SEO plugin. -->","yoast_head_json":{"title":"Masil Tonic calmant pentru scalp 11 (Salon Scalp Care Ampoule Tonic) 4 x 30 ml - SHOPATOA.COM","robots":{"index":"index","follow":"follow","max-snippet":"max-snippet:-1","max-image-preview":"max-image-preview:large","max-video-preview":"max-video-preview:-1"},"canonical":"https:\/\/shopatoa.com\/ro\/masil-tonic-calmant-pentru-scalp-11-salon-scalp-care-ampoule-tonic-4-x-30-ml\/","og_locale":"ro_RO","og_type":"article","og_title":"Masil Tonic calmant pentru scalp 11 (Salon Scalp Care Ampoule Tonic) 4 x 30 ml - SHOPATOA.COM","og_description":"Tonicul \u00een ampule \u00eengrije\u0219te scalpul iritat. Con\u021bine extracte de plante care \u00eengrijesc eficient scalpul, pe care \u00eel calmeaz\u0103 \u0219i \u00eel regenereaz\u0103. Acestea regleaz\u0103 secre\u021bia excesiv\u0103 de sebum \u0219i astfel elimin\u0103 gr\u0103simea p\u0103rului. Fiolele sunt u\u0219or de utilizat \u0219i asigur\u0103 o aplicare precis\u0103.","og_url":"https:\/\/shopatoa.com\/ro\/masil-tonic-calmant-pentru-scalp-11-salon-scalp-care-ampoule-tonic-4-x-30-ml\/","og_site_name":"SHOPATOA","article_modified_time":"2025-12-14T09:12:39+00:00","og_image":[{"width":800,"height":800,"url":"https:\/\/storage.googleapis.com\/cz-shopatoa-img\/ro\/242c20e5-unnamed-file.webp","type":"image\/webp"}],"twitter_card":"summary_large_image","schema":{"@context":"https:\/\/schema.org","@graph":[{"@type":"WebPage","@id":"https:\/\/shopatoa.com\/ro\/masil-tonic-calmant-pentru-scalp-11-salon-scalp-care-ampoule-tonic-4-x-30-ml\/","url":"https:\/\/shopatoa.com\/ro\/masil-tonic-calmant-pentru-scalp-11-salon-scalp-care-ampoule-tonic-4-x-30-ml\/","name":"Masil Tonic calmant pentru scalp 11 (Salon Scalp Care Ampoule Tonic) 4 x 30 ml - SHOPATOA.COM","isPartOf":{"@id":"https:\/\/shopatoa.com\/ro\/#website"},"primaryImageOfPage":{"@id":"https:\/\/shopatoa.com\/ro\/masil-tonic-calmant-pentru-scalp-11-salon-scalp-care-ampoule-tonic-4-x-30-ml\/#primaryimage"},"image":{"@id":"https:\/\/shopatoa.com\/ro\/masil-tonic-calmant-pentru-scalp-11-salon-scalp-care-ampoule-tonic-4-x-30-ml\/#primaryimage"},"thumbnailUrl":"https:\/\/storage.googleapis.com\/cz-shopatoa-img\/ro\/242c20e5-unnamed-file.webp","datePublished":"2025-04-27T13:35:02+00:00","dateModified":"2025-12-14T09:12:39+00:00","breadcrumb":{"@id":"https:\/\/shopatoa.com\/ro\/masil-tonic-calmant-pentru-scalp-11-salon-scalp-care-ampoule-tonic-4-x-30-ml\/#breadcrumb"},"inLanguage":"ro-RO","potentialAction":[{"@type":"ReadAction","target":["https:\/\/shopatoa.com\/ro\/masil-tonic-calmant-pentru-scalp-11-salon-scalp-care-ampoule-tonic-4-x-30-ml\/"]}]},{"@type":"ImageObject","inLanguage":"ro-RO","@id":"https:\/\/shopatoa.com\/ro\/masil-tonic-calmant-pentru-scalp-11-salon-scalp-care-ampoule-tonic-4-x-30-ml\/#primaryimage","url":"https:\/\/storage.googleapis.com\/cz-shopatoa-img\/ro\/242c20e5-unnamed-file.webp","contentUrl":"https:\/\/storage.googleapis.com\/cz-shopatoa-img\/ro\/242c20e5-unnamed-file.webp","width":800,"height":800},{"@type":"BreadcrumbList","@id":"https:\/\/shopatoa.com\/ro\/masil-tonic-calmant-pentru-scalp-11-salon-scalp-care-ampoule-tonic-4-x-30-ml\/#breadcrumb","itemListElement":[{"@type":"ListItem","position":1,"name":"Dom\u016f","item":"https:\/\/shopatoa.com\/ro\/"},{"@type":"ListItem","position":2,"name":"Shop","item":"https:\/\/shopatoa.com\/ro\/shop\/"},{"@type":"ListItem","position":3,"name":"Cosmetice","item":"https:\/\/shopatoa.com\/ro\/cosmetice\/"},{"@type":"ListItem","position":4,"name":"Produse cosmetice pentru p\u0103r","item":"https:\/\/shopatoa.com\/ro\/produse-cosmetice-pentru-par\/"},{"@type":"ListItem","position":5,"name":"Cosmetica pentru regenerarea parului","item":"https:\/\/shopatoa.com\/ro\/cosmetica-pentru-regenerarea-parului\/"},{"@type":"ListItem","position":6,"name":"Masil Tonic calmant pentru scalp 11 (Salon Scalp Care Ampoule Tonic) 4 x 30 ml"}]},{"@type":"WebSite","@id":"https:\/\/shopatoa.com\/ro\/#website","url":"https:\/\/shopatoa.com\/ro\/","name":"SHOPATOA","description":"","publisher":{"@id":"https:\/\/shopatoa.com\/ro\/#organization"},"potentialAction":[{"@type":"SearchAction","target":{"@type":"EntryPoint","urlTemplate":"https:\/\/shopatoa.com\/ro\/?s={search_term_string}"},"query-input":{"@type":"PropertyValueSpecification","valueRequired":true,"valueName":"search_term_string"}}],"inLanguage":"ro-RO"},{"@type":"Organization","@id":"https:\/\/shopatoa.com\/ro\/#organization","name":"SHOPATOA","url":"https:\/\/shopatoa.com\/ro\/","logo":{"@type":"ImageObject","inLanguage":"ro-RO","@id":"https:\/\/shopatoa.com\/ro\/#\/schema\/logo\/image\/","url":"https:\/\/storage.googleapis.com\/cz-shopatoa-img\/ro\/b4dac915-shopatoa_logo.png","contentUrl":"https:\/\/storage.googleapis.com\/cz-shopatoa-img\/ro\/b4dac915-shopatoa_logo.png","width":416,"height":63,"caption":"SHOPATOA"},"image":{"@id":"https:\/\/shopatoa.com\/ro\/#\/schema\/logo\/image\/"}}]}},"_links":{"self":[{"href":"https:\/\/shopatoa.com\/ro\/wp-json\/wp\/v2\/product\/262171","targetHints":{"allow":["GET"]}}],"collection":[{"href":"https:\/\/shopatoa.com\/ro\/wp-json\/wp\/v2\/product"}],"about":[{"href":"https:\/\/shopatoa.com\/ro\/wp-json\/wp\/v2\/types\/product"}],"replies":[{"embeddable":true,"href":"https:\/\/shopatoa.com\/ro\/wp-json\/wp\/v2\/comments?post=262171"}],"wp:featuredmedia":[{"embeddable":true,"href":"https:\/\/shopatoa.com\/ro\/wp-json\/wp\/v2\/media\/338635"}],"wp:attachment":[{"href":"https:\/\/shopatoa.com\/ro\/wp-json\/wp\/v2\/media?parent=262171"}],"wp:term":[{"taxonomy":"product_brand","embeddable":true,"href":"https:\/\/shopatoa.com\/ro\/wp-json\/wp\/v2\/product_brand?post=262171"},{"taxonomy":"product_cat","embeddable":true,"href":"https:\/\/shopatoa.com\/ro\/wp-json\/wp\/v2\/product_cat?post=262171"},{"taxonomy":"product_tag","embeddable":true,"href":"https:\/\/shopatoa.com\/ro\/wp-json\/wp\/v2\/product_tag?post=262171"}],"curies":[{"name":"wp","href":"https:\/\/api.w.org\/{rel}","templated":true}]}}