{"id":262499,"date":"2025-04-27T17:30:05","date_gmt":"2025-04-27T15:30:05","guid":{"rendered":"https:\/\/shopatoa.com\/ro\/jean-p-gaultier-le-male-edt-75-ml-gel-de-dus-75-ml\/"},"modified":"2025-11-12T02:42:40","modified_gmt":"2025-11-12T01:42:40","slug":"jean-p-gaultier-le-male-edt-75-ml-gel-de-dus-75-ml","status":"publish","type":"product","link":"https:\/\/shopatoa.com\/ro\/jean-p-gaultier-le-male-edt-75-ml-gel-de-dus-75-ml\/","title":{"rendered":"Jean P. Gaultier Le Male &#8211; EDT 75 ml + gel de du\u0219 75 ml"},"content":{"rendered":"<p>Jean Paul Gaultier a folosit pentru flaconul cu parfum simbolul tricoului marin\u0103resc. Le Male este un parfum oriental-fouger. \u00cen prima faz\u0103 ve\u021bi sim\u021bi miros de bergamot\u0103, cardamom, lavand\u0103, \u00een inim\u0103 se ascund flori de portocale \u00een combina\u021bie cu chimen, \u00een ultima faz\u0103 ve\u021bi fi \u00eenc\u00e2ntat de aromele de lemn exotic, boabe Tonka \u0219i vanilie. Parfumul a fost lansat pe pia\u021b\u0103 \u00een anul 1995.<\/p>\n","protected":false},"excerpt":{"rendered":"<p>Jean Paul Gaultier a folosit pentru flaconul cu parfum simbolul tricoului marin\u0103resc. Le Male este un parfum oriental-fouger. \u00cen prima faz\u0103 ve\u021bi sim\u021bi miros de bergamot\u0103, cardamom, lavand\u0103, \u00een inim\u0103 se ascund flori de portocale \u00een combina\u021bie cu chimen, \u00een ultima faz\u0103 ve\u021bi fi \u00eenc\u00e2ntat de aromele de lemn exotic, boabe Tonka \u0219i vanilie. Parfumul&#8230;<\/p>\n","protected":false},"featured_media":338954,"comment_status":"closed","ping_status":"open","template":"","meta":{"_acf_changed":false,"_kadence_starter_templates_imported_post":false,"_kad_post_transparent":"","_kad_post_title":"","_kad_post_layout":"","_kad_post_sidebar_id":"","_kad_post_content_style":"","_kad_post_vertical_padding":"","_kad_post_feature":"","_kad_post_feature_position":"","_kad_post_header":false,"_kad_post_footer":false,"_kad_post_classname":""},"product_brand":[357],"product_cat":[614,651],"product_tag":[],"class_list":{"0":"post-262499","1":"product","2":"type-product","3":"status-publish","4":"has-post-thumbnail","6":"product_brand-jean-p-gaultier","7":"product_cat-parfumuri","8":"product_cat-seturi-cadou-de-parfumuri","10":"first","11":"instock","12":"product-type-external","13":"entry","14":"content-bg","15":"loop-entry"},"acf":[],"yoast_head":"<!-- This site is optimized with the Yoast SEO plugin v27.3 - https:\/\/yoast.com\/product\/yoast-seo-wordpress\/ -->\n<title>Jean P. Gaultier Le Male - EDT 75 ml + gel de du\u0219 75 ml - SHOPATOA.COM<\/title>\n<meta name=\"robots\" content=\"index, follow, max-snippet:-1, max-image-preview:large, max-video-preview:-1\" \/>\n<link rel=\"canonical\" href=\"https:\/\/shopatoa.com\/ro\/jean-p-gaultier-le-male-edt-75-ml-gel-de-dus-75-ml\/\" \/>\n<meta property=\"og:locale\" content=\"ro_RO\" \/>\n<meta property=\"og:type\" content=\"article\" \/>\n<meta property=\"og:title\" content=\"Jean P. Gaultier Le Male - EDT 75 ml + gel de du\u0219 75 ml - SHOPATOA.COM\" \/>\n<meta property=\"og:description\" content=\"Jean Paul Gaultier a folosit pentru flaconul cu parfum simbolul tricoului marin\u0103resc. Le Male este un parfum oriental-fouger. \u00cen prima faz\u0103 ve\u021bi sim\u021bi miros de bergamot\u0103, cardamom, lavand\u0103, \u00een inim\u0103 se ascund flori de portocale \u00een combina\u021bie cu chimen, \u00een ultima faz\u0103 ve\u021bi fi \u00eenc\u00e2ntat de aromele de lemn exotic, boabe Tonka \u0219i vanilie. Parfumul...\" \/>\n<meta property=\"og:url\" content=\"https:\/\/shopatoa.com\/ro\/jean-p-gaultier-le-male-edt-75-ml-gel-de-dus-75-ml\/\" \/>\n<meta property=\"og:site_name\" content=\"SHOPATOA\" \/>\n<meta property=\"article:modified_time\" content=\"2025-11-12T01:42:40+00:00\" \/>\n<meta property=\"og:image\" content=\"https:\/\/storage.googleapis.com\/cz-shopatoa-img\/ro\/f601d44e-unnamed-file.webp\" \/>\n\t<meta property=\"og:image:width\" content=\"800\" \/>\n\t<meta property=\"og:image:height\" content=\"800\" \/>\n\t<meta property=\"og:image:type\" content=\"image\/webp\" \/>\n<meta name=\"twitter:card\" content=\"summary_large_image\" \/>\n<script type=\"application\/ld+json\" class=\"yoast-schema-graph\">{\"@context\":\"https:\\\/\\\/schema.org\",\"@graph\":[{\"@type\":\"WebPage\",\"@id\":\"https:\\\/\\\/shopatoa.com\\\/ro\\\/jean-p-gaultier-le-male-edt-75-ml-gel-de-dus-75-ml\\\/\",\"url\":\"https:\\\/\\\/shopatoa.com\\\/ro\\\/jean-p-gaultier-le-male-edt-75-ml-gel-de-dus-75-ml\\\/\",\"name\":\"Jean P. Gaultier Le Male - EDT 75 ml + gel de du\u0219 75 ml - SHOPATOA.COM\",\"isPartOf\":{\"@id\":\"https:\\\/\\\/shopatoa.com\\\/ro\\\/#website\"},\"primaryImageOfPage\":{\"@id\":\"https:\\\/\\\/shopatoa.com\\\/ro\\\/jean-p-gaultier-le-male-edt-75-ml-gel-de-dus-75-ml\\\/#primaryimage\"},\"image\":{\"@id\":\"https:\\\/\\\/shopatoa.com\\\/ro\\\/jean-p-gaultier-le-male-edt-75-ml-gel-de-dus-75-ml\\\/#primaryimage\"},\"thumbnailUrl\":\"https:\\\/\\\/storage.googleapis.com\\\/cz-shopatoa-img\\\/ro\\\/f601d44e-unnamed-file.webp\",\"datePublished\":\"2025-04-27T15:30:05+00:00\",\"dateModified\":\"2025-11-12T01:42:40+00:00\",\"breadcrumb\":{\"@id\":\"https:\\\/\\\/shopatoa.com\\\/ro\\\/jean-p-gaultier-le-male-edt-75-ml-gel-de-dus-75-ml\\\/#breadcrumb\"},\"inLanguage\":\"ro-RO\",\"potentialAction\":[{\"@type\":\"ReadAction\",\"target\":[\"https:\\\/\\\/shopatoa.com\\\/ro\\\/jean-p-gaultier-le-male-edt-75-ml-gel-de-dus-75-ml\\\/\"]}]},{\"@type\":\"ImageObject\",\"inLanguage\":\"ro-RO\",\"@id\":\"https:\\\/\\\/shopatoa.com\\\/ro\\\/jean-p-gaultier-le-male-edt-75-ml-gel-de-dus-75-ml\\\/#primaryimage\",\"url\":\"https:\\\/\\\/storage.googleapis.com\\\/cz-shopatoa-img\\\/ro\\\/f601d44e-unnamed-file.webp\",\"contentUrl\":\"https:\\\/\\\/storage.googleapis.com\\\/cz-shopatoa-img\\\/ro\\\/f601d44e-unnamed-file.webp\",\"width\":800,\"height\":800},{\"@type\":\"BreadcrumbList\",\"@id\":\"https:\\\/\\\/shopatoa.com\\\/ro\\\/jean-p-gaultier-le-male-edt-75-ml-gel-de-dus-75-ml\\\/#breadcrumb\",\"itemListElement\":[{\"@type\":\"ListItem\",\"position\":1,\"name\":\"Dom\u016f\",\"item\":\"https:\\\/\\\/shopatoa.com\\\/ro\\\/\"},{\"@type\":\"ListItem\",\"position\":2,\"name\":\"Shop\",\"item\":\"https:\\\/\\\/shopatoa.com\\\/ro\\\/shop\\\/\"},{\"@type\":\"ListItem\",\"position\":3,\"name\":\"Parfumuri\",\"item\":\"https:\\\/\\\/shopatoa.com\\\/ro\\\/parfumuri\\\/\"},{\"@type\":\"ListItem\",\"position\":4,\"name\":\"Seturi cadou de parfumuri\",\"item\":\"https:\\\/\\\/shopatoa.com\\\/ro\\\/seturi-cadou-de-parfumuri\\\/\"},{\"@type\":\"ListItem\",\"position\":5,\"name\":\"Jean P. Gaultier Le Male &#8211; EDT 75 ml + gel de du\u0219 75 ml\"}]},{\"@type\":\"WebSite\",\"@id\":\"https:\\\/\\\/shopatoa.com\\\/ro\\\/#website\",\"url\":\"https:\\\/\\\/shopatoa.com\\\/ro\\\/\",\"name\":\"SHOPATOA\",\"description\":\"\",\"publisher\":{\"@id\":\"https:\\\/\\\/shopatoa.com\\\/ro\\\/#organization\"},\"potentialAction\":[{\"@type\":\"SearchAction\",\"target\":{\"@type\":\"EntryPoint\",\"urlTemplate\":\"https:\\\/\\\/shopatoa.com\\\/ro\\\/?s={search_term_string}\"},\"query-input\":{\"@type\":\"PropertyValueSpecification\",\"valueRequired\":true,\"valueName\":\"search_term_string\"}}],\"inLanguage\":\"ro-RO\"},{\"@type\":\"Organization\",\"@id\":\"https:\\\/\\\/shopatoa.com\\\/ro\\\/#organization\",\"name\":\"SHOPATOA\",\"url\":\"https:\\\/\\\/shopatoa.com\\\/ro\\\/\",\"logo\":{\"@type\":\"ImageObject\",\"inLanguage\":\"ro-RO\",\"@id\":\"https:\\\/\\\/shopatoa.com\\\/ro\\\/#\\\/schema\\\/logo\\\/image\\\/\",\"url\":\"https:\\\/\\\/storage.googleapis.com\\\/cz-shopatoa-img\\\/ro\\\/b4dac915-shopatoa_logo.png\",\"contentUrl\":\"https:\\\/\\\/storage.googleapis.com\\\/cz-shopatoa-img\\\/ro\\\/b4dac915-shopatoa_logo.png\",\"width\":416,\"height\":63,\"caption\":\"SHOPATOA\"},\"image\":{\"@id\":\"https:\\\/\\\/shopatoa.com\\\/ro\\\/#\\\/schema\\\/logo\\\/image\\\/\"}}]}<\/script>\n<!-- \/ Yoast SEO plugin. -->","yoast_head_json":{"title":"Jean P. Gaultier Le Male - EDT 75 ml + gel de du\u0219 75 ml - SHOPATOA.COM","robots":{"index":"index","follow":"follow","max-snippet":"max-snippet:-1","max-image-preview":"max-image-preview:large","max-video-preview":"max-video-preview:-1"},"canonical":"https:\/\/shopatoa.com\/ro\/jean-p-gaultier-le-male-edt-75-ml-gel-de-dus-75-ml\/","og_locale":"ro_RO","og_type":"article","og_title":"Jean P. Gaultier Le Male - EDT 75 ml + gel de du\u0219 75 ml - SHOPATOA.COM","og_description":"Jean Paul Gaultier a folosit pentru flaconul cu parfum simbolul tricoului marin\u0103resc. Le Male este un parfum oriental-fouger. \u00cen prima faz\u0103 ve\u021bi sim\u021bi miros de bergamot\u0103, cardamom, lavand\u0103, \u00een inim\u0103 se ascund flori de portocale \u00een combina\u021bie cu chimen, \u00een ultima faz\u0103 ve\u021bi fi \u00eenc\u00e2ntat de aromele de lemn exotic, boabe Tonka \u0219i vanilie. Parfumul...","og_url":"https:\/\/shopatoa.com\/ro\/jean-p-gaultier-le-male-edt-75-ml-gel-de-dus-75-ml\/","og_site_name":"SHOPATOA","article_modified_time":"2025-11-12T01:42:40+00:00","og_image":[{"width":800,"height":800,"url":"https:\/\/storage.googleapis.com\/cz-shopatoa-img\/ro\/f601d44e-unnamed-file.webp","type":"image\/webp"}],"twitter_card":"summary_large_image","schema":{"@context":"https:\/\/schema.org","@graph":[{"@type":"WebPage","@id":"https:\/\/shopatoa.com\/ro\/jean-p-gaultier-le-male-edt-75-ml-gel-de-dus-75-ml\/","url":"https:\/\/shopatoa.com\/ro\/jean-p-gaultier-le-male-edt-75-ml-gel-de-dus-75-ml\/","name":"Jean P. Gaultier Le Male - EDT 75 ml + gel de du\u0219 75 ml - SHOPATOA.COM","isPartOf":{"@id":"https:\/\/shopatoa.com\/ro\/#website"},"primaryImageOfPage":{"@id":"https:\/\/shopatoa.com\/ro\/jean-p-gaultier-le-male-edt-75-ml-gel-de-dus-75-ml\/#primaryimage"},"image":{"@id":"https:\/\/shopatoa.com\/ro\/jean-p-gaultier-le-male-edt-75-ml-gel-de-dus-75-ml\/#primaryimage"},"thumbnailUrl":"https:\/\/storage.googleapis.com\/cz-shopatoa-img\/ro\/f601d44e-unnamed-file.webp","datePublished":"2025-04-27T15:30:05+00:00","dateModified":"2025-11-12T01:42:40+00:00","breadcrumb":{"@id":"https:\/\/shopatoa.com\/ro\/jean-p-gaultier-le-male-edt-75-ml-gel-de-dus-75-ml\/#breadcrumb"},"inLanguage":"ro-RO","potentialAction":[{"@type":"ReadAction","target":["https:\/\/shopatoa.com\/ro\/jean-p-gaultier-le-male-edt-75-ml-gel-de-dus-75-ml\/"]}]},{"@type":"ImageObject","inLanguage":"ro-RO","@id":"https:\/\/shopatoa.com\/ro\/jean-p-gaultier-le-male-edt-75-ml-gel-de-dus-75-ml\/#primaryimage","url":"https:\/\/storage.googleapis.com\/cz-shopatoa-img\/ro\/f601d44e-unnamed-file.webp","contentUrl":"https:\/\/storage.googleapis.com\/cz-shopatoa-img\/ro\/f601d44e-unnamed-file.webp","width":800,"height":800},{"@type":"BreadcrumbList","@id":"https:\/\/shopatoa.com\/ro\/jean-p-gaultier-le-male-edt-75-ml-gel-de-dus-75-ml\/#breadcrumb","itemListElement":[{"@type":"ListItem","position":1,"name":"Dom\u016f","item":"https:\/\/shopatoa.com\/ro\/"},{"@type":"ListItem","position":2,"name":"Shop","item":"https:\/\/shopatoa.com\/ro\/shop\/"},{"@type":"ListItem","position":3,"name":"Parfumuri","item":"https:\/\/shopatoa.com\/ro\/parfumuri\/"},{"@type":"ListItem","position":4,"name":"Seturi cadou de parfumuri","item":"https:\/\/shopatoa.com\/ro\/seturi-cadou-de-parfumuri\/"},{"@type":"ListItem","position":5,"name":"Jean P. Gaultier Le Male &#8211; EDT 75 ml + gel de du\u0219 75 ml"}]},{"@type":"WebSite","@id":"https:\/\/shopatoa.com\/ro\/#website","url":"https:\/\/shopatoa.com\/ro\/","name":"SHOPATOA","description":"","publisher":{"@id":"https:\/\/shopatoa.com\/ro\/#organization"},"potentialAction":[{"@type":"SearchAction","target":{"@type":"EntryPoint","urlTemplate":"https:\/\/shopatoa.com\/ro\/?s={search_term_string}"},"query-input":{"@type":"PropertyValueSpecification","valueRequired":true,"valueName":"search_term_string"}}],"inLanguage":"ro-RO"},{"@type":"Organization","@id":"https:\/\/shopatoa.com\/ro\/#organization","name":"SHOPATOA","url":"https:\/\/shopatoa.com\/ro\/","logo":{"@type":"ImageObject","inLanguage":"ro-RO","@id":"https:\/\/shopatoa.com\/ro\/#\/schema\/logo\/image\/","url":"https:\/\/storage.googleapis.com\/cz-shopatoa-img\/ro\/b4dac915-shopatoa_logo.png","contentUrl":"https:\/\/storage.googleapis.com\/cz-shopatoa-img\/ro\/b4dac915-shopatoa_logo.png","width":416,"height":63,"caption":"SHOPATOA"},"image":{"@id":"https:\/\/shopatoa.com\/ro\/#\/schema\/logo\/image\/"}}]}},"_links":{"self":[{"href":"https:\/\/shopatoa.com\/ro\/wp-json\/wp\/v2\/product\/262499","targetHints":{"allow":["GET"]}}],"collection":[{"href":"https:\/\/shopatoa.com\/ro\/wp-json\/wp\/v2\/product"}],"about":[{"href":"https:\/\/shopatoa.com\/ro\/wp-json\/wp\/v2\/types\/product"}],"replies":[{"embeddable":true,"href":"https:\/\/shopatoa.com\/ro\/wp-json\/wp\/v2\/comments?post=262499"}],"wp:featuredmedia":[{"embeddable":true,"href":"https:\/\/shopatoa.com\/ro\/wp-json\/wp\/v2\/media\/338954"}],"wp:attachment":[{"href":"https:\/\/shopatoa.com\/ro\/wp-json\/wp\/v2\/media?parent=262499"}],"wp:term":[{"taxonomy":"product_brand","embeddable":true,"href":"https:\/\/shopatoa.com\/ro\/wp-json\/wp\/v2\/product_brand?post=262499"},{"taxonomy":"product_cat","embeddable":true,"href":"https:\/\/shopatoa.com\/ro\/wp-json\/wp\/v2\/product_cat?post=262499"},{"taxonomy":"product_tag","embeddable":true,"href":"https:\/\/shopatoa.com\/ro\/wp-json\/wp\/v2\/product_tag?post=262499"}],"curies":[{"name":"wp","href":"https:\/\/api.w.org\/{rel}","templated":true}]}}