{"id":262562,"date":"2025-04-27T17:51:51","date_gmt":"2025-04-27T15:51:51","guid":{"rendered":"https:\/\/shopatoa.com\/ro\/revolution-haircare-vopsea-pentru-par-pentru-blonde-tones-forblonde-150-ml-lavender-fields\/"},"modified":"2025-09-15T06:08:24","modified_gmt":"2025-09-15T04:08:24","slug":"revolution-haircare-vopsea-pentru-par-pentru-blonde-tones-forblonde-150-ml-lavender-fields","status":"publish","type":"product","link":"https:\/\/shopatoa.com\/ro\/revolution-haircare-vopsea-pentru-par-pentru-blonde-tones-forblonde-150-ml-lavender-fields\/","title":{"rendered":"Revolution Haircare Vopsea pentru p\u0103r pentru blonde Tones forBlonde 150 ml Lavender Fields"},"content":{"rendered":"<p>Vopseaua pentru p\u0103r pentru blonde Hair Tones for Blondes v\u0103 permite s\u0103 v\u0103 schimba\u021bi culoarea p\u0103rului f\u0103r\u0103 a-l distruge prin decolorare. \u00cencerca\u021bi ori de c\u00e2te ori dori\u021bi s\u0103 v\u0103 anima\u021bi aspectul. Culoarea bogat\u0103 v\u0103 va oferi un ton intens de culoare, l\u0103s\u00e2nd \u00een acela\u0219i timp p\u0103rul str\u0103lucitor \u0219i moale la atingere.<\/p>\n","protected":false},"excerpt":{"rendered":"<p>Vopseaua pentru p\u0103r pentru blonde Hair Tones for Blondes v\u0103 permite s\u0103 v\u0103 schimba\u021bi culoarea p\u0103rului f\u0103r\u0103 a-l distruge prin decolorare. \u00cencerca\u021bi ori de c\u00e2te ori dori\u021bi s\u0103 v\u0103 anima\u021bi aspectul. Culoarea bogat\u0103 v\u0103 va oferi un ton intens de culoare, l\u0103s\u00e2nd \u00een acela\u0219i timp p\u0103rul str\u0103lucitor \u0219i moale la atingere.<\/p>\n","protected":false},"featured_media":339019,"comment_status":"closed","ping_status":"open","template":"","meta":{"_acf_changed":false,"_kadence_starter_templates_imported_post":false,"_kad_post_transparent":"","_kad_post_title":"","_kad_post_layout":"","_kad_post_sidebar_id":"","_kad_post_content_style":"","_kad_post_vertical_padding":"","_kad_post_feature":"","_kad_post_feature_position":"","_kad_post_header":false,"_kad_post_footer":false,"_kad_post_classname":""},"product_brand":[217],"product_cat":[694,246,623],"product_tag":[],"class_list":{"0":"post-262562","1":"product","2":"type-product","3":"status-publish","4":"has-post-thumbnail","6":"product_brand-revolution-haircare","7":"product_cat-cosmetica-pentru-colorarea-parului","8":"product_cat-cosmetice","9":"product_cat-produse-cosmetice-pentru-par","11":"first","12":"instock","13":"product-type-external","14":"entry","15":"content-bg","16":"loop-entry"},"acf":[],"yoast_head":"<!-- This site is optimized with the Yoast SEO plugin v27.4 - https:\/\/yoast.com\/product\/yoast-seo-wordpress\/ -->\n<title>Revolution Haircare Vopsea pentru p\u0103r pentru blonde Tones forBlonde 150 ml Lavender Fields - SHOPATOA.COM<\/title>\n<meta name=\"robots\" content=\"index, follow, max-snippet:-1, max-image-preview:large, max-video-preview:-1\" \/>\n<link rel=\"canonical\" href=\"https:\/\/shopatoa.com\/ro\/revolution-haircare-vopsea-pentru-par-pentru-blonde-tones-forblonde-150-ml-lavender-fields\/\" \/>\n<meta property=\"og:locale\" content=\"ro_RO\" \/>\n<meta property=\"og:type\" content=\"article\" \/>\n<meta property=\"og:title\" content=\"Revolution Haircare Vopsea pentru p\u0103r pentru blonde Tones forBlonde 150 ml Lavender Fields - SHOPATOA.COM\" \/>\n<meta property=\"og:description\" content=\"Vopseaua pentru p\u0103r pentru blonde Hair Tones for Blondes v\u0103 permite s\u0103 v\u0103 schimba\u021bi culoarea p\u0103rului f\u0103r\u0103 a-l distruge prin decolorare. \u00cencerca\u021bi ori de c\u00e2te ori dori\u021bi s\u0103 v\u0103 anima\u021bi aspectul. Culoarea bogat\u0103 v\u0103 va oferi un ton intens de culoare, l\u0103s\u00e2nd \u00een acela\u0219i timp p\u0103rul str\u0103lucitor \u0219i moale la atingere.\" \/>\n<meta property=\"og:url\" content=\"https:\/\/shopatoa.com\/ro\/revolution-haircare-vopsea-pentru-par-pentru-blonde-tones-forblonde-150-ml-lavender-fields\/\" \/>\n<meta property=\"og:site_name\" content=\"SHOPATOA\" \/>\n<meta property=\"article:modified_time\" content=\"2025-09-15T04:08:24+00:00\" \/>\n<meta property=\"og:image\" content=\"https:\/\/storage.googleapis.com\/cz-shopatoa-img\/ro\/2b167f10-unnamed-file.webp\" \/>\n\t<meta property=\"og:image:width\" content=\"800\" \/>\n\t<meta property=\"og:image:height\" content=\"800\" \/>\n\t<meta property=\"og:image:type\" content=\"image\/webp\" \/>\n<meta name=\"twitter:card\" content=\"summary_large_image\" \/>\n<script type=\"application\/ld+json\" class=\"yoast-schema-graph\">{\"@context\":\"https:\\\/\\\/schema.org\",\"@graph\":[{\"@type\":\"WebPage\",\"@id\":\"https:\\\/\\\/shopatoa.com\\\/ro\\\/revolution-haircare-vopsea-pentru-par-pentru-blonde-tones-forblonde-150-ml-lavender-fields\\\/\",\"url\":\"https:\\\/\\\/shopatoa.com\\\/ro\\\/revolution-haircare-vopsea-pentru-par-pentru-blonde-tones-forblonde-150-ml-lavender-fields\\\/\",\"name\":\"Revolution Haircare Vopsea pentru p\u0103r pentru blonde Tones forBlonde 150 ml Lavender Fields - SHOPATOA.COM\",\"isPartOf\":{\"@id\":\"https:\\\/\\\/shopatoa.com\\\/ro\\\/#website\"},\"primaryImageOfPage\":{\"@id\":\"https:\\\/\\\/shopatoa.com\\\/ro\\\/revolution-haircare-vopsea-pentru-par-pentru-blonde-tones-forblonde-150-ml-lavender-fields\\\/#primaryimage\"},\"image\":{\"@id\":\"https:\\\/\\\/shopatoa.com\\\/ro\\\/revolution-haircare-vopsea-pentru-par-pentru-blonde-tones-forblonde-150-ml-lavender-fields\\\/#primaryimage\"},\"thumbnailUrl\":\"https:\\\/\\\/storage.googleapis.com\\\/cz-shopatoa-img\\\/ro\\\/2b167f10-unnamed-file.webp\",\"datePublished\":\"2025-04-27T15:51:51+00:00\",\"dateModified\":\"2025-09-15T04:08:24+00:00\",\"breadcrumb\":{\"@id\":\"https:\\\/\\\/shopatoa.com\\\/ro\\\/revolution-haircare-vopsea-pentru-par-pentru-blonde-tones-forblonde-150-ml-lavender-fields\\\/#breadcrumb\"},\"inLanguage\":\"ro-RO\",\"potentialAction\":[{\"@type\":\"ReadAction\",\"target\":[\"https:\\\/\\\/shopatoa.com\\\/ro\\\/revolution-haircare-vopsea-pentru-par-pentru-blonde-tones-forblonde-150-ml-lavender-fields\\\/\"]}]},{\"@type\":\"ImageObject\",\"inLanguage\":\"ro-RO\",\"@id\":\"https:\\\/\\\/shopatoa.com\\\/ro\\\/revolution-haircare-vopsea-pentru-par-pentru-blonde-tones-forblonde-150-ml-lavender-fields\\\/#primaryimage\",\"url\":\"https:\\\/\\\/storage.googleapis.com\\\/cz-shopatoa-img\\\/ro\\\/2b167f10-unnamed-file.webp\",\"contentUrl\":\"https:\\\/\\\/storage.googleapis.com\\\/cz-shopatoa-img\\\/ro\\\/2b167f10-unnamed-file.webp\",\"width\":800,\"height\":800},{\"@type\":\"BreadcrumbList\",\"@id\":\"https:\\\/\\\/shopatoa.com\\\/ro\\\/revolution-haircare-vopsea-pentru-par-pentru-blonde-tones-forblonde-150-ml-lavender-fields\\\/#breadcrumb\",\"itemListElement\":[{\"@type\":\"ListItem\",\"position\":1,\"name\":\"Dom\u016f\",\"item\":\"https:\\\/\\\/shopatoa.com\\\/ro\\\/\"},{\"@type\":\"ListItem\",\"position\":2,\"name\":\"Shop\",\"item\":\"https:\\\/\\\/shopatoa.com\\\/ro\\\/shop\\\/\"},{\"@type\":\"ListItem\",\"position\":3,\"name\":\"Cosmetice\",\"item\":\"https:\\\/\\\/shopatoa.com\\\/ro\\\/cosmetice\\\/\"},{\"@type\":\"ListItem\",\"position\":4,\"name\":\"Produse cosmetice pentru p\u0103r\",\"item\":\"https:\\\/\\\/shopatoa.com\\\/ro\\\/produse-cosmetice-pentru-par\\\/\"},{\"@type\":\"ListItem\",\"position\":5,\"name\":\"Cosmetica pentru colorarea parului\",\"item\":\"https:\\\/\\\/shopatoa.com\\\/ro\\\/cosmetica-pentru-colorarea-parului\\\/\"},{\"@type\":\"ListItem\",\"position\":6,\"name\":\"Revolution Haircare Vopsea pentru p\u0103r pentru blonde Tones forBlonde 150 ml Lavender Fields\"}]},{\"@type\":\"WebSite\",\"@id\":\"https:\\\/\\\/shopatoa.com\\\/ro\\\/#website\",\"url\":\"https:\\\/\\\/shopatoa.com\\\/ro\\\/\",\"name\":\"SHOPATOA\",\"description\":\"\",\"publisher\":{\"@id\":\"https:\\\/\\\/shopatoa.com\\\/ro\\\/#organization\"},\"potentialAction\":[{\"@type\":\"SearchAction\",\"target\":{\"@type\":\"EntryPoint\",\"urlTemplate\":\"https:\\\/\\\/shopatoa.com\\\/ro\\\/?s={search_term_string}\"},\"query-input\":{\"@type\":\"PropertyValueSpecification\",\"valueRequired\":true,\"valueName\":\"search_term_string\"}}],\"inLanguage\":\"ro-RO\"},{\"@type\":\"Organization\",\"@id\":\"https:\\\/\\\/shopatoa.com\\\/ro\\\/#organization\",\"name\":\"SHOPATOA\",\"url\":\"https:\\\/\\\/shopatoa.com\\\/ro\\\/\",\"logo\":{\"@type\":\"ImageObject\",\"inLanguage\":\"ro-RO\",\"@id\":\"https:\\\/\\\/shopatoa.com\\\/ro\\\/#\\\/schema\\\/logo\\\/image\\\/\",\"url\":\"https:\\\/\\\/storage.googleapis.com\\\/cz-shopatoa-img\\\/ro\\\/b4dac915-shopatoa_logo.png\",\"contentUrl\":\"https:\\\/\\\/storage.googleapis.com\\\/cz-shopatoa-img\\\/ro\\\/b4dac915-shopatoa_logo.png\",\"width\":416,\"height\":63,\"caption\":\"SHOPATOA\"},\"image\":{\"@id\":\"https:\\\/\\\/shopatoa.com\\\/ro\\\/#\\\/schema\\\/logo\\\/image\\\/\"}}]}<\/script>\n<!-- \/ Yoast SEO plugin. -->","yoast_head_json":{"title":"Revolution Haircare Vopsea pentru p\u0103r pentru blonde Tones forBlonde 150 ml Lavender Fields - SHOPATOA.COM","robots":{"index":"index","follow":"follow","max-snippet":"max-snippet:-1","max-image-preview":"max-image-preview:large","max-video-preview":"max-video-preview:-1"},"canonical":"https:\/\/shopatoa.com\/ro\/revolution-haircare-vopsea-pentru-par-pentru-blonde-tones-forblonde-150-ml-lavender-fields\/","og_locale":"ro_RO","og_type":"article","og_title":"Revolution Haircare Vopsea pentru p\u0103r pentru blonde Tones forBlonde 150 ml Lavender Fields - SHOPATOA.COM","og_description":"Vopseaua pentru p\u0103r pentru blonde Hair Tones for Blondes v\u0103 permite s\u0103 v\u0103 schimba\u021bi culoarea p\u0103rului f\u0103r\u0103 a-l distruge prin decolorare. \u00cencerca\u021bi ori de c\u00e2te ori dori\u021bi s\u0103 v\u0103 anima\u021bi aspectul. Culoarea bogat\u0103 v\u0103 va oferi un ton intens de culoare, l\u0103s\u00e2nd \u00een acela\u0219i timp p\u0103rul str\u0103lucitor \u0219i moale la atingere.","og_url":"https:\/\/shopatoa.com\/ro\/revolution-haircare-vopsea-pentru-par-pentru-blonde-tones-forblonde-150-ml-lavender-fields\/","og_site_name":"SHOPATOA","article_modified_time":"2025-09-15T04:08:24+00:00","og_image":[{"width":800,"height":800,"url":"https:\/\/storage.googleapis.com\/cz-shopatoa-img\/ro\/2b167f10-unnamed-file.webp","type":"image\/webp"}],"twitter_card":"summary_large_image","schema":{"@context":"https:\/\/schema.org","@graph":[{"@type":"WebPage","@id":"https:\/\/shopatoa.com\/ro\/revolution-haircare-vopsea-pentru-par-pentru-blonde-tones-forblonde-150-ml-lavender-fields\/","url":"https:\/\/shopatoa.com\/ro\/revolution-haircare-vopsea-pentru-par-pentru-blonde-tones-forblonde-150-ml-lavender-fields\/","name":"Revolution Haircare Vopsea pentru p\u0103r pentru blonde Tones forBlonde 150 ml Lavender Fields - SHOPATOA.COM","isPartOf":{"@id":"https:\/\/shopatoa.com\/ro\/#website"},"primaryImageOfPage":{"@id":"https:\/\/shopatoa.com\/ro\/revolution-haircare-vopsea-pentru-par-pentru-blonde-tones-forblonde-150-ml-lavender-fields\/#primaryimage"},"image":{"@id":"https:\/\/shopatoa.com\/ro\/revolution-haircare-vopsea-pentru-par-pentru-blonde-tones-forblonde-150-ml-lavender-fields\/#primaryimage"},"thumbnailUrl":"https:\/\/storage.googleapis.com\/cz-shopatoa-img\/ro\/2b167f10-unnamed-file.webp","datePublished":"2025-04-27T15:51:51+00:00","dateModified":"2025-09-15T04:08:24+00:00","breadcrumb":{"@id":"https:\/\/shopatoa.com\/ro\/revolution-haircare-vopsea-pentru-par-pentru-blonde-tones-forblonde-150-ml-lavender-fields\/#breadcrumb"},"inLanguage":"ro-RO","potentialAction":[{"@type":"ReadAction","target":["https:\/\/shopatoa.com\/ro\/revolution-haircare-vopsea-pentru-par-pentru-blonde-tones-forblonde-150-ml-lavender-fields\/"]}]},{"@type":"ImageObject","inLanguage":"ro-RO","@id":"https:\/\/shopatoa.com\/ro\/revolution-haircare-vopsea-pentru-par-pentru-blonde-tones-forblonde-150-ml-lavender-fields\/#primaryimage","url":"https:\/\/storage.googleapis.com\/cz-shopatoa-img\/ro\/2b167f10-unnamed-file.webp","contentUrl":"https:\/\/storage.googleapis.com\/cz-shopatoa-img\/ro\/2b167f10-unnamed-file.webp","width":800,"height":800},{"@type":"BreadcrumbList","@id":"https:\/\/shopatoa.com\/ro\/revolution-haircare-vopsea-pentru-par-pentru-blonde-tones-forblonde-150-ml-lavender-fields\/#breadcrumb","itemListElement":[{"@type":"ListItem","position":1,"name":"Dom\u016f","item":"https:\/\/shopatoa.com\/ro\/"},{"@type":"ListItem","position":2,"name":"Shop","item":"https:\/\/shopatoa.com\/ro\/shop\/"},{"@type":"ListItem","position":3,"name":"Cosmetice","item":"https:\/\/shopatoa.com\/ro\/cosmetice\/"},{"@type":"ListItem","position":4,"name":"Produse cosmetice pentru p\u0103r","item":"https:\/\/shopatoa.com\/ro\/produse-cosmetice-pentru-par\/"},{"@type":"ListItem","position":5,"name":"Cosmetica pentru colorarea parului","item":"https:\/\/shopatoa.com\/ro\/cosmetica-pentru-colorarea-parului\/"},{"@type":"ListItem","position":6,"name":"Revolution Haircare Vopsea pentru p\u0103r pentru blonde Tones forBlonde 150 ml Lavender Fields"}]},{"@type":"WebSite","@id":"https:\/\/shopatoa.com\/ro\/#website","url":"https:\/\/shopatoa.com\/ro\/","name":"SHOPATOA","description":"","publisher":{"@id":"https:\/\/shopatoa.com\/ro\/#organization"},"potentialAction":[{"@type":"SearchAction","target":{"@type":"EntryPoint","urlTemplate":"https:\/\/shopatoa.com\/ro\/?s={search_term_string}"},"query-input":{"@type":"PropertyValueSpecification","valueRequired":true,"valueName":"search_term_string"}}],"inLanguage":"ro-RO"},{"@type":"Organization","@id":"https:\/\/shopatoa.com\/ro\/#organization","name":"SHOPATOA","url":"https:\/\/shopatoa.com\/ro\/","logo":{"@type":"ImageObject","inLanguage":"ro-RO","@id":"https:\/\/shopatoa.com\/ro\/#\/schema\/logo\/image\/","url":"https:\/\/storage.googleapis.com\/cz-shopatoa-img\/ro\/b4dac915-shopatoa_logo.png","contentUrl":"https:\/\/storage.googleapis.com\/cz-shopatoa-img\/ro\/b4dac915-shopatoa_logo.png","width":416,"height":63,"caption":"SHOPATOA"},"image":{"@id":"https:\/\/shopatoa.com\/ro\/#\/schema\/logo\/image\/"}}]}},"_links":{"self":[{"href":"https:\/\/shopatoa.com\/ro\/wp-json\/wp\/v2\/product\/262562","targetHints":{"allow":["GET"]}}],"collection":[{"href":"https:\/\/shopatoa.com\/ro\/wp-json\/wp\/v2\/product"}],"about":[{"href":"https:\/\/shopatoa.com\/ro\/wp-json\/wp\/v2\/types\/product"}],"replies":[{"embeddable":true,"href":"https:\/\/shopatoa.com\/ro\/wp-json\/wp\/v2\/comments?post=262562"}],"wp:featuredmedia":[{"embeddable":true,"href":"https:\/\/shopatoa.com\/ro\/wp-json\/wp\/v2\/media\/339019"}],"wp:attachment":[{"href":"https:\/\/shopatoa.com\/ro\/wp-json\/wp\/v2\/media?parent=262562"}],"wp:term":[{"taxonomy":"product_brand","embeddable":true,"href":"https:\/\/shopatoa.com\/ro\/wp-json\/wp\/v2\/product_brand?post=262562"},{"taxonomy":"product_cat","embeddable":true,"href":"https:\/\/shopatoa.com\/ro\/wp-json\/wp\/v2\/product_cat?post=262562"},{"taxonomy":"product_tag","embeddable":true,"href":"https:\/\/shopatoa.com\/ro\/wp-json\/wp\/v2\/product_tag?post=262562"}],"curies":[{"name":"wp","href":"https:\/\/api.w.org\/{rel}","templated":true}]}}