{"id":262568,"date":"2025-04-27T17:55:46","date_gmt":"2025-04-27T15:55:46","guid":{"rendered":"https:\/\/shopatoa.com\/ro\/revolution-haircare-sampon-nutritiv-intens-pentru-par-uscat-si-deteriorat-plex-4-bond-plex-shampoo-250-ml\/"},"modified":"2025-12-14T07:22:49","modified_gmt":"2025-12-14T06:22:49","slug":"revolution-haircare-sampon-nutritiv-intens-pentru-par-uscat-si-deteriorat-plex-4-bond-plex-shampoo-250-ml","status":"publish","type":"product","link":"https:\/\/shopatoa.com\/ro\/revolution-haircare-sampon-nutritiv-intens-pentru-par-uscat-si-deteriorat-plex-4-bond-plex-shampoo-250-ml\/","title":{"rendered":"Revolution Haircare \u0218ampon nutritiv intens pentru p\u0103r uscat \u0219i deteriorat Plex 4 (Bond Plex Shampoo) 250 ml"},"content":{"rendered":"<p>Spune\u021bi adio p\u0103rului uscat \u0219i deteriorat cu linia unic\u0103 de produse Plex de la Revolution Haircare. Plex nr. 4 este un \u0219ampon pentru p\u0103r care cur\u0103\u021b\u0103 delicat, dar totu\u0219i eficient p\u0103rul \u0219i \u00eei asigur\u0103 hidratarea necesar\u0103. Cum func\u021bioneaz\u0103 produsele din gama Plex? Con\u021bine un complex de proteine vegetale cu efect de cascad\u0103 \u00een interiorul p\u0103rului. Proteinele cu greutate molecular\u0103 mare ac\u021bioneaz\u0103 pe suprafa\u021ba cuticulei p\u0103rului, o protejeaz\u0103 de deterior\u0103ri \u0219i cresc str\u0103lucirea p\u0103rului. Proteinele cu greutate molecular\u0103 medie p\u0103trund in interior \u0219i \u00eent\u0103resc cuticula p\u0103rului, cre\u00e2nd un volum mai mare. Proteinele cu greutate molecular\u0103 mic\u0103 p\u0103trund ad\u00e2nc \u00een scalp, hr\u0103nesc p\u0103rul din interior \u0219i \u00eel protejeaz\u0103 de daune. Acestea sunt \u00eembog\u0103\u021bite cu fentanetriol \u0219i provitamin\u0103 B5. Fitanetriolul este o substan\u021b\u0103 vegetal\u0103 cu o mare capacitate de hidratare, care previne uscarea excesiv\u0103 a p\u0103rului. Provitamina B5 m\u0103re\u0219te str\u0103lucirea p\u0103rului, ajut\u0103 la prevenirea ruperii \u0219i deterior\u0103rii. Acestea sunt compuse dintr-un amestec de substan\u021be cu un puternic efect de condi\u021bionare. Aceste substan\u021be sunt capabile s\u0103 netezeasc\u0103 \u0219i s\u0103 \u00eenmoaie fibrele de p\u0103r deteriorate.<\/p>\n","protected":false},"excerpt":{"rendered":"<p>Spune\u021bi adio p\u0103rului uscat \u0219i deteriorat cu linia unic\u0103 de produse Plex de la Revolution Haircare. Plex nr. 4 este un \u0219ampon pentru p\u0103r care cur\u0103\u021b\u0103 delicat, dar totu\u0219i eficient p\u0103rul \u0219i \u00eei asigur\u0103 hidratarea necesar\u0103. Cum func\u021bioneaz\u0103 produsele din gama Plex? Con\u021bine un complex de proteine vegetale cu efect de cascad\u0103 \u00een interiorul p\u0103rului&#8230;.<\/p>\n","protected":false},"featured_media":339025,"comment_status":"closed","ping_status":"open","template":"","meta":{"_acf_changed":false,"_kadence_starter_templates_imported_post":false,"_kad_post_transparent":"","_kad_post_title":"","_kad_post_layout":"","_kad_post_sidebar_id":"","_kad_post_content_style":"","_kad_post_vertical_padding":"","_kad_post_feature":"","_kad_post_feature_position":"","_kad_post_header":false,"_kad_post_footer":false,"_kad_post_classname":""},"product_brand":[217],"product_cat":[246,644,623,645],"product_tag":[],"class_list":{"0":"post-262568","1":"product","2":"type-product","3":"status-publish","4":"has-post-thumbnail","6":"product_brand-revolution-haircare","7":"product_cat-cosmetice","8":"product_cat-cosmetice-pentru-spalarea-parului","9":"product_cat-produse-cosmetice-pentru-par","10":"product_cat-sampoanele","12":"first","13":"instock","14":"sale","15":"product-type-external","16":"entry","17":"content-bg","18":"loop-entry"},"acf":[],"yoast_head":"<!-- This site is optimized with the Yoast SEO plugin v27.4 - https:\/\/yoast.com\/product\/yoast-seo-wordpress\/ -->\n<title>Revolution Haircare \u0218ampon nutritiv intens pentru p\u0103r uscat \u0219i deteriorat Plex 4 (Bond Plex Shampoo) 250 ml - SHOPATOA.COM<\/title>\n<meta name=\"robots\" content=\"index, follow, max-snippet:-1, max-image-preview:large, max-video-preview:-1\" \/>\n<link rel=\"canonical\" href=\"https:\/\/shopatoa.com\/ro\/revolution-haircare-sampon-nutritiv-intens-pentru-par-uscat-si-deteriorat-plex-4-bond-plex-shampoo-250-ml\/\" \/>\n<meta property=\"og:locale\" content=\"ro_RO\" \/>\n<meta property=\"og:type\" content=\"article\" \/>\n<meta property=\"og:title\" content=\"Revolution Haircare \u0218ampon nutritiv intens pentru p\u0103r uscat \u0219i deteriorat Plex 4 (Bond Plex Shampoo) 250 ml - SHOPATOA.COM\" \/>\n<meta property=\"og:description\" content=\"Spune\u021bi adio p\u0103rului uscat \u0219i deteriorat cu linia unic\u0103 de produse Plex de la Revolution Haircare. Plex nr. 4 este un \u0219ampon pentru p\u0103r care cur\u0103\u021b\u0103 delicat, dar totu\u0219i eficient p\u0103rul \u0219i \u00eei asigur\u0103 hidratarea necesar\u0103. Cum func\u021bioneaz\u0103 produsele din gama Plex? Con\u021bine un complex de proteine vegetale cu efect de cascad\u0103 \u00een interiorul p\u0103rului....\" \/>\n<meta property=\"og:url\" content=\"https:\/\/shopatoa.com\/ro\/revolution-haircare-sampon-nutritiv-intens-pentru-par-uscat-si-deteriorat-plex-4-bond-plex-shampoo-250-ml\/\" \/>\n<meta property=\"og:site_name\" content=\"SHOPATOA\" \/>\n<meta property=\"article:modified_time\" content=\"2025-12-14T06:22:49+00:00\" \/>\n<meta property=\"og:image\" content=\"https:\/\/storage.googleapis.com\/cz-shopatoa-img\/ro\/750b14c9-unnamed-file.webp\" \/>\n\t<meta property=\"og:image:width\" content=\"800\" \/>\n\t<meta property=\"og:image:height\" content=\"800\" \/>\n\t<meta property=\"og:image:type\" content=\"image\/webp\" \/>\n<meta name=\"twitter:card\" content=\"summary_large_image\" \/>\n<meta name=\"twitter:label1\" content=\"Timp estimat pentru citire\" \/>\n\t<meta name=\"twitter:data1\" content=\"1 minut\" \/>\n<script type=\"application\/ld+json\" class=\"yoast-schema-graph\">{\"@context\":\"https:\\\/\\\/schema.org\",\"@graph\":[{\"@type\":\"WebPage\",\"@id\":\"https:\\\/\\\/shopatoa.com\\\/ro\\\/revolution-haircare-sampon-nutritiv-intens-pentru-par-uscat-si-deteriorat-plex-4-bond-plex-shampoo-250-ml\\\/\",\"url\":\"https:\\\/\\\/shopatoa.com\\\/ro\\\/revolution-haircare-sampon-nutritiv-intens-pentru-par-uscat-si-deteriorat-plex-4-bond-plex-shampoo-250-ml\\\/\",\"name\":\"Revolution Haircare \u0218ampon nutritiv intens pentru p\u0103r uscat \u0219i deteriorat Plex 4 (Bond Plex Shampoo) 250 ml - SHOPATOA.COM\",\"isPartOf\":{\"@id\":\"https:\\\/\\\/shopatoa.com\\\/ro\\\/#website\"},\"primaryImageOfPage\":{\"@id\":\"https:\\\/\\\/shopatoa.com\\\/ro\\\/revolution-haircare-sampon-nutritiv-intens-pentru-par-uscat-si-deteriorat-plex-4-bond-plex-shampoo-250-ml\\\/#primaryimage\"},\"image\":{\"@id\":\"https:\\\/\\\/shopatoa.com\\\/ro\\\/revolution-haircare-sampon-nutritiv-intens-pentru-par-uscat-si-deteriorat-plex-4-bond-plex-shampoo-250-ml\\\/#primaryimage\"},\"thumbnailUrl\":\"https:\\\/\\\/storage.googleapis.com\\\/cz-shopatoa-img\\\/ro\\\/750b14c9-unnamed-file.webp\",\"datePublished\":\"2025-04-27T15:55:46+00:00\",\"dateModified\":\"2025-12-14T06:22:49+00:00\",\"breadcrumb\":{\"@id\":\"https:\\\/\\\/shopatoa.com\\\/ro\\\/revolution-haircare-sampon-nutritiv-intens-pentru-par-uscat-si-deteriorat-plex-4-bond-plex-shampoo-250-ml\\\/#breadcrumb\"},\"inLanguage\":\"ro-RO\",\"potentialAction\":[{\"@type\":\"ReadAction\",\"target\":[\"https:\\\/\\\/shopatoa.com\\\/ro\\\/revolution-haircare-sampon-nutritiv-intens-pentru-par-uscat-si-deteriorat-plex-4-bond-plex-shampoo-250-ml\\\/\"]}]},{\"@type\":\"ImageObject\",\"inLanguage\":\"ro-RO\",\"@id\":\"https:\\\/\\\/shopatoa.com\\\/ro\\\/revolution-haircare-sampon-nutritiv-intens-pentru-par-uscat-si-deteriorat-plex-4-bond-plex-shampoo-250-ml\\\/#primaryimage\",\"url\":\"https:\\\/\\\/storage.googleapis.com\\\/cz-shopatoa-img\\\/ro\\\/750b14c9-unnamed-file.webp\",\"contentUrl\":\"https:\\\/\\\/storage.googleapis.com\\\/cz-shopatoa-img\\\/ro\\\/750b14c9-unnamed-file.webp\",\"width\":800,\"height\":800},{\"@type\":\"BreadcrumbList\",\"@id\":\"https:\\\/\\\/shopatoa.com\\\/ro\\\/revolution-haircare-sampon-nutritiv-intens-pentru-par-uscat-si-deteriorat-plex-4-bond-plex-shampoo-250-ml\\\/#breadcrumb\",\"itemListElement\":[{\"@type\":\"ListItem\",\"position\":1,\"name\":\"Dom\u016f\",\"item\":\"https:\\\/\\\/shopatoa.com\\\/ro\\\/\"},{\"@type\":\"ListItem\",\"position\":2,\"name\":\"Shop\",\"item\":\"https:\\\/\\\/shopatoa.com\\\/ro\\\/shop\\\/\"},{\"@type\":\"ListItem\",\"position\":3,\"name\":\"Cosmetice\",\"item\":\"https:\\\/\\\/shopatoa.com\\\/ro\\\/cosmetice\\\/\"},{\"@type\":\"ListItem\",\"position\":4,\"name\":\"Produse cosmetice pentru p\u0103r\",\"item\":\"https:\\\/\\\/shopatoa.com\\\/ro\\\/produse-cosmetice-pentru-par\\\/\"},{\"@type\":\"ListItem\",\"position\":5,\"name\":\"Cosmetice pentru sp\u0103larea p\u0103rului\",\"item\":\"https:\\\/\\\/shopatoa.com\\\/ro\\\/cosmetice-pentru-spalarea-parului\\\/\"},{\"@type\":\"ListItem\",\"position\":6,\"name\":\"Sampoanele\",\"item\":\"https:\\\/\\\/shopatoa.com\\\/ro\\\/sampoanele\\\/\"},{\"@type\":\"ListItem\",\"position\":7,\"name\":\"Revolution Haircare \u0218ampon nutritiv intens pentru p\u0103r uscat \u0219i deteriorat Plex 4 (Bond Plex Shampoo) 250 ml\"}]},{\"@type\":\"WebSite\",\"@id\":\"https:\\\/\\\/shopatoa.com\\\/ro\\\/#website\",\"url\":\"https:\\\/\\\/shopatoa.com\\\/ro\\\/\",\"name\":\"SHOPATOA\",\"description\":\"\",\"publisher\":{\"@id\":\"https:\\\/\\\/shopatoa.com\\\/ro\\\/#organization\"},\"potentialAction\":[{\"@type\":\"SearchAction\",\"target\":{\"@type\":\"EntryPoint\",\"urlTemplate\":\"https:\\\/\\\/shopatoa.com\\\/ro\\\/?s={search_term_string}\"},\"query-input\":{\"@type\":\"PropertyValueSpecification\",\"valueRequired\":true,\"valueName\":\"search_term_string\"}}],\"inLanguage\":\"ro-RO\"},{\"@type\":\"Organization\",\"@id\":\"https:\\\/\\\/shopatoa.com\\\/ro\\\/#organization\",\"name\":\"SHOPATOA\",\"url\":\"https:\\\/\\\/shopatoa.com\\\/ro\\\/\",\"logo\":{\"@type\":\"ImageObject\",\"inLanguage\":\"ro-RO\",\"@id\":\"https:\\\/\\\/shopatoa.com\\\/ro\\\/#\\\/schema\\\/logo\\\/image\\\/\",\"url\":\"https:\\\/\\\/storage.googleapis.com\\\/cz-shopatoa-img\\\/ro\\\/b4dac915-shopatoa_logo.png\",\"contentUrl\":\"https:\\\/\\\/storage.googleapis.com\\\/cz-shopatoa-img\\\/ro\\\/b4dac915-shopatoa_logo.png\",\"width\":416,\"height\":63,\"caption\":\"SHOPATOA\"},\"image\":{\"@id\":\"https:\\\/\\\/shopatoa.com\\\/ro\\\/#\\\/schema\\\/logo\\\/image\\\/\"}}]}<\/script>\n<!-- \/ Yoast SEO plugin. -->","yoast_head_json":{"title":"Revolution Haircare \u0218ampon nutritiv intens pentru p\u0103r uscat \u0219i deteriorat Plex 4 (Bond Plex Shampoo) 250 ml - SHOPATOA.COM","robots":{"index":"index","follow":"follow","max-snippet":"max-snippet:-1","max-image-preview":"max-image-preview:large","max-video-preview":"max-video-preview:-1"},"canonical":"https:\/\/shopatoa.com\/ro\/revolution-haircare-sampon-nutritiv-intens-pentru-par-uscat-si-deteriorat-plex-4-bond-plex-shampoo-250-ml\/","og_locale":"ro_RO","og_type":"article","og_title":"Revolution Haircare \u0218ampon nutritiv intens pentru p\u0103r uscat \u0219i deteriorat Plex 4 (Bond Plex Shampoo) 250 ml - SHOPATOA.COM","og_description":"Spune\u021bi adio p\u0103rului uscat \u0219i deteriorat cu linia unic\u0103 de produse Plex de la Revolution Haircare. Plex nr. 4 este un \u0219ampon pentru p\u0103r care cur\u0103\u021b\u0103 delicat, dar totu\u0219i eficient p\u0103rul \u0219i \u00eei asigur\u0103 hidratarea necesar\u0103. Cum func\u021bioneaz\u0103 produsele din gama Plex? Con\u021bine un complex de proteine vegetale cu efect de cascad\u0103 \u00een interiorul p\u0103rului....","og_url":"https:\/\/shopatoa.com\/ro\/revolution-haircare-sampon-nutritiv-intens-pentru-par-uscat-si-deteriorat-plex-4-bond-plex-shampoo-250-ml\/","og_site_name":"SHOPATOA","article_modified_time":"2025-12-14T06:22:49+00:00","og_image":[{"width":800,"height":800,"url":"https:\/\/storage.googleapis.com\/cz-shopatoa-img\/ro\/750b14c9-unnamed-file.webp","type":"image\/webp"}],"twitter_card":"summary_large_image","twitter_misc":{"Timp estimat pentru citire":"1 minut"},"schema":{"@context":"https:\/\/schema.org","@graph":[{"@type":"WebPage","@id":"https:\/\/shopatoa.com\/ro\/revolution-haircare-sampon-nutritiv-intens-pentru-par-uscat-si-deteriorat-plex-4-bond-plex-shampoo-250-ml\/","url":"https:\/\/shopatoa.com\/ro\/revolution-haircare-sampon-nutritiv-intens-pentru-par-uscat-si-deteriorat-plex-4-bond-plex-shampoo-250-ml\/","name":"Revolution Haircare \u0218ampon nutritiv intens pentru p\u0103r uscat \u0219i deteriorat Plex 4 (Bond Plex Shampoo) 250 ml - SHOPATOA.COM","isPartOf":{"@id":"https:\/\/shopatoa.com\/ro\/#website"},"primaryImageOfPage":{"@id":"https:\/\/shopatoa.com\/ro\/revolution-haircare-sampon-nutritiv-intens-pentru-par-uscat-si-deteriorat-plex-4-bond-plex-shampoo-250-ml\/#primaryimage"},"image":{"@id":"https:\/\/shopatoa.com\/ro\/revolution-haircare-sampon-nutritiv-intens-pentru-par-uscat-si-deteriorat-plex-4-bond-plex-shampoo-250-ml\/#primaryimage"},"thumbnailUrl":"https:\/\/storage.googleapis.com\/cz-shopatoa-img\/ro\/750b14c9-unnamed-file.webp","datePublished":"2025-04-27T15:55:46+00:00","dateModified":"2025-12-14T06:22:49+00:00","breadcrumb":{"@id":"https:\/\/shopatoa.com\/ro\/revolution-haircare-sampon-nutritiv-intens-pentru-par-uscat-si-deteriorat-plex-4-bond-plex-shampoo-250-ml\/#breadcrumb"},"inLanguage":"ro-RO","potentialAction":[{"@type":"ReadAction","target":["https:\/\/shopatoa.com\/ro\/revolution-haircare-sampon-nutritiv-intens-pentru-par-uscat-si-deteriorat-plex-4-bond-plex-shampoo-250-ml\/"]}]},{"@type":"ImageObject","inLanguage":"ro-RO","@id":"https:\/\/shopatoa.com\/ro\/revolution-haircare-sampon-nutritiv-intens-pentru-par-uscat-si-deteriorat-plex-4-bond-plex-shampoo-250-ml\/#primaryimage","url":"https:\/\/storage.googleapis.com\/cz-shopatoa-img\/ro\/750b14c9-unnamed-file.webp","contentUrl":"https:\/\/storage.googleapis.com\/cz-shopatoa-img\/ro\/750b14c9-unnamed-file.webp","width":800,"height":800},{"@type":"BreadcrumbList","@id":"https:\/\/shopatoa.com\/ro\/revolution-haircare-sampon-nutritiv-intens-pentru-par-uscat-si-deteriorat-plex-4-bond-plex-shampoo-250-ml\/#breadcrumb","itemListElement":[{"@type":"ListItem","position":1,"name":"Dom\u016f","item":"https:\/\/shopatoa.com\/ro\/"},{"@type":"ListItem","position":2,"name":"Shop","item":"https:\/\/shopatoa.com\/ro\/shop\/"},{"@type":"ListItem","position":3,"name":"Cosmetice","item":"https:\/\/shopatoa.com\/ro\/cosmetice\/"},{"@type":"ListItem","position":4,"name":"Produse cosmetice pentru p\u0103r","item":"https:\/\/shopatoa.com\/ro\/produse-cosmetice-pentru-par\/"},{"@type":"ListItem","position":5,"name":"Cosmetice pentru sp\u0103larea p\u0103rului","item":"https:\/\/shopatoa.com\/ro\/cosmetice-pentru-spalarea-parului\/"},{"@type":"ListItem","position":6,"name":"Sampoanele","item":"https:\/\/shopatoa.com\/ro\/sampoanele\/"},{"@type":"ListItem","position":7,"name":"Revolution Haircare \u0218ampon nutritiv intens pentru p\u0103r uscat \u0219i deteriorat Plex 4 (Bond Plex Shampoo) 250 ml"}]},{"@type":"WebSite","@id":"https:\/\/shopatoa.com\/ro\/#website","url":"https:\/\/shopatoa.com\/ro\/","name":"SHOPATOA","description":"","publisher":{"@id":"https:\/\/shopatoa.com\/ro\/#organization"},"potentialAction":[{"@type":"SearchAction","target":{"@type":"EntryPoint","urlTemplate":"https:\/\/shopatoa.com\/ro\/?s={search_term_string}"},"query-input":{"@type":"PropertyValueSpecification","valueRequired":true,"valueName":"search_term_string"}}],"inLanguage":"ro-RO"},{"@type":"Organization","@id":"https:\/\/shopatoa.com\/ro\/#organization","name":"SHOPATOA","url":"https:\/\/shopatoa.com\/ro\/","logo":{"@type":"ImageObject","inLanguage":"ro-RO","@id":"https:\/\/shopatoa.com\/ro\/#\/schema\/logo\/image\/","url":"https:\/\/storage.googleapis.com\/cz-shopatoa-img\/ro\/b4dac915-shopatoa_logo.png","contentUrl":"https:\/\/storage.googleapis.com\/cz-shopatoa-img\/ro\/b4dac915-shopatoa_logo.png","width":416,"height":63,"caption":"SHOPATOA"},"image":{"@id":"https:\/\/shopatoa.com\/ro\/#\/schema\/logo\/image\/"}}]}},"_links":{"self":[{"href":"https:\/\/shopatoa.com\/ro\/wp-json\/wp\/v2\/product\/262568","targetHints":{"allow":["GET"]}}],"collection":[{"href":"https:\/\/shopatoa.com\/ro\/wp-json\/wp\/v2\/product"}],"about":[{"href":"https:\/\/shopatoa.com\/ro\/wp-json\/wp\/v2\/types\/product"}],"replies":[{"embeddable":true,"href":"https:\/\/shopatoa.com\/ro\/wp-json\/wp\/v2\/comments?post=262568"}],"wp:featuredmedia":[{"embeddable":true,"href":"https:\/\/shopatoa.com\/ro\/wp-json\/wp\/v2\/media\/339025"}],"wp:attachment":[{"href":"https:\/\/shopatoa.com\/ro\/wp-json\/wp\/v2\/media?parent=262568"}],"wp:term":[{"taxonomy":"product_brand","embeddable":true,"href":"https:\/\/shopatoa.com\/ro\/wp-json\/wp\/v2\/product_brand?post=262568"},{"taxonomy":"product_cat","embeddable":true,"href":"https:\/\/shopatoa.com\/ro\/wp-json\/wp\/v2\/product_cat?post=262568"},{"taxonomy":"product_tag","embeddable":true,"href":"https:\/\/shopatoa.com\/ro\/wp-json\/wp\/v2\/product_tag?post=262568"}],"curies":[{"name":"wp","href":"https:\/\/api.w.org\/{rel}","templated":true}]}}