{"id":262573,"date":"2025-04-27T17:56:30","date_gmt":"2025-04-27T15:56:30","guid":{"rendered":"https:\/\/shopatoa.com\/ro\/revolution-machiaj-hidratant-relove-super-serum-hyaluronic-acid-foundation-25-ml-f2\/"},"modified":"2025-12-14T07:15:15","modified_gmt":"2025-12-14T06:15:15","slug":"revolution-machiaj-hidratant-relove-super-serum-hyaluronic-acid-foundation-25-ml-f2","status":"publish","type":"product","link":"https:\/\/shopatoa.com\/ro\/revolution-machiaj-hidratant-relove-super-serum-hyaluronic-acid-foundation-25-ml-f2\/","title":{"rendered":"Revolution Machiaj hidratant Relove Super Serum (Hyaluronic Acid Foundation) 25 ml F2"},"content":{"rendered":"<p>Cu machiajul revolu\u021bionar Super Serum Foundation, ve\u021bi ob\u021bine o piele perfect unificat\u0103, care va ar\u0103ta \u00een continuare natural\u0103. Textura super u\u0219oar\u0103 a machiajului este pl\u0103cut\u0103 pe piele \u0219i se stratific\u0103 bine, astfel \u00eenc\u00e2t s\u0103 pute\u021bi atinge cu u\u0219urin\u021b\u0103 gradul de acoperire exact \u00een func\u021bie de ideile dvs. \u00cen plus, este \u00eembog\u0103\u021bit cu acid hialuronic hidratant, care men\u021bine pielea hidratat\u0103 pe tot parcursul aplic\u0103rii machiajului \u0219i previne formarea petelor uscate.<\/p>\n","protected":false},"excerpt":{"rendered":"<p>Cu machiajul revolu\u021bionar Super Serum Foundation, ve\u021bi ob\u021bine o piele perfect unificat\u0103, care va ar\u0103ta \u00een continuare natural\u0103. Textura super u\u0219oar\u0103 a machiajului este pl\u0103cut\u0103 pe piele \u0219i se stratific\u0103 bine, astfel \u00eenc\u00e2t s\u0103 pute\u021bi atinge cu u\u0219urin\u021b\u0103 gradul de acoperire exact \u00een func\u021bie de ideile dvs. \u00cen plus, este \u00eembog\u0103\u021bit cu acid hialuronic hidratant,&#8230;<\/p>\n","protected":false},"featured_media":339030,"comment_status":"closed","ping_status":"open","template":"","meta":{"_acf_changed":false,"_kadence_starter_templates_imported_post":false,"_kad_post_transparent":"","_kad_post_title":"","_kad_post_layout":"","_kad_post_sidebar_id":"","_kad_post_content_style":"","_kad_post_vertical_padding":"","_kad_post_feature":"","_kad_post_feature_position":"","_kad_post_header":false,"_kad_post_footer":false,"_kad_post_classname":""},"product_brand":[130],"product_cat":[246,609,616,705],"product_tag":[],"class_list":{"0":"post-262573","1":"product","2":"type-product","3":"status-publish","4":"has-post-thumbnail","6":"product_brand-revolution","7":"product_cat-cosmetice","8":"product_cat-cosmetice-decorative","9":"product_cat-machiaj-pentru-fata","10":"product_cat-make-ups","12":"first","13":"instock","14":"product-type-external","15":"entry","16":"content-bg","17":"loop-entry"},"acf":[],"yoast_head":"<!-- This site is optimized with the Yoast SEO plugin v27.3 - https:\/\/yoast.com\/product\/yoast-seo-wordpress\/ -->\n<title>Revolution Machiaj hidratant Relove Super Serum (Hyaluronic Acid Foundation) 25 ml F2 - SHOPATOA.COM<\/title>\n<meta name=\"robots\" content=\"index, follow, max-snippet:-1, max-image-preview:large, max-video-preview:-1\" \/>\n<link rel=\"canonical\" href=\"https:\/\/shopatoa.com\/ro\/revolution-machiaj-hidratant-relove-super-serum-hyaluronic-acid-foundation-25-ml-f2\/\" \/>\n<meta property=\"og:locale\" content=\"ro_RO\" \/>\n<meta property=\"og:type\" content=\"article\" \/>\n<meta property=\"og:title\" content=\"Revolution Machiaj hidratant Relove Super Serum (Hyaluronic Acid Foundation) 25 ml F2 - SHOPATOA.COM\" \/>\n<meta property=\"og:description\" content=\"Cu machiajul revolu\u021bionar Super Serum Foundation, ve\u021bi ob\u021bine o piele perfect unificat\u0103, care va ar\u0103ta \u00een continuare natural\u0103. Textura super u\u0219oar\u0103 a machiajului este pl\u0103cut\u0103 pe piele \u0219i se stratific\u0103 bine, astfel \u00eenc\u00e2t s\u0103 pute\u021bi atinge cu u\u0219urin\u021b\u0103 gradul de acoperire exact \u00een func\u021bie de ideile dvs. \u00cen plus, este \u00eembog\u0103\u021bit cu acid hialuronic hidratant,...\" \/>\n<meta property=\"og:url\" content=\"https:\/\/shopatoa.com\/ro\/revolution-machiaj-hidratant-relove-super-serum-hyaluronic-acid-foundation-25-ml-f2\/\" \/>\n<meta property=\"og:site_name\" content=\"SHOPATOA\" \/>\n<meta property=\"article:modified_time\" content=\"2025-12-14T06:15:15+00:00\" \/>\n<meta property=\"og:image\" content=\"https:\/\/storage.googleapis.com\/cz-shopatoa-img\/ro\/0ca464a8-unnamed-file.webp\" \/>\n\t<meta property=\"og:image:width\" content=\"800\" \/>\n\t<meta property=\"og:image:height\" content=\"800\" \/>\n\t<meta property=\"og:image:type\" content=\"image\/webp\" \/>\n<meta name=\"twitter:card\" content=\"summary_large_image\" \/>\n<script type=\"application\/ld+json\" class=\"yoast-schema-graph\">{\"@context\":\"https:\\\/\\\/schema.org\",\"@graph\":[{\"@type\":\"WebPage\",\"@id\":\"https:\\\/\\\/shopatoa.com\\\/ro\\\/revolution-machiaj-hidratant-relove-super-serum-hyaluronic-acid-foundation-25-ml-f2\\\/\",\"url\":\"https:\\\/\\\/shopatoa.com\\\/ro\\\/revolution-machiaj-hidratant-relove-super-serum-hyaluronic-acid-foundation-25-ml-f2\\\/\",\"name\":\"Revolution Machiaj hidratant Relove Super Serum (Hyaluronic Acid Foundation) 25 ml F2 - SHOPATOA.COM\",\"isPartOf\":{\"@id\":\"https:\\\/\\\/shopatoa.com\\\/ro\\\/#website\"},\"primaryImageOfPage\":{\"@id\":\"https:\\\/\\\/shopatoa.com\\\/ro\\\/revolution-machiaj-hidratant-relove-super-serum-hyaluronic-acid-foundation-25-ml-f2\\\/#primaryimage\"},\"image\":{\"@id\":\"https:\\\/\\\/shopatoa.com\\\/ro\\\/revolution-machiaj-hidratant-relove-super-serum-hyaluronic-acid-foundation-25-ml-f2\\\/#primaryimage\"},\"thumbnailUrl\":\"https:\\\/\\\/storage.googleapis.com\\\/cz-shopatoa-img\\\/ro\\\/0ca464a8-unnamed-file.webp\",\"datePublished\":\"2025-04-27T15:56:30+00:00\",\"dateModified\":\"2025-12-14T06:15:15+00:00\",\"breadcrumb\":{\"@id\":\"https:\\\/\\\/shopatoa.com\\\/ro\\\/revolution-machiaj-hidratant-relove-super-serum-hyaluronic-acid-foundation-25-ml-f2\\\/#breadcrumb\"},\"inLanguage\":\"ro-RO\",\"potentialAction\":[{\"@type\":\"ReadAction\",\"target\":[\"https:\\\/\\\/shopatoa.com\\\/ro\\\/revolution-machiaj-hidratant-relove-super-serum-hyaluronic-acid-foundation-25-ml-f2\\\/\"]}]},{\"@type\":\"ImageObject\",\"inLanguage\":\"ro-RO\",\"@id\":\"https:\\\/\\\/shopatoa.com\\\/ro\\\/revolution-machiaj-hidratant-relove-super-serum-hyaluronic-acid-foundation-25-ml-f2\\\/#primaryimage\",\"url\":\"https:\\\/\\\/storage.googleapis.com\\\/cz-shopatoa-img\\\/ro\\\/0ca464a8-unnamed-file.webp\",\"contentUrl\":\"https:\\\/\\\/storage.googleapis.com\\\/cz-shopatoa-img\\\/ro\\\/0ca464a8-unnamed-file.webp\",\"width\":800,\"height\":800},{\"@type\":\"BreadcrumbList\",\"@id\":\"https:\\\/\\\/shopatoa.com\\\/ro\\\/revolution-machiaj-hidratant-relove-super-serum-hyaluronic-acid-foundation-25-ml-f2\\\/#breadcrumb\",\"itemListElement\":[{\"@type\":\"ListItem\",\"position\":1,\"name\":\"Dom\u016f\",\"item\":\"https:\\\/\\\/shopatoa.com\\\/ro\\\/\"},{\"@type\":\"ListItem\",\"position\":2,\"name\":\"Shop\",\"item\":\"https:\\\/\\\/shopatoa.com\\\/ro\\\/shop\\\/\"},{\"@type\":\"ListItem\",\"position\":3,\"name\":\"Cosmetice\",\"item\":\"https:\\\/\\\/shopatoa.com\\\/ro\\\/cosmetice\\\/\"},{\"@type\":\"ListItem\",\"position\":4,\"name\":\"Cosmetice decorative\",\"item\":\"https:\\\/\\\/shopatoa.com\\\/ro\\\/cosmetice-decorative\\\/\"},{\"@type\":\"ListItem\",\"position\":5,\"name\":\"Machiaj pentru fa\u021ba\",\"item\":\"https:\\\/\\\/shopatoa.com\\\/ro\\\/machiaj-pentru-fata\\\/\"},{\"@type\":\"ListItem\",\"position\":6,\"name\":\"Make-ups\",\"item\":\"https:\\\/\\\/shopatoa.com\\\/ro\\\/make-ups\\\/\"},{\"@type\":\"ListItem\",\"position\":7,\"name\":\"Revolution Machiaj hidratant Relove Super Serum (Hyaluronic Acid Foundation) 25 ml F2\"}]},{\"@type\":\"WebSite\",\"@id\":\"https:\\\/\\\/shopatoa.com\\\/ro\\\/#website\",\"url\":\"https:\\\/\\\/shopatoa.com\\\/ro\\\/\",\"name\":\"SHOPATOA\",\"description\":\"\",\"publisher\":{\"@id\":\"https:\\\/\\\/shopatoa.com\\\/ro\\\/#organization\"},\"potentialAction\":[{\"@type\":\"SearchAction\",\"target\":{\"@type\":\"EntryPoint\",\"urlTemplate\":\"https:\\\/\\\/shopatoa.com\\\/ro\\\/?s={search_term_string}\"},\"query-input\":{\"@type\":\"PropertyValueSpecification\",\"valueRequired\":true,\"valueName\":\"search_term_string\"}}],\"inLanguage\":\"ro-RO\"},{\"@type\":\"Organization\",\"@id\":\"https:\\\/\\\/shopatoa.com\\\/ro\\\/#organization\",\"name\":\"SHOPATOA\",\"url\":\"https:\\\/\\\/shopatoa.com\\\/ro\\\/\",\"logo\":{\"@type\":\"ImageObject\",\"inLanguage\":\"ro-RO\",\"@id\":\"https:\\\/\\\/shopatoa.com\\\/ro\\\/#\\\/schema\\\/logo\\\/image\\\/\",\"url\":\"https:\\\/\\\/storage.googleapis.com\\\/cz-shopatoa-img\\\/ro\\\/b4dac915-shopatoa_logo.png\",\"contentUrl\":\"https:\\\/\\\/storage.googleapis.com\\\/cz-shopatoa-img\\\/ro\\\/b4dac915-shopatoa_logo.png\",\"width\":416,\"height\":63,\"caption\":\"SHOPATOA\"},\"image\":{\"@id\":\"https:\\\/\\\/shopatoa.com\\\/ro\\\/#\\\/schema\\\/logo\\\/image\\\/\"}}]}<\/script>\n<!-- \/ Yoast SEO plugin. -->","yoast_head_json":{"title":"Revolution Machiaj hidratant Relove Super Serum (Hyaluronic Acid Foundation) 25 ml F2 - SHOPATOA.COM","robots":{"index":"index","follow":"follow","max-snippet":"max-snippet:-1","max-image-preview":"max-image-preview:large","max-video-preview":"max-video-preview:-1"},"canonical":"https:\/\/shopatoa.com\/ro\/revolution-machiaj-hidratant-relove-super-serum-hyaluronic-acid-foundation-25-ml-f2\/","og_locale":"ro_RO","og_type":"article","og_title":"Revolution Machiaj hidratant Relove Super Serum (Hyaluronic Acid Foundation) 25 ml F2 - SHOPATOA.COM","og_description":"Cu machiajul revolu\u021bionar Super Serum Foundation, ve\u021bi ob\u021bine o piele perfect unificat\u0103, care va ar\u0103ta \u00een continuare natural\u0103. Textura super u\u0219oar\u0103 a machiajului este pl\u0103cut\u0103 pe piele \u0219i se stratific\u0103 bine, astfel \u00eenc\u00e2t s\u0103 pute\u021bi atinge cu u\u0219urin\u021b\u0103 gradul de acoperire exact \u00een func\u021bie de ideile dvs. \u00cen plus, este \u00eembog\u0103\u021bit cu acid hialuronic hidratant,...","og_url":"https:\/\/shopatoa.com\/ro\/revolution-machiaj-hidratant-relove-super-serum-hyaluronic-acid-foundation-25-ml-f2\/","og_site_name":"SHOPATOA","article_modified_time":"2025-12-14T06:15:15+00:00","og_image":[{"width":800,"height":800,"url":"https:\/\/storage.googleapis.com\/cz-shopatoa-img\/ro\/0ca464a8-unnamed-file.webp","type":"image\/webp"}],"twitter_card":"summary_large_image","schema":{"@context":"https:\/\/schema.org","@graph":[{"@type":"WebPage","@id":"https:\/\/shopatoa.com\/ro\/revolution-machiaj-hidratant-relove-super-serum-hyaluronic-acid-foundation-25-ml-f2\/","url":"https:\/\/shopatoa.com\/ro\/revolution-machiaj-hidratant-relove-super-serum-hyaluronic-acid-foundation-25-ml-f2\/","name":"Revolution Machiaj hidratant Relove Super Serum (Hyaluronic Acid Foundation) 25 ml F2 - SHOPATOA.COM","isPartOf":{"@id":"https:\/\/shopatoa.com\/ro\/#website"},"primaryImageOfPage":{"@id":"https:\/\/shopatoa.com\/ro\/revolution-machiaj-hidratant-relove-super-serum-hyaluronic-acid-foundation-25-ml-f2\/#primaryimage"},"image":{"@id":"https:\/\/shopatoa.com\/ro\/revolution-machiaj-hidratant-relove-super-serum-hyaluronic-acid-foundation-25-ml-f2\/#primaryimage"},"thumbnailUrl":"https:\/\/storage.googleapis.com\/cz-shopatoa-img\/ro\/0ca464a8-unnamed-file.webp","datePublished":"2025-04-27T15:56:30+00:00","dateModified":"2025-12-14T06:15:15+00:00","breadcrumb":{"@id":"https:\/\/shopatoa.com\/ro\/revolution-machiaj-hidratant-relove-super-serum-hyaluronic-acid-foundation-25-ml-f2\/#breadcrumb"},"inLanguage":"ro-RO","potentialAction":[{"@type":"ReadAction","target":["https:\/\/shopatoa.com\/ro\/revolution-machiaj-hidratant-relove-super-serum-hyaluronic-acid-foundation-25-ml-f2\/"]}]},{"@type":"ImageObject","inLanguage":"ro-RO","@id":"https:\/\/shopatoa.com\/ro\/revolution-machiaj-hidratant-relove-super-serum-hyaluronic-acid-foundation-25-ml-f2\/#primaryimage","url":"https:\/\/storage.googleapis.com\/cz-shopatoa-img\/ro\/0ca464a8-unnamed-file.webp","contentUrl":"https:\/\/storage.googleapis.com\/cz-shopatoa-img\/ro\/0ca464a8-unnamed-file.webp","width":800,"height":800},{"@type":"BreadcrumbList","@id":"https:\/\/shopatoa.com\/ro\/revolution-machiaj-hidratant-relove-super-serum-hyaluronic-acid-foundation-25-ml-f2\/#breadcrumb","itemListElement":[{"@type":"ListItem","position":1,"name":"Dom\u016f","item":"https:\/\/shopatoa.com\/ro\/"},{"@type":"ListItem","position":2,"name":"Shop","item":"https:\/\/shopatoa.com\/ro\/shop\/"},{"@type":"ListItem","position":3,"name":"Cosmetice","item":"https:\/\/shopatoa.com\/ro\/cosmetice\/"},{"@type":"ListItem","position":4,"name":"Cosmetice decorative","item":"https:\/\/shopatoa.com\/ro\/cosmetice-decorative\/"},{"@type":"ListItem","position":5,"name":"Machiaj pentru fa\u021ba","item":"https:\/\/shopatoa.com\/ro\/machiaj-pentru-fata\/"},{"@type":"ListItem","position":6,"name":"Make-ups","item":"https:\/\/shopatoa.com\/ro\/make-ups\/"},{"@type":"ListItem","position":7,"name":"Revolution Machiaj hidratant Relove Super Serum (Hyaluronic Acid Foundation) 25 ml F2"}]},{"@type":"WebSite","@id":"https:\/\/shopatoa.com\/ro\/#website","url":"https:\/\/shopatoa.com\/ro\/","name":"SHOPATOA","description":"","publisher":{"@id":"https:\/\/shopatoa.com\/ro\/#organization"},"potentialAction":[{"@type":"SearchAction","target":{"@type":"EntryPoint","urlTemplate":"https:\/\/shopatoa.com\/ro\/?s={search_term_string}"},"query-input":{"@type":"PropertyValueSpecification","valueRequired":true,"valueName":"search_term_string"}}],"inLanguage":"ro-RO"},{"@type":"Organization","@id":"https:\/\/shopatoa.com\/ro\/#organization","name":"SHOPATOA","url":"https:\/\/shopatoa.com\/ro\/","logo":{"@type":"ImageObject","inLanguage":"ro-RO","@id":"https:\/\/shopatoa.com\/ro\/#\/schema\/logo\/image\/","url":"https:\/\/storage.googleapis.com\/cz-shopatoa-img\/ro\/b4dac915-shopatoa_logo.png","contentUrl":"https:\/\/storage.googleapis.com\/cz-shopatoa-img\/ro\/b4dac915-shopatoa_logo.png","width":416,"height":63,"caption":"SHOPATOA"},"image":{"@id":"https:\/\/shopatoa.com\/ro\/#\/schema\/logo\/image\/"}}]}},"_links":{"self":[{"href":"https:\/\/shopatoa.com\/ro\/wp-json\/wp\/v2\/product\/262573","targetHints":{"allow":["GET"]}}],"collection":[{"href":"https:\/\/shopatoa.com\/ro\/wp-json\/wp\/v2\/product"}],"about":[{"href":"https:\/\/shopatoa.com\/ro\/wp-json\/wp\/v2\/types\/product"}],"replies":[{"embeddable":true,"href":"https:\/\/shopatoa.com\/ro\/wp-json\/wp\/v2\/comments?post=262573"}],"wp:featuredmedia":[{"embeddable":true,"href":"https:\/\/shopatoa.com\/ro\/wp-json\/wp\/v2\/media\/339030"}],"wp:attachment":[{"href":"https:\/\/shopatoa.com\/ro\/wp-json\/wp\/v2\/media?parent=262573"}],"wp:term":[{"taxonomy":"product_brand","embeddable":true,"href":"https:\/\/shopatoa.com\/ro\/wp-json\/wp\/v2\/product_brand?post=262573"},{"taxonomy":"product_cat","embeddable":true,"href":"https:\/\/shopatoa.com\/ro\/wp-json\/wp\/v2\/product_cat?post=262573"},{"taxonomy":"product_tag","embeddable":true,"href":"https:\/\/shopatoa.com\/ro\/wp-json\/wp\/v2\/product_tag?post=262573"}],"curies":[{"name":"wp","href":"https:\/\/api.w.org\/{rel}","templated":true}]}}