{"id":262580,"date":"2025-04-27T18:00:24","date_gmt":"2025-04-27T16:00:24","guid":{"rendered":"https:\/\/shopatoa.com\/ro\/mont-blanc-signature-edp-90-ml\/"},"modified":"2025-12-14T07:14:24","modified_gmt":"2025-12-14T06:14:24","slug":"mont-blanc-signature-edp-90-ml","status":"publish","type":"product","link":"https:\/\/shopatoa.com\/ro\/mont-blanc-signature-edp-90-ml\/","title":{"rendered":"Mont Blanc Signature &#8211; EDP 90 ml"},"content":{"rendered":"<p>Montblanc Signature este un parfum oriental-floral \u0219i moscat conceput pentru femei de neuitat. Montblanc Signature se joac\u0103 cu contraste de vanilie bogat\u0103 \u0219i senzual\u0103 \u0219i aspecte \u201epure\u201d ale moscului alb. Tonurile de fructe proaspete de clementin\u0103 sunt combinate cu inima floral\u0103 de magnolie \u0219i ylang-ylang. Parfumerii aromei sunt Guillaume Flavigny \u0219i Natalie Gracia-Cetto ,ei au creat un parfum transparent, u\u0219or, elegant \u0219i curat, care are \u0219i o latur\u0103 senzual\u0103 datorit\u0103 naturii de vanilie \u0219i chihlimbar a benzoinului. Sticla opac\u0103 de parfum cu vopsea alb\u0103 \u00een interior este un tribut adus tradi\u021bionalului inkwell, care face parte din mo\u0219tenirea lui Montblanc. A fost proiectat de Mark Eisen de la Montblanc. Detaliile aurii sunt \u00eemprumutate de la instrumentul de scris Meisterst\u00fcck. Pe ambalaj este imprimat de asemenea un motiv gri deschis Saffiano, care a fost folosit \u00een crea\u021biile Montblanc \u00eenc\u0103 din anul 1926. Numele parfumului apare ca o caligrafie scris\u0103 de m\u00e2n\u0103 \u0219i aminte\u0219te puterea cuvintelor, subliniind c\u0103, la fel ca oamenii, fiecare stil de scriere este unic. \u201eCu aceast\u0103 atrac\u021bie \u0219i elegan\u021b\u0103, am vrut s\u0103 umplu mai mult\u0103 lumin\u0103, mai mult\u0103 respira\u021bie \u0219i transparen\u021b\u0103\u201d, explic\u0103 Natalie Gracia-Cetto. Montblanc Signature este disponibil \u00een 30, 50 \u0219i 90 ml. A fost lansat pe pia\u021b\u0103 \u00een anul 2020.<\/p>\n","protected":false},"excerpt":{"rendered":"<p>Montblanc Signature este un parfum oriental-floral \u0219i moscat conceput pentru femei de neuitat. Montblanc Signature se joac\u0103 cu contraste de vanilie bogat\u0103 \u0219i senzual\u0103 \u0219i aspecte \u201epure\u201d ale moscului alb. Tonurile de fructe proaspete de clementin\u0103 sunt combinate cu inima floral\u0103 de magnolie \u0219i ylang-ylang. Parfumerii aromei sunt Guillaume Flavigny \u0219i Natalie Gracia-Cetto ,ei au&#8230;<\/p>\n","protected":false},"featured_media":339035,"comment_status":"closed","ping_status":"open","template":"","meta":{"_acf_changed":false,"_kadence_starter_templates_imported_post":false,"_kad_post_transparent":"","_kad_post_title":"","_kad_post_layout":"","_kad_post_sidebar_id":"","_kad_post_content_style":"","_kad_post_vertical_padding":"","_kad_post_feature":"","_kad_post_feature_position":"","_kad_post_header":false,"_kad_post_footer":false,"_kad_post_classname":""},"product_brand":[31],"product_cat":[619,614],"product_tag":[],"class_list":{"0":"post-262580","1":"product","2":"type-product","3":"status-publish","4":"has-post-thumbnail","6":"product_brand-mont-blanc","7":"product_cat-ape-de-parfum-edp","8":"product_cat-parfumuri","10":"first","11":"instock","12":"sale","13":"product-type-external","14":"entry","15":"content-bg","16":"loop-entry"},"acf":[],"yoast_head":"<!-- This site is optimized with the Yoast SEO plugin v27.4 - https:\/\/yoast.com\/product\/yoast-seo-wordpress\/ -->\n<title>Mont Blanc Signature - EDP 90 ml - SHOPATOA.COM<\/title>\n<meta name=\"robots\" content=\"index, follow, max-snippet:-1, max-image-preview:large, max-video-preview:-1\" \/>\n<link rel=\"canonical\" href=\"https:\/\/shopatoa.com\/ro\/mont-blanc-signature-edp-90-ml\/\" \/>\n<meta property=\"og:locale\" content=\"ro_RO\" \/>\n<meta property=\"og:type\" content=\"article\" \/>\n<meta property=\"og:title\" content=\"Mont Blanc Signature - EDP 90 ml - SHOPATOA.COM\" \/>\n<meta property=\"og:description\" content=\"Montblanc Signature este un parfum oriental-floral \u0219i moscat conceput pentru femei de neuitat. Montblanc Signature se joac\u0103 cu contraste de vanilie bogat\u0103 \u0219i senzual\u0103 \u0219i aspecte \u201epure\u201d ale moscului alb. Tonurile de fructe proaspete de clementin\u0103 sunt combinate cu inima floral\u0103 de magnolie \u0219i ylang-ylang. Parfumerii aromei sunt Guillaume Flavigny \u0219i Natalie Gracia-Cetto ,ei au...\" \/>\n<meta property=\"og:url\" content=\"https:\/\/shopatoa.com\/ro\/mont-blanc-signature-edp-90-ml\/\" \/>\n<meta property=\"og:site_name\" content=\"SHOPATOA\" \/>\n<meta property=\"article:modified_time\" content=\"2025-12-14T06:14:24+00:00\" \/>\n<meta property=\"og:image\" content=\"https:\/\/storage.googleapis.com\/cz-shopatoa-img\/ro\/e0ba0403-unnamed-file.webp\" \/>\n\t<meta property=\"og:image:width\" content=\"800\" \/>\n\t<meta property=\"og:image:height\" content=\"800\" \/>\n\t<meta property=\"og:image:type\" content=\"image\/webp\" \/>\n<meta name=\"twitter:card\" content=\"summary_large_image\" \/>\n<meta name=\"twitter:label1\" content=\"Timp estimat pentru citire\" \/>\n\t<meta name=\"twitter:data1\" content=\"1 minut\" \/>\n<script type=\"application\/ld+json\" class=\"yoast-schema-graph\">{\"@context\":\"https:\\\/\\\/schema.org\",\"@graph\":[{\"@type\":\"WebPage\",\"@id\":\"https:\\\/\\\/shopatoa.com\\\/ro\\\/mont-blanc-signature-edp-90-ml\\\/\",\"url\":\"https:\\\/\\\/shopatoa.com\\\/ro\\\/mont-blanc-signature-edp-90-ml\\\/\",\"name\":\"Mont Blanc Signature - EDP 90 ml - SHOPATOA.COM\",\"isPartOf\":{\"@id\":\"https:\\\/\\\/shopatoa.com\\\/ro\\\/#website\"},\"primaryImageOfPage\":{\"@id\":\"https:\\\/\\\/shopatoa.com\\\/ro\\\/mont-blanc-signature-edp-90-ml\\\/#primaryimage\"},\"image\":{\"@id\":\"https:\\\/\\\/shopatoa.com\\\/ro\\\/mont-blanc-signature-edp-90-ml\\\/#primaryimage\"},\"thumbnailUrl\":\"https:\\\/\\\/storage.googleapis.com\\\/cz-shopatoa-img\\\/ro\\\/e0ba0403-unnamed-file.webp\",\"datePublished\":\"2025-04-27T16:00:24+00:00\",\"dateModified\":\"2025-12-14T06:14:24+00:00\",\"breadcrumb\":{\"@id\":\"https:\\\/\\\/shopatoa.com\\\/ro\\\/mont-blanc-signature-edp-90-ml\\\/#breadcrumb\"},\"inLanguage\":\"ro-RO\",\"potentialAction\":[{\"@type\":\"ReadAction\",\"target\":[\"https:\\\/\\\/shopatoa.com\\\/ro\\\/mont-blanc-signature-edp-90-ml\\\/\"]}]},{\"@type\":\"ImageObject\",\"inLanguage\":\"ro-RO\",\"@id\":\"https:\\\/\\\/shopatoa.com\\\/ro\\\/mont-blanc-signature-edp-90-ml\\\/#primaryimage\",\"url\":\"https:\\\/\\\/storage.googleapis.com\\\/cz-shopatoa-img\\\/ro\\\/e0ba0403-unnamed-file.webp\",\"contentUrl\":\"https:\\\/\\\/storage.googleapis.com\\\/cz-shopatoa-img\\\/ro\\\/e0ba0403-unnamed-file.webp\",\"width\":800,\"height\":800},{\"@type\":\"BreadcrumbList\",\"@id\":\"https:\\\/\\\/shopatoa.com\\\/ro\\\/mont-blanc-signature-edp-90-ml\\\/#breadcrumb\",\"itemListElement\":[{\"@type\":\"ListItem\",\"position\":1,\"name\":\"Dom\u016f\",\"item\":\"https:\\\/\\\/shopatoa.com\\\/ro\\\/\"},{\"@type\":\"ListItem\",\"position\":2,\"name\":\"Shop\",\"item\":\"https:\\\/\\\/shopatoa.com\\\/ro\\\/shop\\\/\"},{\"@type\":\"ListItem\",\"position\":3,\"name\":\"Parfumuri\",\"item\":\"https:\\\/\\\/shopatoa.com\\\/ro\\\/parfumuri\\\/\"},{\"@type\":\"ListItem\",\"position\":4,\"name\":\"Ape de parfum (EDP)\",\"item\":\"https:\\\/\\\/shopatoa.com\\\/ro\\\/ape-de-parfum-edp\\\/\"},{\"@type\":\"ListItem\",\"position\":5,\"name\":\"Mont Blanc Signature &#8211; EDP 90 ml\"}]},{\"@type\":\"WebSite\",\"@id\":\"https:\\\/\\\/shopatoa.com\\\/ro\\\/#website\",\"url\":\"https:\\\/\\\/shopatoa.com\\\/ro\\\/\",\"name\":\"SHOPATOA\",\"description\":\"\",\"publisher\":{\"@id\":\"https:\\\/\\\/shopatoa.com\\\/ro\\\/#organization\"},\"potentialAction\":[{\"@type\":\"SearchAction\",\"target\":{\"@type\":\"EntryPoint\",\"urlTemplate\":\"https:\\\/\\\/shopatoa.com\\\/ro\\\/?s={search_term_string}\"},\"query-input\":{\"@type\":\"PropertyValueSpecification\",\"valueRequired\":true,\"valueName\":\"search_term_string\"}}],\"inLanguage\":\"ro-RO\"},{\"@type\":\"Organization\",\"@id\":\"https:\\\/\\\/shopatoa.com\\\/ro\\\/#organization\",\"name\":\"SHOPATOA\",\"url\":\"https:\\\/\\\/shopatoa.com\\\/ro\\\/\",\"logo\":{\"@type\":\"ImageObject\",\"inLanguage\":\"ro-RO\",\"@id\":\"https:\\\/\\\/shopatoa.com\\\/ro\\\/#\\\/schema\\\/logo\\\/image\\\/\",\"url\":\"https:\\\/\\\/storage.googleapis.com\\\/cz-shopatoa-img\\\/ro\\\/b4dac915-shopatoa_logo.png\",\"contentUrl\":\"https:\\\/\\\/storage.googleapis.com\\\/cz-shopatoa-img\\\/ro\\\/b4dac915-shopatoa_logo.png\",\"width\":416,\"height\":63,\"caption\":\"SHOPATOA\"},\"image\":{\"@id\":\"https:\\\/\\\/shopatoa.com\\\/ro\\\/#\\\/schema\\\/logo\\\/image\\\/\"}}]}<\/script>\n<!-- \/ Yoast SEO plugin. -->","yoast_head_json":{"title":"Mont Blanc Signature - EDP 90 ml - SHOPATOA.COM","robots":{"index":"index","follow":"follow","max-snippet":"max-snippet:-1","max-image-preview":"max-image-preview:large","max-video-preview":"max-video-preview:-1"},"canonical":"https:\/\/shopatoa.com\/ro\/mont-blanc-signature-edp-90-ml\/","og_locale":"ro_RO","og_type":"article","og_title":"Mont Blanc Signature - EDP 90 ml - SHOPATOA.COM","og_description":"Montblanc Signature este un parfum oriental-floral \u0219i moscat conceput pentru femei de neuitat. Montblanc Signature se joac\u0103 cu contraste de vanilie bogat\u0103 \u0219i senzual\u0103 \u0219i aspecte \u201epure\u201d ale moscului alb. Tonurile de fructe proaspete de clementin\u0103 sunt combinate cu inima floral\u0103 de magnolie \u0219i ylang-ylang. Parfumerii aromei sunt Guillaume Flavigny \u0219i Natalie Gracia-Cetto ,ei au...","og_url":"https:\/\/shopatoa.com\/ro\/mont-blanc-signature-edp-90-ml\/","og_site_name":"SHOPATOA","article_modified_time":"2025-12-14T06:14:24+00:00","og_image":[{"width":800,"height":800,"url":"https:\/\/storage.googleapis.com\/cz-shopatoa-img\/ro\/e0ba0403-unnamed-file.webp","type":"image\/webp"}],"twitter_card":"summary_large_image","twitter_misc":{"Timp estimat pentru citire":"1 minut"},"schema":{"@context":"https:\/\/schema.org","@graph":[{"@type":"WebPage","@id":"https:\/\/shopatoa.com\/ro\/mont-blanc-signature-edp-90-ml\/","url":"https:\/\/shopatoa.com\/ro\/mont-blanc-signature-edp-90-ml\/","name":"Mont Blanc Signature - EDP 90 ml - SHOPATOA.COM","isPartOf":{"@id":"https:\/\/shopatoa.com\/ro\/#website"},"primaryImageOfPage":{"@id":"https:\/\/shopatoa.com\/ro\/mont-blanc-signature-edp-90-ml\/#primaryimage"},"image":{"@id":"https:\/\/shopatoa.com\/ro\/mont-blanc-signature-edp-90-ml\/#primaryimage"},"thumbnailUrl":"https:\/\/storage.googleapis.com\/cz-shopatoa-img\/ro\/e0ba0403-unnamed-file.webp","datePublished":"2025-04-27T16:00:24+00:00","dateModified":"2025-12-14T06:14:24+00:00","breadcrumb":{"@id":"https:\/\/shopatoa.com\/ro\/mont-blanc-signature-edp-90-ml\/#breadcrumb"},"inLanguage":"ro-RO","potentialAction":[{"@type":"ReadAction","target":["https:\/\/shopatoa.com\/ro\/mont-blanc-signature-edp-90-ml\/"]}]},{"@type":"ImageObject","inLanguage":"ro-RO","@id":"https:\/\/shopatoa.com\/ro\/mont-blanc-signature-edp-90-ml\/#primaryimage","url":"https:\/\/storage.googleapis.com\/cz-shopatoa-img\/ro\/e0ba0403-unnamed-file.webp","contentUrl":"https:\/\/storage.googleapis.com\/cz-shopatoa-img\/ro\/e0ba0403-unnamed-file.webp","width":800,"height":800},{"@type":"BreadcrumbList","@id":"https:\/\/shopatoa.com\/ro\/mont-blanc-signature-edp-90-ml\/#breadcrumb","itemListElement":[{"@type":"ListItem","position":1,"name":"Dom\u016f","item":"https:\/\/shopatoa.com\/ro\/"},{"@type":"ListItem","position":2,"name":"Shop","item":"https:\/\/shopatoa.com\/ro\/shop\/"},{"@type":"ListItem","position":3,"name":"Parfumuri","item":"https:\/\/shopatoa.com\/ro\/parfumuri\/"},{"@type":"ListItem","position":4,"name":"Ape de parfum (EDP)","item":"https:\/\/shopatoa.com\/ro\/ape-de-parfum-edp\/"},{"@type":"ListItem","position":5,"name":"Mont Blanc Signature &#8211; EDP 90 ml"}]},{"@type":"WebSite","@id":"https:\/\/shopatoa.com\/ro\/#website","url":"https:\/\/shopatoa.com\/ro\/","name":"SHOPATOA","description":"","publisher":{"@id":"https:\/\/shopatoa.com\/ro\/#organization"},"potentialAction":[{"@type":"SearchAction","target":{"@type":"EntryPoint","urlTemplate":"https:\/\/shopatoa.com\/ro\/?s={search_term_string}"},"query-input":{"@type":"PropertyValueSpecification","valueRequired":true,"valueName":"search_term_string"}}],"inLanguage":"ro-RO"},{"@type":"Organization","@id":"https:\/\/shopatoa.com\/ro\/#organization","name":"SHOPATOA","url":"https:\/\/shopatoa.com\/ro\/","logo":{"@type":"ImageObject","inLanguage":"ro-RO","@id":"https:\/\/shopatoa.com\/ro\/#\/schema\/logo\/image\/","url":"https:\/\/storage.googleapis.com\/cz-shopatoa-img\/ro\/b4dac915-shopatoa_logo.png","contentUrl":"https:\/\/storage.googleapis.com\/cz-shopatoa-img\/ro\/b4dac915-shopatoa_logo.png","width":416,"height":63,"caption":"SHOPATOA"},"image":{"@id":"https:\/\/shopatoa.com\/ro\/#\/schema\/logo\/image\/"}}]}},"_links":{"self":[{"href":"https:\/\/shopatoa.com\/ro\/wp-json\/wp\/v2\/product\/262580","targetHints":{"allow":["GET"]}}],"collection":[{"href":"https:\/\/shopatoa.com\/ro\/wp-json\/wp\/v2\/product"}],"about":[{"href":"https:\/\/shopatoa.com\/ro\/wp-json\/wp\/v2\/types\/product"}],"replies":[{"embeddable":true,"href":"https:\/\/shopatoa.com\/ro\/wp-json\/wp\/v2\/comments?post=262580"}],"wp:featuredmedia":[{"embeddable":true,"href":"https:\/\/shopatoa.com\/ro\/wp-json\/wp\/v2\/media\/339035"}],"wp:attachment":[{"href":"https:\/\/shopatoa.com\/ro\/wp-json\/wp\/v2\/media?parent=262580"}],"wp:term":[{"taxonomy":"product_brand","embeddable":true,"href":"https:\/\/shopatoa.com\/ro\/wp-json\/wp\/v2\/product_brand?post=262580"},{"taxonomy":"product_cat","embeddable":true,"href":"https:\/\/shopatoa.com\/ro\/wp-json\/wp\/v2\/product_cat?post=262580"},{"taxonomy":"product_tag","embeddable":true,"href":"https:\/\/shopatoa.com\/ro\/wp-json\/wp\/v2\/product_tag?post=262580"}],"curies":[{"name":"wp","href":"https:\/\/api.w.org\/{rel}","templated":true}]}}