{"id":262587,"date":"2025-04-27T18:01:28","date_gmt":"2025-04-27T16:01:28","guid":{"rendered":"https:\/\/shopatoa.com\/ro\/beautyrelax-epilator-ipl-premium-br-1400\/"},"modified":"2025-12-14T07:13:27","modified_gmt":"2025-12-14T06:13:27","slug":"beautyrelax-epilator-ipl-premium-br-1400","status":"publish","type":"product","link":"https:\/\/shopatoa.com\/ro\/beautyrelax-epilator-ipl-premium-br-1400\/","title":{"rendered":"BeautyRelax Epilator IPL Premium BR-1400"},"content":{"rendered":"<p>Epilatorul BeautyRelax IPL Premium este un dispozitiv foarte calitativ, delicat \u0219i sigur pentru \u00eendep\u0103rtarea p\u0103rului acas\u0103. Dimensiunea optim\u0103 a aplicatorului 3,5 cm2 pentru tratarea p\u0103r\u021bilor selectate. Posibilitatea de setare 5 nivele de putere. Ecran LCD. Rezistenta de lung\u0103 durat\u0103 a l\u0103mpilor Quartz garanteaz\u0103 pana la 350.000 de ilumin\u0103ri. BeautyRelax IPL Prestige garanteaz\u0103 un nivel ridicat de certificare \u0219i utilizare complet sigur\u0103. Aceea\u0219i tehnologie IPL (Intense Pulsed Light) utilizate \u00een studiile estetice chiar acas\u0103 la dvs. Impulsurile luminoase puternice, dar \u00een acela\u0219i timp foarte delicate, \u00eempiedic\u0103 cre\u0219terea p\u0103rului. aplicator deta\u0219abil cu lamp\u0103. Nu trebuie s\u0103 cump\u0103ra\u021bi un nou dispozitiv atunci c\u00e2nd \u00eenceteaz\u0103 sa ac\u021bioneze. \u00eenlocui\u021bi doar capul aplicator. Caracteristici \u0219i specifica\u021bii: \u00eendep\u0103rtarea eficient\u0103 a p\u0103rului folosind tehnologia IPL. \u00cel pute\u021bi utiliza la domiciliu \u00een condi\u021bii de siguran\u021b\u0103. Potrivit pentru majoritatea tipurilor de piele \u0219i p\u0103r. Dimensiunea aplicatorului este proiectat\u0103 optim pentru \u00eengrijirea \u00eentregului corp. Nivel ridicat de certificare. Garanteaz\u0103 utilizarea sigur\u0103. Op\u021biunea de setare a 5 niveluri de intensitate. Zona optim\u0103 de surs\u0103 de lumin\u0103 3,5 cm2. Minunat\u0103 pentru tratarea delicat\u0103 a zonelor mai mici \u0219i mai mari. Timp scurt pentru tratarea zonelor individuale: Zona de deasupra buzei superioare: 1 min Bra\u0163: 3 min Spate: 12 min Axil\u0103: 3 min Picioare: 10 min zona bikini: 2 min<\/p>\n","protected":false},"excerpt":{"rendered":"<p>Epilatorul BeautyRelax IPL Premium este un dispozitiv foarte calitativ, delicat \u0219i sigur pentru \u00eendep\u0103rtarea p\u0103rului acas\u0103. Dimensiunea optim\u0103 a aplicatorului 3,5 cm2 pentru tratarea p\u0103r\u021bilor selectate. Posibilitatea de setare 5 nivele de putere. Ecran LCD. Rezistenta de lung\u0103 durat\u0103 a l\u0103mpilor Quartz garanteaz\u0103 pana la 350.000 de ilumin\u0103ri. BeautyRelax IPL Prestige garanteaz\u0103 un nivel ridicat&#8230;<\/p>\n","protected":false},"featured_media":339041,"comment_status":"closed","ping_status":"open","template":"","meta":{"_acf_changed":false,"_kadence_starter_templates_imported_post":false,"_kad_post_transparent":"","_kad_post_title":"","_kad_post_layout":"","_kad_post_sidebar_id":"","_kad_post_content_style":"","_kad_post_vertical_padding":"","_kad_post_feature":"","_kad_post_feature_position":"","_kad_post_header":false,"_kad_post_footer":false,"_kad_post_classname":""},"product_brand":[235],"product_cat":[246,757,611],"product_tag":[],"class_list":{"0":"post-262587","1":"product","2":"type-product","3":"status-publish","4":"has-post-thumbnail","6":"product_brand-beautyrelax","7":"product_cat-cosmetice","8":"product_cat-dispozitive-cosmetice-corpul","9":"product_cat-produse-cosmetice-pentru-corp","11":"first","12":"instock","13":"sale","14":"product-type-external","15":"entry","16":"content-bg","17":"loop-entry"},"acf":[],"yoast_head":"<!-- This site is optimized with the Yoast SEO plugin v27.4 - https:\/\/yoast.com\/product\/yoast-seo-wordpress\/ -->\n<title>BeautyRelax Epilator IPL Premium BR-1400 - SHOPATOA.COM<\/title>\n<meta name=\"robots\" content=\"index, follow, max-snippet:-1, max-image-preview:large, max-video-preview:-1\" \/>\n<link rel=\"canonical\" href=\"https:\/\/shopatoa.com\/ro\/beautyrelax-epilator-ipl-premium-br-1400\/\" \/>\n<meta property=\"og:locale\" content=\"ro_RO\" \/>\n<meta property=\"og:type\" content=\"article\" \/>\n<meta property=\"og:title\" content=\"BeautyRelax Epilator IPL Premium BR-1400 - SHOPATOA.COM\" \/>\n<meta property=\"og:description\" content=\"Epilatorul BeautyRelax IPL Premium este un dispozitiv foarte calitativ, delicat \u0219i sigur pentru \u00eendep\u0103rtarea p\u0103rului acas\u0103. Dimensiunea optim\u0103 a aplicatorului 3,5 cm2 pentru tratarea p\u0103r\u021bilor selectate. Posibilitatea de setare 5 nivele de putere. Ecran LCD. Rezistenta de lung\u0103 durat\u0103 a l\u0103mpilor Quartz garanteaz\u0103 pana la 350.000 de ilumin\u0103ri. BeautyRelax IPL Prestige garanteaz\u0103 un nivel ridicat...\" \/>\n<meta property=\"og:url\" content=\"https:\/\/shopatoa.com\/ro\/beautyrelax-epilator-ipl-premium-br-1400\/\" \/>\n<meta property=\"og:site_name\" content=\"SHOPATOA\" \/>\n<meta property=\"article:modified_time\" content=\"2025-12-14T06:13:27+00:00\" \/>\n<meta property=\"og:image\" content=\"https:\/\/storage.googleapis.com\/cz-shopatoa-img\/ro\/cbbe6a26-unnamed-file.webp\" \/>\n\t<meta property=\"og:image:width\" content=\"800\" \/>\n\t<meta property=\"og:image:height\" content=\"800\" \/>\n\t<meta property=\"og:image:type\" content=\"image\/webp\" \/>\n<meta name=\"twitter:card\" content=\"summary_large_image\" \/>\n<meta name=\"twitter:label1\" content=\"Timp estimat pentru citire\" \/>\n\t<meta name=\"twitter:data1\" content=\"1 minut\" \/>\n<script type=\"application\/ld+json\" class=\"yoast-schema-graph\">{\"@context\":\"https:\\\/\\\/schema.org\",\"@graph\":[{\"@type\":\"WebPage\",\"@id\":\"https:\\\/\\\/shopatoa.com\\\/ro\\\/beautyrelax-epilator-ipl-premium-br-1400\\\/\",\"url\":\"https:\\\/\\\/shopatoa.com\\\/ro\\\/beautyrelax-epilator-ipl-premium-br-1400\\\/\",\"name\":\"BeautyRelax Epilator IPL Premium BR-1400 - SHOPATOA.COM\",\"isPartOf\":{\"@id\":\"https:\\\/\\\/shopatoa.com\\\/ro\\\/#website\"},\"primaryImageOfPage\":{\"@id\":\"https:\\\/\\\/shopatoa.com\\\/ro\\\/beautyrelax-epilator-ipl-premium-br-1400\\\/#primaryimage\"},\"image\":{\"@id\":\"https:\\\/\\\/shopatoa.com\\\/ro\\\/beautyrelax-epilator-ipl-premium-br-1400\\\/#primaryimage\"},\"thumbnailUrl\":\"https:\\\/\\\/storage.googleapis.com\\\/cz-shopatoa-img\\\/ro\\\/cbbe6a26-unnamed-file.webp\",\"datePublished\":\"2025-04-27T16:01:28+00:00\",\"dateModified\":\"2025-12-14T06:13:27+00:00\",\"breadcrumb\":{\"@id\":\"https:\\\/\\\/shopatoa.com\\\/ro\\\/beautyrelax-epilator-ipl-premium-br-1400\\\/#breadcrumb\"},\"inLanguage\":\"ro-RO\",\"potentialAction\":[{\"@type\":\"ReadAction\",\"target\":[\"https:\\\/\\\/shopatoa.com\\\/ro\\\/beautyrelax-epilator-ipl-premium-br-1400\\\/\"]}]},{\"@type\":\"ImageObject\",\"inLanguage\":\"ro-RO\",\"@id\":\"https:\\\/\\\/shopatoa.com\\\/ro\\\/beautyrelax-epilator-ipl-premium-br-1400\\\/#primaryimage\",\"url\":\"https:\\\/\\\/storage.googleapis.com\\\/cz-shopatoa-img\\\/ro\\\/cbbe6a26-unnamed-file.webp\",\"contentUrl\":\"https:\\\/\\\/storage.googleapis.com\\\/cz-shopatoa-img\\\/ro\\\/cbbe6a26-unnamed-file.webp\",\"width\":800,\"height\":800},{\"@type\":\"BreadcrumbList\",\"@id\":\"https:\\\/\\\/shopatoa.com\\\/ro\\\/beautyrelax-epilator-ipl-premium-br-1400\\\/#breadcrumb\",\"itemListElement\":[{\"@type\":\"ListItem\",\"position\":1,\"name\":\"Dom\u016f\",\"item\":\"https:\\\/\\\/shopatoa.com\\\/ro\\\/\"},{\"@type\":\"ListItem\",\"position\":2,\"name\":\"Shop\",\"item\":\"https:\\\/\\\/shopatoa.com\\\/ro\\\/shop\\\/\"},{\"@type\":\"ListItem\",\"position\":3,\"name\":\"Cosmetice\",\"item\":\"https:\\\/\\\/shopatoa.com\\\/ro\\\/cosmetice\\\/\"},{\"@type\":\"ListItem\",\"position\":4,\"name\":\"Produse cosmetice pentru corp\",\"item\":\"https:\\\/\\\/shopatoa.com\\\/ro\\\/produse-cosmetice-pentru-corp\\\/\"},{\"@type\":\"ListItem\",\"position\":5,\"name\":\"Dispozitive cosmetice corpul\",\"item\":\"https:\\\/\\\/shopatoa.com\\\/ro\\\/dispozitive-cosmetice-corpul\\\/\"},{\"@type\":\"ListItem\",\"position\":6,\"name\":\"BeautyRelax Epilator IPL Premium BR-1400\"}]},{\"@type\":\"WebSite\",\"@id\":\"https:\\\/\\\/shopatoa.com\\\/ro\\\/#website\",\"url\":\"https:\\\/\\\/shopatoa.com\\\/ro\\\/\",\"name\":\"SHOPATOA\",\"description\":\"\",\"publisher\":{\"@id\":\"https:\\\/\\\/shopatoa.com\\\/ro\\\/#organization\"},\"potentialAction\":[{\"@type\":\"SearchAction\",\"target\":{\"@type\":\"EntryPoint\",\"urlTemplate\":\"https:\\\/\\\/shopatoa.com\\\/ro\\\/?s={search_term_string}\"},\"query-input\":{\"@type\":\"PropertyValueSpecification\",\"valueRequired\":true,\"valueName\":\"search_term_string\"}}],\"inLanguage\":\"ro-RO\"},{\"@type\":\"Organization\",\"@id\":\"https:\\\/\\\/shopatoa.com\\\/ro\\\/#organization\",\"name\":\"SHOPATOA\",\"url\":\"https:\\\/\\\/shopatoa.com\\\/ro\\\/\",\"logo\":{\"@type\":\"ImageObject\",\"inLanguage\":\"ro-RO\",\"@id\":\"https:\\\/\\\/shopatoa.com\\\/ro\\\/#\\\/schema\\\/logo\\\/image\\\/\",\"url\":\"https:\\\/\\\/storage.googleapis.com\\\/cz-shopatoa-img\\\/ro\\\/b4dac915-shopatoa_logo.png\",\"contentUrl\":\"https:\\\/\\\/storage.googleapis.com\\\/cz-shopatoa-img\\\/ro\\\/b4dac915-shopatoa_logo.png\",\"width\":416,\"height\":63,\"caption\":\"SHOPATOA\"},\"image\":{\"@id\":\"https:\\\/\\\/shopatoa.com\\\/ro\\\/#\\\/schema\\\/logo\\\/image\\\/\"}}]}<\/script>\n<!-- \/ Yoast SEO plugin. -->","yoast_head_json":{"title":"BeautyRelax Epilator IPL Premium BR-1400 - SHOPATOA.COM","robots":{"index":"index","follow":"follow","max-snippet":"max-snippet:-1","max-image-preview":"max-image-preview:large","max-video-preview":"max-video-preview:-1"},"canonical":"https:\/\/shopatoa.com\/ro\/beautyrelax-epilator-ipl-premium-br-1400\/","og_locale":"ro_RO","og_type":"article","og_title":"BeautyRelax Epilator IPL Premium BR-1400 - SHOPATOA.COM","og_description":"Epilatorul BeautyRelax IPL Premium este un dispozitiv foarte calitativ, delicat \u0219i sigur pentru \u00eendep\u0103rtarea p\u0103rului acas\u0103. Dimensiunea optim\u0103 a aplicatorului 3,5 cm2 pentru tratarea p\u0103r\u021bilor selectate. Posibilitatea de setare 5 nivele de putere. Ecran LCD. Rezistenta de lung\u0103 durat\u0103 a l\u0103mpilor Quartz garanteaz\u0103 pana la 350.000 de ilumin\u0103ri. BeautyRelax IPL Prestige garanteaz\u0103 un nivel ridicat...","og_url":"https:\/\/shopatoa.com\/ro\/beautyrelax-epilator-ipl-premium-br-1400\/","og_site_name":"SHOPATOA","article_modified_time":"2025-12-14T06:13:27+00:00","og_image":[{"width":800,"height":800,"url":"https:\/\/storage.googleapis.com\/cz-shopatoa-img\/ro\/cbbe6a26-unnamed-file.webp","type":"image\/webp"}],"twitter_card":"summary_large_image","twitter_misc":{"Timp estimat pentru citire":"1 minut"},"schema":{"@context":"https:\/\/schema.org","@graph":[{"@type":"WebPage","@id":"https:\/\/shopatoa.com\/ro\/beautyrelax-epilator-ipl-premium-br-1400\/","url":"https:\/\/shopatoa.com\/ro\/beautyrelax-epilator-ipl-premium-br-1400\/","name":"BeautyRelax Epilator IPL Premium BR-1400 - SHOPATOA.COM","isPartOf":{"@id":"https:\/\/shopatoa.com\/ro\/#website"},"primaryImageOfPage":{"@id":"https:\/\/shopatoa.com\/ro\/beautyrelax-epilator-ipl-premium-br-1400\/#primaryimage"},"image":{"@id":"https:\/\/shopatoa.com\/ro\/beautyrelax-epilator-ipl-premium-br-1400\/#primaryimage"},"thumbnailUrl":"https:\/\/storage.googleapis.com\/cz-shopatoa-img\/ro\/cbbe6a26-unnamed-file.webp","datePublished":"2025-04-27T16:01:28+00:00","dateModified":"2025-12-14T06:13:27+00:00","breadcrumb":{"@id":"https:\/\/shopatoa.com\/ro\/beautyrelax-epilator-ipl-premium-br-1400\/#breadcrumb"},"inLanguage":"ro-RO","potentialAction":[{"@type":"ReadAction","target":["https:\/\/shopatoa.com\/ro\/beautyrelax-epilator-ipl-premium-br-1400\/"]}]},{"@type":"ImageObject","inLanguage":"ro-RO","@id":"https:\/\/shopatoa.com\/ro\/beautyrelax-epilator-ipl-premium-br-1400\/#primaryimage","url":"https:\/\/storage.googleapis.com\/cz-shopatoa-img\/ro\/cbbe6a26-unnamed-file.webp","contentUrl":"https:\/\/storage.googleapis.com\/cz-shopatoa-img\/ro\/cbbe6a26-unnamed-file.webp","width":800,"height":800},{"@type":"BreadcrumbList","@id":"https:\/\/shopatoa.com\/ro\/beautyrelax-epilator-ipl-premium-br-1400\/#breadcrumb","itemListElement":[{"@type":"ListItem","position":1,"name":"Dom\u016f","item":"https:\/\/shopatoa.com\/ro\/"},{"@type":"ListItem","position":2,"name":"Shop","item":"https:\/\/shopatoa.com\/ro\/shop\/"},{"@type":"ListItem","position":3,"name":"Cosmetice","item":"https:\/\/shopatoa.com\/ro\/cosmetice\/"},{"@type":"ListItem","position":4,"name":"Produse cosmetice pentru corp","item":"https:\/\/shopatoa.com\/ro\/produse-cosmetice-pentru-corp\/"},{"@type":"ListItem","position":5,"name":"Dispozitive cosmetice corpul","item":"https:\/\/shopatoa.com\/ro\/dispozitive-cosmetice-corpul\/"},{"@type":"ListItem","position":6,"name":"BeautyRelax Epilator IPL Premium BR-1400"}]},{"@type":"WebSite","@id":"https:\/\/shopatoa.com\/ro\/#website","url":"https:\/\/shopatoa.com\/ro\/","name":"SHOPATOA","description":"","publisher":{"@id":"https:\/\/shopatoa.com\/ro\/#organization"},"potentialAction":[{"@type":"SearchAction","target":{"@type":"EntryPoint","urlTemplate":"https:\/\/shopatoa.com\/ro\/?s={search_term_string}"},"query-input":{"@type":"PropertyValueSpecification","valueRequired":true,"valueName":"search_term_string"}}],"inLanguage":"ro-RO"},{"@type":"Organization","@id":"https:\/\/shopatoa.com\/ro\/#organization","name":"SHOPATOA","url":"https:\/\/shopatoa.com\/ro\/","logo":{"@type":"ImageObject","inLanguage":"ro-RO","@id":"https:\/\/shopatoa.com\/ro\/#\/schema\/logo\/image\/","url":"https:\/\/storage.googleapis.com\/cz-shopatoa-img\/ro\/b4dac915-shopatoa_logo.png","contentUrl":"https:\/\/storage.googleapis.com\/cz-shopatoa-img\/ro\/b4dac915-shopatoa_logo.png","width":416,"height":63,"caption":"SHOPATOA"},"image":{"@id":"https:\/\/shopatoa.com\/ro\/#\/schema\/logo\/image\/"}}]}},"_links":{"self":[{"href":"https:\/\/shopatoa.com\/ro\/wp-json\/wp\/v2\/product\/262587","targetHints":{"allow":["GET"]}}],"collection":[{"href":"https:\/\/shopatoa.com\/ro\/wp-json\/wp\/v2\/product"}],"about":[{"href":"https:\/\/shopatoa.com\/ro\/wp-json\/wp\/v2\/types\/product"}],"replies":[{"embeddable":true,"href":"https:\/\/shopatoa.com\/ro\/wp-json\/wp\/v2\/comments?post=262587"}],"wp:featuredmedia":[{"embeddable":true,"href":"https:\/\/shopatoa.com\/ro\/wp-json\/wp\/v2\/media\/339041"}],"wp:attachment":[{"href":"https:\/\/shopatoa.com\/ro\/wp-json\/wp\/v2\/media?parent=262587"}],"wp:term":[{"taxonomy":"product_brand","embeddable":true,"href":"https:\/\/shopatoa.com\/ro\/wp-json\/wp\/v2\/product_brand?post=262587"},{"taxonomy":"product_cat","embeddable":true,"href":"https:\/\/shopatoa.com\/ro\/wp-json\/wp\/v2\/product_cat?post=262587"},{"taxonomy":"product_tag","embeddable":true,"href":"https:\/\/shopatoa.com\/ro\/wp-json\/wp\/v2\/product_tag?post=262587"}],"curies":[{"name":"wp","href":"https:\/\/api.w.org\/{rel}","templated":true}]}}