{"id":262875,"date":"2025-04-27T19:51:16","date_gmt":"2025-04-27T17:51:16","guid":{"rendered":"https:\/\/shopatoa.com\/ro\/clarins-machiaj-iluminator-in-capsule-milky-boost-capsules-30-ml-02\/"},"modified":"2025-12-14T04:25:02","modified_gmt":"2025-12-14T03:25:02","slug":"clarins-machiaj-iluminator-in-capsule-milky-boost-capsules-30-ml-02","status":"publish","type":"product","link":"https:\/\/shopatoa.com\/ro\/clarins-machiaj-iluminator-in-capsule-milky-boost-capsules-30-ml-02\/","title":{"rendered":"Clarins Machiaj iluminator \u00een capsule Milky Boost Capsules 30 ml 02"},"content":{"rendered":"<p>Primele capsule de machiaj concepute ecologic care sporesc str\u0103lucirea pielii. Pentru toate femeile care caut\u0103 un produs cu o textur\u0103 u\u0219oar\u0103 \u0219i un rezultat natural de machiaj. Capsulele concepute ecologic con\u021bin materii prime realizate din molecule de carbon care ajut\u0103 la procesul de descompunere biologic\u0103. Borcanul de sticl\u0103 con\u021bine 40% sticl\u0103 reciclat\u0103 \u0219i este fabricat \u00een Europa. Capacul este 100% reciclabil. Compozi\u021bia este \u00eembog\u0103\u021bit\u0103 cu ulei 100% natural \u0219i vegetal din s\u00e2mburi de piersici, extract BIO din coac\u0103ze ro\u0219ii recoltate \u00een Fran\u021ba \u0219i extract din cacao ob\u021binut \u00een cadrul programului de comer\u021b echitabil.<\/p>\n","protected":false},"excerpt":{"rendered":"<p>Primele capsule de machiaj concepute ecologic care sporesc str\u0103lucirea pielii. Pentru toate femeile care caut\u0103 un produs cu o textur\u0103 u\u0219oar\u0103 \u0219i un rezultat natural de machiaj. Capsulele concepute ecologic con\u021bin materii prime realizate din molecule de carbon care ajut\u0103 la procesul de descompunere biologic\u0103. Borcanul de sticl\u0103 con\u021bine 40% sticl\u0103 reciclat\u0103 \u0219i este fabricat&#8230;<\/p>\n","protected":false},"featured_media":339319,"comment_status":"closed","ping_status":"open","template":"","meta":{"_acf_changed":false,"_kadence_starter_templates_imported_post":false,"_kad_post_transparent":"","_kad_post_title":"","_kad_post_layout":"","_kad_post_sidebar_id":"","_kad_post_content_style":"","_kad_post_vertical_padding":"","_kad_post_feature":"","_kad_post_feature_position":"","_kad_post_header":false,"_kad_post_footer":false,"_kad_post_classname":""},"product_brand":[120],"product_cat":[246,609,616,705],"product_tag":[],"class_list":{"0":"post-262875","1":"product","2":"type-product","3":"status-publish","4":"has-post-thumbnail","6":"product_brand-clarins","7":"product_cat-cosmetice","8":"product_cat-cosmetice-decorative","9":"product_cat-machiaj-pentru-fata","10":"product_cat-make-ups","12":"first","13":"instock","14":"sale","15":"product-type-external","16":"entry","17":"content-bg","18":"loop-entry"},"acf":[],"yoast_head":"<!-- This site is optimized with the Yoast SEO plugin v27.3 - https:\/\/yoast.com\/product\/yoast-seo-wordpress\/ -->\n<title>Clarins Machiaj iluminator \u00een capsule Milky Boost Capsules 30 ml 02 - SHOPATOA.COM<\/title>\n<meta name=\"robots\" content=\"index, follow, max-snippet:-1, max-image-preview:large, max-video-preview:-1\" \/>\n<link rel=\"canonical\" href=\"https:\/\/shopatoa.com\/ro\/clarins-machiaj-iluminator-in-capsule-milky-boost-capsules-30-ml-02\/\" \/>\n<meta property=\"og:locale\" content=\"ro_RO\" \/>\n<meta property=\"og:type\" content=\"article\" \/>\n<meta property=\"og:title\" content=\"Clarins Machiaj iluminator \u00een capsule Milky Boost Capsules 30 ml 02 - SHOPATOA.COM\" \/>\n<meta property=\"og:description\" content=\"Primele capsule de machiaj concepute ecologic care sporesc str\u0103lucirea pielii. Pentru toate femeile care caut\u0103 un produs cu o textur\u0103 u\u0219oar\u0103 \u0219i un rezultat natural de machiaj. Capsulele concepute ecologic con\u021bin materii prime realizate din molecule de carbon care ajut\u0103 la procesul de descompunere biologic\u0103. Borcanul de sticl\u0103 con\u021bine 40% sticl\u0103 reciclat\u0103 \u0219i este fabricat...\" \/>\n<meta property=\"og:url\" content=\"https:\/\/shopatoa.com\/ro\/clarins-machiaj-iluminator-in-capsule-milky-boost-capsules-30-ml-02\/\" \/>\n<meta property=\"og:site_name\" content=\"SHOPATOA\" \/>\n<meta property=\"article:modified_time\" content=\"2025-12-14T03:25:02+00:00\" \/>\n<meta property=\"og:image\" content=\"https:\/\/storage.googleapis.com\/cz-shopatoa-img\/ro\/b32437e3-unnamed-file.webp\" \/>\n\t<meta property=\"og:image:width\" content=\"800\" \/>\n\t<meta property=\"og:image:height\" content=\"800\" \/>\n\t<meta property=\"og:image:type\" content=\"image\/webp\" \/>\n<meta name=\"twitter:card\" content=\"summary_large_image\" \/>\n<meta name=\"twitter:label1\" content=\"Timp estimat pentru citire\" \/>\n\t<meta name=\"twitter:data1\" content=\"1 minut\" \/>\n<script type=\"application\/ld+json\" class=\"yoast-schema-graph\">{\"@context\":\"https:\\\/\\\/schema.org\",\"@graph\":[{\"@type\":\"WebPage\",\"@id\":\"https:\\\/\\\/shopatoa.com\\\/ro\\\/clarins-machiaj-iluminator-in-capsule-milky-boost-capsules-30-ml-02\\\/\",\"url\":\"https:\\\/\\\/shopatoa.com\\\/ro\\\/clarins-machiaj-iluminator-in-capsule-milky-boost-capsules-30-ml-02\\\/\",\"name\":\"Clarins Machiaj iluminator \u00een capsule Milky Boost Capsules 30 ml 02 - SHOPATOA.COM\",\"isPartOf\":{\"@id\":\"https:\\\/\\\/shopatoa.com\\\/ro\\\/#website\"},\"primaryImageOfPage\":{\"@id\":\"https:\\\/\\\/shopatoa.com\\\/ro\\\/clarins-machiaj-iluminator-in-capsule-milky-boost-capsules-30-ml-02\\\/#primaryimage\"},\"image\":{\"@id\":\"https:\\\/\\\/shopatoa.com\\\/ro\\\/clarins-machiaj-iluminator-in-capsule-milky-boost-capsules-30-ml-02\\\/#primaryimage\"},\"thumbnailUrl\":\"https:\\\/\\\/storage.googleapis.com\\\/cz-shopatoa-img\\\/ro\\\/b32437e3-unnamed-file.webp\",\"datePublished\":\"2025-04-27T17:51:16+00:00\",\"dateModified\":\"2025-12-14T03:25:02+00:00\",\"breadcrumb\":{\"@id\":\"https:\\\/\\\/shopatoa.com\\\/ro\\\/clarins-machiaj-iluminator-in-capsule-milky-boost-capsules-30-ml-02\\\/#breadcrumb\"},\"inLanguage\":\"ro-RO\",\"potentialAction\":[{\"@type\":\"ReadAction\",\"target\":[\"https:\\\/\\\/shopatoa.com\\\/ro\\\/clarins-machiaj-iluminator-in-capsule-milky-boost-capsules-30-ml-02\\\/\"]}]},{\"@type\":\"ImageObject\",\"inLanguage\":\"ro-RO\",\"@id\":\"https:\\\/\\\/shopatoa.com\\\/ro\\\/clarins-machiaj-iluminator-in-capsule-milky-boost-capsules-30-ml-02\\\/#primaryimage\",\"url\":\"https:\\\/\\\/storage.googleapis.com\\\/cz-shopatoa-img\\\/ro\\\/b32437e3-unnamed-file.webp\",\"contentUrl\":\"https:\\\/\\\/storage.googleapis.com\\\/cz-shopatoa-img\\\/ro\\\/b32437e3-unnamed-file.webp\",\"width\":800,\"height\":800},{\"@type\":\"BreadcrumbList\",\"@id\":\"https:\\\/\\\/shopatoa.com\\\/ro\\\/clarins-machiaj-iluminator-in-capsule-milky-boost-capsules-30-ml-02\\\/#breadcrumb\",\"itemListElement\":[{\"@type\":\"ListItem\",\"position\":1,\"name\":\"Dom\u016f\",\"item\":\"https:\\\/\\\/shopatoa.com\\\/ro\\\/\"},{\"@type\":\"ListItem\",\"position\":2,\"name\":\"Shop\",\"item\":\"https:\\\/\\\/shopatoa.com\\\/ro\\\/shop\\\/\"},{\"@type\":\"ListItem\",\"position\":3,\"name\":\"Cosmetice\",\"item\":\"https:\\\/\\\/shopatoa.com\\\/ro\\\/cosmetice\\\/\"},{\"@type\":\"ListItem\",\"position\":4,\"name\":\"Cosmetice decorative\",\"item\":\"https:\\\/\\\/shopatoa.com\\\/ro\\\/cosmetice-decorative\\\/\"},{\"@type\":\"ListItem\",\"position\":5,\"name\":\"Machiaj pentru fa\u021ba\",\"item\":\"https:\\\/\\\/shopatoa.com\\\/ro\\\/machiaj-pentru-fata\\\/\"},{\"@type\":\"ListItem\",\"position\":6,\"name\":\"Make-ups\",\"item\":\"https:\\\/\\\/shopatoa.com\\\/ro\\\/make-ups\\\/\"},{\"@type\":\"ListItem\",\"position\":7,\"name\":\"Clarins Machiaj iluminator \u00een capsule Milky Boost Capsules 30 ml 02\"}]},{\"@type\":\"WebSite\",\"@id\":\"https:\\\/\\\/shopatoa.com\\\/ro\\\/#website\",\"url\":\"https:\\\/\\\/shopatoa.com\\\/ro\\\/\",\"name\":\"SHOPATOA\",\"description\":\"\",\"publisher\":{\"@id\":\"https:\\\/\\\/shopatoa.com\\\/ro\\\/#organization\"},\"potentialAction\":[{\"@type\":\"SearchAction\",\"target\":{\"@type\":\"EntryPoint\",\"urlTemplate\":\"https:\\\/\\\/shopatoa.com\\\/ro\\\/?s={search_term_string}\"},\"query-input\":{\"@type\":\"PropertyValueSpecification\",\"valueRequired\":true,\"valueName\":\"search_term_string\"}}],\"inLanguage\":\"ro-RO\"},{\"@type\":\"Organization\",\"@id\":\"https:\\\/\\\/shopatoa.com\\\/ro\\\/#organization\",\"name\":\"SHOPATOA\",\"url\":\"https:\\\/\\\/shopatoa.com\\\/ro\\\/\",\"logo\":{\"@type\":\"ImageObject\",\"inLanguage\":\"ro-RO\",\"@id\":\"https:\\\/\\\/shopatoa.com\\\/ro\\\/#\\\/schema\\\/logo\\\/image\\\/\",\"url\":\"https:\\\/\\\/storage.googleapis.com\\\/cz-shopatoa-img\\\/ro\\\/b4dac915-shopatoa_logo.png\",\"contentUrl\":\"https:\\\/\\\/storage.googleapis.com\\\/cz-shopatoa-img\\\/ro\\\/b4dac915-shopatoa_logo.png\",\"width\":416,\"height\":63,\"caption\":\"SHOPATOA\"},\"image\":{\"@id\":\"https:\\\/\\\/shopatoa.com\\\/ro\\\/#\\\/schema\\\/logo\\\/image\\\/\"}}]}<\/script>\n<!-- \/ Yoast SEO plugin. -->","yoast_head_json":{"title":"Clarins Machiaj iluminator \u00een capsule Milky Boost Capsules 30 ml 02 - SHOPATOA.COM","robots":{"index":"index","follow":"follow","max-snippet":"max-snippet:-1","max-image-preview":"max-image-preview:large","max-video-preview":"max-video-preview:-1"},"canonical":"https:\/\/shopatoa.com\/ro\/clarins-machiaj-iluminator-in-capsule-milky-boost-capsules-30-ml-02\/","og_locale":"ro_RO","og_type":"article","og_title":"Clarins Machiaj iluminator \u00een capsule Milky Boost Capsules 30 ml 02 - SHOPATOA.COM","og_description":"Primele capsule de machiaj concepute ecologic care sporesc str\u0103lucirea pielii. Pentru toate femeile care caut\u0103 un produs cu o textur\u0103 u\u0219oar\u0103 \u0219i un rezultat natural de machiaj. Capsulele concepute ecologic con\u021bin materii prime realizate din molecule de carbon care ajut\u0103 la procesul de descompunere biologic\u0103. Borcanul de sticl\u0103 con\u021bine 40% sticl\u0103 reciclat\u0103 \u0219i este fabricat...","og_url":"https:\/\/shopatoa.com\/ro\/clarins-machiaj-iluminator-in-capsule-milky-boost-capsules-30-ml-02\/","og_site_name":"SHOPATOA","article_modified_time":"2025-12-14T03:25:02+00:00","og_image":[{"width":800,"height":800,"url":"https:\/\/storage.googleapis.com\/cz-shopatoa-img\/ro\/b32437e3-unnamed-file.webp","type":"image\/webp"}],"twitter_card":"summary_large_image","twitter_misc":{"Timp estimat pentru citire":"1 minut"},"schema":{"@context":"https:\/\/schema.org","@graph":[{"@type":"WebPage","@id":"https:\/\/shopatoa.com\/ro\/clarins-machiaj-iluminator-in-capsule-milky-boost-capsules-30-ml-02\/","url":"https:\/\/shopatoa.com\/ro\/clarins-machiaj-iluminator-in-capsule-milky-boost-capsules-30-ml-02\/","name":"Clarins Machiaj iluminator \u00een capsule Milky Boost Capsules 30 ml 02 - SHOPATOA.COM","isPartOf":{"@id":"https:\/\/shopatoa.com\/ro\/#website"},"primaryImageOfPage":{"@id":"https:\/\/shopatoa.com\/ro\/clarins-machiaj-iluminator-in-capsule-milky-boost-capsules-30-ml-02\/#primaryimage"},"image":{"@id":"https:\/\/shopatoa.com\/ro\/clarins-machiaj-iluminator-in-capsule-milky-boost-capsules-30-ml-02\/#primaryimage"},"thumbnailUrl":"https:\/\/storage.googleapis.com\/cz-shopatoa-img\/ro\/b32437e3-unnamed-file.webp","datePublished":"2025-04-27T17:51:16+00:00","dateModified":"2025-12-14T03:25:02+00:00","breadcrumb":{"@id":"https:\/\/shopatoa.com\/ro\/clarins-machiaj-iluminator-in-capsule-milky-boost-capsules-30-ml-02\/#breadcrumb"},"inLanguage":"ro-RO","potentialAction":[{"@type":"ReadAction","target":["https:\/\/shopatoa.com\/ro\/clarins-machiaj-iluminator-in-capsule-milky-boost-capsules-30-ml-02\/"]}]},{"@type":"ImageObject","inLanguage":"ro-RO","@id":"https:\/\/shopatoa.com\/ro\/clarins-machiaj-iluminator-in-capsule-milky-boost-capsules-30-ml-02\/#primaryimage","url":"https:\/\/storage.googleapis.com\/cz-shopatoa-img\/ro\/b32437e3-unnamed-file.webp","contentUrl":"https:\/\/storage.googleapis.com\/cz-shopatoa-img\/ro\/b32437e3-unnamed-file.webp","width":800,"height":800},{"@type":"BreadcrumbList","@id":"https:\/\/shopatoa.com\/ro\/clarins-machiaj-iluminator-in-capsule-milky-boost-capsules-30-ml-02\/#breadcrumb","itemListElement":[{"@type":"ListItem","position":1,"name":"Dom\u016f","item":"https:\/\/shopatoa.com\/ro\/"},{"@type":"ListItem","position":2,"name":"Shop","item":"https:\/\/shopatoa.com\/ro\/shop\/"},{"@type":"ListItem","position":3,"name":"Cosmetice","item":"https:\/\/shopatoa.com\/ro\/cosmetice\/"},{"@type":"ListItem","position":4,"name":"Cosmetice decorative","item":"https:\/\/shopatoa.com\/ro\/cosmetice-decorative\/"},{"@type":"ListItem","position":5,"name":"Machiaj pentru fa\u021ba","item":"https:\/\/shopatoa.com\/ro\/machiaj-pentru-fata\/"},{"@type":"ListItem","position":6,"name":"Make-ups","item":"https:\/\/shopatoa.com\/ro\/make-ups\/"},{"@type":"ListItem","position":7,"name":"Clarins Machiaj iluminator \u00een capsule Milky Boost Capsules 30 ml 02"}]},{"@type":"WebSite","@id":"https:\/\/shopatoa.com\/ro\/#website","url":"https:\/\/shopatoa.com\/ro\/","name":"SHOPATOA","description":"","publisher":{"@id":"https:\/\/shopatoa.com\/ro\/#organization"},"potentialAction":[{"@type":"SearchAction","target":{"@type":"EntryPoint","urlTemplate":"https:\/\/shopatoa.com\/ro\/?s={search_term_string}"},"query-input":{"@type":"PropertyValueSpecification","valueRequired":true,"valueName":"search_term_string"}}],"inLanguage":"ro-RO"},{"@type":"Organization","@id":"https:\/\/shopatoa.com\/ro\/#organization","name":"SHOPATOA","url":"https:\/\/shopatoa.com\/ro\/","logo":{"@type":"ImageObject","inLanguage":"ro-RO","@id":"https:\/\/shopatoa.com\/ro\/#\/schema\/logo\/image\/","url":"https:\/\/storage.googleapis.com\/cz-shopatoa-img\/ro\/b4dac915-shopatoa_logo.png","contentUrl":"https:\/\/storage.googleapis.com\/cz-shopatoa-img\/ro\/b4dac915-shopatoa_logo.png","width":416,"height":63,"caption":"SHOPATOA"},"image":{"@id":"https:\/\/shopatoa.com\/ro\/#\/schema\/logo\/image\/"}}]}},"_links":{"self":[{"href":"https:\/\/shopatoa.com\/ro\/wp-json\/wp\/v2\/product\/262875","targetHints":{"allow":["GET"]}}],"collection":[{"href":"https:\/\/shopatoa.com\/ro\/wp-json\/wp\/v2\/product"}],"about":[{"href":"https:\/\/shopatoa.com\/ro\/wp-json\/wp\/v2\/types\/product"}],"replies":[{"embeddable":true,"href":"https:\/\/shopatoa.com\/ro\/wp-json\/wp\/v2\/comments?post=262875"}],"wp:featuredmedia":[{"embeddable":true,"href":"https:\/\/shopatoa.com\/ro\/wp-json\/wp\/v2\/media\/339319"}],"wp:attachment":[{"href":"https:\/\/shopatoa.com\/ro\/wp-json\/wp\/v2\/media?parent=262875"}],"wp:term":[{"taxonomy":"product_brand","embeddable":true,"href":"https:\/\/shopatoa.com\/ro\/wp-json\/wp\/v2\/product_brand?post=262875"},{"taxonomy":"product_cat","embeddable":true,"href":"https:\/\/shopatoa.com\/ro\/wp-json\/wp\/v2\/product_cat?post=262875"},{"taxonomy":"product_tag","embeddable":true,"href":"https:\/\/shopatoa.com\/ro\/wp-json\/wp\/v2\/product_tag?post=262875"}],"curies":[{"name":"wp","href":"https:\/\/api.w.org\/{rel}","templated":true}]}}