{"id":262970,"date":"2025-04-27T20:26:19","date_gmt":"2025-04-27T18:26:19","guid":{"rendered":"https:\/\/shopatoa.com\/ro\/orphica-crema-de-noapte-cu-efect-anti-imbatranire-timeless-anti-ageing-night-cream-50-ml\/"},"modified":"2025-12-15T02:02:52","modified_gmt":"2025-12-15T01:02:52","slug":"orphica-crema-de-noapte-cu-efect-anti-imbatranire-timeless-anti-ageing-night-cream-50-ml","status":"publish","type":"product","link":"https:\/\/shopatoa.com\/ro\/orphica-crema-de-noapte-cu-efect-anti-imbatranire-timeless-anti-ageing-night-cream-50-ml\/","title":{"rendered":"Orphica Crem\u0103 de noapte cu efect anti-\u00eemb\u0103tr\u00e2nire Timeless (Anti-Ageing Night Cream) 50 ml"},"content":{"rendered":"<p>Anti-ageing crem\u0103 de noapte sus\u021bine produc\u021bia de colagen \u0219i elastin\u0103 \u00een celule,datorit\u0103 c\u0103rora vizibilitatea ridurilor este redus\u0103, acestea fiind scurtate \u0219i netezite. Crema hidrateaz\u0103 intens \u0219i \u00eent\u0103re\u0219te, red\u0103 vitalitatea pielii \u0219i \u00eei red\u0103 un aspect t\u00e2n\u0103r, str\u0103lucitor \u0219i proasp\u0103t. Ingredientele active sus\u021bin circula\u021bia s\u00e2ngelui \u0219i \u00eent\u0103resc pere\u021bii vaselor de s\u00e2nge, \u00eent\u0103resc \u0219i sus\u021bin regenerarea celulelor pielii. Produsul a fost testat dermatologic \u0219i alergologic.<\/p>\n","protected":false},"excerpt":{"rendered":"<p>Anti-ageing crem\u0103 de noapte sus\u021bine produc\u021bia de colagen \u0219i elastin\u0103 \u00een celule,datorit\u0103 c\u0103rora vizibilitatea ridurilor este redus\u0103, acestea fiind scurtate \u0219i netezite. Crema hidrateaz\u0103 intens \u0219i \u00eent\u0103re\u0219te, red\u0103 vitalitatea pielii \u0219i \u00eei red\u0103 un aspect t\u00e2n\u0103r, str\u0103lucitor \u0219i proasp\u0103t. Ingredientele active sus\u021bin circula\u021bia s\u00e2ngelui \u0219i \u00eent\u0103resc pere\u021bii vaselor de s\u00e2nge, \u00eent\u0103resc \u0219i sus\u021bin regenerarea celulelor&#8230;<\/p>\n","protected":false},"featured_media":339421,"comment_status":"closed","ping_status":"open","template":"","meta":{"_acf_changed":false,"_kadence_starter_templates_imported_post":false,"_kad_post_transparent":"","_kad_post_title":"","_kad_post_layout":"","_kad_post_sidebar_id":"","_kad_post_content_style":"","_kad_post_vertical_padding":"","_kad_post_feature":"","_kad_post_feature_position":"","_kad_post_header":false,"_kad_post_footer":false,"_kad_post_classname":""},"product_brand":[1017],"product_cat":[246,634,633,665],"product_tag":[],"class_list":{"0":"post-262970","1":"product","2":"type-product","3":"status-publish","4":"has-post-thumbnail","6":"product_brand-orphica","7":"product_cat-cosmetice","8":"product_cat-produse-cosmetice-de-ingrijire-a-pielii","9":"product_cat-produse-cosmetice-pentru-piele","10":"product_cat-produse-cosmetice-pentru-riduri-si-anti-imbatranire","12":"first","13":"instock","14":"sale","15":"product-type-external","16":"entry","17":"content-bg","18":"loop-entry"},"acf":[],"yoast_head":"<!-- This site is optimized with the Yoast SEO plugin v27.3 - https:\/\/yoast.com\/product\/yoast-seo-wordpress\/ -->\n<title>Orphica Crem\u0103 de noapte cu efect anti-\u00eemb\u0103tr\u00e2nire Timeless (Anti-Ageing Night Cream) 50 ml - SHOPATOA.COM<\/title>\n<meta name=\"robots\" content=\"index, follow, max-snippet:-1, max-image-preview:large, max-video-preview:-1\" \/>\n<link rel=\"canonical\" href=\"https:\/\/shopatoa.com\/ro\/orphica-crema-de-noapte-cu-efect-anti-imbatranire-timeless-anti-ageing-night-cream-50-ml\/\" \/>\n<meta property=\"og:locale\" content=\"ro_RO\" \/>\n<meta property=\"og:type\" content=\"article\" \/>\n<meta property=\"og:title\" content=\"Orphica Crem\u0103 de noapte cu efect anti-\u00eemb\u0103tr\u00e2nire Timeless (Anti-Ageing Night Cream) 50 ml - SHOPATOA.COM\" \/>\n<meta property=\"og:description\" content=\"Anti-ageing crem\u0103 de noapte sus\u021bine produc\u021bia de colagen \u0219i elastin\u0103 \u00een celule,datorit\u0103 c\u0103rora vizibilitatea ridurilor este redus\u0103, acestea fiind scurtate \u0219i netezite. Crema hidrateaz\u0103 intens \u0219i \u00eent\u0103re\u0219te, red\u0103 vitalitatea pielii \u0219i \u00eei red\u0103 un aspect t\u00e2n\u0103r, str\u0103lucitor \u0219i proasp\u0103t. Ingredientele active sus\u021bin circula\u021bia s\u00e2ngelui \u0219i \u00eent\u0103resc pere\u021bii vaselor de s\u00e2nge, \u00eent\u0103resc \u0219i sus\u021bin regenerarea celulelor...\" \/>\n<meta property=\"og:url\" content=\"https:\/\/shopatoa.com\/ro\/orphica-crema-de-noapte-cu-efect-anti-imbatranire-timeless-anti-ageing-night-cream-50-ml\/\" \/>\n<meta property=\"og:site_name\" content=\"SHOPATOA\" \/>\n<meta property=\"article:modified_time\" content=\"2025-12-15T01:02:52+00:00\" \/>\n<meta property=\"og:image\" content=\"https:\/\/storage.googleapis.com\/cz-shopatoa-img\/ro\/e69d75e6-unnamed-file.webp\" \/>\n\t<meta property=\"og:image:width\" content=\"800\" \/>\n\t<meta property=\"og:image:height\" content=\"800\" \/>\n\t<meta property=\"og:image:type\" content=\"image\/webp\" \/>\n<meta name=\"twitter:card\" content=\"summary_large_image\" \/>\n<script type=\"application\/ld+json\" class=\"yoast-schema-graph\">{\"@context\":\"https:\\\/\\\/schema.org\",\"@graph\":[{\"@type\":\"WebPage\",\"@id\":\"https:\\\/\\\/shopatoa.com\\\/ro\\\/orphica-crema-de-noapte-cu-efect-anti-imbatranire-timeless-anti-ageing-night-cream-50-ml\\\/\",\"url\":\"https:\\\/\\\/shopatoa.com\\\/ro\\\/orphica-crema-de-noapte-cu-efect-anti-imbatranire-timeless-anti-ageing-night-cream-50-ml\\\/\",\"name\":\"Orphica Crem\u0103 de noapte cu efect anti-\u00eemb\u0103tr\u00e2nire Timeless (Anti-Ageing Night Cream) 50 ml - SHOPATOA.COM\",\"isPartOf\":{\"@id\":\"https:\\\/\\\/shopatoa.com\\\/ro\\\/#website\"},\"primaryImageOfPage\":{\"@id\":\"https:\\\/\\\/shopatoa.com\\\/ro\\\/orphica-crema-de-noapte-cu-efect-anti-imbatranire-timeless-anti-ageing-night-cream-50-ml\\\/#primaryimage\"},\"image\":{\"@id\":\"https:\\\/\\\/shopatoa.com\\\/ro\\\/orphica-crema-de-noapte-cu-efect-anti-imbatranire-timeless-anti-ageing-night-cream-50-ml\\\/#primaryimage\"},\"thumbnailUrl\":\"https:\\\/\\\/storage.googleapis.com\\\/cz-shopatoa-img\\\/ro\\\/e69d75e6-unnamed-file.webp\",\"datePublished\":\"2025-04-27T18:26:19+00:00\",\"dateModified\":\"2025-12-15T01:02:52+00:00\",\"breadcrumb\":{\"@id\":\"https:\\\/\\\/shopatoa.com\\\/ro\\\/orphica-crema-de-noapte-cu-efect-anti-imbatranire-timeless-anti-ageing-night-cream-50-ml\\\/#breadcrumb\"},\"inLanguage\":\"ro-RO\",\"potentialAction\":[{\"@type\":\"ReadAction\",\"target\":[\"https:\\\/\\\/shopatoa.com\\\/ro\\\/orphica-crema-de-noapte-cu-efect-anti-imbatranire-timeless-anti-ageing-night-cream-50-ml\\\/\"]}]},{\"@type\":\"ImageObject\",\"inLanguage\":\"ro-RO\",\"@id\":\"https:\\\/\\\/shopatoa.com\\\/ro\\\/orphica-crema-de-noapte-cu-efect-anti-imbatranire-timeless-anti-ageing-night-cream-50-ml\\\/#primaryimage\",\"url\":\"https:\\\/\\\/storage.googleapis.com\\\/cz-shopatoa-img\\\/ro\\\/e69d75e6-unnamed-file.webp\",\"contentUrl\":\"https:\\\/\\\/storage.googleapis.com\\\/cz-shopatoa-img\\\/ro\\\/e69d75e6-unnamed-file.webp\",\"width\":800,\"height\":800},{\"@type\":\"BreadcrumbList\",\"@id\":\"https:\\\/\\\/shopatoa.com\\\/ro\\\/orphica-crema-de-noapte-cu-efect-anti-imbatranire-timeless-anti-ageing-night-cream-50-ml\\\/#breadcrumb\",\"itemListElement\":[{\"@type\":\"ListItem\",\"position\":1,\"name\":\"Dom\u016f\",\"item\":\"https:\\\/\\\/shopatoa.com\\\/ro\\\/\"},{\"@type\":\"ListItem\",\"position\":2,\"name\":\"Shop\",\"item\":\"https:\\\/\\\/shopatoa.com\\\/ro\\\/shop\\\/\"},{\"@type\":\"ListItem\",\"position\":3,\"name\":\"Cosmetice\",\"item\":\"https:\\\/\\\/shopatoa.com\\\/ro\\\/cosmetice\\\/\"},{\"@type\":\"ListItem\",\"position\":4,\"name\":\"Produse cosmetice pentru piele\",\"item\":\"https:\\\/\\\/shopatoa.com\\\/ro\\\/produse-cosmetice-pentru-piele\\\/\"},{\"@type\":\"ListItem\",\"position\":5,\"name\":\"Produse cosmetice de \u00eengrijire a pielii\",\"item\":\"https:\\\/\\\/shopatoa.com\\\/ro\\\/produse-cosmetice-de-ingrijire-a-pielii\\\/\"},{\"@type\":\"ListItem\",\"position\":6,\"name\":\"Produse cosmetice pentru riduri \u0219i anti-\u00eemb\u0103tr\u00e2nire\",\"item\":\"https:\\\/\\\/shopatoa.com\\\/ro\\\/produse-cosmetice-pentru-riduri-si-anti-imbatranire\\\/\"},{\"@type\":\"ListItem\",\"position\":7,\"name\":\"Orphica Crem\u0103 de noapte cu efect anti-\u00eemb\u0103tr\u00e2nire Timeless (Anti-Ageing Night Cream) 50 ml\"}]},{\"@type\":\"WebSite\",\"@id\":\"https:\\\/\\\/shopatoa.com\\\/ro\\\/#website\",\"url\":\"https:\\\/\\\/shopatoa.com\\\/ro\\\/\",\"name\":\"SHOPATOA\",\"description\":\"\",\"publisher\":{\"@id\":\"https:\\\/\\\/shopatoa.com\\\/ro\\\/#organization\"},\"potentialAction\":[{\"@type\":\"SearchAction\",\"target\":{\"@type\":\"EntryPoint\",\"urlTemplate\":\"https:\\\/\\\/shopatoa.com\\\/ro\\\/?s={search_term_string}\"},\"query-input\":{\"@type\":\"PropertyValueSpecification\",\"valueRequired\":true,\"valueName\":\"search_term_string\"}}],\"inLanguage\":\"ro-RO\"},{\"@type\":\"Organization\",\"@id\":\"https:\\\/\\\/shopatoa.com\\\/ro\\\/#organization\",\"name\":\"SHOPATOA\",\"url\":\"https:\\\/\\\/shopatoa.com\\\/ro\\\/\",\"logo\":{\"@type\":\"ImageObject\",\"inLanguage\":\"ro-RO\",\"@id\":\"https:\\\/\\\/shopatoa.com\\\/ro\\\/#\\\/schema\\\/logo\\\/image\\\/\",\"url\":\"https:\\\/\\\/storage.googleapis.com\\\/cz-shopatoa-img\\\/ro\\\/b4dac915-shopatoa_logo.png\",\"contentUrl\":\"https:\\\/\\\/storage.googleapis.com\\\/cz-shopatoa-img\\\/ro\\\/b4dac915-shopatoa_logo.png\",\"width\":416,\"height\":63,\"caption\":\"SHOPATOA\"},\"image\":{\"@id\":\"https:\\\/\\\/shopatoa.com\\\/ro\\\/#\\\/schema\\\/logo\\\/image\\\/\"}}]}<\/script>\n<!-- \/ Yoast SEO plugin. -->","yoast_head_json":{"title":"Orphica Crem\u0103 de noapte cu efect anti-\u00eemb\u0103tr\u00e2nire Timeless (Anti-Ageing Night Cream) 50 ml - SHOPATOA.COM","robots":{"index":"index","follow":"follow","max-snippet":"max-snippet:-1","max-image-preview":"max-image-preview:large","max-video-preview":"max-video-preview:-1"},"canonical":"https:\/\/shopatoa.com\/ro\/orphica-crema-de-noapte-cu-efect-anti-imbatranire-timeless-anti-ageing-night-cream-50-ml\/","og_locale":"ro_RO","og_type":"article","og_title":"Orphica Crem\u0103 de noapte cu efect anti-\u00eemb\u0103tr\u00e2nire Timeless (Anti-Ageing Night Cream) 50 ml - SHOPATOA.COM","og_description":"Anti-ageing crem\u0103 de noapte sus\u021bine produc\u021bia de colagen \u0219i elastin\u0103 \u00een celule,datorit\u0103 c\u0103rora vizibilitatea ridurilor este redus\u0103, acestea fiind scurtate \u0219i netezite. Crema hidrateaz\u0103 intens \u0219i \u00eent\u0103re\u0219te, red\u0103 vitalitatea pielii \u0219i \u00eei red\u0103 un aspect t\u00e2n\u0103r, str\u0103lucitor \u0219i proasp\u0103t. Ingredientele active sus\u021bin circula\u021bia s\u00e2ngelui \u0219i \u00eent\u0103resc pere\u021bii vaselor de s\u00e2nge, \u00eent\u0103resc \u0219i sus\u021bin regenerarea celulelor...","og_url":"https:\/\/shopatoa.com\/ro\/orphica-crema-de-noapte-cu-efect-anti-imbatranire-timeless-anti-ageing-night-cream-50-ml\/","og_site_name":"SHOPATOA","article_modified_time":"2025-12-15T01:02:52+00:00","og_image":[{"width":800,"height":800,"url":"https:\/\/storage.googleapis.com\/cz-shopatoa-img\/ro\/e69d75e6-unnamed-file.webp","type":"image\/webp"}],"twitter_card":"summary_large_image","schema":{"@context":"https:\/\/schema.org","@graph":[{"@type":"WebPage","@id":"https:\/\/shopatoa.com\/ro\/orphica-crema-de-noapte-cu-efect-anti-imbatranire-timeless-anti-ageing-night-cream-50-ml\/","url":"https:\/\/shopatoa.com\/ro\/orphica-crema-de-noapte-cu-efect-anti-imbatranire-timeless-anti-ageing-night-cream-50-ml\/","name":"Orphica Crem\u0103 de noapte cu efect anti-\u00eemb\u0103tr\u00e2nire Timeless (Anti-Ageing Night Cream) 50 ml - SHOPATOA.COM","isPartOf":{"@id":"https:\/\/shopatoa.com\/ro\/#website"},"primaryImageOfPage":{"@id":"https:\/\/shopatoa.com\/ro\/orphica-crema-de-noapte-cu-efect-anti-imbatranire-timeless-anti-ageing-night-cream-50-ml\/#primaryimage"},"image":{"@id":"https:\/\/shopatoa.com\/ro\/orphica-crema-de-noapte-cu-efect-anti-imbatranire-timeless-anti-ageing-night-cream-50-ml\/#primaryimage"},"thumbnailUrl":"https:\/\/storage.googleapis.com\/cz-shopatoa-img\/ro\/e69d75e6-unnamed-file.webp","datePublished":"2025-04-27T18:26:19+00:00","dateModified":"2025-12-15T01:02:52+00:00","breadcrumb":{"@id":"https:\/\/shopatoa.com\/ro\/orphica-crema-de-noapte-cu-efect-anti-imbatranire-timeless-anti-ageing-night-cream-50-ml\/#breadcrumb"},"inLanguage":"ro-RO","potentialAction":[{"@type":"ReadAction","target":["https:\/\/shopatoa.com\/ro\/orphica-crema-de-noapte-cu-efect-anti-imbatranire-timeless-anti-ageing-night-cream-50-ml\/"]}]},{"@type":"ImageObject","inLanguage":"ro-RO","@id":"https:\/\/shopatoa.com\/ro\/orphica-crema-de-noapte-cu-efect-anti-imbatranire-timeless-anti-ageing-night-cream-50-ml\/#primaryimage","url":"https:\/\/storage.googleapis.com\/cz-shopatoa-img\/ro\/e69d75e6-unnamed-file.webp","contentUrl":"https:\/\/storage.googleapis.com\/cz-shopatoa-img\/ro\/e69d75e6-unnamed-file.webp","width":800,"height":800},{"@type":"BreadcrumbList","@id":"https:\/\/shopatoa.com\/ro\/orphica-crema-de-noapte-cu-efect-anti-imbatranire-timeless-anti-ageing-night-cream-50-ml\/#breadcrumb","itemListElement":[{"@type":"ListItem","position":1,"name":"Dom\u016f","item":"https:\/\/shopatoa.com\/ro\/"},{"@type":"ListItem","position":2,"name":"Shop","item":"https:\/\/shopatoa.com\/ro\/shop\/"},{"@type":"ListItem","position":3,"name":"Cosmetice","item":"https:\/\/shopatoa.com\/ro\/cosmetice\/"},{"@type":"ListItem","position":4,"name":"Produse cosmetice pentru piele","item":"https:\/\/shopatoa.com\/ro\/produse-cosmetice-pentru-piele\/"},{"@type":"ListItem","position":5,"name":"Produse cosmetice de \u00eengrijire a pielii","item":"https:\/\/shopatoa.com\/ro\/produse-cosmetice-de-ingrijire-a-pielii\/"},{"@type":"ListItem","position":6,"name":"Produse cosmetice pentru riduri \u0219i anti-\u00eemb\u0103tr\u00e2nire","item":"https:\/\/shopatoa.com\/ro\/produse-cosmetice-pentru-riduri-si-anti-imbatranire\/"},{"@type":"ListItem","position":7,"name":"Orphica Crem\u0103 de noapte cu efect anti-\u00eemb\u0103tr\u00e2nire Timeless (Anti-Ageing Night Cream) 50 ml"}]},{"@type":"WebSite","@id":"https:\/\/shopatoa.com\/ro\/#website","url":"https:\/\/shopatoa.com\/ro\/","name":"SHOPATOA","description":"","publisher":{"@id":"https:\/\/shopatoa.com\/ro\/#organization"},"potentialAction":[{"@type":"SearchAction","target":{"@type":"EntryPoint","urlTemplate":"https:\/\/shopatoa.com\/ro\/?s={search_term_string}"},"query-input":{"@type":"PropertyValueSpecification","valueRequired":true,"valueName":"search_term_string"}}],"inLanguage":"ro-RO"},{"@type":"Organization","@id":"https:\/\/shopatoa.com\/ro\/#organization","name":"SHOPATOA","url":"https:\/\/shopatoa.com\/ro\/","logo":{"@type":"ImageObject","inLanguage":"ro-RO","@id":"https:\/\/shopatoa.com\/ro\/#\/schema\/logo\/image\/","url":"https:\/\/storage.googleapis.com\/cz-shopatoa-img\/ro\/b4dac915-shopatoa_logo.png","contentUrl":"https:\/\/storage.googleapis.com\/cz-shopatoa-img\/ro\/b4dac915-shopatoa_logo.png","width":416,"height":63,"caption":"SHOPATOA"},"image":{"@id":"https:\/\/shopatoa.com\/ro\/#\/schema\/logo\/image\/"}}]}},"_links":{"self":[{"href":"https:\/\/shopatoa.com\/ro\/wp-json\/wp\/v2\/product\/262970","targetHints":{"allow":["GET"]}}],"collection":[{"href":"https:\/\/shopatoa.com\/ro\/wp-json\/wp\/v2\/product"}],"about":[{"href":"https:\/\/shopatoa.com\/ro\/wp-json\/wp\/v2\/types\/product"}],"replies":[{"embeddable":true,"href":"https:\/\/shopatoa.com\/ro\/wp-json\/wp\/v2\/comments?post=262970"}],"wp:featuredmedia":[{"embeddable":true,"href":"https:\/\/shopatoa.com\/ro\/wp-json\/wp\/v2\/media\/339421"}],"wp:attachment":[{"href":"https:\/\/shopatoa.com\/ro\/wp-json\/wp\/v2\/media?parent=262970"}],"wp:term":[{"taxonomy":"product_brand","embeddable":true,"href":"https:\/\/shopatoa.com\/ro\/wp-json\/wp\/v2\/product_brand?post=262970"},{"taxonomy":"product_cat","embeddable":true,"href":"https:\/\/shopatoa.com\/ro\/wp-json\/wp\/v2\/product_cat?post=262970"},{"taxonomy":"product_tag","embeddable":true,"href":"https:\/\/shopatoa.com\/ro\/wp-json\/wp\/v2\/product_tag?post=262970"}],"curies":[{"name":"wp","href":"https:\/\/api.w.org\/{rel}","templated":true}]}}