{"id":262985,"date":"2025-04-27T20:31:14","date_gmt":"2025-04-27T18:31:14","guid":{"rendered":"https:\/\/shopatoa.com\/ro\/revlon-professional-balsam-de-intarire-impotriva-caderii-parului-restart-density-fortifying-weightless-conditioner-200-ml\/"},"modified":"2025-12-15T01:35:12","modified_gmt":"2025-12-15T00:35:12","slug":"revlon-professional-balsam-de-intarire-impotriva-caderii-parului-restart-density-fortifying-weightless-conditioner-200-ml","status":"publish","type":"product","link":"https:\/\/shopatoa.com\/ro\/revlon-professional-balsam-de-intarire-impotriva-caderii-parului-restart-density-fortifying-weightless-conditioner-200-ml\/","title":{"rendered":"Revlon Professional Balsam de \u00eent\u0103rire \u00eempotriva c\u0103derii p\u0103rului Restart Density (Fortifying Weightless Conditioner) 200 ml"},"content":{"rendered":"<p>Balsamul de \u00eent\u0103rire \u00eengrije\u0219te p\u0103rul sl\u0103bit \u0219i care cade. Con\u021bine tehnologie proteic\u0103 care ajut\u0103 la \u00eent\u0103rirea structurii p\u0103rului. Balsamul cre\u0219te str\u0103lucirea \u0219i rezisten\u021ba p\u0103rului \u0219i garanteaz\u0103 astfel aspectul frumos al p\u0103rului dvs. Datorit\u0103 compozi\u021biei sale u\u0219oare, nu \u00eempov\u0103reaz\u0103 p\u0103rul \u0219i u\u0219ureaz\u0103 piept\u0103narea.<\/p>\n","protected":false},"excerpt":{"rendered":"<p>Balsamul de \u00eent\u0103rire \u00eengrije\u0219te p\u0103rul sl\u0103bit \u0219i care cade. Con\u021bine tehnologie proteic\u0103 care ajut\u0103 la \u00eent\u0103rirea structurii p\u0103rului. Balsamul cre\u0219te str\u0103lucirea \u0219i rezisten\u021ba p\u0103rului \u0219i garanteaz\u0103 astfel aspectul frumos al p\u0103rului dvs. Datorit\u0103 compozi\u021biei sale u\u0219oare, nu \u00eempov\u0103reaz\u0103 p\u0103rul \u0219i u\u0219ureaz\u0103 piept\u0103narea.<\/p>\n","protected":false},"featured_media":339436,"comment_status":"closed","ping_status":"open","template":"","meta":{"_acf_changed":false,"_kadence_starter_templates_imported_post":false,"_kad_post_transparent":"","_kad_post_title":"","_kad_post_layout":"","_kad_post_sidebar_id":"","_kad_post_content_style":"","_kad_post_vertical_padding":"","_kad_post_feature":"","_kad_post_feature_position":"","_kad_post_header":false,"_kad_post_footer":false,"_kad_post_classname":""},"product_brand":[367],"product_cat":[681,246,644,623],"product_tag":[],"class_list":{"0":"post-262985","1":"product","2":"type-product","3":"status-publish","4":"has-post-thumbnail","6":"product_brand-revlon-professional","7":"product_cat-conditionere","8":"product_cat-cosmetice","9":"product_cat-cosmetice-pentru-spalarea-parului","10":"product_cat-produse-cosmetice-pentru-par","12":"first","13":"instock","14":"sale","15":"product-type-external","16":"entry","17":"content-bg","18":"loop-entry"},"acf":[],"yoast_head":"<!-- This site is optimized with the Yoast SEO plugin v27.4 - https:\/\/yoast.com\/product\/yoast-seo-wordpress\/ -->\n<title>Revlon Professional Balsam de \u00eent\u0103rire \u00eempotriva c\u0103derii p\u0103rului Restart Density (Fortifying Weightless Conditioner) 200 ml - SHOPATOA.COM<\/title>\n<meta name=\"robots\" content=\"index, follow, max-snippet:-1, max-image-preview:large, max-video-preview:-1\" \/>\n<link rel=\"canonical\" href=\"https:\/\/shopatoa.com\/ro\/revlon-professional-balsam-de-intarire-impotriva-caderii-parului-restart-density-fortifying-weightless-conditioner-200-ml\/\" \/>\n<meta property=\"og:locale\" content=\"ro_RO\" \/>\n<meta property=\"og:type\" content=\"article\" \/>\n<meta property=\"og:title\" content=\"Revlon Professional Balsam de \u00eent\u0103rire \u00eempotriva c\u0103derii p\u0103rului Restart Density (Fortifying Weightless Conditioner) 200 ml - SHOPATOA.COM\" \/>\n<meta property=\"og:description\" content=\"Balsamul de \u00eent\u0103rire \u00eengrije\u0219te p\u0103rul sl\u0103bit \u0219i care cade. Con\u021bine tehnologie proteic\u0103 care ajut\u0103 la \u00eent\u0103rirea structurii p\u0103rului. Balsamul cre\u0219te str\u0103lucirea \u0219i rezisten\u021ba p\u0103rului \u0219i garanteaz\u0103 astfel aspectul frumos al p\u0103rului dvs. Datorit\u0103 compozi\u021biei sale u\u0219oare, nu \u00eempov\u0103reaz\u0103 p\u0103rul \u0219i u\u0219ureaz\u0103 piept\u0103narea.\" \/>\n<meta property=\"og:url\" content=\"https:\/\/shopatoa.com\/ro\/revlon-professional-balsam-de-intarire-impotriva-caderii-parului-restart-density-fortifying-weightless-conditioner-200-ml\/\" \/>\n<meta property=\"og:site_name\" content=\"SHOPATOA\" \/>\n<meta property=\"article:modified_time\" content=\"2025-12-15T00:35:12+00:00\" \/>\n<meta property=\"og:image\" content=\"https:\/\/storage.googleapis.com\/cz-shopatoa-img\/ro\/5624bdc5-unnamed-file.webp\" \/>\n\t<meta property=\"og:image:width\" content=\"800\" \/>\n\t<meta property=\"og:image:height\" content=\"800\" \/>\n\t<meta property=\"og:image:type\" content=\"image\/webp\" \/>\n<meta name=\"twitter:card\" content=\"summary_large_image\" \/>\n<script type=\"application\/ld+json\" class=\"yoast-schema-graph\">{\"@context\":\"https:\\\/\\\/schema.org\",\"@graph\":[{\"@type\":\"WebPage\",\"@id\":\"https:\\\/\\\/shopatoa.com\\\/ro\\\/revlon-professional-balsam-de-intarire-impotriva-caderii-parului-restart-density-fortifying-weightless-conditioner-200-ml\\\/\",\"url\":\"https:\\\/\\\/shopatoa.com\\\/ro\\\/revlon-professional-balsam-de-intarire-impotriva-caderii-parului-restart-density-fortifying-weightless-conditioner-200-ml\\\/\",\"name\":\"Revlon Professional Balsam de \u00eent\u0103rire \u00eempotriva c\u0103derii p\u0103rului Restart Density (Fortifying Weightless Conditioner) 200 ml - SHOPATOA.COM\",\"isPartOf\":{\"@id\":\"https:\\\/\\\/shopatoa.com\\\/ro\\\/#website\"},\"primaryImageOfPage\":{\"@id\":\"https:\\\/\\\/shopatoa.com\\\/ro\\\/revlon-professional-balsam-de-intarire-impotriva-caderii-parului-restart-density-fortifying-weightless-conditioner-200-ml\\\/#primaryimage\"},\"image\":{\"@id\":\"https:\\\/\\\/shopatoa.com\\\/ro\\\/revlon-professional-balsam-de-intarire-impotriva-caderii-parului-restart-density-fortifying-weightless-conditioner-200-ml\\\/#primaryimage\"},\"thumbnailUrl\":\"https:\\\/\\\/storage.googleapis.com\\\/cz-shopatoa-img\\\/ro\\\/5624bdc5-unnamed-file.webp\",\"datePublished\":\"2025-04-27T18:31:14+00:00\",\"dateModified\":\"2025-12-15T00:35:12+00:00\",\"breadcrumb\":{\"@id\":\"https:\\\/\\\/shopatoa.com\\\/ro\\\/revlon-professional-balsam-de-intarire-impotriva-caderii-parului-restart-density-fortifying-weightless-conditioner-200-ml\\\/#breadcrumb\"},\"inLanguage\":\"ro-RO\",\"potentialAction\":[{\"@type\":\"ReadAction\",\"target\":[\"https:\\\/\\\/shopatoa.com\\\/ro\\\/revlon-professional-balsam-de-intarire-impotriva-caderii-parului-restart-density-fortifying-weightless-conditioner-200-ml\\\/\"]}]},{\"@type\":\"ImageObject\",\"inLanguage\":\"ro-RO\",\"@id\":\"https:\\\/\\\/shopatoa.com\\\/ro\\\/revlon-professional-balsam-de-intarire-impotriva-caderii-parului-restart-density-fortifying-weightless-conditioner-200-ml\\\/#primaryimage\",\"url\":\"https:\\\/\\\/storage.googleapis.com\\\/cz-shopatoa-img\\\/ro\\\/5624bdc5-unnamed-file.webp\",\"contentUrl\":\"https:\\\/\\\/storage.googleapis.com\\\/cz-shopatoa-img\\\/ro\\\/5624bdc5-unnamed-file.webp\",\"width\":800,\"height\":800},{\"@type\":\"BreadcrumbList\",\"@id\":\"https:\\\/\\\/shopatoa.com\\\/ro\\\/revlon-professional-balsam-de-intarire-impotriva-caderii-parului-restart-density-fortifying-weightless-conditioner-200-ml\\\/#breadcrumb\",\"itemListElement\":[{\"@type\":\"ListItem\",\"position\":1,\"name\":\"Dom\u016f\",\"item\":\"https:\\\/\\\/shopatoa.com\\\/ro\\\/\"},{\"@type\":\"ListItem\",\"position\":2,\"name\":\"Shop\",\"item\":\"https:\\\/\\\/shopatoa.com\\\/ro\\\/shop\\\/\"},{\"@type\":\"ListItem\",\"position\":3,\"name\":\"Cosmetice\",\"item\":\"https:\\\/\\\/shopatoa.com\\\/ro\\\/cosmetice\\\/\"},{\"@type\":\"ListItem\",\"position\":4,\"name\":\"Produse cosmetice pentru p\u0103r\",\"item\":\"https:\\\/\\\/shopatoa.com\\\/ro\\\/produse-cosmetice-pentru-par\\\/\"},{\"@type\":\"ListItem\",\"position\":5,\"name\":\"Cosmetice pentru sp\u0103larea p\u0103rului\",\"item\":\"https:\\\/\\\/shopatoa.com\\\/ro\\\/cosmetice-pentru-spalarea-parului\\\/\"},{\"@type\":\"ListItem\",\"position\":6,\"name\":\"Condi\u021bionere\",\"item\":\"https:\\\/\\\/shopatoa.com\\\/ro\\\/conditionere\\\/\"},{\"@type\":\"ListItem\",\"position\":7,\"name\":\"Revlon Professional Balsam de \u00eent\u0103rire \u00eempotriva c\u0103derii p\u0103rului Restart Density (Fortifying Weightless Conditioner) 200 ml\"}]},{\"@type\":\"WebSite\",\"@id\":\"https:\\\/\\\/shopatoa.com\\\/ro\\\/#website\",\"url\":\"https:\\\/\\\/shopatoa.com\\\/ro\\\/\",\"name\":\"SHOPATOA\",\"description\":\"\",\"publisher\":{\"@id\":\"https:\\\/\\\/shopatoa.com\\\/ro\\\/#organization\"},\"potentialAction\":[{\"@type\":\"SearchAction\",\"target\":{\"@type\":\"EntryPoint\",\"urlTemplate\":\"https:\\\/\\\/shopatoa.com\\\/ro\\\/?s={search_term_string}\"},\"query-input\":{\"@type\":\"PropertyValueSpecification\",\"valueRequired\":true,\"valueName\":\"search_term_string\"}}],\"inLanguage\":\"ro-RO\"},{\"@type\":\"Organization\",\"@id\":\"https:\\\/\\\/shopatoa.com\\\/ro\\\/#organization\",\"name\":\"SHOPATOA\",\"url\":\"https:\\\/\\\/shopatoa.com\\\/ro\\\/\",\"logo\":{\"@type\":\"ImageObject\",\"inLanguage\":\"ro-RO\",\"@id\":\"https:\\\/\\\/shopatoa.com\\\/ro\\\/#\\\/schema\\\/logo\\\/image\\\/\",\"url\":\"https:\\\/\\\/storage.googleapis.com\\\/cz-shopatoa-img\\\/ro\\\/b4dac915-shopatoa_logo.png\",\"contentUrl\":\"https:\\\/\\\/storage.googleapis.com\\\/cz-shopatoa-img\\\/ro\\\/b4dac915-shopatoa_logo.png\",\"width\":416,\"height\":63,\"caption\":\"SHOPATOA\"},\"image\":{\"@id\":\"https:\\\/\\\/shopatoa.com\\\/ro\\\/#\\\/schema\\\/logo\\\/image\\\/\"}}]}<\/script>\n<!-- \/ Yoast SEO plugin. -->","yoast_head_json":{"title":"Revlon Professional Balsam de \u00eent\u0103rire \u00eempotriva c\u0103derii p\u0103rului Restart Density (Fortifying Weightless Conditioner) 200 ml - SHOPATOA.COM","robots":{"index":"index","follow":"follow","max-snippet":"max-snippet:-1","max-image-preview":"max-image-preview:large","max-video-preview":"max-video-preview:-1"},"canonical":"https:\/\/shopatoa.com\/ro\/revlon-professional-balsam-de-intarire-impotriva-caderii-parului-restart-density-fortifying-weightless-conditioner-200-ml\/","og_locale":"ro_RO","og_type":"article","og_title":"Revlon Professional Balsam de \u00eent\u0103rire \u00eempotriva c\u0103derii p\u0103rului Restart Density (Fortifying Weightless Conditioner) 200 ml - SHOPATOA.COM","og_description":"Balsamul de \u00eent\u0103rire \u00eengrije\u0219te p\u0103rul sl\u0103bit \u0219i care cade. Con\u021bine tehnologie proteic\u0103 care ajut\u0103 la \u00eent\u0103rirea structurii p\u0103rului. Balsamul cre\u0219te str\u0103lucirea \u0219i rezisten\u021ba p\u0103rului \u0219i garanteaz\u0103 astfel aspectul frumos al p\u0103rului dvs. Datorit\u0103 compozi\u021biei sale u\u0219oare, nu \u00eempov\u0103reaz\u0103 p\u0103rul \u0219i u\u0219ureaz\u0103 piept\u0103narea.","og_url":"https:\/\/shopatoa.com\/ro\/revlon-professional-balsam-de-intarire-impotriva-caderii-parului-restart-density-fortifying-weightless-conditioner-200-ml\/","og_site_name":"SHOPATOA","article_modified_time":"2025-12-15T00:35:12+00:00","og_image":[{"width":800,"height":800,"url":"https:\/\/storage.googleapis.com\/cz-shopatoa-img\/ro\/5624bdc5-unnamed-file.webp","type":"image\/webp"}],"twitter_card":"summary_large_image","schema":{"@context":"https:\/\/schema.org","@graph":[{"@type":"WebPage","@id":"https:\/\/shopatoa.com\/ro\/revlon-professional-balsam-de-intarire-impotriva-caderii-parului-restart-density-fortifying-weightless-conditioner-200-ml\/","url":"https:\/\/shopatoa.com\/ro\/revlon-professional-balsam-de-intarire-impotriva-caderii-parului-restart-density-fortifying-weightless-conditioner-200-ml\/","name":"Revlon Professional Balsam de \u00eent\u0103rire \u00eempotriva c\u0103derii p\u0103rului Restart Density (Fortifying Weightless Conditioner) 200 ml - SHOPATOA.COM","isPartOf":{"@id":"https:\/\/shopatoa.com\/ro\/#website"},"primaryImageOfPage":{"@id":"https:\/\/shopatoa.com\/ro\/revlon-professional-balsam-de-intarire-impotriva-caderii-parului-restart-density-fortifying-weightless-conditioner-200-ml\/#primaryimage"},"image":{"@id":"https:\/\/shopatoa.com\/ro\/revlon-professional-balsam-de-intarire-impotriva-caderii-parului-restart-density-fortifying-weightless-conditioner-200-ml\/#primaryimage"},"thumbnailUrl":"https:\/\/storage.googleapis.com\/cz-shopatoa-img\/ro\/5624bdc5-unnamed-file.webp","datePublished":"2025-04-27T18:31:14+00:00","dateModified":"2025-12-15T00:35:12+00:00","breadcrumb":{"@id":"https:\/\/shopatoa.com\/ro\/revlon-professional-balsam-de-intarire-impotriva-caderii-parului-restart-density-fortifying-weightless-conditioner-200-ml\/#breadcrumb"},"inLanguage":"ro-RO","potentialAction":[{"@type":"ReadAction","target":["https:\/\/shopatoa.com\/ro\/revlon-professional-balsam-de-intarire-impotriva-caderii-parului-restart-density-fortifying-weightless-conditioner-200-ml\/"]}]},{"@type":"ImageObject","inLanguage":"ro-RO","@id":"https:\/\/shopatoa.com\/ro\/revlon-professional-balsam-de-intarire-impotriva-caderii-parului-restart-density-fortifying-weightless-conditioner-200-ml\/#primaryimage","url":"https:\/\/storage.googleapis.com\/cz-shopatoa-img\/ro\/5624bdc5-unnamed-file.webp","contentUrl":"https:\/\/storage.googleapis.com\/cz-shopatoa-img\/ro\/5624bdc5-unnamed-file.webp","width":800,"height":800},{"@type":"BreadcrumbList","@id":"https:\/\/shopatoa.com\/ro\/revlon-professional-balsam-de-intarire-impotriva-caderii-parului-restart-density-fortifying-weightless-conditioner-200-ml\/#breadcrumb","itemListElement":[{"@type":"ListItem","position":1,"name":"Dom\u016f","item":"https:\/\/shopatoa.com\/ro\/"},{"@type":"ListItem","position":2,"name":"Shop","item":"https:\/\/shopatoa.com\/ro\/shop\/"},{"@type":"ListItem","position":3,"name":"Cosmetice","item":"https:\/\/shopatoa.com\/ro\/cosmetice\/"},{"@type":"ListItem","position":4,"name":"Produse cosmetice pentru p\u0103r","item":"https:\/\/shopatoa.com\/ro\/produse-cosmetice-pentru-par\/"},{"@type":"ListItem","position":5,"name":"Cosmetice pentru sp\u0103larea p\u0103rului","item":"https:\/\/shopatoa.com\/ro\/cosmetice-pentru-spalarea-parului\/"},{"@type":"ListItem","position":6,"name":"Condi\u021bionere","item":"https:\/\/shopatoa.com\/ro\/conditionere\/"},{"@type":"ListItem","position":7,"name":"Revlon Professional Balsam de \u00eent\u0103rire \u00eempotriva c\u0103derii p\u0103rului Restart Density (Fortifying Weightless Conditioner) 200 ml"}]},{"@type":"WebSite","@id":"https:\/\/shopatoa.com\/ro\/#website","url":"https:\/\/shopatoa.com\/ro\/","name":"SHOPATOA","description":"","publisher":{"@id":"https:\/\/shopatoa.com\/ro\/#organization"},"potentialAction":[{"@type":"SearchAction","target":{"@type":"EntryPoint","urlTemplate":"https:\/\/shopatoa.com\/ro\/?s={search_term_string}"},"query-input":{"@type":"PropertyValueSpecification","valueRequired":true,"valueName":"search_term_string"}}],"inLanguage":"ro-RO"},{"@type":"Organization","@id":"https:\/\/shopatoa.com\/ro\/#organization","name":"SHOPATOA","url":"https:\/\/shopatoa.com\/ro\/","logo":{"@type":"ImageObject","inLanguage":"ro-RO","@id":"https:\/\/shopatoa.com\/ro\/#\/schema\/logo\/image\/","url":"https:\/\/storage.googleapis.com\/cz-shopatoa-img\/ro\/b4dac915-shopatoa_logo.png","contentUrl":"https:\/\/storage.googleapis.com\/cz-shopatoa-img\/ro\/b4dac915-shopatoa_logo.png","width":416,"height":63,"caption":"SHOPATOA"},"image":{"@id":"https:\/\/shopatoa.com\/ro\/#\/schema\/logo\/image\/"}}]}},"_links":{"self":[{"href":"https:\/\/shopatoa.com\/ro\/wp-json\/wp\/v2\/product\/262985","targetHints":{"allow":["GET"]}}],"collection":[{"href":"https:\/\/shopatoa.com\/ro\/wp-json\/wp\/v2\/product"}],"about":[{"href":"https:\/\/shopatoa.com\/ro\/wp-json\/wp\/v2\/types\/product"}],"replies":[{"embeddable":true,"href":"https:\/\/shopatoa.com\/ro\/wp-json\/wp\/v2\/comments?post=262985"}],"wp:featuredmedia":[{"embeddable":true,"href":"https:\/\/shopatoa.com\/ro\/wp-json\/wp\/v2\/media\/339436"}],"wp:attachment":[{"href":"https:\/\/shopatoa.com\/ro\/wp-json\/wp\/v2\/media?parent=262985"}],"wp:term":[{"taxonomy":"product_brand","embeddable":true,"href":"https:\/\/shopatoa.com\/ro\/wp-json\/wp\/v2\/product_brand?post=262985"},{"taxonomy":"product_cat","embeddable":true,"href":"https:\/\/shopatoa.com\/ro\/wp-json\/wp\/v2\/product_cat?post=262985"},{"taxonomy":"product_tag","embeddable":true,"href":"https:\/\/shopatoa.com\/ro\/wp-json\/wp\/v2\/product_tag?post=262985"}],"curies":[{"name":"wp","href":"https:\/\/api.w.org\/{rel}","templated":true}]}}