{"id":263066,"date":"2025-04-27T21:00:19","date_gmt":"2025-04-27T19:00:19","guid":{"rendered":"https:\/\/shopatoa.com\/ro\/primavera-apa-de-gura-revigoranta-fara-continut-de-alcool-oralcomfortmouth-wash-250-ml\/"},"modified":"2025-12-14T23:14:14","modified_gmt":"2025-12-14T22:14:14","slug":"primavera-apa-de-gura-revigoranta-fara-continut-de-alcool-oralcomfortmouth-wash-250-ml","status":"publish","type":"product","link":"https:\/\/shopatoa.com\/ro\/primavera-apa-de-gura-revigoranta-fara-continut-de-alcool-oralcomfortmouth-wash-250-ml\/","title":{"rendered":"Primavera Ap\u0103 de gur\u0103 revigorant\u0103 f\u0103r\u0103 con\u021binut de alcool OralComfort(Mouth Wash) 250 ml"},"content":{"rendered":"<p>PRIMAVERA Ap\u0103 de gur\u0103 r\u0103coritoare pentru sp\u0103larea gurii f\u0103r\u0103 con\u021binut de alcool v\u0103 va surprinde prin catifelare \u0219i eficacitate. Este potrivita pentru gingiile sensibile. Con\u021bine xilitol. Datorit\u0103 uleiurilor esen\u021biale, contribuie la s\u0103n\u0103tatea cavit\u0103\u021bii bucale \u0219i re\u00eemprosp\u0103teaz\u0103 respira\u021bia. Pentru utilizare dup\u0103 sp\u0103larea din\u021bilor, ofer\u0103 protec\u021bie natural\u0103 pentru s\u0103n\u0103tatea \u00eentregii cavit\u0103\u021bi bucale \u0219i ofer\u0103 o senza\u021bie pl\u0103cut\u0103 datorit\u0103 respira\u021biei proaspete. Formula f\u0103r\u0103 alcool \u00eempreun\u0103 cu ulei esen\u021bial de ment\u0103 100% natural este destinat\u0103 utiliz\u0103rii zilnice \u0219i a gingiilor sensibile \u0219i, de asemenea, pentru cei care doresc s\u0103 evite compozi\u021bia cu alcool. Aplicare curat\u0103 \u0219i practic\u0103 datorit\u0103 cupei de m\u0103surare integrate \u00een g\u00e2tul sticlei.<\/p>\n","protected":false},"excerpt":{"rendered":"<p>PRIMAVERA Ap\u0103 de gur\u0103 r\u0103coritoare pentru sp\u0103larea gurii f\u0103r\u0103 con\u021binut de alcool v\u0103 va surprinde prin catifelare \u0219i eficacitate. Este potrivita pentru gingiile sensibile. Con\u021bine xilitol. Datorit\u0103 uleiurilor esen\u021biale, contribuie la s\u0103n\u0103tatea cavit\u0103\u021bii bucale \u0219i re\u00eemprosp\u0103teaz\u0103 respira\u021bia. Pentru utilizare dup\u0103 sp\u0103larea din\u021bilor, ofer\u0103 protec\u021bie natural\u0103 pentru s\u0103n\u0103tatea \u00eentregii cavit\u0103\u021bi bucale \u0219i ofer\u0103 o senza\u021bie pl\u0103cut\u0103&#8230;<\/p>\n","protected":false},"featured_media":339516,"comment_status":"closed","ping_status":"open","template":"","meta":{"_acf_changed":false,"_kadence_starter_templates_imported_post":false,"_kad_post_transparent":"","_kad_post_title":"","_kad_post_layout":"","_kad_post_sidebar_id":"","_kad_post_content_style":"","_kad_post_vertical_padding":"","_kad_post_feature":"","_kad_post_feature_position":"","_kad_post_header":false,"_kad_post_footer":false,"_kad_post_classname":""},"product_brand":[264],"product_cat":[246,709,1014],"product_tag":[],"class_list":{"0":"post-263066","1":"product","2":"type-product","3":"status-publish","4":"has-post-thumbnail","6":"product_brand-primavera","7":"product_cat-cosmetice","8":"product_cat-ingrijirea-dentara","9":"product_cat-preparate-de-gura-si-spray-uri","11":"first","12":"instock","13":"sale","14":"product-type-external","15":"entry","16":"content-bg","17":"loop-entry"},"acf":[],"yoast_head":"<!-- This site is optimized with the Yoast SEO plugin v27.4 - https:\/\/yoast.com\/product\/yoast-seo-wordpress\/ -->\n<title>Primavera Ap\u0103 de gur\u0103 revigorant\u0103 f\u0103r\u0103 con\u021binut de alcool OralComfort(Mouth Wash) 250 ml - SHOPATOA.COM<\/title>\n<meta name=\"robots\" content=\"index, follow, max-snippet:-1, max-image-preview:large, max-video-preview:-1\" \/>\n<link rel=\"canonical\" href=\"https:\/\/shopatoa.com\/ro\/primavera-apa-de-gura-revigoranta-fara-continut-de-alcool-oralcomfortmouth-wash-250-ml\/\" \/>\n<meta property=\"og:locale\" content=\"ro_RO\" \/>\n<meta property=\"og:type\" content=\"article\" \/>\n<meta property=\"og:title\" content=\"Primavera Ap\u0103 de gur\u0103 revigorant\u0103 f\u0103r\u0103 con\u021binut de alcool OralComfort(Mouth Wash) 250 ml - SHOPATOA.COM\" \/>\n<meta property=\"og:description\" content=\"PRIMAVERA Ap\u0103 de gur\u0103 r\u0103coritoare pentru sp\u0103larea gurii f\u0103r\u0103 con\u021binut de alcool v\u0103 va surprinde prin catifelare \u0219i eficacitate. Este potrivita pentru gingiile sensibile. Con\u021bine xilitol. Datorit\u0103 uleiurilor esen\u021biale, contribuie la s\u0103n\u0103tatea cavit\u0103\u021bii bucale \u0219i re\u00eemprosp\u0103teaz\u0103 respira\u021bia. Pentru utilizare dup\u0103 sp\u0103larea din\u021bilor, ofer\u0103 protec\u021bie natural\u0103 pentru s\u0103n\u0103tatea \u00eentregii cavit\u0103\u021bi bucale \u0219i ofer\u0103 o senza\u021bie pl\u0103cut\u0103...\" \/>\n<meta property=\"og:url\" content=\"https:\/\/shopatoa.com\/ro\/primavera-apa-de-gura-revigoranta-fara-continut-de-alcool-oralcomfortmouth-wash-250-ml\/\" \/>\n<meta property=\"og:site_name\" content=\"SHOPATOA\" \/>\n<meta property=\"article:modified_time\" content=\"2025-12-14T22:14:14+00:00\" \/>\n<meta property=\"og:image\" content=\"https:\/\/storage.googleapis.com\/cz-shopatoa-img\/ro\/8477807c-unnamed-file.webp\" \/>\n\t<meta property=\"og:image:width\" content=\"800\" \/>\n\t<meta property=\"og:image:height\" content=\"800\" \/>\n\t<meta property=\"og:image:type\" content=\"image\/webp\" \/>\n<meta name=\"twitter:card\" content=\"summary_large_image\" \/>\n<meta name=\"twitter:label1\" content=\"Timp estimat pentru citire\" \/>\n\t<meta name=\"twitter:data1\" content=\"1 minut\" \/>\n<script type=\"application\/ld+json\" class=\"yoast-schema-graph\">{\"@context\":\"https:\\\/\\\/schema.org\",\"@graph\":[{\"@type\":\"WebPage\",\"@id\":\"https:\\\/\\\/shopatoa.com\\\/ro\\\/primavera-apa-de-gura-revigoranta-fara-continut-de-alcool-oralcomfortmouth-wash-250-ml\\\/\",\"url\":\"https:\\\/\\\/shopatoa.com\\\/ro\\\/primavera-apa-de-gura-revigoranta-fara-continut-de-alcool-oralcomfortmouth-wash-250-ml\\\/\",\"name\":\"Primavera Ap\u0103 de gur\u0103 revigorant\u0103 f\u0103r\u0103 con\u021binut de alcool OralComfort(Mouth Wash) 250 ml - SHOPATOA.COM\",\"isPartOf\":{\"@id\":\"https:\\\/\\\/shopatoa.com\\\/ro\\\/#website\"},\"primaryImageOfPage\":{\"@id\":\"https:\\\/\\\/shopatoa.com\\\/ro\\\/primavera-apa-de-gura-revigoranta-fara-continut-de-alcool-oralcomfortmouth-wash-250-ml\\\/#primaryimage\"},\"image\":{\"@id\":\"https:\\\/\\\/shopatoa.com\\\/ro\\\/primavera-apa-de-gura-revigoranta-fara-continut-de-alcool-oralcomfortmouth-wash-250-ml\\\/#primaryimage\"},\"thumbnailUrl\":\"https:\\\/\\\/storage.googleapis.com\\\/cz-shopatoa-img\\\/ro\\\/8477807c-unnamed-file.webp\",\"datePublished\":\"2025-04-27T19:00:19+00:00\",\"dateModified\":\"2025-12-14T22:14:14+00:00\",\"breadcrumb\":{\"@id\":\"https:\\\/\\\/shopatoa.com\\\/ro\\\/primavera-apa-de-gura-revigoranta-fara-continut-de-alcool-oralcomfortmouth-wash-250-ml\\\/#breadcrumb\"},\"inLanguage\":\"ro-RO\",\"potentialAction\":[{\"@type\":\"ReadAction\",\"target\":[\"https:\\\/\\\/shopatoa.com\\\/ro\\\/primavera-apa-de-gura-revigoranta-fara-continut-de-alcool-oralcomfortmouth-wash-250-ml\\\/\"]}]},{\"@type\":\"ImageObject\",\"inLanguage\":\"ro-RO\",\"@id\":\"https:\\\/\\\/shopatoa.com\\\/ro\\\/primavera-apa-de-gura-revigoranta-fara-continut-de-alcool-oralcomfortmouth-wash-250-ml\\\/#primaryimage\",\"url\":\"https:\\\/\\\/storage.googleapis.com\\\/cz-shopatoa-img\\\/ro\\\/8477807c-unnamed-file.webp\",\"contentUrl\":\"https:\\\/\\\/storage.googleapis.com\\\/cz-shopatoa-img\\\/ro\\\/8477807c-unnamed-file.webp\",\"width\":800,\"height\":800},{\"@type\":\"BreadcrumbList\",\"@id\":\"https:\\\/\\\/shopatoa.com\\\/ro\\\/primavera-apa-de-gura-revigoranta-fara-continut-de-alcool-oralcomfortmouth-wash-250-ml\\\/#breadcrumb\",\"itemListElement\":[{\"@type\":\"ListItem\",\"position\":1,\"name\":\"Dom\u016f\",\"item\":\"https:\\\/\\\/shopatoa.com\\\/ro\\\/\"},{\"@type\":\"ListItem\",\"position\":2,\"name\":\"Shop\",\"item\":\"https:\\\/\\\/shopatoa.com\\\/ro\\\/shop\\\/\"},{\"@type\":\"ListItem\",\"position\":3,\"name\":\"Cosmetice\",\"item\":\"https:\\\/\\\/shopatoa.com\\\/ro\\\/cosmetice\\\/\"},{\"@type\":\"ListItem\",\"position\":4,\"name\":\"\u00cengrijirea dentar\u0103\",\"item\":\"https:\\\/\\\/shopatoa.com\\\/ro\\\/ingrijirea-dentara\\\/\"},{\"@type\":\"ListItem\",\"position\":5,\"name\":\"Preparate de gur\u0103 \u0219i spray-uri\",\"item\":\"https:\\\/\\\/shopatoa.com\\\/ro\\\/preparate-de-gura-si-spray-uri\\\/\"},{\"@type\":\"ListItem\",\"position\":6,\"name\":\"Primavera Ap\u0103 de gur\u0103 revigorant\u0103 f\u0103r\u0103 con\u021binut de alcool OralComfort(Mouth Wash) 250 ml\"}]},{\"@type\":\"WebSite\",\"@id\":\"https:\\\/\\\/shopatoa.com\\\/ro\\\/#website\",\"url\":\"https:\\\/\\\/shopatoa.com\\\/ro\\\/\",\"name\":\"SHOPATOA\",\"description\":\"\",\"publisher\":{\"@id\":\"https:\\\/\\\/shopatoa.com\\\/ro\\\/#organization\"},\"potentialAction\":[{\"@type\":\"SearchAction\",\"target\":{\"@type\":\"EntryPoint\",\"urlTemplate\":\"https:\\\/\\\/shopatoa.com\\\/ro\\\/?s={search_term_string}\"},\"query-input\":{\"@type\":\"PropertyValueSpecification\",\"valueRequired\":true,\"valueName\":\"search_term_string\"}}],\"inLanguage\":\"ro-RO\"},{\"@type\":\"Organization\",\"@id\":\"https:\\\/\\\/shopatoa.com\\\/ro\\\/#organization\",\"name\":\"SHOPATOA\",\"url\":\"https:\\\/\\\/shopatoa.com\\\/ro\\\/\",\"logo\":{\"@type\":\"ImageObject\",\"inLanguage\":\"ro-RO\",\"@id\":\"https:\\\/\\\/shopatoa.com\\\/ro\\\/#\\\/schema\\\/logo\\\/image\\\/\",\"url\":\"https:\\\/\\\/storage.googleapis.com\\\/cz-shopatoa-img\\\/ro\\\/b4dac915-shopatoa_logo.png\",\"contentUrl\":\"https:\\\/\\\/storage.googleapis.com\\\/cz-shopatoa-img\\\/ro\\\/b4dac915-shopatoa_logo.png\",\"width\":416,\"height\":63,\"caption\":\"SHOPATOA\"},\"image\":{\"@id\":\"https:\\\/\\\/shopatoa.com\\\/ro\\\/#\\\/schema\\\/logo\\\/image\\\/\"}}]}<\/script>\n<!-- \/ Yoast SEO plugin. -->","yoast_head_json":{"title":"Primavera Ap\u0103 de gur\u0103 revigorant\u0103 f\u0103r\u0103 con\u021binut de alcool OralComfort(Mouth Wash) 250 ml - SHOPATOA.COM","robots":{"index":"index","follow":"follow","max-snippet":"max-snippet:-1","max-image-preview":"max-image-preview:large","max-video-preview":"max-video-preview:-1"},"canonical":"https:\/\/shopatoa.com\/ro\/primavera-apa-de-gura-revigoranta-fara-continut-de-alcool-oralcomfortmouth-wash-250-ml\/","og_locale":"ro_RO","og_type":"article","og_title":"Primavera Ap\u0103 de gur\u0103 revigorant\u0103 f\u0103r\u0103 con\u021binut de alcool OralComfort(Mouth Wash) 250 ml - SHOPATOA.COM","og_description":"PRIMAVERA Ap\u0103 de gur\u0103 r\u0103coritoare pentru sp\u0103larea gurii f\u0103r\u0103 con\u021binut de alcool v\u0103 va surprinde prin catifelare \u0219i eficacitate. Este potrivita pentru gingiile sensibile. Con\u021bine xilitol. Datorit\u0103 uleiurilor esen\u021biale, contribuie la s\u0103n\u0103tatea cavit\u0103\u021bii bucale \u0219i re\u00eemprosp\u0103teaz\u0103 respira\u021bia. Pentru utilizare dup\u0103 sp\u0103larea din\u021bilor, ofer\u0103 protec\u021bie natural\u0103 pentru s\u0103n\u0103tatea \u00eentregii cavit\u0103\u021bi bucale \u0219i ofer\u0103 o senza\u021bie pl\u0103cut\u0103...","og_url":"https:\/\/shopatoa.com\/ro\/primavera-apa-de-gura-revigoranta-fara-continut-de-alcool-oralcomfortmouth-wash-250-ml\/","og_site_name":"SHOPATOA","article_modified_time":"2025-12-14T22:14:14+00:00","og_image":[{"width":800,"height":800,"url":"https:\/\/storage.googleapis.com\/cz-shopatoa-img\/ro\/8477807c-unnamed-file.webp","type":"image\/webp"}],"twitter_card":"summary_large_image","twitter_misc":{"Timp estimat pentru citire":"1 minut"},"schema":{"@context":"https:\/\/schema.org","@graph":[{"@type":"WebPage","@id":"https:\/\/shopatoa.com\/ro\/primavera-apa-de-gura-revigoranta-fara-continut-de-alcool-oralcomfortmouth-wash-250-ml\/","url":"https:\/\/shopatoa.com\/ro\/primavera-apa-de-gura-revigoranta-fara-continut-de-alcool-oralcomfortmouth-wash-250-ml\/","name":"Primavera Ap\u0103 de gur\u0103 revigorant\u0103 f\u0103r\u0103 con\u021binut de alcool OralComfort(Mouth Wash) 250 ml - SHOPATOA.COM","isPartOf":{"@id":"https:\/\/shopatoa.com\/ro\/#website"},"primaryImageOfPage":{"@id":"https:\/\/shopatoa.com\/ro\/primavera-apa-de-gura-revigoranta-fara-continut-de-alcool-oralcomfortmouth-wash-250-ml\/#primaryimage"},"image":{"@id":"https:\/\/shopatoa.com\/ro\/primavera-apa-de-gura-revigoranta-fara-continut-de-alcool-oralcomfortmouth-wash-250-ml\/#primaryimage"},"thumbnailUrl":"https:\/\/storage.googleapis.com\/cz-shopatoa-img\/ro\/8477807c-unnamed-file.webp","datePublished":"2025-04-27T19:00:19+00:00","dateModified":"2025-12-14T22:14:14+00:00","breadcrumb":{"@id":"https:\/\/shopatoa.com\/ro\/primavera-apa-de-gura-revigoranta-fara-continut-de-alcool-oralcomfortmouth-wash-250-ml\/#breadcrumb"},"inLanguage":"ro-RO","potentialAction":[{"@type":"ReadAction","target":["https:\/\/shopatoa.com\/ro\/primavera-apa-de-gura-revigoranta-fara-continut-de-alcool-oralcomfortmouth-wash-250-ml\/"]}]},{"@type":"ImageObject","inLanguage":"ro-RO","@id":"https:\/\/shopatoa.com\/ro\/primavera-apa-de-gura-revigoranta-fara-continut-de-alcool-oralcomfortmouth-wash-250-ml\/#primaryimage","url":"https:\/\/storage.googleapis.com\/cz-shopatoa-img\/ro\/8477807c-unnamed-file.webp","contentUrl":"https:\/\/storage.googleapis.com\/cz-shopatoa-img\/ro\/8477807c-unnamed-file.webp","width":800,"height":800},{"@type":"BreadcrumbList","@id":"https:\/\/shopatoa.com\/ro\/primavera-apa-de-gura-revigoranta-fara-continut-de-alcool-oralcomfortmouth-wash-250-ml\/#breadcrumb","itemListElement":[{"@type":"ListItem","position":1,"name":"Dom\u016f","item":"https:\/\/shopatoa.com\/ro\/"},{"@type":"ListItem","position":2,"name":"Shop","item":"https:\/\/shopatoa.com\/ro\/shop\/"},{"@type":"ListItem","position":3,"name":"Cosmetice","item":"https:\/\/shopatoa.com\/ro\/cosmetice\/"},{"@type":"ListItem","position":4,"name":"\u00cengrijirea dentar\u0103","item":"https:\/\/shopatoa.com\/ro\/ingrijirea-dentara\/"},{"@type":"ListItem","position":5,"name":"Preparate de gur\u0103 \u0219i spray-uri","item":"https:\/\/shopatoa.com\/ro\/preparate-de-gura-si-spray-uri\/"},{"@type":"ListItem","position":6,"name":"Primavera Ap\u0103 de gur\u0103 revigorant\u0103 f\u0103r\u0103 con\u021binut de alcool OralComfort(Mouth Wash) 250 ml"}]},{"@type":"WebSite","@id":"https:\/\/shopatoa.com\/ro\/#website","url":"https:\/\/shopatoa.com\/ro\/","name":"SHOPATOA","description":"","publisher":{"@id":"https:\/\/shopatoa.com\/ro\/#organization"},"potentialAction":[{"@type":"SearchAction","target":{"@type":"EntryPoint","urlTemplate":"https:\/\/shopatoa.com\/ro\/?s={search_term_string}"},"query-input":{"@type":"PropertyValueSpecification","valueRequired":true,"valueName":"search_term_string"}}],"inLanguage":"ro-RO"},{"@type":"Organization","@id":"https:\/\/shopatoa.com\/ro\/#organization","name":"SHOPATOA","url":"https:\/\/shopatoa.com\/ro\/","logo":{"@type":"ImageObject","inLanguage":"ro-RO","@id":"https:\/\/shopatoa.com\/ro\/#\/schema\/logo\/image\/","url":"https:\/\/storage.googleapis.com\/cz-shopatoa-img\/ro\/b4dac915-shopatoa_logo.png","contentUrl":"https:\/\/storage.googleapis.com\/cz-shopatoa-img\/ro\/b4dac915-shopatoa_logo.png","width":416,"height":63,"caption":"SHOPATOA"},"image":{"@id":"https:\/\/shopatoa.com\/ro\/#\/schema\/logo\/image\/"}}]}},"_links":{"self":[{"href":"https:\/\/shopatoa.com\/ro\/wp-json\/wp\/v2\/product\/263066","targetHints":{"allow":["GET"]}}],"collection":[{"href":"https:\/\/shopatoa.com\/ro\/wp-json\/wp\/v2\/product"}],"about":[{"href":"https:\/\/shopatoa.com\/ro\/wp-json\/wp\/v2\/types\/product"}],"replies":[{"embeddable":true,"href":"https:\/\/shopatoa.com\/ro\/wp-json\/wp\/v2\/comments?post=263066"}],"wp:featuredmedia":[{"embeddable":true,"href":"https:\/\/shopatoa.com\/ro\/wp-json\/wp\/v2\/media\/339516"}],"wp:attachment":[{"href":"https:\/\/shopatoa.com\/ro\/wp-json\/wp\/v2\/media?parent=263066"}],"wp:term":[{"taxonomy":"product_brand","embeddable":true,"href":"https:\/\/shopatoa.com\/ro\/wp-json\/wp\/v2\/product_brand?post=263066"},{"taxonomy":"product_cat","embeddable":true,"href":"https:\/\/shopatoa.com\/ro\/wp-json\/wp\/v2\/product_cat?post=263066"},{"taxonomy":"product_tag","embeddable":true,"href":"https:\/\/shopatoa.com\/ro\/wp-json\/wp\/v2\/product_tag?post=263066"}],"curies":[{"name":"wp","href":"https:\/\/api.w.org\/{rel}","templated":true}]}}