{"id":263070,"date":"2025-04-27T21:00:50","date_gmt":"2025-04-27T19:00:50","guid":{"rendered":"https:\/\/shopatoa.com\/ro\/oribe-ser-fara-clatire-pentru-pielea-iritata-a-capului-serene-scalp-soothing-leave-on-treatment-50-ml\/"},"modified":"2025-12-14T23:13:49","modified_gmt":"2025-12-14T22:13:49","slug":"oribe-ser-fara-clatire-pentru-pielea-iritata-a-capului-serene-scalp-soothing-leave-on-treatment-50-ml","status":"publish","type":"product","link":"https:\/\/shopatoa.com\/ro\/oribe-ser-fara-clatire-pentru-pielea-iritata-a-capului-serene-scalp-soothing-leave-on-treatment-50-ml\/","title":{"rendered":"Oribe Ser f\u0103r\u0103 cl\u0103tire pentru pielea iritat\u0103 a capului (Serene Scalp Soothing Leave-On Treatment) 50 ml"},"content":{"rendered":"<p>Acest tratament u\u0219or \u0219i cu absorb\u021bie rapid\u0103 \u00eendep\u0103rteaz\u0103 m\u0103trea\u021ba \u0219i calmeaz\u0103 pielea capului. Substan\u021be active: Oribe Signature Complex &#8211; protejeaz\u0103 p\u0103rul de stresul oxidativ, foto\u00eemb\u0103tr\u00e2nire \u0219i deteriorarea keratinei naturale, ulei de ment\u0103 \u0219i extract de ment\u0103 &#8211; ofer\u0103 o senza\u021bie de r\u0103cire \u0219i calmeaz\u0103 imediat pielea capului \u0219i \u00eendep\u0103rteaz\u0103 fulgii de m\u0103trea\u021b\u0103, beta-hidroxi acid &#8211; exfoliaz\u0103 u\u0219or pielea capului pentru a \u00eendep\u0103rta m\u0103trea\u021ba, un amestec de castravete, mu\u0219e\u021bel \u0219i rozmarin &#8211; calmeaz\u0103 \u0219i protejeaz\u0103 \u00eempotriva deterior\u0103rii radicalilor liberi, extract de trestie de zah\u0103r \u0219i Mullein Flower &#8211; hidrateaz\u0103 \u0219i hr\u0103ne\u0219te pielea capului \u0219i p\u0103rul, amestec de extract de aloe de salcie &#8211; hr\u0103ne\u0219te \u0219i calmeaz\u0103 scalpul sensibil, cofeina &#8211; furnizeaz\u0103 energie scalpului si \u00eentinere\u0219te foliculii de par,<\/p>\n","protected":false},"excerpt":{"rendered":"<p>Acest tratament u\u0219or \u0219i cu absorb\u021bie rapid\u0103 \u00eendep\u0103rteaz\u0103 m\u0103trea\u021ba \u0219i calmeaz\u0103 pielea capului. Substan\u021be active: Oribe Signature Complex &#8211; protejeaz\u0103 p\u0103rul de stresul oxidativ, foto\u00eemb\u0103tr\u00e2nire \u0219i deteriorarea keratinei naturale, ulei de ment\u0103 \u0219i extract de ment\u0103 &#8211; ofer\u0103 o senza\u021bie de r\u0103cire \u0219i calmeaz\u0103 imediat pielea capului \u0219i \u00eendep\u0103rteaz\u0103 fulgii de m\u0103trea\u021b\u0103, beta-hidroxi acid &#8211;&#8230;<\/p>\n","protected":false},"featured_media":339519,"comment_status":"closed","ping_status":"open","template":"","meta":{"_acf_changed":false,"_kadence_starter_templates_imported_post":false,"_kad_post_transparent":"","_kad_post_title":"","_kad_post_layout":"","_kad_post_sidebar_id":"","_kad_post_content_style":"","_kad_post_vertical_padding":"","_kad_post_feature":"","_kad_post_feature_position":"","_kad_post_header":false,"_kad_post_footer":false,"_kad_post_classname":""},"product_brand":[306],"product_cat":[246,696,623],"product_tag":[],"class_list":{"0":"post-263070","1":"product","2":"type-product","3":"status-publish","4":"has-post-thumbnail","6":"product_brand-oribe","7":"product_cat-cosmetice","8":"product_cat-ingrijirea-parului-fara-clatire","9":"product_cat-produse-cosmetice-pentru-par","11":"first","12":"instock","13":"product-type-external","14":"entry","15":"content-bg","16":"loop-entry"},"acf":[],"yoast_head":"<!-- This site is optimized with the Yoast SEO plugin v27.4 - https:\/\/yoast.com\/product\/yoast-seo-wordpress\/ -->\n<title>Oribe Ser f\u0103r\u0103 cl\u0103tire pentru pielea iritat\u0103 a capului (Serene Scalp Soothing Leave-On Treatment) 50 ml - SHOPATOA.COM<\/title>\n<meta name=\"robots\" content=\"index, follow, max-snippet:-1, max-image-preview:large, max-video-preview:-1\" \/>\n<link rel=\"canonical\" href=\"https:\/\/shopatoa.com\/ro\/oribe-ser-fara-clatire-pentru-pielea-iritata-a-capului-serene-scalp-soothing-leave-on-treatment-50-ml\/\" \/>\n<meta property=\"og:locale\" content=\"ro_RO\" \/>\n<meta property=\"og:type\" content=\"article\" \/>\n<meta property=\"og:title\" content=\"Oribe Ser f\u0103r\u0103 cl\u0103tire pentru pielea iritat\u0103 a capului (Serene Scalp Soothing Leave-On Treatment) 50 ml - SHOPATOA.COM\" \/>\n<meta property=\"og:description\" content=\"Acest tratament u\u0219or \u0219i cu absorb\u021bie rapid\u0103 \u00eendep\u0103rteaz\u0103 m\u0103trea\u021ba \u0219i calmeaz\u0103 pielea capului. Substan\u021be active: Oribe Signature Complex &#8211; protejeaz\u0103 p\u0103rul de stresul oxidativ, foto\u00eemb\u0103tr\u00e2nire \u0219i deteriorarea keratinei naturale, ulei de ment\u0103 \u0219i extract de ment\u0103 &#8211; ofer\u0103 o senza\u021bie de r\u0103cire \u0219i calmeaz\u0103 imediat pielea capului \u0219i \u00eendep\u0103rteaz\u0103 fulgii de m\u0103trea\u021b\u0103, beta-hidroxi acid &#8211;...\" \/>\n<meta property=\"og:url\" content=\"https:\/\/shopatoa.com\/ro\/oribe-ser-fara-clatire-pentru-pielea-iritata-a-capului-serene-scalp-soothing-leave-on-treatment-50-ml\/\" \/>\n<meta property=\"og:site_name\" content=\"SHOPATOA\" \/>\n<meta property=\"article:modified_time\" content=\"2025-12-14T22:13:49+00:00\" \/>\n<meta property=\"og:image\" content=\"https:\/\/storage.googleapis.com\/cz-shopatoa-img\/ro\/a48339cd-unnamed-file.webp\" \/>\n\t<meta property=\"og:image:width\" content=\"800\" \/>\n\t<meta property=\"og:image:height\" content=\"800\" \/>\n\t<meta property=\"og:image:type\" content=\"image\/webp\" \/>\n<meta name=\"twitter:card\" content=\"summary_large_image\" \/>\n<meta name=\"twitter:label1\" content=\"Timp estimat pentru citire\" \/>\n\t<meta name=\"twitter:data1\" content=\"1 minut\" \/>\n<script type=\"application\/ld+json\" class=\"yoast-schema-graph\">{\"@context\":\"https:\\\/\\\/schema.org\",\"@graph\":[{\"@type\":\"WebPage\",\"@id\":\"https:\\\/\\\/shopatoa.com\\\/ro\\\/oribe-ser-fara-clatire-pentru-pielea-iritata-a-capului-serene-scalp-soothing-leave-on-treatment-50-ml\\\/\",\"url\":\"https:\\\/\\\/shopatoa.com\\\/ro\\\/oribe-ser-fara-clatire-pentru-pielea-iritata-a-capului-serene-scalp-soothing-leave-on-treatment-50-ml\\\/\",\"name\":\"Oribe Ser f\u0103r\u0103 cl\u0103tire pentru pielea iritat\u0103 a capului (Serene Scalp Soothing Leave-On Treatment) 50 ml - SHOPATOA.COM\",\"isPartOf\":{\"@id\":\"https:\\\/\\\/shopatoa.com\\\/ro\\\/#website\"},\"primaryImageOfPage\":{\"@id\":\"https:\\\/\\\/shopatoa.com\\\/ro\\\/oribe-ser-fara-clatire-pentru-pielea-iritata-a-capului-serene-scalp-soothing-leave-on-treatment-50-ml\\\/#primaryimage\"},\"image\":{\"@id\":\"https:\\\/\\\/shopatoa.com\\\/ro\\\/oribe-ser-fara-clatire-pentru-pielea-iritata-a-capului-serene-scalp-soothing-leave-on-treatment-50-ml\\\/#primaryimage\"},\"thumbnailUrl\":\"https:\\\/\\\/storage.googleapis.com\\\/cz-shopatoa-img\\\/ro\\\/a48339cd-unnamed-file.webp\",\"datePublished\":\"2025-04-27T19:00:50+00:00\",\"dateModified\":\"2025-12-14T22:13:49+00:00\",\"breadcrumb\":{\"@id\":\"https:\\\/\\\/shopatoa.com\\\/ro\\\/oribe-ser-fara-clatire-pentru-pielea-iritata-a-capului-serene-scalp-soothing-leave-on-treatment-50-ml\\\/#breadcrumb\"},\"inLanguage\":\"ro-RO\",\"potentialAction\":[{\"@type\":\"ReadAction\",\"target\":[\"https:\\\/\\\/shopatoa.com\\\/ro\\\/oribe-ser-fara-clatire-pentru-pielea-iritata-a-capului-serene-scalp-soothing-leave-on-treatment-50-ml\\\/\"]}]},{\"@type\":\"ImageObject\",\"inLanguage\":\"ro-RO\",\"@id\":\"https:\\\/\\\/shopatoa.com\\\/ro\\\/oribe-ser-fara-clatire-pentru-pielea-iritata-a-capului-serene-scalp-soothing-leave-on-treatment-50-ml\\\/#primaryimage\",\"url\":\"https:\\\/\\\/storage.googleapis.com\\\/cz-shopatoa-img\\\/ro\\\/a48339cd-unnamed-file.webp\",\"contentUrl\":\"https:\\\/\\\/storage.googleapis.com\\\/cz-shopatoa-img\\\/ro\\\/a48339cd-unnamed-file.webp\",\"width\":800,\"height\":800},{\"@type\":\"BreadcrumbList\",\"@id\":\"https:\\\/\\\/shopatoa.com\\\/ro\\\/oribe-ser-fara-clatire-pentru-pielea-iritata-a-capului-serene-scalp-soothing-leave-on-treatment-50-ml\\\/#breadcrumb\",\"itemListElement\":[{\"@type\":\"ListItem\",\"position\":1,\"name\":\"Dom\u016f\",\"item\":\"https:\\\/\\\/shopatoa.com\\\/ro\\\/\"},{\"@type\":\"ListItem\",\"position\":2,\"name\":\"Shop\",\"item\":\"https:\\\/\\\/shopatoa.com\\\/ro\\\/shop\\\/\"},{\"@type\":\"ListItem\",\"position\":3,\"name\":\"Cosmetice\",\"item\":\"https:\\\/\\\/shopatoa.com\\\/ro\\\/cosmetice\\\/\"},{\"@type\":\"ListItem\",\"position\":4,\"name\":\"Produse cosmetice pentru p\u0103r\",\"item\":\"https:\\\/\\\/shopatoa.com\\\/ro\\\/produse-cosmetice-pentru-par\\\/\"},{\"@type\":\"ListItem\",\"position\":5,\"name\":\"\u00cengrijirea p\u0103rului f\u0103r\u0103 cl\u0103tire\",\"item\":\"https:\\\/\\\/shopatoa.com\\\/ro\\\/ingrijirea-parului-fara-clatire\\\/\"},{\"@type\":\"ListItem\",\"position\":6,\"name\":\"Oribe Ser f\u0103r\u0103 cl\u0103tire pentru pielea iritat\u0103 a capului (Serene Scalp Soothing Leave-On Treatment) 50 ml\"}]},{\"@type\":\"WebSite\",\"@id\":\"https:\\\/\\\/shopatoa.com\\\/ro\\\/#website\",\"url\":\"https:\\\/\\\/shopatoa.com\\\/ro\\\/\",\"name\":\"SHOPATOA\",\"description\":\"\",\"publisher\":{\"@id\":\"https:\\\/\\\/shopatoa.com\\\/ro\\\/#organization\"},\"potentialAction\":[{\"@type\":\"SearchAction\",\"target\":{\"@type\":\"EntryPoint\",\"urlTemplate\":\"https:\\\/\\\/shopatoa.com\\\/ro\\\/?s={search_term_string}\"},\"query-input\":{\"@type\":\"PropertyValueSpecification\",\"valueRequired\":true,\"valueName\":\"search_term_string\"}}],\"inLanguage\":\"ro-RO\"},{\"@type\":\"Organization\",\"@id\":\"https:\\\/\\\/shopatoa.com\\\/ro\\\/#organization\",\"name\":\"SHOPATOA\",\"url\":\"https:\\\/\\\/shopatoa.com\\\/ro\\\/\",\"logo\":{\"@type\":\"ImageObject\",\"inLanguage\":\"ro-RO\",\"@id\":\"https:\\\/\\\/shopatoa.com\\\/ro\\\/#\\\/schema\\\/logo\\\/image\\\/\",\"url\":\"https:\\\/\\\/storage.googleapis.com\\\/cz-shopatoa-img\\\/ro\\\/b4dac915-shopatoa_logo.png\",\"contentUrl\":\"https:\\\/\\\/storage.googleapis.com\\\/cz-shopatoa-img\\\/ro\\\/b4dac915-shopatoa_logo.png\",\"width\":416,\"height\":63,\"caption\":\"SHOPATOA\"},\"image\":{\"@id\":\"https:\\\/\\\/shopatoa.com\\\/ro\\\/#\\\/schema\\\/logo\\\/image\\\/\"}}]}<\/script>\n<!-- \/ Yoast SEO plugin. -->","yoast_head_json":{"title":"Oribe Ser f\u0103r\u0103 cl\u0103tire pentru pielea iritat\u0103 a capului (Serene Scalp Soothing Leave-On Treatment) 50 ml - SHOPATOA.COM","robots":{"index":"index","follow":"follow","max-snippet":"max-snippet:-1","max-image-preview":"max-image-preview:large","max-video-preview":"max-video-preview:-1"},"canonical":"https:\/\/shopatoa.com\/ro\/oribe-ser-fara-clatire-pentru-pielea-iritata-a-capului-serene-scalp-soothing-leave-on-treatment-50-ml\/","og_locale":"ro_RO","og_type":"article","og_title":"Oribe Ser f\u0103r\u0103 cl\u0103tire pentru pielea iritat\u0103 a capului (Serene Scalp Soothing Leave-On Treatment) 50 ml - SHOPATOA.COM","og_description":"Acest tratament u\u0219or \u0219i cu absorb\u021bie rapid\u0103 \u00eendep\u0103rteaz\u0103 m\u0103trea\u021ba \u0219i calmeaz\u0103 pielea capului. Substan\u021be active: Oribe Signature Complex &#8211; protejeaz\u0103 p\u0103rul de stresul oxidativ, foto\u00eemb\u0103tr\u00e2nire \u0219i deteriorarea keratinei naturale, ulei de ment\u0103 \u0219i extract de ment\u0103 &#8211; ofer\u0103 o senza\u021bie de r\u0103cire \u0219i calmeaz\u0103 imediat pielea capului \u0219i \u00eendep\u0103rteaz\u0103 fulgii de m\u0103trea\u021b\u0103, beta-hidroxi acid &#8211;...","og_url":"https:\/\/shopatoa.com\/ro\/oribe-ser-fara-clatire-pentru-pielea-iritata-a-capului-serene-scalp-soothing-leave-on-treatment-50-ml\/","og_site_name":"SHOPATOA","article_modified_time":"2025-12-14T22:13:49+00:00","og_image":[{"width":800,"height":800,"url":"https:\/\/storage.googleapis.com\/cz-shopatoa-img\/ro\/a48339cd-unnamed-file.webp","type":"image\/webp"}],"twitter_card":"summary_large_image","twitter_misc":{"Timp estimat pentru citire":"1 minut"},"schema":{"@context":"https:\/\/schema.org","@graph":[{"@type":"WebPage","@id":"https:\/\/shopatoa.com\/ro\/oribe-ser-fara-clatire-pentru-pielea-iritata-a-capului-serene-scalp-soothing-leave-on-treatment-50-ml\/","url":"https:\/\/shopatoa.com\/ro\/oribe-ser-fara-clatire-pentru-pielea-iritata-a-capului-serene-scalp-soothing-leave-on-treatment-50-ml\/","name":"Oribe Ser f\u0103r\u0103 cl\u0103tire pentru pielea iritat\u0103 a capului (Serene Scalp Soothing Leave-On Treatment) 50 ml - SHOPATOA.COM","isPartOf":{"@id":"https:\/\/shopatoa.com\/ro\/#website"},"primaryImageOfPage":{"@id":"https:\/\/shopatoa.com\/ro\/oribe-ser-fara-clatire-pentru-pielea-iritata-a-capului-serene-scalp-soothing-leave-on-treatment-50-ml\/#primaryimage"},"image":{"@id":"https:\/\/shopatoa.com\/ro\/oribe-ser-fara-clatire-pentru-pielea-iritata-a-capului-serene-scalp-soothing-leave-on-treatment-50-ml\/#primaryimage"},"thumbnailUrl":"https:\/\/storage.googleapis.com\/cz-shopatoa-img\/ro\/a48339cd-unnamed-file.webp","datePublished":"2025-04-27T19:00:50+00:00","dateModified":"2025-12-14T22:13:49+00:00","breadcrumb":{"@id":"https:\/\/shopatoa.com\/ro\/oribe-ser-fara-clatire-pentru-pielea-iritata-a-capului-serene-scalp-soothing-leave-on-treatment-50-ml\/#breadcrumb"},"inLanguage":"ro-RO","potentialAction":[{"@type":"ReadAction","target":["https:\/\/shopatoa.com\/ro\/oribe-ser-fara-clatire-pentru-pielea-iritata-a-capului-serene-scalp-soothing-leave-on-treatment-50-ml\/"]}]},{"@type":"ImageObject","inLanguage":"ro-RO","@id":"https:\/\/shopatoa.com\/ro\/oribe-ser-fara-clatire-pentru-pielea-iritata-a-capului-serene-scalp-soothing-leave-on-treatment-50-ml\/#primaryimage","url":"https:\/\/storage.googleapis.com\/cz-shopatoa-img\/ro\/a48339cd-unnamed-file.webp","contentUrl":"https:\/\/storage.googleapis.com\/cz-shopatoa-img\/ro\/a48339cd-unnamed-file.webp","width":800,"height":800},{"@type":"BreadcrumbList","@id":"https:\/\/shopatoa.com\/ro\/oribe-ser-fara-clatire-pentru-pielea-iritata-a-capului-serene-scalp-soothing-leave-on-treatment-50-ml\/#breadcrumb","itemListElement":[{"@type":"ListItem","position":1,"name":"Dom\u016f","item":"https:\/\/shopatoa.com\/ro\/"},{"@type":"ListItem","position":2,"name":"Shop","item":"https:\/\/shopatoa.com\/ro\/shop\/"},{"@type":"ListItem","position":3,"name":"Cosmetice","item":"https:\/\/shopatoa.com\/ro\/cosmetice\/"},{"@type":"ListItem","position":4,"name":"Produse cosmetice pentru p\u0103r","item":"https:\/\/shopatoa.com\/ro\/produse-cosmetice-pentru-par\/"},{"@type":"ListItem","position":5,"name":"\u00cengrijirea p\u0103rului f\u0103r\u0103 cl\u0103tire","item":"https:\/\/shopatoa.com\/ro\/ingrijirea-parului-fara-clatire\/"},{"@type":"ListItem","position":6,"name":"Oribe Ser f\u0103r\u0103 cl\u0103tire pentru pielea iritat\u0103 a capului (Serene Scalp Soothing Leave-On Treatment) 50 ml"}]},{"@type":"WebSite","@id":"https:\/\/shopatoa.com\/ro\/#website","url":"https:\/\/shopatoa.com\/ro\/","name":"SHOPATOA","description":"","publisher":{"@id":"https:\/\/shopatoa.com\/ro\/#organization"},"potentialAction":[{"@type":"SearchAction","target":{"@type":"EntryPoint","urlTemplate":"https:\/\/shopatoa.com\/ro\/?s={search_term_string}"},"query-input":{"@type":"PropertyValueSpecification","valueRequired":true,"valueName":"search_term_string"}}],"inLanguage":"ro-RO"},{"@type":"Organization","@id":"https:\/\/shopatoa.com\/ro\/#organization","name":"SHOPATOA","url":"https:\/\/shopatoa.com\/ro\/","logo":{"@type":"ImageObject","inLanguage":"ro-RO","@id":"https:\/\/shopatoa.com\/ro\/#\/schema\/logo\/image\/","url":"https:\/\/storage.googleapis.com\/cz-shopatoa-img\/ro\/b4dac915-shopatoa_logo.png","contentUrl":"https:\/\/storage.googleapis.com\/cz-shopatoa-img\/ro\/b4dac915-shopatoa_logo.png","width":416,"height":63,"caption":"SHOPATOA"},"image":{"@id":"https:\/\/shopatoa.com\/ro\/#\/schema\/logo\/image\/"}}]}},"_links":{"self":[{"href":"https:\/\/shopatoa.com\/ro\/wp-json\/wp\/v2\/product\/263070","targetHints":{"allow":["GET"]}}],"collection":[{"href":"https:\/\/shopatoa.com\/ro\/wp-json\/wp\/v2\/product"}],"about":[{"href":"https:\/\/shopatoa.com\/ro\/wp-json\/wp\/v2\/types\/product"}],"replies":[{"embeddable":true,"href":"https:\/\/shopatoa.com\/ro\/wp-json\/wp\/v2\/comments?post=263070"}],"wp:featuredmedia":[{"embeddable":true,"href":"https:\/\/shopatoa.com\/ro\/wp-json\/wp\/v2\/media\/339519"}],"wp:attachment":[{"href":"https:\/\/shopatoa.com\/ro\/wp-json\/wp\/v2\/media?parent=263070"}],"wp:term":[{"taxonomy":"product_brand","embeddable":true,"href":"https:\/\/shopatoa.com\/ro\/wp-json\/wp\/v2\/product_brand?post=263070"},{"taxonomy":"product_cat","embeddable":true,"href":"https:\/\/shopatoa.com\/ro\/wp-json\/wp\/v2\/product_cat?post=263070"},{"taxonomy":"product_tag","embeddable":true,"href":"https:\/\/shopatoa.com\/ro\/wp-json\/wp\/v2\/product_tag?post=263070"}],"curies":[{"name":"wp","href":"https:\/\/api.w.org\/{rel}","templated":true}]}}