{"id":263172,"date":"2025-04-27T21:40:05","date_gmt":"2025-04-27T19:40:05","guid":{"rendered":"https:\/\/shopatoa.com\/ro\/sencor-ondulator-de-par-rotativ-automat-shs-0900gd\/"},"modified":"2025-12-14T19:02:32","modified_gmt":"2025-12-14T18:02:32","slug":"sencor-ondulator-de-par-rotativ-automat-shs-0900gd","status":"publish","type":"product","link":"https:\/\/shopatoa.com\/ro\/sencor-ondulator-de-par-rotativ-automat-shs-0900gd\/","title":{"rendered":"Sencor Ondulator de p\u0103r rotativ automat SHS 0900GD"},"content":{"rendered":"<p>Ondulator de p\u0103r rotativ automat cu o suprafa\u021b\u0103 de titan, care garanteaz\u0103 o ondulare rapid\u0103 a p\u0103rului, mi\u0219care de alunecare a ondulatorului \u0219i p\u0103r extra str\u0103lucitor. Ofer\u0103 11 set\u0103ri de temperatur\u0103 \u0219i 10 set\u0103ri de timp, datorit\u0103 designului inovator p\u0103rul dvs. nu se va \u00eencurca \u0219i pute\u021bi crea cu u\u0219urin\u021b\u0103 valurile dorite.<\/p>\n","protected":false},"excerpt":{"rendered":"<p>Ondulator de p\u0103r rotativ automat cu o suprafa\u021b\u0103 de titan, care garanteaz\u0103 o ondulare rapid\u0103 a p\u0103rului, mi\u0219care de alunecare a ondulatorului \u0219i p\u0103r extra str\u0103lucitor. Ofer\u0103 11 set\u0103ri de temperatur\u0103 \u0219i 10 set\u0103ri de timp, datorit\u0103 designului inovator p\u0103rul dvs. nu se va \u00eencurca \u0219i pute\u021bi crea cu u\u0219urin\u021b\u0103 valurile dorite.<\/p>\n","protected":false},"featured_media":339616,"comment_status":"closed","ping_status":"open","template":"","meta":{"_acf_changed":false,"_kadence_starter_templates_imported_post":false,"_kad_post_transparent":"","_kad_post_title":"","_kad_post_layout":"","_kad_post_sidebar_id":"","_kad_post_content_style":"","_kad_post_vertical_padding":"","_kad_post_feature":"","_kad_post_feature_position":"","_kad_post_header":false,"_kad_post_footer":false,"_kad_post_classname":""},"product_brand":[479],"product_cat":[772,246,623,624],"product_tag":[],"class_list":{"0":"post-263172","1":"product","2":"type-product","3":"status-publish","4":"has-post-thumbnail","6":"product_brand-sencor","7":"product_cat-aparate-pentru-par","8":"product_cat-cosmetice","9":"product_cat-produse-cosmetice-pentru-par","10":"product_cat-produse-aparate-si-accesorii-pentru-par","12":"first","13":"instock","14":"product-type-external","15":"entry","16":"content-bg","17":"loop-entry"},"acf":[],"yoast_head":"<!-- This site is optimized with the Yoast SEO plugin v27.4 - https:\/\/yoast.com\/product\/yoast-seo-wordpress\/ -->\n<title>Sencor Ondulator de p\u0103r rotativ automat SHS 0900GD - SHOPATOA.COM<\/title>\n<meta name=\"robots\" content=\"index, follow, max-snippet:-1, max-image-preview:large, max-video-preview:-1\" \/>\n<link rel=\"canonical\" href=\"https:\/\/shopatoa.com\/ro\/sencor-ondulator-de-par-rotativ-automat-shs-0900gd\/\" \/>\n<meta property=\"og:locale\" content=\"ro_RO\" \/>\n<meta property=\"og:type\" content=\"article\" \/>\n<meta property=\"og:title\" content=\"Sencor Ondulator de p\u0103r rotativ automat SHS 0900GD - SHOPATOA.COM\" \/>\n<meta property=\"og:description\" content=\"Ondulator de p\u0103r rotativ automat cu o suprafa\u021b\u0103 de titan, care garanteaz\u0103 o ondulare rapid\u0103 a p\u0103rului, mi\u0219care de alunecare a ondulatorului \u0219i p\u0103r extra str\u0103lucitor. Ofer\u0103 11 set\u0103ri de temperatur\u0103 \u0219i 10 set\u0103ri de timp, datorit\u0103 designului inovator p\u0103rul dvs. nu se va \u00eencurca \u0219i pute\u021bi crea cu u\u0219urin\u021b\u0103 valurile dorite.\" \/>\n<meta property=\"og:url\" content=\"https:\/\/shopatoa.com\/ro\/sencor-ondulator-de-par-rotativ-automat-shs-0900gd\/\" \/>\n<meta property=\"og:site_name\" content=\"SHOPATOA\" \/>\n<meta property=\"article:modified_time\" content=\"2025-12-14T18:02:32+00:00\" \/>\n<meta property=\"og:image\" content=\"https:\/\/storage.googleapis.com\/cz-shopatoa-img\/ro\/dd4b9d55-unnamed-file.webp\" \/>\n\t<meta property=\"og:image:width\" content=\"800\" \/>\n\t<meta property=\"og:image:height\" content=\"800\" \/>\n\t<meta property=\"og:image:type\" content=\"image\/webp\" \/>\n<meta name=\"twitter:card\" content=\"summary_large_image\" \/>\n<script type=\"application\/ld+json\" class=\"yoast-schema-graph\">{\"@context\":\"https:\\\/\\\/schema.org\",\"@graph\":[{\"@type\":\"WebPage\",\"@id\":\"https:\\\/\\\/shopatoa.com\\\/ro\\\/sencor-ondulator-de-par-rotativ-automat-shs-0900gd\\\/\",\"url\":\"https:\\\/\\\/shopatoa.com\\\/ro\\\/sencor-ondulator-de-par-rotativ-automat-shs-0900gd\\\/\",\"name\":\"Sencor Ondulator de p\u0103r rotativ automat SHS 0900GD - SHOPATOA.COM\",\"isPartOf\":{\"@id\":\"https:\\\/\\\/shopatoa.com\\\/ro\\\/#website\"},\"primaryImageOfPage\":{\"@id\":\"https:\\\/\\\/shopatoa.com\\\/ro\\\/sencor-ondulator-de-par-rotativ-automat-shs-0900gd\\\/#primaryimage\"},\"image\":{\"@id\":\"https:\\\/\\\/shopatoa.com\\\/ro\\\/sencor-ondulator-de-par-rotativ-automat-shs-0900gd\\\/#primaryimage\"},\"thumbnailUrl\":\"https:\\\/\\\/storage.googleapis.com\\\/cz-shopatoa-img\\\/ro\\\/dd4b9d55-unnamed-file.webp\",\"datePublished\":\"2025-04-27T19:40:05+00:00\",\"dateModified\":\"2025-12-14T18:02:32+00:00\",\"breadcrumb\":{\"@id\":\"https:\\\/\\\/shopatoa.com\\\/ro\\\/sencor-ondulator-de-par-rotativ-automat-shs-0900gd\\\/#breadcrumb\"},\"inLanguage\":\"ro-RO\",\"potentialAction\":[{\"@type\":\"ReadAction\",\"target\":[\"https:\\\/\\\/shopatoa.com\\\/ro\\\/sencor-ondulator-de-par-rotativ-automat-shs-0900gd\\\/\"]}]},{\"@type\":\"ImageObject\",\"inLanguage\":\"ro-RO\",\"@id\":\"https:\\\/\\\/shopatoa.com\\\/ro\\\/sencor-ondulator-de-par-rotativ-automat-shs-0900gd\\\/#primaryimage\",\"url\":\"https:\\\/\\\/storage.googleapis.com\\\/cz-shopatoa-img\\\/ro\\\/dd4b9d55-unnamed-file.webp\",\"contentUrl\":\"https:\\\/\\\/storage.googleapis.com\\\/cz-shopatoa-img\\\/ro\\\/dd4b9d55-unnamed-file.webp\",\"width\":800,\"height\":800},{\"@type\":\"BreadcrumbList\",\"@id\":\"https:\\\/\\\/shopatoa.com\\\/ro\\\/sencor-ondulator-de-par-rotativ-automat-shs-0900gd\\\/#breadcrumb\",\"itemListElement\":[{\"@type\":\"ListItem\",\"position\":1,\"name\":\"Dom\u016f\",\"item\":\"https:\\\/\\\/shopatoa.com\\\/ro\\\/\"},{\"@type\":\"ListItem\",\"position\":2,\"name\":\"Shop\",\"item\":\"https:\\\/\\\/shopatoa.com\\\/ro\\\/shop\\\/\"},{\"@type\":\"ListItem\",\"position\":3,\"name\":\"Cosmetice\",\"item\":\"https:\\\/\\\/shopatoa.com\\\/ro\\\/cosmetice\\\/\"},{\"@type\":\"ListItem\",\"position\":4,\"name\":\"Produse cosmetice pentru p\u0103r\",\"item\":\"https:\\\/\\\/shopatoa.com\\\/ro\\\/produse-cosmetice-pentru-par\\\/\"},{\"@type\":\"ListItem\",\"position\":5,\"name\":\"Produse, aparate \u0219i accesorii pentru p\u0103r\",\"item\":\"https:\\\/\\\/shopatoa.com\\\/ro\\\/produse-aparate-si-accesorii-pentru-par\\\/\"},{\"@type\":\"ListItem\",\"position\":6,\"name\":\"Aparate pentru p\u0103r\",\"item\":\"https:\\\/\\\/shopatoa.com\\\/ro\\\/aparate-pentru-par\\\/\"},{\"@type\":\"ListItem\",\"position\":7,\"name\":\"Sencor Ondulator de p\u0103r rotativ automat SHS 0900GD\"}]},{\"@type\":\"WebSite\",\"@id\":\"https:\\\/\\\/shopatoa.com\\\/ro\\\/#website\",\"url\":\"https:\\\/\\\/shopatoa.com\\\/ro\\\/\",\"name\":\"SHOPATOA\",\"description\":\"\",\"publisher\":{\"@id\":\"https:\\\/\\\/shopatoa.com\\\/ro\\\/#organization\"},\"potentialAction\":[{\"@type\":\"SearchAction\",\"target\":{\"@type\":\"EntryPoint\",\"urlTemplate\":\"https:\\\/\\\/shopatoa.com\\\/ro\\\/?s={search_term_string}\"},\"query-input\":{\"@type\":\"PropertyValueSpecification\",\"valueRequired\":true,\"valueName\":\"search_term_string\"}}],\"inLanguage\":\"ro-RO\"},{\"@type\":\"Organization\",\"@id\":\"https:\\\/\\\/shopatoa.com\\\/ro\\\/#organization\",\"name\":\"SHOPATOA\",\"url\":\"https:\\\/\\\/shopatoa.com\\\/ro\\\/\",\"logo\":{\"@type\":\"ImageObject\",\"inLanguage\":\"ro-RO\",\"@id\":\"https:\\\/\\\/shopatoa.com\\\/ro\\\/#\\\/schema\\\/logo\\\/image\\\/\",\"url\":\"https:\\\/\\\/storage.googleapis.com\\\/cz-shopatoa-img\\\/ro\\\/b4dac915-shopatoa_logo.png\",\"contentUrl\":\"https:\\\/\\\/storage.googleapis.com\\\/cz-shopatoa-img\\\/ro\\\/b4dac915-shopatoa_logo.png\",\"width\":416,\"height\":63,\"caption\":\"SHOPATOA\"},\"image\":{\"@id\":\"https:\\\/\\\/shopatoa.com\\\/ro\\\/#\\\/schema\\\/logo\\\/image\\\/\"}}]}<\/script>\n<!-- \/ Yoast SEO plugin. -->","yoast_head_json":{"title":"Sencor Ondulator de p\u0103r rotativ automat SHS 0900GD - SHOPATOA.COM","robots":{"index":"index","follow":"follow","max-snippet":"max-snippet:-1","max-image-preview":"max-image-preview:large","max-video-preview":"max-video-preview:-1"},"canonical":"https:\/\/shopatoa.com\/ro\/sencor-ondulator-de-par-rotativ-automat-shs-0900gd\/","og_locale":"ro_RO","og_type":"article","og_title":"Sencor Ondulator de p\u0103r rotativ automat SHS 0900GD - SHOPATOA.COM","og_description":"Ondulator de p\u0103r rotativ automat cu o suprafa\u021b\u0103 de titan, care garanteaz\u0103 o ondulare rapid\u0103 a p\u0103rului, mi\u0219care de alunecare a ondulatorului \u0219i p\u0103r extra str\u0103lucitor. Ofer\u0103 11 set\u0103ri de temperatur\u0103 \u0219i 10 set\u0103ri de timp, datorit\u0103 designului inovator p\u0103rul dvs. nu se va \u00eencurca \u0219i pute\u021bi crea cu u\u0219urin\u021b\u0103 valurile dorite.","og_url":"https:\/\/shopatoa.com\/ro\/sencor-ondulator-de-par-rotativ-automat-shs-0900gd\/","og_site_name":"SHOPATOA","article_modified_time":"2025-12-14T18:02:32+00:00","og_image":[{"width":800,"height":800,"url":"https:\/\/storage.googleapis.com\/cz-shopatoa-img\/ro\/dd4b9d55-unnamed-file.webp","type":"image\/webp"}],"twitter_card":"summary_large_image","schema":{"@context":"https:\/\/schema.org","@graph":[{"@type":"WebPage","@id":"https:\/\/shopatoa.com\/ro\/sencor-ondulator-de-par-rotativ-automat-shs-0900gd\/","url":"https:\/\/shopatoa.com\/ro\/sencor-ondulator-de-par-rotativ-automat-shs-0900gd\/","name":"Sencor Ondulator de p\u0103r rotativ automat SHS 0900GD - SHOPATOA.COM","isPartOf":{"@id":"https:\/\/shopatoa.com\/ro\/#website"},"primaryImageOfPage":{"@id":"https:\/\/shopatoa.com\/ro\/sencor-ondulator-de-par-rotativ-automat-shs-0900gd\/#primaryimage"},"image":{"@id":"https:\/\/shopatoa.com\/ro\/sencor-ondulator-de-par-rotativ-automat-shs-0900gd\/#primaryimage"},"thumbnailUrl":"https:\/\/storage.googleapis.com\/cz-shopatoa-img\/ro\/dd4b9d55-unnamed-file.webp","datePublished":"2025-04-27T19:40:05+00:00","dateModified":"2025-12-14T18:02:32+00:00","breadcrumb":{"@id":"https:\/\/shopatoa.com\/ro\/sencor-ondulator-de-par-rotativ-automat-shs-0900gd\/#breadcrumb"},"inLanguage":"ro-RO","potentialAction":[{"@type":"ReadAction","target":["https:\/\/shopatoa.com\/ro\/sencor-ondulator-de-par-rotativ-automat-shs-0900gd\/"]}]},{"@type":"ImageObject","inLanguage":"ro-RO","@id":"https:\/\/shopatoa.com\/ro\/sencor-ondulator-de-par-rotativ-automat-shs-0900gd\/#primaryimage","url":"https:\/\/storage.googleapis.com\/cz-shopatoa-img\/ro\/dd4b9d55-unnamed-file.webp","contentUrl":"https:\/\/storage.googleapis.com\/cz-shopatoa-img\/ro\/dd4b9d55-unnamed-file.webp","width":800,"height":800},{"@type":"BreadcrumbList","@id":"https:\/\/shopatoa.com\/ro\/sencor-ondulator-de-par-rotativ-automat-shs-0900gd\/#breadcrumb","itemListElement":[{"@type":"ListItem","position":1,"name":"Dom\u016f","item":"https:\/\/shopatoa.com\/ro\/"},{"@type":"ListItem","position":2,"name":"Shop","item":"https:\/\/shopatoa.com\/ro\/shop\/"},{"@type":"ListItem","position":3,"name":"Cosmetice","item":"https:\/\/shopatoa.com\/ro\/cosmetice\/"},{"@type":"ListItem","position":4,"name":"Produse cosmetice pentru p\u0103r","item":"https:\/\/shopatoa.com\/ro\/produse-cosmetice-pentru-par\/"},{"@type":"ListItem","position":5,"name":"Produse, aparate \u0219i accesorii pentru p\u0103r","item":"https:\/\/shopatoa.com\/ro\/produse-aparate-si-accesorii-pentru-par\/"},{"@type":"ListItem","position":6,"name":"Aparate pentru p\u0103r","item":"https:\/\/shopatoa.com\/ro\/aparate-pentru-par\/"},{"@type":"ListItem","position":7,"name":"Sencor Ondulator de p\u0103r rotativ automat SHS 0900GD"}]},{"@type":"WebSite","@id":"https:\/\/shopatoa.com\/ro\/#website","url":"https:\/\/shopatoa.com\/ro\/","name":"SHOPATOA","description":"","publisher":{"@id":"https:\/\/shopatoa.com\/ro\/#organization"},"potentialAction":[{"@type":"SearchAction","target":{"@type":"EntryPoint","urlTemplate":"https:\/\/shopatoa.com\/ro\/?s={search_term_string}"},"query-input":{"@type":"PropertyValueSpecification","valueRequired":true,"valueName":"search_term_string"}}],"inLanguage":"ro-RO"},{"@type":"Organization","@id":"https:\/\/shopatoa.com\/ro\/#organization","name":"SHOPATOA","url":"https:\/\/shopatoa.com\/ro\/","logo":{"@type":"ImageObject","inLanguage":"ro-RO","@id":"https:\/\/shopatoa.com\/ro\/#\/schema\/logo\/image\/","url":"https:\/\/storage.googleapis.com\/cz-shopatoa-img\/ro\/b4dac915-shopatoa_logo.png","contentUrl":"https:\/\/storage.googleapis.com\/cz-shopatoa-img\/ro\/b4dac915-shopatoa_logo.png","width":416,"height":63,"caption":"SHOPATOA"},"image":{"@id":"https:\/\/shopatoa.com\/ro\/#\/schema\/logo\/image\/"}}]}},"_links":{"self":[{"href":"https:\/\/shopatoa.com\/ro\/wp-json\/wp\/v2\/product\/263172","targetHints":{"allow":["GET"]}}],"collection":[{"href":"https:\/\/shopatoa.com\/ro\/wp-json\/wp\/v2\/product"}],"about":[{"href":"https:\/\/shopatoa.com\/ro\/wp-json\/wp\/v2\/types\/product"}],"replies":[{"embeddable":true,"href":"https:\/\/shopatoa.com\/ro\/wp-json\/wp\/v2\/comments?post=263172"}],"wp:featuredmedia":[{"embeddable":true,"href":"https:\/\/shopatoa.com\/ro\/wp-json\/wp\/v2\/media\/339616"}],"wp:attachment":[{"href":"https:\/\/shopatoa.com\/ro\/wp-json\/wp\/v2\/media?parent=263172"}],"wp:term":[{"taxonomy":"product_brand","embeddable":true,"href":"https:\/\/shopatoa.com\/ro\/wp-json\/wp\/v2\/product_brand?post=263172"},{"taxonomy":"product_cat","embeddable":true,"href":"https:\/\/shopatoa.com\/ro\/wp-json\/wp\/v2\/product_cat?post=263172"},{"taxonomy":"product_tag","embeddable":true,"href":"https:\/\/shopatoa.com\/ro\/wp-json\/wp\/v2\/product_tag?post=263172"}],"curies":[{"name":"wp","href":"https:\/\/api.w.org\/{rel}","templated":true}]}}