{"id":263227,"date":"2025-04-27T22:00:17","date_gmt":"2025-04-27T20:00:17","guid":{"rendered":"https:\/\/shopatoa.com\/ro\/victorias-secret-petal-buzz-voal-de-corp-250-ml\/"},"modified":"2025-10-04T04:25:05","modified_gmt":"2025-10-04T02:25:05","slug":"victorias-secret-petal-buzz-voal-de-corp-250-ml","status":"publish","type":"product","link":"https:\/\/shopatoa.com\/ro\/victorias-secret-petal-buzz-voal-de-corp-250-ml\/","title":{"rendered":"Victoria&#8217;s Secret Petal Buzz &#8211; voal de corp 250 ml"},"content":{"rendered":"<p>Petal Buzz de la marca Victoria&#8217;s Secret capteaz\u0103 energia radiant\u0103 a verii. \u00cenf\u0103\u0219ura\u021bi-v\u0103 \u00eentr-o atmosfer\u0103 vibrant\u0103 \u0219i \u00een\u0103l\u021b\u0103toare care v\u0103 va umple instantaneu de bucurie \u0219i energie. Petal Buzz combin\u0103 note suculente de grapefruit proasp\u0103t cu note delicate de boboci de trandafir care se \u00eembin\u0103 cu piper roz subtil picant. Trezi\u021bi-v\u0103 bucuria \u0219i energia cu Petal Buzz &#8211; pentru c\u0103 fiecare zi este o oportunitate de a \u00eenflori. Spray-ul de corp ofer\u0103 nu numai o arom\u0103 unic\u0103 \u0219i atractiv\u0103, ci \u0219i o r\u0103corire pl\u0103cut\u0103.<\/p>\n","protected":false},"excerpt":{"rendered":"<p>Petal Buzz de la marca Victoria&#8217;s Secret capteaz\u0103 energia radiant\u0103 a verii. \u00cenf\u0103\u0219ura\u021bi-v\u0103 \u00eentr-o atmosfer\u0103 vibrant\u0103 \u0219i \u00een\u0103l\u021b\u0103toare care v\u0103 va umple instantaneu de bucurie \u0219i energie. Petal Buzz combin\u0103 note suculente de grapefruit proasp\u0103t cu note delicate de boboci de trandafir care se \u00eembin\u0103 cu piper roz subtil picant. Trezi\u021bi-v\u0103 bucuria \u0219i energia cu&#8230;<\/p>\n","protected":false},"featured_media":339670,"comment_status":"closed","ping_status":"open","template":"","meta":{"_acf_changed":false,"_kadence_starter_templates_imported_post":false,"_kad_post_transparent":"","_kad_post_title":"","_kad_post_layout":"","_kad_post_sidebar_id":"","_kad_post_content_style":"","_kad_post_vertical_padding":"","_kad_post_feature":"","_kad_post_feature_position":"","_kad_post_header":false,"_kad_post_footer":false,"_kad_post_classname":""},"product_brand":[500],"product_cat":[614,682],"product_tag":[],"class_list":{"0":"post-263227","1":"product","2":"type-product","3":"status-publish","4":"has-post-thumbnail","6":"product_brand-victorias-secret","7":"product_cat-parfumuri","8":"product_cat-spray-uri-de-corp","10":"first","11":"instock","12":"product-type-external","13":"entry","14":"content-bg","15":"loop-entry"},"acf":[],"yoast_head":"<!-- This site is optimized with the Yoast SEO plugin v27.4 - https:\/\/yoast.com\/product\/yoast-seo-wordpress\/ -->\n<title>Victoria&#039;s Secret Petal Buzz - voal de corp 250 ml - SHOPATOA.COM<\/title>\n<meta name=\"robots\" content=\"index, follow, max-snippet:-1, max-image-preview:large, max-video-preview:-1\" \/>\n<link rel=\"canonical\" href=\"https:\/\/shopatoa.com\/ro\/victorias-secret-petal-buzz-voal-de-corp-250-ml\/\" \/>\n<meta property=\"og:locale\" content=\"ro_RO\" \/>\n<meta property=\"og:type\" content=\"article\" \/>\n<meta property=\"og:title\" content=\"Victoria&#039;s Secret Petal Buzz - voal de corp 250 ml - SHOPATOA.COM\" \/>\n<meta property=\"og:description\" content=\"Petal Buzz de la marca Victoria&#8217;s Secret capteaz\u0103 energia radiant\u0103 a verii. \u00cenf\u0103\u0219ura\u021bi-v\u0103 \u00eentr-o atmosfer\u0103 vibrant\u0103 \u0219i \u00een\u0103l\u021b\u0103toare care v\u0103 va umple instantaneu de bucurie \u0219i energie. Petal Buzz combin\u0103 note suculente de grapefruit proasp\u0103t cu note delicate de boboci de trandafir care se \u00eembin\u0103 cu piper roz subtil picant. Trezi\u021bi-v\u0103 bucuria \u0219i energia cu...\" \/>\n<meta property=\"og:url\" content=\"https:\/\/shopatoa.com\/ro\/victorias-secret-petal-buzz-voal-de-corp-250-ml\/\" \/>\n<meta property=\"og:site_name\" content=\"SHOPATOA\" \/>\n<meta property=\"article:modified_time\" content=\"2025-10-04T02:25:05+00:00\" \/>\n<meta property=\"og:image\" content=\"https:\/\/storage.googleapis.com\/cz-shopatoa-img\/ro\/56ccc551-unnamed-file.webp\" \/>\n\t<meta property=\"og:image:width\" content=\"800\" \/>\n\t<meta property=\"og:image:height\" content=\"800\" \/>\n\t<meta property=\"og:image:type\" content=\"image\/webp\" \/>\n<meta name=\"twitter:card\" content=\"summary_large_image\" \/>\n<script type=\"application\/ld+json\" class=\"yoast-schema-graph\">{\"@context\":\"https:\\\/\\\/schema.org\",\"@graph\":[{\"@type\":\"WebPage\",\"@id\":\"https:\\\/\\\/shopatoa.com\\\/ro\\\/victorias-secret-petal-buzz-voal-de-corp-250-ml\\\/\",\"url\":\"https:\\\/\\\/shopatoa.com\\\/ro\\\/victorias-secret-petal-buzz-voal-de-corp-250-ml\\\/\",\"name\":\"Victoria's Secret Petal Buzz - voal de corp 250 ml - SHOPATOA.COM\",\"isPartOf\":{\"@id\":\"https:\\\/\\\/shopatoa.com\\\/ro\\\/#website\"},\"primaryImageOfPage\":{\"@id\":\"https:\\\/\\\/shopatoa.com\\\/ro\\\/victorias-secret-petal-buzz-voal-de-corp-250-ml\\\/#primaryimage\"},\"image\":{\"@id\":\"https:\\\/\\\/shopatoa.com\\\/ro\\\/victorias-secret-petal-buzz-voal-de-corp-250-ml\\\/#primaryimage\"},\"thumbnailUrl\":\"https:\\\/\\\/storage.googleapis.com\\\/cz-shopatoa-img\\\/ro\\\/56ccc551-unnamed-file.webp\",\"datePublished\":\"2025-04-27T20:00:17+00:00\",\"dateModified\":\"2025-10-04T02:25:05+00:00\",\"breadcrumb\":{\"@id\":\"https:\\\/\\\/shopatoa.com\\\/ro\\\/victorias-secret-petal-buzz-voal-de-corp-250-ml\\\/#breadcrumb\"},\"inLanguage\":\"ro-RO\",\"potentialAction\":[{\"@type\":\"ReadAction\",\"target\":[\"https:\\\/\\\/shopatoa.com\\\/ro\\\/victorias-secret-petal-buzz-voal-de-corp-250-ml\\\/\"]}]},{\"@type\":\"ImageObject\",\"inLanguage\":\"ro-RO\",\"@id\":\"https:\\\/\\\/shopatoa.com\\\/ro\\\/victorias-secret-petal-buzz-voal-de-corp-250-ml\\\/#primaryimage\",\"url\":\"https:\\\/\\\/storage.googleapis.com\\\/cz-shopatoa-img\\\/ro\\\/56ccc551-unnamed-file.webp\",\"contentUrl\":\"https:\\\/\\\/storage.googleapis.com\\\/cz-shopatoa-img\\\/ro\\\/56ccc551-unnamed-file.webp\",\"width\":800,\"height\":800},{\"@type\":\"BreadcrumbList\",\"@id\":\"https:\\\/\\\/shopatoa.com\\\/ro\\\/victorias-secret-petal-buzz-voal-de-corp-250-ml\\\/#breadcrumb\",\"itemListElement\":[{\"@type\":\"ListItem\",\"position\":1,\"name\":\"Dom\u016f\",\"item\":\"https:\\\/\\\/shopatoa.com\\\/ro\\\/\"},{\"@type\":\"ListItem\",\"position\":2,\"name\":\"Shop\",\"item\":\"https:\\\/\\\/shopatoa.com\\\/ro\\\/shop\\\/\"},{\"@type\":\"ListItem\",\"position\":3,\"name\":\"Parfumuri\",\"item\":\"https:\\\/\\\/shopatoa.com\\\/ro\\\/parfumuri\\\/\"},{\"@type\":\"ListItem\",\"position\":4,\"name\":\"Spray-uri de corp\",\"item\":\"https:\\\/\\\/shopatoa.com\\\/ro\\\/spray-uri-de-corp\\\/\"},{\"@type\":\"ListItem\",\"position\":5,\"name\":\"Victoria&#8217;s Secret Petal Buzz &#8211; voal de corp 250 ml\"}]},{\"@type\":\"WebSite\",\"@id\":\"https:\\\/\\\/shopatoa.com\\\/ro\\\/#website\",\"url\":\"https:\\\/\\\/shopatoa.com\\\/ro\\\/\",\"name\":\"SHOPATOA\",\"description\":\"\",\"publisher\":{\"@id\":\"https:\\\/\\\/shopatoa.com\\\/ro\\\/#organization\"},\"potentialAction\":[{\"@type\":\"SearchAction\",\"target\":{\"@type\":\"EntryPoint\",\"urlTemplate\":\"https:\\\/\\\/shopatoa.com\\\/ro\\\/?s={search_term_string}\"},\"query-input\":{\"@type\":\"PropertyValueSpecification\",\"valueRequired\":true,\"valueName\":\"search_term_string\"}}],\"inLanguage\":\"ro-RO\"},{\"@type\":\"Organization\",\"@id\":\"https:\\\/\\\/shopatoa.com\\\/ro\\\/#organization\",\"name\":\"SHOPATOA\",\"url\":\"https:\\\/\\\/shopatoa.com\\\/ro\\\/\",\"logo\":{\"@type\":\"ImageObject\",\"inLanguage\":\"ro-RO\",\"@id\":\"https:\\\/\\\/shopatoa.com\\\/ro\\\/#\\\/schema\\\/logo\\\/image\\\/\",\"url\":\"https:\\\/\\\/storage.googleapis.com\\\/cz-shopatoa-img\\\/ro\\\/b4dac915-shopatoa_logo.png\",\"contentUrl\":\"https:\\\/\\\/storage.googleapis.com\\\/cz-shopatoa-img\\\/ro\\\/b4dac915-shopatoa_logo.png\",\"width\":416,\"height\":63,\"caption\":\"SHOPATOA\"},\"image\":{\"@id\":\"https:\\\/\\\/shopatoa.com\\\/ro\\\/#\\\/schema\\\/logo\\\/image\\\/\"}}]}<\/script>\n<!-- \/ Yoast SEO plugin. -->","yoast_head_json":{"title":"Victoria's Secret Petal Buzz - voal de corp 250 ml - SHOPATOA.COM","robots":{"index":"index","follow":"follow","max-snippet":"max-snippet:-1","max-image-preview":"max-image-preview:large","max-video-preview":"max-video-preview:-1"},"canonical":"https:\/\/shopatoa.com\/ro\/victorias-secret-petal-buzz-voal-de-corp-250-ml\/","og_locale":"ro_RO","og_type":"article","og_title":"Victoria's Secret Petal Buzz - voal de corp 250 ml - SHOPATOA.COM","og_description":"Petal Buzz de la marca Victoria&#8217;s Secret capteaz\u0103 energia radiant\u0103 a verii. \u00cenf\u0103\u0219ura\u021bi-v\u0103 \u00eentr-o atmosfer\u0103 vibrant\u0103 \u0219i \u00een\u0103l\u021b\u0103toare care v\u0103 va umple instantaneu de bucurie \u0219i energie. Petal Buzz combin\u0103 note suculente de grapefruit proasp\u0103t cu note delicate de boboci de trandafir care se \u00eembin\u0103 cu piper roz subtil picant. Trezi\u021bi-v\u0103 bucuria \u0219i energia cu...","og_url":"https:\/\/shopatoa.com\/ro\/victorias-secret-petal-buzz-voal-de-corp-250-ml\/","og_site_name":"SHOPATOA","article_modified_time":"2025-10-04T02:25:05+00:00","og_image":[{"width":800,"height":800,"url":"https:\/\/storage.googleapis.com\/cz-shopatoa-img\/ro\/56ccc551-unnamed-file.webp","type":"image\/webp"}],"twitter_card":"summary_large_image","schema":{"@context":"https:\/\/schema.org","@graph":[{"@type":"WebPage","@id":"https:\/\/shopatoa.com\/ro\/victorias-secret-petal-buzz-voal-de-corp-250-ml\/","url":"https:\/\/shopatoa.com\/ro\/victorias-secret-petal-buzz-voal-de-corp-250-ml\/","name":"Victoria's Secret Petal Buzz - voal de corp 250 ml - SHOPATOA.COM","isPartOf":{"@id":"https:\/\/shopatoa.com\/ro\/#website"},"primaryImageOfPage":{"@id":"https:\/\/shopatoa.com\/ro\/victorias-secret-petal-buzz-voal-de-corp-250-ml\/#primaryimage"},"image":{"@id":"https:\/\/shopatoa.com\/ro\/victorias-secret-petal-buzz-voal-de-corp-250-ml\/#primaryimage"},"thumbnailUrl":"https:\/\/storage.googleapis.com\/cz-shopatoa-img\/ro\/56ccc551-unnamed-file.webp","datePublished":"2025-04-27T20:00:17+00:00","dateModified":"2025-10-04T02:25:05+00:00","breadcrumb":{"@id":"https:\/\/shopatoa.com\/ro\/victorias-secret-petal-buzz-voal-de-corp-250-ml\/#breadcrumb"},"inLanguage":"ro-RO","potentialAction":[{"@type":"ReadAction","target":["https:\/\/shopatoa.com\/ro\/victorias-secret-petal-buzz-voal-de-corp-250-ml\/"]}]},{"@type":"ImageObject","inLanguage":"ro-RO","@id":"https:\/\/shopatoa.com\/ro\/victorias-secret-petal-buzz-voal-de-corp-250-ml\/#primaryimage","url":"https:\/\/storage.googleapis.com\/cz-shopatoa-img\/ro\/56ccc551-unnamed-file.webp","contentUrl":"https:\/\/storage.googleapis.com\/cz-shopatoa-img\/ro\/56ccc551-unnamed-file.webp","width":800,"height":800},{"@type":"BreadcrumbList","@id":"https:\/\/shopatoa.com\/ro\/victorias-secret-petal-buzz-voal-de-corp-250-ml\/#breadcrumb","itemListElement":[{"@type":"ListItem","position":1,"name":"Dom\u016f","item":"https:\/\/shopatoa.com\/ro\/"},{"@type":"ListItem","position":2,"name":"Shop","item":"https:\/\/shopatoa.com\/ro\/shop\/"},{"@type":"ListItem","position":3,"name":"Parfumuri","item":"https:\/\/shopatoa.com\/ro\/parfumuri\/"},{"@type":"ListItem","position":4,"name":"Spray-uri de corp","item":"https:\/\/shopatoa.com\/ro\/spray-uri-de-corp\/"},{"@type":"ListItem","position":5,"name":"Victoria&#8217;s Secret Petal Buzz &#8211; voal de corp 250 ml"}]},{"@type":"WebSite","@id":"https:\/\/shopatoa.com\/ro\/#website","url":"https:\/\/shopatoa.com\/ro\/","name":"SHOPATOA","description":"","publisher":{"@id":"https:\/\/shopatoa.com\/ro\/#organization"},"potentialAction":[{"@type":"SearchAction","target":{"@type":"EntryPoint","urlTemplate":"https:\/\/shopatoa.com\/ro\/?s={search_term_string}"},"query-input":{"@type":"PropertyValueSpecification","valueRequired":true,"valueName":"search_term_string"}}],"inLanguage":"ro-RO"},{"@type":"Organization","@id":"https:\/\/shopatoa.com\/ro\/#organization","name":"SHOPATOA","url":"https:\/\/shopatoa.com\/ro\/","logo":{"@type":"ImageObject","inLanguage":"ro-RO","@id":"https:\/\/shopatoa.com\/ro\/#\/schema\/logo\/image\/","url":"https:\/\/storage.googleapis.com\/cz-shopatoa-img\/ro\/b4dac915-shopatoa_logo.png","contentUrl":"https:\/\/storage.googleapis.com\/cz-shopatoa-img\/ro\/b4dac915-shopatoa_logo.png","width":416,"height":63,"caption":"SHOPATOA"},"image":{"@id":"https:\/\/shopatoa.com\/ro\/#\/schema\/logo\/image\/"}}]}},"_links":{"self":[{"href":"https:\/\/shopatoa.com\/ro\/wp-json\/wp\/v2\/product\/263227","targetHints":{"allow":["GET"]}}],"collection":[{"href":"https:\/\/shopatoa.com\/ro\/wp-json\/wp\/v2\/product"}],"about":[{"href":"https:\/\/shopatoa.com\/ro\/wp-json\/wp\/v2\/types\/product"}],"replies":[{"embeddable":true,"href":"https:\/\/shopatoa.com\/ro\/wp-json\/wp\/v2\/comments?post=263227"}],"wp:featuredmedia":[{"embeddable":true,"href":"https:\/\/shopatoa.com\/ro\/wp-json\/wp\/v2\/media\/339670"}],"wp:attachment":[{"href":"https:\/\/shopatoa.com\/ro\/wp-json\/wp\/v2\/media?parent=263227"}],"wp:term":[{"taxonomy":"product_brand","embeddable":true,"href":"https:\/\/shopatoa.com\/ro\/wp-json\/wp\/v2\/product_brand?post=263227"},{"taxonomy":"product_cat","embeddable":true,"href":"https:\/\/shopatoa.com\/ro\/wp-json\/wp\/v2\/product_cat?post=263227"},{"taxonomy":"product_tag","embeddable":true,"href":"https:\/\/shopatoa.com\/ro\/wp-json\/wp\/v2\/product_tag?post=263227"}],"curies":[{"name":"wp","href":"https:\/\/api.w.org\/{rel}","templated":true}]}}