{"id":263315,"date":"2025-04-27T22:32:02","date_gmt":"2025-04-27T20:32:02","guid":{"rendered":"https:\/\/shopatoa.com\/ro\/david-beckham-classic-homme-spray-deodorant-150-ml\/"},"modified":"2025-12-14T16:52:58","modified_gmt":"2025-12-14T15:52:58","slug":"david-beckham-classic-homme-spray-deodorant-150-ml","status":"publish","type":"product","link":"https:\/\/shopatoa.com\/ro\/david-beckham-classic-homme-spray-deodorant-150-ml\/","title":{"rendered":"David Beckham Classic Homme &#8211; spray deodorant 150 ml"},"content":{"rendered":"<p>Classic Homme este un parfum rafinat pentru b\u0103rba\u021bi, inspirat de valorile personale puternice ale lui David. Este destinat b\u0103rba\u021bilor care sunt fideli convingerilor sale. Prezint\u0103 un amestec aromat de note calde \u0219i afumate cu o not\u0103 proasp\u0103t\u0103 condimentat\u0103. Acest parfum lemnos, subtil condimentat se deschide cu prospe\u021bimea citricelor, a ghimbirului, a pinului \u0219i a unui praf de piper. Inima dezv\u0103luie o not\u0103 senzual\u0103 de lemn de ca\u0219mir, piele \u0219i rozmarin. Un aspect bogat \u0219i masculin este sporit de baz\u0103, care \u00eembin\u0103 note de lemn de mahon, paciuli \u0219i mosc. Deodorantul este o completare perfect\u0103 a apei de toalet\u0103 cu acela\u0219i nume, v\u0103 va oferi o senza\u021bie de prospe\u021bime de lung\u0103 durat\u0103 \u0219i protec\u021bie \u00eempotriva transpira\u021biei \u0219i mirosurilor nepl\u0103cute.<\/p>\n","protected":false},"excerpt":{"rendered":"<p>Classic Homme este un parfum rafinat pentru b\u0103rba\u021bi, inspirat de valorile personale puternice ale lui David. Este destinat b\u0103rba\u021bilor care sunt fideli convingerilor sale. Prezint\u0103 un amestec aromat de note calde \u0219i afumate cu o not\u0103 proasp\u0103t\u0103 condimentat\u0103. Acest parfum lemnos, subtil condimentat se deschide cu prospe\u021bimea citricelor, a ghimbirului, a pinului \u0219i a unui&#8230;<\/p>\n","protected":false},"featured_media":339752,"comment_status":"closed","ping_status":"open","template":"","meta":{"_acf_changed":false,"_kadence_starter_templates_imported_post":false,"_kad_post_transparent":"","_kad_post_title":"","_kad_post_layout":"","_kad_post_sidebar_id":"","_kad_post_content_style":"","_kad_post_vertical_padding":"","_kad_post_feature":"","_kad_post_feature_position":"","_kad_post_header":false,"_kad_post_footer":false,"_kad_post_classname":""},"product_brand":[99],"product_cat":[646,246,611],"product_tag":[],"class_list":{"0":"post-263315","1":"product","2":"type-product","3":"status-publish","4":"has-post-thumbnail","6":"product_brand-david-beckham","7":"product_cat-antiperspirante-si-deodorante","8":"product_cat-cosmetice","9":"product_cat-produse-cosmetice-pentru-corp","11":"first","12":"instock","13":"sale","14":"product-type-external","15":"entry","16":"content-bg","17":"loop-entry"},"acf":[],"yoast_head":"<!-- This site is optimized with the Yoast SEO plugin v27.3 - https:\/\/yoast.com\/product\/yoast-seo-wordpress\/ -->\n<title>David Beckham Classic Homme - spray deodorant 150 ml - SHOPATOA.COM<\/title>\n<meta name=\"robots\" content=\"index, follow, max-snippet:-1, max-image-preview:large, max-video-preview:-1\" \/>\n<link rel=\"canonical\" href=\"https:\/\/shopatoa.com\/ro\/david-beckham-classic-homme-spray-deodorant-150-ml\/\" \/>\n<meta property=\"og:locale\" content=\"ro_RO\" \/>\n<meta property=\"og:type\" content=\"article\" \/>\n<meta property=\"og:title\" content=\"David Beckham Classic Homme - spray deodorant 150 ml - SHOPATOA.COM\" \/>\n<meta property=\"og:description\" content=\"Classic Homme este un parfum rafinat pentru b\u0103rba\u021bi, inspirat de valorile personale puternice ale lui David. Este destinat b\u0103rba\u021bilor care sunt fideli convingerilor sale. Prezint\u0103 un amestec aromat de note calde \u0219i afumate cu o not\u0103 proasp\u0103t\u0103 condimentat\u0103. Acest parfum lemnos, subtil condimentat se deschide cu prospe\u021bimea citricelor, a ghimbirului, a pinului \u0219i a unui...\" \/>\n<meta property=\"og:url\" content=\"https:\/\/shopatoa.com\/ro\/david-beckham-classic-homme-spray-deodorant-150-ml\/\" \/>\n<meta property=\"og:site_name\" content=\"SHOPATOA\" \/>\n<meta property=\"article:modified_time\" content=\"2025-12-14T15:52:58+00:00\" \/>\n<meta property=\"og:image\" content=\"https:\/\/storage.googleapis.com\/cz-shopatoa-img\/ro\/862385ce-unnamed-file.webp\" \/>\n\t<meta property=\"og:image:width\" content=\"800\" \/>\n\t<meta property=\"og:image:height\" content=\"800\" \/>\n\t<meta property=\"og:image:type\" content=\"image\/webp\" \/>\n<meta name=\"twitter:card\" content=\"summary_large_image\" \/>\n<meta name=\"twitter:label1\" content=\"Timp estimat pentru citire\" \/>\n\t<meta name=\"twitter:data1\" content=\"1 minut\" \/>\n<script type=\"application\/ld+json\" class=\"yoast-schema-graph\">{\"@context\":\"https:\\\/\\\/schema.org\",\"@graph\":[{\"@type\":\"WebPage\",\"@id\":\"https:\\\/\\\/shopatoa.com\\\/ro\\\/david-beckham-classic-homme-spray-deodorant-150-ml\\\/\",\"url\":\"https:\\\/\\\/shopatoa.com\\\/ro\\\/david-beckham-classic-homme-spray-deodorant-150-ml\\\/\",\"name\":\"David Beckham Classic Homme - spray deodorant 150 ml - SHOPATOA.COM\",\"isPartOf\":{\"@id\":\"https:\\\/\\\/shopatoa.com\\\/ro\\\/#website\"},\"primaryImageOfPage\":{\"@id\":\"https:\\\/\\\/shopatoa.com\\\/ro\\\/david-beckham-classic-homme-spray-deodorant-150-ml\\\/#primaryimage\"},\"image\":{\"@id\":\"https:\\\/\\\/shopatoa.com\\\/ro\\\/david-beckham-classic-homme-spray-deodorant-150-ml\\\/#primaryimage\"},\"thumbnailUrl\":\"https:\\\/\\\/storage.googleapis.com\\\/cz-shopatoa-img\\\/ro\\\/862385ce-unnamed-file.webp\",\"datePublished\":\"2025-04-27T20:32:02+00:00\",\"dateModified\":\"2025-12-14T15:52:58+00:00\",\"breadcrumb\":{\"@id\":\"https:\\\/\\\/shopatoa.com\\\/ro\\\/david-beckham-classic-homme-spray-deodorant-150-ml\\\/#breadcrumb\"},\"inLanguage\":\"ro-RO\",\"potentialAction\":[{\"@type\":\"ReadAction\",\"target\":[\"https:\\\/\\\/shopatoa.com\\\/ro\\\/david-beckham-classic-homme-spray-deodorant-150-ml\\\/\"]}]},{\"@type\":\"ImageObject\",\"inLanguage\":\"ro-RO\",\"@id\":\"https:\\\/\\\/shopatoa.com\\\/ro\\\/david-beckham-classic-homme-spray-deodorant-150-ml\\\/#primaryimage\",\"url\":\"https:\\\/\\\/storage.googleapis.com\\\/cz-shopatoa-img\\\/ro\\\/862385ce-unnamed-file.webp\",\"contentUrl\":\"https:\\\/\\\/storage.googleapis.com\\\/cz-shopatoa-img\\\/ro\\\/862385ce-unnamed-file.webp\",\"width\":800,\"height\":800},{\"@type\":\"BreadcrumbList\",\"@id\":\"https:\\\/\\\/shopatoa.com\\\/ro\\\/david-beckham-classic-homme-spray-deodorant-150-ml\\\/#breadcrumb\",\"itemListElement\":[{\"@type\":\"ListItem\",\"position\":1,\"name\":\"Dom\u016f\",\"item\":\"https:\\\/\\\/shopatoa.com\\\/ro\\\/\"},{\"@type\":\"ListItem\",\"position\":2,\"name\":\"Shop\",\"item\":\"https:\\\/\\\/shopatoa.com\\\/ro\\\/shop\\\/\"},{\"@type\":\"ListItem\",\"position\":3,\"name\":\"Cosmetice\",\"item\":\"https:\\\/\\\/shopatoa.com\\\/ro\\\/cosmetice\\\/\"},{\"@type\":\"ListItem\",\"position\":4,\"name\":\"Produse cosmetice pentru corp\",\"item\":\"https:\\\/\\\/shopatoa.com\\\/ro\\\/produse-cosmetice-pentru-corp\\\/\"},{\"@type\":\"ListItem\",\"position\":5,\"name\":\"Antiperspirante si deodorante\",\"item\":\"https:\\\/\\\/shopatoa.com\\\/ro\\\/antiperspirante-si-deodorante\\\/\"},{\"@type\":\"ListItem\",\"position\":6,\"name\":\"David Beckham Classic Homme &#8211; spray deodorant 150 ml\"}]},{\"@type\":\"WebSite\",\"@id\":\"https:\\\/\\\/shopatoa.com\\\/ro\\\/#website\",\"url\":\"https:\\\/\\\/shopatoa.com\\\/ro\\\/\",\"name\":\"SHOPATOA\",\"description\":\"\",\"publisher\":{\"@id\":\"https:\\\/\\\/shopatoa.com\\\/ro\\\/#organization\"},\"potentialAction\":[{\"@type\":\"SearchAction\",\"target\":{\"@type\":\"EntryPoint\",\"urlTemplate\":\"https:\\\/\\\/shopatoa.com\\\/ro\\\/?s={search_term_string}\"},\"query-input\":{\"@type\":\"PropertyValueSpecification\",\"valueRequired\":true,\"valueName\":\"search_term_string\"}}],\"inLanguage\":\"ro-RO\"},{\"@type\":\"Organization\",\"@id\":\"https:\\\/\\\/shopatoa.com\\\/ro\\\/#organization\",\"name\":\"SHOPATOA\",\"url\":\"https:\\\/\\\/shopatoa.com\\\/ro\\\/\",\"logo\":{\"@type\":\"ImageObject\",\"inLanguage\":\"ro-RO\",\"@id\":\"https:\\\/\\\/shopatoa.com\\\/ro\\\/#\\\/schema\\\/logo\\\/image\\\/\",\"url\":\"https:\\\/\\\/storage.googleapis.com\\\/cz-shopatoa-img\\\/ro\\\/b4dac915-shopatoa_logo.png\",\"contentUrl\":\"https:\\\/\\\/storage.googleapis.com\\\/cz-shopatoa-img\\\/ro\\\/b4dac915-shopatoa_logo.png\",\"width\":416,\"height\":63,\"caption\":\"SHOPATOA\"},\"image\":{\"@id\":\"https:\\\/\\\/shopatoa.com\\\/ro\\\/#\\\/schema\\\/logo\\\/image\\\/\"}}]}<\/script>\n<!-- \/ Yoast SEO plugin. -->","yoast_head_json":{"title":"David Beckham Classic Homme - spray deodorant 150 ml - SHOPATOA.COM","robots":{"index":"index","follow":"follow","max-snippet":"max-snippet:-1","max-image-preview":"max-image-preview:large","max-video-preview":"max-video-preview:-1"},"canonical":"https:\/\/shopatoa.com\/ro\/david-beckham-classic-homme-spray-deodorant-150-ml\/","og_locale":"ro_RO","og_type":"article","og_title":"David Beckham Classic Homme - spray deodorant 150 ml - SHOPATOA.COM","og_description":"Classic Homme este un parfum rafinat pentru b\u0103rba\u021bi, inspirat de valorile personale puternice ale lui David. Este destinat b\u0103rba\u021bilor care sunt fideli convingerilor sale. Prezint\u0103 un amestec aromat de note calde \u0219i afumate cu o not\u0103 proasp\u0103t\u0103 condimentat\u0103. Acest parfum lemnos, subtil condimentat se deschide cu prospe\u021bimea citricelor, a ghimbirului, a pinului \u0219i a unui...","og_url":"https:\/\/shopatoa.com\/ro\/david-beckham-classic-homme-spray-deodorant-150-ml\/","og_site_name":"SHOPATOA","article_modified_time":"2025-12-14T15:52:58+00:00","og_image":[{"width":800,"height":800,"url":"https:\/\/storage.googleapis.com\/cz-shopatoa-img\/ro\/862385ce-unnamed-file.webp","type":"image\/webp"}],"twitter_card":"summary_large_image","twitter_misc":{"Timp estimat pentru citire":"1 minut"},"schema":{"@context":"https:\/\/schema.org","@graph":[{"@type":"WebPage","@id":"https:\/\/shopatoa.com\/ro\/david-beckham-classic-homme-spray-deodorant-150-ml\/","url":"https:\/\/shopatoa.com\/ro\/david-beckham-classic-homme-spray-deodorant-150-ml\/","name":"David Beckham Classic Homme - spray deodorant 150 ml - SHOPATOA.COM","isPartOf":{"@id":"https:\/\/shopatoa.com\/ro\/#website"},"primaryImageOfPage":{"@id":"https:\/\/shopatoa.com\/ro\/david-beckham-classic-homme-spray-deodorant-150-ml\/#primaryimage"},"image":{"@id":"https:\/\/shopatoa.com\/ro\/david-beckham-classic-homme-spray-deodorant-150-ml\/#primaryimage"},"thumbnailUrl":"https:\/\/storage.googleapis.com\/cz-shopatoa-img\/ro\/862385ce-unnamed-file.webp","datePublished":"2025-04-27T20:32:02+00:00","dateModified":"2025-12-14T15:52:58+00:00","breadcrumb":{"@id":"https:\/\/shopatoa.com\/ro\/david-beckham-classic-homme-spray-deodorant-150-ml\/#breadcrumb"},"inLanguage":"ro-RO","potentialAction":[{"@type":"ReadAction","target":["https:\/\/shopatoa.com\/ro\/david-beckham-classic-homme-spray-deodorant-150-ml\/"]}]},{"@type":"ImageObject","inLanguage":"ro-RO","@id":"https:\/\/shopatoa.com\/ro\/david-beckham-classic-homme-spray-deodorant-150-ml\/#primaryimage","url":"https:\/\/storage.googleapis.com\/cz-shopatoa-img\/ro\/862385ce-unnamed-file.webp","contentUrl":"https:\/\/storage.googleapis.com\/cz-shopatoa-img\/ro\/862385ce-unnamed-file.webp","width":800,"height":800},{"@type":"BreadcrumbList","@id":"https:\/\/shopatoa.com\/ro\/david-beckham-classic-homme-spray-deodorant-150-ml\/#breadcrumb","itemListElement":[{"@type":"ListItem","position":1,"name":"Dom\u016f","item":"https:\/\/shopatoa.com\/ro\/"},{"@type":"ListItem","position":2,"name":"Shop","item":"https:\/\/shopatoa.com\/ro\/shop\/"},{"@type":"ListItem","position":3,"name":"Cosmetice","item":"https:\/\/shopatoa.com\/ro\/cosmetice\/"},{"@type":"ListItem","position":4,"name":"Produse cosmetice pentru corp","item":"https:\/\/shopatoa.com\/ro\/produse-cosmetice-pentru-corp\/"},{"@type":"ListItem","position":5,"name":"Antiperspirante si deodorante","item":"https:\/\/shopatoa.com\/ro\/antiperspirante-si-deodorante\/"},{"@type":"ListItem","position":6,"name":"David Beckham Classic Homme &#8211; spray deodorant 150 ml"}]},{"@type":"WebSite","@id":"https:\/\/shopatoa.com\/ro\/#website","url":"https:\/\/shopatoa.com\/ro\/","name":"SHOPATOA","description":"","publisher":{"@id":"https:\/\/shopatoa.com\/ro\/#organization"},"potentialAction":[{"@type":"SearchAction","target":{"@type":"EntryPoint","urlTemplate":"https:\/\/shopatoa.com\/ro\/?s={search_term_string}"},"query-input":{"@type":"PropertyValueSpecification","valueRequired":true,"valueName":"search_term_string"}}],"inLanguage":"ro-RO"},{"@type":"Organization","@id":"https:\/\/shopatoa.com\/ro\/#organization","name":"SHOPATOA","url":"https:\/\/shopatoa.com\/ro\/","logo":{"@type":"ImageObject","inLanguage":"ro-RO","@id":"https:\/\/shopatoa.com\/ro\/#\/schema\/logo\/image\/","url":"https:\/\/storage.googleapis.com\/cz-shopatoa-img\/ro\/b4dac915-shopatoa_logo.png","contentUrl":"https:\/\/storage.googleapis.com\/cz-shopatoa-img\/ro\/b4dac915-shopatoa_logo.png","width":416,"height":63,"caption":"SHOPATOA"},"image":{"@id":"https:\/\/shopatoa.com\/ro\/#\/schema\/logo\/image\/"}}]}},"_links":{"self":[{"href":"https:\/\/shopatoa.com\/ro\/wp-json\/wp\/v2\/product\/263315","targetHints":{"allow":["GET"]}}],"collection":[{"href":"https:\/\/shopatoa.com\/ro\/wp-json\/wp\/v2\/product"}],"about":[{"href":"https:\/\/shopatoa.com\/ro\/wp-json\/wp\/v2\/types\/product"}],"replies":[{"embeddable":true,"href":"https:\/\/shopatoa.com\/ro\/wp-json\/wp\/v2\/comments?post=263315"}],"wp:featuredmedia":[{"embeddable":true,"href":"https:\/\/shopatoa.com\/ro\/wp-json\/wp\/v2\/media\/339752"}],"wp:attachment":[{"href":"https:\/\/shopatoa.com\/ro\/wp-json\/wp\/v2\/media?parent=263315"}],"wp:term":[{"taxonomy":"product_brand","embeddable":true,"href":"https:\/\/shopatoa.com\/ro\/wp-json\/wp\/v2\/product_brand?post=263315"},{"taxonomy":"product_cat","embeddable":true,"href":"https:\/\/shopatoa.com\/ro\/wp-json\/wp\/v2\/product_cat?post=263315"},{"taxonomy":"product_tag","embeddable":true,"href":"https:\/\/shopatoa.com\/ro\/wp-json\/wp\/v2\/product_tag?post=263315"}],"curies":[{"name":"wp","href":"https:\/\/api.w.org\/{rel}","templated":true}]}}