{"id":263335,"date":"2025-04-27T22:41:08","date_gmt":"2025-04-27T20:41:08","guid":{"rendered":"https:\/\/shopatoa.com\/ro\/victorias-secret-ginger-apple-jewel-spray-de-corp-250-ml\/"},"modified":"2025-12-14T16:42:32","modified_gmt":"2025-12-14T15:42:32","slug":"victorias-secret-ginger-apple-jewel-spray-de-corp-250-ml","status":"publish","type":"product","link":"https:\/\/shopatoa.com\/ro\/victorias-secret-ginger-apple-jewel-spray-de-corp-250-ml\/","title":{"rendered":"Victoria&#8217;s Secret Ginger Apple Jewel &#8211; spray de corp 250 ml"},"content":{"rendered":"<p>Ginger Apple Jewel de la marca Victoria&#8217;s Secret este un parfum picant pentru femei. Imagina\u021bi-va o zi de toamn\u0103 plimb\u00e2ndu-v\u0103 printr-o livad\u0103 de meri, \u00eenconjurat\u0103 de aroma de mere coapte \u0219i de ghimbir proasp\u0103t \u0219i picant. Fiecare respira\u021bie v\u0103 umple cu un sentiment de bucurie \u0219i prospe\u021bime. Aceasta este magia Ginger Apple Jewel &#8211; un parfum care v\u0103 \u00eenc\u0103lze\u0219te \u0219i v\u0103 \u00eemprosp\u0103teaz\u0103 \u00een acela\u0219i timp. Elementul lini\u0219titor este combina\u021bia de meri\u0219oare cu mosc senzual. Spray-ul pentru corp nu doar c\u0103 ofer\u0103 o arom\u0103 unic\u0103 \u0219i atr\u0103g\u0103toare, ci \u0219i o senza\u021bie pl\u0103cut\u0103 de prospe\u021bime.<\/p>\n","protected":false},"excerpt":{"rendered":"<p>Ginger Apple Jewel de la marca Victoria&#8217;s Secret este un parfum picant pentru femei. Imagina\u021bi-va o zi de toamn\u0103 plimb\u00e2ndu-v\u0103 printr-o livad\u0103 de meri, \u00eenconjurat\u0103 de aroma de mere coapte \u0219i de ghimbir proasp\u0103t \u0219i picant. Fiecare respira\u021bie v\u0103 umple cu un sentiment de bucurie \u0219i prospe\u021bime. Aceasta este magia Ginger Apple Jewel &#8211; un&#8230;<\/p>\n","protected":false},"featured_media":339773,"comment_status":"closed","ping_status":"open","template":"","meta":{"_acf_changed":false,"_kadence_starter_templates_imported_post":false,"_kad_post_transparent":"","_kad_post_title":"","_kad_post_layout":"","_kad_post_sidebar_id":"","_kad_post_content_style":"","_kad_post_vertical_padding":"","_kad_post_feature":"","_kad_post_feature_position":"","_kad_post_header":false,"_kad_post_footer":false,"_kad_post_classname":""},"product_brand":[500],"product_cat":[614,682],"product_tag":[],"class_list":{"0":"post-263335","1":"product","2":"type-product","3":"status-publish","4":"has-post-thumbnail","6":"product_brand-victorias-secret","7":"product_cat-parfumuri","8":"product_cat-spray-uri-de-corp","10":"first","11":"instock","12":"product-type-external","13":"entry","14":"content-bg","15":"loop-entry"},"acf":[],"yoast_head":"<!-- This site is optimized with the Yoast SEO plugin v27.4 - https:\/\/yoast.com\/product\/yoast-seo-wordpress\/ -->\n<title>Victoria&#039;s Secret Ginger Apple Jewel - spray de corp 250 ml - SHOPATOA.COM<\/title>\n<meta name=\"robots\" content=\"index, follow, max-snippet:-1, max-image-preview:large, max-video-preview:-1\" \/>\n<link rel=\"canonical\" href=\"https:\/\/shopatoa.com\/ro\/victorias-secret-ginger-apple-jewel-spray-de-corp-250-ml\/\" \/>\n<meta property=\"og:locale\" content=\"ro_RO\" \/>\n<meta property=\"og:type\" content=\"article\" \/>\n<meta property=\"og:title\" content=\"Victoria&#039;s Secret Ginger Apple Jewel - spray de corp 250 ml - SHOPATOA.COM\" \/>\n<meta property=\"og:description\" content=\"Ginger Apple Jewel de la marca Victoria&#8217;s Secret este un parfum picant pentru femei. Imagina\u021bi-va o zi de toamn\u0103 plimb\u00e2ndu-v\u0103 printr-o livad\u0103 de meri, \u00eenconjurat\u0103 de aroma de mere coapte \u0219i de ghimbir proasp\u0103t \u0219i picant. Fiecare respira\u021bie v\u0103 umple cu un sentiment de bucurie \u0219i prospe\u021bime. Aceasta este magia Ginger Apple Jewel &#8211; un...\" \/>\n<meta property=\"og:url\" content=\"https:\/\/shopatoa.com\/ro\/victorias-secret-ginger-apple-jewel-spray-de-corp-250-ml\/\" \/>\n<meta property=\"og:site_name\" content=\"SHOPATOA\" \/>\n<meta property=\"article:modified_time\" content=\"2025-12-14T15:42:32+00:00\" \/>\n<meta property=\"og:image\" content=\"https:\/\/storage.googleapis.com\/cz-shopatoa-img\/ro\/7d13b852-unnamed-file.webp\" \/>\n\t<meta property=\"og:image:width\" content=\"800\" \/>\n\t<meta property=\"og:image:height\" content=\"800\" \/>\n\t<meta property=\"og:image:type\" content=\"image\/webp\" \/>\n<meta name=\"twitter:card\" content=\"summary_large_image\" \/>\n<meta name=\"twitter:label1\" content=\"Timp estimat pentru citire\" \/>\n\t<meta name=\"twitter:data1\" content=\"1 minut\" \/>\n<script type=\"application\/ld+json\" class=\"yoast-schema-graph\">{\"@context\":\"https:\\\/\\\/schema.org\",\"@graph\":[{\"@type\":\"WebPage\",\"@id\":\"https:\\\/\\\/shopatoa.com\\\/ro\\\/victorias-secret-ginger-apple-jewel-spray-de-corp-250-ml\\\/\",\"url\":\"https:\\\/\\\/shopatoa.com\\\/ro\\\/victorias-secret-ginger-apple-jewel-spray-de-corp-250-ml\\\/\",\"name\":\"Victoria's Secret Ginger Apple Jewel - spray de corp 250 ml - SHOPATOA.COM\",\"isPartOf\":{\"@id\":\"https:\\\/\\\/shopatoa.com\\\/ro\\\/#website\"},\"primaryImageOfPage\":{\"@id\":\"https:\\\/\\\/shopatoa.com\\\/ro\\\/victorias-secret-ginger-apple-jewel-spray-de-corp-250-ml\\\/#primaryimage\"},\"image\":{\"@id\":\"https:\\\/\\\/shopatoa.com\\\/ro\\\/victorias-secret-ginger-apple-jewel-spray-de-corp-250-ml\\\/#primaryimage\"},\"thumbnailUrl\":\"https:\\\/\\\/storage.googleapis.com\\\/cz-shopatoa-img\\\/ro\\\/7d13b852-unnamed-file.webp\",\"datePublished\":\"2025-04-27T20:41:08+00:00\",\"dateModified\":\"2025-12-14T15:42:32+00:00\",\"breadcrumb\":{\"@id\":\"https:\\\/\\\/shopatoa.com\\\/ro\\\/victorias-secret-ginger-apple-jewel-spray-de-corp-250-ml\\\/#breadcrumb\"},\"inLanguage\":\"ro-RO\",\"potentialAction\":[{\"@type\":\"ReadAction\",\"target\":[\"https:\\\/\\\/shopatoa.com\\\/ro\\\/victorias-secret-ginger-apple-jewel-spray-de-corp-250-ml\\\/\"]}]},{\"@type\":\"ImageObject\",\"inLanguage\":\"ro-RO\",\"@id\":\"https:\\\/\\\/shopatoa.com\\\/ro\\\/victorias-secret-ginger-apple-jewel-spray-de-corp-250-ml\\\/#primaryimage\",\"url\":\"https:\\\/\\\/storage.googleapis.com\\\/cz-shopatoa-img\\\/ro\\\/7d13b852-unnamed-file.webp\",\"contentUrl\":\"https:\\\/\\\/storage.googleapis.com\\\/cz-shopatoa-img\\\/ro\\\/7d13b852-unnamed-file.webp\",\"width\":800,\"height\":800},{\"@type\":\"BreadcrumbList\",\"@id\":\"https:\\\/\\\/shopatoa.com\\\/ro\\\/victorias-secret-ginger-apple-jewel-spray-de-corp-250-ml\\\/#breadcrumb\",\"itemListElement\":[{\"@type\":\"ListItem\",\"position\":1,\"name\":\"Dom\u016f\",\"item\":\"https:\\\/\\\/shopatoa.com\\\/ro\\\/\"},{\"@type\":\"ListItem\",\"position\":2,\"name\":\"Shop\",\"item\":\"https:\\\/\\\/shopatoa.com\\\/ro\\\/shop\\\/\"},{\"@type\":\"ListItem\",\"position\":3,\"name\":\"Parfumuri\",\"item\":\"https:\\\/\\\/shopatoa.com\\\/ro\\\/parfumuri\\\/\"},{\"@type\":\"ListItem\",\"position\":4,\"name\":\"Spray-uri de corp\",\"item\":\"https:\\\/\\\/shopatoa.com\\\/ro\\\/spray-uri-de-corp\\\/\"},{\"@type\":\"ListItem\",\"position\":5,\"name\":\"Victoria&#8217;s Secret Ginger Apple Jewel &#8211; spray de corp 250 ml\"}]},{\"@type\":\"WebSite\",\"@id\":\"https:\\\/\\\/shopatoa.com\\\/ro\\\/#website\",\"url\":\"https:\\\/\\\/shopatoa.com\\\/ro\\\/\",\"name\":\"SHOPATOA\",\"description\":\"\",\"publisher\":{\"@id\":\"https:\\\/\\\/shopatoa.com\\\/ro\\\/#organization\"},\"potentialAction\":[{\"@type\":\"SearchAction\",\"target\":{\"@type\":\"EntryPoint\",\"urlTemplate\":\"https:\\\/\\\/shopatoa.com\\\/ro\\\/?s={search_term_string}\"},\"query-input\":{\"@type\":\"PropertyValueSpecification\",\"valueRequired\":true,\"valueName\":\"search_term_string\"}}],\"inLanguage\":\"ro-RO\"},{\"@type\":\"Organization\",\"@id\":\"https:\\\/\\\/shopatoa.com\\\/ro\\\/#organization\",\"name\":\"SHOPATOA\",\"url\":\"https:\\\/\\\/shopatoa.com\\\/ro\\\/\",\"logo\":{\"@type\":\"ImageObject\",\"inLanguage\":\"ro-RO\",\"@id\":\"https:\\\/\\\/shopatoa.com\\\/ro\\\/#\\\/schema\\\/logo\\\/image\\\/\",\"url\":\"https:\\\/\\\/storage.googleapis.com\\\/cz-shopatoa-img\\\/ro\\\/b4dac915-shopatoa_logo.png\",\"contentUrl\":\"https:\\\/\\\/storage.googleapis.com\\\/cz-shopatoa-img\\\/ro\\\/b4dac915-shopatoa_logo.png\",\"width\":416,\"height\":63,\"caption\":\"SHOPATOA\"},\"image\":{\"@id\":\"https:\\\/\\\/shopatoa.com\\\/ro\\\/#\\\/schema\\\/logo\\\/image\\\/\"}}]}<\/script>\n<!-- \/ Yoast SEO plugin. -->","yoast_head_json":{"title":"Victoria's Secret Ginger Apple Jewel - spray de corp 250 ml - SHOPATOA.COM","robots":{"index":"index","follow":"follow","max-snippet":"max-snippet:-1","max-image-preview":"max-image-preview:large","max-video-preview":"max-video-preview:-1"},"canonical":"https:\/\/shopatoa.com\/ro\/victorias-secret-ginger-apple-jewel-spray-de-corp-250-ml\/","og_locale":"ro_RO","og_type":"article","og_title":"Victoria's Secret Ginger Apple Jewel - spray de corp 250 ml - SHOPATOA.COM","og_description":"Ginger Apple Jewel de la marca Victoria&#8217;s Secret este un parfum picant pentru femei. Imagina\u021bi-va o zi de toamn\u0103 plimb\u00e2ndu-v\u0103 printr-o livad\u0103 de meri, \u00eenconjurat\u0103 de aroma de mere coapte \u0219i de ghimbir proasp\u0103t \u0219i picant. Fiecare respira\u021bie v\u0103 umple cu un sentiment de bucurie \u0219i prospe\u021bime. Aceasta este magia Ginger Apple Jewel &#8211; un...","og_url":"https:\/\/shopatoa.com\/ro\/victorias-secret-ginger-apple-jewel-spray-de-corp-250-ml\/","og_site_name":"SHOPATOA","article_modified_time":"2025-12-14T15:42:32+00:00","og_image":[{"width":800,"height":800,"url":"https:\/\/storage.googleapis.com\/cz-shopatoa-img\/ro\/7d13b852-unnamed-file.webp","type":"image\/webp"}],"twitter_card":"summary_large_image","twitter_misc":{"Timp estimat pentru citire":"1 minut"},"schema":{"@context":"https:\/\/schema.org","@graph":[{"@type":"WebPage","@id":"https:\/\/shopatoa.com\/ro\/victorias-secret-ginger-apple-jewel-spray-de-corp-250-ml\/","url":"https:\/\/shopatoa.com\/ro\/victorias-secret-ginger-apple-jewel-spray-de-corp-250-ml\/","name":"Victoria's Secret Ginger Apple Jewel - spray de corp 250 ml - SHOPATOA.COM","isPartOf":{"@id":"https:\/\/shopatoa.com\/ro\/#website"},"primaryImageOfPage":{"@id":"https:\/\/shopatoa.com\/ro\/victorias-secret-ginger-apple-jewel-spray-de-corp-250-ml\/#primaryimage"},"image":{"@id":"https:\/\/shopatoa.com\/ro\/victorias-secret-ginger-apple-jewel-spray-de-corp-250-ml\/#primaryimage"},"thumbnailUrl":"https:\/\/storage.googleapis.com\/cz-shopatoa-img\/ro\/7d13b852-unnamed-file.webp","datePublished":"2025-04-27T20:41:08+00:00","dateModified":"2025-12-14T15:42:32+00:00","breadcrumb":{"@id":"https:\/\/shopatoa.com\/ro\/victorias-secret-ginger-apple-jewel-spray-de-corp-250-ml\/#breadcrumb"},"inLanguage":"ro-RO","potentialAction":[{"@type":"ReadAction","target":["https:\/\/shopatoa.com\/ro\/victorias-secret-ginger-apple-jewel-spray-de-corp-250-ml\/"]}]},{"@type":"ImageObject","inLanguage":"ro-RO","@id":"https:\/\/shopatoa.com\/ro\/victorias-secret-ginger-apple-jewel-spray-de-corp-250-ml\/#primaryimage","url":"https:\/\/storage.googleapis.com\/cz-shopatoa-img\/ro\/7d13b852-unnamed-file.webp","contentUrl":"https:\/\/storage.googleapis.com\/cz-shopatoa-img\/ro\/7d13b852-unnamed-file.webp","width":800,"height":800},{"@type":"BreadcrumbList","@id":"https:\/\/shopatoa.com\/ro\/victorias-secret-ginger-apple-jewel-spray-de-corp-250-ml\/#breadcrumb","itemListElement":[{"@type":"ListItem","position":1,"name":"Dom\u016f","item":"https:\/\/shopatoa.com\/ro\/"},{"@type":"ListItem","position":2,"name":"Shop","item":"https:\/\/shopatoa.com\/ro\/shop\/"},{"@type":"ListItem","position":3,"name":"Parfumuri","item":"https:\/\/shopatoa.com\/ro\/parfumuri\/"},{"@type":"ListItem","position":4,"name":"Spray-uri de corp","item":"https:\/\/shopatoa.com\/ro\/spray-uri-de-corp\/"},{"@type":"ListItem","position":5,"name":"Victoria&#8217;s Secret Ginger Apple Jewel &#8211; spray de corp 250 ml"}]},{"@type":"WebSite","@id":"https:\/\/shopatoa.com\/ro\/#website","url":"https:\/\/shopatoa.com\/ro\/","name":"SHOPATOA","description":"","publisher":{"@id":"https:\/\/shopatoa.com\/ro\/#organization"},"potentialAction":[{"@type":"SearchAction","target":{"@type":"EntryPoint","urlTemplate":"https:\/\/shopatoa.com\/ro\/?s={search_term_string}"},"query-input":{"@type":"PropertyValueSpecification","valueRequired":true,"valueName":"search_term_string"}}],"inLanguage":"ro-RO"},{"@type":"Organization","@id":"https:\/\/shopatoa.com\/ro\/#organization","name":"SHOPATOA","url":"https:\/\/shopatoa.com\/ro\/","logo":{"@type":"ImageObject","inLanguage":"ro-RO","@id":"https:\/\/shopatoa.com\/ro\/#\/schema\/logo\/image\/","url":"https:\/\/storage.googleapis.com\/cz-shopatoa-img\/ro\/b4dac915-shopatoa_logo.png","contentUrl":"https:\/\/storage.googleapis.com\/cz-shopatoa-img\/ro\/b4dac915-shopatoa_logo.png","width":416,"height":63,"caption":"SHOPATOA"},"image":{"@id":"https:\/\/shopatoa.com\/ro\/#\/schema\/logo\/image\/"}}]}},"_links":{"self":[{"href":"https:\/\/shopatoa.com\/ro\/wp-json\/wp\/v2\/product\/263335","targetHints":{"allow":["GET"]}}],"collection":[{"href":"https:\/\/shopatoa.com\/ro\/wp-json\/wp\/v2\/product"}],"about":[{"href":"https:\/\/shopatoa.com\/ro\/wp-json\/wp\/v2\/types\/product"}],"replies":[{"embeddable":true,"href":"https:\/\/shopatoa.com\/ro\/wp-json\/wp\/v2\/comments?post=263335"}],"wp:featuredmedia":[{"embeddable":true,"href":"https:\/\/shopatoa.com\/ro\/wp-json\/wp\/v2\/media\/339773"}],"wp:attachment":[{"href":"https:\/\/shopatoa.com\/ro\/wp-json\/wp\/v2\/media?parent=263335"}],"wp:term":[{"taxonomy":"product_brand","embeddable":true,"href":"https:\/\/shopatoa.com\/ro\/wp-json\/wp\/v2\/product_brand?post=263335"},{"taxonomy":"product_cat","embeddable":true,"href":"https:\/\/shopatoa.com\/ro\/wp-json\/wp\/v2\/product_cat?post=263335"},{"taxonomy":"product_tag","embeddable":true,"href":"https:\/\/shopatoa.com\/ro\/wp-json\/wp\/v2\/product_tag?post=263335"}],"curies":[{"name":"wp","href":"https:\/\/api.w.org\/{rel}","templated":true}]}}