{"id":263349,"date":"2025-04-27T22:46:20","date_gmt":"2025-04-27T20:46:20","guid":{"rendered":"https:\/\/shopatoa.com\/ro\/victorias-secret-siren-serenade-spray-pentru-corp-250-ml\/"},"modified":"2025-12-14T16:34:34","modified_gmt":"2025-12-14T15:34:34","slug":"victorias-secret-siren-serenade-spray-pentru-corp-250-ml","status":"publish","type":"product","link":"https:\/\/shopatoa.com\/ro\/victorias-secret-siren-serenade-spray-pentru-corp-250-ml\/","title":{"rendered":"Victoria&#8217;s Secret Siren Serenade &#8211; spray pentru corp 250 ml"},"content":{"rendered":"<p>Descoperi\u021bi misterul \u0219i magia oceanului cu Siren Serenade de la marca Victoria&#8217;s Secret. Parfumul fructat revigorant aduce o m\u00e2ng\u00e2iere u\u0219oar\u0103 a brizei m\u0103rii, care poart\u0103 note de caise dulce \u0219i acorduri proaspete de pepene verde. Un parfum fascinant, pe c\u00e2t de seduc\u0103tor, pe at\u00e2t de misterios, v\u0103 transport\u0103 pe coast\u0103, unde valurile m\u0103rii \u00ee\u0219i spun povestea de dragoste \u0219i destin. Spray-ul pentru corp nu doar c\u0103 ofer\u0103 o arom\u0103 unic\u0103 \u0219i atr\u0103g\u0103toare, ci \u0219i o senza\u021bie pl\u0103cut\u0103 de prospe\u021bime.<\/p>\n","protected":false},"excerpt":{"rendered":"<p>Descoperi\u021bi misterul \u0219i magia oceanului cu Siren Serenade de la marca Victoria&#8217;s Secret. Parfumul fructat revigorant aduce o m\u00e2ng\u00e2iere u\u0219oar\u0103 a brizei m\u0103rii, care poart\u0103 note de caise dulce \u0219i acorduri proaspete de pepene verde. Un parfum fascinant, pe c\u00e2t de seduc\u0103tor, pe at\u00e2t de misterios, v\u0103 transport\u0103 pe coast\u0103, unde valurile m\u0103rii \u00ee\u0219i spun&#8230;<\/p>\n","protected":false},"featured_media":339786,"comment_status":"closed","ping_status":"open","template":"","meta":{"_acf_changed":false,"_kadence_starter_templates_imported_post":false,"_kad_post_transparent":"","_kad_post_title":"","_kad_post_layout":"","_kad_post_sidebar_id":"","_kad_post_content_style":"","_kad_post_vertical_padding":"","_kad_post_feature":"","_kad_post_feature_position":"","_kad_post_header":false,"_kad_post_footer":false,"_kad_post_classname":""},"product_brand":[500],"product_cat":[614,682],"product_tag":[],"class_list":{"0":"post-263349","1":"product","2":"type-product","3":"status-publish","4":"has-post-thumbnail","6":"product_brand-victorias-secret","7":"product_cat-parfumuri","8":"product_cat-spray-uri-de-corp","10":"first","11":"instock","12":"product-type-external","13":"entry","14":"content-bg","15":"loop-entry"},"acf":[],"yoast_head":"<!-- This site is optimized with the Yoast SEO plugin v27.4 - https:\/\/yoast.com\/product\/yoast-seo-wordpress\/ -->\n<title>Victoria&#039;s Secret Siren Serenade - spray pentru corp 250 ml - SHOPATOA.COM<\/title>\n<meta name=\"robots\" content=\"index, follow, max-snippet:-1, max-image-preview:large, max-video-preview:-1\" \/>\n<link rel=\"canonical\" href=\"https:\/\/shopatoa.com\/ro\/victorias-secret-siren-serenade-spray-pentru-corp-250-ml\/\" \/>\n<meta property=\"og:locale\" content=\"ro_RO\" \/>\n<meta property=\"og:type\" content=\"article\" \/>\n<meta property=\"og:title\" content=\"Victoria&#039;s Secret Siren Serenade - spray pentru corp 250 ml - SHOPATOA.COM\" \/>\n<meta property=\"og:description\" content=\"Descoperi\u021bi misterul \u0219i magia oceanului cu Siren Serenade de la marca Victoria&#8217;s Secret. Parfumul fructat revigorant aduce o m\u00e2ng\u00e2iere u\u0219oar\u0103 a brizei m\u0103rii, care poart\u0103 note de caise dulce \u0219i acorduri proaspete de pepene verde. Un parfum fascinant, pe c\u00e2t de seduc\u0103tor, pe at\u00e2t de misterios, v\u0103 transport\u0103 pe coast\u0103, unde valurile m\u0103rii \u00ee\u0219i spun...\" \/>\n<meta property=\"og:url\" content=\"https:\/\/shopatoa.com\/ro\/victorias-secret-siren-serenade-spray-pentru-corp-250-ml\/\" \/>\n<meta property=\"og:site_name\" content=\"SHOPATOA\" \/>\n<meta property=\"article:modified_time\" content=\"2025-12-14T15:34:34+00:00\" \/>\n<meta property=\"og:image\" content=\"https:\/\/storage.googleapis.com\/cz-shopatoa-img\/ro\/58e50e7f-unnamed-file.webp\" \/>\n\t<meta property=\"og:image:width\" content=\"800\" \/>\n\t<meta property=\"og:image:height\" content=\"800\" \/>\n\t<meta property=\"og:image:type\" content=\"image\/webp\" \/>\n<meta name=\"twitter:card\" content=\"summary_large_image\" \/>\n<script type=\"application\/ld+json\" class=\"yoast-schema-graph\">{\"@context\":\"https:\\\/\\\/schema.org\",\"@graph\":[{\"@type\":\"WebPage\",\"@id\":\"https:\\\/\\\/shopatoa.com\\\/ro\\\/victorias-secret-siren-serenade-spray-pentru-corp-250-ml\\\/\",\"url\":\"https:\\\/\\\/shopatoa.com\\\/ro\\\/victorias-secret-siren-serenade-spray-pentru-corp-250-ml\\\/\",\"name\":\"Victoria's Secret Siren Serenade - spray pentru corp 250 ml - SHOPATOA.COM\",\"isPartOf\":{\"@id\":\"https:\\\/\\\/shopatoa.com\\\/ro\\\/#website\"},\"primaryImageOfPage\":{\"@id\":\"https:\\\/\\\/shopatoa.com\\\/ro\\\/victorias-secret-siren-serenade-spray-pentru-corp-250-ml\\\/#primaryimage\"},\"image\":{\"@id\":\"https:\\\/\\\/shopatoa.com\\\/ro\\\/victorias-secret-siren-serenade-spray-pentru-corp-250-ml\\\/#primaryimage\"},\"thumbnailUrl\":\"https:\\\/\\\/storage.googleapis.com\\\/cz-shopatoa-img\\\/ro\\\/58e50e7f-unnamed-file.webp\",\"datePublished\":\"2025-04-27T20:46:20+00:00\",\"dateModified\":\"2025-12-14T15:34:34+00:00\",\"breadcrumb\":{\"@id\":\"https:\\\/\\\/shopatoa.com\\\/ro\\\/victorias-secret-siren-serenade-spray-pentru-corp-250-ml\\\/#breadcrumb\"},\"inLanguage\":\"ro-RO\",\"potentialAction\":[{\"@type\":\"ReadAction\",\"target\":[\"https:\\\/\\\/shopatoa.com\\\/ro\\\/victorias-secret-siren-serenade-spray-pentru-corp-250-ml\\\/\"]}]},{\"@type\":\"ImageObject\",\"inLanguage\":\"ro-RO\",\"@id\":\"https:\\\/\\\/shopatoa.com\\\/ro\\\/victorias-secret-siren-serenade-spray-pentru-corp-250-ml\\\/#primaryimage\",\"url\":\"https:\\\/\\\/storage.googleapis.com\\\/cz-shopatoa-img\\\/ro\\\/58e50e7f-unnamed-file.webp\",\"contentUrl\":\"https:\\\/\\\/storage.googleapis.com\\\/cz-shopatoa-img\\\/ro\\\/58e50e7f-unnamed-file.webp\",\"width\":800,\"height\":800},{\"@type\":\"BreadcrumbList\",\"@id\":\"https:\\\/\\\/shopatoa.com\\\/ro\\\/victorias-secret-siren-serenade-spray-pentru-corp-250-ml\\\/#breadcrumb\",\"itemListElement\":[{\"@type\":\"ListItem\",\"position\":1,\"name\":\"Dom\u016f\",\"item\":\"https:\\\/\\\/shopatoa.com\\\/ro\\\/\"},{\"@type\":\"ListItem\",\"position\":2,\"name\":\"Shop\",\"item\":\"https:\\\/\\\/shopatoa.com\\\/ro\\\/shop\\\/\"},{\"@type\":\"ListItem\",\"position\":3,\"name\":\"Parfumuri\",\"item\":\"https:\\\/\\\/shopatoa.com\\\/ro\\\/parfumuri\\\/\"},{\"@type\":\"ListItem\",\"position\":4,\"name\":\"Spray-uri de corp\",\"item\":\"https:\\\/\\\/shopatoa.com\\\/ro\\\/spray-uri-de-corp\\\/\"},{\"@type\":\"ListItem\",\"position\":5,\"name\":\"Victoria&#8217;s Secret Siren Serenade &#8211; spray pentru corp 250 ml\"}]},{\"@type\":\"WebSite\",\"@id\":\"https:\\\/\\\/shopatoa.com\\\/ro\\\/#website\",\"url\":\"https:\\\/\\\/shopatoa.com\\\/ro\\\/\",\"name\":\"SHOPATOA\",\"description\":\"\",\"publisher\":{\"@id\":\"https:\\\/\\\/shopatoa.com\\\/ro\\\/#organization\"},\"potentialAction\":[{\"@type\":\"SearchAction\",\"target\":{\"@type\":\"EntryPoint\",\"urlTemplate\":\"https:\\\/\\\/shopatoa.com\\\/ro\\\/?s={search_term_string}\"},\"query-input\":{\"@type\":\"PropertyValueSpecification\",\"valueRequired\":true,\"valueName\":\"search_term_string\"}}],\"inLanguage\":\"ro-RO\"},{\"@type\":\"Organization\",\"@id\":\"https:\\\/\\\/shopatoa.com\\\/ro\\\/#organization\",\"name\":\"SHOPATOA\",\"url\":\"https:\\\/\\\/shopatoa.com\\\/ro\\\/\",\"logo\":{\"@type\":\"ImageObject\",\"inLanguage\":\"ro-RO\",\"@id\":\"https:\\\/\\\/shopatoa.com\\\/ro\\\/#\\\/schema\\\/logo\\\/image\\\/\",\"url\":\"https:\\\/\\\/storage.googleapis.com\\\/cz-shopatoa-img\\\/ro\\\/b4dac915-shopatoa_logo.png\",\"contentUrl\":\"https:\\\/\\\/storage.googleapis.com\\\/cz-shopatoa-img\\\/ro\\\/b4dac915-shopatoa_logo.png\",\"width\":416,\"height\":63,\"caption\":\"SHOPATOA\"},\"image\":{\"@id\":\"https:\\\/\\\/shopatoa.com\\\/ro\\\/#\\\/schema\\\/logo\\\/image\\\/\"}}]}<\/script>\n<!-- \/ Yoast SEO plugin. -->","yoast_head_json":{"title":"Victoria's Secret Siren Serenade - spray pentru corp 250 ml - SHOPATOA.COM","robots":{"index":"index","follow":"follow","max-snippet":"max-snippet:-1","max-image-preview":"max-image-preview:large","max-video-preview":"max-video-preview:-1"},"canonical":"https:\/\/shopatoa.com\/ro\/victorias-secret-siren-serenade-spray-pentru-corp-250-ml\/","og_locale":"ro_RO","og_type":"article","og_title":"Victoria's Secret Siren Serenade - spray pentru corp 250 ml - SHOPATOA.COM","og_description":"Descoperi\u021bi misterul \u0219i magia oceanului cu Siren Serenade de la marca Victoria&#8217;s Secret. Parfumul fructat revigorant aduce o m\u00e2ng\u00e2iere u\u0219oar\u0103 a brizei m\u0103rii, care poart\u0103 note de caise dulce \u0219i acorduri proaspete de pepene verde. Un parfum fascinant, pe c\u00e2t de seduc\u0103tor, pe at\u00e2t de misterios, v\u0103 transport\u0103 pe coast\u0103, unde valurile m\u0103rii \u00ee\u0219i spun...","og_url":"https:\/\/shopatoa.com\/ro\/victorias-secret-siren-serenade-spray-pentru-corp-250-ml\/","og_site_name":"SHOPATOA","article_modified_time":"2025-12-14T15:34:34+00:00","og_image":[{"width":800,"height":800,"url":"https:\/\/storage.googleapis.com\/cz-shopatoa-img\/ro\/58e50e7f-unnamed-file.webp","type":"image\/webp"}],"twitter_card":"summary_large_image","schema":{"@context":"https:\/\/schema.org","@graph":[{"@type":"WebPage","@id":"https:\/\/shopatoa.com\/ro\/victorias-secret-siren-serenade-spray-pentru-corp-250-ml\/","url":"https:\/\/shopatoa.com\/ro\/victorias-secret-siren-serenade-spray-pentru-corp-250-ml\/","name":"Victoria's Secret Siren Serenade - spray pentru corp 250 ml - SHOPATOA.COM","isPartOf":{"@id":"https:\/\/shopatoa.com\/ro\/#website"},"primaryImageOfPage":{"@id":"https:\/\/shopatoa.com\/ro\/victorias-secret-siren-serenade-spray-pentru-corp-250-ml\/#primaryimage"},"image":{"@id":"https:\/\/shopatoa.com\/ro\/victorias-secret-siren-serenade-spray-pentru-corp-250-ml\/#primaryimage"},"thumbnailUrl":"https:\/\/storage.googleapis.com\/cz-shopatoa-img\/ro\/58e50e7f-unnamed-file.webp","datePublished":"2025-04-27T20:46:20+00:00","dateModified":"2025-12-14T15:34:34+00:00","breadcrumb":{"@id":"https:\/\/shopatoa.com\/ro\/victorias-secret-siren-serenade-spray-pentru-corp-250-ml\/#breadcrumb"},"inLanguage":"ro-RO","potentialAction":[{"@type":"ReadAction","target":["https:\/\/shopatoa.com\/ro\/victorias-secret-siren-serenade-spray-pentru-corp-250-ml\/"]}]},{"@type":"ImageObject","inLanguage":"ro-RO","@id":"https:\/\/shopatoa.com\/ro\/victorias-secret-siren-serenade-spray-pentru-corp-250-ml\/#primaryimage","url":"https:\/\/storage.googleapis.com\/cz-shopatoa-img\/ro\/58e50e7f-unnamed-file.webp","contentUrl":"https:\/\/storage.googleapis.com\/cz-shopatoa-img\/ro\/58e50e7f-unnamed-file.webp","width":800,"height":800},{"@type":"BreadcrumbList","@id":"https:\/\/shopatoa.com\/ro\/victorias-secret-siren-serenade-spray-pentru-corp-250-ml\/#breadcrumb","itemListElement":[{"@type":"ListItem","position":1,"name":"Dom\u016f","item":"https:\/\/shopatoa.com\/ro\/"},{"@type":"ListItem","position":2,"name":"Shop","item":"https:\/\/shopatoa.com\/ro\/shop\/"},{"@type":"ListItem","position":3,"name":"Parfumuri","item":"https:\/\/shopatoa.com\/ro\/parfumuri\/"},{"@type":"ListItem","position":4,"name":"Spray-uri de corp","item":"https:\/\/shopatoa.com\/ro\/spray-uri-de-corp\/"},{"@type":"ListItem","position":5,"name":"Victoria&#8217;s Secret Siren Serenade &#8211; spray pentru corp 250 ml"}]},{"@type":"WebSite","@id":"https:\/\/shopatoa.com\/ro\/#website","url":"https:\/\/shopatoa.com\/ro\/","name":"SHOPATOA","description":"","publisher":{"@id":"https:\/\/shopatoa.com\/ro\/#organization"},"potentialAction":[{"@type":"SearchAction","target":{"@type":"EntryPoint","urlTemplate":"https:\/\/shopatoa.com\/ro\/?s={search_term_string}"},"query-input":{"@type":"PropertyValueSpecification","valueRequired":true,"valueName":"search_term_string"}}],"inLanguage":"ro-RO"},{"@type":"Organization","@id":"https:\/\/shopatoa.com\/ro\/#organization","name":"SHOPATOA","url":"https:\/\/shopatoa.com\/ro\/","logo":{"@type":"ImageObject","inLanguage":"ro-RO","@id":"https:\/\/shopatoa.com\/ro\/#\/schema\/logo\/image\/","url":"https:\/\/storage.googleapis.com\/cz-shopatoa-img\/ro\/b4dac915-shopatoa_logo.png","contentUrl":"https:\/\/storage.googleapis.com\/cz-shopatoa-img\/ro\/b4dac915-shopatoa_logo.png","width":416,"height":63,"caption":"SHOPATOA"},"image":{"@id":"https:\/\/shopatoa.com\/ro\/#\/schema\/logo\/image\/"}}]}},"_links":{"self":[{"href":"https:\/\/shopatoa.com\/ro\/wp-json\/wp\/v2\/product\/263349","targetHints":{"allow":["GET"]}}],"collection":[{"href":"https:\/\/shopatoa.com\/ro\/wp-json\/wp\/v2\/product"}],"about":[{"href":"https:\/\/shopatoa.com\/ro\/wp-json\/wp\/v2\/types\/product"}],"replies":[{"embeddable":true,"href":"https:\/\/shopatoa.com\/ro\/wp-json\/wp\/v2\/comments?post=263349"}],"wp:featuredmedia":[{"embeddable":true,"href":"https:\/\/shopatoa.com\/ro\/wp-json\/wp\/v2\/media\/339786"}],"wp:attachment":[{"href":"https:\/\/shopatoa.com\/ro\/wp-json\/wp\/v2\/media?parent=263349"}],"wp:term":[{"taxonomy":"product_brand","embeddable":true,"href":"https:\/\/shopatoa.com\/ro\/wp-json\/wp\/v2\/product_brand?post=263349"},{"taxonomy":"product_cat","embeddable":true,"href":"https:\/\/shopatoa.com\/ro\/wp-json\/wp\/v2\/product_cat?post=263349"},{"taxonomy":"product_tag","embeddable":true,"href":"https:\/\/shopatoa.com\/ro\/wp-json\/wp\/v2\/product_tag?post=263349"}],"curies":[{"name":"wp","href":"https:\/\/api.w.org\/{rel}","templated":true}]}}