{"id":263423,"date":"2025-04-27T23:15:22","date_gmt":"2025-04-27T21:15:22","guid":{"rendered":"https:\/\/shopatoa.com\/ro\/biolage-crema-netezitoare-bond-therapy-smoothing-leave-in-cream-150-ml\/"},"modified":"2025-05-17T12:17:36","modified_gmt":"2025-05-17T10:17:36","slug":"biolage-crema-netezitoare-bond-therapy-smoothing-leave-in-cream-150-ml","status":"publish","type":"product","link":"https:\/\/shopatoa.com\/ro\/biolage-crema-netezitoare-bond-therapy-smoothing-leave-in-cream-150-ml\/","title":{"rendered":"Biolage Crem\u0103 netezitoare Bond Therapy (Smoothing Leave-in Cream) 150 ml"},"content":{"rendered":"<p>P\u0103r extrem de deteriorat, lipsit de str\u0103lucire \u0219i vitalitate? Gama Biolage Bond Therapy, \u00eembog\u0103\u021bit\u0103 cu ulei de cocos \u0219i acid citric, restabile\u0219te structura p\u0103rului extrem de deteriorat. Rezultatul sunt p\u0103rul restaurat, neted, str\u0103lucitor \u0219i s\u0103n\u0103tos. Crema netezitoare Bond Therapy este ideal\u0103 pentru p\u0103rul extrem de deteriorat prin tratamente chimice frecvente. Tratamentul cremos f\u0103r\u0103 cl\u0103tire controleaz\u0103 desp\u0103r\u021birea firelor de p\u0103r, confer\u0103 str\u0103lucire, nutri\u021bie \u0219i restabile\u0219te leg\u0103turile \u00een interiorul fibrei capilare. P\u0103rul este neted, maleabil \u0219i u\u0219or de coafat. Ofer\u0103 protec\u021bie termic\u0103.<\/p>\n","protected":false},"excerpt":{"rendered":"<p>P\u0103r extrem de deteriorat, lipsit de str\u0103lucire \u0219i vitalitate? Gama Biolage Bond Therapy, \u00eembog\u0103\u021bit\u0103 cu ulei de cocos \u0219i acid citric, restabile\u0219te structura p\u0103rului extrem de deteriorat. Rezultatul sunt p\u0103rul restaurat, neted, str\u0103lucitor \u0219i s\u0103n\u0103tos. Crema netezitoare Bond Therapy este ideal\u0103 pentru p\u0103rul extrem de deteriorat prin tratamente chimice frecvente. Tratamentul cremos f\u0103r\u0103 cl\u0103tire controleaz\u0103&#8230;<\/p>\n","protected":false},"featured_media":339859,"comment_status":"closed","ping_status":"open","template":"","meta":{"_acf_changed":false,"_kadence_starter_templates_imported_post":false,"_kad_post_transparent":"","_kad_post_title":"","_kad_post_layout":"","_kad_post_sidebar_id":"","_kad_post_content_style":"","_kad_post_vertical_padding":"","_kad_post_feature":"","_kad_post_feature_position":"","_kad_post_header":false,"_kad_post_footer":false,"_kad_post_classname":""},"product_brand":[193],"product_cat":[246,696,623],"product_tag":[],"class_list":{"0":"post-263423","1":"product","2":"type-product","3":"status-publish","4":"has-post-thumbnail","6":"product_brand-biolage","7":"product_cat-cosmetice","8":"product_cat-ingrijirea-parului-fara-clatire","9":"product_cat-produse-cosmetice-pentru-par","11":"first","12":"instock","13":"product-type-external","14":"entry","15":"content-bg","16":"loop-entry"},"acf":[],"yoast_head":"<!-- This site is optimized with the Yoast SEO plugin v27.4 - https:\/\/yoast.com\/product\/yoast-seo-wordpress\/ -->\n<title>Biolage Crem\u0103 netezitoare Bond Therapy (Smoothing Leave-in Cream) 150 ml - SHOPATOA.COM<\/title>\n<meta name=\"robots\" content=\"index, follow, max-snippet:-1, max-image-preview:large, max-video-preview:-1\" \/>\n<link rel=\"canonical\" href=\"https:\/\/shopatoa.com\/ro\/biolage-crema-netezitoare-bond-therapy-smoothing-leave-in-cream-150-ml\/\" \/>\n<meta property=\"og:locale\" content=\"ro_RO\" \/>\n<meta property=\"og:type\" content=\"article\" \/>\n<meta property=\"og:title\" content=\"Biolage Crem\u0103 netezitoare Bond Therapy (Smoothing Leave-in Cream) 150 ml - SHOPATOA.COM\" \/>\n<meta property=\"og:description\" content=\"P\u0103r extrem de deteriorat, lipsit de str\u0103lucire \u0219i vitalitate? Gama Biolage Bond Therapy, \u00eembog\u0103\u021bit\u0103 cu ulei de cocos \u0219i acid citric, restabile\u0219te structura p\u0103rului extrem de deteriorat. Rezultatul sunt p\u0103rul restaurat, neted, str\u0103lucitor \u0219i s\u0103n\u0103tos. Crema netezitoare Bond Therapy este ideal\u0103 pentru p\u0103rul extrem de deteriorat prin tratamente chimice frecvente. Tratamentul cremos f\u0103r\u0103 cl\u0103tire controleaz\u0103...\" \/>\n<meta property=\"og:url\" content=\"https:\/\/shopatoa.com\/ro\/biolage-crema-netezitoare-bond-therapy-smoothing-leave-in-cream-150-ml\/\" \/>\n<meta property=\"og:site_name\" content=\"SHOPATOA\" \/>\n<meta property=\"article:modified_time\" content=\"2025-05-17T10:17:36+00:00\" \/>\n<meta property=\"og:image\" content=\"https:\/\/storage.googleapis.com\/cz-shopatoa-img\/ro\/89117a0a-unnamed-file.webp\" \/>\n\t<meta property=\"og:image:width\" content=\"800\" \/>\n\t<meta property=\"og:image:height\" content=\"800\" \/>\n\t<meta property=\"og:image:type\" content=\"image\/webp\" \/>\n<meta name=\"twitter:card\" content=\"summary_large_image\" \/>\n<meta name=\"twitter:label1\" content=\"Timp estimat pentru citire\" \/>\n\t<meta name=\"twitter:data1\" content=\"1 minut\" \/>\n<script type=\"application\/ld+json\" class=\"yoast-schema-graph\">{\"@context\":\"https:\\\/\\\/schema.org\",\"@graph\":[{\"@type\":\"WebPage\",\"@id\":\"https:\\\/\\\/shopatoa.com\\\/ro\\\/biolage-crema-netezitoare-bond-therapy-smoothing-leave-in-cream-150-ml\\\/\",\"url\":\"https:\\\/\\\/shopatoa.com\\\/ro\\\/biolage-crema-netezitoare-bond-therapy-smoothing-leave-in-cream-150-ml\\\/\",\"name\":\"Biolage Crem\u0103 netezitoare Bond Therapy (Smoothing Leave-in Cream) 150 ml - SHOPATOA.COM\",\"isPartOf\":{\"@id\":\"https:\\\/\\\/shopatoa.com\\\/ro\\\/#website\"},\"primaryImageOfPage\":{\"@id\":\"https:\\\/\\\/shopatoa.com\\\/ro\\\/biolage-crema-netezitoare-bond-therapy-smoothing-leave-in-cream-150-ml\\\/#primaryimage\"},\"image\":{\"@id\":\"https:\\\/\\\/shopatoa.com\\\/ro\\\/biolage-crema-netezitoare-bond-therapy-smoothing-leave-in-cream-150-ml\\\/#primaryimage\"},\"thumbnailUrl\":\"https:\\\/\\\/storage.googleapis.com\\\/cz-shopatoa-img\\\/ro\\\/89117a0a-unnamed-file.webp\",\"datePublished\":\"2025-04-27T21:15:22+00:00\",\"dateModified\":\"2025-05-17T10:17:36+00:00\",\"breadcrumb\":{\"@id\":\"https:\\\/\\\/shopatoa.com\\\/ro\\\/biolage-crema-netezitoare-bond-therapy-smoothing-leave-in-cream-150-ml\\\/#breadcrumb\"},\"inLanguage\":\"ro-RO\",\"potentialAction\":[{\"@type\":\"ReadAction\",\"target\":[\"https:\\\/\\\/shopatoa.com\\\/ro\\\/biolage-crema-netezitoare-bond-therapy-smoothing-leave-in-cream-150-ml\\\/\"]}]},{\"@type\":\"ImageObject\",\"inLanguage\":\"ro-RO\",\"@id\":\"https:\\\/\\\/shopatoa.com\\\/ro\\\/biolage-crema-netezitoare-bond-therapy-smoothing-leave-in-cream-150-ml\\\/#primaryimage\",\"url\":\"https:\\\/\\\/storage.googleapis.com\\\/cz-shopatoa-img\\\/ro\\\/89117a0a-unnamed-file.webp\",\"contentUrl\":\"https:\\\/\\\/storage.googleapis.com\\\/cz-shopatoa-img\\\/ro\\\/89117a0a-unnamed-file.webp\",\"width\":800,\"height\":800},{\"@type\":\"BreadcrumbList\",\"@id\":\"https:\\\/\\\/shopatoa.com\\\/ro\\\/biolage-crema-netezitoare-bond-therapy-smoothing-leave-in-cream-150-ml\\\/#breadcrumb\",\"itemListElement\":[{\"@type\":\"ListItem\",\"position\":1,\"name\":\"Dom\u016f\",\"item\":\"https:\\\/\\\/shopatoa.com\\\/ro\\\/\"},{\"@type\":\"ListItem\",\"position\":2,\"name\":\"Shop\",\"item\":\"https:\\\/\\\/shopatoa.com\\\/ro\\\/shop\\\/\"},{\"@type\":\"ListItem\",\"position\":3,\"name\":\"Cosmetice\",\"item\":\"https:\\\/\\\/shopatoa.com\\\/ro\\\/cosmetice\\\/\"},{\"@type\":\"ListItem\",\"position\":4,\"name\":\"Produse cosmetice pentru p\u0103r\",\"item\":\"https:\\\/\\\/shopatoa.com\\\/ro\\\/produse-cosmetice-pentru-par\\\/\"},{\"@type\":\"ListItem\",\"position\":5,\"name\":\"\u00cengrijirea p\u0103rului f\u0103r\u0103 cl\u0103tire\",\"item\":\"https:\\\/\\\/shopatoa.com\\\/ro\\\/ingrijirea-parului-fara-clatire\\\/\"},{\"@type\":\"ListItem\",\"position\":6,\"name\":\"Biolage Crem\u0103 netezitoare Bond Therapy (Smoothing Leave-in Cream) 150 ml\"}]},{\"@type\":\"WebSite\",\"@id\":\"https:\\\/\\\/shopatoa.com\\\/ro\\\/#website\",\"url\":\"https:\\\/\\\/shopatoa.com\\\/ro\\\/\",\"name\":\"SHOPATOA\",\"description\":\"\",\"publisher\":{\"@id\":\"https:\\\/\\\/shopatoa.com\\\/ro\\\/#organization\"},\"potentialAction\":[{\"@type\":\"SearchAction\",\"target\":{\"@type\":\"EntryPoint\",\"urlTemplate\":\"https:\\\/\\\/shopatoa.com\\\/ro\\\/?s={search_term_string}\"},\"query-input\":{\"@type\":\"PropertyValueSpecification\",\"valueRequired\":true,\"valueName\":\"search_term_string\"}}],\"inLanguage\":\"ro-RO\"},{\"@type\":\"Organization\",\"@id\":\"https:\\\/\\\/shopatoa.com\\\/ro\\\/#organization\",\"name\":\"SHOPATOA\",\"url\":\"https:\\\/\\\/shopatoa.com\\\/ro\\\/\",\"logo\":{\"@type\":\"ImageObject\",\"inLanguage\":\"ro-RO\",\"@id\":\"https:\\\/\\\/shopatoa.com\\\/ro\\\/#\\\/schema\\\/logo\\\/image\\\/\",\"url\":\"https:\\\/\\\/storage.googleapis.com\\\/cz-shopatoa-img\\\/ro\\\/b4dac915-shopatoa_logo.png\",\"contentUrl\":\"https:\\\/\\\/storage.googleapis.com\\\/cz-shopatoa-img\\\/ro\\\/b4dac915-shopatoa_logo.png\",\"width\":416,\"height\":63,\"caption\":\"SHOPATOA\"},\"image\":{\"@id\":\"https:\\\/\\\/shopatoa.com\\\/ro\\\/#\\\/schema\\\/logo\\\/image\\\/\"}}]}<\/script>\n<!-- \/ Yoast SEO plugin. -->","yoast_head_json":{"title":"Biolage Crem\u0103 netezitoare Bond Therapy (Smoothing Leave-in Cream) 150 ml - SHOPATOA.COM","robots":{"index":"index","follow":"follow","max-snippet":"max-snippet:-1","max-image-preview":"max-image-preview:large","max-video-preview":"max-video-preview:-1"},"canonical":"https:\/\/shopatoa.com\/ro\/biolage-crema-netezitoare-bond-therapy-smoothing-leave-in-cream-150-ml\/","og_locale":"ro_RO","og_type":"article","og_title":"Biolage Crem\u0103 netezitoare Bond Therapy (Smoothing Leave-in Cream) 150 ml - SHOPATOA.COM","og_description":"P\u0103r extrem de deteriorat, lipsit de str\u0103lucire \u0219i vitalitate? Gama Biolage Bond Therapy, \u00eembog\u0103\u021bit\u0103 cu ulei de cocos \u0219i acid citric, restabile\u0219te structura p\u0103rului extrem de deteriorat. Rezultatul sunt p\u0103rul restaurat, neted, str\u0103lucitor \u0219i s\u0103n\u0103tos. Crema netezitoare Bond Therapy este ideal\u0103 pentru p\u0103rul extrem de deteriorat prin tratamente chimice frecvente. Tratamentul cremos f\u0103r\u0103 cl\u0103tire controleaz\u0103...","og_url":"https:\/\/shopatoa.com\/ro\/biolage-crema-netezitoare-bond-therapy-smoothing-leave-in-cream-150-ml\/","og_site_name":"SHOPATOA","article_modified_time":"2025-05-17T10:17:36+00:00","og_image":[{"width":800,"height":800,"url":"https:\/\/storage.googleapis.com\/cz-shopatoa-img\/ro\/89117a0a-unnamed-file.webp","type":"image\/webp"}],"twitter_card":"summary_large_image","twitter_misc":{"Timp estimat pentru citire":"1 minut"},"schema":{"@context":"https:\/\/schema.org","@graph":[{"@type":"WebPage","@id":"https:\/\/shopatoa.com\/ro\/biolage-crema-netezitoare-bond-therapy-smoothing-leave-in-cream-150-ml\/","url":"https:\/\/shopatoa.com\/ro\/biolage-crema-netezitoare-bond-therapy-smoothing-leave-in-cream-150-ml\/","name":"Biolage Crem\u0103 netezitoare Bond Therapy (Smoothing Leave-in Cream) 150 ml - SHOPATOA.COM","isPartOf":{"@id":"https:\/\/shopatoa.com\/ro\/#website"},"primaryImageOfPage":{"@id":"https:\/\/shopatoa.com\/ro\/biolage-crema-netezitoare-bond-therapy-smoothing-leave-in-cream-150-ml\/#primaryimage"},"image":{"@id":"https:\/\/shopatoa.com\/ro\/biolage-crema-netezitoare-bond-therapy-smoothing-leave-in-cream-150-ml\/#primaryimage"},"thumbnailUrl":"https:\/\/storage.googleapis.com\/cz-shopatoa-img\/ro\/89117a0a-unnamed-file.webp","datePublished":"2025-04-27T21:15:22+00:00","dateModified":"2025-05-17T10:17:36+00:00","breadcrumb":{"@id":"https:\/\/shopatoa.com\/ro\/biolage-crema-netezitoare-bond-therapy-smoothing-leave-in-cream-150-ml\/#breadcrumb"},"inLanguage":"ro-RO","potentialAction":[{"@type":"ReadAction","target":["https:\/\/shopatoa.com\/ro\/biolage-crema-netezitoare-bond-therapy-smoothing-leave-in-cream-150-ml\/"]}]},{"@type":"ImageObject","inLanguage":"ro-RO","@id":"https:\/\/shopatoa.com\/ro\/biolage-crema-netezitoare-bond-therapy-smoothing-leave-in-cream-150-ml\/#primaryimage","url":"https:\/\/storage.googleapis.com\/cz-shopatoa-img\/ro\/89117a0a-unnamed-file.webp","contentUrl":"https:\/\/storage.googleapis.com\/cz-shopatoa-img\/ro\/89117a0a-unnamed-file.webp","width":800,"height":800},{"@type":"BreadcrumbList","@id":"https:\/\/shopatoa.com\/ro\/biolage-crema-netezitoare-bond-therapy-smoothing-leave-in-cream-150-ml\/#breadcrumb","itemListElement":[{"@type":"ListItem","position":1,"name":"Dom\u016f","item":"https:\/\/shopatoa.com\/ro\/"},{"@type":"ListItem","position":2,"name":"Shop","item":"https:\/\/shopatoa.com\/ro\/shop\/"},{"@type":"ListItem","position":3,"name":"Cosmetice","item":"https:\/\/shopatoa.com\/ro\/cosmetice\/"},{"@type":"ListItem","position":4,"name":"Produse cosmetice pentru p\u0103r","item":"https:\/\/shopatoa.com\/ro\/produse-cosmetice-pentru-par\/"},{"@type":"ListItem","position":5,"name":"\u00cengrijirea p\u0103rului f\u0103r\u0103 cl\u0103tire","item":"https:\/\/shopatoa.com\/ro\/ingrijirea-parului-fara-clatire\/"},{"@type":"ListItem","position":6,"name":"Biolage Crem\u0103 netezitoare Bond Therapy (Smoothing Leave-in Cream) 150 ml"}]},{"@type":"WebSite","@id":"https:\/\/shopatoa.com\/ro\/#website","url":"https:\/\/shopatoa.com\/ro\/","name":"SHOPATOA","description":"","publisher":{"@id":"https:\/\/shopatoa.com\/ro\/#organization"},"potentialAction":[{"@type":"SearchAction","target":{"@type":"EntryPoint","urlTemplate":"https:\/\/shopatoa.com\/ro\/?s={search_term_string}"},"query-input":{"@type":"PropertyValueSpecification","valueRequired":true,"valueName":"search_term_string"}}],"inLanguage":"ro-RO"},{"@type":"Organization","@id":"https:\/\/shopatoa.com\/ro\/#organization","name":"SHOPATOA","url":"https:\/\/shopatoa.com\/ro\/","logo":{"@type":"ImageObject","inLanguage":"ro-RO","@id":"https:\/\/shopatoa.com\/ro\/#\/schema\/logo\/image\/","url":"https:\/\/storage.googleapis.com\/cz-shopatoa-img\/ro\/b4dac915-shopatoa_logo.png","contentUrl":"https:\/\/storage.googleapis.com\/cz-shopatoa-img\/ro\/b4dac915-shopatoa_logo.png","width":416,"height":63,"caption":"SHOPATOA"},"image":{"@id":"https:\/\/shopatoa.com\/ro\/#\/schema\/logo\/image\/"}}]}},"_links":{"self":[{"href":"https:\/\/shopatoa.com\/ro\/wp-json\/wp\/v2\/product\/263423","targetHints":{"allow":["GET"]}}],"collection":[{"href":"https:\/\/shopatoa.com\/ro\/wp-json\/wp\/v2\/product"}],"about":[{"href":"https:\/\/shopatoa.com\/ro\/wp-json\/wp\/v2\/types\/product"}],"replies":[{"embeddable":true,"href":"https:\/\/shopatoa.com\/ro\/wp-json\/wp\/v2\/comments?post=263423"}],"wp:featuredmedia":[{"embeddable":true,"href":"https:\/\/shopatoa.com\/ro\/wp-json\/wp\/v2\/media\/339859"}],"wp:attachment":[{"href":"https:\/\/shopatoa.com\/ro\/wp-json\/wp\/v2\/media?parent=263423"}],"wp:term":[{"taxonomy":"product_brand","embeddable":true,"href":"https:\/\/shopatoa.com\/ro\/wp-json\/wp\/v2\/product_brand?post=263423"},{"taxonomy":"product_cat","embeddable":true,"href":"https:\/\/shopatoa.com\/ro\/wp-json\/wp\/v2\/product_cat?post=263423"},{"taxonomy":"product_tag","embeddable":true,"href":"https:\/\/shopatoa.com\/ro\/wp-json\/wp\/v2\/product_tag?post=263423"}],"curies":[{"name":"wp","href":"https:\/\/api.w.org\/{rel}","templated":true}]}}