{"id":263546,"date":"2025-04-28T00:00:18","date_gmt":"2025-04-27T22:00:18","guid":{"rendered":"https:\/\/shopatoa.com\/ro\/nike-ultra-blue-man-deodorant-cu-pulverizator-75-ml\/"},"modified":"2025-12-14T15:14:26","modified_gmt":"2025-12-14T14:14:26","slug":"nike-ultra-blue-man-deodorant-cu-pulverizator-75-ml","status":"publish","type":"product","link":"https:\/\/shopatoa.com\/ro\/nike-ultra-blue-man-deodorant-cu-pulverizator-75-ml\/","title":{"rendered":"Nike Ultra Blue Man &#8211; deodorant cu pulverizator 75 ml"},"content":{"rendered":"<p>Nike Ultra Blue este o ap\u0103 de toalet\u0103 cu fructe citrice pentru b\u0103rba\u021bi. \u00cemprosp\u0103ta\u021bi-v\u0103 cu o combina\u021bie pl\u0103cut\u0103 de ment\u0103 \u0219i l\u0103m\u00e2ie, ale c\u0103rei note trec u\u0219or la o combina\u021bie de ananas, frunze de violete \u0219i rozmarin. Baza este format\u0103 din mu\u0219chi p\u0103m\u00e2ntiu, sare de mare \u0219i chihlimbar aromat. Acest parfum v\u0103 va stimula sim\u021burile \u0219i v\u0103 va da energie pentru \u00eentreaga zi.<\/p>\n","protected":false},"excerpt":{"rendered":"<p>Nike Ultra Blue este o ap\u0103 de toalet\u0103 cu fructe citrice pentru b\u0103rba\u021bi. \u00cemprosp\u0103ta\u021bi-v\u0103 cu o combina\u021bie pl\u0103cut\u0103 de ment\u0103 \u0219i l\u0103m\u00e2ie, ale c\u0103rei note trec u\u0219or la o combina\u021bie de ananas, frunze de violete \u0219i rozmarin. Baza este format\u0103 din mu\u0219chi p\u0103m\u00e2ntiu, sare de mare \u0219i chihlimbar aromat. Acest parfum v\u0103 va stimula sim\u021burile&#8230;<\/p>\n","protected":false},"featured_media":339975,"comment_status":"closed","ping_status":"open","template":"","meta":{"_acf_changed":false,"_kadence_starter_templates_imported_post":false,"_kad_post_transparent":"","_kad_post_title":"","_kad_post_layout":"","_kad_post_sidebar_id":"","_kad_post_content_style":"","_kad_post_vertical_padding":"","_kad_post_feature":"","_kad_post_feature_position":"","_kad_post_header":false,"_kad_post_footer":false,"_kad_post_classname":""},"product_brand":[990],"product_cat":[646,246,611],"product_tag":[],"class_list":{"0":"post-263546","1":"product","2":"type-product","3":"status-publish","4":"has-post-thumbnail","6":"product_brand-nike","7":"product_cat-antiperspirante-si-deodorante","8":"product_cat-cosmetice","9":"product_cat-produse-cosmetice-pentru-corp","11":"first","12":"instock","13":"product-type-external","14":"entry","15":"content-bg","16":"loop-entry"},"acf":[],"yoast_head":"<!-- This site is optimized with the Yoast SEO plugin v27.4 - https:\/\/yoast.com\/product\/yoast-seo-wordpress\/ -->\n<title>Nike Ultra Blue Man - deodorant cu pulverizator 75 ml - SHOPATOA.COM<\/title>\n<meta name=\"robots\" content=\"index, follow, max-snippet:-1, max-image-preview:large, max-video-preview:-1\" \/>\n<link rel=\"canonical\" href=\"https:\/\/shopatoa.com\/ro\/nike-ultra-blue-man-deodorant-cu-pulverizator-75-ml\/\" \/>\n<meta property=\"og:locale\" content=\"ro_RO\" \/>\n<meta property=\"og:type\" content=\"article\" \/>\n<meta property=\"og:title\" content=\"Nike Ultra Blue Man - deodorant cu pulverizator 75 ml - SHOPATOA.COM\" \/>\n<meta property=\"og:description\" content=\"Nike Ultra Blue este o ap\u0103 de toalet\u0103 cu fructe citrice pentru b\u0103rba\u021bi. \u00cemprosp\u0103ta\u021bi-v\u0103 cu o combina\u021bie pl\u0103cut\u0103 de ment\u0103 \u0219i l\u0103m\u00e2ie, ale c\u0103rei note trec u\u0219or la o combina\u021bie de ananas, frunze de violete \u0219i rozmarin. Baza este format\u0103 din mu\u0219chi p\u0103m\u00e2ntiu, sare de mare \u0219i chihlimbar aromat. Acest parfum v\u0103 va stimula sim\u021burile...\" \/>\n<meta property=\"og:url\" content=\"https:\/\/shopatoa.com\/ro\/nike-ultra-blue-man-deodorant-cu-pulverizator-75-ml\/\" \/>\n<meta property=\"og:site_name\" content=\"SHOPATOA\" \/>\n<meta property=\"article:modified_time\" content=\"2025-12-14T14:14:26+00:00\" \/>\n<meta property=\"og:image\" content=\"https:\/\/storage.googleapis.com\/cz-shopatoa-img\/ro\/c5a01992-unnamed-file.webp\" \/>\n\t<meta property=\"og:image:width\" content=\"800\" \/>\n\t<meta property=\"og:image:height\" content=\"800\" \/>\n\t<meta property=\"og:image:type\" content=\"image\/webp\" \/>\n<meta name=\"twitter:card\" content=\"summary_large_image\" \/>\n<script type=\"application\/ld+json\" class=\"yoast-schema-graph\">{\"@context\":\"https:\\\/\\\/schema.org\",\"@graph\":[{\"@type\":\"WebPage\",\"@id\":\"https:\\\/\\\/shopatoa.com\\\/ro\\\/nike-ultra-blue-man-deodorant-cu-pulverizator-75-ml\\\/\",\"url\":\"https:\\\/\\\/shopatoa.com\\\/ro\\\/nike-ultra-blue-man-deodorant-cu-pulverizator-75-ml\\\/\",\"name\":\"Nike Ultra Blue Man - deodorant cu pulverizator 75 ml - SHOPATOA.COM\",\"isPartOf\":{\"@id\":\"https:\\\/\\\/shopatoa.com\\\/ro\\\/#website\"},\"primaryImageOfPage\":{\"@id\":\"https:\\\/\\\/shopatoa.com\\\/ro\\\/nike-ultra-blue-man-deodorant-cu-pulverizator-75-ml\\\/#primaryimage\"},\"image\":{\"@id\":\"https:\\\/\\\/shopatoa.com\\\/ro\\\/nike-ultra-blue-man-deodorant-cu-pulverizator-75-ml\\\/#primaryimage\"},\"thumbnailUrl\":\"https:\\\/\\\/storage.googleapis.com\\\/cz-shopatoa-img\\\/ro\\\/c5a01992-unnamed-file.webp\",\"datePublished\":\"2025-04-27T22:00:18+00:00\",\"dateModified\":\"2025-12-14T14:14:26+00:00\",\"breadcrumb\":{\"@id\":\"https:\\\/\\\/shopatoa.com\\\/ro\\\/nike-ultra-blue-man-deodorant-cu-pulverizator-75-ml\\\/#breadcrumb\"},\"inLanguage\":\"ro-RO\",\"potentialAction\":[{\"@type\":\"ReadAction\",\"target\":[\"https:\\\/\\\/shopatoa.com\\\/ro\\\/nike-ultra-blue-man-deodorant-cu-pulverizator-75-ml\\\/\"]}]},{\"@type\":\"ImageObject\",\"inLanguage\":\"ro-RO\",\"@id\":\"https:\\\/\\\/shopatoa.com\\\/ro\\\/nike-ultra-blue-man-deodorant-cu-pulverizator-75-ml\\\/#primaryimage\",\"url\":\"https:\\\/\\\/storage.googleapis.com\\\/cz-shopatoa-img\\\/ro\\\/c5a01992-unnamed-file.webp\",\"contentUrl\":\"https:\\\/\\\/storage.googleapis.com\\\/cz-shopatoa-img\\\/ro\\\/c5a01992-unnamed-file.webp\",\"width\":800,\"height\":800},{\"@type\":\"BreadcrumbList\",\"@id\":\"https:\\\/\\\/shopatoa.com\\\/ro\\\/nike-ultra-blue-man-deodorant-cu-pulverizator-75-ml\\\/#breadcrumb\",\"itemListElement\":[{\"@type\":\"ListItem\",\"position\":1,\"name\":\"Dom\u016f\",\"item\":\"https:\\\/\\\/shopatoa.com\\\/ro\\\/\"},{\"@type\":\"ListItem\",\"position\":2,\"name\":\"Shop\",\"item\":\"https:\\\/\\\/shopatoa.com\\\/ro\\\/shop\\\/\"},{\"@type\":\"ListItem\",\"position\":3,\"name\":\"Cosmetice\",\"item\":\"https:\\\/\\\/shopatoa.com\\\/ro\\\/cosmetice\\\/\"},{\"@type\":\"ListItem\",\"position\":4,\"name\":\"Produse cosmetice pentru corp\",\"item\":\"https:\\\/\\\/shopatoa.com\\\/ro\\\/produse-cosmetice-pentru-corp\\\/\"},{\"@type\":\"ListItem\",\"position\":5,\"name\":\"Antiperspirante si deodorante\",\"item\":\"https:\\\/\\\/shopatoa.com\\\/ro\\\/antiperspirante-si-deodorante\\\/\"},{\"@type\":\"ListItem\",\"position\":6,\"name\":\"Nike Ultra Blue Man &#8211; deodorant cu pulverizator 75 ml\"}]},{\"@type\":\"WebSite\",\"@id\":\"https:\\\/\\\/shopatoa.com\\\/ro\\\/#website\",\"url\":\"https:\\\/\\\/shopatoa.com\\\/ro\\\/\",\"name\":\"SHOPATOA\",\"description\":\"\",\"publisher\":{\"@id\":\"https:\\\/\\\/shopatoa.com\\\/ro\\\/#organization\"},\"potentialAction\":[{\"@type\":\"SearchAction\",\"target\":{\"@type\":\"EntryPoint\",\"urlTemplate\":\"https:\\\/\\\/shopatoa.com\\\/ro\\\/?s={search_term_string}\"},\"query-input\":{\"@type\":\"PropertyValueSpecification\",\"valueRequired\":true,\"valueName\":\"search_term_string\"}}],\"inLanguage\":\"ro-RO\"},{\"@type\":\"Organization\",\"@id\":\"https:\\\/\\\/shopatoa.com\\\/ro\\\/#organization\",\"name\":\"SHOPATOA\",\"url\":\"https:\\\/\\\/shopatoa.com\\\/ro\\\/\",\"logo\":{\"@type\":\"ImageObject\",\"inLanguage\":\"ro-RO\",\"@id\":\"https:\\\/\\\/shopatoa.com\\\/ro\\\/#\\\/schema\\\/logo\\\/image\\\/\",\"url\":\"https:\\\/\\\/storage.googleapis.com\\\/cz-shopatoa-img\\\/ro\\\/b4dac915-shopatoa_logo.png\",\"contentUrl\":\"https:\\\/\\\/storage.googleapis.com\\\/cz-shopatoa-img\\\/ro\\\/b4dac915-shopatoa_logo.png\",\"width\":416,\"height\":63,\"caption\":\"SHOPATOA\"},\"image\":{\"@id\":\"https:\\\/\\\/shopatoa.com\\\/ro\\\/#\\\/schema\\\/logo\\\/image\\\/\"}}]}<\/script>\n<!-- \/ Yoast SEO plugin. -->","yoast_head_json":{"title":"Nike Ultra Blue Man - deodorant cu pulverizator 75 ml - SHOPATOA.COM","robots":{"index":"index","follow":"follow","max-snippet":"max-snippet:-1","max-image-preview":"max-image-preview:large","max-video-preview":"max-video-preview:-1"},"canonical":"https:\/\/shopatoa.com\/ro\/nike-ultra-blue-man-deodorant-cu-pulverizator-75-ml\/","og_locale":"ro_RO","og_type":"article","og_title":"Nike Ultra Blue Man - deodorant cu pulverizator 75 ml - SHOPATOA.COM","og_description":"Nike Ultra Blue este o ap\u0103 de toalet\u0103 cu fructe citrice pentru b\u0103rba\u021bi. \u00cemprosp\u0103ta\u021bi-v\u0103 cu o combina\u021bie pl\u0103cut\u0103 de ment\u0103 \u0219i l\u0103m\u00e2ie, ale c\u0103rei note trec u\u0219or la o combina\u021bie de ananas, frunze de violete \u0219i rozmarin. Baza este format\u0103 din mu\u0219chi p\u0103m\u00e2ntiu, sare de mare \u0219i chihlimbar aromat. Acest parfum v\u0103 va stimula sim\u021burile...","og_url":"https:\/\/shopatoa.com\/ro\/nike-ultra-blue-man-deodorant-cu-pulverizator-75-ml\/","og_site_name":"SHOPATOA","article_modified_time":"2025-12-14T14:14:26+00:00","og_image":[{"width":800,"height":800,"url":"https:\/\/storage.googleapis.com\/cz-shopatoa-img\/ro\/c5a01992-unnamed-file.webp","type":"image\/webp"}],"twitter_card":"summary_large_image","schema":{"@context":"https:\/\/schema.org","@graph":[{"@type":"WebPage","@id":"https:\/\/shopatoa.com\/ro\/nike-ultra-blue-man-deodorant-cu-pulverizator-75-ml\/","url":"https:\/\/shopatoa.com\/ro\/nike-ultra-blue-man-deodorant-cu-pulverizator-75-ml\/","name":"Nike Ultra Blue Man - deodorant cu pulverizator 75 ml - SHOPATOA.COM","isPartOf":{"@id":"https:\/\/shopatoa.com\/ro\/#website"},"primaryImageOfPage":{"@id":"https:\/\/shopatoa.com\/ro\/nike-ultra-blue-man-deodorant-cu-pulverizator-75-ml\/#primaryimage"},"image":{"@id":"https:\/\/shopatoa.com\/ro\/nike-ultra-blue-man-deodorant-cu-pulverizator-75-ml\/#primaryimage"},"thumbnailUrl":"https:\/\/storage.googleapis.com\/cz-shopatoa-img\/ro\/c5a01992-unnamed-file.webp","datePublished":"2025-04-27T22:00:18+00:00","dateModified":"2025-12-14T14:14:26+00:00","breadcrumb":{"@id":"https:\/\/shopatoa.com\/ro\/nike-ultra-blue-man-deodorant-cu-pulverizator-75-ml\/#breadcrumb"},"inLanguage":"ro-RO","potentialAction":[{"@type":"ReadAction","target":["https:\/\/shopatoa.com\/ro\/nike-ultra-blue-man-deodorant-cu-pulverizator-75-ml\/"]}]},{"@type":"ImageObject","inLanguage":"ro-RO","@id":"https:\/\/shopatoa.com\/ro\/nike-ultra-blue-man-deodorant-cu-pulverizator-75-ml\/#primaryimage","url":"https:\/\/storage.googleapis.com\/cz-shopatoa-img\/ro\/c5a01992-unnamed-file.webp","contentUrl":"https:\/\/storage.googleapis.com\/cz-shopatoa-img\/ro\/c5a01992-unnamed-file.webp","width":800,"height":800},{"@type":"BreadcrumbList","@id":"https:\/\/shopatoa.com\/ro\/nike-ultra-blue-man-deodorant-cu-pulverizator-75-ml\/#breadcrumb","itemListElement":[{"@type":"ListItem","position":1,"name":"Dom\u016f","item":"https:\/\/shopatoa.com\/ro\/"},{"@type":"ListItem","position":2,"name":"Shop","item":"https:\/\/shopatoa.com\/ro\/shop\/"},{"@type":"ListItem","position":3,"name":"Cosmetice","item":"https:\/\/shopatoa.com\/ro\/cosmetice\/"},{"@type":"ListItem","position":4,"name":"Produse cosmetice pentru corp","item":"https:\/\/shopatoa.com\/ro\/produse-cosmetice-pentru-corp\/"},{"@type":"ListItem","position":5,"name":"Antiperspirante si deodorante","item":"https:\/\/shopatoa.com\/ro\/antiperspirante-si-deodorante\/"},{"@type":"ListItem","position":6,"name":"Nike Ultra Blue Man &#8211; deodorant cu pulverizator 75 ml"}]},{"@type":"WebSite","@id":"https:\/\/shopatoa.com\/ro\/#website","url":"https:\/\/shopatoa.com\/ro\/","name":"SHOPATOA","description":"","publisher":{"@id":"https:\/\/shopatoa.com\/ro\/#organization"},"potentialAction":[{"@type":"SearchAction","target":{"@type":"EntryPoint","urlTemplate":"https:\/\/shopatoa.com\/ro\/?s={search_term_string}"},"query-input":{"@type":"PropertyValueSpecification","valueRequired":true,"valueName":"search_term_string"}}],"inLanguage":"ro-RO"},{"@type":"Organization","@id":"https:\/\/shopatoa.com\/ro\/#organization","name":"SHOPATOA","url":"https:\/\/shopatoa.com\/ro\/","logo":{"@type":"ImageObject","inLanguage":"ro-RO","@id":"https:\/\/shopatoa.com\/ro\/#\/schema\/logo\/image\/","url":"https:\/\/storage.googleapis.com\/cz-shopatoa-img\/ro\/b4dac915-shopatoa_logo.png","contentUrl":"https:\/\/storage.googleapis.com\/cz-shopatoa-img\/ro\/b4dac915-shopatoa_logo.png","width":416,"height":63,"caption":"SHOPATOA"},"image":{"@id":"https:\/\/shopatoa.com\/ro\/#\/schema\/logo\/image\/"}}]}},"_links":{"self":[{"href":"https:\/\/shopatoa.com\/ro\/wp-json\/wp\/v2\/product\/263546","targetHints":{"allow":["GET"]}}],"collection":[{"href":"https:\/\/shopatoa.com\/ro\/wp-json\/wp\/v2\/product"}],"about":[{"href":"https:\/\/shopatoa.com\/ro\/wp-json\/wp\/v2\/types\/product"}],"replies":[{"embeddable":true,"href":"https:\/\/shopatoa.com\/ro\/wp-json\/wp\/v2\/comments?post=263546"}],"wp:featuredmedia":[{"embeddable":true,"href":"https:\/\/shopatoa.com\/ro\/wp-json\/wp\/v2\/media\/339975"}],"wp:attachment":[{"href":"https:\/\/shopatoa.com\/ro\/wp-json\/wp\/v2\/media?parent=263546"}],"wp:term":[{"taxonomy":"product_brand","embeddable":true,"href":"https:\/\/shopatoa.com\/ro\/wp-json\/wp\/v2\/product_brand?post=263546"},{"taxonomy":"product_cat","embeddable":true,"href":"https:\/\/shopatoa.com\/ro\/wp-json\/wp\/v2\/product_cat?post=263546"},{"taxonomy":"product_tag","embeddable":true,"href":"https:\/\/shopatoa.com\/ro\/wp-json\/wp\/v2\/product_tag?post=263546"}],"curies":[{"name":"wp","href":"https:\/\/api.w.org\/{rel}","templated":true}]}}