{"id":263563,"date":"2025-04-28T00:06:32","date_gmt":"2025-04-27T22:06:32","guid":{"rendered":"https:\/\/shopatoa.com\/ro\/playboy-daydreaming-spray-de-corp-250-ml\/"},"modified":"2025-12-14T15:04:17","modified_gmt":"2025-12-14T14:04:17","slug":"playboy-daydreaming-spray-de-corp-250-ml","status":"publish","type":"product","link":"https:\/\/shopatoa.com\/ro\/playboy-daydreaming-spray-de-corp-250-ml\/","title":{"rendered":"Playboy Daydreaming &#8211; spray de corp 250 ml"},"content":{"rendered":"<p>Spray-ul de corp Playboy Daydreaming este un amestec incitant de arome &#8211; trandafirul s\u0103lbatic \u00eenfloritor se \u00eembin\u0103 cu parfumul armonios de litchi \u0219i mosc alb. Parfumul eman\u0103 un sentiment de for\u021b\u0103 interioar\u0103 \u0219i lejeritate. Un parfum conceput pentru femeile \u0219i fetele care plutesc \u00een nori \u0219i \u00ee\u0219i las\u0103 visele s\u0103 devin\u0103 realitate.<\/p>\n","protected":false},"excerpt":{"rendered":"<p>Spray-ul de corp Playboy Daydreaming este un amestec incitant de arome &#8211; trandafirul s\u0103lbatic \u00eenfloritor se \u00eembin\u0103 cu parfumul armonios de litchi \u0219i mosc alb. Parfumul eman\u0103 un sentiment de for\u021b\u0103 interioar\u0103 \u0219i lejeritate. Un parfum conceput pentru femeile \u0219i fetele care plutesc \u00een nori \u0219i \u00ee\u0219i las\u0103 visele s\u0103 devin\u0103 realitate.<\/p>\n","protected":false},"featured_media":339989,"comment_status":"closed","ping_status":"open","template":"","meta":{"_acf_changed":false,"_kadence_starter_templates_imported_post":false,"_kad_post_transparent":"","_kad_post_title":"","_kad_post_layout":"","_kad_post_sidebar_id":"","_kad_post_content_style":"","_kad_post_vertical_padding":"","_kad_post_feature":"","_kad_post_feature_position":"","_kad_post_header":false,"_kad_post_footer":false,"_kad_post_classname":""},"product_brand":[1023],"product_cat":[614,682],"product_tag":[],"class_list":{"0":"post-263563","1":"product","2":"type-product","3":"status-publish","4":"has-post-thumbnail","6":"product_brand-playboy","7":"product_cat-parfumuri","8":"product_cat-spray-uri-de-corp","10":"first","11":"instock","12":"sale","13":"product-type-external","14":"entry","15":"content-bg","16":"loop-entry"},"acf":[],"yoast_head":"<!-- This site is optimized with the Yoast SEO plugin v27.4 - https:\/\/yoast.com\/product\/yoast-seo-wordpress\/ -->\n<title>Playboy Daydreaming - spray de corp 250 ml - SHOPATOA.COM<\/title>\n<meta name=\"robots\" content=\"index, follow, max-snippet:-1, max-image-preview:large, max-video-preview:-1\" \/>\n<link rel=\"canonical\" href=\"https:\/\/shopatoa.com\/ro\/playboy-daydreaming-spray-de-corp-250-ml\/\" \/>\n<meta property=\"og:locale\" content=\"ro_RO\" \/>\n<meta property=\"og:type\" content=\"article\" \/>\n<meta property=\"og:title\" content=\"Playboy Daydreaming - spray de corp 250 ml - SHOPATOA.COM\" \/>\n<meta property=\"og:description\" content=\"Spray-ul de corp Playboy Daydreaming este un amestec incitant de arome &#8211; trandafirul s\u0103lbatic \u00eenfloritor se \u00eembin\u0103 cu parfumul armonios de litchi \u0219i mosc alb. Parfumul eman\u0103 un sentiment de for\u021b\u0103 interioar\u0103 \u0219i lejeritate. Un parfum conceput pentru femeile \u0219i fetele care plutesc \u00een nori \u0219i \u00ee\u0219i las\u0103 visele s\u0103 devin\u0103 realitate.\" \/>\n<meta property=\"og:url\" content=\"https:\/\/shopatoa.com\/ro\/playboy-daydreaming-spray-de-corp-250-ml\/\" \/>\n<meta property=\"og:site_name\" content=\"SHOPATOA\" \/>\n<meta property=\"article:modified_time\" content=\"2025-12-14T14:04:17+00:00\" \/>\n<meta property=\"og:image\" content=\"https:\/\/storage.googleapis.com\/cz-shopatoa-img\/ro\/74296bfc-unnamed-file.webp\" \/>\n\t<meta property=\"og:image:width\" content=\"800\" \/>\n\t<meta property=\"og:image:height\" content=\"800\" \/>\n\t<meta property=\"og:image:type\" content=\"image\/webp\" \/>\n<meta name=\"twitter:card\" content=\"summary_large_image\" \/>\n<script type=\"application\/ld+json\" class=\"yoast-schema-graph\">{\"@context\":\"https:\\\/\\\/schema.org\",\"@graph\":[{\"@type\":\"WebPage\",\"@id\":\"https:\\\/\\\/shopatoa.com\\\/ro\\\/playboy-daydreaming-spray-de-corp-250-ml\\\/\",\"url\":\"https:\\\/\\\/shopatoa.com\\\/ro\\\/playboy-daydreaming-spray-de-corp-250-ml\\\/\",\"name\":\"Playboy Daydreaming - spray de corp 250 ml - SHOPATOA.COM\",\"isPartOf\":{\"@id\":\"https:\\\/\\\/shopatoa.com\\\/ro\\\/#website\"},\"primaryImageOfPage\":{\"@id\":\"https:\\\/\\\/shopatoa.com\\\/ro\\\/playboy-daydreaming-spray-de-corp-250-ml\\\/#primaryimage\"},\"image\":{\"@id\":\"https:\\\/\\\/shopatoa.com\\\/ro\\\/playboy-daydreaming-spray-de-corp-250-ml\\\/#primaryimage\"},\"thumbnailUrl\":\"https:\\\/\\\/storage.googleapis.com\\\/cz-shopatoa-img\\\/ro\\\/74296bfc-unnamed-file.webp\",\"datePublished\":\"2025-04-27T22:06:32+00:00\",\"dateModified\":\"2025-12-14T14:04:17+00:00\",\"breadcrumb\":{\"@id\":\"https:\\\/\\\/shopatoa.com\\\/ro\\\/playboy-daydreaming-spray-de-corp-250-ml\\\/#breadcrumb\"},\"inLanguage\":\"ro-RO\",\"potentialAction\":[{\"@type\":\"ReadAction\",\"target\":[\"https:\\\/\\\/shopatoa.com\\\/ro\\\/playboy-daydreaming-spray-de-corp-250-ml\\\/\"]}]},{\"@type\":\"ImageObject\",\"inLanguage\":\"ro-RO\",\"@id\":\"https:\\\/\\\/shopatoa.com\\\/ro\\\/playboy-daydreaming-spray-de-corp-250-ml\\\/#primaryimage\",\"url\":\"https:\\\/\\\/storage.googleapis.com\\\/cz-shopatoa-img\\\/ro\\\/74296bfc-unnamed-file.webp\",\"contentUrl\":\"https:\\\/\\\/storage.googleapis.com\\\/cz-shopatoa-img\\\/ro\\\/74296bfc-unnamed-file.webp\",\"width\":800,\"height\":800},{\"@type\":\"BreadcrumbList\",\"@id\":\"https:\\\/\\\/shopatoa.com\\\/ro\\\/playboy-daydreaming-spray-de-corp-250-ml\\\/#breadcrumb\",\"itemListElement\":[{\"@type\":\"ListItem\",\"position\":1,\"name\":\"Dom\u016f\",\"item\":\"https:\\\/\\\/shopatoa.com\\\/ro\\\/\"},{\"@type\":\"ListItem\",\"position\":2,\"name\":\"Shop\",\"item\":\"https:\\\/\\\/shopatoa.com\\\/ro\\\/shop\\\/\"},{\"@type\":\"ListItem\",\"position\":3,\"name\":\"Parfumuri\",\"item\":\"https:\\\/\\\/shopatoa.com\\\/ro\\\/parfumuri\\\/\"},{\"@type\":\"ListItem\",\"position\":4,\"name\":\"Spray-uri de corp\",\"item\":\"https:\\\/\\\/shopatoa.com\\\/ro\\\/spray-uri-de-corp\\\/\"},{\"@type\":\"ListItem\",\"position\":5,\"name\":\"Playboy Daydreaming &#8211; spray de corp 250 ml\"}]},{\"@type\":\"WebSite\",\"@id\":\"https:\\\/\\\/shopatoa.com\\\/ro\\\/#website\",\"url\":\"https:\\\/\\\/shopatoa.com\\\/ro\\\/\",\"name\":\"SHOPATOA\",\"description\":\"\",\"publisher\":{\"@id\":\"https:\\\/\\\/shopatoa.com\\\/ro\\\/#organization\"},\"potentialAction\":[{\"@type\":\"SearchAction\",\"target\":{\"@type\":\"EntryPoint\",\"urlTemplate\":\"https:\\\/\\\/shopatoa.com\\\/ro\\\/?s={search_term_string}\"},\"query-input\":{\"@type\":\"PropertyValueSpecification\",\"valueRequired\":true,\"valueName\":\"search_term_string\"}}],\"inLanguage\":\"ro-RO\"},{\"@type\":\"Organization\",\"@id\":\"https:\\\/\\\/shopatoa.com\\\/ro\\\/#organization\",\"name\":\"SHOPATOA\",\"url\":\"https:\\\/\\\/shopatoa.com\\\/ro\\\/\",\"logo\":{\"@type\":\"ImageObject\",\"inLanguage\":\"ro-RO\",\"@id\":\"https:\\\/\\\/shopatoa.com\\\/ro\\\/#\\\/schema\\\/logo\\\/image\\\/\",\"url\":\"https:\\\/\\\/storage.googleapis.com\\\/cz-shopatoa-img\\\/ro\\\/b4dac915-shopatoa_logo.png\",\"contentUrl\":\"https:\\\/\\\/storage.googleapis.com\\\/cz-shopatoa-img\\\/ro\\\/b4dac915-shopatoa_logo.png\",\"width\":416,\"height\":63,\"caption\":\"SHOPATOA\"},\"image\":{\"@id\":\"https:\\\/\\\/shopatoa.com\\\/ro\\\/#\\\/schema\\\/logo\\\/image\\\/\"}}]}<\/script>\n<!-- \/ Yoast SEO plugin. -->","yoast_head_json":{"title":"Playboy Daydreaming - spray de corp 250 ml - SHOPATOA.COM","robots":{"index":"index","follow":"follow","max-snippet":"max-snippet:-1","max-image-preview":"max-image-preview:large","max-video-preview":"max-video-preview:-1"},"canonical":"https:\/\/shopatoa.com\/ro\/playboy-daydreaming-spray-de-corp-250-ml\/","og_locale":"ro_RO","og_type":"article","og_title":"Playboy Daydreaming - spray de corp 250 ml - SHOPATOA.COM","og_description":"Spray-ul de corp Playboy Daydreaming este un amestec incitant de arome &#8211; trandafirul s\u0103lbatic \u00eenfloritor se \u00eembin\u0103 cu parfumul armonios de litchi \u0219i mosc alb. Parfumul eman\u0103 un sentiment de for\u021b\u0103 interioar\u0103 \u0219i lejeritate. Un parfum conceput pentru femeile \u0219i fetele care plutesc \u00een nori \u0219i \u00ee\u0219i las\u0103 visele s\u0103 devin\u0103 realitate.","og_url":"https:\/\/shopatoa.com\/ro\/playboy-daydreaming-spray-de-corp-250-ml\/","og_site_name":"SHOPATOA","article_modified_time":"2025-12-14T14:04:17+00:00","og_image":[{"width":800,"height":800,"url":"https:\/\/storage.googleapis.com\/cz-shopatoa-img\/ro\/74296bfc-unnamed-file.webp","type":"image\/webp"}],"twitter_card":"summary_large_image","schema":{"@context":"https:\/\/schema.org","@graph":[{"@type":"WebPage","@id":"https:\/\/shopatoa.com\/ro\/playboy-daydreaming-spray-de-corp-250-ml\/","url":"https:\/\/shopatoa.com\/ro\/playboy-daydreaming-spray-de-corp-250-ml\/","name":"Playboy Daydreaming - spray de corp 250 ml - SHOPATOA.COM","isPartOf":{"@id":"https:\/\/shopatoa.com\/ro\/#website"},"primaryImageOfPage":{"@id":"https:\/\/shopatoa.com\/ro\/playboy-daydreaming-spray-de-corp-250-ml\/#primaryimage"},"image":{"@id":"https:\/\/shopatoa.com\/ro\/playboy-daydreaming-spray-de-corp-250-ml\/#primaryimage"},"thumbnailUrl":"https:\/\/storage.googleapis.com\/cz-shopatoa-img\/ro\/74296bfc-unnamed-file.webp","datePublished":"2025-04-27T22:06:32+00:00","dateModified":"2025-12-14T14:04:17+00:00","breadcrumb":{"@id":"https:\/\/shopatoa.com\/ro\/playboy-daydreaming-spray-de-corp-250-ml\/#breadcrumb"},"inLanguage":"ro-RO","potentialAction":[{"@type":"ReadAction","target":["https:\/\/shopatoa.com\/ro\/playboy-daydreaming-spray-de-corp-250-ml\/"]}]},{"@type":"ImageObject","inLanguage":"ro-RO","@id":"https:\/\/shopatoa.com\/ro\/playboy-daydreaming-spray-de-corp-250-ml\/#primaryimage","url":"https:\/\/storage.googleapis.com\/cz-shopatoa-img\/ro\/74296bfc-unnamed-file.webp","contentUrl":"https:\/\/storage.googleapis.com\/cz-shopatoa-img\/ro\/74296bfc-unnamed-file.webp","width":800,"height":800},{"@type":"BreadcrumbList","@id":"https:\/\/shopatoa.com\/ro\/playboy-daydreaming-spray-de-corp-250-ml\/#breadcrumb","itemListElement":[{"@type":"ListItem","position":1,"name":"Dom\u016f","item":"https:\/\/shopatoa.com\/ro\/"},{"@type":"ListItem","position":2,"name":"Shop","item":"https:\/\/shopatoa.com\/ro\/shop\/"},{"@type":"ListItem","position":3,"name":"Parfumuri","item":"https:\/\/shopatoa.com\/ro\/parfumuri\/"},{"@type":"ListItem","position":4,"name":"Spray-uri de corp","item":"https:\/\/shopatoa.com\/ro\/spray-uri-de-corp\/"},{"@type":"ListItem","position":5,"name":"Playboy Daydreaming &#8211; spray de corp 250 ml"}]},{"@type":"WebSite","@id":"https:\/\/shopatoa.com\/ro\/#website","url":"https:\/\/shopatoa.com\/ro\/","name":"SHOPATOA","description":"","publisher":{"@id":"https:\/\/shopatoa.com\/ro\/#organization"},"potentialAction":[{"@type":"SearchAction","target":{"@type":"EntryPoint","urlTemplate":"https:\/\/shopatoa.com\/ro\/?s={search_term_string}"},"query-input":{"@type":"PropertyValueSpecification","valueRequired":true,"valueName":"search_term_string"}}],"inLanguage":"ro-RO"},{"@type":"Organization","@id":"https:\/\/shopatoa.com\/ro\/#organization","name":"SHOPATOA","url":"https:\/\/shopatoa.com\/ro\/","logo":{"@type":"ImageObject","inLanguage":"ro-RO","@id":"https:\/\/shopatoa.com\/ro\/#\/schema\/logo\/image\/","url":"https:\/\/storage.googleapis.com\/cz-shopatoa-img\/ro\/b4dac915-shopatoa_logo.png","contentUrl":"https:\/\/storage.googleapis.com\/cz-shopatoa-img\/ro\/b4dac915-shopatoa_logo.png","width":416,"height":63,"caption":"SHOPATOA"},"image":{"@id":"https:\/\/shopatoa.com\/ro\/#\/schema\/logo\/image\/"}}]}},"_links":{"self":[{"href":"https:\/\/shopatoa.com\/ro\/wp-json\/wp\/v2\/product\/263563","targetHints":{"allow":["GET"]}}],"collection":[{"href":"https:\/\/shopatoa.com\/ro\/wp-json\/wp\/v2\/product"}],"about":[{"href":"https:\/\/shopatoa.com\/ro\/wp-json\/wp\/v2\/types\/product"}],"replies":[{"embeddable":true,"href":"https:\/\/shopatoa.com\/ro\/wp-json\/wp\/v2\/comments?post=263563"}],"wp:featuredmedia":[{"embeddable":true,"href":"https:\/\/shopatoa.com\/ro\/wp-json\/wp\/v2\/media\/339989"}],"wp:attachment":[{"href":"https:\/\/shopatoa.com\/ro\/wp-json\/wp\/v2\/media?parent=263563"}],"wp:term":[{"taxonomy":"product_brand","embeddable":true,"href":"https:\/\/shopatoa.com\/ro\/wp-json\/wp\/v2\/product_brand?post=263563"},{"taxonomy":"product_cat","embeddable":true,"href":"https:\/\/shopatoa.com\/ro\/wp-json\/wp\/v2\/product_cat?post=263563"},{"taxonomy":"product_tag","embeddable":true,"href":"https:\/\/shopatoa.com\/ro\/wp-json\/wp\/v2\/product_tag?post=263563"}],"curies":[{"name":"wp","href":"https:\/\/api.w.org\/{rel}","templated":true}]}}