{"id":263629,"date":"2025-04-28T00:35:41","date_gmt":"2025-04-27T22:35:41","guid":{"rendered":"https:\/\/shopatoa.com\/ro\/dr-lancer-ulei-hidratant-echilibrant-omega-hydrating-oil-with-ferment-complex-30-ml\/"},"modified":"2025-05-17T12:49:54","modified_gmt":"2025-05-17T10:49:54","slug":"dr-lancer-ulei-hidratant-echilibrant-omega-hydrating-oil-with-ferment-complex-30-ml","status":"publish","type":"product","link":"https:\/\/shopatoa.com\/ro\/dr-lancer-ulei-hidratant-echilibrant-omega-hydrating-oil-with-ferment-complex-30-ml\/","title":{"rendered":"Dr. Lancer Ulei hidratant echilibrant (Omega Hydrating Oil with Ferment Complex) 30 ml"},"content":{"rendered":"<p>Uleiul echilibrant cu textur\u0103 fin\u0103 \u0219i u\u0219oar\u0103, conceput pentru toate tipurile de piele, ofer\u0103 pielii hidratarea necesar\u0103. Con\u021bine polifenoli \u0219i antioxidan\u021bi care sus\u021bin pielea moale \u0219i cu aspect s\u0103n\u0103tos. Acest amestec hr\u0103nitor de uleiuri fermentate, inclusiv argan, m\u0103sline, shiunko \u0219i lemn dulce, con\u021bine, de asemenea, 10% complex fermentat pentru a p\u0103stra umiditatea, a \u00eenmoaie ridurile fine \u0219i a l\u0103sa pielea s\u0103 arate str\u0103lucitoare. Datorit\u0103 formulei avansate care con\u021bine acizi gra\u0219i omega 3, 6 \u0219i 9, uleiul se absoarbe rapid, \u00eembun\u0103t\u0103\u021bind aspectul pielii \u0219i elasticitatea acesteia.<\/p>\n","protected":false},"excerpt":{"rendered":"<p>Uleiul echilibrant cu textur\u0103 fin\u0103 \u0219i u\u0219oar\u0103, conceput pentru toate tipurile de piele, ofer\u0103 pielii hidratarea necesar\u0103. Con\u021bine polifenoli \u0219i antioxidan\u021bi care sus\u021bin pielea moale \u0219i cu aspect s\u0103n\u0103tos. Acest amestec hr\u0103nitor de uleiuri fermentate, inclusiv argan, m\u0103sline, shiunko \u0219i lemn dulce, con\u021bine, de asemenea, 10% complex fermentat pentru a p\u0103stra umiditatea, a \u00eenmoaie ridurile&#8230;<\/p>\n","protected":false},"featured_media":340059,"comment_status":"closed","ping_status":"open","template":"","meta":{"_acf_changed":false,"_kadence_starter_templates_imported_post":false,"_kad_post_transparent":"","_kad_post_title":"","_kad_post_layout":"","_kad_post_sidebar_id":"","_kad_post_content_style":"","_kad_post_vertical_padding":"","_kad_post_feature":"","_kad_post_feature_position":"","_kad_post_header":false,"_kad_post_footer":false,"_kad_post_classname":""},"product_brand":[831],"product_cat":[246,635,634,633],"product_tag":[],"class_list":{"0":"post-263629","1":"product","2":"type-product","3":"status-publish","4":"has-post-thumbnail","6":"product_brand-dr-lancer","7":"product_cat-cosmetice","8":"product_cat-hidratarea-si-nutritia-pielii","9":"product_cat-produse-cosmetice-de-ingrijire-a-pielii","10":"product_cat-produse-cosmetice-pentru-piele","12":"first","13":"instock","14":"product-type-external","15":"entry","16":"content-bg","17":"loop-entry"},"acf":[],"yoast_head":"<!-- This site is optimized with the Yoast SEO plugin v27.3 - https:\/\/yoast.com\/product\/yoast-seo-wordpress\/ -->\n<title>Dr. Lancer Ulei hidratant echilibrant (Omega Hydrating Oil with Ferment Complex) 30 ml - SHOPATOA.COM<\/title>\n<meta name=\"robots\" content=\"index, follow, max-snippet:-1, max-image-preview:large, max-video-preview:-1\" \/>\n<link rel=\"canonical\" href=\"https:\/\/shopatoa.com\/ro\/dr-lancer-ulei-hidratant-echilibrant-omega-hydrating-oil-with-ferment-complex-30-ml\/\" \/>\n<meta property=\"og:locale\" content=\"ro_RO\" \/>\n<meta property=\"og:type\" content=\"article\" \/>\n<meta property=\"og:title\" content=\"Dr. Lancer Ulei hidratant echilibrant (Omega Hydrating Oil with Ferment Complex) 30 ml - SHOPATOA.COM\" \/>\n<meta property=\"og:description\" content=\"Uleiul echilibrant cu textur\u0103 fin\u0103 \u0219i u\u0219oar\u0103, conceput pentru toate tipurile de piele, ofer\u0103 pielii hidratarea necesar\u0103. Con\u021bine polifenoli \u0219i antioxidan\u021bi care sus\u021bin pielea moale \u0219i cu aspect s\u0103n\u0103tos. Acest amestec hr\u0103nitor de uleiuri fermentate, inclusiv argan, m\u0103sline, shiunko \u0219i lemn dulce, con\u021bine, de asemenea, 10% complex fermentat pentru a p\u0103stra umiditatea, a \u00eenmoaie ridurile...\" \/>\n<meta property=\"og:url\" content=\"https:\/\/shopatoa.com\/ro\/dr-lancer-ulei-hidratant-echilibrant-omega-hydrating-oil-with-ferment-complex-30-ml\/\" \/>\n<meta property=\"og:site_name\" content=\"SHOPATOA\" \/>\n<meta property=\"article:modified_time\" content=\"2025-05-17T10:49:54+00:00\" \/>\n<meta property=\"og:image\" content=\"https:\/\/storage.googleapis.com\/cz-shopatoa-img\/ro\/efc8f956-unnamed-file.webp\" \/>\n\t<meta property=\"og:image:width\" content=\"800\" \/>\n\t<meta property=\"og:image:height\" content=\"800\" \/>\n\t<meta property=\"og:image:type\" content=\"image\/webp\" \/>\n<meta name=\"twitter:card\" content=\"summary_large_image\" \/>\n<script type=\"application\/ld+json\" class=\"yoast-schema-graph\">{\"@context\":\"https:\\\/\\\/schema.org\",\"@graph\":[{\"@type\":\"WebPage\",\"@id\":\"https:\\\/\\\/shopatoa.com\\\/ro\\\/dr-lancer-ulei-hidratant-echilibrant-omega-hydrating-oil-with-ferment-complex-30-ml\\\/\",\"url\":\"https:\\\/\\\/shopatoa.com\\\/ro\\\/dr-lancer-ulei-hidratant-echilibrant-omega-hydrating-oil-with-ferment-complex-30-ml\\\/\",\"name\":\"Dr. Lancer Ulei hidratant echilibrant (Omega Hydrating Oil with Ferment Complex) 30 ml - SHOPATOA.COM\",\"isPartOf\":{\"@id\":\"https:\\\/\\\/shopatoa.com\\\/ro\\\/#website\"},\"primaryImageOfPage\":{\"@id\":\"https:\\\/\\\/shopatoa.com\\\/ro\\\/dr-lancer-ulei-hidratant-echilibrant-omega-hydrating-oil-with-ferment-complex-30-ml\\\/#primaryimage\"},\"image\":{\"@id\":\"https:\\\/\\\/shopatoa.com\\\/ro\\\/dr-lancer-ulei-hidratant-echilibrant-omega-hydrating-oil-with-ferment-complex-30-ml\\\/#primaryimage\"},\"thumbnailUrl\":\"https:\\\/\\\/storage.googleapis.com\\\/cz-shopatoa-img\\\/ro\\\/efc8f956-unnamed-file.webp\",\"datePublished\":\"2025-04-27T22:35:41+00:00\",\"dateModified\":\"2025-05-17T10:49:54+00:00\",\"breadcrumb\":{\"@id\":\"https:\\\/\\\/shopatoa.com\\\/ro\\\/dr-lancer-ulei-hidratant-echilibrant-omega-hydrating-oil-with-ferment-complex-30-ml\\\/#breadcrumb\"},\"inLanguage\":\"ro-RO\",\"potentialAction\":[{\"@type\":\"ReadAction\",\"target\":[\"https:\\\/\\\/shopatoa.com\\\/ro\\\/dr-lancer-ulei-hidratant-echilibrant-omega-hydrating-oil-with-ferment-complex-30-ml\\\/\"]}]},{\"@type\":\"ImageObject\",\"inLanguage\":\"ro-RO\",\"@id\":\"https:\\\/\\\/shopatoa.com\\\/ro\\\/dr-lancer-ulei-hidratant-echilibrant-omega-hydrating-oil-with-ferment-complex-30-ml\\\/#primaryimage\",\"url\":\"https:\\\/\\\/storage.googleapis.com\\\/cz-shopatoa-img\\\/ro\\\/efc8f956-unnamed-file.webp\",\"contentUrl\":\"https:\\\/\\\/storage.googleapis.com\\\/cz-shopatoa-img\\\/ro\\\/efc8f956-unnamed-file.webp\",\"width\":800,\"height\":800},{\"@type\":\"BreadcrumbList\",\"@id\":\"https:\\\/\\\/shopatoa.com\\\/ro\\\/dr-lancer-ulei-hidratant-echilibrant-omega-hydrating-oil-with-ferment-complex-30-ml\\\/#breadcrumb\",\"itemListElement\":[{\"@type\":\"ListItem\",\"position\":1,\"name\":\"Dom\u016f\",\"item\":\"https:\\\/\\\/shopatoa.com\\\/ro\\\/\"},{\"@type\":\"ListItem\",\"position\":2,\"name\":\"Shop\",\"item\":\"https:\\\/\\\/shopatoa.com\\\/ro\\\/shop\\\/\"},{\"@type\":\"ListItem\",\"position\":3,\"name\":\"Cosmetice\",\"item\":\"https:\\\/\\\/shopatoa.com\\\/ro\\\/cosmetice\\\/\"},{\"@type\":\"ListItem\",\"position\":4,\"name\":\"Produse cosmetice pentru piele\",\"item\":\"https:\\\/\\\/shopatoa.com\\\/ro\\\/produse-cosmetice-pentru-piele\\\/\"},{\"@type\":\"ListItem\",\"position\":5,\"name\":\"Produse cosmetice de \u00eengrijire a pielii\",\"item\":\"https:\\\/\\\/shopatoa.com\\\/ro\\\/produse-cosmetice-de-ingrijire-a-pielii\\\/\"},{\"@type\":\"ListItem\",\"position\":6,\"name\":\"Hidratarea \u0219i nutri\u021bia pielii\",\"item\":\"https:\\\/\\\/shopatoa.com\\\/ro\\\/hidratarea-si-nutritia-pielii\\\/\"},{\"@type\":\"ListItem\",\"position\":7,\"name\":\"Dr. Lancer Ulei hidratant echilibrant (Omega Hydrating Oil with Ferment Complex) 30 ml\"}]},{\"@type\":\"WebSite\",\"@id\":\"https:\\\/\\\/shopatoa.com\\\/ro\\\/#website\",\"url\":\"https:\\\/\\\/shopatoa.com\\\/ro\\\/\",\"name\":\"SHOPATOA\",\"description\":\"\",\"publisher\":{\"@id\":\"https:\\\/\\\/shopatoa.com\\\/ro\\\/#organization\"},\"potentialAction\":[{\"@type\":\"SearchAction\",\"target\":{\"@type\":\"EntryPoint\",\"urlTemplate\":\"https:\\\/\\\/shopatoa.com\\\/ro\\\/?s={search_term_string}\"},\"query-input\":{\"@type\":\"PropertyValueSpecification\",\"valueRequired\":true,\"valueName\":\"search_term_string\"}}],\"inLanguage\":\"ro-RO\"},{\"@type\":\"Organization\",\"@id\":\"https:\\\/\\\/shopatoa.com\\\/ro\\\/#organization\",\"name\":\"SHOPATOA\",\"url\":\"https:\\\/\\\/shopatoa.com\\\/ro\\\/\",\"logo\":{\"@type\":\"ImageObject\",\"inLanguage\":\"ro-RO\",\"@id\":\"https:\\\/\\\/shopatoa.com\\\/ro\\\/#\\\/schema\\\/logo\\\/image\\\/\",\"url\":\"https:\\\/\\\/storage.googleapis.com\\\/cz-shopatoa-img\\\/ro\\\/b4dac915-shopatoa_logo.png\",\"contentUrl\":\"https:\\\/\\\/storage.googleapis.com\\\/cz-shopatoa-img\\\/ro\\\/b4dac915-shopatoa_logo.png\",\"width\":416,\"height\":63,\"caption\":\"SHOPATOA\"},\"image\":{\"@id\":\"https:\\\/\\\/shopatoa.com\\\/ro\\\/#\\\/schema\\\/logo\\\/image\\\/\"}}]}<\/script>\n<!-- \/ Yoast SEO plugin. -->","yoast_head_json":{"title":"Dr. Lancer Ulei hidratant echilibrant (Omega Hydrating Oil with Ferment Complex) 30 ml - SHOPATOA.COM","robots":{"index":"index","follow":"follow","max-snippet":"max-snippet:-1","max-image-preview":"max-image-preview:large","max-video-preview":"max-video-preview:-1"},"canonical":"https:\/\/shopatoa.com\/ro\/dr-lancer-ulei-hidratant-echilibrant-omega-hydrating-oil-with-ferment-complex-30-ml\/","og_locale":"ro_RO","og_type":"article","og_title":"Dr. Lancer Ulei hidratant echilibrant (Omega Hydrating Oil with Ferment Complex) 30 ml - SHOPATOA.COM","og_description":"Uleiul echilibrant cu textur\u0103 fin\u0103 \u0219i u\u0219oar\u0103, conceput pentru toate tipurile de piele, ofer\u0103 pielii hidratarea necesar\u0103. Con\u021bine polifenoli \u0219i antioxidan\u021bi care sus\u021bin pielea moale \u0219i cu aspect s\u0103n\u0103tos. Acest amestec hr\u0103nitor de uleiuri fermentate, inclusiv argan, m\u0103sline, shiunko \u0219i lemn dulce, con\u021bine, de asemenea, 10% complex fermentat pentru a p\u0103stra umiditatea, a \u00eenmoaie ridurile...","og_url":"https:\/\/shopatoa.com\/ro\/dr-lancer-ulei-hidratant-echilibrant-omega-hydrating-oil-with-ferment-complex-30-ml\/","og_site_name":"SHOPATOA","article_modified_time":"2025-05-17T10:49:54+00:00","og_image":[{"width":800,"height":800,"url":"https:\/\/storage.googleapis.com\/cz-shopatoa-img\/ro\/efc8f956-unnamed-file.webp","type":"image\/webp"}],"twitter_card":"summary_large_image","schema":{"@context":"https:\/\/schema.org","@graph":[{"@type":"WebPage","@id":"https:\/\/shopatoa.com\/ro\/dr-lancer-ulei-hidratant-echilibrant-omega-hydrating-oil-with-ferment-complex-30-ml\/","url":"https:\/\/shopatoa.com\/ro\/dr-lancer-ulei-hidratant-echilibrant-omega-hydrating-oil-with-ferment-complex-30-ml\/","name":"Dr. Lancer Ulei hidratant echilibrant (Omega Hydrating Oil with Ferment Complex) 30 ml - SHOPATOA.COM","isPartOf":{"@id":"https:\/\/shopatoa.com\/ro\/#website"},"primaryImageOfPage":{"@id":"https:\/\/shopatoa.com\/ro\/dr-lancer-ulei-hidratant-echilibrant-omega-hydrating-oil-with-ferment-complex-30-ml\/#primaryimage"},"image":{"@id":"https:\/\/shopatoa.com\/ro\/dr-lancer-ulei-hidratant-echilibrant-omega-hydrating-oil-with-ferment-complex-30-ml\/#primaryimage"},"thumbnailUrl":"https:\/\/storage.googleapis.com\/cz-shopatoa-img\/ro\/efc8f956-unnamed-file.webp","datePublished":"2025-04-27T22:35:41+00:00","dateModified":"2025-05-17T10:49:54+00:00","breadcrumb":{"@id":"https:\/\/shopatoa.com\/ro\/dr-lancer-ulei-hidratant-echilibrant-omega-hydrating-oil-with-ferment-complex-30-ml\/#breadcrumb"},"inLanguage":"ro-RO","potentialAction":[{"@type":"ReadAction","target":["https:\/\/shopatoa.com\/ro\/dr-lancer-ulei-hidratant-echilibrant-omega-hydrating-oil-with-ferment-complex-30-ml\/"]}]},{"@type":"ImageObject","inLanguage":"ro-RO","@id":"https:\/\/shopatoa.com\/ro\/dr-lancer-ulei-hidratant-echilibrant-omega-hydrating-oil-with-ferment-complex-30-ml\/#primaryimage","url":"https:\/\/storage.googleapis.com\/cz-shopatoa-img\/ro\/efc8f956-unnamed-file.webp","contentUrl":"https:\/\/storage.googleapis.com\/cz-shopatoa-img\/ro\/efc8f956-unnamed-file.webp","width":800,"height":800},{"@type":"BreadcrumbList","@id":"https:\/\/shopatoa.com\/ro\/dr-lancer-ulei-hidratant-echilibrant-omega-hydrating-oil-with-ferment-complex-30-ml\/#breadcrumb","itemListElement":[{"@type":"ListItem","position":1,"name":"Dom\u016f","item":"https:\/\/shopatoa.com\/ro\/"},{"@type":"ListItem","position":2,"name":"Shop","item":"https:\/\/shopatoa.com\/ro\/shop\/"},{"@type":"ListItem","position":3,"name":"Cosmetice","item":"https:\/\/shopatoa.com\/ro\/cosmetice\/"},{"@type":"ListItem","position":4,"name":"Produse cosmetice pentru piele","item":"https:\/\/shopatoa.com\/ro\/produse-cosmetice-pentru-piele\/"},{"@type":"ListItem","position":5,"name":"Produse cosmetice de \u00eengrijire a pielii","item":"https:\/\/shopatoa.com\/ro\/produse-cosmetice-de-ingrijire-a-pielii\/"},{"@type":"ListItem","position":6,"name":"Hidratarea \u0219i nutri\u021bia pielii","item":"https:\/\/shopatoa.com\/ro\/hidratarea-si-nutritia-pielii\/"},{"@type":"ListItem","position":7,"name":"Dr. Lancer Ulei hidratant echilibrant (Omega Hydrating Oil with Ferment Complex) 30 ml"}]},{"@type":"WebSite","@id":"https:\/\/shopatoa.com\/ro\/#website","url":"https:\/\/shopatoa.com\/ro\/","name":"SHOPATOA","description":"","publisher":{"@id":"https:\/\/shopatoa.com\/ro\/#organization"},"potentialAction":[{"@type":"SearchAction","target":{"@type":"EntryPoint","urlTemplate":"https:\/\/shopatoa.com\/ro\/?s={search_term_string}"},"query-input":{"@type":"PropertyValueSpecification","valueRequired":true,"valueName":"search_term_string"}}],"inLanguage":"ro-RO"},{"@type":"Organization","@id":"https:\/\/shopatoa.com\/ro\/#organization","name":"SHOPATOA","url":"https:\/\/shopatoa.com\/ro\/","logo":{"@type":"ImageObject","inLanguage":"ro-RO","@id":"https:\/\/shopatoa.com\/ro\/#\/schema\/logo\/image\/","url":"https:\/\/storage.googleapis.com\/cz-shopatoa-img\/ro\/b4dac915-shopatoa_logo.png","contentUrl":"https:\/\/storage.googleapis.com\/cz-shopatoa-img\/ro\/b4dac915-shopatoa_logo.png","width":416,"height":63,"caption":"SHOPATOA"},"image":{"@id":"https:\/\/shopatoa.com\/ro\/#\/schema\/logo\/image\/"}}]}},"_links":{"self":[{"href":"https:\/\/shopatoa.com\/ro\/wp-json\/wp\/v2\/product\/263629","targetHints":{"allow":["GET"]}}],"collection":[{"href":"https:\/\/shopatoa.com\/ro\/wp-json\/wp\/v2\/product"}],"about":[{"href":"https:\/\/shopatoa.com\/ro\/wp-json\/wp\/v2\/types\/product"}],"replies":[{"embeddable":true,"href":"https:\/\/shopatoa.com\/ro\/wp-json\/wp\/v2\/comments?post=263629"}],"wp:featuredmedia":[{"embeddable":true,"href":"https:\/\/shopatoa.com\/ro\/wp-json\/wp\/v2\/media\/340059"}],"wp:attachment":[{"href":"https:\/\/shopatoa.com\/ro\/wp-json\/wp\/v2\/media?parent=263629"}],"wp:term":[{"taxonomy":"product_brand","embeddable":true,"href":"https:\/\/shopatoa.com\/ro\/wp-json\/wp\/v2\/product_brand?post=263629"},{"taxonomy":"product_cat","embeddable":true,"href":"https:\/\/shopatoa.com\/ro\/wp-json\/wp\/v2\/product_cat?post=263629"},{"taxonomy":"product_tag","embeddable":true,"href":"https:\/\/shopatoa.com\/ro\/wp-json\/wp\/v2\/product_tag?post=263629"}],"curies":[{"name":"wp","href":"https:\/\/api.w.org\/{rel}","templated":true}]}}