{"id":263652,"date":"2025-04-28T00:45:43","date_gmt":"2025-04-27T22:45:43","guid":{"rendered":"https:\/\/shopatoa.com\/ro\/proficare-uscator-de-par-compact-ht-3073-bl\/"},"modified":"2025-12-14T14:33:10","modified_gmt":"2025-12-14T13:33:10","slug":"proficare-uscator-de-par-compact-ht-3073-bl","status":"publish","type":"product","link":"https:\/\/shopatoa.com\/ro\/proficare-uscator-de-par-compact-ht-3073-bl\/","title":{"rendered":"ProfiCare Usc\u0103tor de p\u0103r compact HT 3073 BL"},"content":{"rendered":"<p>Usc\u0103torul de p\u0103r compact cu o putere maxim\u0103 de 1.600 W este echipat cu o func\u021bie de ionizare. Ofer\u0103 posibilit\u0103\u021bi \u00eembun\u0103t\u0103\u021bite de coafur\u0103 datorit\u0103 efectului antistatic &#8211; p\u0103rul este at\u00e2t de moale \u0219i str\u0103lucitor \u0219i arat\u0103 mai s\u0103n\u0103tos. Usc\u0103torul de p\u0103r poate fi setat la 3 niveluri de temperatur\u0103\/putere + Cool Shot. Datorit\u0103 m\u00e2nerului pliabil, usc\u0103torul de p\u0103r este potrivit \u0219i pentru c\u0103l\u0103torii, deoarece dup\u0103 plierea m\u00e2nerului, economise\u0219te spa\u021biu \u0219i potrivit pentru valize. Duza este transparent\u0103 \u0219i se rote\u0219te la 360 \u00b0. Ofer\u0103 uscare precis\u0103 \u0219i rapid\u0103 a p\u0103rului. Husa pentru usc\u0103tor de p\u0103r este realizat\u0103 din material Soft Touch care este pl\u0103cut la atingere. Siguran\u021ba este asigurat\u0103 de protec\u021bia \u00eempotriva supra\u00eenc\u0103lzirii \u0219i de o bucl\u0103 de suspendare pentru depozitare u\u0219oar\u0103.<\/p>\n","protected":false},"excerpt":{"rendered":"<p>Usc\u0103torul de p\u0103r compact cu o putere maxim\u0103 de 1.600 W este echipat cu o func\u021bie de ionizare. Ofer\u0103 posibilit\u0103\u021bi \u00eembun\u0103t\u0103\u021bite de coafur\u0103 datorit\u0103 efectului antistatic &#8211; p\u0103rul este at\u00e2t de moale \u0219i str\u0103lucitor \u0219i arat\u0103 mai s\u0103n\u0103tos. Usc\u0103torul de p\u0103r poate fi setat la 3 niveluri de temperatur\u0103\/putere + Cool Shot. Datorit\u0103 m\u00e2nerului pliabil,&#8230;<\/p>\n","protected":false},"featured_media":340083,"comment_status":"closed","ping_status":"open","template":"","meta":{"_acf_changed":false,"_kadence_starter_templates_imported_post":false,"_kad_post_transparent":"","_kad_post_title":"","_kad_post_layout":"","_kad_post_sidebar_id":"","_kad_post_content_style":"","_kad_post_vertical_padding":"","_kad_post_feature":"","_kad_post_feature_position":"","_kad_post_header":false,"_kad_post_footer":false,"_kad_post_classname":""},"product_brand":[876],"product_cat":[246,623,624,762],"product_tag":[],"class_list":{"0":"post-263652","1":"product","2":"type-product","3":"status-publish","4":"has-post-thumbnail","6":"product_brand-proficare","7":"product_cat-cosmetice","8":"product_cat-produse-cosmetice-pentru-par","9":"product_cat-produse-aparate-si-accesorii-pentru-par","10":"product_cat-uscatoare-de-par-fenuri","12":"first","13":"instock","14":"sale","15":"product-type-external","16":"entry","17":"content-bg","18":"loop-entry"},"acf":[],"yoast_head":"<!-- This site is optimized with the Yoast SEO plugin v27.4 - https:\/\/yoast.com\/product\/yoast-seo-wordpress\/ -->\n<title>ProfiCare Usc\u0103tor de p\u0103r compact HT 3073 BL - SHOPATOA.COM<\/title>\n<meta name=\"robots\" content=\"index, follow, max-snippet:-1, max-image-preview:large, max-video-preview:-1\" \/>\n<link rel=\"canonical\" href=\"https:\/\/shopatoa.com\/ro\/proficare-uscator-de-par-compact-ht-3073-bl\/\" \/>\n<meta property=\"og:locale\" content=\"ro_RO\" \/>\n<meta property=\"og:type\" content=\"article\" \/>\n<meta property=\"og:title\" content=\"ProfiCare Usc\u0103tor de p\u0103r compact HT 3073 BL - SHOPATOA.COM\" \/>\n<meta property=\"og:description\" content=\"Usc\u0103torul de p\u0103r compact cu o putere maxim\u0103 de 1.600 W este echipat cu o func\u021bie de ionizare. Ofer\u0103 posibilit\u0103\u021bi \u00eembun\u0103t\u0103\u021bite de coafur\u0103 datorit\u0103 efectului antistatic &#8211; p\u0103rul este at\u00e2t de moale \u0219i str\u0103lucitor \u0219i arat\u0103 mai s\u0103n\u0103tos. Usc\u0103torul de p\u0103r poate fi setat la 3 niveluri de temperatur\u0103\/putere + Cool Shot. Datorit\u0103 m\u00e2nerului pliabil,...\" \/>\n<meta property=\"og:url\" content=\"https:\/\/shopatoa.com\/ro\/proficare-uscator-de-par-compact-ht-3073-bl\/\" \/>\n<meta property=\"og:site_name\" content=\"SHOPATOA\" \/>\n<meta property=\"article:modified_time\" content=\"2025-12-14T13:33:10+00:00\" \/>\n<meta property=\"og:image\" content=\"https:\/\/storage.googleapis.com\/cz-shopatoa-img\/ro\/7a4f132d-unnamed-file.webp\" \/>\n\t<meta property=\"og:image:width\" content=\"800\" \/>\n\t<meta property=\"og:image:height\" content=\"800\" \/>\n\t<meta property=\"og:image:type\" content=\"image\/webp\" \/>\n<meta name=\"twitter:card\" content=\"summary_large_image\" \/>\n<meta name=\"twitter:label1\" content=\"Timp estimat pentru citire\" \/>\n\t<meta name=\"twitter:data1\" content=\"1 minut\" \/>\n<script type=\"application\/ld+json\" class=\"yoast-schema-graph\">{\"@context\":\"https:\\\/\\\/schema.org\",\"@graph\":[{\"@type\":\"WebPage\",\"@id\":\"https:\\\/\\\/shopatoa.com\\\/ro\\\/proficare-uscator-de-par-compact-ht-3073-bl\\\/\",\"url\":\"https:\\\/\\\/shopatoa.com\\\/ro\\\/proficare-uscator-de-par-compact-ht-3073-bl\\\/\",\"name\":\"ProfiCare Usc\u0103tor de p\u0103r compact HT 3073 BL - SHOPATOA.COM\",\"isPartOf\":{\"@id\":\"https:\\\/\\\/shopatoa.com\\\/ro\\\/#website\"},\"primaryImageOfPage\":{\"@id\":\"https:\\\/\\\/shopatoa.com\\\/ro\\\/proficare-uscator-de-par-compact-ht-3073-bl\\\/#primaryimage\"},\"image\":{\"@id\":\"https:\\\/\\\/shopatoa.com\\\/ro\\\/proficare-uscator-de-par-compact-ht-3073-bl\\\/#primaryimage\"},\"thumbnailUrl\":\"https:\\\/\\\/storage.googleapis.com\\\/cz-shopatoa-img\\\/ro\\\/7a4f132d-unnamed-file.webp\",\"datePublished\":\"2025-04-27T22:45:43+00:00\",\"dateModified\":\"2025-12-14T13:33:10+00:00\",\"breadcrumb\":{\"@id\":\"https:\\\/\\\/shopatoa.com\\\/ro\\\/proficare-uscator-de-par-compact-ht-3073-bl\\\/#breadcrumb\"},\"inLanguage\":\"ro-RO\",\"potentialAction\":[{\"@type\":\"ReadAction\",\"target\":[\"https:\\\/\\\/shopatoa.com\\\/ro\\\/proficare-uscator-de-par-compact-ht-3073-bl\\\/\"]}]},{\"@type\":\"ImageObject\",\"inLanguage\":\"ro-RO\",\"@id\":\"https:\\\/\\\/shopatoa.com\\\/ro\\\/proficare-uscator-de-par-compact-ht-3073-bl\\\/#primaryimage\",\"url\":\"https:\\\/\\\/storage.googleapis.com\\\/cz-shopatoa-img\\\/ro\\\/7a4f132d-unnamed-file.webp\",\"contentUrl\":\"https:\\\/\\\/storage.googleapis.com\\\/cz-shopatoa-img\\\/ro\\\/7a4f132d-unnamed-file.webp\",\"width\":800,\"height\":800},{\"@type\":\"BreadcrumbList\",\"@id\":\"https:\\\/\\\/shopatoa.com\\\/ro\\\/proficare-uscator-de-par-compact-ht-3073-bl\\\/#breadcrumb\",\"itemListElement\":[{\"@type\":\"ListItem\",\"position\":1,\"name\":\"Dom\u016f\",\"item\":\"https:\\\/\\\/shopatoa.com\\\/ro\\\/\"},{\"@type\":\"ListItem\",\"position\":2,\"name\":\"Shop\",\"item\":\"https:\\\/\\\/shopatoa.com\\\/ro\\\/shop\\\/\"},{\"@type\":\"ListItem\",\"position\":3,\"name\":\"Cosmetice\",\"item\":\"https:\\\/\\\/shopatoa.com\\\/ro\\\/cosmetice\\\/\"},{\"@type\":\"ListItem\",\"position\":4,\"name\":\"Produse cosmetice pentru p\u0103r\",\"item\":\"https:\\\/\\\/shopatoa.com\\\/ro\\\/produse-cosmetice-pentru-par\\\/\"},{\"@type\":\"ListItem\",\"position\":5,\"name\":\"Produse, aparate \u0219i accesorii pentru p\u0103r\",\"item\":\"https:\\\/\\\/shopatoa.com\\\/ro\\\/produse-aparate-si-accesorii-pentru-par\\\/\"},{\"@type\":\"ListItem\",\"position\":6,\"name\":\"Usc\u0103toare de p\u0103r, fenuri\",\"item\":\"https:\\\/\\\/shopatoa.com\\\/ro\\\/uscatoare-de-par-fenuri\\\/\"},{\"@type\":\"ListItem\",\"position\":7,\"name\":\"ProfiCare Usc\u0103tor de p\u0103r compact HT 3073 BL\"}]},{\"@type\":\"WebSite\",\"@id\":\"https:\\\/\\\/shopatoa.com\\\/ro\\\/#website\",\"url\":\"https:\\\/\\\/shopatoa.com\\\/ro\\\/\",\"name\":\"SHOPATOA\",\"description\":\"\",\"publisher\":{\"@id\":\"https:\\\/\\\/shopatoa.com\\\/ro\\\/#organization\"},\"potentialAction\":[{\"@type\":\"SearchAction\",\"target\":{\"@type\":\"EntryPoint\",\"urlTemplate\":\"https:\\\/\\\/shopatoa.com\\\/ro\\\/?s={search_term_string}\"},\"query-input\":{\"@type\":\"PropertyValueSpecification\",\"valueRequired\":true,\"valueName\":\"search_term_string\"}}],\"inLanguage\":\"ro-RO\"},{\"@type\":\"Organization\",\"@id\":\"https:\\\/\\\/shopatoa.com\\\/ro\\\/#organization\",\"name\":\"SHOPATOA\",\"url\":\"https:\\\/\\\/shopatoa.com\\\/ro\\\/\",\"logo\":{\"@type\":\"ImageObject\",\"inLanguage\":\"ro-RO\",\"@id\":\"https:\\\/\\\/shopatoa.com\\\/ro\\\/#\\\/schema\\\/logo\\\/image\\\/\",\"url\":\"https:\\\/\\\/storage.googleapis.com\\\/cz-shopatoa-img\\\/ro\\\/b4dac915-shopatoa_logo.png\",\"contentUrl\":\"https:\\\/\\\/storage.googleapis.com\\\/cz-shopatoa-img\\\/ro\\\/b4dac915-shopatoa_logo.png\",\"width\":416,\"height\":63,\"caption\":\"SHOPATOA\"},\"image\":{\"@id\":\"https:\\\/\\\/shopatoa.com\\\/ro\\\/#\\\/schema\\\/logo\\\/image\\\/\"}}]}<\/script>\n<!-- \/ Yoast SEO plugin. -->","yoast_head_json":{"title":"ProfiCare Usc\u0103tor de p\u0103r compact HT 3073 BL - SHOPATOA.COM","robots":{"index":"index","follow":"follow","max-snippet":"max-snippet:-1","max-image-preview":"max-image-preview:large","max-video-preview":"max-video-preview:-1"},"canonical":"https:\/\/shopatoa.com\/ro\/proficare-uscator-de-par-compact-ht-3073-bl\/","og_locale":"ro_RO","og_type":"article","og_title":"ProfiCare Usc\u0103tor de p\u0103r compact HT 3073 BL - SHOPATOA.COM","og_description":"Usc\u0103torul de p\u0103r compact cu o putere maxim\u0103 de 1.600 W este echipat cu o func\u021bie de ionizare. Ofer\u0103 posibilit\u0103\u021bi \u00eembun\u0103t\u0103\u021bite de coafur\u0103 datorit\u0103 efectului antistatic &#8211; p\u0103rul este at\u00e2t de moale \u0219i str\u0103lucitor \u0219i arat\u0103 mai s\u0103n\u0103tos. Usc\u0103torul de p\u0103r poate fi setat la 3 niveluri de temperatur\u0103\/putere + Cool Shot. Datorit\u0103 m\u00e2nerului pliabil,...","og_url":"https:\/\/shopatoa.com\/ro\/proficare-uscator-de-par-compact-ht-3073-bl\/","og_site_name":"SHOPATOA","article_modified_time":"2025-12-14T13:33:10+00:00","og_image":[{"width":800,"height":800,"url":"https:\/\/storage.googleapis.com\/cz-shopatoa-img\/ro\/7a4f132d-unnamed-file.webp","type":"image\/webp"}],"twitter_card":"summary_large_image","twitter_misc":{"Timp estimat pentru citire":"1 minut"},"schema":{"@context":"https:\/\/schema.org","@graph":[{"@type":"WebPage","@id":"https:\/\/shopatoa.com\/ro\/proficare-uscator-de-par-compact-ht-3073-bl\/","url":"https:\/\/shopatoa.com\/ro\/proficare-uscator-de-par-compact-ht-3073-bl\/","name":"ProfiCare Usc\u0103tor de p\u0103r compact HT 3073 BL - SHOPATOA.COM","isPartOf":{"@id":"https:\/\/shopatoa.com\/ro\/#website"},"primaryImageOfPage":{"@id":"https:\/\/shopatoa.com\/ro\/proficare-uscator-de-par-compact-ht-3073-bl\/#primaryimage"},"image":{"@id":"https:\/\/shopatoa.com\/ro\/proficare-uscator-de-par-compact-ht-3073-bl\/#primaryimage"},"thumbnailUrl":"https:\/\/storage.googleapis.com\/cz-shopatoa-img\/ro\/7a4f132d-unnamed-file.webp","datePublished":"2025-04-27T22:45:43+00:00","dateModified":"2025-12-14T13:33:10+00:00","breadcrumb":{"@id":"https:\/\/shopatoa.com\/ro\/proficare-uscator-de-par-compact-ht-3073-bl\/#breadcrumb"},"inLanguage":"ro-RO","potentialAction":[{"@type":"ReadAction","target":["https:\/\/shopatoa.com\/ro\/proficare-uscator-de-par-compact-ht-3073-bl\/"]}]},{"@type":"ImageObject","inLanguage":"ro-RO","@id":"https:\/\/shopatoa.com\/ro\/proficare-uscator-de-par-compact-ht-3073-bl\/#primaryimage","url":"https:\/\/storage.googleapis.com\/cz-shopatoa-img\/ro\/7a4f132d-unnamed-file.webp","contentUrl":"https:\/\/storage.googleapis.com\/cz-shopatoa-img\/ro\/7a4f132d-unnamed-file.webp","width":800,"height":800},{"@type":"BreadcrumbList","@id":"https:\/\/shopatoa.com\/ro\/proficare-uscator-de-par-compact-ht-3073-bl\/#breadcrumb","itemListElement":[{"@type":"ListItem","position":1,"name":"Dom\u016f","item":"https:\/\/shopatoa.com\/ro\/"},{"@type":"ListItem","position":2,"name":"Shop","item":"https:\/\/shopatoa.com\/ro\/shop\/"},{"@type":"ListItem","position":3,"name":"Cosmetice","item":"https:\/\/shopatoa.com\/ro\/cosmetice\/"},{"@type":"ListItem","position":4,"name":"Produse cosmetice pentru p\u0103r","item":"https:\/\/shopatoa.com\/ro\/produse-cosmetice-pentru-par\/"},{"@type":"ListItem","position":5,"name":"Produse, aparate \u0219i accesorii pentru p\u0103r","item":"https:\/\/shopatoa.com\/ro\/produse-aparate-si-accesorii-pentru-par\/"},{"@type":"ListItem","position":6,"name":"Usc\u0103toare de p\u0103r, fenuri","item":"https:\/\/shopatoa.com\/ro\/uscatoare-de-par-fenuri\/"},{"@type":"ListItem","position":7,"name":"ProfiCare Usc\u0103tor de p\u0103r compact HT 3073 BL"}]},{"@type":"WebSite","@id":"https:\/\/shopatoa.com\/ro\/#website","url":"https:\/\/shopatoa.com\/ro\/","name":"SHOPATOA","description":"","publisher":{"@id":"https:\/\/shopatoa.com\/ro\/#organization"},"potentialAction":[{"@type":"SearchAction","target":{"@type":"EntryPoint","urlTemplate":"https:\/\/shopatoa.com\/ro\/?s={search_term_string}"},"query-input":{"@type":"PropertyValueSpecification","valueRequired":true,"valueName":"search_term_string"}}],"inLanguage":"ro-RO"},{"@type":"Organization","@id":"https:\/\/shopatoa.com\/ro\/#organization","name":"SHOPATOA","url":"https:\/\/shopatoa.com\/ro\/","logo":{"@type":"ImageObject","inLanguage":"ro-RO","@id":"https:\/\/shopatoa.com\/ro\/#\/schema\/logo\/image\/","url":"https:\/\/storage.googleapis.com\/cz-shopatoa-img\/ro\/b4dac915-shopatoa_logo.png","contentUrl":"https:\/\/storage.googleapis.com\/cz-shopatoa-img\/ro\/b4dac915-shopatoa_logo.png","width":416,"height":63,"caption":"SHOPATOA"},"image":{"@id":"https:\/\/shopatoa.com\/ro\/#\/schema\/logo\/image\/"}}]}},"_links":{"self":[{"href":"https:\/\/shopatoa.com\/ro\/wp-json\/wp\/v2\/product\/263652","targetHints":{"allow":["GET"]}}],"collection":[{"href":"https:\/\/shopatoa.com\/ro\/wp-json\/wp\/v2\/product"}],"about":[{"href":"https:\/\/shopatoa.com\/ro\/wp-json\/wp\/v2\/types\/product"}],"replies":[{"embeddable":true,"href":"https:\/\/shopatoa.com\/ro\/wp-json\/wp\/v2\/comments?post=263652"}],"wp:featuredmedia":[{"embeddable":true,"href":"https:\/\/shopatoa.com\/ro\/wp-json\/wp\/v2\/media\/340083"}],"wp:attachment":[{"href":"https:\/\/shopatoa.com\/ro\/wp-json\/wp\/v2\/media?parent=263652"}],"wp:term":[{"taxonomy":"product_brand","embeddable":true,"href":"https:\/\/shopatoa.com\/ro\/wp-json\/wp\/v2\/product_brand?post=263652"},{"taxonomy":"product_cat","embeddable":true,"href":"https:\/\/shopatoa.com\/ro\/wp-json\/wp\/v2\/product_cat?post=263652"},{"taxonomy":"product_tag","embeddable":true,"href":"https:\/\/shopatoa.com\/ro\/wp-json\/wp\/v2\/product_tag?post=263652"}],"curies":[{"name":"wp","href":"https:\/\/api.w.org\/{rel}","templated":true}]}}