{"id":263655,"date":"2025-04-28T00:46:11","date_gmt":"2025-04-27T22:46:11","guid":{"rendered":"https:\/\/shopatoa.com\/ro\/proficare-uscator-de-par-profesional-ht-3010-br\/"},"modified":"2025-12-14T14:33:00","modified_gmt":"2025-12-14T13:33:00","slug":"proficare-uscator-de-par-profesional-ht-3010-br","status":"publish","type":"product","link":"https:\/\/shopatoa.com\/ro\/proficare-uscator-de-par-profesional-ht-3010-br\/","title":{"rendered":"ProfiCare Usc\u0103tor de p\u0103r profesional HT 3010 BR"},"content":{"rendered":"<p>Usc\u0103torul de p\u0103r HT 3010 este bl\u00e2nd cu p\u0103rul \u0219i nu \u00eel deterioreaz\u0103 \u00een timpul usc\u0103rii. Cu toate acestea, reu\u0219e\u0219te s\u0103 le usuce rapid, datorit\u0103 puterii de 2.200 W. Avantajul este func\u021bia de ionizare pentru a crea un efect antistatic \u0219i un aspect str\u0103lucitor al p\u0103rului. Usc\u0103torul de p\u0103r poate fi ac\u021bionat \u00een 3 temperaturi \u0219i 2 viteze. Exist\u0103 \u0219i aer rece pentru ajust\u0103rile finale \u0219i coafarea p\u0103rului. Aerul de admisie trece printr-un filtru de aer deta\u0219abil, astfel \u00eenc\u00e2t toate impurit\u0103\u021bile sunt prinse \u00een el. Ochiul de ag\u0103\u021bat de pe m\u00e2ner este folosit pentru o depozitare mai convenabil\u0103. Protec\u021bia \u00eempotriva supra\u00eenc\u0103lzirii are grij\u0103 de siguran\u021b\u0103.<\/p>\n","protected":false},"excerpt":{"rendered":"<p>Usc\u0103torul de p\u0103r HT 3010 este bl\u00e2nd cu p\u0103rul \u0219i nu \u00eel deterioreaz\u0103 \u00een timpul usc\u0103rii. Cu toate acestea, reu\u0219e\u0219te s\u0103 le usuce rapid, datorit\u0103 puterii de 2.200 W. Avantajul este func\u021bia de ionizare pentru a crea un efect antistatic \u0219i un aspect str\u0103lucitor al p\u0103rului. Usc\u0103torul de p\u0103r poate fi ac\u021bionat \u00een 3 temperaturi&#8230;<\/p>\n","protected":false},"featured_media":340086,"comment_status":"closed","ping_status":"open","template":"","meta":{"_acf_changed":false,"_kadence_starter_templates_imported_post":false,"_kad_post_transparent":"","_kad_post_title":"","_kad_post_layout":"","_kad_post_sidebar_id":"","_kad_post_content_style":"","_kad_post_vertical_padding":"","_kad_post_feature":"","_kad_post_feature_position":"","_kad_post_header":false,"_kad_post_footer":false,"_kad_post_classname":""},"product_brand":[876],"product_cat":[246,623,624,762],"product_tag":[],"class_list":{"0":"post-263655","1":"product","2":"type-product","3":"status-publish","4":"has-post-thumbnail","6":"product_brand-proficare","7":"product_cat-cosmetice","8":"product_cat-produse-cosmetice-pentru-par","9":"product_cat-produse-aparate-si-accesorii-pentru-par","10":"product_cat-uscatoare-de-par-fenuri","12":"first","13":"instock","14":"product-type-external","15":"entry","16":"content-bg","17":"loop-entry"},"acf":[],"yoast_head":"<!-- This site is optimized with the Yoast SEO plugin v27.4 - https:\/\/yoast.com\/product\/yoast-seo-wordpress\/ -->\n<title>ProfiCare Usc\u0103tor de p\u0103r profesional HT 3010 BR - SHOPATOA.COM<\/title>\n<meta name=\"robots\" content=\"index, follow, max-snippet:-1, max-image-preview:large, max-video-preview:-1\" \/>\n<link rel=\"canonical\" href=\"https:\/\/shopatoa.com\/ro\/proficare-uscator-de-par-profesional-ht-3010-br\/\" \/>\n<meta property=\"og:locale\" content=\"ro_RO\" \/>\n<meta property=\"og:type\" content=\"article\" \/>\n<meta property=\"og:title\" content=\"ProfiCare Usc\u0103tor de p\u0103r profesional HT 3010 BR - SHOPATOA.COM\" \/>\n<meta property=\"og:description\" content=\"Usc\u0103torul de p\u0103r HT 3010 este bl\u00e2nd cu p\u0103rul \u0219i nu \u00eel deterioreaz\u0103 \u00een timpul usc\u0103rii. Cu toate acestea, reu\u0219e\u0219te s\u0103 le usuce rapid, datorit\u0103 puterii de 2.200 W. Avantajul este func\u021bia de ionizare pentru a crea un efect antistatic \u0219i un aspect str\u0103lucitor al p\u0103rului. Usc\u0103torul de p\u0103r poate fi ac\u021bionat \u00een 3 temperaturi...\" \/>\n<meta property=\"og:url\" content=\"https:\/\/shopatoa.com\/ro\/proficare-uscator-de-par-profesional-ht-3010-br\/\" \/>\n<meta property=\"og:site_name\" content=\"SHOPATOA\" \/>\n<meta property=\"article:modified_time\" content=\"2025-12-14T13:33:00+00:00\" \/>\n<meta property=\"og:image\" content=\"https:\/\/storage.googleapis.com\/cz-shopatoa-img\/ro\/c9d6ef6b-unnamed-file.webp\" \/>\n\t<meta property=\"og:image:width\" content=\"800\" \/>\n\t<meta property=\"og:image:height\" content=\"800\" \/>\n\t<meta property=\"og:image:type\" content=\"image\/webp\" \/>\n<meta name=\"twitter:card\" content=\"summary_large_image\" \/>\n<meta name=\"twitter:label1\" content=\"Timp estimat pentru citire\" \/>\n\t<meta name=\"twitter:data1\" content=\"1 minut\" \/>\n<script type=\"application\/ld+json\" class=\"yoast-schema-graph\">{\"@context\":\"https:\\\/\\\/schema.org\",\"@graph\":[{\"@type\":\"WebPage\",\"@id\":\"https:\\\/\\\/shopatoa.com\\\/ro\\\/proficare-uscator-de-par-profesional-ht-3010-br\\\/\",\"url\":\"https:\\\/\\\/shopatoa.com\\\/ro\\\/proficare-uscator-de-par-profesional-ht-3010-br\\\/\",\"name\":\"ProfiCare Usc\u0103tor de p\u0103r profesional HT 3010 BR - SHOPATOA.COM\",\"isPartOf\":{\"@id\":\"https:\\\/\\\/shopatoa.com\\\/ro\\\/#website\"},\"primaryImageOfPage\":{\"@id\":\"https:\\\/\\\/shopatoa.com\\\/ro\\\/proficare-uscator-de-par-profesional-ht-3010-br\\\/#primaryimage\"},\"image\":{\"@id\":\"https:\\\/\\\/shopatoa.com\\\/ro\\\/proficare-uscator-de-par-profesional-ht-3010-br\\\/#primaryimage\"},\"thumbnailUrl\":\"https:\\\/\\\/storage.googleapis.com\\\/cz-shopatoa-img\\\/ro\\\/c9d6ef6b-unnamed-file.webp\",\"datePublished\":\"2025-04-27T22:46:11+00:00\",\"dateModified\":\"2025-12-14T13:33:00+00:00\",\"breadcrumb\":{\"@id\":\"https:\\\/\\\/shopatoa.com\\\/ro\\\/proficare-uscator-de-par-profesional-ht-3010-br\\\/#breadcrumb\"},\"inLanguage\":\"ro-RO\",\"potentialAction\":[{\"@type\":\"ReadAction\",\"target\":[\"https:\\\/\\\/shopatoa.com\\\/ro\\\/proficare-uscator-de-par-profesional-ht-3010-br\\\/\"]}]},{\"@type\":\"ImageObject\",\"inLanguage\":\"ro-RO\",\"@id\":\"https:\\\/\\\/shopatoa.com\\\/ro\\\/proficare-uscator-de-par-profesional-ht-3010-br\\\/#primaryimage\",\"url\":\"https:\\\/\\\/storage.googleapis.com\\\/cz-shopatoa-img\\\/ro\\\/c9d6ef6b-unnamed-file.webp\",\"contentUrl\":\"https:\\\/\\\/storage.googleapis.com\\\/cz-shopatoa-img\\\/ro\\\/c9d6ef6b-unnamed-file.webp\",\"width\":800,\"height\":800},{\"@type\":\"BreadcrumbList\",\"@id\":\"https:\\\/\\\/shopatoa.com\\\/ro\\\/proficare-uscator-de-par-profesional-ht-3010-br\\\/#breadcrumb\",\"itemListElement\":[{\"@type\":\"ListItem\",\"position\":1,\"name\":\"Dom\u016f\",\"item\":\"https:\\\/\\\/shopatoa.com\\\/ro\\\/\"},{\"@type\":\"ListItem\",\"position\":2,\"name\":\"Shop\",\"item\":\"https:\\\/\\\/shopatoa.com\\\/ro\\\/shop\\\/\"},{\"@type\":\"ListItem\",\"position\":3,\"name\":\"Cosmetice\",\"item\":\"https:\\\/\\\/shopatoa.com\\\/ro\\\/cosmetice\\\/\"},{\"@type\":\"ListItem\",\"position\":4,\"name\":\"Produse cosmetice pentru p\u0103r\",\"item\":\"https:\\\/\\\/shopatoa.com\\\/ro\\\/produse-cosmetice-pentru-par\\\/\"},{\"@type\":\"ListItem\",\"position\":5,\"name\":\"Produse, aparate \u0219i accesorii pentru p\u0103r\",\"item\":\"https:\\\/\\\/shopatoa.com\\\/ro\\\/produse-aparate-si-accesorii-pentru-par\\\/\"},{\"@type\":\"ListItem\",\"position\":6,\"name\":\"Usc\u0103toare de p\u0103r, fenuri\",\"item\":\"https:\\\/\\\/shopatoa.com\\\/ro\\\/uscatoare-de-par-fenuri\\\/\"},{\"@type\":\"ListItem\",\"position\":7,\"name\":\"ProfiCare Usc\u0103tor de p\u0103r profesional HT 3010 BR\"}]},{\"@type\":\"WebSite\",\"@id\":\"https:\\\/\\\/shopatoa.com\\\/ro\\\/#website\",\"url\":\"https:\\\/\\\/shopatoa.com\\\/ro\\\/\",\"name\":\"SHOPATOA\",\"description\":\"\",\"publisher\":{\"@id\":\"https:\\\/\\\/shopatoa.com\\\/ro\\\/#organization\"},\"potentialAction\":[{\"@type\":\"SearchAction\",\"target\":{\"@type\":\"EntryPoint\",\"urlTemplate\":\"https:\\\/\\\/shopatoa.com\\\/ro\\\/?s={search_term_string}\"},\"query-input\":{\"@type\":\"PropertyValueSpecification\",\"valueRequired\":true,\"valueName\":\"search_term_string\"}}],\"inLanguage\":\"ro-RO\"},{\"@type\":\"Organization\",\"@id\":\"https:\\\/\\\/shopatoa.com\\\/ro\\\/#organization\",\"name\":\"SHOPATOA\",\"url\":\"https:\\\/\\\/shopatoa.com\\\/ro\\\/\",\"logo\":{\"@type\":\"ImageObject\",\"inLanguage\":\"ro-RO\",\"@id\":\"https:\\\/\\\/shopatoa.com\\\/ro\\\/#\\\/schema\\\/logo\\\/image\\\/\",\"url\":\"https:\\\/\\\/storage.googleapis.com\\\/cz-shopatoa-img\\\/ro\\\/b4dac915-shopatoa_logo.png\",\"contentUrl\":\"https:\\\/\\\/storage.googleapis.com\\\/cz-shopatoa-img\\\/ro\\\/b4dac915-shopatoa_logo.png\",\"width\":416,\"height\":63,\"caption\":\"SHOPATOA\"},\"image\":{\"@id\":\"https:\\\/\\\/shopatoa.com\\\/ro\\\/#\\\/schema\\\/logo\\\/image\\\/\"}}]}<\/script>\n<!-- \/ Yoast SEO plugin. -->","yoast_head_json":{"title":"ProfiCare Usc\u0103tor de p\u0103r profesional HT 3010 BR - SHOPATOA.COM","robots":{"index":"index","follow":"follow","max-snippet":"max-snippet:-1","max-image-preview":"max-image-preview:large","max-video-preview":"max-video-preview:-1"},"canonical":"https:\/\/shopatoa.com\/ro\/proficare-uscator-de-par-profesional-ht-3010-br\/","og_locale":"ro_RO","og_type":"article","og_title":"ProfiCare Usc\u0103tor de p\u0103r profesional HT 3010 BR - SHOPATOA.COM","og_description":"Usc\u0103torul de p\u0103r HT 3010 este bl\u00e2nd cu p\u0103rul \u0219i nu \u00eel deterioreaz\u0103 \u00een timpul usc\u0103rii. Cu toate acestea, reu\u0219e\u0219te s\u0103 le usuce rapid, datorit\u0103 puterii de 2.200 W. Avantajul este func\u021bia de ionizare pentru a crea un efect antistatic \u0219i un aspect str\u0103lucitor al p\u0103rului. Usc\u0103torul de p\u0103r poate fi ac\u021bionat \u00een 3 temperaturi...","og_url":"https:\/\/shopatoa.com\/ro\/proficare-uscator-de-par-profesional-ht-3010-br\/","og_site_name":"SHOPATOA","article_modified_time":"2025-12-14T13:33:00+00:00","og_image":[{"width":800,"height":800,"url":"https:\/\/storage.googleapis.com\/cz-shopatoa-img\/ro\/c9d6ef6b-unnamed-file.webp","type":"image\/webp"}],"twitter_card":"summary_large_image","twitter_misc":{"Timp estimat pentru citire":"1 minut"},"schema":{"@context":"https:\/\/schema.org","@graph":[{"@type":"WebPage","@id":"https:\/\/shopatoa.com\/ro\/proficare-uscator-de-par-profesional-ht-3010-br\/","url":"https:\/\/shopatoa.com\/ro\/proficare-uscator-de-par-profesional-ht-3010-br\/","name":"ProfiCare Usc\u0103tor de p\u0103r profesional HT 3010 BR - SHOPATOA.COM","isPartOf":{"@id":"https:\/\/shopatoa.com\/ro\/#website"},"primaryImageOfPage":{"@id":"https:\/\/shopatoa.com\/ro\/proficare-uscator-de-par-profesional-ht-3010-br\/#primaryimage"},"image":{"@id":"https:\/\/shopatoa.com\/ro\/proficare-uscator-de-par-profesional-ht-3010-br\/#primaryimage"},"thumbnailUrl":"https:\/\/storage.googleapis.com\/cz-shopatoa-img\/ro\/c9d6ef6b-unnamed-file.webp","datePublished":"2025-04-27T22:46:11+00:00","dateModified":"2025-12-14T13:33:00+00:00","breadcrumb":{"@id":"https:\/\/shopatoa.com\/ro\/proficare-uscator-de-par-profesional-ht-3010-br\/#breadcrumb"},"inLanguage":"ro-RO","potentialAction":[{"@type":"ReadAction","target":["https:\/\/shopatoa.com\/ro\/proficare-uscator-de-par-profesional-ht-3010-br\/"]}]},{"@type":"ImageObject","inLanguage":"ro-RO","@id":"https:\/\/shopatoa.com\/ro\/proficare-uscator-de-par-profesional-ht-3010-br\/#primaryimage","url":"https:\/\/storage.googleapis.com\/cz-shopatoa-img\/ro\/c9d6ef6b-unnamed-file.webp","contentUrl":"https:\/\/storage.googleapis.com\/cz-shopatoa-img\/ro\/c9d6ef6b-unnamed-file.webp","width":800,"height":800},{"@type":"BreadcrumbList","@id":"https:\/\/shopatoa.com\/ro\/proficare-uscator-de-par-profesional-ht-3010-br\/#breadcrumb","itemListElement":[{"@type":"ListItem","position":1,"name":"Dom\u016f","item":"https:\/\/shopatoa.com\/ro\/"},{"@type":"ListItem","position":2,"name":"Shop","item":"https:\/\/shopatoa.com\/ro\/shop\/"},{"@type":"ListItem","position":3,"name":"Cosmetice","item":"https:\/\/shopatoa.com\/ro\/cosmetice\/"},{"@type":"ListItem","position":4,"name":"Produse cosmetice pentru p\u0103r","item":"https:\/\/shopatoa.com\/ro\/produse-cosmetice-pentru-par\/"},{"@type":"ListItem","position":5,"name":"Produse, aparate \u0219i accesorii pentru p\u0103r","item":"https:\/\/shopatoa.com\/ro\/produse-aparate-si-accesorii-pentru-par\/"},{"@type":"ListItem","position":6,"name":"Usc\u0103toare de p\u0103r, fenuri","item":"https:\/\/shopatoa.com\/ro\/uscatoare-de-par-fenuri\/"},{"@type":"ListItem","position":7,"name":"ProfiCare Usc\u0103tor de p\u0103r profesional HT 3010 BR"}]},{"@type":"WebSite","@id":"https:\/\/shopatoa.com\/ro\/#website","url":"https:\/\/shopatoa.com\/ro\/","name":"SHOPATOA","description":"","publisher":{"@id":"https:\/\/shopatoa.com\/ro\/#organization"},"potentialAction":[{"@type":"SearchAction","target":{"@type":"EntryPoint","urlTemplate":"https:\/\/shopatoa.com\/ro\/?s={search_term_string}"},"query-input":{"@type":"PropertyValueSpecification","valueRequired":true,"valueName":"search_term_string"}}],"inLanguage":"ro-RO"},{"@type":"Organization","@id":"https:\/\/shopatoa.com\/ro\/#organization","name":"SHOPATOA","url":"https:\/\/shopatoa.com\/ro\/","logo":{"@type":"ImageObject","inLanguage":"ro-RO","@id":"https:\/\/shopatoa.com\/ro\/#\/schema\/logo\/image\/","url":"https:\/\/storage.googleapis.com\/cz-shopatoa-img\/ro\/b4dac915-shopatoa_logo.png","contentUrl":"https:\/\/storage.googleapis.com\/cz-shopatoa-img\/ro\/b4dac915-shopatoa_logo.png","width":416,"height":63,"caption":"SHOPATOA"},"image":{"@id":"https:\/\/shopatoa.com\/ro\/#\/schema\/logo\/image\/"}}]}},"_links":{"self":[{"href":"https:\/\/shopatoa.com\/ro\/wp-json\/wp\/v2\/product\/263655","targetHints":{"allow":["GET"]}}],"collection":[{"href":"https:\/\/shopatoa.com\/ro\/wp-json\/wp\/v2\/product"}],"about":[{"href":"https:\/\/shopatoa.com\/ro\/wp-json\/wp\/v2\/types\/product"}],"replies":[{"embeddable":true,"href":"https:\/\/shopatoa.com\/ro\/wp-json\/wp\/v2\/comments?post=263655"}],"wp:featuredmedia":[{"embeddable":true,"href":"https:\/\/shopatoa.com\/ro\/wp-json\/wp\/v2\/media\/340086"}],"wp:attachment":[{"href":"https:\/\/shopatoa.com\/ro\/wp-json\/wp\/v2\/media?parent=263655"}],"wp:term":[{"taxonomy":"product_brand","embeddable":true,"href":"https:\/\/shopatoa.com\/ro\/wp-json\/wp\/v2\/product_brand?post=263655"},{"taxonomy":"product_cat","embeddable":true,"href":"https:\/\/shopatoa.com\/ro\/wp-json\/wp\/v2\/product_cat?post=263655"},{"taxonomy":"product_tag","embeddable":true,"href":"https:\/\/shopatoa.com\/ro\/wp-json\/wp\/v2\/product_tag?post=263655"}],"curies":[{"name":"wp","href":"https:\/\/api.w.org\/{rel}","templated":true}]}}