{"id":263658,"date":"2025-04-28T00:46:38","date_gmt":"2025-04-27T22:46:38","guid":{"rendered":"https:\/\/shopatoa.com\/ro\/proficare-aparat-pentru-calcaie-phe-3092\/"},"modified":"2025-10-19T16:45:31","modified_gmt":"2025-10-19T14:45:31","slug":"proficare-aparat-pentru-calcaie-phe-3092","status":"publish","type":"product","link":"https:\/\/shopatoa.com\/ro\/proficare-aparat-pentru-calcaie-phe-3092\/","title":{"rendered":"ProfiCare Aparat pentru c\u0103lc\u00e2ie PHE 3092"},"content":{"rendered":"<p>Aparatul de c\u0103lc\u00e2i asigur\u0103 \u00eendep\u0103rtarea eficient\u0103 a pielii dure datorit\u0103 suprafe\u021bei speciale a rolelor. Gradul s\u0103u de protec\u021bie este IPX4, ceea ce asigur\u0103 rezisten\u021ba la stropirea cu ap\u0103. Include 2 role \u00eenlocuibile pentru piele fin\u0103 \u0219i tare. Rolele pot fi \u00eenlocuite cu u\u0219urin\u021b\u0103 cu un sistem simplu de clic. Pedichiura cu aparatul acesta este mai bl\u00e2nd\u0103, mai rapid\u0103, mai eficient\u0103 \u0219i mai sigur\u0103 dec\u00e2t racletele metalice sau pilele. \u00cendep\u0103rteaz\u0103 \u0219i neteze\u0219te pielea uscat\u0103, aspr\u0103 \u0219i caloas\u0103 de pe picioare, m\u00e2ini \u0219i coate. Ajunge \u0219i \u00een locuri greu accesibile. Dispozitivul are un cap deta\u0219abil pentru o cur\u0103\u021bare u\u0219oar\u0103.<\/p>\n","protected":false},"excerpt":{"rendered":"<p>Aparatul de c\u0103lc\u00e2i asigur\u0103 \u00eendep\u0103rtarea eficient\u0103 a pielii dure datorit\u0103 suprafe\u021bei speciale a rolelor. Gradul s\u0103u de protec\u021bie este IPX4, ceea ce asigur\u0103 rezisten\u021ba la stropirea cu ap\u0103. Include 2 role \u00eenlocuibile pentru piele fin\u0103 \u0219i tare. Rolele pot fi \u00eenlocuite cu u\u0219urin\u021b\u0103 cu un sistem simplu de clic. Pedichiura cu aparatul acesta este mai&#8230;<\/p>\n","protected":false},"featured_media":340089,"comment_status":"closed","ping_status":"open","template":"","meta":{"_acf_changed":false,"_kadence_starter_templates_imported_post":false,"_kad_post_transparent":"","_kad_post_title":"","_kad_post_layout":"","_kad_post_sidebar_id":"","_kad_post_content_style":"","_kad_post_vertical_padding":"","_kad_post_feature":"","_kad_post_feature_position":"","_kad_post_header":false,"_kad_post_footer":false,"_kad_post_classname":""},"product_brand":[876],"product_cat":[246,813,611,730],"product_tag":[],"class_list":{"0":"post-263658","1":"product","2":"type-product","3":"status-publish","4":"has-post-thumbnail","6":"product_brand-proficare","7":"product_cat-cosmetice","8":"product_cat-fisiere-si-peelers-picior","9":"product_cat-produse-cosmetice-pentru-corp","10":"product_cat-produse-cosmetice-pentru-ingrijirea-picioarelor","12":"first","13":"instock","14":"sale","15":"product-type-external","16":"entry","17":"content-bg","18":"loop-entry"},"acf":[],"yoast_head":"<!-- This site is optimized with the Yoast SEO plugin v27.4 - https:\/\/yoast.com\/product\/yoast-seo-wordpress\/ -->\n<title>ProfiCare Aparat pentru c\u0103lc\u00e2ie PHE 3092 - SHOPATOA.COM<\/title>\n<meta name=\"robots\" content=\"index, follow, max-snippet:-1, max-image-preview:large, max-video-preview:-1\" \/>\n<link rel=\"canonical\" href=\"https:\/\/shopatoa.com\/ro\/proficare-aparat-pentru-calcaie-phe-3092\/\" \/>\n<meta property=\"og:locale\" content=\"ro_RO\" \/>\n<meta property=\"og:type\" content=\"article\" \/>\n<meta property=\"og:title\" content=\"ProfiCare Aparat pentru c\u0103lc\u00e2ie PHE 3092 - SHOPATOA.COM\" \/>\n<meta property=\"og:description\" content=\"Aparatul de c\u0103lc\u00e2i asigur\u0103 \u00eendep\u0103rtarea eficient\u0103 a pielii dure datorit\u0103 suprafe\u021bei speciale a rolelor. Gradul s\u0103u de protec\u021bie este IPX4, ceea ce asigur\u0103 rezisten\u021ba la stropirea cu ap\u0103. Include 2 role \u00eenlocuibile pentru piele fin\u0103 \u0219i tare. Rolele pot fi \u00eenlocuite cu u\u0219urin\u021b\u0103 cu un sistem simplu de clic. Pedichiura cu aparatul acesta este mai...\" \/>\n<meta property=\"og:url\" content=\"https:\/\/shopatoa.com\/ro\/proficare-aparat-pentru-calcaie-phe-3092\/\" \/>\n<meta property=\"og:site_name\" content=\"SHOPATOA\" \/>\n<meta property=\"article:modified_time\" content=\"2025-10-19T14:45:31+00:00\" \/>\n<meta property=\"og:image\" content=\"https:\/\/storage.googleapis.com\/cz-shopatoa-img\/ro\/beea4963-unnamed-file.webp\" \/>\n\t<meta property=\"og:image:width\" content=\"800\" \/>\n\t<meta property=\"og:image:height\" content=\"800\" \/>\n\t<meta property=\"og:image:type\" content=\"image\/webp\" \/>\n<meta name=\"twitter:card\" content=\"summary_large_image\" \/>\n<meta name=\"twitter:label1\" content=\"Timp estimat pentru citire\" \/>\n\t<meta name=\"twitter:data1\" content=\"1 minut\" \/>\n<script type=\"application\/ld+json\" class=\"yoast-schema-graph\">{\"@context\":\"https:\\\/\\\/schema.org\",\"@graph\":[{\"@type\":\"WebPage\",\"@id\":\"https:\\\/\\\/shopatoa.com\\\/ro\\\/proficare-aparat-pentru-calcaie-phe-3092\\\/\",\"url\":\"https:\\\/\\\/shopatoa.com\\\/ro\\\/proficare-aparat-pentru-calcaie-phe-3092\\\/\",\"name\":\"ProfiCare Aparat pentru c\u0103lc\u00e2ie PHE 3092 - SHOPATOA.COM\",\"isPartOf\":{\"@id\":\"https:\\\/\\\/shopatoa.com\\\/ro\\\/#website\"},\"primaryImageOfPage\":{\"@id\":\"https:\\\/\\\/shopatoa.com\\\/ro\\\/proficare-aparat-pentru-calcaie-phe-3092\\\/#primaryimage\"},\"image\":{\"@id\":\"https:\\\/\\\/shopatoa.com\\\/ro\\\/proficare-aparat-pentru-calcaie-phe-3092\\\/#primaryimage\"},\"thumbnailUrl\":\"https:\\\/\\\/storage.googleapis.com\\\/cz-shopatoa-img\\\/ro\\\/beea4963-unnamed-file.webp\",\"datePublished\":\"2025-04-27T22:46:38+00:00\",\"dateModified\":\"2025-10-19T14:45:31+00:00\",\"breadcrumb\":{\"@id\":\"https:\\\/\\\/shopatoa.com\\\/ro\\\/proficare-aparat-pentru-calcaie-phe-3092\\\/#breadcrumb\"},\"inLanguage\":\"ro-RO\",\"potentialAction\":[{\"@type\":\"ReadAction\",\"target\":[\"https:\\\/\\\/shopatoa.com\\\/ro\\\/proficare-aparat-pentru-calcaie-phe-3092\\\/\"]}]},{\"@type\":\"ImageObject\",\"inLanguage\":\"ro-RO\",\"@id\":\"https:\\\/\\\/shopatoa.com\\\/ro\\\/proficare-aparat-pentru-calcaie-phe-3092\\\/#primaryimage\",\"url\":\"https:\\\/\\\/storage.googleapis.com\\\/cz-shopatoa-img\\\/ro\\\/beea4963-unnamed-file.webp\",\"contentUrl\":\"https:\\\/\\\/storage.googleapis.com\\\/cz-shopatoa-img\\\/ro\\\/beea4963-unnamed-file.webp\",\"width\":800,\"height\":800},{\"@type\":\"BreadcrumbList\",\"@id\":\"https:\\\/\\\/shopatoa.com\\\/ro\\\/proficare-aparat-pentru-calcaie-phe-3092\\\/#breadcrumb\",\"itemListElement\":[{\"@type\":\"ListItem\",\"position\":1,\"name\":\"Dom\u016f\",\"item\":\"https:\\\/\\\/shopatoa.com\\\/ro\\\/\"},{\"@type\":\"ListItem\",\"position\":2,\"name\":\"Shop\",\"item\":\"https:\\\/\\\/shopatoa.com\\\/ro\\\/shop\\\/\"},{\"@type\":\"ListItem\",\"position\":3,\"name\":\"Cosmetice\",\"item\":\"https:\\\/\\\/shopatoa.com\\\/ro\\\/cosmetice\\\/\"},{\"@type\":\"ListItem\",\"position\":4,\"name\":\"Produse cosmetice pentru corp\",\"item\":\"https:\\\/\\\/shopatoa.com\\\/ro\\\/produse-cosmetice-pentru-corp\\\/\"},{\"@type\":\"ListItem\",\"position\":5,\"name\":\"Produse cosmetice pentru \u00eengrijirea picioarelor\",\"item\":\"https:\\\/\\\/shopatoa.com\\\/ro\\\/produse-cosmetice-pentru-ingrijirea-picioarelor\\\/\"},{\"@type\":\"ListItem\",\"position\":6,\"name\":\"Fi\u0219iere \u0219i peelers picior\",\"item\":\"https:\\\/\\\/shopatoa.com\\\/ro\\\/fisiere-si-peelers-picior\\\/\"},{\"@type\":\"ListItem\",\"position\":7,\"name\":\"ProfiCare Aparat pentru c\u0103lc\u00e2ie PHE 3092\"}]},{\"@type\":\"WebSite\",\"@id\":\"https:\\\/\\\/shopatoa.com\\\/ro\\\/#website\",\"url\":\"https:\\\/\\\/shopatoa.com\\\/ro\\\/\",\"name\":\"SHOPATOA\",\"description\":\"\",\"publisher\":{\"@id\":\"https:\\\/\\\/shopatoa.com\\\/ro\\\/#organization\"},\"potentialAction\":[{\"@type\":\"SearchAction\",\"target\":{\"@type\":\"EntryPoint\",\"urlTemplate\":\"https:\\\/\\\/shopatoa.com\\\/ro\\\/?s={search_term_string}\"},\"query-input\":{\"@type\":\"PropertyValueSpecification\",\"valueRequired\":true,\"valueName\":\"search_term_string\"}}],\"inLanguage\":\"ro-RO\"},{\"@type\":\"Organization\",\"@id\":\"https:\\\/\\\/shopatoa.com\\\/ro\\\/#organization\",\"name\":\"SHOPATOA\",\"url\":\"https:\\\/\\\/shopatoa.com\\\/ro\\\/\",\"logo\":{\"@type\":\"ImageObject\",\"inLanguage\":\"ro-RO\",\"@id\":\"https:\\\/\\\/shopatoa.com\\\/ro\\\/#\\\/schema\\\/logo\\\/image\\\/\",\"url\":\"https:\\\/\\\/storage.googleapis.com\\\/cz-shopatoa-img\\\/ro\\\/b4dac915-shopatoa_logo.png\",\"contentUrl\":\"https:\\\/\\\/storage.googleapis.com\\\/cz-shopatoa-img\\\/ro\\\/b4dac915-shopatoa_logo.png\",\"width\":416,\"height\":63,\"caption\":\"SHOPATOA\"},\"image\":{\"@id\":\"https:\\\/\\\/shopatoa.com\\\/ro\\\/#\\\/schema\\\/logo\\\/image\\\/\"}}]}<\/script>\n<!-- \/ Yoast SEO plugin. -->","yoast_head_json":{"title":"ProfiCare Aparat pentru c\u0103lc\u00e2ie PHE 3092 - SHOPATOA.COM","robots":{"index":"index","follow":"follow","max-snippet":"max-snippet:-1","max-image-preview":"max-image-preview:large","max-video-preview":"max-video-preview:-1"},"canonical":"https:\/\/shopatoa.com\/ro\/proficare-aparat-pentru-calcaie-phe-3092\/","og_locale":"ro_RO","og_type":"article","og_title":"ProfiCare Aparat pentru c\u0103lc\u00e2ie PHE 3092 - SHOPATOA.COM","og_description":"Aparatul de c\u0103lc\u00e2i asigur\u0103 \u00eendep\u0103rtarea eficient\u0103 a pielii dure datorit\u0103 suprafe\u021bei speciale a rolelor. Gradul s\u0103u de protec\u021bie este IPX4, ceea ce asigur\u0103 rezisten\u021ba la stropirea cu ap\u0103. Include 2 role \u00eenlocuibile pentru piele fin\u0103 \u0219i tare. Rolele pot fi \u00eenlocuite cu u\u0219urin\u021b\u0103 cu un sistem simplu de clic. Pedichiura cu aparatul acesta este mai...","og_url":"https:\/\/shopatoa.com\/ro\/proficare-aparat-pentru-calcaie-phe-3092\/","og_site_name":"SHOPATOA","article_modified_time":"2025-10-19T14:45:31+00:00","og_image":[{"width":800,"height":800,"url":"https:\/\/storage.googleapis.com\/cz-shopatoa-img\/ro\/beea4963-unnamed-file.webp","type":"image\/webp"}],"twitter_card":"summary_large_image","twitter_misc":{"Timp estimat pentru citire":"1 minut"},"schema":{"@context":"https:\/\/schema.org","@graph":[{"@type":"WebPage","@id":"https:\/\/shopatoa.com\/ro\/proficare-aparat-pentru-calcaie-phe-3092\/","url":"https:\/\/shopatoa.com\/ro\/proficare-aparat-pentru-calcaie-phe-3092\/","name":"ProfiCare Aparat pentru c\u0103lc\u00e2ie PHE 3092 - SHOPATOA.COM","isPartOf":{"@id":"https:\/\/shopatoa.com\/ro\/#website"},"primaryImageOfPage":{"@id":"https:\/\/shopatoa.com\/ro\/proficare-aparat-pentru-calcaie-phe-3092\/#primaryimage"},"image":{"@id":"https:\/\/shopatoa.com\/ro\/proficare-aparat-pentru-calcaie-phe-3092\/#primaryimage"},"thumbnailUrl":"https:\/\/storage.googleapis.com\/cz-shopatoa-img\/ro\/beea4963-unnamed-file.webp","datePublished":"2025-04-27T22:46:38+00:00","dateModified":"2025-10-19T14:45:31+00:00","breadcrumb":{"@id":"https:\/\/shopatoa.com\/ro\/proficare-aparat-pentru-calcaie-phe-3092\/#breadcrumb"},"inLanguage":"ro-RO","potentialAction":[{"@type":"ReadAction","target":["https:\/\/shopatoa.com\/ro\/proficare-aparat-pentru-calcaie-phe-3092\/"]}]},{"@type":"ImageObject","inLanguage":"ro-RO","@id":"https:\/\/shopatoa.com\/ro\/proficare-aparat-pentru-calcaie-phe-3092\/#primaryimage","url":"https:\/\/storage.googleapis.com\/cz-shopatoa-img\/ro\/beea4963-unnamed-file.webp","contentUrl":"https:\/\/storage.googleapis.com\/cz-shopatoa-img\/ro\/beea4963-unnamed-file.webp","width":800,"height":800},{"@type":"BreadcrumbList","@id":"https:\/\/shopatoa.com\/ro\/proficare-aparat-pentru-calcaie-phe-3092\/#breadcrumb","itemListElement":[{"@type":"ListItem","position":1,"name":"Dom\u016f","item":"https:\/\/shopatoa.com\/ro\/"},{"@type":"ListItem","position":2,"name":"Shop","item":"https:\/\/shopatoa.com\/ro\/shop\/"},{"@type":"ListItem","position":3,"name":"Cosmetice","item":"https:\/\/shopatoa.com\/ro\/cosmetice\/"},{"@type":"ListItem","position":4,"name":"Produse cosmetice pentru corp","item":"https:\/\/shopatoa.com\/ro\/produse-cosmetice-pentru-corp\/"},{"@type":"ListItem","position":5,"name":"Produse cosmetice pentru \u00eengrijirea picioarelor","item":"https:\/\/shopatoa.com\/ro\/produse-cosmetice-pentru-ingrijirea-picioarelor\/"},{"@type":"ListItem","position":6,"name":"Fi\u0219iere \u0219i peelers picior","item":"https:\/\/shopatoa.com\/ro\/fisiere-si-peelers-picior\/"},{"@type":"ListItem","position":7,"name":"ProfiCare Aparat pentru c\u0103lc\u00e2ie PHE 3092"}]},{"@type":"WebSite","@id":"https:\/\/shopatoa.com\/ro\/#website","url":"https:\/\/shopatoa.com\/ro\/","name":"SHOPATOA","description":"","publisher":{"@id":"https:\/\/shopatoa.com\/ro\/#organization"},"potentialAction":[{"@type":"SearchAction","target":{"@type":"EntryPoint","urlTemplate":"https:\/\/shopatoa.com\/ro\/?s={search_term_string}"},"query-input":{"@type":"PropertyValueSpecification","valueRequired":true,"valueName":"search_term_string"}}],"inLanguage":"ro-RO"},{"@type":"Organization","@id":"https:\/\/shopatoa.com\/ro\/#organization","name":"SHOPATOA","url":"https:\/\/shopatoa.com\/ro\/","logo":{"@type":"ImageObject","inLanguage":"ro-RO","@id":"https:\/\/shopatoa.com\/ro\/#\/schema\/logo\/image\/","url":"https:\/\/storage.googleapis.com\/cz-shopatoa-img\/ro\/b4dac915-shopatoa_logo.png","contentUrl":"https:\/\/storage.googleapis.com\/cz-shopatoa-img\/ro\/b4dac915-shopatoa_logo.png","width":416,"height":63,"caption":"SHOPATOA"},"image":{"@id":"https:\/\/shopatoa.com\/ro\/#\/schema\/logo\/image\/"}}]}},"_links":{"self":[{"href":"https:\/\/shopatoa.com\/ro\/wp-json\/wp\/v2\/product\/263658","targetHints":{"allow":["GET"]}}],"collection":[{"href":"https:\/\/shopatoa.com\/ro\/wp-json\/wp\/v2\/product"}],"about":[{"href":"https:\/\/shopatoa.com\/ro\/wp-json\/wp\/v2\/types\/product"}],"replies":[{"embeddable":true,"href":"https:\/\/shopatoa.com\/ro\/wp-json\/wp\/v2\/comments?post=263658"}],"wp:featuredmedia":[{"embeddable":true,"href":"https:\/\/shopatoa.com\/ro\/wp-json\/wp\/v2\/media\/340089"}],"wp:attachment":[{"href":"https:\/\/shopatoa.com\/ro\/wp-json\/wp\/v2\/media?parent=263658"}],"wp:term":[{"taxonomy":"product_brand","embeddable":true,"href":"https:\/\/shopatoa.com\/ro\/wp-json\/wp\/v2\/product_brand?post=263658"},{"taxonomy":"product_cat","embeddable":true,"href":"https:\/\/shopatoa.com\/ro\/wp-json\/wp\/v2\/product_cat?post=263658"},{"taxonomy":"product_tag","embeddable":true,"href":"https:\/\/shopatoa.com\/ro\/wp-json\/wp\/v2\/product_tag?post=263658"}],"curies":[{"name":"wp","href":"https:\/\/api.w.org\/{rel}","templated":true}]}}