{"id":263700,"date":"2025-04-28T01:01:55","date_gmt":"2025-04-27T23:01:55","guid":{"rendered":"https:\/\/shopatoa.com\/ro\/bumble-and-bumble-spray-multifunctional-pentru-protectia-termica-a-parului-hairdressers-invisible-oil-heat-uv-protective-primer-60-ml\/"},"modified":"2025-12-14T14:12:35","modified_gmt":"2025-12-14T13:12:35","slug":"bumble-and-bumble-spray-multifunctional-pentru-protectia-termica-a-parului-hairdressers-invisible-oil-heat-uv-protective-primer-60-ml","status":"publish","type":"product","link":"https:\/\/shopatoa.com\/ro\/bumble-and-bumble-spray-multifunctional-pentru-protectia-termica-a-parului-hairdressers-invisible-oil-heat-uv-protective-primer-60-ml\/","title":{"rendered":"Bumble and bumble Spray multifunc\u021bional pentru protec\u021bia termic\u0103 a p\u0103rului Hairdresser`s Invisible Oil (Heat\/UV Protective Primer) 60 ml"},"content":{"rendered":"<p>Tratamentul multifunc\u021bional pentru toate tipurile de p\u0103r reduce instantaneu \u00eencre\u021birea, ofer\u0103 protec\u021bie termic\u0103 p\u00e2n\u0103 la 232\u00b0C \u0219i are filtre UV pentru a ajuta la protejarea p\u0103rului de uscarea la soare. Protejeaz\u0103 culoarea de decolorare pentru p\u00e2n\u0103 la 16 sp\u0103l\u0103ri, faciliteaz\u0103 descurcarea \u0219i ajut\u0103 la protejarea \u00eempotriva ruperii. Neteze\u0219te, catifeleaz\u0103 \u0219i adaug\u0103 str\u0103lucire p\u0103rului dvs.<\/p>\n","protected":false},"excerpt":{"rendered":"<p>Tratamentul multifunc\u021bional pentru toate tipurile de p\u0103r reduce instantaneu \u00eencre\u021birea, ofer\u0103 protec\u021bie termic\u0103 p\u00e2n\u0103 la 232\u00b0C \u0219i are filtre UV pentru a ajuta la protejarea p\u0103rului de uscarea la soare. Protejeaz\u0103 culoarea de decolorare pentru p\u00e2n\u0103 la 16 sp\u0103l\u0103ri, faciliteaz\u0103 descurcarea \u0219i ajut\u0103 la protejarea \u00eempotriva ruperii. Neteze\u0219te, catifeleaz\u0103 \u0219i adaug\u0103 str\u0103lucire p\u0103rului dvs.<\/p>\n","protected":false},"featured_media":340127,"comment_status":"closed","ping_status":"open","template":"","meta":{"_acf_changed":false,"_kadence_starter_templates_imported_post":false,"_kad_post_transparent":"","_kad_post_title":"","_kad_post_layout":"","_kad_post_sidebar_id":"","_kad_post_content_style":"","_kad_post_vertical_padding":"","_kad_post_feature":"","_kad_post_feature_position":"","_kad_post_header":false,"_kad_post_footer":false,"_kad_post_classname":""},"product_brand":[857],"product_cat":[246,696,623],"product_tag":[],"class_list":{"0":"post-263700","1":"product","2":"type-product","3":"status-publish","4":"has-post-thumbnail","6":"product_brand-bumble-and-bumble","7":"product_cat-cosmetice","8":"product_cat-ingrijirea-parului-fara-clatire","9":"product_cat-produse-cosmetice-pentru-par","11":"first","12":"instock","13":"sale","14":"product-type-external","15":"entry","16":"content-bg","17":"loop-entry"},"acf":[],"yoast_head":"<!-- This site is optimized with the Yoast SEO plugin v27.4 - https:\/\/yoast.com\/product\/yoast-seo-wordpress\/ -->\n<title>Bumble and bumble Spray multifunc\u021bional pentru protec\u021bia termic\u0103 a p\u0103rului Hairdresser`s Invisible Oil (Heat\/UV Protective Primer) 60 ml - SHOPATOA.COM<\/title>\n<meta name=\"robots\" content=\"index, follow, max-snippet:-1, max-image-preview:large, max-video-preview:-1\" \/>\n<link rel=\"canonical\" href=\"https:\/\/shopatoa.com\/ro\/bumble-and-bumble-spray-multifunctional-pentru-protectia-termica-a-parului-hairdressers-invisible-oil-heat-uv-protective-primer-60-ml\/\" \/>\n<meta property=\"og:locale\" content=\"ro_RO\" \/>\n<meta property=\"og:type\" content=\"article\" \/>\n<meta property=\"og:title\" content=\"Bumble and bumble Spray multifunc\u021bional pentru protec\u021bia termic\u0103 a p\u0103rului Hairdresser`s Invisible Oil (Heat\/UV Protective Primer) 60 ml - SHOPATOA.COM\" \/>\n<meta property=\"og:description\" content=\"Tratamentul multifunc\u021bional pentru toate tipurile de p\u0103r reduce instantaneu \u00eencre\u021birea, ofer\u0103 protec\u021bie termic\u0103 p\u00e2n\u0103 la 232\u00b0C \u0219i are filtre UV pentru a ajuta la protejarea p\u0103rului de uscarea la soare. Protejeaz\u0103 culoarea de decolorare pentru p\u00e2n\u0103 la 16 sp\u0103l\u0103ri, faciliteaz\u0103 descurcarea \u0219i ajut\u0103 la protejarea \u00eempotriva ruperii. Neteze\u0219te, catifeleaz\u0103 \u0219i adaug\u0103 str\u0103lucire p\u0103rului dvs.\" \/>\n<meta property=\"og:url\" content=\"https:\/\/shopatoa.com\/ro\/bumble-and-bumble-spray-multifunctional-pentru-protectia-termica-a-parului-hairdressers-invisible-oil-heat-uv-protective-primer-60-ml\/\" \/>\n<meta property=\"og:site_name\" content=\"SHOPATOA\" \/>\n<meta property=\"article:modified_time\" content=\"2025-12-14T13:12:35+00:00\" \/>\n<meta property=\"og:image\" content=\"https:\/\/storage.googleapis.com\/cz-shopatoa-img\/ro\/a91ac3b9-unnamed-file.webp\" \/>\n\t<meta property=\"og:image:width\" content=\"800\" \/>\n\t<meta property=\"og:image:height\" content=\"800\" \/>\n\t<meta property=\"og:image:type\" content=\"image\/webp\" \/>\n<meta name=\"twitter:card\" content=\"summary_large_image\" \/>\n<script type=\"application\/ld+json\" class=\"yoast-schema-graph\">{\"@context\":\"https:\\\/\\\/schema.org\",\"@graph\":[{\"@type\":\"WebPage\",\"@id\":\"https:\\\/\\\/shopatoa.com\\\/ro\\\/bumble-and-bumble-spray-multifunctional-pentru-protectia-termica-a-parului-hairdressers-invisible-oil-heat-uv-protective-primer-60-ml\\\/\",\"url\":\"https:\\\/\\\/shopatoa.com\\\/ro\\\/bumble-and-bumble-spray-multifunctional-pentru-protectia-termica-a-parului-hairdressers-invisible-oil-heat-uv-protective-primer-60-ml\\\/\",\"name\":\"Bumble and bumble Spray multifunc\u021bional pentru protec\u021bia termic\u0103 a p\u0103rului Hairdresser`s Invisible Oil (Heat\\\/UV Protective Primer) 60 ml - SHOPATOA.COM\",\"isPartOf\":{\"@id\":\"https:\\\/\\\/shopatoa.com\\\/ro\\\/#website\"},\"primaryImageOfPage\":{\"@id\":\"https:\\\/\\\/shopatoa.com\\\/ro\\\/bumble-and-bumble-spray-multifunctional-pentru-protectia-termica-a-parului-hairdressers-invisible-oil-heat-uv-protective-primer-60-ml\\\/#primaryimage\"},\"image\":{\"@id\":\"https:\\\/\\\/shopatoa.com\\\/ro\\\/bumble-and-bumble-spray-multifunctional-pentru-protectia-termica-a-parului-hairdressers-invisible-oil-heat-uv-protective-primer-60-ml\\\/#primaryimage\"},\"thumbnailUrl\":\"https:\\\/\\\/storage.googleapis.com\\\/cz-shopatoa-img\\\/ro\\\/a91ac3b9-unnamed-file.webp\",\"datePublished\":\"2025-04-27T23:01:55+00:00\",\"dateModified\":\"2025-12-14T13:12:35+00:00\",\"breadcrumb\":{\"@id\":\"https:\\\/\\\/shopatoa.com\\\/ro\\\/bumble-and-bumble-spray-multifunctional-pentru-protectia-termica-a-parului-hairdressers-invisible-oil-heat-uv-protective-primer-60-ml\\\/#breadcrumb\"},\"inLanguage\":\"ro-RO\",\"potentialAction\":[{\"@type\":\"ReadAction\",\"target\":[\"https:\\\/\\\/shopatoa.com\\\/ro\\\/bumble-and-bumble-spray-multifunctional-pentru-protectia-termica-a-parului-hairdressers-invisible-oil-heat-uv-protective-primer-60-ml\\\/\"]}]},{\"@type\":\"ImageObject\",\"inLanguage\":\"ro-RO\",\"@id\":\"https:\\\/\\\/shopatoa.com\\\/ro\\\/bumble-and-bumble-spray-multifunctional-pentru-protectia-termica-a-parului-hairdressers-invisible-oil-heat-uv-protective-primer-60-ml\\\/#primaryimage\",\"url\":\"https:\\\/\\\/storage.googleapis.com\\\/cz-shopatoa-img\\\/ro\\\/a91ac3b9-unnamed-file.webp\",\"contentUrl\":\"https:\\\/\\\/storage.googleapis.com\\\/cz-shopatoa-img\\\/ro\\\/a91ac3b9-unnamed-file.webp\",\"width\":800,\"height\":800},{\"@type\":\"BreadcrumbList\",\"@id\":\"https:\\\/\\\/shopatoa.com\\\/ro\\\/bumble-and-bumble-spray-multifunctional-pentru-protectia-termica-a-parului-hairdressers-invisible-oil-heat-uv-protective-primer-60-ml\\\/#breadcrumb\",\"itemListElement\":[{\"@type\":\"ListItem\",\"position\":1,\"name\":\"Dom\u016f\",\"item\":\"https:\\\/\\\/shopatoa.com\\\/ro\\\/\"},{\"@type\":\"ListItem\",\"position\":2,\"name\":\"Shop\",\"item\":\"https:\\\/\\\/shopatoa.com\\\/ro\\\/shop\\\/\"},{\"@type\":\"ListItem\",\"position\":3,\"name\":\"Cosmetice\",\"item\":\"https:\\\/\\\/shopatoa.com\\\/ro\\\/cosmetice\\\/\"},{\"@type\":\"ListItem\",\"position\":4,\"name\":\"Produse cosmetice pentru p\u0103r\",\"item\":\"https:\\\/\\\/shopatoa.com\\\/ro\\\/produse-cosmetice-pentru-par\\\/\"},{\"@type\":\"ListItem\",\"position\":5,\"name\":\"\u00cengrijirea p\u0103rului f\u0103r\u0103 cl\u0103tire\",\"item\":\"https:\\\/\\\/shopatoa.com\\\/ro\\\/ingrijirea-parului-fara-clatire\\\/\"},{\"@type\":\"ListItem\",\"position\":6,\"name\":\"Bumble and bumble Spray multifunc\u021bional pentru protec\u021bia termic\u0103 a p\u0103rului Hairdresser`s Invisible Oil (Heat\\\/UV Protective Primer) 60 ml\"}]},{\"@type\":\"WebSite\",\"@id\":\"https:\\\/\\\/shopatoa.com\\\/ro\\\/#website\",\"url\":\"https:\\\/\\\/shopatoa.com\\\/ro\\\/\",\"name\":\"SHOPATOA\",\"description\":\"\",\"publisher\":{\"@id\":\"https:\\\/\\\/shopatoa.com\\\/ro\\\/#organization\"},\"potentialAction\":[{\"@type\":\"SearchAction\",\"target\":{\"@type\":\"EntryPoint\",\"urlTemplate\":\"https:\\\/\\\/shopatoa.com\\\/ro\\\/?s={search_term_string}\"},\"query-input\":{\"@type\":\"PropertyValueSpecification\",\"valueRequired\":true,\"valueName\":\"search_term_string\"}}],\"inLanguage\":\"ro-RO\"},{\"@type\":\"Organization\",\"@id\":\"https:\\\/\\\/shopatoa.com\\\/ro\\\/#organization\",\"name\":\"SHOPATOA\",\"url\":\"https:\\\/\\\/shopatoa.com\\\/ro\\\/\",\"logo\":{\"@type\":\"ImageObject\",\"inLanguage\":\"ro-RO\",\"@id\":\"https:\\\/\\\/shopatoa.com\\\/ro\\\/#\\\/schema\\\/logo\\\/image\\\/\",\"url\":\"https:\\\/\\\/storage.googleapis.com\\\/cz-shopatoa-img\\\/ro\\\/b4dac915-shopatoa_logo.png\",\"contentUrl\":\"https:\\\/\\\/storage.googleapis.com\\\/cz-shopatoa-img\\\/ro\\\/b4dac915-shopatoa_logo.png\",\"width\":416,\"height\":63,\"caption\":\"SHOPATOA\"},\"image\":{\"@id\":\"https:\\\/\\\/shopatoa.com\\\/ro\\\/#\\\/schema\\\/logo\\\/image\\\/\"}}]}<\/script>\n<!-- \/ Yoast SEO plugin. -->","yoast_head_json":{"title":"Bumble and bumble Spray multifunc\u021bional pentru protec\u021bia termic\u0103 a p\u0103rului Hairdresser`s Invisible Oil (Heat\/UV Protective Primer) 60 ml - SHOPATOA.COM","robots":{"index":"index","follow":"follow","max-snippet":"max-snippet:-1","max-image-preview":"max-image-preview:large","max-video-preview":"max-video-preview:-1"},"canonical":"https:\/\/shopatoa.com\/ro\/bumble-and-bumble-spray-multifunctional-pentru-protectia-termica-a-parului-hairdressers-invisible-oil-heat-uv-protective-primer-60-ml\/","og_locale":"ro_RO","og_type":"article","og_title":"Bumble and bumble Spray multifunc\u021bional pentru protec\u021bia termic\u0103 a p\u0103rului Hairdresser`s Invisible Oil (Heat\/UV Protective Primer) 60 ml - SHOPATOA.COM","og_description":"Tratamentul multifunc\u021bional pentru toate tipurile de p\u0103r reduce instantaneu \u00eencre\u021birea, ofer\u0103 protec\u021bie termic\u0103 p\u00e2n\u0103 la 232\u00b0C \u0219i are filtre UV pentru a ajuta la protejarea p\u0103rului de uscarea la soare. Protejeaz\u0103 culoarea de decolorare pentru p\u00e2n\u0103 la 16 sp\u0103l\u0103ri, faciliteaz\u0103 descurcarea \u0219i ajut\u0103 la protejarea \u00eempotriva ruperii. Neteze\u0219te, catifeleaz\u0103 \u0219i adaug\u0103 str\u0103lucire p\u0103rului dvs.","og_url":"https:\/\/shopatoa.com\/ro\/bumble-and-bumble-spray-multifunctional-pentru-protectia-termica-a-parului-hairdressers-invisible-oil-heat-uv-protective-primer-60-ml\/","og_site_name":"SHOPATOA","article_modified_time":"2025-12-14T13:12:35+00:00","og_image":[{"width":800,"height":800,"url":"https:\/\/storage.googleapis.com\/cz-shopatoa-img\/ro\/a91ac3b9-unnamed-file.webp","type":"image\/webp"}],"twitter_card":"summary_large_image","schema":{"@context":"https:\/\/schema.org","@graph":[{"@type":"WebPage","@id":"https:\/\/shopatoa.com\/ro\/bumble-and-bumble-spray-multifunctional-pentru-protectia-termica-a-parului-hairdressers-invisible-oil-heat-uv-protective-primer-60-ml\/","url":"https:\/\/shopatoa.com\/ro\/bumble-and-bumble-spray-multifunctional-pentru-protectia-termica-a-parului-hairdressers-invisible-oil-heat-uv-protective-primer-60-ml\/","name":"Bumble and bumble Spray multifunc\u021bional pentru protec\u021bia termic\u0103 a p\u0103rului Hairdresser`s Invisible Oil (Heat\/UV Protective Primer) 60 ml - SHOPATOA.COM","isPartOf":{"@id":"https:\/\/shopatoa.com\/ro\/#website"},"primaryImageOfPage":{"@id":"https:\/\/shopatoa.com\/ro\/bumble-and-bumble-spray-multifunctional-pentru-protectia-termica-a-parului-hairdressers-invisible-oil-heat-uv-protective-primer-60-ml\/#primaryimage"},"image":{"@id":"https:\/\/shopatoa.com\/ro\/bumble-and-bumble-spray-multifunctional-pentru-protectia-termica-a-parului-hairdressers-invisible-oil-heat-uv-protective-primer-60-ml\/#primaryimage"},"thumbnailUrl":"https:\/\/storage.googleapis.com\/cz-shopatoa-img\/ro\/a91ac3b9-unnamed-file.webp","datePublished":"2025-04-27T23:01:55+00:00","dateModified":"2025-12-14T13:12:35+00:00","breadcrumb":{"@id":"https:\/\/shopatoa.com\/ro\/bumble-and-bumble-spray-multifunctional-pentru-protectia-termica-a-parului-hairdressers-invisible-oil-heat-uv-protective-primer-60-ml\/#breadcrumb"},"inLanguage":"ro-RO","potentialAction":[{"@type":"ReadAction","target":["https:\/\/shopatoa.com\/ro\/bumble-and-bumble-spray-multifunctional-pentru-protectia-termica-a-parului-hairdressers-invisible-oil-heat-uv-protective-primer-60-ml\/"]}]},{"@type":"ImageObject","inLanguage":"ro-RO","@id":"https:\/\/shopatoa.com\/ro\/bumble-and-bumble-spray-multifunctional-pentru-protectia-termica-a-parului-hairdressers-invisible-oil-heat-uv-protective-primer-60-ml\/#primaryimage","url":"https:\/\/storage.googleapis.com\/cz-shopatoa-img\/ro\/a91ac3b9-unnamed-file.webp","contentUrl":"https:\/\/storage.googleapis.com\/cz-shopatoa-img\/ro\/a91ac3b9-unnamed-file.webp","width":800,"height":800},{"@type":"BreadcrumbList","@id":"https:\/\/shopatoa.com\/ro\/bumble-and-bumble-spray-multifunctional-pentru-protectia-termica-a-parului-hairdressers-invisible-oil-heat-uv-protective-primer-60-ml\/#breadcrumb","itemListElement":[{"@type":"ListItem","position":1,"name":"Dom\u016f","item":"https:\/\/shopatoa.com\/ro\/"},{"@type":"ListItem","position":2,"name":"Shop","item":"https:\/\/shopatoa.com\/ro\/shop\/"},{"@type":"ListItem","position":3,"name":"Cosmetice","item":"https:\/\/shopatoa.com\/ro\/cosmetice\/"},{"@type":"ListItem","position":4,"name":"Produse cosmetice pentru p\u0103r","item":"https:\/\/shopatoa.com\/ro\/produse-cosmetice-pentru-par\/"},{"@type":"ListItem","position":5,"name":"\u00cengrijirea p\u0103rului f\u0103r\u0103 cl\u0103tire","item":"https:\/\/shopatoa.com\/ro\/ingrijirea-parului-fara-clatire\/"},{"@type":"ListItem","position":6,"name":"Bumble and bumble Spray multifunc\u021bional pentru protec\u021bia termic\u0103 a p\u0103rului Hairdresser`s Invisible Oil (Heat\/UV Protective Primer) 60 ml"}]},{"@type":"WebSite","@id":"https:\/\/shopatoa.com\/ro\/#website","url":"https:\/\/shopatoa.com\/ro\/","name":"SHOPATOA","description":"","publisher":{"@id":"https:\/\/shopatoa.com\/ro\/#organization"},"potentialAction":[{"@type":"SearchAction","target":{"@type":"EntryPoint","urlTemplate":"https:\/\/shopatoa.com\/ro\/?s={search_term_string}"},"query-input":{"@type":"PropertyValueSpecification","valueRequired":true,"valueName":"search_term_string"}}],"inLanguage":"ro-RO"},{"@type":"Organization","@id":"https:\/\/shopatoa.com\/ro\/#organization","name":"SHOPATOA","url":"https:\/\/shopatoa.com\/ro\/","logo":{"@type":"ImageObject","inLanguage":"ro-RO","@id":"https:\/\/shopatoa.com\/ro\/#\/schema\/logo\/image\/","url":"https:\/\/storage.googleapis.com\/cz-shopatoa-img\/ro\/b4dac915-shopatoa_logo.png","contentUrl":"https:\/\/storage.googleapis.com\/cz-shopatoa-img\/ro\/b4dac915-shopatoa_logo.png","width":416,"height":63,"caption":"SHOPATOA"},"image":{"@id":"https:\/\/shopatoa.com\/ro\/#\/schema\/logo\/image\/"}}]}},"_links":{"self":[{"href":"https:\/\/shopatoa.com\/ro\/wp-json\/wp\/v2\/product\/263700","targetHints":{"allow":["GET"]}}],"collection":[{"href":"https:\/\/shopatoa.com\/ro\/wp-json\/wp\/v2\/product"}],"about":[{"href":"https:\/\/shopatoa.com\/ro\/wp-json\/wp\/v2\/types\/product"}],"replies":[{"embeddable":true,"href":"https:\/\/shopatoa.com\/ro\/wp-json\/wp\/v2\/comments?post=263700"}],"wp:featuredmedia":[{"embeddable":true,"href":"https:\/\/shopatoa.com\/ro\/wp-json\/wp\/v2\/media\/340127"}],"wp:attachment":[{"href":"https:\/\/shopatoa.com\/ro\/wp-json\/wp\/v2\/media?parent=263700"}],"wp:term":[{"taxonomy":"product_brand","embeddable":true,"href":"https:\/\/shopatoa.com\/ro\/wp-json\/wp\/v2\/product_brand?post=263700"},{"taxonomy":"product_cat","embeddable":true,"href":"https:\/\/shopatoa.com\/ro\/wp-json\/wp\/v2\/product_cat?post=263700"},{"taxonomy":"product_tag","embeddable":true,"href":"https:\/\/shopatoa.com\/ro\/wp-json\/wp\/v2\/product_tag?post=263700"}],"curies":[{"name":"wp","href":"https:\/\/api.w.org\/{rel}","templated":true}]}}