{"id":263717,"date":"2025-04-28T01:10:25","date_gmt":"2025-04-27T23:10:25","guid":{"rendered":"https:\/\/shopatoa.com\/ro\/bumble-and-bumble-lotiune-de-tratament-pentru-coafura-uscata-pana-la-foarte-uscata-hairdressers-invisible-oil-ultra-rich-hyaluronic-treatment-lotion-100-ml\/"},"modified":"2025-11-29T20:46:33","modified_gmt":"2025-11-29T19:46:33","slug":"bumble-and-bumble-lotiune-de-tratament-pentru-coafura-uscata-pana-la-foarte-uscata-hairdressers-invisible-oil-ultra-rich-hyaluronic-treatment-lotion-100-ml","status":"publish","type":"product","link":"https:\/\/shopatoa.com\/ro\/bumble-and-bumble-lotiune-de-tratament-pentru-coafura-uscata-pana-la-foarte-uscata-hairdressers-invisible-oil-ultra-rich-hyaluronic-treatment-lotion-100-ml\/","title":{"rendered":"Bumble and bumble Lo\u021biune de tratament pentru coafura uscat\u0103 p\u00e2n\u0103 la foarte uscat\u0103 Hairdresser`s Invisible Oil (Ultra Rich Hyaluronic Treatment Lotion) 100 ml"},"content":{"rendered":"<p>Tratamentul multifunc\u021bional pentru p\u0103rul uscat p\u00e2n\u0103 la foarte uscat ofer\u0103 p\u00e2n\u0103 la 72 de ore de hidratare, protec\u021bie \u00eempotriva umidit\u0103\u021bii ridicate \u0219i reducerea \u00eencre\u021birii. Cu acid hialuronic biomimetic avansat, ulei din semin\u021be de pepene galben Kalahari \u0219i un amestec de 6 uleiuri, hr\u0103ne\u0219te p\u0103rul uscat \u0219i fragil de la scalp p\u00e2n\u0103 la v\u00e2rfuri. Faciliteaz\u0103 descurcarea, ofer\u0103 protec\u021bie termic\u0103 p\u00e2n\u0103 la 232\u00b0C \u0219i poate fi folosit direct pe scalp sau pe p\u0103rul umed sau uscat.<\/p>\n","protected":false},"excerpt":{"rendered":"<p>Tratamentul multifunc\u021bional pentru p\u0103rul uscat p\u00e2n\u0103 la foarte uscat ofer\u0103 p\u00e2n\u0103 la 72 de ore de hidratare, protec\u021bie \u00eempotriva umidit\u0103\u021bii ridicate \u0219i reducerea \u00eencre\u021birii. Cu acid hialuronic biomimetic avansat, ulei din semin\u021be de pepene galben Kalahari \u0219i un amestec de 6 uleiuri, hr\u0103ne\u0219te p\u0103rul uscat \u0219i fragil de la scalp p\u00e2n\u0103 la v\u00e2rfuri. Faciliteaz\u0103 descurcarea,&#8230;<\/p>\n","protected":false},"featured_media":340145,"comment_status":"closed","ping_status":"open","template":"","meta":{"_acf_changed":false,"_kadence_starter_templates_imported_post":false,"_kad_post_transparent":"","_kad_post_title":"","_kad_post_layout":"","_kad_post_sidebar_id":"","_kad_post_content_style":"","_kad_post_vertical_padding":"","_kad_post_feature":"","_kad_post_feature_position":"","_kad_post_header":false,"_kad_post_footer":false,"_kad_post_classname":""},"product_brand":[857],"product_cat":[246,696,623],"product_tag":[],"class_list":{"0":"post-263717","1":"product","2":"type-product","3":"status-publish","4":"has-post-thumbnail","6":"product_brand-bumble-and-bumble","7":"product_cat-cosmetice","8":"product_cat-ingrijirea-parului-fara-clatire","9":"product_cat-produse-cosmetice-pentru-par","11":"first","12":"instock","13":"product-type-external","14":"entry","15":"content-bg","16":"loop-entry"},"acf":[],"yoast_head":"<!-- This site is optimized with the Yoast SEO plugin v27.4 - https:\/\/yoast.com\/product\/yoast-seo-wordpress\/ -->\n<title>Bumble and bumble Lo\u021biune de tratament pentru coafura uscat\u0103 p\u00e2n\u0103 la foarte uscat\u0103 Hairdresser`s Invisible Oil (Ultra Rich Hyaluronic Treatment Lotion) 100 ml - SHOPATOA.COM<\/title>\n<meta name=\"robots\" content=\"index, follow, max-snippet:-1, max-image-preview:large, max-video-preview:-1\" \/>\n<link rel=\"canonical\" href=\"https:\/\/shopatoa.com\/ro\/bumble-and-bumble-lotiune-de-tratament-pentru-coafura-uscata-pana-la-foarte-uscata-hairdressers-invisible-oil-ultra-rich-hyaluronic-treatment-lotion-100-ml\/\" \/>\n<meta property=\"og:locale\" content=\"ro_RO\" \/>\n<meta property=\"og:type\" content=\"article\" \/>\n<meta property=\"og:title\" content=\"Bumble and bumble Lo\u021biune de tratament pentru coafura uscat\u0103 p\u00e2n\u0103 la foarte uscat\u0103 Hairdresser`s Invisible Oil (Ultra Rich Hyaluronic Treatment Lotion) 100 ml - SHOPATOA.COM\" \/>\n<meta property=\"og:description\" content=\"Tratamentul multifunc\u021bional pentru p\u0103rul uscat p\u00e2n\u0103 la foarte uscat ofer\u0103 p\u00e2n\u0103 la 72 de ore de hidratare, protec\u021bie \u00eempotriva umidit\u0103\u021bii ridicate \u0219i reducerea \u00eencre\u021birii. Cu acid hialuronic biomimetic avansat, ulei din semin\u021be de pepene galben Kalahari \u0219i un amestec de 6 uleiuri, hr\u0103ne\u0219te p\u0103rul uscat \u0219i fragil de la scalp p\u00e2n\u0103 la v\u00e2rfuri. Faciliteaz\u0103 descurcarea,...\" \/>\n<meta property=\"og:url\" content=\"https:\/\/shopatoa.com\/ro\/bumble-and-bumble-lotiune-de-tratament-pentru-coafura-uscata-pana-la-foarte-uscata-hairdressers-invisible-oil-ultra-rich-hyaluronic-treatment-lotion-100-ml\/\" \/>\n<meta property=\"og:site_name\" content=\"SHOPATOA\" \/>\n<meta property=\"article:modified_time\" content=\"2025-11-29T19:46:33+00:00\" \/>\n<meta property=\"og:image\" content=\"https:\/\/storage.googleapis.com\/cz-shopatoa-img\/ro\/e884fca1-unnamed-file.webp\" \/>\n\t<meta property=\"og:image:width\" content=\"800\" \/>\n\t<meta property=\"og:image:height\" content=\"800\" \/>\n\t<meta property=\"og:image:type\" content=\"image\/webp\" \/>\n<meta name=\"twitter:card\" content=\"summary_large_image\" \/>\n<script type=\"application\/ld+json\" class=\"yoast-schema-graph\">{\"@context\":\"https:\\\/\\\/schema.org\",\"@graph\":[{\"@type\":\"WebPage\",\"@id\":\"https:\\\/\\\/shopatoa.com\\\/ro\\\/bumble-and-bumble-lotiune-de-tratament-pentru-coafura-uscata-pana-la-foarte-uscata-hairdressers-invisible-oil-ultra-rich-hyaluronic-treatment-lotion-100-ml\\\/\",\"url\":\"https:\\\/\\\/shopatoa.com\\\/ro\\\/bumble-and-bumble-lotiune-de-tratament-pentru-coafura-uscata-pana-la-foarte-uscata-hairdressers-invisible-oil-ultra-rich-hyaluronic-treatment-lotion-100-ml\\\/\",\"name\":\"Bumble and bumble Lo\u021biune de tratament pentru coafura uscat\u0103 p\u00e2n\u0103 la foarte uscat\u0103 Hairdresser`s Invisible Oil (Ultra Rich Hyaluronic Treatment Lotion) 100 ml - SHOPATOA.COM\",\"isPartOf\":{\"@id\":\"https:\\\/\\\/shopatoa.com\\\/ro\\\/#website\"},\"primaryImageOfPage\":{\"@id\":\"https:\\\/\\\/shopatoa.com\\\/ro\\\/bumble-and-bumble-lotiune-de-tratament-pentru-coafura-uscata-pana-la-foarte-uscata-hairdressers-invisible-oil-ultra-rich-hyaluronic-treatment-lotion-100-ml\\\/#primaryimage\"},\"image\":{\"@id\":\"https:\\\/\\\/shopatoa.com\\\/ro\\\/bumble-and-bumble-lotiune-de-tratament-pentru-coafura-uscata-pana-la-foarte-uscata-hairdressers-invisible-oil-ultra-rich-hyaluronic-treatment-lotion-100-ml\\\/#primaryimage\"},\"thumbnailUrl\":\"https:\\\/\\\/storage.googleapis.com\\\/cz-shopatoa-img\\\/ro\\\/e884fca1-unnamed-file.webp\",\"datePublished\":\"2025-04-27T23:10:25+00:00\",\"dateModified\":\"2025-11-29T19:46:33+00:00\",\"breadcrumb\":{\"@id\":\"https:\\\/\\\/shopatoa.com\\\/ro\\\/bumble-and-bumble-lotiune-de-tratament-pentru-coafura-uscata-pana-la-foarte-uscata-hairdressers-invisible-oil-ultra-rich-hyaluronic-treatment-lotion-100-ml\\\/#breadcrumb\"},\"inLanguage\":\"ro-RO\",\"potentialAction\":[{\"@type\":\"ReadAction\",\"target\":[\"https:\\\/\\\/shopatoa.com\\\/ro\\\/bumble-and-bumble-lotiune-de-tratament-pentru-coafura-uscata-pana-la-foarte-uscata-hairdressers-invisible-oil-ultra-rich-hyaluronic-treatment-lotion-100-ml\\\/\"]}]},{\"@type\":\"ImageObject\",\"inLanguage\":\"ro-RO\",\"@id\":\"https:\\\/\\\/shopatoa.com\\\/ro\\\/bumble-and-bumble-lotiune-de-tratament-pentru-coafura-uscata-pana-la-foarte-uscata-hairdressers-invisible-oil-ultra-rich-hyaluronic-treatment-lotion-100-ml\\\/#primaryimage\",\"url\":\"https:\\\/\\\/storage.googleapis.com\\\/cz-shopatoa-img\\\/ro\\\/e884fca1-unnamed-file.webp\",\"contentUrl\":\"https:\\\/\\\/storage.googleapis.com\\\/cz-shopatoa-img\\\/ro\\\/e884fca1-unnamed-file.webp\",\"width\":800,\"height\":800},{\"@type\":\"BreadcrumbList\",\"@id\":\"https:\\\/\\\/shopatoa.com\\\/ro\\\/bumble-and-bumble-lotiune-de-tratament-pentru-coafura-uscata-pana-la-foarte-uscata-hairdressers-invisible-oil-ultra-rich-hyaluronic-treatment-lotion-100-ml\\\/#breadcrumb\",\"itemListElement\":[{\"@type\":\"ListItem\",\"position\":1,\"name\":\"Dom\u016f\",\"item\":\"https:\\\/\\\/shopatoa.com\\\/ro\\\/\"},{\"@type\":\"ListItem\",\"position\":2,\"name\":\"Shop\",\"item\":\"https:\\\/\\\/shopatoa.com\\\/ro\\\/shop\\\/\"},{\"@type\":\"ListItem\",\"position\":3,\"name\":\"Cosmetice\",\"item\":\"https:\\\/\\\/shopatoa.com\\\/ro\\\/cosmetice\\\/\"},{\"@type\":\"ListItem\",\"position\":4,\"name\":\"Produse cosmetice pentru p\u0103r\",\"item\":\"https:\\\/\\\/shopatoa.com\\\/ro\\\/produse-cosmetice-pentru-par\\\/\"},{\"@type\":\"ListItem\",\"position\":5,\"name\":\"\u00cengrijirea p\u0103rului f\u0103r\u0103 cl\u0103tire\",\"item\":\"https:\\\/\\\/shopatoa.com\\\/ro\\\/ingrijirea-parului-fara-clatire\\\/\"},{\"@type\":\"ListItem\",\"position\":6,\"name\":\"Bumble and bumble Lo\u021biune de tratament pentru coafura uscat\u0103 p\u00e2n\u0103 la foarte uscat\u0103 Hairdresser`s Invisible Oil (Ultra Rich Hyaluronic Treatment Lotion) 100 ml\"}]},{\"@type\":\"WebSite\",\"@id\":\"https:\\\/\\\/shopatoa.com\\\/ro\\\/#website\",\"url\":\"https:\\\/\\\/shopatoa.com\\\/ro\\\/\",\"name\":\"SHOPATOA\",\"description\":\"\",\"publisher\":{\"@id\":\"https:\\\/\\\/shopatoa.com\\\/ro\\\/#organization\"},\"potentialAction\":[{\"@type\":\"SearchAction\",\"target\":{\"@type\":\"EntryPoint\",\"urlTemplate\":\"https:\\\/\\\/shopatoa.com\\\/ro\\\/?s={search_term_string}\"},\"query-input\":{\"@type\":\"PropertyValueSpecification\",\"valueRequired\":true,\"valueName\":\"search_term_string\"}}],\"inLanguage\":\"ro-RO\"},{\"@type\":\"Organization\",\"@id\":\"https:\\\/\\\/shopatoa.com\\\/ro\\\/#organization\",\"name\":\"SHOPATOA\",\"url\":\"https:\\\/\\\/shopatoa.com\\\/ro\\\/\",\"logo\":{\"@type\":\"ImageObject\",\"inLanguage\":\"ro-RO\",\"@id\":\"https:\\\/\\\/shopatoa.com\\\/ro\\\/#\\\/schema\\\/logo\\\/image\\\/\",\"url\":\"https:\\\/\\\/storage.googleapis.com\\\/cz-shopatoa-img\\\/ro\\\/b4dac915-shopatoa_logo.png\",\"contentUrl\":\"https:\\\/\\\/storage.googleapis.com\\\/cz-shopatoa-img\\\/ro\\\/b4dac915-shopatoa_logo.png\",\"width\":416,\"height\":63,\"caption\":\"SHOPATOA\"},\"image\":{\"@id\":\"https:\\\/\\\/shopatoa.com\\\/ro\\\/#\\\/schema\\\/logo\\\/image\\\/\"}}]}<\/script>\n<!-- \/ Yoast SEO plugin. -->","yoast_head_json":{"title":"Bumble and bumble Lo\u021biune de tratament pentru coafura uscat\u0103 p\u00e2n\u0103 la foarte uscat\u0103 Hairdresser`s Invisible Oil (Ultra Rich Hyaluronic Treatment Lotion) 100 ml - SHOPATOA.COM","robots":{"index":"index","follow":"follow","max-snippet":"max-snippet:-1","max-image-preview":"max-image-preview:large","max-video-preview":"max-video-preview:-1"},"canonical":"https:\/\/shopatoa.com\/ro\/bumble-and-bumble-lotiune-de-tratament-pentru-coafura-uscata-pana-la-foarte-uscata-hairdressers-invisible-oil-ultra-rich-hyaluronic-treatment-lotion-100-ml\/","og_locale":"ro_RO","og_type":"article","og_title":"Bumble and bumble Lo\u021biune de tratament pentru coafura uscat\u0103 p\u00e2n\u0103 la foarte uscat\u0103 Hairdresser`s Invisible Oil (Ultra Rich Hyaluronic Treatment Lotion) 100 ml - SHOPATOA.COM","og_description":"Tratamentul multifunc\u021bional pentru p\u0103rul uscat p\u00e2n\u0103 la foarte uscat ofer\u0103 p\u00e2n\u0103 la 72 de ore de hidratare, protec\u021bie \u00eempotriva umidit\u0103\u021bii ridicate \u0219i reducerea \u00eencre\u021birii. Cu acid hialuronic biomimetic avansat, ulei din semin\u021be de pepene galben Kalahari \u0219i un amestec de 6 uleiuri, hr\u0103ne\u0219te p\u0103rul uscat \u0219i fragil de la scalp p\u00e2n\u0103 la v\u00e2rfuri. Faciliteaz\u0103 descurcarea,...","og_url":"https:\/\/shopatoa.com\/ro\/bumble-and-bumble-lotiune-de-tratament-pentru-coafura-uscata-pana-la-foarte-uscata-hairdressers-invisible-oil-ultra-rich-hyaluronic-treatment-lotion-100-ml\/","og_site_name":"SHOPATOA","article_modified_time":"2025-11-29T19:46:33+00:00","og_image":[{"width":800,"height":800,"url":"https:\/\/storage.googleapis.com\/cz-shopatoa-img\/ro\/e884fca1-unnamed-file.webp","type":"image\/webp"}],"twitter_card":"summary_large_image","schema":{"@context":"https:\/\/schema.org","@graph":[{"@type":"WebPage","@id":"https:\/\/shopatoa.com\/ro\/bumble-and-bumble-lotiune-de-tratament-pentru-coafura-uscata-pana-la-foarte-uscata-hairdressers-invisible-oil-ultra-rich-hyaluronic-treatment-lotion-100-ml\/","url":"https:\/\/shopatoa.com\/ro\/bumble-and-bumble-lotiune-de-tratament-pentru-coafura-uscata-pana-la-foarte-uscata-hairdressers-invisible-oil-ultra-rich-hyaluronic-treatment-lotion-100-ml\/","name":"Bumble and bumble Lo\u021biune de tratament pentru coafura uscat\u0103 p\u00e2n\u0103 la foarte uscat\u0103 Hairdresser`s Invisible Oil (Ultra Rich Hyaluronic Treatment Lotion) 100 ml - SHOPATOA.COM","isPartOf":{"@id":"https:\/\/shopatoa.com\/ro\/#website"},"primaryImageOfPage":{"@id":"https:\/\/shopatoa.com\/ro\/bumble-and-bumble-lotiune-de-tratament-pentru-coafura-uscata-pana-la-foarte-uscata-hairdressers-invisible-oil-ultra-rich-hyaluronic-treatment-lotion-100-ml\/#primaryimage"},"image":{"@id":"https:\/\/shopatoa.com\/ro\/bumble-and-bumble-lotiune-de-tratament-pentru-coafura-uscata-pana-la-foarte-uscata-hairdressers-invisible-oil-ultra-rich-hyaluronic-treatment-lotion-100-ml\/#primaryimage"},"thumbnailUrl":"https:\/\/storage.googleapis.com\/cz-shopatoa-img\/ro\/e884fca1-unnamed-file.webp","datePublished":"2025-04-27T23:10:25+00:00","dateModified":"2025-11-29T19:46:33+00:00","breadcrumb":{"@id":"https:\/\/shopatoa.com\/ro\/bumble-and-bumble-lotiune-de-tratament-pentru-coafura-uscata-pana-la-foarte-uscata-hairdressers-invisible-oil-ultra-rich-hyaluronic-treatment-lotion-100-ml\/#breadcrumb"},"inLanguage":"ro-RO","potentialAction":[{"@type":"ReadAction","target":["https:\/\/shopatoa.com\/ro\/bumble-and-bumble-lotiune-de-tratament-pentru-coafura-uscata-pana-la-foarte-uscata-hairdressers-invisible-oil-ultra-rich-hyaluronic-treatment-lotion-100-ml\/"]}]},{"@type":"ImageObject","inLanguage":"ro-RO","@id":"https:\/\/shopatoa.com\/ro\/bumble-and-bumble-lotiune-de-tratament-pentru-coafura-uscata-pana-la-foarte-uscata-hairdressers-invisible-oil-ultra-rich-hyaluronic-treatment-lotion-100-ml\/#primaryimage","url":"https:\/\/storage.googleapis.com\/cz-shopatoa-img\/ro\/e884fca1-unnamed-file.webp","contentUrl":"https:\/\/storage.googleapis.com\/cz-shopatoa-img\/ro\/e884fca1-unnamed-file.webp","width":800,"height":800},{"@type":"BreadcrumbList","@id":"https:\/\/shopatoa.com\/ro\/bumble-and-bumble-lotiune-de-tratament-pentru-coafura-uscata-pana-la-foarte-uscata-hairdressers-invisible-oil-ultra-rich-hyaluronic-treatment-lotion-100-ml\/#breadcrumb","itemListElement":[{"@type":"ListItem","position":1,"name":"Dom\u016f","item":"https:\/\/shopatoa.com\/ro\/"},{"@type":"ListItem","position":2,"name":"Shop","item":"https:\/\/shopatoa.com\/ro\/shop\/"},{"@type":"ListItem","position":3,"name":"Cosmetice","item":"https:\/\/shopatoa.com\/ro\/cosmetice\/"},{"@type":"ListItem","position":4,"name":"Produse cosmetice pentru p\u0103r","item":"https:\/\/shopatoa.com\/ro\/produse-cosmetice-pentru-par\/"},{"@type":"ListItem","position":5,"name":"\u00cengrijirea p\u0103rului f\u0103r\u0103 cl\u0103tire","item":"https:\/\/shopatoa.com\/ro\/ingrijirea-parului-fara-clatire\/"},{"@type":"ListItem","position":6,"name":"Bumble and bumble Lo\u021biune de tratament pentru coafura uscat\u0103 p\u00e2n\u0103 la foarte uscat\u0103 Hairdresser`s Invisible Oil (Ultra Rich Hyaluronic Treatment Lotion) 100 ml"}]},{"@type":"WebSite","@id":"https:\/\/shopatoa.com\/ro\/#website","url":"https:\/\/shopatoa.com\/ro\/","name":"SHOPATOA","description":"","publisher":{"@id":"https:\/\/shopatoa.com\/ro\/#organization"},"potentialAction":[{"@type":"SearchAction","target":{"@type":"EntryPoint","urlTemplate":"https:\/\/shopatoa.com\/ro\/?s={search_term_string}"},"query-input":{"@type":"PropertyValueSpecification","valueRequired":true,"valueName":"search_term_string"}}],"inLanguage":"ro-RO"},{"@type":"Organization","@id":"https:\/\/shopatoa.com\/ro\/#organization","name":"SHOPATOA","url":"https:\/\/shopatoa.com\/ro\/","logo":{"@type":"ImageObject","inLanguage":"ro-RO","@id":"https:\/\/shopatoa.com\/ro\/#\/schema\/logo\/image\/","url":"https:\/\/storage.googleapis.com\/cz-shopatoa-img\/ro\/b4dac915-shopatoa_logo.png","contentUrl":"https:\/\/storage.googleapis.com\/cz-shopatoa-img\/ro\/b4dac915-shopatoa_logo.png","width":416,"height":63,"caption":"SHOPATOA"},"image":{"@id":"https:\/\/shopatoa.com\/ro\/#\/schema\/logo\/image\/"}}]}},"_links":{"self":[{"href":"https:\/\/shopatoa.com\/ro\/wp-json\/wp\/v2\/product\/263717","targetHints":{"allow":["GET"]}}],"collection":[{"href":"https:\/\/shopatoa.com\/ro\/wp-json\/wp\/v2\/product"}],"about":[{"href":"https:\/\/shopatoa.com\/ro\/wp-json\/wp\/v2\/types\/product"}],"replies":[{"embeddable":true,"href":"https:\/\/shopatoa.com\/ro\/wp-json\/wp\/v2\/comments?post=263717"}],"wp:featuredmedia":[{"embeddable":true,"href":"https:\/\/shopatoa.com\/ro\/wp-json\/wp\/v2\/media\/340145"}],"wp:attachment":[{"href":"https:\/\/shopatoa.com\/ro\/wp-json\/wp\/v2\/media?parent=263717"}],"wp:term":[{"taxonomy":"product_brand","embeddable":true,"href":"https:\/\/shopatoa.com\/ro\/wp-json\/wp\/v2\/product_brand?post=263717"},{"taxonomy":"product_cat","embeddable":true,"href":"https:\/\/shopatoa.com\/ro\/wp-json\/wp\/v2\/product_cat?post=263717"},{"taxonomy":"product_tag","embeddable":true,"href":"https:\/\/shopatoa.com\/ro\/wp-json\/wp\/v2\/product_tag?post=263717"}],"curies":[{"name":"wp","href":"https:\/\/api.w.org\/{rel}","templated":true}]}}