{"id":263757,"date":"2025-04-28T01:25:05","date_gmt":"2025-04-27T23:25:05","guid":{"rendered":"https:\/\/shopatoa.com\/ro\/revolution-skincare-peeling-deten-pentru-pielea-grasa-skincare-acid-peel-peeling-solution-30-ml\/"},"modified":"2025-12-07T13:43:20","modified_gmt":"2025-12-07T12:43:20","slug":"revolution-skincare-peeling-deten-pentru-pielea-grasa-skincare-acid-peel-peeling-solution-30-ml","status":"publish","type":"product","link":"https:\/\/shopatoa.com\/ro\/revolution-skincare-peeling-deten-pentru-pielea-grasa-skincare-acid-peel-peeling-solution-30-ml\/","title":{"rendered":"Revolution Skincare Peeling deTen pentru pielea gras\u0103 Skincare Acid Peel (Peeling Solution) 30 ml"},"content":{"rendered":"<p>Multi Acid Peeling Solution de la Revolution Skincare este un tratament facial, care exfoliaz\u0103 stratul superior al pielii. Acest peeling con\u021bine 1% s\u0103ruri de acid azelaic, care cur\u0103\u021b\u0103 pielea, ajut\u0103 la exfolierea pielii moarte, astfel \u00eenc\u00e2t pielea s\u0103 fie mai neted\u0103 \u0219i mai proasp\u0103t\u0103. Echilibreaz\u0103 tonul \u0219i textura pielii \u0219i regleaz\u0103 produc\u021bia de sebum. 1% acid salicilic &#8211; BHA, care ajut\u0103 la p\u0103trunderea peelingului ad\u00e2nc \u00een pori, astfel \u00eenc\u00e2t pielea s\u0103 nu fie supra\u00eenc\u0103rcat\u0103 \u0219i s\u0103 se previn\u0103 ridurile, astfel \u00eenc\u00e2t s\u0103 par\u0103 mai fin\u0103 \u0219i mai str\u0103lucitoare.<\/p>\n","protected":false},"excerpt":{"rendered":"<p>Multi Acid Peeling Solution de la Revolution Skincare este un tratament facial, care exfoliaz\u0103 stratul superior al pielii. Acest peeling con\u021bine 1% s\u0103ruri de acid azelaic, care cur\u0103\u021b\u0103 pielea, ajut\u0103 la exfolierea pielii moarte, astfel \u00eenc\u00e2t pielea s\u0103 fie mai neted\u0103 \u0219i mai proasp\u0103t\u0103. Echilibreaz\u0103 tonul \u0219i textura pielii \u0219i regleaz\u0103 produc\u021bia de sebum. 1%&#8230;<\/p>\n","protected":false},"featured_media":340182,"comment_status":"closed","ping_status":"open","template":"","meta":{"_acf_changed":false,"_kadence_starter_templates_imported_post":false,"_kad_post_transparent":"","_kad_post_title":"","_kad_post_layout":"","_kad_post_sidebar_id":"","_kad_post_content_style":"","_kad_post_vertical_padding":"","_kad_post_feature":"","_kad_post_feature_position":"","_kad_post_header":false,"_kad_post_footer":false,"_kad_post_classname":""},"product_brand":[234],"product_cat":[246,660,634,706,633],"product_tag":[],"class_list":{"0":"post-263757","1":"product","2":"type-product","3":"status-publish","4":"has-post-thumbnail","6":"product_brand-revolution-skincare","7":"product_cat-cosmetice","8":"product_cat-curatarea-demachierea-fetei","9":"product_cat-produse-cosmetice-de-ingrijire-a-pielii","10":"product_cat-produse-cosmetice-pentru-curatare","11":"product_cat-produse-cosmetice-pentru-piele","13":"first","14":"instock","15":"product-type-external","16":"entry","17":"content-bg","18":"loop-entry"},"acf":[],"yoast_head":"<!-- This site is optimized with the Yoast SEO plugin v27.3 - https:\/\/yoast.com\/product\/yoast-seo-wordpress\/ -->\n<title>Revolution Skincare Peeling deTen pentru pielea gras\u0103 Skincare Acid Peel (Peeling Solution) 30 ml - SHOPATOA.COM<\/title>\n<meta name=\"robots\" content=\"index, follow, max-snippet:-1, max-image-preview:large, max-video-preview:-1\" \/>\n<link rel=\"canonical\" href=\"https:\/\/shopatoa.com\/ro\/revolution-skincare-peeling-deten-pentru-pielea-grasa-skincare-acid-peel-peeling-solution-30-ml\/\" \/>\n<meta property=\"og:locale\" content=\"ro_RO\" \/>\n<meta property=\"og:type\" content=\"article\" \/>\n<meta property=\"og:title\" content=\"Revolution Skincare Peeling deTen pentru pielea gras\u0103 Skincare Acid Peel (Peeling Solution) 30 ml - SHOPATOA.COM\" \/>\n<meta property=\"og:description\" content=\"Multi Acid Peeling Solution de la Revolution Skincare este un tratament facial, care exfoliaz\u0103 stratul superior al pielii. Acest peeling con\u021bine 1% s\u0103ruri de acid azelaic, care cur\u0103\u021b\u0103 pielea, ajut\u0103 la exfolierea pielii moarte, astfel \u00eenc\u00e2t pielea s\u0103 fie mai neted\u0103 \u0219i mai proasp\u0103t\u0103. Echilibreaz\u0103 tonul \u0219i textura pielii \u0219i regleaz\u0103 produc\u021bia de sebum. 1%...\" \/>\n<meta property=\"og:url\" content=\"https:\/\/shopatoa.com\/ro\/revolution-skincare-peeling-deten-pentru-pielea-grasa-skincare-acid-peel-peeling-solution-30-ml\/\" \/>\n<meta property=\"og:site_name\" content=\"SHOPATOA\" \/>\n<meta property=\"article:modified_time\" content=\"2025-12-07T12:43:20+00:00\" \/>\n<meta property=\"og:image\" content=\"https:\/\/storage.googleapis.com\/cz-shopatoa-img\/ro\/c1a5e44d-unnamed-file.webp\" \/>\n\t<meta property=\"og:image:width\" content=\"800\" \/>\n\t<meta property=\"og:image:height\" content=\"800\" \/>\n\t<meta property=\"og:image:type\" content=\"image\/webp\" \/>\n<meta name=\"twitter:card\" content=\"summary_large_image\" \/>\n<script type=\"application\/ld+json\" class=\"yoast-schema-graph\">{\"@context\":\"https:\\\/\\\/schema.org\",\"@graph\":[{\"@type\":\"WebPage\",\"@id\":\"https:\\\/\\\/shopatoa.com\\\/ro\\\/revolution-skincare-peeling-deten-pentru-pielea-grasa-skincare-acid-peel-peeling-solution-30-ml\\\/\",\"url\":\"https:\\\/\\\/shopatoa.com\\\/ro\\\/revolution-skincare-peeling-deten-pentru-pielea-grasa-skincare-acid-peel-peeling-solution-30-ml\\\/\",\"name\":\"Revolution Skincare Peeling deTen pentru pielea gras\u0103 Skincare Acid Peel (Peeling Solution) 30 ml - SHOPATOA.COM\",\"isPartOf\":{\"@id\":\"https:\\\/\\\/shopatoa.com\\\/ro\\\/#website\"},\"primaryImageOfPage\":{\"@id\":\"https:\\\/\\\/shopatoa.com\\\/ro\\\/revolution-skincare-peeling-deten-pentru-pielea-grasa-skincare-acid-peel-peeling-solution-30-ml\\\/#primaryimage\"},\"image\":{\"@id\":\"https:\\\/\\\/shopatoa.com\\\/ro\\\/revolution-skincare-peeling-deten-pentru-pielea-grasa-skincare-acid-peel-peeling-solution-30-ml\\\/#primaryimage\"},\"thumbnailUrl\":\"https:\\\/\\\/storage.googleapis.com\\\/cz-shopatoa-img\\\/ro\\\/c1a5e44d-unnamed-file.webp\",\"datePublished\":\"2025-04-27T23:25:05+00:00\",\"dateModified\":\"2025-12-07T12:43:20+00:00\",\"breadcrumb\":{\"@id\":\"https:\\\/\\\/shopatoa.com\\\/ro\\\/revolution-skincare-peeling-deten-pentru-pielea-grasa-skincare-acid-peel-peeling-solution-30-ml\\\/#breadcrumb\"},\"inLanguage\":\"ro-RO\",\"potentialAction\":[{\"@type\":\"ReadAction\",\"target\":[\"https:\\\/\\\/shopatoa.com\\\/ro\\\/revolution-skincare-peeling-deten-pentru-pielea-grasa-skincare-acid-peel-peeling-solution-30-ml\\\/\"]}]},{\"@type\":\"ImageObject\",\"inLanguage\":\"ro-RO\",\"@id\":\"https:\\\/\\\/shopatoa.com\\\/ro\\\/revolution-skincare-peeling-deten-pentru-pielea-grasa-skincare-acid-peel-peeling-solution-30-ml\\\/#primaryimage\",\"url\":\"https:\\\/\\\/storage.googleapis.com\\\/cz-shopatoa-img\\\/ro\\\/c1a5e44d-unnamed-file.webp\",\"contentUrl\":\"https:\\\/\\\/storage.googleapis.com\\\/cz-shopatoa-img\\\/ro\\\/c1a5e44d-unnamed-file.webp\",\"width\":800,\"height\":800},{\"@type\":\"BreadcrumbList\",\"@id\":\"https:\\\/\\\/shopatoa.com\\\/ro\\\/revolution-skincare-peeling-deten-pentru-pielea-grasa-skincare-acid-peel-peeling-solution-30-ml\\\/#breadcrumb\",\"itemListElement\":[{\"@type\":\"ListItem\",\"position\":1,\"name\":\"Dom\u016f\",\"item\":\"https:\\\/\\\/shopatoa.com\\\/ro\\\/\"},{\"@type\":\"ListItem\",\"position\":2,\"name\":\"Shop\",\"item\":\"https:\\\/\\\/shopatoa.com\\\/ro\\\/shop\\\/\"},{\"@type\":\"ListItem\",\"position\":3,\"name\":\"Cosmetice\",\"item\":\"https:\\\/\\\/shopatoa.com\\\/ro\\\/cosmetice\\\/\"},{\"@type\":\"ListItem\",\"position\":4,\"name\":\"Produse cosmetice pentru piele\",\"item\":\"https:\\\/\\\/shopatoa.com\\\/ro\\\/produse-cosmetice-pentru-piele\\\/\"},{\"@type\":\"ListItem\",\"position\":5,\"name\":\"Produse cosmetice de \u00eengrijire a pielii\",\"item\":\"https:\\\/\\\/shopatoa.com\\\/ro\\\/produse-cosmetice-de-ingrijire-a-pielii\\\/\"},{\"@type\":\"ListItem\",\"position\":6,\"name\":\"Cur\u0103\u021barea, demachierea fe\u021bei\",\"item\":\"https:\\\/\\\/shopatoa.com\\\/ro\\\/curatarea-demachierea-fetei\\\/\"},{\"@type\":\"ListItem\",\"position\":7,\"name\":\"Produse cosmetice pentru cur\u0103\u021bare\",\"item\":\"https:\\\/\\\/shopatoa.com\\\/ro\\\/produse-cosmetice-pentru-curatare\\\/\"},{\"@type\":\"ListItem\",\"position\":8,\"name\":\"Revolution Skincare Peeling deTen pentru pielea gras\u0103 Skincare Acid Peel (Peeling Solution) 30 ml\"}]},{\"@type\":\"WebSite\",\"@id\":\"https:\\\/\\\/shopatoa.com\\\/ro\\\/#website\",\"url\":\"https:\\\/\\\/shopatoa.com\\\/ro\\\/\",\"name\":\"SHOPATOA\",\"description\":\"\",\"publisher\":{\"@id\":\"https:\\\/\\\/shopatoa.com\\\/ro\\\/#organization\"},\"potentialAction\":[{\"@type\":\"SearchAction\",\"target\":{\"@type\":\"EntryPoint\",\"urlTemplate\":\"https:\\\/\\\/shopatoa.com\\\/ro\\\/?s={search_term_string}\"},\"query-input\":{\"@type\":\"PropertyValueSpecification\",\"valueRequired\":true,\"valueName\":\"search_term_string\"}}],\"inLanguage\":\"ro-RO\"},{\"@type\":\"Organization\",\"@id\":\"https:\\\/\\\/shopatoa.com\\\/ro\\\/#organization\",\"name\":\"SHOPATOA\",\"url\":\"https:\\\/\\\/shopatoa.com\\\/ro\\\/\",\"logo\":{\"@type\":\"ImageObject\",\"inLanguage\":\"ro-RO\",\"@id\":\"https:\\\/\\\/shopatoa.com\\\/ro\\\/#\\\/schema\\\/logo\\\/image\\\/\",\"url\":\"https:\\\/\\\/storage.googleapis.com\\\/cz-shopatoa-img\\\/ro\\\/b4dac915-shopatoa_logo.png\",\"contentUrl\":\"https:\\\/\\\/storage.googleapis.com\\\/cz-shopatoa-img\\\/ro\\\/b4dac915-shopatoa_logo.png\",\"width\":416,\"height\":63,\"caption\":\"SHOPATOA\"},\"image\":{\"@id\":\"https:\\\/\\\/shopatoa.com\\\/ro\\\/#\\\/schema\\\/logo\\\/image\\\/\"}}]}<\/script>\n<!-- \/ Yoast SEO plugin. -->","yoast_head_json":{"title":"Revolution Skincare Peeling deTen pentru pielea gras\u0103 Skincare Acid Peel (Peeling Solution) 30 ml - SHOPATOA.COM","robots":{"index":"index","follow":"follow","max-snippet":"max-snippet:-1","max-image-preview":"max-image-preview:large","max-video-preview":"max-video-preview:-1"},"canonical":"https:\/\/shopatoa.com\/ro\/revolution-skincare-peeling-deten-pentru-pielea-grasa-skincare-acid-peel-peeling-solution-30-ml\/","og_locale":"ro_RO","og_type":"article","og_title":"Revolution Skincare Peeling deTen pentru pielea gras\u0103 Skincare Acid Peel (Peeling Solution) 30 ml - SHOPATOA.COM","og_description":"Multi Acid Peeling Solution de la Revolution Skincare este un tratament facial, care exfoliaz\u0103 stratul superior al pielii. Acest peeling con\u021bine 1% s\u0103ruri de acid azelaic, care cur\u0103\u021b\u0103 pielea, ajut\u0103 la exfolierea pielii moarte, astfel \u00eenc\u00e2t pielea s\u0103 fie mai neted\u0103 \u0219i mai proasp\u0103t\u0103. Echilibreaz\u0103 tonul \u0219i textura pielii \u0219i regleaz\u0103 produc\u021bia de sebum. 1%...","og_url":"https:\/\/shopatoa.com\/ro\/revolution-skincare-peeling-deten-pentru-pielea-grasa-skincare-acid-peel-peeling-solution-30-ml\/","og_site_name":"SHOPATOA","article_modified_time":"2025-12-07T12:43:20+00:00","og_image":[{"width":800,"height":800,"url":"https:\/\/storage.googleapis.com\/cz-shopatoa-img\/ro\/c1a5e44d-unnamed-file.webp","type":"image\/webp"}],"twitter_card":"summary_large_image","schema":{"@context":"https:\/\/schema.org","@graph":[{"@type":"WebPage","@id":"https:\/\/shopatoa.com\/ro\/revolution-skincare-peeling-deten-pentru-pielea-grasa-skincare-acid-peel-peeling-solution-30-ml\/","url":"https:\/\/shopatoa.com\/ro\/revolution-skincare-peeling-deten-pentru-pielea-grasa-skincare-acid-peel-peeling-solution-30-ml\/","name":"Revolution Skincare Peeling deTen pentru pielea gras\u0103 Skincare Acid Peel (Peeling Solution) 30 ml - SHOPATOA.COM","isPartOf":{"@id":"https:\/\/shopatoa.com\/ro\/#website"},"primaryImageOfPage":{"@id":"https:\/\/shopatoa.com\/ro\/revolution-skincare-peeling-deten-pentru-pielea-grasa-skincare-acid-peel-peeling-solution-30-ml\/#primaryimage"},"image":{"@id":"https:\/\/shopatoa.com\/ro\/revolution-skincare-peeling-deten-pentru-pielea-grasa-skincare-acid-peel-peeling-solution-30-ml\/#primaryimage"},"thumbnailUrl":"https:\/\/storage.googleapis.com\/cz-shopatoa-img\/ro\/c1a5e44d-unnamed-file.webp","datePublished":"2025-04-27T23:25:05+00:00","dateModified":"2025-12-07T12:43:20+00:00","breadcrumb":{"@id":"https:\/\/shopatoa.com\/ro\/revolution-skincare-peeling-deten-pentru-pielea-grasa-skincare-acid-peel-peeling-solution-30-ml\/#breadcrumb"},"inLanguage":"ro-RO","potentialAction":[{"@type":"ReadAction","target":["https:\/\/shopatoa.com\/ro\/revolution-skincare-peeling-deten-pentru-pielea-grasa-skincare-acid-peel-peeling-solution-30-ml\/"]}]},{"@type":"ImageObject","inLanguage":"ro-RO","@id":"https:\/\/shopatoa.com\/ro\/revolution-skincare-peeling-deten-pentru-pielea-grasa-skincare-acid-peel-peeling-solution-30-ml\/#primaryimage","url":"https:\/\/storage.googleapis.com\/cz-shopatoa-img\/ro\/c1a5e44d-unnamed-file.webp","contentUrl":"https:\/\/storage.googleapis.com\/cz-shopatoa-img\/ro\/c1a5e44d-unnamed-file.webp","width":800,"height":800},{"@type":"BreadcrumbList","@id":"https:\/\/shopatoa.com\/ro\/revolution-skincare-peeling-deten-pentru-pielea-grasa-skincare-acid-peel-peeling-solution-30-ml\/#breadcrumb","itemListElement":[{"@type":"ListItem","position":1,"name":"Dom\u016f","item":"https:\/\/shopatoa.com\/ro\/"},{"@type":"ListItem","position":2,"name":"Shop","item":"https:\/\/shopatoa.com\/ro\/shop\/"},{"@type":"ListItem","position":3,"name":"Cosmetice","item":"https:\/\/shopatoa.com\/ro\/cosmetice\/"},{"@type":"ListItem","position":4,"name":"Produse cosmetice pentru piele","item":"https:\/\/shopatoa.com\/ro\/produse-cosmetice-pentru-piele\/"},{"@type":"ListItem","position":5,"name":"Produse cosmetice de \u00eengrijire a pielii","item":"https:\/\/shopatoa.com\/ro\/produse-cosmetice-de-ingrijire-a-pielii\/"},{"@type":"ListItem","position":6,"name":"Cur\u0103\u021barea, demachierea fe\u021bei","item":"https:\/\/shopatoa.com\/ro\/curatarea-demachierea-fetei\/"},{"@type":"ListItem","position":7,"name":"Produse cosmetice pentru cur\u0103\u021bare","item":"https:\/\/shopatoa.com\/ro\/produse-cosmetice-pentru-curatare\/"},{"@type":"ListItem","position":8,"name":"Revolution Skincare Peeling deTen pentru pielea gras\u0103 Skincare Acid Peel (Peeling Solution) 30 ml"}]},{"@type":"WebSite","@id":"https:\/\/shopatoa.com\/ro\/#website","url":"https:\/\/shopatoa.com\/ro\/","name":"SHOPATOA","description":"","publisher":{"@id":"https:\/\/shopatoa.com\/ro\/#organization"},"potentialAction":[{"@type":"SearchAction","target":{"@type":"EntryPoint","urlTemplate":"https:\/\/shopatoa.com\/ro\/?s={search_term_string}"},"query-input":{"@type":"PropertyValueSpecification","valueRequired":true,"valueName":"search_term_string"}}],"inLanguage":"ro-RO"},{"@type":"Organization","@id":"https:\/\/shopatoa.com\/ro\/#organization","name":"SHOPATOA","url":"https:\/\/shopatoa.com\/ro\/","logo":{"@type":"ImageObject","inLanguage":"ro-RO","@id":"https:\/\/shopatoa.com\/ro\/#\/schema\/logo\/image\/","url":"https:\/\/storage.googleapis.com\/cz-shopatoa-img\/ro\/b4dac915-shopatoa_logo.png","contentUrl":"https:\/\/storage.googleapis.com\/cz-shopatoa-img\/ro\/b4dac915-shopatoa_logo.png","width":416,"height":63,"caption":"SHOPATOA"},"image":{"@id":"https:\/\/shopatoa.com\/ro\/#\/schema\/logo\/image\/"}}]}},"_links":{"self":[{"href":"https:\/\/shopatoa.com\/ro\/wp-json\/wp\/v2\/product\/263757","targetHints":{"allow":["GET"]}}],"collection":[{"href":"https:\/\/shopatoa.com\/ro\/wp-json\/wp\/v2\/product"}],"about":[{"href":"https:\/\/shopatoa.com\/ro\/wp-json\/wp\/v2\/types\/product"}],"replies":[{"embeddable":true,"href":"https:\/\/shopatoa.com\/ro\/wp-json\/wp\/v2\/comments?post=263757"}],"wp:featuredmedia":[{"embeddable":true,"href":"https:\/\/shopatoa.com\/ro\/wp-json\/wp\/v2\/media\/340182"}],"wp:attachment":[{"href":"https:\/\/shopatoa.com\/ro\/wp-json\/wp\/v2\/media?parent=263757"}],"wp:term":[{"taxonomy":"product_brand","embeddable":true,"href":"https:\/\/shopatoa.com\/ro\/wp-json\/wp\/v2\/product_brand?post=263757"},{"taxonomy":"product_cat","embeddable":true,"href":"https:\/\/shopatoa.com\/ro\/wp-json\/wp\/v2\/product_cat?post=263757"},{"taxonomy":"product_tag","embeddable":true,"href":"https:\/\/shopatoa.com\/ro\/wp-json\/wp\/v2\/product_tag?post=263757"}],"curies":[{"name":"wp","href":"https:\/\/api.w.org\/{rel}","templated":true}]}}