{"id":263815,"date":"2025-04-28T01:45:43","date_gmt":"2025-04-27T23:45:43","guid":{"rendered":"https:\/\/shopatoa.com\/ro\/redken-tratament-intensiv-fara-clatire-pentru-par-sensibil-si-deteriorat-extreme-anti-snap-anti-breakage-leave-in-treatment-250-ml\/"},"modified":"2025-12-14T13:35:36","modified_gmt":"2025-12-14T12:35:36","slug":"redken-tratament-intensiv-fara-clatire-pentru-par-sensibil-si-deteriorat-extreme-anti-snap-anti-breakage-leave-in-treatment-250-ml","status":"publish","type":"product","link":"https:\/\/shopatoa.com\/ro\/redken-tratament-intensiv-fara-clatire-pentru-par-sensibil-si-deteriorat-extreme-anti-snap-anti-breakage-leave-in-treatment-250-ml\/","title":{"rendered":"Redken Tratament intensiv f\u0103r\u0103 cl\u0103tire pentru p\u0103r sensibil \u0219i deteriorat Extreme (Anti-Snap Anti-Breakage Leave-In Treatment) 250 ml"},"content":{"rendered":"<p>Tratamentul pentru p\u0103r vindec\u0103 imediat p\u0103rul deteriorat \u0219i sensibil. \u00cent\u0103re\u0219te \u0219i regenereaz\u0103 fibrele p\u0103rului \u0219i previne ruperea \u0219i despicarea p\u0103rului. Proteinele con\u021binute p\u0103trund ad\u00e2nc \u00een structura p\u0103rului, pe care le \u00eent\u0103resc \u0219i \u00eei redau puterea \u0219i str\u0103lucirea.<\/p>\n","protected":false},"excerpt":{"rendered":"<p>Tratamentul pentru p\u0103r vindec\u0103 imediat p\u0103rul deteriorat \u0219i sensibil. \u00cent\u0103re\u0219te \u0219i regenereaz\u0103 fibrele p\u0103rului \u0219i previne ruperea \u0219i despicarea p\u0103rului. Proteinele con\u021binute p\u0103trund ad\u00e2nc \u00een structura p\u0103rului, pe care le \u00eent\u0103resc \u0219i \u00eei redau puterea \u0219i str\u0103lucirea.<\/p>\n","protected":false},"featured_media":340239,"comment_status":"closed","ping_status":"open","template":"","meta":{"_acf_changed":false,"_kadence_starter_templates_imported_post":false,"_kad_post_transparent":"","_kad_post_title":"","_kad_post_layout":"","_kad_post_sidebar_id":"","_kad_post_content_style":"","_kad_post_vertical_padding":"","_kad_post_feature":"","_kad_post_feature_position":"","_kad_post_header":false,"_kad_post_footer":false,"_kad_post_classname":""},"product_brand":[552],"product_cat":[246,696,623],"product_tag":[],"class_list":{"0":"post-263815","1":"product","2":"type-product","3":"status-publish","4":"has-post-thumbnail","6":"product_brand-redken","7":"product_cat-cosmetice","8":"product_cat-ingrijirea-parului-fara-clatire","9":"product_cat-produse-cosmetice-pentru-par","11":"first","12":"instock","13":"sale","14":"product-type-external","15":"entry","16":"content-bg","17":"loop-entry"},"acf":[],"yoast_head":"<!-- This site is optimized with the Yoast SEO plugin v27.4 - https:\/\/yoast.com\/product\/yoast-seo-wordpress\/ -->\n<title>Redken Tratament intensiv f\u0103r\u0103 cl\u0103tire pentru p\u0103r sensibil \u0219i deteriorat Extreme (Anti-Snap Anti-Breakage Leave-In Treatment) 250 ml - SHOPATOA.COM<\/title>\n<meta name=\"robots\" content=\"index, follow, max-snippet:-1, max-image-preview:large, max-video-preview:-1\" \/>\n<link rel=\"canonical\" href=\"https:\/\/shopatoa.com\/ro\/redken-tratament-intensiv-fara-clatire-pentru-par-sensibil-si-deteriorat-extreme-anti-snap-anti-breakage-leave-in-treatment-250-ml\/\" \/>\n<meta property=\"og:locale\" content=\"ro_RO\" \/>\n<meta property=\"og:type\" content=\"article\" \/>\n<meta property=\"og:title\" content=\"Redken Tratament intensiv f\u0103r\u0103 cl\u0103tire pentru p\u0103r sensibil \u0219i deteriorat Extreme (Anti-Snap Anti-Breakage Leave-In Treatment) 250 ml - SHOPATOA.COM\" \/>\n<meta property=\"og:description\" content=\"Tratamentul pentru p\u0103r vindec\u0103 imediat p\u0103rul deteriorat \u0219i sensibil. \u00cent\u0103re\u0219te \u0219i regenereaz\u0103 fibrele p\u0103rului \u0219i previne ruperea \u0219i despicarea p\u0103rului. Proteinele con\u021binute p\u0103trund ad\u00e2nc \u00een structura p\u0103rului, pe care le \u00eent\u0103resc \u0219i \u00eei redau puterea \u0219i str\u0103lucirea.\" \/>\n<meta property=\"og:url\" content=\"https:\/\/shopatoa.com\/ro\/redken-tratament-intensiv-fara-clatire-pentru-par-sensibil-si-deteriorat-extreme-anti-snap-anti-breakage-leave-in-treatment-250-ml\/\" \/>\n<meta property=\"og:site_name\" content=\"SHOPATOA\" \/>\n<meta property=\"article:modified_time\" content=\"2025-12-14T12:35:36+00:00\" \/>\n<meta property=\"og:image\" content=\"https:\/\/storage.googleapis.com\/cz-shopatoa-img\/ro\/55872738-unnamed-file.webp\" \/>\n\t<meta property=\"og:image:width\" content=\"800\" \/>\n\t<meta property=\"og:image:height\" content=\"800\" \/>\n\t<meta property=\"og:image:type\" content=\"image\/webp\" \/>\n<meta name=\"twitter:card\" content=\"summary_large_image\" \/>\n<script type=\"application\/ld+json\" class=\"yoast-schema-graph\">{\"@context\":\"https:\\\/\\\/schema.org\",\"@graph\":[{\"@type\":\"WebPage\",\"@id\":\"https:\\\/\\\/shopatoa.com\\\/ro\\\/redken-tratament-intensiv-fara-clatire-pentru-par-sensibil-si-deteriorat-extreme-anti-snap-anti-breakage-leave-in-treatment-250-ml\\\/\",\"url\":\"https:\\\/\\\/shopatoa.com\\\/ro\\\/redken-tratament-intensiv-fara-clatire-pentru-par-sensibil-si-deteriorat-extreme-anti-snap-anti-breakage-leave-in-treatment-250-ml\\\/\",\"name\":\"Redken Tratament intensiv f\u0103r\u0103 cl\u0103tire pentru p\u0103r sensibil \u0219i deteriorat Extreme (Anti-Snap Anti-Breakage Leave-In Treatment) 250 ml - SHOPATOA.COM\",\"isPartOf\":{\"@id\":\"https:\\\/\\\/shopatoa.com\\\/ro\\\/#website\"},\"primaryImageOfPage\":{\"@id\":\"https:\\\/\\\/shopatoa.com\\\/ro\\\/redken-tratament-intensiv-fara-clatire-pentru-par-sensibil-si-deteriorat-extreme-anti-snap-anti-breakage-leave-in-treatment-250-ml\\\/#primaryimage\"},\"image\":{\"@id\":\"https:\\\/\\\/shopatoa.com\\\/ro\\\/redken-tratament-intensiv-fara-clatire-pentru-par-sensibil-si-deteriorat-extreme-anti-snap-anti-breakage-leave-in-treatment-250-ml\\\/#primaryimage\"},\"thumbnailUrl\":\"https:\\\/\\\/storage.googleapis.com\\\/cz-shopatoa-img\\\/ro\\\/55872738-unnamed-file.webp\",\"datePublished\":\"2025-04-27T23:45:43+00:00\",\"dateModified\":\"2025-12-14T12:35:36+00:00\",\"breadcrumb\":{\"@id\":\"https:\\\/\\\/shopatoa.com\\\/ro\\\/redken-tratament-intensiv-fara-clatire-pentru-par-sensibil-si-deteriorat-extreme-anti-snap-anti-breakage-leave-in-treatment-250-ml\\\/#breadcrumb\"},\"inLanguage\":\"ro-RO\",\"potentialAction\":[{\"@type\":\"ReadAction\",\"target\":[\"https:\\\/\\\/shopatoa.com\\\/ro\\\/redken-tratament-intensiv-fara-clatire-pentru-par-sensibil-si-deteriorat-extreme-anti-snap-anti-breakage-leave-in-treatment-250-ml\\\/\"]}]},{\"@type\":\"ImageObject\",\"inLanguage\":\"ro-RO\",\"@id\":\"https:\\\/\\\/shopatoa.com\\\/ro\\\/redken-tratament-intensiv-fara-clatire-pentru-par-sensibil-si-deteriorat-extreme-anti-snap-anti-breakage-leave-in-treatment-250-ml\\\/#primaryimage\",\"url\":\"https:\\\/\\\/storage.googleapis.com\\\/cz-shopatoa-img\\\/ro\\\/55872738-unnamed-file.webp\",\"contentUrl\":\"https:\\\/\\\/storage.googleapis.com\\\/cz-shopatoa-img\\\/ro\\\/55872738-unnamed-file.webp\",\"width\":800,\"height\":800},{\"@type\":\"BreadcrumbList\",\"@id\":\"https:\\\/\\\/shopatoa.com\\\/ro\\\/redken-tratament-intensiv-fara-clatire-pentru-par-sensibil-si-deteriorat-extreme-anti-snap-anti-breakage-leave-in-treatment-250-ml\\\/#breadcrumb\",\"itemListElement\":[{\"@type\":\"ListItem\",\"position\":1,\"name\":\"Dom\u016f\",\"item\":\"https:\\\/\\\/shopatoa.com\\\/ro\\\/\"},{\"@type\":\"ListItem\",\"position\":2,\"name\":\"Shop\",\"item\":\"https:\\\/\\\/shopatoa.com\\\/ro\\\/shop\\\/\"},{\"@type\":\"ListItem\",\"position\":3,\"name\":\"Cosmetice\",\"item\":\"https:\\\/\\\/shopatoa.com\\\/ro\\\/cosmetice\\\/\"},{\"@type\":\"ListItem\",\"position\":4,\"name\":\"Produse cosmetice pentru p\u0103r\",\"item\":\"https:\\\/\\\/shopatoa.com\\\/ro\\\/produse-cosmetice-pentru-par\\\/\"},{\"@type\":\"ListItem\",\"position\":5,\"name\":\"\u00cengrijirea p\u0103rului f\u0103r\u0103 cl\u0103tire\",\"item\":\"https:\\\/\\\/shopatoa.com\\\/ro\\\/ingrijirea-parului-fara-clatire\\\/\"},{\"@type\":\"ListItem\",\"position\":6,\"name\":\"Redken Tratament intensiv f\u0103r\u0103 cl\u0103tire pentru p\u0103r sensibil \u0219i deteriorat Extreme (Anti-Snap Anti-Breakage Leave-In Treatment) 250 ml\"}]},{\"@type\":\"WebSite\",\"@id\":\"https:\\\/\\\/shopatoa.com\\\/ro\\\/#website\",\"url\":\"https:\\\/\\\/shopatoa.com\\\/ro\\\/\",\"name\":\"SHOPATOA\",\"description\":\"\",\"publisher\":{\"@id\":\"https:\\\/\\\/shopatoa.com\\\/ro\\\/#organization\"},\"potentialAction\":[{\"@type\":\"SearchAction\",\"target\":{\"@type\":\"EntryPoint\",\"urlTemplate\":\"https:\\\/\\\/shopatoa.com\\\/ro\\\/?s={search_term_string}\"},\"query-input\":{\"@type\":\"PropertyValueSpecification\",\"valueRequired\":true,\"valueName\":\"search_term_string\"}}],\"inLanguage\":\"ro-RO\"},{\"@type\":\"Organization\",\"@id\":\"https:\\\/\\\/shopatoa.com\\\/ro\\\/#organization\",\"name\":\"SHOPATOA\",\"url\":\"https:\\\/\\\/shopatoa.com\\\/ro\\\/\",\"logo\":{\"@type\":\"ImageObject\",\"inLanguage\":\"ro-RO\",\"@id\":\"https:\\\/\\\/shopatoa.com\\\/ro\\\/#\\\/schema\\\/logo\\\/image\\\/\",\"url\":\"https:\\\/\\\/storage.googleapis.com\\\/cz-shopatoa-img\\\/ro\\\/b4dac915-shopatoa_logo.png\",\"contentUrl\":\"https:\\\/\\\/storage.googleapis.com\\\/cz-shopatoa-img\\\/ro\\\/b4dac915-shopatoa_logo.png\",\"width\":416,\"height\":63,\"caption\":\"SHOPATOA\"},\"image\":{\"@id\":\"https:\\\/\\\/shopatoa.com\\\/ro\\\/#\\\/schema\\\/logo\\\/image\\\/\"}}]}<\/script>\n<!-- \/ Yoast SEO plugin. -->","yoast_head_json":{"title":"Redken Tratament intensiv f\u0103r\u0103 cl\u0103tire pentru p\u0103r sensibil \u0219i deteriorat Extreme (Anti-Snap Anti-Breakage Leave-In Treatment) 250 ml - SHOPATOA.COM","robots":{"index":"index","follow":"follow","max-snippet":"max-snippet:-1","max-image-preview":"max-image-preview:large","max-video-preview":"max-video-preview:-1"},"canonical":"https:\/\/shopatoa.com\/ro\/redken-tratament-intensiv-fara-clatire-pentru-par-sensibil-si-deteriorat-extreme-anti-snap-anti-breakage-leave-in-treatment-250-ml\/","og_locale":"ro_RO","og_type":"article","og_title":"Redken Tratament intensiv f\u0103r\u0103 cl\u0103tire pentru p\u0103r sensibil \u0219i deteriorat Extreme (Anti-Snap Anti-Breakage Leave-In Treatment) 250 ml - SHOPATOA.COM","og_description":"Tratamentul pentru p\u0103r vindec\u0103 imediat p\u0103rul deteriorat \u0219i sensibil. \u00cent\u0103re\u0219te \u0219i regenereaz\u0103 fibrele p\u0103rului \u0219i previne ruperea \u0219i despicarea p\u0103rului. Proteinele con\u021binute p\u0103trund ad\u00e2nc \u00een structura p\u0103rului, pe care le \u00eent\u0103resc \u0219i \u00eei redau puterea \u0219i str\u0103lucirea.","og_url":"https:\/\/shopatoa.com\/ro\/redken-tratament-intensiv-fara-clatire-pentru-par-sensibil-si-deteriorat-extreme-anti-snap-anti-breakage-leave-in-treatment-250-ml\/","og_site_name":"SHOPATOA","article_modified_time":"2025-12-14T12:35:36+00:00","og_image":[{"width":800,"height":800,"url":"https:\/\/storage.googleapis.com\/cz-shopatoa-img\/ro\/55872738-unnamed-file.webp","type":"image\/webp"}],"twitter_card":"summary_large_image","schema":{"@context":"https:\/\/schema.org","@graph":[{"@type":"WebPage","@id":"https:\/\/shopatoa.com\/ro\/redken-tratament-intensiv-fara-clatire-pentru-par-sensibil-si-deteriorat-extreme-anti-snap-anti-breakage-leave-in-treatment-250-ml\/","url":"https:\/\/shopatoa.com\/ro\/redken-tratament-intensiv-fara-clatire-pentru-par-sensibil-si-deteriorat-extreme-anti-snap-anti-breakage-leave-in-treatment-250-ml\/","name":"Redken Tratament intensiv f\u0103r\u0103 cl\u0103tire pentru p\u0103r sensibil \u0219i deteriorat Extreme (Anti-Snap Anti-Breakage Leave-In Treatment) 250 ml - SHOPATOA.COM","isPartOf":{"@id":"https:\/\/shopatoa.com\/ro\/#website"},"primaryImageOfPage":{"@id":"https:\/\/shopatoa.com\/ro\/redken-tratament-intensiv-fara-clatire-pentru-par-sensibil-si-deteriorat-extreme-anti-snap-anti-breakage-leave-in-treatment-250-ml\/#primaryimage"},"image":{"@id":"https:\/\/shopatoa.com\/ro\/redken-tratament-intensiv-fara-clatire-pentru-par-sensibil-si-deteriorat-extreme-anti-snap-anti-breakage-leave-in-treatment-250-ml\/#primaryimage"},"thumbnailUrl":"https:\/\/storage.googleapis.com\/cz-shopatoa-img\/ro\/55872738-unnamed-file.webp","datePublished":"2025-04-27T23:45:43+00:00","dateModified":"2025-12-14T12:35:36+00:00","breadcrumb":{"@id":"https:\/\/shopatoa.com\/ro\/redken-tratament-intensiv-fara-clatire-pentru-par-sensibil-si-deteriorat-extreme-anti-snap-anti-breakage-leave-in-treatment-250-ml\/#breadcrumb"},"inLanguage":"ro-RO","potentialAction":[{"@type":"ReadAction","target":["https:\/\/shopatoa.com\/ro\/redken-tratament-intensiv-fara-clatire-pentru-par-sensibil-si-deteriorat-extreme-anti-snap-anti-breakage-leave-in-treatment-250-ml\/"]}]},{"@type":"ImageObject","inLanguage":"ro-RO","@id":"https:\/\/shopatoa.com\/ro\/redken-tratament-intensiv-fara-clatire-pentru-par-sensibil-si-deteriorat-extreme-anti-snap-anti-breakage-leave-in-treatment-250-ml\/#primaryimage","url":"https:\/\/storage.googleapis.com\/cz-shopatoa-img\/ro\/55872738-unnamed-file.webp","contentUrl":"https:\/\/storage.googleapis.com\/cz-shopatoa-img\/ro\/55872738-unnamed-file.webp","width":800,"height":800},{"@type":"BreadcrumbList","@id":"https:\/\/shopatoa.com\/ro\/redken-tratament-intensiv-fara-clatire-pentru-par-sensibil-si-deteriorat-extreme-anti-snap-anti-breakage-leave-in-treatment-250-ml\/#breadcrumb","itemListElement":[{"@type":"ListItem","position":1,"name":"Dom\u016f","item":"https:\/\/shopatoa.com\/ro\/"},{"@type":"ListItem","position":2,"name":"Shop","item":"https:\/\/shopatoa.com\/ro\/shop\/"},{"@type":"ListItem","position":3,"name":"Cosmetice","item":"https:\/\/shopatoa.com\/ro\/cosmetice\/"},{"@type":"ListItem","position":4,"name":"Produse cosmetice pentru p\u0103r","item":"https:\/\/shopatoa.com\/ro\/produse-cosmetice-pentru-par\/"},{"@type":"ListItem","position":5,"name":"\u00cengrijirea p\u0103rului f\u0103r\u0103 cl\u0103tire","item":"https:\/\/shopatoa.com\/ro\/ingrijirea-parului-fara-clatire\/"},{"@type":"ListItem","position":6,"name":"Redken Tratament intensiv f\u0103r\u0103 cl\u0103tire pentru p\u0103r sensibil \u0219i deteriorat Extreme (Anti-Snap Anti-Breakage Leave-In Treatment) 250 ml"}]},{"@type":"WebSite","@id":"https:\/\/shopatoa.com\/ro\/#website","url":"https:\/\/shopatoa.com\/ro\/","name":"SHOPATOA","description":"","publisher":{"@id":"https:\/\/shopatoa.com\/ro\/#organization"},"potentialAction":[{"@type":"SearchAction","target":{"@type":"EntryPoint","urlTemplate":"https:\/\/shopatoa.com\/ro\/?s={search_term_string}"},"query-input":{"@type":"PropertyValueSpecification","valueRequired":true,"valueName":"search_term_string"}}],"inLanguage":"ro-RO"},{"@type":"Organization","@id":"https:\/\/shopatoa.com\/ro\/#organization","name":"SHOPATOA","url":"https:\/\/shopatoa.com\/ro\/","logo":{"@type":"ImageObject","inLanguage":"ro-RO","@id":"https:\/\/shopatoa.com\/ro\/#\/schema\/logo\/image\/","url":"https:\/\/storage.googleapis.com\/cz-shopatoa-img\/ro\/b4dac915-shopatoa_logo.png","contentUrl":"https:\/\/storage.googleapis.com\/cz-shopatoa-img\/ro\/b4dac915-shopatoa_logo.png","width":416,"height":63,"caption":"SHOPATOA"},"image":{"@id":"https:\/\/shopatoa.com\/ro\/#\/schema\/logo\/image\/"}}]}},"_links":{"self":[{"href":"https:\/\/shopatoa.com\/ro\/wp-json\/wp\/v2\/product\/263815","targetHints":{"allow":["GET"]}}],"collection":[{"href":"https:\/\/shopatoa.com\/ro\/wp-json\/wp\/v2\/product"}],"about":[{"href":"https:\/\/shopatoa.com\/ro\/wp-json\/wp\/v2\/types\/product"}],"replies":[{"embeddable":true,"href":"https:\/\/shopatoa.com\/ro\/wp-json\/wp\/v2\/comments?post=263815"}],"wp:featuredmedia":[{"embeddable":true,"href":"https:\/\/shopatoa.com\/ro\/wp-json\/wp\/v2\/media\/340239"}],"wp:attachment":[{"href":"https:\/\/shopatoa.com\/ro\/wp-json\/wp\/v2\/media?parent=263815"}],"wp:term":[{"taxonomy":"product_brand","embeddable":true,"href":"https:\/\/shopatoa.com\/ro\/wp-json\/wp\/v2\/product_brand?post=263815"},{"taxonomy":"product_cat","embeddable":true,"href":"https:\/\/shopatoa.com\/ro\/wp-json\/wp\/v2\/product_cat?post=263815"},{"taxonomy":"product_tag","embeddable":true,"href":"https:\/\/shopatoa.com\/ro\/wp-json\/wp\/v2\/product_tag?post=263815"}],"curies":[{"name":"wp","href":"https:\/\/api.w.org\/{rel}","templated":true}]}}