{"id":263934,"date":"2025-04-28T02:31:11","date_gmt":"2025-04-28T00:31:11","guid":{"rendered":"https:\/\/shopatoa.com\/ro\/braun-uscator-de-par-de-calatorie-satin-hair-1-hd-130-to-go\/"},"modified":"2025-12-10T00:12:12","modified_gmt":"2025-12-09T23:12:12","slug":"braun-uscator-de-par-de-calatorie-satin-hair-1-hd-130-to-go","status":"publish","type":"product","link":"https:\/\/shopatoa.com\/ro\/braun-uscator-de-par-de-calatorie-satin-hair-1-hd-130-to-go\/","title":{"rendered":"Braun Usc\u0103tor de p\u0103r de c\u0103l\u0103torie Satin Hair 1 &#8211; HD 130 To Go"},"content":{"rendered":"<p>Usc\u0103torul Style &amp; Go HD130 este cel mai mic \u0219i mai u\u0219or reprezentant al liniei de c\u0103l\u0103torie Braun Style &amp; Go, ideal pentru a crea coafuri oriunde, cu rezultate excelente \u00een c\u0103l\u0103torii Datorit\u0103 m\u00e2nerului pliabil, este un produs u\u0219or de transportat \u0219i de p\u0103strat, dar nu pierde performan\u021ba. Ata\u0219ament pentru modelare precis\u0103 \u0219i 2 set\u0103ri de temperatur\u0103 pentru flexibilitate \u00een uscare \u0219i crearea unei coafuri atunci c\u00e2nd c\u0103l\u0103tori\u021bi, este necesar ca dispozitivul s\u0103 func\u021bioneze sub tensiuni diferite. Acest lucru face sigur\u0103 utilizarea cu aceea\u0219i performan\u021b\u0103 \u00een \u00eentreaga lume.<\/p>\n","protected":false},"excerpt":{"rendered":"<p>Usc\u0103torul Style &amp; Go HD130 este cel mai mic \u0219i mai u\u0219or reprezentant al liniei de c\u0103l\u0103torie Braun Style &amp; Go, ideal pentru a crea coafuri oriunde, cu rezultate excelente \u00een c\u0103l\u0103torii Datorit\u0103 m\u00e2nerului pliabil, este un produs u\u0219or de transportat \u0219i de p\u0103strat, dar nu pierde performan\u021ba. Ata\u0219ament pentru modelare precis\u0103 \u0219i 2 set\u0103ri&#8230;<\/p>\n","protected":false},"featured_media":340351,"comment_status":"closed","ping_status":"open","template":"","meta":{"_acf_changed":false,"_kadence_starter_templates_imported_post":false,"_kad_post_transparent":"","_kad_post_title":"","_kad_post_layout":"","_kad_post_sidebar_id":"","_kad_post_content_style":"","_kad_post_vertical_padding":"","_kad_post_feature":"","_kad_post_feature_position":"","_kad_post_header":false,"_kad_post_footer":false,"_kad_post_classname":""},"product_brand":[502],"product_cat":[246,623,624,762],"product_tag":[],"class_list":{"0":"post-263934","1":"product","2":"type-product","3":"status-publish","4":"has-post-thumbnail","6":"product_brand-braun","7":"product_cat-cosmetice","8":"product_cat-produse-cosmetice-pentru-par","9":"product_cat-produse-aparate-si-accesorii-pentru-par","10":"product_cat-uscatoare-de-par-fenuri","12":"first","13":"instock","14":"product-type-external","15":"entry","16":"content-bg","17":"loop-entry"},"acf":[],"yoast_head":"<!-- This site is optimized with the Yoast SEO plugin v27.4 - https:\/\/yoast.com\/product\/yoast-seo-wordpress\/ -->\n<title>Braun Usc\u0103tor de p\u0103r de c\u0103l\u0103torie Satin Hair 1 - HD 130 To Go - SHOPATOA.COM<\/title>\n<meta name=\"robots\" content=\"index, follow, max-snippet:-1, max-image-preview:large, max-video-preview:-1\" \/>\n<link rel=\"canonical\" href=\"https:\/\/shopatoa.com\/ro\/braun-uscator-de-par-de-calatorie-satin-hair-1-hd-130-to-go\/\" \/>\n<meta property=\"og:locale\" content=\"ro_RO\" \/>\n<meta property=\"og:type\" content=\"article\" \/>\n<meta property=\"og:title\" content=\"Braun Usc\u0103tor de p\u0103r de c\u0103l\u0103torie Satin Hair 1 - HD 130 To Go - SHOPATOA.COM\" \/>\n<meta property=\"og:description\" content=\"Usc\u0103torul Style &amp; Go HD130 este cel mai mic \u0219i mai u\u0219or reprezentant al liniei de c\u0103l\u0103torie Braun Style &amp; Go, ideal pentru a crea coafuri oriunde, cu rezultate excelente \u00een c\u0103l\u0103torii Datorit\u0103 m\u00e2nerului pliabil, este un produs u\u0219or de transportat \u0219i de p\u0103strat, dar nu pierde performan\u021ba. Ata\u0219ament pentru modelare precis\u0103 \u0219i 2 set\u0103ri...\" \/>\n<meta property=\"og:url\" content=\"https:\/\/shopatoa.com\/ro\/braun-uscator-de-par-de-calatorie-satin-hair-1-hd-130-to-go\/\" \/>\n<meta property=\"og:site_name\" content=\"SHOPATOA\" \/>\n<meta property=\"article:modified_time\" content=\"2025-12-09T23:12:12+00:00\" \/>\n<meta property=\"og:image\" content=\"https:\/\/storage.googleapis.com\/cz-shopatoa-img\/ro\/390f7011-unnamed-file.webp\" \/>\n\t<meta property=\"og:image:width\" content=\"800\" \/>\n\t<meta property=\"og:image:height\" content=\"800\" \/>\n\t<meta property=\"og:image:type\" content=\"image\/webp\" \/>\n<meta name=\"twitter:card\" content=\"summary_large_image\" \/>\n<meta name=\"twitter:label1\" content=\"Timp estimat pentru citire\" \/>\n\t<meta name=\"twitter:data1\" content=\"1 minut\" \/>\n<script type=\"application\/ld+json\" class=\"yoast-schema-graph\">{\"@context\":\"https:\\\/\\\/schema.org\",\"@graph\":[{\"@type\":\"WebPage\",\"@id\":\"https:\\\/\\\/shopatoa.com\\\/ro\\\/braun-uscator-de-par-de-calatorie-satin-hair-1-hd-130-to-go\\\/\",\"url\":\"https:\\\/\\\/shopatoa.com\\\/ro\\\/braun-uscator-de-par-de-calatorie-satin-hair-1-hd-130-to-go\\\/\",\"name\":\"Braun Usc\u0103tor de p\u0103r de c\u0103l\u0103torie Satin Hair 1 - HD 130 To Go - SHOPATOA.COM\",\"isPartOf\":{\"@id\":\"https:\\\/\\\/shopatoa.com\\\/ro\\\/#website\"},\"primaryImageOfPage\":{\"@id\":\"https:\\\/\\\/shopatoa.com\\\/ro\\\/braun-uscator-de-par-de-calatorie-satin-hair-1-hd-130-to-go\\\/#primaryimage\"},\"image\":{\"@id\":\"https:\\\/\\\/shopatoa.com\\\/ro\\\/braun-uscator-de-par-de-calatorie-satin-hair-1-hd-130-to-go\\\/#primaryimage\"},\"thumbnailUrl\":\"https:\\\/\\\/storage.googleapis.com\\\/cz-shopatoa-img\\\/ro\\\/390f7011-unnamed-file.webp\",\"datePublished\":\"2025-04-28T00:31:11+00:00\",\"dateModified\":\"2025-12-09T23:12:12+00:00\",\"breadcrumb\":{\"@id\":\"https:\\\/\\\/shopatoa.com\\\/ro\\\/braun-uscator-de-par-de-calatorie-satin-hair-1-hd-130-to-go\\\/#breadcrumb\"},\"inLanguage\":\"ro-RO\",\"potentialAction\":[{\"@type\":\"ReadAction\",\"target\":[\"https:\\\/\\\/shopatoa.com\\\/ro\\\/braun-uscator-de-par-de-calatorie-satin-hair-1-hd-130-to-go\\\/\"]}]},{\"@type\":\"ImageObject\",\"inLanguage\":\"ro-RO\",\"@id\":\"https:\\\/\\\/shopatoa.com\\\/ro\\\/braun-uscator-de-par-de-calatorie-satin-hair-1-hd-130-to-go\\\/#primaryimage\",\"url\":\"https:\\\/\\\/storage.googleapis.com\\\/cz-shopatoa-img\\\/ro\\\/390f7011-unnamed-file.webp\",\"contentUrl\":\"https:\\\/\\\/storage.googleapis.com\\\/cz-shopatoa-img\\\/ro\\\/390f7011-unnamed-file.webp\",\"width\":800,\"height\":800},{\"@type\":\"BreadcrumbList\",\"@id\":\"https:\\\/\\\/shopatoa.com\\\/ro\\\/braun-uscator-de-par-de-calatorie-satin-hair-1-hd-130-to-go\\\/#breadcrumb\",\"itemListElement\":[{\"@type\":\"ListItem\",\"position\":1,\"name\":\"Dom\u016f\",\"item\":\"https:\\\/\\\/shopatoa.com\\\/ro\\\/\"},{\"@type\":\"ListItem\",\"position\":2,\"name\":\"Shop\",\"item\":\"https:\\\/\\\/shopatoa.com\\\/ro\\\/shop\\\/\"},{\"@type\":\"ListItem\",\"position\":3,\"name\":\"Cosmetice\",\"item\":\"https:\\\/\\\/shopatoa.com\\\/ro\\\/cosmetice\\\/\"},{\"@type\":\"ListItem\",\"position\":4,\"name\":\"Produse cosmetice pentru p\u0103r\",\"item\":\"https:\\\/\\\/shopatoa.com\\\/ro\\\/produse-cosmetice-pentru-par\\\/\"},{\"@type\":\"ListItem\",\"position\":5,\"name\":\"Produse, aparate \u0219i accesorii pentru p\u0103r\",\"item\":\"https:\\\/\\\/shopatoa.com\\\/ro\\\/produse-aparate-si-accesorii-pentru-par\\\/\"},{\"@type\":\"ListItem\",\"position\":6,\"name\":\"Usc\u0103toare de p\u0103r, fenuri\",\"item\":\"https:\\\/\\\/shopatoa.com\\\/ro\\\/uscatoare-de-par-fenuri\\\/\"},{\"@type\":\"ListItem\",\"position\":7,\"name\":\"Braun Usc\u0103tor de p\u0103r de c\u0103l\u0103torie Satin Hair 1 &#8211; HD 130 To Go\"}]},{\"@type\":\"WebSite\",\"@id\":\"https:\\\/\\\/shopatoa.com\\\/ro\\\/#website\",\"url\":\"https:\\\/\\\/shopatoa.com\\\/ro\\\/\",\"name\":\"SHOPATOA\",\"description\":\"\",\"publisher\":{\"@id\":\"https:\\\/\\\/shopatoa.com\\\/ro\\\/#organization\"},\"potentialAction\":[{\"@type\":\"SearchAction\",\"target\":{\"@type\":\"EntryPoint\",\"urlTemplate\":\"https:\\\/\\\/shopatoa.com\\\/ro\\\/?s={search_term_string}\"},\"query-input\":{\"@type\":\"PropertyValueSpecification\",\"valueRequired\":true,\"valueName\":\"search_term_string\"}}],\"inLanguage\":\"ro-RO\"},{\"@type\":\"Organization\",\"@id\":\"https:\\\/\\\/shopatoa.com\\\/ro\\\/#organization\",\"name\":\"SHOPATOA\",\"url\":\"https:\\\/\\\/shopatoa.com\\\/ro\\\/\",\"logo\":{\"@type\":\"ImageObject\",\"inLanguage\":\"ro-RO\",\"@id\":\"https:\\\/\\\/shopatoa.com\\\/ro\\\/#\\\/schema\\\/logo\\\/image\\\/\",\"url\":\"https:\\\/\\\/storage.googleapis.com\\\/cz-shopatoa-img\\\/ro\\\/b4dac915-shopatoa_logo.png\",\"contentUrl\":\"https:\\\/\\\/storage.googleapis.com\\\/cz-shopatoa-img\\\/ro\\\/b4dac915-shopatoa_logo.png\",\"width\":416,\"height\":63,\"caption\":\"SHOPATOA\"},\"image\":{\"@id\":\"https:\\\/\\\/shopatoa.com\\\/ro\\\/#\\\/schema\\\/logo\\\/image\\\/\"}}]}<\/script>\n<!-- \/ Yoast SEO plugin. -->","yoast_head_json":{"title":"Braun Usc\u0103tor de p\u0103r de c\u0103l\u0103torie Satin Hair 1 - HD 130 To Go - SHOPATOA.COM","robots":{"index":"index","follow":"follow","max-snippet":"max-snippet:-1","max-image-preview":"max-image-preview:large","max-video-preview":"max-video-preview:-1"},"canonical":"https:\/\/shopatoa.com\/ro\/braun-uscator-de-par-de-calatorie-satin-hair-1-hd-130-to-go\/","og_locale":"ro_RO","og_type":"article","og_title":"Braun Usc\u0103tor de p\u0103r de c\u0103l\u0103torie Satin Hair 1 - HD 130 To Go - SHOPATOA.COM","og_description":"Usc\u0103torul Style &amp; Go HD130 este cel mai mic \u0219i mai u\u0219or reprezentant al liniei de c\u0103l\u0103torie Braun Style &amp; Go, ideal pentru a crea coafuri oriunde, cu rezultate excelente \u00een c\u0103l\u0103torii Datorit\u0103 m\u00e2nerului pliabil, este un produs u\u0219or de transportat \u0219i de p\u0103strat, dar nu pierde performan\u021ba. Ata\u0219ament pentru modelare precis\u0103 \u0219i 2 set\u0103ri...","og_url":"https:\/\/shopatoa.com\/ro\/braun-uscator-de-par-de-calatorie-satin-hair-1-hd-130-to-go\/","og_site_name":"SHOPATOA","article_modified_time":"2025-12-09T23:12:12+00:00","og_image":[{"width":800,"height":800,"url":"https:\/\/storage.googleapis.com\/cz-shopatoa-img\/ro\/390f7011-unnamed-file.webp","type":"image\/webp"}],"twitter_card":"summary_large_image","twitter_misc":{"Timp estimat pentru citire":"1 minut"},"schema":{"@context":"https:\/\/schema.org","@graph":[{"@type":"WebPage","@id":"https:\/\/shopatoa.com\/ro\/braun-uscator-de-par-de-calatorie-satin-hair-1-hd-130-to-go\/","url":"https:\/\/shopatoa.com\/ro\/braun-uscator-de-par-de-calatorie-satin-hair-1-hd-130-to-go\/","name":"Braun Usc\u0103tor de p\u0103r de c\u0103l\u0103torie Satin Hair 1 - HD 130 To Go - SHOPATOA.COM","isPartOf":{"@id":"https:\/\/shopatoa.com\/ro\/#website"},"primaryImageOfPage":{"@id":"https:\/\/shopatoa.com\/ro\/braun-uscator-de-par-de-calatorie-satin-hair-1-hd-130-to-go\/#primaryimage"},"image":{"@id":"https:\/\/shopatoa.com\/ro\/braun-uscator-de-par-de-calatorie-satin-hair-1-hd-130-to-go\/#primaryimage"},"thumbnailUrl":"https:\/\/storage.googleapis.com\/cz-shopatoa-img\/ro\/390f7011-unnamed-file.webp","datePublished":"2025-04-28T00:31:11+00:00","dateModified":"2025-12-09T23:12:12+00:00","breadcrumb":{"@id":"https:\/\/shopatoa.com\/ro\/braun-uscator-de-par-de-calatorie-satin-hair-1-hd-130-to-go\/#breadcrumb"},"inLanguage":"ro-RO","potentialAction":[{"@type":"ReadAction","target":["https:\/\/shopatoa.com\/ro\/braun-uscator-de-par-de-calatorie-satin-hair-1-hd-130-to-go\/"]}]},{"@type":"ImageObject","inLanguage":"ro-RO","@id":"https:\/\/shopatoa.com\/ro\/braun-uscator-de-par-de-calatorie-satin-hair-1-hd-130-to-go\/#primaryimage","url":"https:\/\/storage.googleapis.com\/cz-shopatoa-img\/ro\/390f7011-unnamed-file.webp","contentUrl":"https:\/\/storage.googleapis.com\/cz-shopatoa-img\/ro\/390f7011-unnamed-file.webp","width":800,"height":800},{"@type":"BreadcrumbList","@id":"https:\/\/shopatoa.com\/ro\/braun-uscator-de-par-de-calatorie-satin-hair-1-hd-130-to-go\/#breadcrumb","itemListElement":[{"@type":"ListItem","position":1,"name":"Dom\u016f","item":"https:\/\/shopatoa.com\/ro\/"},{"@type":"ListItem","position":2,"name":"Shop","item":"https:\/\/shopatoa.com\/ro\/shop\/"},{"@type":"ListItem","position":3,"name":"Cosmetice","item":"https:\/\/shopatoa.com\/ro\/cosmetice\/"},{"@type":"ListItem","position":4,"name":"Produse cosmetice pentru p\u0103r","item":"https:\/\/shopatoa.com\/ro\/produse-cosmetice-pentru-par\/"},{"@type":"ListItem","position":5,"name":"Produse, aparate \u0219i accesorii pentru p\u0103r","item":"https:\/\/shopatoa.com\/ro\/produse-aparate-si-accesorii-pentru-par\/"},{"@type":"ListItem","position":6,"name":"Usc\u0103toare de p\u0103r, fenuri","item":"https:\/\/shopatoa.com\/ro\/uscatoare-de-par-fenuri\/"},{"@type":"ListItem","position":7,"name":"Braun Usc\u0103tor de p\u0103r de c\u0103l\u0103torie Satin Hair 1 &#8211; HD 130 To Go"}]},{"@type":"WebSite","@id":"https:\/\/shopatoa.com\/ro\/#website","url":"https:\/\/shopatoa.com\/ro\/","name":"SHOPATOA","description":"","publisher":{"@id":"https:\/\/shopatoa.com\/ro\/#organization"},"potentialAction":[{"@type":"SearchAction","target":{"@type":"EntryPoint","urlTemplate":"https:\/\/shopatoa.com\/ro\/?s={search_term_string}"},"query-input":{"@type":"PropertyValueSpecification","valueRequired":true,"valueName":"search_term_string"}}],"inLanguage":"ro-RO"},{"@type":"Organization","@id":"https:\/\/shopatoa.com\/ro\/#organization","name":"SHOPATOA","url":"https:\/\/shopatoa.com\/ro\/","logo":{"@type":"ImageObject","inLanguage":"ro-RO","@id":"https:\/\/shopatoa.com\/ro\/#\/schema\/logo\/image\/","url":"https:\/\/storage.googleapis.com\/cz-shopatoa-img\/ro\/b4dac915-shopatoa_logo.png","contentUrl":"https:\/\/storage.googleapis.com\/cz-shopatoa-img\/ro\/b4dac915-shopatoa_logo.png","width":416,"height":63,"caption":"SHOPATOA"},"image":{"@id":"https:\/\/shopatoa.com\/ro\/#\/schema\/logo\/image\/"}}]}},"_links":{"self":[{"href":"https:\/\/shopatoa.com\/ro\/wp-json\/wp\/v2\/product\/263934","targetHints":{"allow":["GET"]}}],"collection":[{"href":"https:\/\/shopatoa.com\/ro\/wp-json\/wp\/v2\/product"}],"about":[{"href":"https:\/\/shopatoa.com\/ro\/wp-json\/wp\/v2\/types\/product"}],"replies":[{"embeddable":true,"href":"https:\/\/shopatoa.com\/ro\/wp-json\/wp\/v2\/comments?post=263934"}],"wp:featuredmedia":[{"embeddable":true,"href":"https:\/\/shopatoa.com\/ro\/wp-json\/wp\/v2\/media\/340351"}],"wp:attachment":[{"href":"https:\/\/shopatoa.com\/ro\/wp-json\/wp\/v2\/media?parent=263934"}],"wp:term":[{"taxonomy":"product_brand","embeddable":true,"href":"https:\/\/shopatoa.com\/ro\/wp-json\/wp\/v2\/product_brand?post=263934"},{"taxonomy":"product_cat","embeddable":true,"href":"https:\/\/shopatoa.com\/ro\/wp-json\/wp\/v2\/product_cat?post=263934"},{"taxonomy":"product_tag","embeddable":true,"href":"https:\/\/shopatoa.com\/ro\/wp-json\/wp\/v2\/product_tag?post=263934"}],"curies":[{"name":"wp","href":"https:\/\/api.w.org\/{rel}","templated":true}]}}