{"id":263942,"date":"2025-04-28T02:35:20","date_gmt":"2025-04-28T00:35:20","guid":{"rendered":"https:\/\/shopatoa.com\/ro\/lancome-machiaj-de-lunga-durata-in-stick-teint-idoleultra-wear-stick-045-beige-sable\/"},"modified":"2025-12-10T00:02:26","modified_gmt":"2025-12-09T23:02:26","slug":"lancome-machiaj-de-lunga-durata-in-stick-teint-idoleultra-wear-stick-045-beige-sable","status":"publish","type":"product","link":"https:\/\/shopatoa.com\/ro\/lancome-machiaj-de-lunga-durata-in-stick-teint-idoleultra-wear-stick-045-beige-sable\/","title":{"rendered":"Lanc\u00f4me Machiaj de lung\u0103 durat\u0103 \u00een stick Teint IdoleUltra Wear Stick 045 Beige Sable"},"content":{"rendered":"<p>Machiaj cu o textur\u0103 m\u0103t\u0103soas\u0103 ,care este u\u0219or de aplicat \u0219i se absoarbe u\u0219or in piele. Datorit\u0103 consisten\u021bei inovatoare cremoase, ve\u021bi ob\u021bine un aspect impecabil timp de p\u00e2n\u0103 la 24 de ore. Teint Idole Ultra Wear Stick vine cu un pachet elegant, ideal pentru c\u0103l\u0103torii \u0219i con\u021bine, de asemenea, o perie de lux kabuki pentru o aplicare precis\u0103, conturare \u0219i amestecare. Poate fi folosit ca machiaj, corector, str\u0103lucitor sau pentru conturare cu acoperire de nivel mediu spre \u00eenalt\u0103.<\/p>\n","protected":false},"excerpt":{"rendered":"<p>Machiaj cu o textur\u0103 m\u0103t\u0103soas\u0103 ,care este u\u0219or de aplicat \u0219i se absoarbe u\u0219or in piele. Datorit\u0103 consisten\u021bei inovatoare cremoase, ve\u021bi ob\u021bine un aspect impecabil timp de p\u00e2n\u0103 la 24 de ore. Teint Idole Ultra Wear Stick vine cu un pachet elegant, ideal pentru c\u0103l\u0103torii \u0219i con\u021bine, de asemenea, o perie de lux kabuki pentru&#8230;<\/p>\n","protected":false},"featured_media":340358,"comment_status":"closed","ping_status":"open","template":"","meta":{"_acf_changed":false,"_kadence_starter_templates_imported_post":false,"_kad_post_transparent":"","_kad_post_title":"","_kad_post_layout":"","_kad_post_sidebar_id":"","_kad_post_content_style":"","_kad_post_vertical_padding":"","_kad_post_feature":"","_kad_post_feature_position":"","_kad_post_header":false,"_kad_post_footer":false,"_kad_post_classname":""},"product_brand":[71],"product_cat":[246,609,616,705],"product_tag":[],"class_list":{"0":"post-263942","1":"product","2":"type-product","3":"status-publish","4":"has-post-thumbnail","6":"product_brand-lancome","7":"product_cat-cosmetice","8":"product_cat-cosmetice-decorative","9":"product_cat-machiaj-pentru-fata","10":"product_cat-make-ups","12":"first","13":"instock","14":"sale","15":"product-type-external","16":"entry","17":"content-bg","18":"loop-entry"},"acf":[],"yoast_head":"<!-- This site is optimized with the Yoast SEO plugin v27.3 - https:\/\/yoast.com\/product\/yoast-seo-wordpress\/ -->\n<title>Lanc\u00f4me Machiaj de lung\u0103 durat\u0103 \u00een stick Teint IdoleUltra Wear Stick 045 Beige Sable - SHOPATOA.COM<\/title>\n<meta name=\"robots\" content=\"index, follow, max-snippet:-1, max-image-preview:large, max-video-preview:-1\" \/>\n<link rel=\"canonical\" href=\"https:\/\/shopatoa.com\/ro\/lancome-machiaj-de-lunga-durata-in-stick-teint-idoleultra-wear-stick-045-beige-sable\/\" \/>\n<meta property=\"og:locale\" content=\"ro_RO\" \/>\n<meta property=\"og:type\" content=\"article\" \/>\n<meta property=\"og:title\" content=\"Lanc\u00f4me Machiaj de lung\u0103 durat\u0103 \u00een stick Teint IdoleUltra Wear Stick 045 Beige Sable - SHOPATOA.COM\" \/>\n<meta property=\"og:description\" content=\"Machiaj cu o textur\u0103 m\u0103t\u0103soas\u0103 ,care este u\u0219or de aplicat \u0219i se absoarbe u\u0219or in piele. Datorit\u0103 consisten\u021bei inovatoare cremoase, ve\u021bi ob\u021bine un aspect impecabil timp de p\u00e2n\u0103 la 24 de ore. Teint Idole Ultra Wear Stick vine cu un pachet elegant, ideal pentru c\u0103l\u0103torii \u0219i con\u021bine, de asemenea, o perie de lux kabuki pentru...\" \/>\n<meta property=\"og:url\" content=\"https:\/\/shopatoa.com\/ro\/lancome-machiaj-de-lunga-durata-in-stick-teint-idoleultra-wear-stick-045-beige-sable\/\" \/>\n<meta property=\"og:site_name\" content=\"SHOPATOA\" \/>\n<meta property=\"article:modified_time\" content=\"2025-12-09T23:02:26+00:00\" \/>\n<meta property=\"og:image\" content=\"https:\/\/storage.googleapis.com\/cz-shopatoa-img\/ro\/0d20e04d-unnamed-file.webp\" \/>\n\t<meta property=\"og:image:width\" content=\"800\" \/>\n\t<meta property=\"og:image:height\" content=\"800\" \/>\n\t<meta property=\"og:image:type\" content=\"image\/webp\" \/>\n<meta name=\"twitter:card\" content=\"summary_large_image\" \/>\n<script type=\"application\/ld+json\" class=\"yoast-schema-graph\">{\"@context\":\"https:\\\/\\\/schema.org\",\"@graph\":[{\"@type\":\"WebPage\",\"@id\":\"https:\\\/\\\/shopatoa.com\\\/ro\\\/lancome-machiaj-de-lunga-durata-in-stick-teint-idoleultra-wear-stick-045-beige-sable\\\/\",\"url\":\"https:\\\/\\\/shopatoa.com\\\/ro\\\/lancome-machiaj-de-lunga-durata-in-stick-teint-idoleultra-wear-stick-045-beige-sable\\\/\",\"name\":\"Lanc\u00f4me Machiaj de lung\u0103 durat\u0103 \u00een stick Teint IdoleUltra Wear Stick 045 Beige Sable - SHOPATOA.COM\",\"isPartOf\":{\"@id\":\"https:\\\/\\\/shopatoa.com\\\/ro\\\/#website\"},\"primaryImageOfPage\":{\"@id\":\"https:\\\/\\\/shopatoa.com\\\/ro\\\/lancome-machiaj-de-lunga-durata-in-stick-teint-idoleultra-wear-stick-045-beige-sable\\\/#primaryimage\"},\"image\":{\"@id\":\"https:\\\/\\\/shopatoa.com\\\/ro\\\/lancome-machiaj-de-lunga-durata-in-stick-teint-idoleultra-wear-stick-045-beige-sable\\\/#primaryimage\"},\"thumbnailUrl\":\"https:\\\/\\\/storage.googleapis.com\\\/cz-shopatoa-img\\\/ro\\\/0d20e04d-unnamed-file.webp\",\"datePublished\":\"2025-04-28T00:35:20+00:00\",\"dateModified\":\"2025-12-09T23:02:26+00:00\",\"breadcrumb\":{\"@id\":\"https:\\\/\\\/shopatoa.com\\\/ro\\\/lancome-machiaj-de-lunga-durata-in-stick-teint-idoleultra-wear-stick-045-beige-sable\\\/#breadcrumb\"},\"inLanguage\":\"ro-RO\",\"potentialAction\":[{\"@type\":\"ReadAction\",\"target\":[\"https:\\\/\\\/shopatoa.com\\\/ro\\\/lancome-machiaj-de-lunga-durata-in-stick-teint-idoleultra-wear-stick-045-beige-sable\\\/\"]}]},{\"@type\":\"ImageObject\",\"inLanguage\":\"ro-RO\",\"@id\":\"https:\\\/\\\/shopatoa.com\\\/ro\\\/lancome-machiaj-de-lunga-durata-in-stick-teint-idoleultra-wear-stick-045-beige-sable\\\/#primaryimage\",\"url\":\"https:\\\/\\\/storage.googleapis.com\\\/cz-shopatoa-img\\\/ro\\\/0d20e04d-unnamed-file.webp\",\"contentUrl\":\"https:\\\/\\\/storage.googleapis.com\\\/cz-shopatoa-img\\\/ro\\\/0d20e04d-unnamed-file.webp\",\"width\":800,\"height\":800},{\"@type\":\"BreadcrumbList\",\"@id\":\"https:\\\/\\\/shopatoa.com\\\/ro\\\/lancome-machiaj-de-lunga-durata-in-stick-teint-idoleultra-wear-stick-045-beige-sable\\\/#breadcrumb\",\"itemListElement\":[{\"@type\":\"ListItem\",\"position\":1,\"name\":\"Dom\u016f\",\"item\":\"https:\\\/\\\/shopatoa.com\\\/ro\\\/\"},{\"@type\":\"ListItem\",\"position\":2,\"name\":\"Shop\",\"item\":\"https:\\\/\\\/shopatoa.com\\\/ro\\\/shop\\\/\"},{\"@type\":\"ListItem\",\"position\":3,\"name\":\"Cosmetice\",\"item\":\"https:\\\/\\\/shopatoa.com\\\/ro\\\/cosmetice\\\/\"},{\"@type\":\"ListItem\",\"position\":4,\"name\":\"Cosmetice decorative\",\"item\":\"https:\\\/\\\/shopatoa.com\\\/ro\\\/cosmetice-decorative\\\/\"},{\"@type\":\"ListItem\",\"position\":5,\"name\":\"Machiaj pentru fa\u021ba\",\"item\":\"https:\\\/\\\/shopatoa.com\\\/ro\\\/machiaj-pentru-fata\\\/\"},{\"@type\":\"ListItem\",\"position\":6,\"name\":\"Make-ups\",\"item\":\"https:\\\/\\\/shopatoa.com\\\/ro\\\/make-ups\\\/\"},{\"@type\":\"ListItem\",\"position\":7,\"name\":\"Lanc\u00f4me Machiaj de lung\u0103 durat\u0103 \u00een stick Teint IdoleUltra Wear Stick 045 Beige Sable\"}]},{\"@type\":\"WebSite\",\"@id\":\"https:\\\/\\\/shopatoa.com\\\/ro\\\/#website\",\"url\":\"https:\\\/\\\/shopatoa.com\\\/ro\\\/\",\"name\":\"SHOPATOA\",\"description\":\"\",\"publisher\":{\"@id\":\"https:\\\/\\\/shopatoa.com\\\/ro\\\/#organization\"},\"potentialAction\":[{\"@type\":\"SearchAction\",\"target\":{\"@type\":\"EntryPoint\",\"urlTemplate\":\"https:\\\/\\\/shopatoa.com\\\/ro\\\/?s={search_term_string}\"},\"query-input\":{\"@type\":\"PropertyValueSpecification\",\"valueRequired\":true,\"valueName\":\"search_term_string\"}}],\"inLanguage\":\"ro-RO\"},{\"@type\":\"Organization\",\"@id\":\"https:\\\/\\\/shopatoa.com\\\/ro\\\/#organization\",\"name\":\"SHOPATOA\",\"url\":\"https:\\\/\\\/shopatoa.com\\\/ro\\\/\",\"logo\":{\"@type\":\"ImageObject\",\"inLanguage\":\"ro-RO\",\"@id\":\"https:\\\/\\\/shopatoa.com\\\/ro\\\/#\\\/schema\\\/logo\\\/image\\\/\",\"url\":\"https:\\\/\\\/storage.googleapis.com\\\/cz-shopatoa-img\\\/ro\\\/b4dac915-shopatoa_logo.png\",\"contentUrl\":\"https:\\\/\\\/storage.googleapis.com\\\/cz-shopatoa-img\\\/ro\\\/b4dac915-shopatoa_logo.png\",\"width\":416,\"height\":63,\"caption\":\"SHOPATOA\"},\"image\":{\"@id\":\"https:\\\/\\\/shopatoa.com\\\/ro\\\/#\\\/schema\\\/logo\\\/image\\\/\"}}]}<\/script>\n<!-- \/ Yoast SEO plugin. -->","yoast_head_json":{"title":"Lanc\u00f4me Machiaj de lung\u0103 durat\u0103 \u00een stick Teint IdoleUltra Wear Stick 045 Beige Sable - SHOPATOA.COM","robots":{"index":"index","follow":"follow","max-snippet":"max-snippet:-1","max-image-preview":"max-image-preview:large","max-video-preview":"max-video-preview:-1"},"canonical":"https:\/\/shopatoa.com\/ro\/lancome-machiaj-de-lunga-durata-in-stick-teint-idoleultra-wear-stick-045-beige-sable\/","og_locale":"ro_RO","og_type":"article","og_title":"Lanc\u00f4me Machiaj de lung\u0103 durat\u0103 \u00een stick Teint IdoleUltra Wear Stick 045 Beige Sable - SHOPATOA.COM","og_description":"Machiaj cu o textur\u0103 m\u0103t\u0103soas\u0103 ,care este u\u0219or de aplicat \u0219i se absoarbe u\u0219or in piele. Datorit\u0103 consisten\u021bei inovatoare cremoase, ve\u021bi ob\u021bine un aspect impecabil timp de p\u00e2n\u0103 la 24 de ore. Teint Idole Ultra Wear Stick vine cu un pachet elegant, ideal pentru c\u0103l\u0103torii \u0219i con\u021bine, de asemenea, o perie de lux kabuki pentru...","og_url":"https:\/\/shopatoa.com\/ro\/lancome-machiaj-de-lunga-durata-in-stick-teint-idoleultra-wear-stick-045-beige-sable\/","og_site_name":"SHOPATOA","article_modified_time":"2025-12-09T23:02:26+00:00","og_image":[{"width":800,"height":800,"url":"https:\/\/storage.googleapis.com\/cz-shopatoa-img\/ro\/0d20e04d-unnamed-file.webp","type":"image\/webp"}],"twitter_card":"summary_large_image","schema":{"@context":"https:\/\/schema.org","@graph":[{"@type":"WebPage","@id":"https:\/\/shopatoa.com\/ro\/lancome-machiaj-de-lunga-durata-in-stick-teint-idoleultra-wear-stick-045-beige-sable\/","url":"https:\/\/shopatoa.com\/ro\/lancome-machiaj-de-lunga-durata-in-stick-teint-idoleultra-wear-stick-045-beige-sable\/","name":"Lanc\u00f4me Machiaj de lung\u0103 durat\u0103 \u00een stick Teint IdoleUltra Wear Stick 045 Beige Sable - SHOPATOA.COM","isPartOf":{"@id":"https:\/\/shopatoa.com\/ro\/#website"},"primaryImageOfPage":{"@id":"https:\/\/shopatoa.com\/ro\/lancome-machiaj-de-lunga-durata-in-stick-teint-idoleultra-wear-stick-045-beige-sable\/#primaryimage"},"image":{"@id":"https:\/\/shopatoa.com\/ro\/lancome-machiaj-de-lunga-durata-in-stick-teint-idoleultra-wear-stick-045-beige-sable\/#primaryimage"},"thumbnailUrl":"https:\/\/storage.googleapis.com\/cz-shopatoa-img\/ro\/0d20e04d-unnamed-file.webp","datePublished":"2025-04-28T00:35:20+00:00","dateModified":"2025-12-09T23:02:26+00:00","breadcrumb":{"@id":"https:\/\/shopatoa.com\/ro\/lancome-machiaj-de-lunga-durata-in-stick-teint-idoleultra-wear-stick-045-beige-sable\/#breadcrumb"},"inLanguage":"ro-RO","potentialAction":[{"@type":"ReadAction","target":["https:\/\/shopatoa.com\/ro\/lancome-machiaj-de-lunga-durata-in-stick-teint-idoleultra-wear-stick-045-beige-sable\/"]}]},{"@type":"ImageObject","inLanguage":"ro-RO","@id":"https:\/\/shopatoa.com\/ro\/lancome-machiaj-de-lunga-durata-in-stick-teint-idoleultra-wear-stick-045-beige-sable\/#primaryimage","url":"https:\/\/storage.googleapis.com\/cz-shopatoa-img\/ro\/0d20e04d-unnamed-file.webp","contentUrl":"https:\/\/storage.googleapis.com\/cz-shopatoa-img\/ro\/0d20e04d-unnamed-file.webp","width":800,"height":800},{"@type":"BreadcrumbList","@id":"https:\/\/shopatoa.com\/ro\/lancome-machiaj-de-lunga-durata-in-stick-teint-idoleultra-wear-stick-045-beige-sable\/#breadcrumb","itemListElement":[{"@type":"ListItem","position":1,"name":"Dom\u016f","item":"https:\/\/shopatoa.com\/ro\/"},{"@type":"ListItem","position":2,"name":"Shop","item":"https:\/\/shopatoa.com\/ro\/shop\/"},{"@type":"ListItem","position":3,"name":"Cosmetice","item":"https:\/\/shopatoa.com\/ro\/cosmetice\/"},{"@type":"ListItem","position":4,"name":"Cosmetice decorative","item":"https:\/\/shopatoa.com\/ro\/cosmetice-decorative\/"},{"@type":"ListItem","position":5,"name":"Machiaj pentru fa\u021ba","item":"https:\/\/shopatoa.com\/ro\/machiaj-pentru-fata\/"},{"@type":"ListItem","position":6,"name":"Make-ups","item":"https:\/\/shopatoa.com\/ro\/make-ups\/"},{"@type":"ListItem","position":7,"name":"Lanc\u00f4me Machiaj de lung\u0103 durat\u0103 \u00een stick Teint IdoleUltra Wear Stick 045 Beige Sable"}]},{"@type":"WebSite","@id":"https:\/\/shopatoa.com\/ro\/#website","url":"https:\/\/shopatoa.com\/ro\/","name":"SHOPATOA","description":"","publisher":{"@id":"https:\/\/shopatoa.com\/ro\/#organization"},"potentialAction":[{"@type":"SearchAction","target":{"@type":"EntryPoint","urlTemplate":"https:\/\/shopatoa.com\/ro\/?s={search_term_string}"},"query-input":{"@type":"PropertyValueSpecification","valueRequired":true,"valueName":"search_term_string"}}],"inLanguage":"ro-RO"},{"@type":"Organization","@id":"https:\/\/shopatoa.com\/ro\/#organization","name":"SHOPATOA","url":"https:\/\/shopatoa.com\/ro\/","logo":{"@type":"ImageObject","inLanguage":"ro-RO","@id":"https:\/\/shopatoa.com\/ro\/#\/schema\/logo\/image\/","url":"https:\/\/storage.googleapis.com\/cz-shopatoa-img\/ro\/b4dac915-shopatoa_logo.png","contentUrl":"https:\/\/storage.googleapis.com\/cz-shopatoa-img\/ro\/b4dac915-shopatoa_logo.png","width":416,"height":63,"caption":"SHOPATOA"},"image":{"@id":"https:\/\/shopatoa.com\/ro\/#\/schema\/logo\/image\/"}}]}},"_links":{"self":[{"href":"https:\/\/shopatoa.com\/ro\/wp-json\/wp\/v2\/product\/263942","targetHints":{"allow":["GET"]}}],"collection":[{"href":"https:\/\/shopatoa.com\/ro\/wp-json\/wp\/v2\/product"}],"about":[{"href":"https:\/\/shopatoa.com\/ro\/wp-json\/wp\/v2\/types\/product"}],"replies":[{"embeddable":true,"href":"https:\/\/shopatoa.com\/ro\/wp-json\/wp\/v2\/comments?post=263942"}],"wp:featuredmedia":[{"embeddable":true,"href":"https:\/\/shopatoa.com\/ro\/wp-json\/wp\/v2\/media\/340358"}],"wp:attachment":[{"href":"https:\/\/shopatoa.com\/ro\/wp-json\/wp\/v2\/media?parent=263942"}],"wp:term":[{"taxonomy":"product_brand","embeddable":true,"href":"https:\/\/shopatoa.com\/ro\/wp-json\/wp\/v2\/product_brand?post=263942"},{"taxonomy":"product_cat","embeddable":true,"href":"https:\/\/shopatoa.com\/ro\/wp-json\/wp\/v2\/product_cat?post=263942"},{"taxonomy":"product_tag","embeddable":true,"href":"https:\/\/shopatoa.com\/ro\/wp-json\/wp\/v2\/product_tag?post=263942"}],"curies":[{"name":"wp","href":"https:\/\/api.w.org\/{rel}","templated":true}]}}