{"id":263944,"date":"2025-04-28T02:35:38","date_gmt":"2025-04-28T00:35:38","guid":{"rendered":"https:\/\/shopatoa.com\/ro\/mizon-spuma-faciala-de-curataresnail-silky-deep-cleansing-foam-150-ml\/"},"modified":"2025-12-10T00:02:19","modified_gmt":"2025-12-09T23:02:19","slug":"mizon-spuma-faciala-de-curataresnail-silky-deep-cleansing-foam-150-ml","status":"publish","type":"product","link":"https:\/\/shopatoa.com\/ro\/mizon-spuma-faciala-de-curataresnail-silky-deep-cleansing-foam-150-ml\/","title":{"rendered":"Mizon Spum\u0103 facial\u0103 de cur\u0103\u021bareSnail Silky (Deep Cleansing Foam) 150 ml"},"content":{"rendered":"<p>Snail Silky Deep Cleansing Foam este o spum\u0103 de cur\u0103\u021bare profund\u0103 care \u00eendep\u0103rteaz\u0103 murd\u0103ria \u0219i machiajul f\u0103r\u0103 a usca pielea. Structura moale a spumei cu boabe mici fine de bicarbonat de sodiu ofer\u0103 un peeling u\u0219or care cur\u0103\u021b\u0103 porii \u0219i las\u0103 pielea neted\u0103 \u0219i uniform\u0103. Formula sa hidratant\u0103 cu Mucin, con\u021binut\u0103 \u00een filtratul de extract de melc \u0219i acid hialuronic, asigur\u0103, de asemenea, o hidratare profund\u0103 care preg\u0103te\u0219te pielea pentru \u00eengrijirea ulterioar\u0103. Con\u021binutul de bicarbonat de sodiu \u00eendep\u0103rteaz\u0103 celulele moarte ale pielii de pe suprafa\u021ba pielii \u0219i reduce apari\u021bia sebumului excesiv, care poate \u00eenfunda porii. Acest lucru face ca spuma s\u0103 fie deosebit de potrivit\u0103 pentru pielea gras\u0103 \u0219i cu tendin\u021b\u0103 acneic\u0103, deoarece regleaz\u0103 nivelul de ulei din piele \u0219i minimizeaz\u0103 formarea de impurit\u0103\u021bi \u0219i inflama\u021bii. \u00cen combina\u021bie cu vindecarea Mucin, \u00eent\u0103re\u0219te, de asemenea, bariera pielii \u0219i minimizeaz\u0103 riscul de cicatrici ale acneei. Hialuronul hidratant, uleiul hr\u0103nitor de jojoba \u0219i extractele de cear\u0103 de albine \u00eent\u0103resc bariera pielii \u0219i blocheaz\u0103 umiditatea, astfel \u00eenc\u00e2t pielea s\u0103 fie hidratat\u0103 \u0219i moale. F\u0103r\u0103 parabeni, silicon, sulfa\u021bi, ulei mineral \u0219i alcooli de uscare. Recomandat\u0103 pentru pielea mixt\u0103 \u0219i gras\u0103 predispus\u0103 la impurit\u0103\u021bi. Datorit\u0103 compozi\u021biei lor delicate, sunt potrivite \u0219i pentru pielea sensibil\u0103, testat\u0103 dermatologic.<\/p>\n","protected":false},"excerpt":{"rendered":"<p>Snail Silky Deep Cleansing Foam este o spum\u0103 de cur\u0103\u021bare profund\u0103 care \u00eendep\u0103rteaz\u0103 murd\u0103ria \u0219i machiajul f\u0103r\u0103 a usca pielea. Structura moale a spumei cu boabe mici fine de bicarbonat de sodiu ofer\u0103 un peeling u\u0219or care cur\u0103\u021b\u0103 porii \u0219i las\u0103 pielea neted\u0103 \u0219i uniform\u0103. Formula sa hidratant\u0103 cu Mucin, con\u021binut\u0103 \u00een filtratul de extract&#8230;<\/p>\n","protected":false},"featured_media":340360,"comment_status":"closed","ping_status":"open","template":"","meta":{"_acf_changed":false,"_kadence_starter_templates_imported_post":false,"_kad_post_transparent":"","_kad_post_title":"","_kad_post_layout":"","_kad_post_sidebar_id":"","_kad_post_content_style":"","_kad_post_vertical_padding":"","_kad_post_feature":"","_kad_post_feature_position":"","_kad_post_header":false,"_kad_post_footer":false,"_kad_post_classname":""},"product_brand":[416],"product_cat":[246,660,634,706,633],"product_tag":[],"class_list":{"0":"post-263944","1":"product","2":"type-product","3":"status-publish","4":"has-post-thumbnail","6":"product_brand-mizon","7":"product_cat-cosmetice","8":"product_cat-curatarea-demachierea-fetei","9":"product_cat-produse-cosmetice-de-ingrijire-a-pielii","10":"product_cat-produse-cosmetice-pentru-curatare","11":"product_cat-produse-cosmetice-pentru-piele","13":"first","14":"instock","15":"sale","16":"product-type-external","17":"entry","18":"content-bg","19":"loop-entry"},"acf":[],"yoast_head":"<!-- This site is optimized with the Yoast SEO plugin v27.3 - https:\/\/yoast.com\/product\/yoast-seo-wordpress\/ -->\n<title>Mizon Spum\u0103 facial\u0103 de cur\u0103\u021bareSnail Silky (Deep Cleansing Foam) 150 ml - SHOPATOA.COM<\/title>\n<meta name=\"robots\" content=\"index, follow, max-snippet:-1, max-image-preview:large, max-video-preview:-1\" \/>\n<link rel=\"canonical\" href=\"https:\/\/shopatoa.com\/ro\/mizon-spuma-faciala-de-curataresnail-silky-deep-cleansing-foam-150-ml\/\" \/>\n<meta property=\"og:locale\" content=\"ro_RO\" \/>\n<meta property=\"og:type\" content=\"article\" \/>\n<meta property=\"og:title\" content=\"Mizon Spum\u0103 facial\u0103 de cur\u0103\u021bareSnail Silky (Deep Cleansing Foam) 150 ml - SHOPATOA.COM\" \/>\n<meta property=\"og:description\" content=\"Snail Silky Deep Cleansing Foam este o spum\u0103 de cur\u0103\u021bare profund\u0103 care \u00eendep\u0103rteaz\u0103 murd\u0103ria \u0219i machiajul f\u0103r\u0103 a usca pielea. Structura moale a spumei cu boabe mici fine de bicarbonat de sodiu ofer\u0103 un peeling u\u0219or care cur\u0103\u021b\u0103 porii \u0219i las\u0103 pielea neted\u0103 \u0219i uniform\u0103. Formula sa hidratant\u0103 cu Mucin, con\u021binut\u0103 \u00een filtratul de extract...\" \/>\n<meta property=\"og:url\" content=\"https:\/\/shopatoa.com\/ro\/mizon-spuma-faciala-de-curataresnail-silky-deep-cleansing-foam-150-ml\/\" \/>\n<meta property=\"og:site_name\" content=\"SHOPATOA\" \/>\n<meta property=\"article:modified_time\" content=\"2025-12-09T23:02:19+00:00\" \/>\n<meta property=\"og:image\" content=\"https:\/\/storage.googleapis.com\/cz-shopatoa-img\/ro\/97efe5de-unnamed-file.webp\" \/>\n\t<meta property=\"og:image:width\" content=\"800\" \/>\n\t<meta property=\"og:image:height\" content=\"800\" \/>\n\t<meta property=\"og:image:type\" content=\"image\/webp\" \/>\n<meta name=\"twitter:card\" content=\"summary_large_image\" \/>\n<meta name=\"twitter:label1\" content=\"Timp estimat pentru citire\" \/>\n\t<meta name=\"twitter:data1\" content=\"1 minut\" \/>\n<script type=\"application\/ld+json\" class=\"yoast-schema-graph\">{\"@context\":\"https:\\\/\\\/schema.org\",\"@graph\":[{\"@type\":\"WebPage\",\"@id\":\"https:\\\/\\\/shopatoa.com\\\/ro\\\/mizon-spuma-faciala-de-curataresnail-silky-deep-cleansing-foam-150-ml\\\/\",\"url\":\"https:\\\/\\\/shopatoa.com\\\/ro\\\/mizon-spuma-faciala-de-curataresnail-silky-deep-cleansing-foam-150-ml\\\/\",\"name\":\"Mizon Spum\u0103 facial\u0103 de cur\u0103\u021bareSnail Silky (Deep Cleansing Foam) 150 ml - SHOPATOA.COM\",\"isPartOf\":{\"@id\":\"https:\\\/\\\/shopatoa.com\\\/ro\\\/#website\"},\"primaryImageOfPage\":{\"@id\":\"https:\\\/\\\/shopatoa.com\\\/ro\\\/mizon-spuma-faciala-de-curataresnail-silky-deep-cleansing-foam-150-ml\\\/#primaryimage\"},\"image\":{\"@id\":\"https:\\\/\\\/shopatoa.com\\\/ro\\\/mizon-spuma-faciala-de-curataresnail-silky-deep-cleansing-foam-150-ml\\\/#primaryimage\"},\"thumbnailUrl\":\"https:\\\/\\\/storage.googleapis.com\\\/cz-shopatoa-img\\\/ro\\\/97efe5de-unnamed-file.webp\",\"datePublished\":\"2025-04-28T00:35:38+00:00\",\"dateModified\":\"2025-12-09T23:02:19+00:00\",\"breadcrumb\":{\"@id\":\"https:\\\/\\\/shopatoa.com\\\/ro\\\/mizon-spuma-faciala-de-curataresnail-silky-deep-cleansing-foam-150-ml\\\/#breadcrumb\"},\"inLanguage\":\"ro-RO\",\"potentialAction\":[{\"@type\":\"ReadAction\",\"target\":[\"https:\\\/\\\/shopatoa.com\\\/ro\\\/mizon-spuma-faciala-de-curataresnail-silky-deep-cleansing-foam-150-ml\\\/\"]}]},{\"@type\":\"ImageObject\",\"inLanguage\":\"ro-RO\",\"@id\":\"https:\\\/\\\/shopatoa.com\\\/ro\\\/mizon-spuma-faciala-de-curataresnail-silky-deep-cleansing-foam-150-ml\\\/#primaryimage\",\"url\":\"https:\\\/\\\/storage.googleapis.com\\\/cz-shopatoa-img\\\/ro\\\/97efe5de-unnamed-file.webp\",\"contentUrl\":\"https:\\\/\\\/storage.googleapis.com\\\/cz-shopatoa-img\\\/ro\\\/97efe5de-unnamed-file.webp\",\"width\":800,\"height\":800},{\"@type\":\"BreadcrumbList\",\"@id\":\"https:\\\/\\\/shopatoa.com\\\/ro\\\/mizon-spuma-faciala-de-curataresnail-silky-deep-cleansing-foam-150-ml\\\/#breadcrumb\",\"itemListElement\":[{\"@type\":\"ListItem\",\"position\":1,\"name\":\"Dom\u016f\",\"item\":\"https:\\\/\\\/shopatoa.com\\\/ro\\\/\"},{\"@type\":\"ListItem\",\"position\":2,\"name\":\"Shop\",\"item\":\"https:\\\/\\\/shopatoa.com\\\/ro\\\/shop\\\/\"},{\"@type\":\"ListItem\",\"position\":3,\"name\":\"Cosmetice\",\"item\":\"https:\\\/\\\/shopatoa.com\\\/ro\\\/cosmetice\\\/\"},{\"@type\":\"ListItem\",\"position\":4,\"name\":\"Produse cosmetice pentru piele\",\"item\":\"https:\\\/\\\/shopatoa.com\\\/ro\\\/produse-cosmetice-pentru-piele\\\/\"},{\"@type\":\"ListItem\",\"position\":5,\"name\":\"Produse cosmetice de \u00eengrijire a pielii\",\"item\":\"https:\\\/\\\/shopatoa.com\\\/ro\\\/produse-cosmetice-de-ingrijire-a-pielii\\\/\"},{\"@type\":\"ListItem\",\"position\":6,\"name\":\"Cur\u0103\u021barea, demachierea fe\u021bei\",\"item\":\"https:\\\/\\\/shopatoa.com\\\/ro\\\/curatarea-demachierea-fetei\\\/\"},{\"@type\":\"ListItem\",\"position\":7,\"name\":\"Produse cosmetice pentru cur\u0103\u021bare\",\"item\":\"https:\\\/\\\/shopatoa.com\\\/ro\\\/produse-cosmetice-pentru-curatare\\\/\"},{\"@type\":\"ListItem\",\"position\":8,\"name\":\"Mizon Spum\u0103 facial\u0103 de cur\u0103\u021bareSnail Silky (Deep Cleansing Foam) 150 ml\"}]},{\"@type\":\"WebSite\",\"@id\":\"https:\\\/\\\/shopatoa.com\\\/ro\\\/#website\",\"url\":\"https:\\\/\\\/shopatoa.com\\\/ro\\\/\",\"name\":\"SHOPATOA\",\"description\":\"\",\"publisher\":{\"@id\":\"https:\\\/\\\/shopatoa.com\\\/ro\\\/#organization\"},\"potentialAction\":[{\"@type\":\"SearchAction\",\"target\":{\"@type\":\"EntryPoint\",\"urlTemplate\":\"https:\\\/\\\/shopatoa.com\\\/ro\\\/?s={search_term_string}\"},\"query-input\":{\"@type\":\"PropertyValueSpecification\",\"valueRequired\":true,\"valueName\":\"search_term_string\"}}],\"inLanguage\":\"ro-RO\"},{\"@type\":\"Organization\",\"@id\":\"https:\\\/\\\/shopatoa.com\\\/ro\\\/#organization\",\"name\":\"SHOPATOA\",\"url\":\"https:\\\/\\\/shopatoa.com\\\/ro\\\/\",\"logo\":{\"@type\":\"ImageObject\",\"inLanguage\":\"ro-RO\",\"@id\":\"https:\\\/\\\/shopatoa.com\\\/ro\\\/#\\\/schema\\\/logo\\\/image\\\/\",\"url\":\"https:\\\/\\\/storage.googleapis.com\\\/cz-shopatoa-img\\\/ro\\\/b4dac915-shopatoa_logo.png\",\"contentUrl\":\"https:\\\/\\\/storage.googleapis.com\\\/cz-shopatoa-img\\\/ro\\\/b4dac915-shopatoa_logo.png\",\"width\":416,\"height\":63,\"caption\":\"SHOPATOA\"},\"image\":{\"@id\":\"https:\\\/\\\/shopatoa.com\\\/ro\\\/#\\\/schema\\\/logo\\\/image\\\/\"}}]}<\/script>\n<!-- \/ Yoast SEO plugin. -->","yoast_head_json":{"title":"Mizon Spum\u0103 facial\u0103 de cur\u0103\u021bareSnail Silky (Deep Cleansing Foam) 150 ml - SHOPATOA.COM","robots":{"index":"index","follow":"follow","max-snippet":"max-snippet:-1","max-image-preview":"max-image-preview:large","max-video-preview":"max-video-preview:-1"},"canonical":"https:\/\/shopatoa.com\/ro\/mizon-spuma-faciala-de-curataresnail-silky-deep-cleansing-foam-150-ml\/","og_locale":"ro_RO","og_type":"article","og_title":"Mizon Spum\u0103 facial\u0103 de cur\u0103\u021bareSnail Silky (Deep Cleansing Foam) 150 ml - SHOPATOA.COM","og_description":"Snail Silky Deep Cleansing Foam este o spum\u0103 de cur\u0103\u021bare profund\u0103 care \u00eendep\u0103rteaz\u0103 murd\u0103ria \u0219i machiajul f\u0103r\u0103 a usca pielea. Structura moale a spumei cu boabe mici fine de bicarbonat de sodiu ofer\u0103 un peeling u\u0219or care cur\u0103\u021b\u0103 porii \u0219i las\u0103 pielea neted\u0103 \u0219i uniform\u0103. Formula sa hidratant\u0103 cu Mucin, con\u021binut\u0103 \u00een filtratul de extract...","og_url":"https:\/\/shopatoa.com\/ro\/mizon-spuma-faciala-de-curataresnail-silky-deep-cleansing-foam-150-ml\/","og_site_name":"SHOPATOA","article_modified_time":"2025-12-09T23:02:19+00:00","og_image":[{"width":800,"height":800,"url":"https:\/\/storage.googleapis.com\/cz-shopatoa-img\/ro\/97efe5de-unnamed-file.webp","type":"image\/webp"}],"twitter_card":"summary_large_image","twitter_misc":{"Timp estimat pentru citire":"1 minut"},"schema":{"@context":"https:\/\/schema.org","@graph":[{"@type":"WebPage","@id":"https:\/\/shopatoa.com\/ro\/mizon-spuma-faciala-de-curataresnail-silky-deep-cleansing-foam-150-ml\/","url":"https:\/\/shopatoa.com\/ro\/mizon-spuma-faciala-de-curataresnail-silky-deep-cleansing-foam-150-ml\/","name":"Mizon Spum\u0103 facial\u0103 de cur\u0103\u021bareSnail Silky (Deep Cleansing Foam) 150 ml - SHOPATOA.COM","isPartOf":{"@id":"https:\/\/shopatoa.com\/ro\/#website"},"primaryImageOfPage":{"@id":"https:\/\/shopatoa.com\/ro\/mizon-spuma-faciala-de-curataresnail-silky-deep-cleansing-foam-150-ml\/#primaryimage"},"image":{"@id":"https:\/\/shopatoa.com\/ro\/mizon-spuma-faciala-de-curataresnail-silky-deep-cleansing-foam-150-ml\/#primaryimage"},"thumbnailUrl":"https:\/\/storage.googleapis.com\/cz-shopatoa-img\/ro\/97efe5de-unnamed-file.webp","datePublished":"2025-04-28T00:35:38+00:00","dateModified":"2025-12-09T23:02:19+00:00","breadcrumb":{"@id":"https:\/\/shopatoa.com\/ro\/mizon-spuma-faciala-de-curataresnail-silky-deep-cleansing-foam-150-ml\/#breadcrumb"},"inLanguage":"ro-RO","potentialAction":[{"@type":"ReadAction","target":["https:\/\/shopatoa.com\/ro\/mizon-spuma-faciala-de-curataresnail-silky-deep-cleansing-foam-150-ml\/"]}]},{"@type":"ImageObject","inLanguage":"ro-RO","@id":"https:\/\/shopatoa.com\/ro\/mizon-spuma-faciala-de-curataresnail-silky-deep-cleansing-foam-150-ml\/#primaryimage","url":"https:\/\/storage.googleapis.com\/cz-shopatoa-img\/ro\/97efe5de-unnamed-file.webp","contentUrl":"https:\/\/storage.googleapis.com\/cz-shopatoa-img\/ro\/97efe5de-unnamed-file.webp","width":800,"height":800},{"@type":"BreadcrumbList","@id":"https:\/\/shopatoa.com\/ro\/mizon-spuma-faciala-de-curataresnail-silky-deep-cleansing-foam-150-ml\/#breadcrumb","itemListElement":[{"@type":"ListItem","position":1,"name":"Dom\u016f","item":"https:\/\/shopatoa.com\/ro\/"},{"@type":"ListItem","position":2,"name":"Shop","item":"https:\/\/shopatoa.com\/ro\/shop\/"},{"@type":"ListItem","position":3,"name":"Cosmetice","item":"https:\/\/shopatoa.com\/ro\/cosmetice\/"},{"@type":"ListItem","position":4,"name":"Produse cosmetice pentru piele","item":"https:\/\/shopatoa.com\/ro\/produse-cosmetice-pentru-piele\/"},{"@type":"ListItem","position":5,"name":"Produse cosmetice de \u00eengrijire a pielii","item":"https:\/\/shopatoa.com\/ro\/produse-cosmetice-de-ingrijire-a-pielii\/"},{"@type":"ListItem","position":6,"name":"Cur\u0103\u021barea, demachierea fe\u021bei","item":"https:\/\/shopatoa.com\/ro\/curatarea-demachierea-fetei\/"},{"@type":"ListItem","position":7,"name":"Produse cosmetice pentru cur\u0103\u021bare","item":"https:\/\/shopatoa.com\/ro\/produse-cosmetice-pentru-curatare\/"},{"@type":"ListItem","position":8,"name":"Mizon Spum\u0103 facial\u0103 de cur\u0103\u021bareSnail Silky (Deep Cleansing Foam) 150 ml"}]},{"@type":"WebSite","@id":"https:\/\/shopatoa.com\/ro\/#website","url":"https:\/\/shopatoa.com\/ro\/","name":"SHOPATOA","description":"","publisher":{"@id":"https:\/\/shopatoa.com\/ro\/#organization"},"potentialAction":[{"@type":"SearchAction","target":{"@type":"EntryPoint","urlTemplate":"https:\/\/shopatoa.com\/ro\/?s={search_term_string}"},"query-input":{"@type":"PropertyValueSpecification","valueRequired":true,"valueName":"search_term_string"}}],"inLanguage":"ro-RO"},{"@type":"Organization","@id":"https:\/\/shopatoa.com\/ro\/#organization","name":"SHOPATOA","url":"https:\/\/shopatoa.com\/ro\/","logo":{"@type":"ImageObject","inLanguage":"ro-RO","@id":"https:\/\/shopatoa.com\/ro\/#\/schema\/logo\/image\/","url":"https:\/\/storage.googleapis.com\/cz-shopatoa-img\/ro\/b4dac915-shopatoa_logo.png","contentUrl":"https:\/\/storage.googleapis.com\/cz-shopatoa-img\/ro\/b4dac915-shopatoa_logo.png","width":416,"height":63,"caption":"SHOPATOA"},"image":{"@id":"https:\/\/shopatoa.com\/ro\/#\/schema\/logo\/image\/"}}]}},"_links":{"self":[{"href":"https:\/\/shopatoa.com\/ro\/wp-json\/wp\/v2\/product\/263944","targetHints":{"allow":["GET"]}}],"collection":[{"href":"https:\/\/shopatoa.com\/ro\/wp-json\/wp\/v2\/product"}],"about":[{"href":"https:\/\/shopatoa.com\/ro\/wp-json\/wp\/v2\/types\/product"}],"replies":[{"embeddable":true,"href":"https:\/\/shopatoa.com\/ro\/wp-json\/wp\/v2\/comments?post=263944"}],"wp:featuredmedia":[{"embeddable":true,"href":"https:\/\/shopatoa.com\/ro\/wp-json\/wp\/v2\/media\/340360"}],"wp:attachment":[{"href":"https:\/\/shopatoa.com\/ro\/wp-json\/wp\/v2\/media?parent=263944"}],"wp:term":[{"taxonomy":"product_brand","embeddable":true,"href":"https:\/\/shopatoa.com\/ro\/wp-json\/wp\/v2\/product_brand?post=263944"},{"taxonomy":"product_cat","embeddable":true,"href":"https:\/\/shopatoa.com\/ro\/wp-json\/wp\/v2\/product_cat?post=263944"},{"taxonomy":"product_tag","embeddable":true,"href":"https:\/\/shopatoa.com\/ro\/wp-json\/wp\/v2\/product_tag?post=263944"}],"curies":[{"name":"wp","href":"https:\/\/api.w.org\/{rel}","templated":true}]}}