{"id":263945,"date":"2025-04-28T02:35:47","date_gmt":"2025-04-28T00:35:47","guid":{"rendered":"https:\/\/shopatoa.com\/ro\/mizon-set-miniatura-de-lux-snail-miniature-set\/"},"modified":"2025-12-09T23:56:31","modified_gmt":"2025-12-09T22:56:31","slug":"mizon-set-miniatura-de-lux-snail-miniature-set","status":"publish","type":"product","link":"https:\/\/shopatoa.com\/ro\/mizon-set-miniatura-de-lux-snail-miniature-set\/","title":{"rendered":"Mizon Set miniatur\u0103 de lux Snail Miniature Set"},"content":{"rendered":"<p>Acest set miniatural de lux este format din cele mai bine v\u00e2ndute produse Snail \u00een dimensiuni practice de c\u0103l\u0103torie. Este ideal ca cadou, \u00eentr-o geant\u0103 de m\u00e2n\u0103 sau ca trus\u0103 de \u00eenceput, dac\u0103 dori\u021bi doar s\u0103 \u00eencerca\u021bi seria \u00eenainte de a cump\u0103ra produse \u00eentr-o dimensiune clasic\u0103. Linia Snail are un con\u021binut foarte mare de mucin\u0103 de melc, despre care se \u0219tie c\u0103 rezolv\u0103 multe probleme ale pielii. Mucin vindec\u0103 \u0219i neteze\u0219te cicatricile, cre\u0219te nivelul de umiditate, \u00eent\u0103re\u0219te bariera pielii \u0219i reduce liniile fine \/ ridurile care duc la o piele mai neted\u0103 \u0219i mai uniform\u0103. Produsele sunt Hipoalergenice, potrivite \u0219i pentru pielea sensibil\u0103. Nu con\u021bine parfumuri artificiale, coloran\u021bi sau parabeni. Setul con\u021bine: Spum\u0103 de cur\u0103\u021bare cu extract de melc ( Snail Repairing Foam Cleanser) 30 ml Tonic pentru piele cu extract de melc (Snail Repair Intensive Toner) 50 ml Esen\u021b\u0103 intensiv\u0103 50 ml Crem\u0103 regenerant\u0103 pentru piele cu filtrat de secre\u021bie de melci 92% (All In One Snail Repair Cream) 15 ml Recomandat pentru pielea normal\u0103, mixt\u0103, gras\u0103 \u0219i matur\u0103.<\/p>\n","protected":false},"excerpt":{"rendered":"<p>Acest set miniatural de lux este format din cele mai bine v\u00e2ndute produse Snail \u00een dimensiuni practice de c\u0103l\u0103torie. Este ideal ca cadou, \u00eentr-o geant\u0103 de m\u00e2n\u0103 sau ca trus\u0103 de \u00eenceput, dac\u0103 dori\u021bi doar s\u0103 \u00eencerca\u021bi seria \u00eenainte de a cump\u0103ra produse \u00eentr-o dimensiune clasic\u0103. Linia Snail are un con\u021binut foarte mare de mucin\u0103&#8230;<\/p>\n","protected":false},"featured_media":340361,"comment_status":"closed","ping_status":"open","template":"","meta":{"_acf_changed":false,"_kadence_starter_templates_imported_post":false,"_kad_post_transparent":"","_kad_post_title":"","_kad_post_layout":"","_kad_post_sidebar_id":"","_kad_post_content_style":"","_kad_post_vertical_padding":"","_kad_post_feature":"","_kad_post_feature_position":"","_kad_post_header":false,"_kad_post_footer":false,"_kad_post_classname":""},"product_brand":[416],"product_cat":[246,635,634,633],"product_tag":[],"class_list":{"0":"post-263945","1":"product","2":"type-product","3":"status-publish","4":"has-post-thumbnail","6":"product_brand-mizon","7":"product_cat-cosmetice","8":"product_cat-hidratarea-si-nutritia-pielii","9":"product_cat-produse-cosmetice-de-ingrijire-a-pielii","10":"product_cat-produse-cosmetice-pentru-piele","12":"first","13":"instock","14":"product-type-external","15":"entry","16":"content-bg","17":"loop-entry"},"acf":[],"yoast_head":"<!-- This site is optimized with the Yoast SEO plugin v27.3 - https:\/\/yoast.com\/product\/yoast-seo-wordpress\/ -->\n<title>Mizon Set miniatur\u0103 de lux Snail Miniature Set - SHOPATOA.COM<\/title>\n<meta name=\"robots\" content=\"index, follow, max-snippet:-1, max-image-preview:large, max-video-preview:-1\" \/>\n<link rel=\"canonical\" href=\"https:\/\/shopatoa.com\/ro\/mizon-set-miniatura-de-lux-snail-miniature-set\/\" \/>\n<meta property=\"og:locale\" content=\"ro_RO\" \/>\n<meta property=\"og:type\" content=\"article\" \/>\n<meta property=\"og:title\" content=\"Mizon Set miniatur\u0103 de lux Snail Miniature Set - SHOPATOA.COM\" \/>\n<meta property=\"og:description\" content=\"Acest set miniatural de lux este format din cele mai bine v\u00e2ndute produse Snail \u00een dimensiuni practice de c\u0103l\u0103torie. Este ideal ca cadou, \u00eentr-o geant\u0103 de m\u00e2n\u0103 sau ca trus\u0103 de \u00eenceput, dac\u0103 dori\u021bi doar s\u0103 \u00eencerca\u021bi seria \u00eenainte de a cump\u0103ra produse \u00eentr-o dimensiune clasic\u0103. Linia Snail are un con\u021binut foarte mare de mucin\u0103...\" \/>\n<meta property=\"og:url\" content=\"https:\/\/shopatoa.com\/ro\/mizon-set-miniatura-de-lux-snail-miniature-set\/\" \/>\n<meta property=\"og:site_name\" content=\"SHOPATOA\" \/>\n<meta property=\"article:modified_time\" content=\"2025-12-09T22:56:31+00:00\" \/>\n<meta property=\"og:image\" content=\"https:\/\/storage.googleapis.com\/cz-shopatoa-img\/ro\/07d81bf8-unnamed-file.webp\" \/>\n\t<meta property=\"og:image:width\" content=\"800\" \/>\n\t<meta property=\"og:image:height\" content=\"800\" \/>\n\t<meta property=\"og:image:type\" content=\"image\/webp\" \/>\n<meta name=\"twitter:card\" content=\"summary_large_image\" \/>\n<meta name=\"twitter:label1\" content=\"Timp estimat pentru citire\" \/>\n\t<meta name=\"twitter:data1\" content=\"1 minut\" \/>\n<script type=\"application\/ld+json\" class=\"yoast-schema-graph\">{\"@context\":\"https:\\\/\\\/schema.org\",\"@graph\":[{\"@type\":\"WebPage\",\"@id\":\"https:\\\/\\\/shopatoa.com\\\/ro\\\/mizon-set-miniatura-de-lux-snail-miniature-set\\\/\",\"url\":\"https:\\\/\\\/shopatoa.com\\\/ro\\\/mizon-set-miniatura-de-lux-snail-miniature-set\\\/\",\"name\":\"Mizon Set miniatur\u0103 de lux Snail Miniature Set - SHOPATOA.COM\",\"isPartOf\":{\"@id\":\"https:\\\/\\\/shopatoa.com\\\/ro\\\/#website\"},\"primaryImageOfPage\":{\"@id\":\"https:\\\/\\\/shopatoa.com\\\/ro\\\/mizon-set-miniatura-de-lux-snail-miniature-set\\\/#primaryimage\"},\"image\":{\"@id\":\"https:\\\/\\\/shopatoa.com\\\/ro\\\/mizon-set-miniatura-de-lux-snail-miniature-set\\\/#primaryimage\"},\"thumbnailUrl\":\"https:\\\/\\\/storage.googleapis.com\\\/cz-shopatoa-img\\\/ro\\\/07d81bf8-unnamed-file.webp\",\"datePublished\":\"2025-04-28T00:35:47+00:00\",\"dateModified\":\"2025-12-09T22:56:31+00:00\",\"breadcrumb\":{\"@id\":\"https:\\\/\\\/shopatoa.com\\\/ro\\\/mizon-set-miniatura-de-lux-snail-miniature-set\\\/#breadcrumb\"},\"inLanguage\":\"ro-RO\",\"potentialAction\":[{\"@type\":\"ReadAction\",\"target\":[\"https:\\\/\\\/shopatoa.com\\\/ro\\\/mizon-set-miniatura-de-lux-snail-miniature-set\\\/\"]}]},{\"@type\":\"ImageObject\",\"inLanguage\":\"ro-RO\",\"@id\":\"https:\\\/\\\/shopatoa.com\\\/ro\\\/mizon-set-miniatura-de-lux-snail-miniature-set\\\/#primaryimage\",\"url\":\"https:\\\/\\\/storage.googleapis.com\\\/cz-shopatoa-img\\\/ro\\\/07d81bf8-unnamed-file.webp\",\"contentUrl\":\"https:\\\/\\\/storage.googleapis.com\\\/cz-shopatoa-img\\\/ro\\\/07d81bf8-unnamed-file.webp\",\"width\":800,\"height\":800},{\"@type\":\"BreadcrumbList\",\"@id\":\"https:\\\/\\\/shopatoa.com\\\/ro\\\/mizon-set-miniatura-de-lux-snail-miniature-set\\\/#breadcrumb\",\"itemListElement\":[{\"@type\":\"ListItem\",\"position\":1,\"name\":\"Dom\u016f\",\"item\":\"https:\\\/\\\/shopatoa.com\\\/ro\\\/\"},{\"@type\":\"ListItem\",\"position\":2,\"name\":\"Shop\",\"item\":\"https:\\\/\\\/shopatoa.com\\\/ro\\\/shop\\\/\"},{\"@type\":\"ListItem\",\"position\":3,\"name\":\"Cosmetice\",\"item\":\"https:\\\/\\\/shopatoa.com\\\/ro\\\/cosmetice\\\/\"},{\"@type\":\"ListItem\",\"position\":4,\"name\":\"Produse cosmetice pentru piele\",\"item\":\"https:\\\/\\\/shopatoa.com\\\/ro\\\/produse-cosmetice-pentru-piele\\\/\"},{\"@type\":\"ListItem\",\"position\":5,\"name\":\"Produse cosmetice de \u00eengrijire a pielii\",\"item\":\"https:\\\/\\\/shopatoa.com\\\/ro\\\/produse-cosmetice-de-ingrijire-a-pielii\\\/\"},{\"@type\":\"ListItem\",\"position\":6,\"name\":\"Hidratarea \u0219i nutri\u021bia pielii\",\"item\":\"https:\\\/\\\/shopatoa.com\\\/ro\\\/hidratarea-si-nutritia-pielii\\\/\"},{\"@type\":\"ListItem\",\"position\":7,\"name\":\"Mizon Set miniatur\u0103 de lux Snail Miniature Set\"}]},{\"@type\":\"WebSite\",\"@id\":\"https:\\\/\\\/shopatoa.com\\\/ro\\\/#website\",\"url\":\"https:\\\/\\\/shopatoa.com\\\/ro\\\/\",\"name\":\"SHOPATOA\",\"description\":\"\",\"publisher\":{\"@id\":\"https:\\\/\\\/shopatoa.com\\\/ro\\\/#organization\"},\"potentialAction\":[{\"@type\":\"SearchAction\",\"target\":{\"@type\":\"EntryPoint\",\"urlTemplate\":\"https:\\\/\\\/shopatoa.com\\\/ro\\\/?s={search_term_string}\"},\"query-input\":{\"@type\":\"PropertyValueSpecification\",\"valueRequired\":true,\"valueName\":\"search_term_string\"}}],\"inLanguage\":\"ro-RO\"},{\"@type\":\"Organization\",\"@id\":\"https:\\\/\\\/shopatoa.com\\\/ro\\\/#organization\",\"name\":\"SHOPATOA\",\"url\":\"https:\\\/\\\/shopatoa.com\\\/ro\\\/\",\"logo\":{\"@type\":\"ImageObject\",\"inLanguage\":\"ro-RO\",\"@id\":\"https:\\\/\\\/shopatoa.com\\\/ro\\\/#\\\/schema\\\/logo\\\/image\\\/\",\"url\":\"https:\\\/\\\/storage.googleapis.com\\\/cz-shopatoa-img\\\/ro\\\/b4dac915-shopatoa_logo.png\",\"contentUrl\":\"https:\\\/\\\/storage.googleapis.com\\\/cz-shopatoa-img\\\/ro\\\/b4dac915-shopatoa_logo.png\",\"width\":416,\"height\":63,\"caption\":\"SHOPATOA\"},\"image\":{\"@id\":\"https:\\\/\\\/shopatoa.com\\\/ro\\\/#\\\/schema\\\/logo\\\/image\\\/\"}}]}<\/script>\n<!-- \/ Yoast SEO plugin. -->","yoast_head_json":{"title":"Mizon Set miniatur\u0103 de lux Snail Miniature Set - SHOPATOA.COM","robots":{"index":"index","follow":"follow","max-snippet":"max-snippet:-1","max-image-preview":"max-image-preview:large","max-video-preview":"max-video-preview:-1"},"canonical":"https:\/\/shopatoa.com\/ro\/mizon-set-miniatura-de-lux-snail-miniature-set\/","og_locale":"ro_RO","og_type":"article","og_title":"Mizon Set miniatur\u0103 de lux Snail Miniature Set - SHOPATOA.COM","og_description":"Acest set miniatural de lux este format din cele mai bine v\u00e2ndute produse Snail \u00een dimensiuni practice de c\u0103l\u0103torie. Este ideal ca cadou, \u00eentr-o geant\u0103 de m\u00e2n\u0103 sau ca trus\u0103 de \u00eenceput, dac\u0103 dori\u021bi doar s\u0103 \u00eencerca\u021bi seria \u00eenainte de a cump\u0103ra produse \u00eentr-o dimensiune clasic\u0103. Linia Snail are un con\u021binut foarte mare de mucin\u0103...","og_url":"https:\/\/shopatoa.com\/ro\/mizon-set-miniatura-de-lux-snail-miniature-set\/","og_site_name":"SHOPATOA","article_modified_time":"2025-12-09T22:56:31+00:00","og_image":[{"width":800,"height":800,"url":"https:\/\/storage.googleapis.com\/cz-shopatoa-img\/ro\/07d81bf8-unnamed-file.webp","type":"image\/webp"}],"twitter_card":"summary_large_image","twitter_misc":{"Timp estimat pentru citire":"1 minut"},"schema":{"@context":"https:\/\/schema.org","@graph":[{"@type":"WebPage","@id":"https:\/\/shopatoa.com\/ro\/mizon-set-miniatura-de-lux-snail-miniature-set\/","url":"https:\/\/shopatoa.com\/ro\/mizon-set-miniatura-de-lux-snail-miniature-set\/","name":"Mizon Set miniatur\u0103 de lux Snail Miniature Set - SHOPATOA.COM","isPartOf":{"@id":"https:\/\/shopatoa.com\/ro\/#website"},"primaryImageOfPage":{"@id":"https:\/\/shopatoa.com\/ro\/mizon-set-miniatura-de-lux-snail-miniature-set\/#primaryimage"},"image":{"@id":"https:\/\/shopatoa.com\/ro\/mizon-set-miniatura-de-lux-snail-miniature-set\/#primaryimage"},"thumbnailUrl":"https:\/\/storage.googleapis.com\/cz-shopatoa-img\/ro\/07d81bf8-unnamed-file.webp","datePublished":"2025-04-28T00:35:47+00:00","dateModified":"2025-12-09T22:56:31+00:00","breadcrumb":{"@id":"https:\/\/shopatoa.com\/ro\/mizon-set-miniatura-de-lux-snail-miniature-set\/#breadcrumb"},"inLanguage":"ro-RO","potentialAction":[{"@type":"ReadAction","target":["https:\/\/shopatoa.com\/ro\/mizon-set-miniatura-de-lux-snail-miniature-set\/"]}]},{"@type":"ImageObject","inLanguage":"ro-RO","@id":"https:\/\/shopatoa.com\/ro\/mizon-set-miniatura-de-lux-snail-miniature-set\/#primaryimage","url":"https:\/\/storage.googleapis.com\/cz-shopatoa-img\/ro\/07d81bf8-unnamed-file.webp","contentUrl":"https:\/\/storage.googleapis.com\/cz-shopatoa-img\/ro\/07d81bf8-unnamed-file.webp","width":800,"height":800},{"@type":"BreadcrumbList","@id":"https:\/\/shopatoa.com\/ro\/mizon-set-miniatura-de-lux-snail-miniature-set\/#breadcrumb","itemListElement":[{"@type":"ListItem","position":1,"name":"Dom\u016f","item":"https:\/\/shopatoa.com\/ro\/"},{"@type":"ListItem","position":2,"name":"Shop","item":"https:\/\/shopatoa.com\/ro\/shop\/"},{"@type":"ListItem","position":3,"name":"Cosmetice","item":"https:\/\/shopatoa.com\/ro\/cosmetice\/"},{"@type":"ListItem","position":4,"name":"Produse cosmetice pentru piele","item":"https:\/\/shopatoa.com\/ro\/produse-cosmetice-pentru-piele\/"},{"@type":"ListItem","position":5,"name":"Produse cosmetice de \u00eengrijire a pielii","item":"https:\/\/shopatoa.com\/ro\/produse-cosmetice-de-ingrijire-a-pielii\/"},{"@type":"ListItem","position":6,"name":"Hidratarea \u0219i nutri\u021bia pielii","item":"https:\/\/shopatoa.com\/ro\/hidratarea-si-nutritia-pielii\/"},{"@type":"ListItem","position":7,"name":"Mizon Set miniatur\u0103 de lux Snail Miniature Set"}]},{"@type":"WebSite","@id":"https:\/\/shopatoa.com\/ro\/#website","url":"https:\/\/shopatoa.com\/ro\/","name":"SHOPATOA","description":"","publisher":{"@id":"https:\/\/shopatoa.com\/ro\/#organization"},"potentialAction":[{"@type":"SearchAction","target":{"@type":"EntryPoint","urlTemplate":"https:\/\/shopatoa.com\/ro\/?s={search_term_string}"},"query-input":{"@type":"PropertyValueSpecification","valueRequired":true,"valueName":"search_term_string"}}],"inLanguage":"ro-RO"},{"@type":"Organization","@id":"https:\/\/shopatoa.com\/ro\/#organization","name":"SHOPATOA","url":"https:\/\/shopatoa.com\/ro\/","logo":{"@type":"ImageObject","inLanguage":"ro-RO","@id":"https:\/\/shopatoa.com\/ro\/#\/schema\/logo\/image\/","url":"https:\/\/storage.googleapis.com\/cz-shopatoa-img\/ro\/b4dac915-shopatoa_logo.png","contentUrl":"https:\/\/storage.googleapis.com\/cz-shopatoa-img\/ro\/b4dac915-shopatoa_logo.png","width":416,"height":63,"caption":"SHOPATOA"},"image":{"@id":"https:\/\/shopatoa.com\/ro\/#\/schema\/logo\/image\/"}}]}},"_links":{"self":[{"href":"https:\/\/shopatoa.com\/ro\/wp-json\/wp\/v2\/product\/263945","targetHints":{"allow":["GET"]}}],"collection":[{"href":"https:\/\/shopatoa.com\/ro\/wp-json\/wp\/v2\/product"}],"about":[{"href":"https:\/\/shopatoa.com\/ro\/wp-json\/wp\/v2\/types\/product"}],"replies":[{"embeddable":true,"href":"https:\/\/shopatoa.com\/ro\/wp-json\/wp\/v2\/comments?post=263945"}],"wp:featuredmedia":[{"embeddable":true,"href":"https:\/\/shopatoa.com\/ro\/wp-json\/wp\/v2\/media\/340361"}],"wp:attachment":[{"href":"https:\/\/shopatoa.com\/ro\/wp-json\/wp\/v2\/media?parent=263945"}],"wp:term":[{"taxonomy":"product_brand","embeddable":true,"href":"https:\/\/shopatoa.com\/ro\/wp-json\/wp\/v2\/product_brand?post=263945"},{"taxonomy":"product_cat","embeddable":true,"href":"https:\/\/shopatoa.com\/ro\/wp-json\/wp\/v2\/product_cat?post=263945"},{"taxonomy":"product_tag","embeddable":true,"href":"https:\/\/shopatoa.com\/ro\/wp-json\/wp\/v2\/product_tag?post=263945"}],"curies":[{"name":"wp","href":"https:\/\/api.w.org\/{rel}","templated":true}]}}