{"id":263972,"date":"2025-04-28T02:46:30","date_gmt":"2025-04-28T00:46:30","guid":{"rendered":"https:\/\/shopatoa.com\/ro\/loreal-paris-creion-pentru-sprancene-micro-tatouageunbelieva-brow-1-g-3-0-brunette\/"},"modified":"2025-12-09T23:33:03","modified_gmt":"2025-12-09T22:33:03","slug":"loreal-paris-creion-pentru-sprancene-micro-tatouageunbelieva-brow-1-g-3-0-brunette","status":"publish","type":"product","link":"https:\/\/shopatoa.com\/ro\/loreal-paris-creion-pentru-sprancene-micro-tatouageunbelieva-brow-1-g-3-0-brunette\/","title":{"rendered":"L&#8217;Or\u00e9al Paris Creion pentru spr\u00e2ncene Micro Tatouage(Unbelieva Brow) 1 g 3.0 Brunette"},"content":{"rendered":"<p>Cu creionul pentru spr\u00e2ncene Micro Tatouage, ve\u021bi crea spr\u00e2ncene cu efect de microblading real &#8211; de lung\u0103 durat\u0103 \u0219i incredibil de natural. Stiloul rezistent la pete poate fi folosit pentru a crea spr\u00e2ncene cu aspect natural, care dureaz\u0103 p\u00e2n\u0103 la 48 de ore. Chiar \u0219i eliberarea culorii \u0219i un v\u00e2rf fin de micro ac \u00eel fac u\u0219or de utilizat. Cu ajutorul Unbelieva Brow Micro Tatouage spr\u00e2ncenele pot fi modelate, ilustrate, definite \u0219i completate \u00een mod realist &#8211; pentru spr\u00e2ncene cu aspect natural \u0219i definite, ca dup\u0103 microblading.<\/p>\n","protected":false},"excerpt":{"rendered":"<p>Cu creionul pentru spr\u00e2ncene Micro Tatouage, ve\u021bi crea spr\u00e2ncene cu efect de microblading real &#8211; de lung\u0103 durat\u0103 \u0219i incredibil de natural. Stiloul rezistent la pete poate fi folosit pentru a crea spr\u00e2ncene cu aspect natural, care dureaz\u0103 p\u00e2n\u0103 la 48 de ore. Chiar \u0219i eliberarea culorii \u0219i un v\u00e2rf fin de micro ac \u00eel&#8230;<\/p>\n","protected":false},"featured_media":340390,"comment_status":"closed","ping_status":"open","template":"","meta":{"_acf_changed":false,"_kadence_starter_templates_imported_post":false,"_kad_post_transparent":"","_kad_post_title":"","_kad_post_layout":"","_kad_post_sidebar_id":"","_kad_post_content_style":"","_kad_post_vertical_padding":"","_kad_post_feature":"","_kad_post_feature_position":"","_kad_post_header":false,"_kad_post_footer":false,"_kad_post_classname":""},"product_brand":[384],"product_cat":[246,609,610,637],"product_tag":[],"class_list":{"0":"post-263972","1":"product","2":"type-product","3":"status-publish","4":"has-post-thumbnail","6":"product_brand-loreal-paris","7":"product_cat-cosmetice","8":"product_cat-cosmetice-decorative","9":"product_cat-cosmetice-decorative-pentru-sprancene","10":"product_cat-creioane-pentru-sprancene","12":"first","13":"instock","14":"sale","15":"product-type-external","16":"entry","17":"content-bg","18":"loop-entry"},"acf":[],"yoast_head":"<!-- This site is optimized with the Yoast SEO plugin v27.3 - https:\/\/yoast.com\/product\/yoast-seo-wordpress\/ -->\n<title>L&#039;Or\u00e9al Paris Creion pentru spr\u00e2ncene Micro Tatouage(Unbelieva Brow) 1 g 3.0 Brunette - SHOPATOA.COM<\/title>\n<meta name=\"robots\" content=\"index, follow, max-snippet:-1, max-image-preview:large, max-video-preview:-1\" \/>\n<link rel=\"canonical\" href=\"https:\/\/shopatoa.com\/ro\/loreal-paris-creion-pentru-sprancene-micro-tatouageunbelieva-brow-1-g-3-0-brunette\/\" \/>\n<meta property=\"og:locale\" content=\"ro_RO\" \/>\n<meta property=\"og:type\" content=\"article\" \/>\n<meta property=\"og:title\" content=\"L&#039;Or\u00e9al Paris Creion pentru spr\u00e2ncene Micro Tatouage(Unbelieva Brow) 1 g 3.0 Brunette - SHOPATOA.COM\" \/>\n<meta property=\"og:description\" content=\"Cu creionul pentru spr\u00e2ncene Micro Tatouage, ve\u021bi crea spr\u00e2ncene cu efect de microblading real &#8211; de lung\u0103 durat\u0103 \u0219i incredibil de natural. Stiloul rezistent la pete poate fi folosit pentru a crea spr\u00e2ncene cu aspect natural, care dureaz\u0103 p\u00e2n\u0103 la 48 de ore. Chiar \u0219i eliberarea culorii \u0219i un v\u00e2rf fin de micro ac \u00eel...\" \/>\n<meta property=\"og:url\" content=\"https:\/\/shopatoa.com\/ro\/loreal-paris-creion-pentru-sprancene-micro-tatouageunbelieva-brow-1-g-3-0-brunette\/\" \/>\n<meta property=\"og:site_name\" content=\"SHOPATOA\" \/>\n<meta property=\"article:modified_time\" content=\"2025-12-09T22:33:03+00:00\" \/>\n<meta property=\"og:image\" content=\"https:\/\/storage.googleapis.com\/cz-shopatoa-img\/ro\/e1a8455d-unnamed-file.webp\" \/>\n\t<meta property=\"og:image:width\" content=\"800\" \/>\n\t<meta property=\"og:image:height\" content=\"800\" \/>\n\t<meta property=\"og:image:type\" content=\"image\/webp\" \/>\n<meta name=\"twitter:card\" content=\"summary_large_image\" \/>\n<script type=\"application\/ld+json\" class=\"yoast-schema-graph\">{\"@context\":\"https:\\\/\\\/schema.org\",\"@graph\":[{\"@type\":\"WebPage\",\"@id\":\"https:\\\/\\\/shopatoa.com\\\/ro\\\/loreal-paris-creion-pentru-sprancene-micro-tatouageunbelieva-brow-1-g-3-0-brunette\\\/\",\"url\":\"https:\\\/\\\/shopatoa.com\\\/ro\\\/loreal-paris-creion-pentru-sprancene-micro-tatouageunbelieva-brow-1-g-3-0-brunette\\\/\",\"name\":\"L'Or\u00e9al Paris Creion pentru spr\u00e2ncene Micro Tatouage(Unbelieva Brow) 1 g 3.0 Brunette - SHOPATOA.COM\",\"isPartOf\":{\"@id\":\"https:\\\/\\\/shopatoa.com\\\/ro\\\/#website\"},\"primaryImageOfPage\":{\"@id\":\"https:\\\/\\\/shopatoa.com\\\/ro\\\/loreal-paris-creion-pentru-sprancene-micro-tatouageunbelieva-brow-1-g-3-0-brunette\\\/#primaryimage\"},\"image\":{\"@id\":\"https:\\\/\\\/shopatoa.com\\\/ro\\\/loreal-paris-creion-pentru-sprancene-micro-tatouageunbelieva-brow-1-g-3-0-brunette\\\/#primaryimage\"},\"thumbnailUrl\":\"https:\\\/\\\/storage.googleapis.com\\\/cz-shopatoa-img\\\/ro\\\/e1a8455d-unnamed-file.webp\",\"datePublished\":\"2025-04-28T00:46:30+00:00\",\"dateModified\":\"2025-12-09T22:33:03+00:00\",\"breadcrumb\":{\"@id\":\"https:\\\/\\\/shopatoa.com\\\/ro\\\/loreal-paris-creion-pentru-sprancene-micro-tatouageunbelieva-brow-1-g-3-0-brunette\\\/#breadcrumb\"},\"inLanguage\":\"ro-RO\",\"potentialAction\":[{\"@type\":\"ReadAction\",\"target\":[\"https:\\\/\\\/shopatoa.com\\\/ro\\\/loreal-paris-creion-pentru-sprancene-micro-tatouageunbelieva-brow-1-g-3-0-brunette\\\/\"]}]},{\"@type\":\"ImageObject\",\"inLanguage\":\"ro-RO\",\"@id\":\"https:\\\/\\\/shopatoa.com\\\/ro\\\/loreal-paris-creion-pentru-sprancene-micro-tatouageunbelieva-brow-1-g-3-0-brunette\\\/#primaryimage\",\"url\":\"https:\\\/\\\/storage.googleapis.com\\\/cz-shopatoa-img\\\/ro\\\/e1a8455d-unnamed-file.webp\",\"contentUrl\":\"https:\\\/\\\/storage.googleapis.com\\\/cz-shopatoa-img\\\/ro\\\/e1a8455d-unnamed-file.webp\",\"width\":800,\"height\":800},{\"@type\":\"BreadcrumbList\",\"@id\":\"https:\\\/\\\/shopatoa.com\\\/ro\\\/loreal-paris-creion-pentru-sprancene-micro-tatouageunbelieva-brow-1-g-3-0-brunette\\\/#breadcrumb\",\"itemListElement\":[{\"@type\":\"ListItem\",\"position\":1,\"name\":\"Dom\u016f\",\"item\":\"https:\\\/\\\/shopatoa.com\\\/ro\\\/\"},{\"@type\":\"ListItem\",\"position\":2,\"name\":\"Shop\",\"item\":\"https:\\\/\\\/shopatoa.com\\\/ro\\\/shop\\\/\"},{\"@type\":\"ListItem\",\"position\":3,\"name\":\"Cosmetice\",\"item\":\"https:\\\/\\\/shopatoa.com\\\/ro\\\/cosmetice\\\/\"},{\"@type\":\"ListItem\",\"position\":4,\"name\":\"Cosmetice decorative\",\"item\":\"https:\\\/\\\/shopatoa.com\\\/ro\\\/cosmetice-decorative\\\/\"},{\"@type\":\"ListItem\",\"position\":5,\"name\":\"Cosmetice decorative pentru spr\u00e2ncene\",\"item\":\"https:\\\/\\\/shopatoa.com\\\/ro\\\/cosmetice-decorative-pentru-sprancene\\\/\"},{\"@type\":\"ListItem\",\"position\":6,\"name\":\"Creioane pentru spr\u00e2ncene\",\"item\":\"https:\\\/\\\/shopatoa.com\\\/ro\\\/creioane-pentru-sprancene\\\/\"},{\"@type\":\"ListItem\",\"position\":7,\"name\":\"L&#8217;Or\u00e9al Paris Creion pentru spr\u00e2ncene Micro Tatouage(Unbelieva Brow) 1 g 3.0 Brunette\"}]},{\"@type\":\"WebSite\",\"@id\":\"https:\\\/\\\/shopatoa.com\\\/ro\\\/#website\",\"url\":\"https:\\\/\\\/shopatoa.com\\\/ro\\\/\",\"name\":\"SHOPATOA\",\"description\":\"\",\"publisher\":{\"@id\":\"https:\\\/\\\/shopatoa.com\\\/ro\\\/#organization\"},\"potentialAction\":[{\"@type\":\"SearchAction\",\"target\":{\"@type\":\"EntryPoint\",\"urlTemplate\":\"https:\\\/\\\/shopatoa.com\\\/ro\\\/?s={search_term_string}\"},\"query-input\":{\"@type\":\"PropertyValueSpecification\",\"valueRequired\":true,\"valueName\":\"search_term_string\"}}],\"inLanguage\":\"ro-RO\"},{\"@type\":\"Organization\",\"@id\":\"https:\\\/\\\/shopatoa.com\\\/ro\\\/#organization\",\"name\":\"SHOPATOA\",\"url\":\"https:\\\/\\\/shopatoa.com\\\/ro\\\/\",\"logo\":{\"@type\":\"ImageObject\",\"inLanguage\":\"ro-RO\",\"@id\":\"https:\\\/\\\/shopatoa.com\\\/ro\\\/#\\\/schema\\\/logo\\\/image\\\/\",\"url\":\"https:\\\/\\\/storage.googleapis.com\\\/cz-shopatoa-img\\\/ro\\\/b4dac915-shopatoa_logo.png\",\"contentUrl\":\"https:\\\/\\\/storage.googleapis.com\\\/cz-shopatoa-img\\\/ro\\\/b4dac915-shopatoa_logo.png\",\"width\":416,\"height\":63,\"caption\":\"SHOPATOA\"},\"image\":{\"@id\":\"https:\\\/\\\/shopatoa.com\\\/ro\\\/#\\\/schema\\\/logo\\\/image\\\/\"}}]}<\/script>\n<!-- \/ Yoast SEO plugin. -->","yoast_head_json":{"title":"L'Or\u00e9al Paris Creion pentru spr\u00e2ncene Micro Tatouage(Unbelieva Brow) 1 g 3.0 Brunette - SHOPATOA.COM","robots":{"index":"index","follow":"follow","max-snippet":"max-snippet:-1","max-image-preview":"max-image-preview:large","max-video-preview":"max-video-preview:-1"},"canonical":"https:\/\/shopatoa.com\/ro\/loreal-paris-creion-pentru-sprancene-micro-tatouageunbelieva-brow-1-g-3-0-brunette\/","og_locale":"ro_RO","og_type":"article","og_title":"L'Or\u00e9al Paris Creion pentru spr\u00e2ncene Micro Tatouage(Unbelieva Brow) 1 g 3.0 Brunette - SHOPATOA.COM","og_description":"Cu creionul pentru spr\u00e2ncene Micro Tatouage, ve\u021bi crea spr\u00e2ncene cu efect de microblading real &#8211; de lung\u0103 durat\u0103 \u0219i incredibil de natural. Stiloul rezistent la pete poate fi folosit pentru a crea spr\u00e2ncene cu aspect natural, care dureaz\u0103 p\u00e2n\u0103 la 48 de ore. Chiar \u0219i eliberarea culorii \u0219i un v\u00e2rf fin de micro ac \u00eel...","og_url":"https:\/\/shopatoa.com\/ro\/loreal-paris-creion-pentru-sprancene-micro-tatouageunbelieva-brow-1-g-3-0-brunette\/","og_site_name":"SHOPATOA","article_modified_time":"2025-12-09T22:33:03+00:00","og_image":[{"width":800,"height":800,"url":"https:\/\/storage.googleapis.com\/cz-shopatoa-img\/ro\/e1a8455d-unnamed-file.webp","type":"image\/webp"}],"twitter_card":"summary_large_image","schema":{"@context":"https:\/\/schema.org","@graph":[{"@type":"WebPage","@id":"https:\/\/shopatoa.com\/ro\/loreal-paris-creion-pentru-sprancene-micro-tatouageunbelieva-brow-1-g-3-0-brunette\/","url":"https:\/\/shopatoa.com\/ro\/loreal-paris-creion-pentru-sprancene-micro-tatouageunbelieva-brow-1-g-3-0-brunette\/","name":"L'Or\u00e9al Paris Creion pentru spr\u00e2ncene Micro Tatouage(Unbelieva Brow) 1 g 3.0 Brunette - SHOPATOA.COM","isPartOf":{"@id":"https:\/\/shopatoa.com\/ro\/#website"},"primaryImageOfPage":{"@id":"https:\/\/shopatoa.com\/ro\/loreal-paris-creion-pentru-sprancene-micro-tatouageunbelieva-brow-1-g-3-0-brunette\/#primaryimage"},"image":{"@id":"https:\/\/shopatoa.com\/ro\/loreal-paris-creion-pentru-sprancene-micro-tatouageunbelieva-brow-1-g-3-0-brunette\/#primaryimage"},"thumbnailUrl":"https:\/\/storage.googleapis.com\/cz-shopatoa-img\/ro\/e1a8455d-unnamed-file.webp","datePublished":"2025-04-28T00:46:30+00:00","dateModified":"2025-12-09T22:33:03+00:00","breadcrumb":{"@id":"https:\/\/shopatoa.com\/ro\/loreal-paris-creion-pentru-sprancene-micro-tatouageunbelieva-brow-1-g-3-0-brunette\/#breadcrumb"},"inLanguage":"ro-RO","potentialAction":[{"@type":"ReadAction","target":["https:\/\/shopatoa.com\/ro\/loreal-paris-creion-pentru-sprancene-micro-tatouageunbelieva-brow-1-g-3-0-brunette\/"]}]},{"@type":"ImageObject","inLanguage":"ro-RO","@id":"https:\/\/shopatoa.com\/ro\/loreal-paris-creion-pentru-sprancene-micro-tatouageunbelieva-brow-1-g-3-0-brunette\/#primaryimage","url":"https:\/\/storage.googleapis.com\/cz-shopatoa-img\/ro\/e1a8455d-unnamed-file.webp","contentUrl":"https:\/\/storage.googleapis.com\/cz-shopatoa-img\/ro\/e1a8455d-unnamed-file.webp","width":800,"height":800},{"@type":"BreadcrumbList","@id":"https:\/\/shopatoa.com\/ro\/loreal-paris-creion-pentru-sprancene-micro-tatouageunbelieva-brow-1-g-3-0-brunette\/#breadcrumb","itemListElement":[{"@type":"ListItem","position":1,"name":"Dom\u016f","item":"https:\/\/shopatoa.com\/ro\/"},{"@type":"ListItem","position":2,"name":"Shop","item":"https:\/\/shopatoa.com\/ro\/shop\/"},{"@type":"ListItem","position":3,"name":"Cosmetice","item":"https:\/\/shopatoa.com\/ro\/cosmetice\/"},{"@type":"ListItem","position":4,"name":"Cosmetice decorative","item":"https:\/\/shopatoa.com\/ro\/cosmetice-decorative\/"},{"@type":"ListItem","position":5,"name":"Cosmetice decorative pentru spr\u00e2ncene","item":"https:\/\/shopatoa.com\/ro\/cosmetice-decorative-pentru-sprancene\/"},{"@type":"ListItem","position":6,"name":"Creioane pentru spr\u00e2ncene","item":"https:\/\/shopatoa.com\/ro\/creioane-pentru-sprancene\/"},{"@type":"ListItem","position":7,"name":"L&#8217;Or\u00e9al Paris Creion pentru spr\u00e2ncene Micro Tatouage(Unbelieva Brow) 1 g 3.0 Brunette"}]},{"@type":"WebSite","@id":"https:\/\/shopatoa.com\/ro\/#website","url":"https:\/\/shopatoa.com\/ro\/","name":"SHOPATOA","description":"","publisher":{"@id":"https:\/\/shopatoa.com\/ro\/#organization"},"potentialAction":[{"@type":"SearchAction","target":{"@type":"EntryPoint","urlTemplate":"https:\/\/shopatoa.com\/ro\/?s={search_term_string}"},"query-input":{"@type":"PropertyValueSpecification","valueRequired":true,"valueName":"search_term_string"}}],"inLanguage":"ro-RO"},{"@type":"Organization","@id":"https:\/\/shopatoa.com\/ro\/#organization","name":"SHOPATOA","url":"https:\/\/shopatoa.com\/ro\/","logo":{"@type":"ImageObject","inLanguage":"ro-RO","@id":"https:\/\/shopatoa.com\/ro\/#\/schema\/logo\/image\/","url":"https:\/\/storage.googleapis.com\/cz-shopatoa-img\/ro\/b4dac915-shopatoa_logo.png","contentUrl":"https:\/\/storage.googleapis.com\/cz-shopatoa-img\/ro\/b4dac915-shopatoa_logo.png","width":416,"height":63,"caption":"SHOPATOA"},"image":{"@id":"https:\/\/shopatoa.com\/ro\/#\/schema\/logo\/image\/"}}]}},"_links":{"self":[{"href":"https:\/\/shopatoa.com\/ro\/wp-json\/wp\/v2\/product\/263972","targetHints":{"allow":["GET"]}}],"collection":[{"href":"https:\/\/shopatoa.com\/ro\/wp-json\/wp\/v2\/product"}],"about":[{"href":"https:\/\/shopatoa.com\/ro\/wp-json\/wp\/v2\/types\/product"}],"replies":[{"embeddable":true,"href":"https:\/\/shopatoa.com\/ro\/wp-json\/wp\/v2\/comments?post=263972"}],"wp:featuredmedia":[{"embeddable":true,"href":"https:\/\/shopatoa.com\/ro\/wp-json\/wp\/v2\/media\/340390"}],"wp:attachment":[{"href":"https:\/\/shopatoa.com\/ro\/wp-json\/wp\/v2\/media?parent=263972"}],"wp:term":[{"taxonomy":"product_brand","embeddable":true,"href":"https:\/\/shopatoa.com\/ro\/wp-json\/wp\/v2\/product_brand?post=263972"},{"taxonomy":"product_cat","embeddable":true,"href":"https:\/\/shopatoa.com\/ro\/wp-json\/wp\/v2\/product_cat?post=263972"},{"taxonomy":"product_tag","embeddable":true,"href":"https:\/\/shopatoa.com\/ro\/wp-json\/wp\/v2\/product_tag?post=263972"}],"curies":[{"name":"wp","href":"https:\/\/api.w.org\/{rel}","templated":true}]}}