{"id":264086,"date":"2025-04-28T03:51:07","date_gmt":"2025-04-28T01:51:07","guid":{"rendered":"https:\/\/shopatoa.com\/ro\/silkn-eliminator-pentru-pielea-intarita-cu-aspiratie-freshpedi-black\/"},"modified":"2025-12-09T20:44:55","modified_gmt":"2025-12-09T19:44:55","slug":"silkn-eliminator-pentru-pielea-intarita-cu-aspiratie-freshpedi-black","status":"publish","type":"product","link":"https:\/\/shopatoa.com\/ro\/silkn-eliminator-pentru-pielea-intarita-cu-aspiratie-freshpedi-black\/","title":{"rendered":"Silk&#8217;n Eliminator pentru pielea \u00eent\u0103rit\u0103 cu aspira\u021bie FreshPedi Black"},"content":{"rendered":"<p>Dispozitivul electric de \u00eendep\u0103rtare a calusului rezistent la ap\u0103 func\u021bioneaz\u0103 cu 3 discuri de \u0219lefuit diferite \u0219i un sistem de aspirare pentru a asigura o munc\u0103 lin\u0103 \u0219i f\u0103r\u0103 dezordine. Silk&#8217;n FreshPedi este echipat cu 3 discuri de \u0219lefuit rotative diferite (fine, medii \u0219i grosiere), astfel \u00eenc\u00e2t s\u0103 pute\u021bi alege care este cel mai potrivit pentru picioarele dvs. Dispozitivul v\u0103 permite s\u0103 \u00eendep\u0103rta\u021bi \u00een siguran\u021b\u0103 \u0219i eficient pielea aspr\u0103 \u0219i caloas\u0103 de pe picioare. In plus, sistemul de vacuum incorporat asigura aspirarea celulelor moarte ale pielii \u0219i \u00eempiedic\u0103 ca acestea s\u0103 se a\u0219eze pe podea sau s\u0103 se pulverizeze prin camer\u0103. Silk&#8217;n FreshPedi are 2 set\u0103ri de vitez\u0103, joas\u0103 \u0219i mare, pe care le pute\u021bi monitoriza pe ecranul LCD \u00eencorporat. Cu p\u00e2n\u0103 la 1.900 rpm la setarea de vitez\u0103 mic\u0103 \u0219i p\u00e2n\u0103 la 2.200 rpm la setarea de mare vitez\u0103, acest dispozitiv asigur\u0103 \u00eendep\u0103rtarea rapid\u0103, u\u0219oar\u0103 \u0219i complet\u0103 a calusurilor \u0219i pielii tari. Dispozitivul de \u00eendep\u0103rtare a calusului este u\u0219or de utilizat datorit\u0103 designului s\u0103u ergonomic \u0219i elegant.<\/p>\n","protected":false},"excerpt":{"rendered":"<p>Dispozitivul electric de \u00eendep\u0103rtare a calusului rezistent la ap\u0103 func\u021bioneaz\u0103 cu 3 discuri de \u0219lefuit diferite \u0219i un sistem de aspirare pentru a asigura o munc\u0103 lin\u0103 \u0219i f\u0103r\u0103 dezordine. Silk&#8217;n FreshPedi este echipat cu 3 discuri de \u0219lefuit rotative diferite (fine, medii \u0219i grosiere), astfel \u00eenc\u00e2t s\u0103 pute\u021bi alege care este cel mai potrivit&#8230;<\/p>\n","protected":false},"featured_media":340509,"comment_status":"closed","ping_status":"open","template":"","meta":{"_acf_changed":false,"_kadence_starter_templates_imported_post":false,"_kad_post_transparent":"","_kad_post_title":"","_kad_post_layout":"","_kad_post_sidebar_id":"","_kad_post_content_style":"","_kad_post_vertical_padding":"","_kad_post_feature":"","_kad_post_feature_position":"","_kad_post_header":false,"_kad_post_footer":false,"_kad_post_classname":""},"product_brand":[959],"product_cat":[246,813,611,730],"product_tag":[],"class_list":{"0":"post-264086","1":"product","2":"type-product","3":"status-publish","4":"has-post-thumbnail","6":"product_brand-silkn","7":"product_cat-cosmetice","8":"product_cat-fisiere-si-peelers-picior","9":"product_cat-produse-cosmetice-pentru-corp","10":"product_cat-produse-cosmetice-pentru-ingrijirea-picioarelor","12":"first","13":"instock","14":"sale","15":"product-type-external","16":"entry","17":"content-bg","18":"loop-entry"},"acf":[],"yoast_head":"<!-- This site is optimized with the Yoast SEO plugin v27.4 - https:\/\/yoast.com\/product\/yoast-seo-wordpress\/ -->\n<title>Silk&#039;n Eliminator pentru pielea \u00eent\u0103rit\u0103 cu aspira\u021bie FreshPedi Black - SHOPATOA.COM<\/title>\n<meta name=\"robots\" content=\"index, follow, max-snippet:-1, max-image-preview:large, max-video-preview:-1\" \/>\n<link rel=\"canonical\" href=\"https:\/\/shopatoa.com\/ro\/silkn-eliminator-pentru-pielea-intarita-cu-aspiratie-freshpedi-black\/\" \/>\n<meta property=\"og:locale\" content=\"ro_RO\" \/>\n<meta property=\"og:type\" content=\"article\" \/>\n<meta property=\"og:title\" content=\"Silk&#039;n Eliminator pentru pielea \u00eent\u0103rit\u0103 cu aspira\u021bie FreshPedi Black - SHOPATOA.COM\" \/>\n<meta property=\"og:description\" content=\"Dispozitivul electric de \u00eendep\u0103rtare a calusului rezistent la ap\u0103 func\u021bioneaz\u0103 cu 3 discuri de \u0219lefuit diferite \u0219i un sistem de aspirare pentru a asigura o munc\u0103 lin\u0103 \u0219i f\u0103r\u0103 dezordine. Silk&#8217;n FreshPedi este echipat cu 3 discuri de \u0219lefuit rotative diferite (fine, medii \u0219i grosiere), astfel \u00eenc\u00e2t s\u0103 pute\u021bi alege care este cel mai potrivit...\" \/>\n<meta property=\"og:url\" content=\"https:\/\/shopatoa.com\/ro\/silkn-eliminator-pentru-pielea-intarita-cu-aspiratie-freshpedi-black\/\" \/>\n<meta property=\"og:site_name\" content=\"SHOPATOA\" \/>\n<meta property=\"article:modified_time\" content=\"2025-12-09T19:44:55+00:00\" \/>\n<meta property=\"og:image\" content=\"https:\/\/storage.googleapis.com\/cz-shopatoa-img\/ro\/1d472ed2-unnamed-file.webp\" \/>\n\t<meta property=\"og:image:width\" content=\"800\" \/>\n\t<meta property=\"og:image:height\" content=\"800\" \/>\n\t<meta property=\"og:image:type\" content=\"image\/webp\" \/>\n<meta name=\"twitter:card\" content=\"summary_large_image\" \/>\n<meta name=\"twitter:label1\" content=\"Timp estimat pentru citire\" \/>\n\t<meta name=\"twitter:data1\" content=\"1 minut\" \/>\n<script type=\"application\/ld+json\" class=\"yoast-schema-graph\">{\"@context\":\"https:\\\/\\\/schema.org\",\"@graph\":[{\"@type\":\"WebPage\",\"@id\":\"https:\\\/\\\/shopatoa.com\\\/ro\\\/silkn-eliminator-pentru-pielea-intarita-cu-aspiratie-freshpedi-black\\\/\",\"url\":\"https:\\\/\\\/shopatoa.com\\\/ro\\\/silkn-eliminator-pentru-pielea-intarita-cu-aspiratie-freshpedi-black\\\/\",\"name\":\"Silk'n Eliminator pentru pielea \u00eent\u0103rit\u0103 cu aspira\u021bie FreshPedi Black - SHOPATOA.COM\",\"isPartOf\":{\"@id\":\"https:\\\/\\\/shopatoa.com\\\/ro\\\/#website\"},\"primaryImageOfPage\":{\"@id\":\"https:\\\/\\\/shopatoa.com\\\/ro\\\/silkn-eliminator-pentru-pielea-intarita-cu-aspiratie-freshpedi-black\\\/#primaryimage\"},\"image\":{\"@id\":\"https:\\\/\\\/shopatoa.com\\\/ro\\\/silkn-eliminator-pentru-pielea-intarita-cu-aspiratie-freshpedi-black\\\/#primaryimage\"},\"thumbnailUrl\":\"https:\\\/\\\/storage.googleapis.com\\\/cz-shopatoa-img\\\/ro\\\/1d472ed2-unnamed-file.webp\",\"datePublished\":\"2025-04-28T01:51:07+00:00\",\"dateModified\":\"2025-12-09T19:44:55+00:00\",\"breadcrumb\":{\"@id\":\"https:\\\/\\\/shopatoa.com\\\/ro\\\/silkn-eliminator-pentru-pielea-intarita-cu-aspiratie-freshpedi-black\\\/#breadcrumb\"},\"inLanguage\":\"ro-RO\",\"potentialAction\":[{\"@type\":\"ReadAction\",\"target\":[\"https:\\\/\\\/shopatoa.com\\\/ro\\\/silkn-eliminator-pentru-pielea-intarita-cu-aspiratie-freshpedi-black\\\/\"]}]},{\"@type\":\"ImageObject\",\"inLanguage\":\"ro-RO\",\"@id\":\"https:\\\/\\\/shopatoa.com\\\/ro\\\/silkn-eliminator-pentru-pielea-intarita-cu-aspiratie-freshpedi-black\\\/#primaryimage\",\"url\":\"https:\\\/\\\/storage.googleapis.com\\\/cz-shopatoa-img\\\/ro\\\/1d472ed2-unnamed-file.webp\",\"contentUrl\":\"https:\\\/\\\/storage.googleapis.com\\\/cz-shopatoa-img\\\/ro\\\/1d472ed2-unnamed-file.webp\",\"width\":800,\"height\":800},{\"@type\":\"BreadcrumbList\",\"@id\":\"https:\\\/\\\/shopatoa.com\\\/ro\\\/silkn-eliminator-pentru-pielea-intarita-cu-aspiratie-freshpedi-black\\\/#breadcrumb\",\"itemListElement\":[{\"@type\":\"ListItem\",\"position\":1,\"name\":\"Dom\u016f\",\"item\":\"https:\\\/\\\/shopatoa.com\\\/ro\\\/\"},{\"@type\":\"ListItem\",\"position\":2,\"name\":\"Shop\",\"item\":\"https:\\\/\\\/shopatoa.com\\\/ro\\\/shop\\\/\"},{\"@type\":\"ListItem\",\"position\":3,\"name\":\"Cosmetice\",\"item\":\"https:\\\/\\\/shopatoa.com\\\/ro\\\/cosmetice\\\/\"},{\"@type\":\"ListItem\",\"position\":4,\"name\":\"Produse cosmetice pentru corp\",\"item\":\"https:\\\/\\\/shopatoa.com\\\/ro\\\/produse-cosmetice-pentru-corp\\\/\"},{\"@type\":\"ListItem\",\"position\":5,\"name\":\"Produse cosmetice pentru \u00eengrijirea picioarelor\",\"item\":\"https:\\\/\\\/shopatoa.com\\\/ro\\\/produse-cosmetice-pentru-ingrijirea-picioarelor\\\/\"},{\"@type\":\"ListItem\",\"position\":6,\"name\":\"Fi\u0219iere \u0219i peelers picior\",\"item\":\"https:\\\/\\\/shopatoa.com\\\/ro\\\/fisiere-si-peelers-picior\\\/\"},{\"@type\":\"ListItem\",\"position\":7,\"name\":\"Silk&#8217;n Eliminator pentru pielea \u00eent\u0103rit\u0103 cu aspira\u021bie FreshPedi Black\"}]},{\"@type\":\"WebSite\",\"@id\":\"https:\\\/\\\/shopatoa.com\\\/ro\\\/#website\",\"url\":\"https:\\\/\\\/shopatoa.com\\\/ro\\\/\",\"name\":\"SHOPATOA\",\"description\":\"\",\"publisher\":{\"@id\":\"https:\\\/\\\/shopatoa.com\\\/ro\\\/#organization\"},\"potentialAction\":[{\"@type\":\"SearchAction\",\"target\":{\"@type\":\"EntryPoint\",\"urlTemplate\":\"https:\\\/\\\/shopatoa.com\\\/ro\\\/?s={search_term_string}\"},\"query-input\":{\"@type\":\"PropertyValueSpecification\",\"valueRequired\":true,\"valueName\":\"search_term_string\"}}],\"inLanguage\":\"ro-RO\"},{\"@type\":\"Organization\",\"@id\":\"https:\\\/\\\/shopatoa.com\\\/ro\\\/#organization\",\"name\":\"SHOPATOA\",\"url\":\"https:\\\/\\\/shopatoa.com\\\/ro\\\/\",\"logo\":{\"@type\":\"ImageObject\",\"inLanguage\":\"ro-RO\",\"@id\":\"https:\\\/\\\/shopatoa.com\\\/ro\\\/#\\\/schema\\\/logo\\\/image\\\/\",\"url\":\"https:\\\/\\\/storage.googleapis.com\\\/cz-shopatoa-img\\\/ro\\\/b4dac915-shopatoa_logo.png\",\"contentUrl\":\"https:\\\/\\\/storage.googleapis.com\\\/cz-shopatoa-img\\\/ro\\\/b4dac915-shopatoa_logo.png\",\"width\":416,\"height\":63,\"caption\":\"SHOPATOA\"},\"image\":{\"@id\":\"https:\\\/\\\/shopatoa.com\\\/ro\\\/#\\\/schema\\\/logo\\\/image\\\/\"}}]}<\/script>\n<!-- \/ Yoast SEO plugin. -->","yoast_head_json":{"title":"Silk'n Eliminator pentru pielea \u00eent\u0103rit\u0103 cu aspira\u021bie FreshPedi Black - SHOPATOA.COM","robots":{"index":"index","follow":"follow","max-snippet":"max-snippet:-1","max-image-preview":"max-image-preview:large","max-video-preview":"max-video-preview:-1"},"canonical":"https:\/\/shopatoa.com\/ro\/silkn-eliminator-pentru-pielea-intarita-cu-aspiratie-freshpedi-black\/","og_locale":"ro_RO","og_type":"article","og_title":"Silk'n Eliminator pentru pielea \u00eent\u0103rit\u0103 cu aspira\u021bie FreshPedi Black - SHOPATOA.COM","og_description":"Dispozitivul electric de \u00eendep\u0103rtare a calusului rezistent la ap\u0103 func\u021bioneaz\u0103 cu 3 discuri de \u0219lefuit diferite \u0219i un sistem de aspirare pentru a asigura o munc\u0103 lin\u0103 \u0219i f\u0103r\u0103 dezordine. Silk&#8217;n FreshPedi este echipat cu 3 discuri de \u0219lefuit rotative diferite (fine, medii \u0219i grosiere), astfel \u00eenc\u00e2t s\u0103 pute\u021bi alege care este cel mai potrivit...","og_url":"https:\/\/shopatoa.com\/ro\/silkn-eliminator-pentru-pielea-intarita-cu-aspiratie-freshpedi-black\/","og_site_name":"SHOPATOA","article_modified_time":"2025-12-09T19:44:55+00:00","og_image":[{"width":800,"height":800,"url":"https:\/\/storage.googleapis.com\/cz-shopatoa-img\/ro\/1d472ed2-unnamed-file.webp","type":"image\/webp"}],"twitter_card":"summary_large_image","twitter_misc":{"Timp estimat pentru citire":"1 minut"},"schema":{"@context":"https:\/\/schema.org","@graph":[{"@type":"WebPage","@id":"https:\/\/shopatoa.com\/ro\/silkn-eliminator-pentru-pielea-intarita-cu-aspiratie-freshpedi-black\/","url":"https:\/\/shopatoa.com\/ro\/silkn-eliminator-pentru-pielea-intarita-cu-aspiratie-freshpedi-black\/","name":"Silk'n Eliminator pentru pielea \u00eent\u0103rit\u0103 cu aspira\u021bie FreshPedi Black - SHOPATOA.COM","isPartOf":{"@id":"https:\/\/shopatoa.com\/ro\/#website"},"primaryImageOfPage":{"@id":"https:\/\/shopatoa.com\/ro\/silkn-eliminator-pentru-pielea-intarita-cu-aspiratie-freshpedi-black\/#primaryimage"},"image":{"@id":"https:\/\/shopatoa.com\/ro\/silkn-eliminator-pentru-pielea-intarita-cu-aspiratie-freshpedi-black\/#primaryimage"},"thumbnailUrl":"https:\/\/storage.googleapis.com\/cz-shopatoa-img\/ro\/1d472ed2-unnamed-file.webp","datePublished":"2025-04-28T01:51:07+00:00","dateModified":"2025-12-09T19:44:55+00:00","breadcrumb":{"@id":"https:\/\/shopatoa.com\/ro\/silkn-eliminator-pentru-pielea-intarita-cu-aspiratie-freshpedi-black\/#breadcrumb"},"inLanguage":"ro-RO","potentialAction":[{"@type":"ReadAction","target":["https:\/\/shopatoa.com\/ro\/silkn-eliminator-pentru-pielea-intarita-cu-aspiratie-freshpedi-black\/"]}]},{"@type":"ImageObject","inLanguage":"ro-RO","@id":"https:\/\/shopatoa.com\/ro\/silkn-eliminator-pentru-pielea-intarita-cu-aspiratie-freshpedi-black\/#primaryimage","url":"https:\/\/storage.googleapis.com\/cz-shopatoa-img\/ro\/1d472ed2-unnamed-file.webp","contentUrl":"https:\/\/storage.googleapis.com\/cz-shopatoa-img\/ro\/1d472ed2-unnamed-file.webp","width":800,"height":800},{"@type":"BreadcrumbList","@id":"https:\/\/shopatoa.com\/ro\/silkn-eliminator-pentru-pielea-intarita-cu-aspiratie-freshpedi-black\/#breadcrumb","itemListElement":[{"@type":"ListItem","position":1,"name":"Dom\u016f","item":"https:\/\/shopatoa.com\/ro\/"},{"@type":"ListItem","position":2,"name":"Shop","item":"https:\/\/shopatoa.com\/ro\/shop\/"},{"@type":"ListItem","position":3,"name":"Cosmetice","item":"https:\/\/shopatoa.com\/ro\/cosmetice\/"},{"@type":"ListItem","position":4,"name":"Produse cosmetice pentru corp","item":"https:\/\/shopatoa.com\/ro\/produse-cosmetice-pentru-corp\/"},{"@type":"ListItem","position":5,"name":"Produse cosmetice pentru \u00eengrijirea picioarelor","item":"https:\/\/shopatoa.com\/ro\/produse-cosmetice-pentru-ingrijirea-picioarelor\/"},{"@type":"ListItem","position":6,"name":"Fi\u0219iere \u0219i peelers picior","item":"https:\/\/shopatoa.com\/ro\/fisiere-si-peelers-picior\/"},{"@type":"ListItem","position":7,"name":"Silk&#8217;n Eliminator pentru pielea \u00eent\u0103rit\u0103 cu aspira\u021bie FreshPedi Black"}]},{"@type":"WebSite","@id":"https:\/\/shopatoa.com\/ro\/#website","url":"https:\/\/shopatoa.com\/ro\/","name":"SHOPATOA","description":"","publisher":{"@id":"https:\/\/shopatoa.com\/ro\/#organization"},"potentialAction":[{"@type":"SearchAction","target":{"@type":"EntryPoint","urlTemplate":"https:\/\/shopatoa.com\/ro\/?s={search_term_string}"},"query-input":{"@type":"PropertyValueSpecification","valueRequired":true,"valueName":"search_term_string"}}],"inLanguage":"ro-RO"},{"@type":"Organization","@id":"https:\/\/shopatoa.com\/ro\/#organization","name":"SHOPATOA","url":"https:\/\/shopatoa.com\/ro\/","logo":{"@type":"ImageObject","inLanguage":"ro-RO","@id":"https:\/\/shopatoa.com\/ro\/#\/schema\/logo\/image\/","url":"https:\/\/storage.googleapis.com\/cz-shopatoa-img\/ro\/b4dac915-shopatoa_logo.png","contentUrl":"https:\/\/storage.googleapis.com\/cz-shopatoa-img\/ro\/b4dac915-shopatoa_logo.png","width":416,"height":63,"caption":"SHOPATOA"},"image":{"@id":"https:\/\/shopatoa.com\/ro\/#\/schema\/logo\/image\/"}}]}},"_links":{"self":[{"href":"https:\/\/shopatoa.com\/ro\/wp-json\/wp\/v2\/product\/264086","targetHints":{"allow":["GET"]}}],"collection":[{"href":"https:\/\/shopatoa.com\/ro\/wp-json\/wp\/v2\/product"}],"about":[{"href":"https:\/\/shopatoa.com\/ro\/wp-json\/wp\/v2\/types\/product"}],"replies":[{"embeddable":true,"href":"https:\/\/shopatoa.com\/ro\/wp-json\/wp\/v2\/comments?post=264086"}],"wp:featuredmedia":[{"embeddable":true,"href":"https:\/\/shopatoa.com\/ro\/wp-json\/wp\/v2\/media\/340509"}],"wp:attachment":[{"href":"https:\/\/shopatoa.com\/ro\/wp-json\/wp\/v2\/media?parent=264086"}],"wp:term":[{"taxonomy":"product_brand","embeddable":true,"href":"https:\/\/shopatoa.com\/ro\/wp-json\/wp\/v2\/product_brand?post=264086"},{"taxonomy":"product_cat","embeddable":true,"href":"https:\/\/shopatoa.com\/ro\/wp-json\/wp\/v2\/product_cat?post=264086"},{"taxonomy":"product_tag","embeddable":true,"href":"https:\/\/shopatoa.com\/ro\/wp-json\/wp\/v2\/product_tag?post=264086"}],"curies":[{"name":"wp","href":"https:\/\/api.w.org\/{rel}","templated":true}]}}