{"id":264117,"date":"2025-04-28T04:11:00","date_gmt":"2025-04-28T02:11:00","guid":{"rendered":"https:\/\/shopatoa.com\/ro\/invicta-s1-rally-23080\/"},"modified":"2025-10-29T18:52:49","modified_gmt":"2025-10-29T17:52:49","slug":"invicta-s1-rally-23080","status":"publish","type":"product","link":"https:\/\/shopatoa.com\/ro\/invicta-s1-rally-23080\/","title":{"rendered":"Invicta S1 Rally 23080"},"content":{"rendered":"<p>Foarte frumos Invicta de model pentru b\u0103rba\u021bi ceasuri care poart\u0103 23080 design cu totul din o\u021bel. caz ad\u00e2nc cadran din o\u021bel albastru din o\u021bel de \u00eenalt\u0103 calitate pentru rezisten\u021b\u0103. Este de 22 mm l\u0103\u021bime \u0219i care sunt destinate pentru \u00eencheietura m\u00e2inii maxim 21 cm. Cadran din sticl\u0103 mineral\u0103 protejeaz\u0103 \u0219i ceasuri sunt impermeabile la 100 m, de aceea rezista la ap\u0103, chiar dac\u0103 le lua\u021bi de exemplu. La piscina. pies\u0103 elegant\u0103, care va \u00eenc\u00e2nta orice om.<\/p>\n","protected":false},"excerpt":{"rendered":"<p>Foarte frumos Invicta de model pentru b\u0103rba\u021bi ceasuri care poart\u0103 23080 design cu totul din o\u021bel. caz ad\u00e2nc cadran din o\u021bel albastru din o\u021bel de \u00eenalt\u0103 calitate pentru rezisten\u021b\u0103. Este de 22 mm l\u0103\u021bime \u0219i care sunt destinate pentru \u00eencheietura m\u00e2inii maxim 21 cm. Cadran din sticl\u0103 mineral\u0103 protejeaz\u0103 \u0219i ceasuri sunt impermeabile la 100&#8230;<\/p>\n","protected":false},"featured_media":340543,"comment_status":"closed","ping_status":"open","template":"","meta":{"_acf_changed":false,"_kadence_starter_templates_imported_post":false,"_kad_post_transparent":"","_kad_post_title":"","_kad_post_layout":"","_kad_post_sidebar_id":"","_kad_post_content_style":"","_kad_post_vertical_padding":"","_kad_post_feature":"","_kad_post_feature_position":"","_kad_post_header":false,"_kad_post_footer":false,"_kad_post_classname":""},"product_brand":[521],"product_cat":[629,630],"product_tag":[],"class_list":{"0":"post-264117","1":"product","2":"type-product","3":"status-publish","4":"has-post-thumbnail","6":"product_brand-invicta","7":"product_cat-ceasuri","8":"product_cat-ceasuri-analogice","10":"first","11":"instock","12":"product-type-external","13":"entry","14":"content-bg","15":"loop-entry"},"acf":[],"yoast_head":"<!-- This site is optimized with the Yoast SEO plugin v27.4 - https:\/\/yoast.com\/product\/yoast-seo-wordpress\/ -->\n<title>Invicta S1 Rally 23080 - SHOPATOA.COM<\/title>\n<meta name=\"robots\" content=\"index, follow, max-snippet:-1, max-image-preview:large, max-video-preview:-1\" \/>\n<link rel=\"canonical\" href=\"https:\/\/shopatoa.com\/ro\/invicta-s1-rally-23080\/\" \/>\n<meta property=\"og:locale\" content=\"ro_RO\" \/>\n<meta property=\"og:type\" content=\"article\" \/>\n<meta property=\"og:title\" content=\"Invicta S1 Rally 23080 - SHOPATOA.COM\" \/>\n<meta property=\"og:description\" content=\"Foarte frumos Invicta de model pentru b\u0103rba\u021bi ceasuri care poart\u0103 23080 design cu totul din o\u021bel. caz ad\u00e2nc cadran din o\u021bel albastru din o\u021bel de \u00eenalt\u0103 calitate pentru rezisten\u021b\u0103. Este de 22 mm l\u0103\u021bime \u0219i care sunt destinate pentru \u00eencheietura m\u00e2inii maxim 21 cm. Cadran din sticl\u0103 mineral\u0103 protejeaz\u0103 \u0219i ceasuri sunt impermeabile la 100...\" \/>\n<meta property=\"og:url\" content=\"https:\/\/shopatoa.com\/ro\/invicta-s1-rally-23080\/\" \/>\n<meta property=\"og:site_name\" content=\"SHOPATOA\" \/>\n<meta property=\"article:modified_time\" content=\"2025-10-29T17:52:49+00:00\" \/>\n<meta property=\"og:image\" content=\"https:\/\/storage.googleapis.com\/cz-shopatoa-img\/ro\/de330360-unnamed-file.webp\" \/>\n\t<meta property=\"og:image:width\" content=\"800\" \/>\n\t<meta property=\"og:image:height\" content=\"800\" \/>\n\t<meta property=\"og:image:type\" content=\"image\/webp\" \/>\n<meta name=\"twitter:card\" content=\"summary_large_image\" \/>\n<script type=\"application\/ld+json\" class=\"yoast-schema-graph\">{\"@context\":\"https:\\\/\\\/schema.org\",\"@graph\":[{\"@type\":\"WebPage\",\"@id\":\"https:\\\/\\\/shopatoa.com\\\/ro\\\/invicta-s1-rally-23080\\\/\",\"url\":\"https:\\\/\\\/shopatoa.com\\\/ro\\\/invicta-s1-rally-23080\\\/\",\"name\":\"Invicta S1 Rally 23080 - SHOPATOA.COM\",\"isPartOf\":{\"@id\":\"https:\\\/\\\/shopatoa.com\\\/ro\\\/#website\"},\"primaryImageOfPage\":{\"@id\":\"https:\\\/\\\/shopatoa.com\\\/ro\\\/invicta-s1-rally-23080\\\/#primaryimage\"},\"image\":{\"@id\":\"https:\\\/\\\/shopatoa.com\\\/ro\\\/invicta-s1-rally-23080\\\/#primaryimage\"},\"thumbnailUrl\":\"https:\\\/\\\/storage.googleapis.com\\\/cz-shopatoa-img\\\/ro\\\/de330360-unnamed-file.webp\",\"datePublished\":\"2025-04-28T02:11:00+00:00\",\"dateModified\":\"2025-10-29T17:52:49+00:00\",\"breadcrumb\":{\"@id\":\"https:\\\/\\\/shopatoa.com\\\/ro\\\/invicta-s1-rally-23080\\\/#breadcrumb\"},\"inLanguage\":\"ro-RO\",\"potentialAction\":[{\"@type\":\"ReadAction\",\"target\":[\"https:\\\/\\\/shopatoa.com\\\/ro\\\/invicta-s1-rally-23080\\\/\"]}]},{\"@type\":\"ImageObject\",\"inLanguage\":\"ro-RO\",\"@id\":\"https:\\\/\\\/shopatoa.com\\\/ro\\\/invicta-s1-rally-23080\\\/#primaryimage\",\"url\":\"https:\\\/\\\/storage.googleapis.com\\\/cz-shopatoa-img\\\/ro\\\/de330360-unnamed-file.webp\",\"contentUrl\":\"https:\\\/\\\/storage.googleapis.com\\\/cz-shopatoa-img\\\/ro\\\/de330360-unnamed-file.webp\",\"width\":800,\"height\":800},{\"@type\":\"BreadcrumbList\",\"@id\":\"https:\\\/\\\/shopatoa.com\\\/ro\\\/invicta-s1-rally-23080\\\/#breadcrumb\",\"itemListElement\":[{\"@type\":\"ListItem\",\"position\":1,\"name\":\"Dom\u016f\",\"item\":\"https:\\\/\\\/shopatoa.com\\\/ro\\\/\"},{\"@type\":\"ListItem\",\"position\":2,\"name\":\"Shop\",\"item\":\"https:\\\/\\\/shopatoa.com\\\/ro\\\/shop\\\/\"},{\"@type\":\"ListItem\",\"position\":3,\"name\":\"Ceasuri\",\"item\":\"https:\\\/\\\/shopatoa.com\\\/ro\\\/ceasuri\\\/\"},{\"@type\":\"ListItem\",\"position\":4,\"name\":\"Ceasuri analogice\",\"item\":\"https:\\\/\\\/shopatoa.com\\\/ro\\\/ceasuri-analogice\\\/\"},{\"@type\":\"ListItem\",\"position\":5,\"name\":\"Invicta S1 Rally 23080\"}]},{\"@type\":\"WebSite\",\"@id\":\"https:\\\/\\\/shopatoa.com\\\/ro\\\/#website\",\"url\":\"https:\\\/\\\/shopatoa.com\\\/ro\\\/\",\"name\":\"SHOPATOA\",\"description\":\"\",\"publisher\":{\"@id\":\"https:\\\/\\\/shopatoa.com\\\/ro\\\/#organization\"},\"potentialAction\":[{\"@type\":\"SearchAction\",\"target\":{\"@type\":\"EntryPoint\",\"urlTemplate\":\"https:\\\/\\\/shopatoa.com\\\/ro\\\/?s={search_term_string}\"},\"query-input\":{\"@type\":\"PropertyValueSpecification\",\"valueRequired\":true,\"valueName\":\"search_term_string\"}}],\"inLanguage\":\"ro-RO\"},{\"@type\":\"Organization\",\"@id\":\"https:\\\/\\\/shopatoa.com\\\/ro\\\/#organization\",\"name\":\"SHOPATOA\",\"url\":\"https:\\\/\\\/shopatoa.com\\\/ro\\\/\",\"logo\":{\"@type\":\"ImageObject\",\"inLanguage\":\"ro-RO\",\"@id\":\"https:\\\/\\\/shopatoa.com\\\/ro\\\/#\\\/schema\\\/logo\\\/image\\\/\",\"url\":\"https:\\\/\\\/storage.googleapis.com\\\/cz-shopatoa-img\\\/ro\\\/b4dac915-shopatoa_logo.png\",\"contentUrl\":\"https:\\\/\\\/storage.googleapis.com\\\/cz-shopatoa-img\\\/ro\\\/b4dac915-shopatoa_logo.png\",\"width\":416,\"height\":63,\"caption\":\"SHOPATOA\"},\"image\":{\"@id\":\"https:\\\/\\\/shopatoa.com\\\/ro\\\/#\\\/schema\\\/logo\\\/image\\\/\"}}]}<\/script>\n<!-- \/ Yoast SEO plugin. -->","yoast_head_json":{"title":"Invicta S1 Rally 23080 - SHOPATOA.COM","robots":{"index":"index","follow":"follow","max-snippet":"max-snippet:-1","max-image-preview":"max-image-preview:large","max-video-preview":"max-video-preview:-1"},"canonical":"https:\/\/shopatoa.com\/ro\/invicta-s1-rally-23080\/","og_locale":"ro_RO","og_type":"article","og_title":"Invicta S1 Rally 23080 - SHOPATOA.COM","og_description":"Foarte frumos Invicta de model pentru b\u0103rba\u021bi ceasuri care poart\u0103 23080 design cu totul din o\u021bel. caz ad\u00e2nc cadran din o\u021bel albastru din o\u021bel de \u00eenalt\u0103 calitate pentru rezisten\u021b\u0103. Este de 22 mm l\u0103\u021bime \u0219i care sunt destinate pentru \u00eencheietura m\u00e2inii maxim 21 cm. Cadran din sticl\u0103 mineral\u0103 protejeaz\u0103 \u0219i ceasuri sunt impermeabile la 100...","og_url":"https:\/\/shopatoa.com\/ro\/invicta-s1-rally-23080\/","og_site_name":"SHOPATOA","article_modified_time":"2025-10-29T17:52:49+00:00","og_image":[{"width":800,"height":800,"url":"https:\/\/storage.googleapis.com\/cz-shopatoa-img\/ro\/de330360-unnamed-file.webp","type":"image\/webp"}],"twitter_card":"summary_large_image","schema":{"@context":"https:\/\/schema.org","@graph":[{"@type":"WebPage","@id":"https:\/\/shopatoa.com\/ro\/invicta-s1-rally-23080\/","url":"https:\/\/shopatoa.com\/ro\/invicta-s1-rally-23080\/","name":"Invicta S1 Rally 23080 - SHOPATOA.COM","isPartOf":{"@id":"https:\/\/shopatoa.com\/ro\/#website"},"primaryImageOfPage":{"@id":"https:\/\/shopatoa.com\/ro\/invicta-s1-rally-23080\/#primaryimage"},"image":{"@id":"https:\/\/shopatoa.com\/ro\/invicta-s1-rally-23080\/#primaryimage"},"thumbnailUrl":"https:\/\/storage.googleapis.com\/cz-shopatoa-img\/ro\/de330360-unnamed-file.webp","datePublished":"2025-04-28T02:11:00+00:00","dateModified":"2025-10-29T17:52:49+00:00","breadcrumb":{"@id":"https:\/\/shopatoa.com\/ro\/invicta-s1-rally-23080\/#breadcrumb"},"inLanguage":"ro-RO","potentialAction":[{"@type":"ReadAction","target":["https:\/\/shopatoa.com\/ro\/invicta-s1-rally-23080\/"]}]},{"@type":"ImageObject","inLanguage":"ro-RO","@id":"https:\/\/shopatoa.com\/ro\/invicta-s1-rally-23080\/#primaryimage","url":"https:\/\/storage.googleapis.com\/cz-shopatoa-img\/ro\/de330360-unnamed-file.webp","contentUrl":"https:\/\/storage.googleapis.com\/cz-shopatoa-img\/ro\/de330360-unnamed-file.webp","width":800,"height":800},{"@type":"BreadcrumbList","@id":"https:\/\/shopatoa.com\/ro\/invicta-s1-rally-23080\/#breadcrumb","itemListElement":[{"@type":"ListItem","position":1,"name":"Dom\u016f","item":"https:\/\/shopatoa.com\/ro\/"},{"@type":"ListItem","position":2,"name":"Shop","item":"https:\/\/shopatoa.com\/ro\/shop\/"},{"@type":"ListItem","position":3,"name":"Ceasuri","item":"https:\/\/shopatoa.com\/ro\/ceasuri\/"},{"@type":"ListItem","position":4,"name":"Ceasuri analogice","item":"https:\/\/shopatoa.com\/ro\/ceasuri-analogice\/"},{"@type":"ListItem","position":5,"name":"Invicta S1 Rally 23080"}]},{"@type":"WebSite","@id":"https:\/\/shopatoa.com\/ro\/#website","url":"https:\/\/shopatoa.com\/ro\/","name":"SHOPATOA","description":"","publisher":{"@id":"https:\/\/shopatoa.com\/ro\/#organization"},"potentialAction":[{"@type":"SearchAction","target":{"@type":"EntryPoint","urlTemplate":"https:\/\/shopatoa.com\/ro\/?s={search_term_string}"},"query-input":{"@type":"PropertyValueSpecification","valueRequired":true,"valueName":"search_term_string"}}],"inLanguage":"ro-RO"},{"@type":"Organization","@id":"https:\/\/shopatoa.com\/ro\/#organization","name":"SHOPATOA","url":"https:\/\/shopatoa.com\/ro\/","logo":{"@type":"ImageObject","inLanguage":"ro-RO","@id":"https:\/\/shopatoa.com\/ro\/#\/schema\/logo\/image\/","url":"https:\/\/storage.googleapis.com\/cz-shopatoa-img\/ro\/b4dac915-shopatoa_logo.png","contentUrl":"https:\/\/storage.googleapis.com\/cz-shopatoa-img\/ro\/b4dac915-shopatoa_logo.png","width":416,"height":63,"caption":"SHOPATOA"},"image":{"@id":"https:\/\/shopatoa.com\/ro\/#\/schema\/logo\/image\/"}}]}},"_links":{"self":[{"href":"https:\/\/shopatoa.com\/ro\/wp-json\/wp\/v2\/product\/264117","targetHints":{"allow":["GET"]}}],"collection":[{"href":"https:\/\/shopatoa.com\/ro\/wp-json\/wp\/v2\/product"}],"about":[{"href":"https:\/\/shopatoa.com\/ro\/wp-json\/wp\/v2\/types\/product"}],"replies":[{"embeddable":true,"href":"https:\/\/shopatoa.com\/ro\/wp-json\/wp\/v2\/comments?post=264117"}],"wp:featuredmedia":[{"embeddable":true,"href":"https:\/\/shopatoa.com\/ro\/wp-json\/wp\/v2\/media\/340543"}],"wp:attachment":[{"href":"https:\/\/shopatoa.com\/ro\/wp-json\/wp\/v2\/media?parent=264117"}],"wp:term":[{"taxonomy":"product_brand","embeddable":true,"href":"https:\/\/shopatoa.com\/ro\/wp-json\/wp\/v2\/product_brand?post=264117"},{"taxonomy":"product_cat","embeddable":true,"href":"https:\/\/shopatoa.com\/ro\/wp-json\/wp\/v2\/product_cat?post=264117"},{"taxonomy":"product_tag","embeddable":true,"href":"https:\/\/shopatoa.com\/ro\/wp-json\/wp\/v2\/product_tag?post=264117"}],"curies":[{"name":"wp","href":"https:\/\/api.w.org\/{rel}","templated":true}]}}