{"id":264159,"date":"2025-04-28T04:31:47","date_gmt":"2025-04-28T02:31:47","guid":{"rendered":"https:\/\/shopatoa.com\/ro\/dsquared%c2%b2-original-wood-edp-100-ml\/"},"modified":"2025-12-09T18:34:10","modified_gmt":"2025-12-09T17:34:10","slug":"dsquared%c2%b2-original-wood-edp-100-ml","status":"publish","type":"product","link":"https:\/\/shopatoa.com\/ro\/dsquared%c2%b2-original-wood-edp-100-ml\/","title":{"rendered":"Dsquared\u00b2 Original Wood &#8211; EDP 100 ml"},"content":{"rendered":"<p>Original Wood este o ap\u0103 de parfum proasp\u0103t\u0103, lemnoas\u0103, pentru b\u0103rba\u021bi. Flaconul simplu, de culoare maro, ascunde un parfum de elegan\u021b\u0103 masculin\u0103, m\u00e2ndrie \u0219i naturale\u021be. Parfumul carismatic se deschide cu note acvatice, cardamom din Guatemala \u0219i parfumul delicat al frunzelor de violet\u0103. Acordurile inimitabile de cedru se \u00eembin\u0103 cu vetiverul haitian \u0219i bradul argintiu pentru a crea un parfum lemnos unic, care eman\u0103 spiritul nest\u0103vilit al naturii. Notele captivante de patchouli indonezian sunt completate de chihlimbar \u0219i mosc senzual. Parfumul autentic Original Wood v\u0103 d\u0103 \u00eencredere \u0219i v\u0103 face s\u0103 v\u0103 sim\u021bi\u021bi ca \u0219i cum a\u021bi fi st\u0103p\u00e2n pe lume. Parfumul a fost creat de Daphn\u00e9 Bugey \u0219i a fost lansat \u00een 2022.<\/p>\n","protected":false},"excerpt":{"rendered":"<p>Original Wood este o ap\u0103 de parfum proasp\u0103t\u0103, lemnoas\u0103, pentru b\u0103rba\u021bi. Flaconul simplu, de culoare maro, ascunde un parfum de elegan\u021b\u0103 masculin\u0103, m\u00e2ndrie \u0219i naturale\u021be. Parfumul carismatic se deschide cu note acvatice, cardamom din Guatemala \u0219i parfumul delicat al frunzelor de violet\u0103. Acordurile inimitabile de cedru se \u00eembin\u0103 cu vetiverul haitian \u0219i bradul argintiu pentru&#8230;<\/p>\n","protected":false},"featured_media":340584,"comment_status":"closed","ping_status":"open","template":"","meta":{"_acf_changed":false,"_kadence_starter_templates_imported_post":false,"_kad_post_transparent":"","_kad_post_title":"","_kad_post_layout":"","_kad_post_sidebar_id":"","_kad_post_content_style":"","_kad_post_vertical_padding":"","_kad_post_feature":"","_kad_post_feature_position":"","_kad_post_header":false,"_kad_post_footer":false,"_kad_post_classname":""},"product_brand":[908],"product_cat":[619,614],"product_tag":[],"class_list":{"0":"post-264159","1":"product","2":"type-product","3":"status-publish","4":"has-post-thumbnail","6":"product_brand-dsquared","7":"product_cat-ape-de-parfum-edp","8":"product_cat-parfumuri","10":"first","11":"instock","12":"sale","13":"product-type-external","14":"entry","15":"content-bg","16":"loop-entry"},"acf":[],"yoast_head":"<!-- This site is optimized with the Yoast SEO plugin v27.4 - https:\/\/yoast.com\/product\/yoast-seo-wordpress\/ -->\n<title>Dsquared\u00b2 Original Wood - EDP 100 ml - SHOPATOA.COM<\/title>\n<meta name=\"robots\" content=\"index, follow, max-snippet:-1, max-image-preview:large, max-video-preview:-1\" \/>\n<link rel=\"canonical\" href=\"https:\/\/shopatoa.com\/ro\/dsquared\u00b2-original-wood-edp-100-ml\/\" \/>\n<meta property=\"og:locale\" content=\"ro_RO\" \/>\n<meta property=\"og:type\" content=\"article\" \/>\n<meta property=\"og:title\" content=\"Dsquared\u00b2 Original Wood - EDP 100 ml - SHOPATOA.COM\" \/>\n<meta property=\"og:description\" content=\"Original Wood este o ap\u0103 de parfum proasp\u0103t\u0103, lemnoas\u0103, pentru b\u0103rba\u021bi. Flaconul simplu, de culoare maro, ascunde un parfum de elegan\u021b\u0103 masculin\u0103, m\u00e2ndrie \u0219i naturale\u021be. Parfumul carismatic se deschide cu note acvatice, cardamom din Guatemala \u0219i parfumul delicat al frunzelor de violet\u0103. Acordurile inimitabile de cedru se \u00eembin\u0103 cu vetiverul haitian \u0219i bradul argintiu pentru...\" \/>\n<meta property=\"og:url\" content=\"https:\/\/shopatoa.com\/ro\/dsquared\u00b2-original-wood-edp-100-ml\/\" \/>\n<meta property=\"og:site_name\" content=\"SHOPATOA\" \/>\n<meta property=\"article:modified_time\" content=\"2025-12-09T17:34:10+00:00\" \/>\n<meta property=\"og:image\" content=\"https:\/\/storage.googleapis.com\/cz-shopatoa-img\/ro\/06975ef3-unnamed-file.webp\" \/>\n\t<meta property=\"og:image:width\" content=\"800\" \/>\n\t<meta property=\"og:image:height\" content=\"800\" \/>\n\t<meta property=\"og:image:type\" content=\"image\/webp\" \/>\n<meta name=\"twitter:card\" content=\"summary_large_image\" \/>\n<meta name=\"twitter:label1\" content=\"Timp estimat pentru citire\" \/>\n\t<meta name=\"twitter:data1\" content=\"1 minut\" \/>\n<script type=\"application\/ld+json\" class=\"yoast-schema-graph\">{\"@context\":\"https:\\\/\\\/schema.org\",\"@graph\":[{\"@type\":\"WebPage\",\"@id\":\"https:\\\/\\\/shopatoa.com\\\/ro\\\/dsquared%c2%b2-original-wood-edp-100-ml\\\/\",\"url\":\"https:\\\/\\\/shopatoa.com\\\/ro\\\/dsquared%c2%b2-original-wood-edp-100-ml\\\/\",\"name\":\"Dsquared\u00b2 Original Wood - EDP 100 ml - SHOPATOA.COM\",\"isPartOf\":{\"@id\":\"https:\\\/\\\/shopatoa.com\\\/ro\\\/#website\"},\"primaryImageOfPage\":{\"@id\":\"https:\\\/\\\/shopatoa.com\\\/ro\\\/dsquared%c2%b2-original-wood-edp-100-ml\\\/#primaryimage\"},\"image\":{\"@id\":\"https:\\\/\\\/shopatoa.com\\\/ro\\\/dsquared%c2%b2-original-wood-edp-100-ml\\\/#primaryimage\"},\"thumbnailUrl\":\"https:\\\/\\\/storage.googleapis.com\\\/cz-shopatoa-img\\\/ro\\\/06975ef3-unnamed-file.webp\",\"datePublished\":\"2025-04-28T02:31:47+00:00\",\"dateModified\":\"2025-12-09T17:34:10+00:00\",\"breadcrumb\":{\"@id\":\"https:\\\/\\\/shopatoa.com\\\/ro\\\/dsquared%c2%b2-original-wood-edp-100-ml\\\/#breadcrumb\"},\"inLanguage\":\"ro-RO\",\"potentialAction\":[{\"@type\":\"ReadAction\",\"target\":[\"https:\\\/\\\/shopatoa.com\\\/ro\\\/dsquared%c2%b2-original-wood-edp-100-ml\\\/\"]}]},{\"@type\":\"ImageObject\",\"inLanguage\":\"ro-RO\",\"@id\":\"https:\\\/\\\/shopatoa.com\\\/ro\\\/dsquared%c2%b2-original-wood-edp-100-ml\\\/#primaryimage\",\"url\":\"https:\\\/\\\/storage.googleapis.com\\\/cz-shopatoa-img\\\/ro\\\/06975ef3-unnamed-file.webp\",\"contentUrl\":\"https:\\\/\\\/storage.googleapis.com\\\/cz-shopatoa-img\\\/ro\\\/06975ef3-unnamed-file.webp\",\"width\":800,\"height\":800},{\"@type\":\"BreadcrumbList\",\"@id\":\"https:\\\/\\\/shopatoa.com\\\/ro\\\/dsquared%c2%b2-original-wood-edp-100-ml\\\/#breadcrumb\",\"itemListElement\":[{\"@type\":\"ListItem\",\"position\":1,\"name\":\"Dom\u016f\",\"item\":\"https:\\\/\\\/shopatoa.com\\\/ro\\\/\"},{\"@type\":\"ListItem\",\"position\":2,\"name\":\"Shop\",\"item\":\"https:\\\/\\\/shopatoa.com\\\/ro\\\/shop\\\/\"},{\"@type\":\"ListItem\",\"position\":3,\"name\":\"Parfumuri\",\"item\":\"https:\\\/\\\/shopatoa.com\\\/ro\\\/parfumuri\\\/\"},{\"@type\":\"ListItem\",\"position\":4,\"name\":\"Ape de parfum (EDP)\",\"item\":\"https:\\\/\\\/shopatoa.com\\\/ro\\\/ape-de-parfum-edp\\\/\"},{\"@type\":\"ListItem\",\"position\":5,\"name\":\"Dsquared\u00b2 Original Wood &#8211; EDP 100 ml\"}]},{\"@type\":\"WebSite\",\"@id\":\"https:\\\/\\\/shopatoa.com\\\/ro\\\/#website\",\"url\":\"https:\\\/\\\/shopatoa.com\\\/ro\\\/\",\"name\":\"SHOPATOA\",\"description\":\"\",\"publisher\":{\"@id\":\"https:\\\/\\\/shopatoa.com\\\/ro\\\/#organization\"},\"potentialAction\":[{\"@type\":\"SearchAction\",\"target\":{\"@type\":\"EntryPoint\",\"urlTemplate\":\"https:\\\/\\\/shopatoa.com\\\/ro\\\/?s={search_term_string}\"},\"query-input\":{\"@type\":\"PropertyValueSpecification\",\"valueRequired\":true,\"valueName\":\"search_term_string\"}}],\"inLanguage\":\"ro-RO\"},{\"@type\":\"Organization\",\"@id\":\"https:\\\/\\\/shopatoa.com\\\/ro\\\/#organization\",\"name\":\"SHOPATOA\",\"url\":\"https:\\\/\\\/shopatoa.com\\\/ro\\\/\",\"logo\":{\"@type\":\"ImageObject\",\"inLanguage\":\"ro-RO\",\"@id\":\"https:\\\/\\\/shopatoa.com\\\/ro\\\/#\\\/schema\\\/logo\\\/image\\\/\",\"url\":\"https:\\\/\\\/storage.googleapis.com\\\/cz-shopatoa-img\\\/ro\\\/b4dac915-shopatoa_logo.png\",\"contentUrl\":\"https:\\\/\\\/storage.googleapis.com\\\/cz-shopatoa-img\\\/ro\\\/b4dac915-shopatoa_logo.png\",\"width\":416,\"height\":63,\"caption\":\"SHOPATOA\"},\"image\":{\"@id\":\"https:\\\/\\\/shopatoa.com\\\/ro\\\/#\\\/schema\\\/logo\\\/image\\\/\"}}]}<\/script>\n<!-- \/ Yoast SEO plugin. -->","yoast_head_json":{"title":"Dsquared\u00b2 Original Wood - EDP 100 ml - SHOPATOA.COM","robots":{"index":"index","follow":"follow","max-snippet":"max-snippet:-1","max-image-preview":"max-image-preview:large","max-video-preview":"max-video-preview:-1"},"canonical":"https:\/\/shopatoa.com\/ro\/dsquared\u00b2-original-wood-edp-100-ml\/","og_locale":"ro_RO","og_type":"article","og_title":"Dsquared\u00b2 Original Wood - EDP 100 ml - SHOPATOA.COM","og_description":"Original Wood este o ap\u0103 de parfum proasp\u0103t\u0103, lemnoas\u0103, pentru b\u0103rba\u021bi. Flaconul simplu, de culoare maro, ascunde un parfum de elegan\u021b\u0103 masculin\u0103, m\u00e2ndrie \u0219i naturale\u021be. Parfumul carismatic se deschide cu note acvatice, cardamom din Guatemala \u0219i parfumul delicat al frunzelor de violet\u0103. Acordurile inimitabile de cedru se \u00eembin\u0103 cu vetiverul haitian \u0219i bradul argintiu pentru...","og_url":"https:\/\/shopatoa.com\/ro\/dsquared\u00b2-original-wood-edp-100-ml\/","og_site_name":"SHOPATOA","article_modified_time":"2025-12-09T17:34:10+00:00","og_image":[{"width":800,"height":800,"url":"https:\/\/storage.googleapis.com\/cz-shopatoa-img\/ro\/06975ef3-unnamed-file.webp","type":"image\/webp"}],"twitter_card":"summary_large_image","twitter_misc":{"Timp estimat pentru citire":"1 minut"},"schema":{"@context":"https:\/\/schema.org","@graph":[{"@type":"WebPage","@id":"https:\/\/shopatoa.com\/ro\/dsquared%c2%b2-original-wood-edp-100-ml\/","url":"https:\/\/shopatoa.com\/ro\/dsquared%c2%b2-original-wood-edp-100-ml\/","name":"Dsquared\u00b2 Original Wood - EDP 100 ml - SHOPATOA.COM","isPartOf":{"@id":"https:\/\/shopatoa.com\/ro\/#website"},"primaryImageOfPage":{"@id":"https:\/\/shopatoa.com\/ro\/dsquared%c2%b2-original-wood-edp-100-ml\/#primaryimage"},"image":{"@id":"https:\/\/shopatoa.com\/ro\/dsquared%c2%b2-original-wood-edp-100-ml\/#primaryimage"},"thumbnailUrl":"https:\/\/storage.googleapis.com\/cz-shopatoa-img\/ro\/06975ef3-unnamed-file.webp","datePublished":"2025-04-28T02:31:47+00:00","dateModified":"2025-12-09T17:34:10+00:00","breadcrumb":{"@id":"https:\/\/shopatoa.com\/ro\/dsquared%c2%b2-original-wood-edp-100-ml\/#breadcrumb"},"inLanguage":"ro-RO","potentialAction":[{"@type":"ReadAction","target":["https:\/\/shopatoa.com\/ro\/dsquared%c2%b2-original-wood-edp-100-ml\/"]}]},{"@type":"ImageObject","inLanguage":"ro-RO","@id":"https:\/\/shopatoa.com\/ro\/dsquared%c2%b2-original-wood-edp-100-ml\/#primaryimage","url":"https:\/\/storage.googleapis.com\/cz-shopatoa-img\/ro\/06975ef3-unnamed-file.webp","contentUrl":"https:\/\/storage.googleapis.com\/cz-shopatoa-img\/ro\/06975ef3-unnamed-file.webp","width":800,"height":800},{"@type":"BreadcrumbList","@id":"https:\/\/shopatoa.com\/ro\/dsquared%c2%b2-original-wood-edp-100-ml\/#breadcrumb","itemListElement":[{"@type":"ListItem","position":1,"name":"Dom\u016f","item":"https:\/\/shopatoa.com\/ro\/"},{"@type":"ListItem","position":2,"name":"Shop","item":"https:\/\/shopatoa.com\/ro\/shop\/"},{"@type":"ListItem","position":3,"name":"Parfumuri","item":"https:\/\/shopatoa.com\/ro\/parfumuri\/"},{"@type":"ListItem","position":4,"name":"Ape de parfum (EDP)","item":"https:\/\/shopatoa.com\/ro\/ape-de-parfum-edp\/"},{"@type":"ListItem","position":5,"name":"Dsquared\u00b2 Original Wood &#8211; EDP 100 ml"}]},{"@type":"WebSite","@id":"https:\/\/shopatoa.com\/ro\/#website","url":"https:\/\/shopatoa.com\/ro\/","name":"SHOPATOA","description":"","publisher":{"@id":"https:\/\/shopatoa.com\/ro\/#organization"},"potentialAction":[{"@type":"SearchAction","target":{"@type":"EntryPoint","urlTemplate":"https:\/\/shopatoa.com\/ro\/?s={search_term_string}"},"query-input":{"@type":"PropertyValueSpecification","valueRequired":true,"valueName":"search_term_string"}}],"inLanguage":"ro-RO"},{"@type":"Organization","@id":"https:\/\/shopatoa.com\/ro\/#organization","name":"SHOPATOA","url":"https:\/\/shopatoa.com\/ro\/","logo":{"@type":"ImageObject","inLanguage":"ro-RO","@id":"https:\/\/shopatoa.com\/ro\/#\/schema\/logo\/image\/","url":"https:\/\/storage.googleapis.com\/cz-shopatoa-img\/ro\/b4dac915-shopatoa_logo.png","contentUrl":"https:\/\/storage.googleapis.com\/cz-shopatoa-img\/ro\/b4dac915-shopatoa_logo.png","width":416,"height":63,"caption":"SHOPATOA"},"image":{"@id":"https:\/\/shopatoa.com\/ro\/#\/schema\/logo\/image\/"}}]}},"_links":{"self":[{"href":"https:\/\/shopatoa.com\/ro\/wp-json\/wp\/v2\/product\/264159","targetHints":{"allow":["GET"]}}],"collection":[{"href":"https:\/\/shopatoa.com\/ro\/wp-json\/wp\/v2\/product"}],"about":[{"href":"https:\/\/shopatoa.com\/ro\/wp-json\/wp\/v2\/types\/product"}],"replies":[{"embeddable":true,"href":"https:\/\/shopatoa.com\/ro\/wp-json\/wp\/v2\/comments?post=264159"}],"wp:featuredmedia":[{"embeddable":true,"href":"https:\/\/shopatoa.com\/ro\/wp-json\/wp\/v2\/media\/340584"}],"wp:attachment":[{"href":"https:\/\/shopatoa.com\/ro\/wp-json\/wp\/v2\/media?parent=264159"}],"wp:term":[{"taxonomy":"product_brand","embeddable":true,"href":"https:\/\/shopatoa.com\/ro\/wp-json\/wp\/v2\/product_brand?post=264159"},{"taxonomy":"product_cat","embeddable":true,"href":"https:\/\/shopatoa.com\/ro\/wp-json\/wp\/v2\/product_cat?post=264159"},{"taxonomy":"product_tag","embeddable":true,"href":"https:\/\/shopatoa.com\/ro\/wp-json\/wp\/v2\/product_tag?post=264159"}],"curies":[{"name":"wp","href":"https:\/\/api.w.org\/{rel}","templated":true}]}}