{"id":264254,"date":"2025-04-28T05:11:57","date_gmt":"2025-04-28T03:11:57","guid":{"rendered":"https:\/\/shopatoa.com\/ro\/beurer-set-de-manichiura-si-pedichiura-mp52\/"},"modified":"2025-12-09T14:14:18","modified_gmt":"2025-12-09T13:14:18","slug":"beurer-set-de-manichiura-si-pedichiura-mp52","status":"publish","type":"product","link":"https:\/\/shopatoa.com\/ro\/beurer-set-de-manichiura-si-pedichiura-mp52\/","title":{"rendered":"Beurer Set de manichiur\u0103 \u0219i pedichiur\u0103 MP52"},"content":{"rendered":"<p>Dispozitivul extra sub\u021bire cu o form\u0103 ergonomic\u0103 se potrive\u0219te confortabil \u00een m\u00e2n\u0103 \u0219i permite pilirea precis\u0103 a unghiilor. Ata\u0219amente: roata de safir, con de safir cu granula\u021bie fin\u0103, con de safir cu granula\u021bie grosier\u0103, con de p\u00e2sl\u0103, t\u0103ietor \u00een form\u0103 de flac\u0103r\u0103, t\u0103ietor rotund de safir, ata\u0219ament pentru ata\u0219amente de \u0219mirghel, inclusiv 10 ata\u0219amente de unic\u0103 folosin\u021b\u0103 din h\u00e2rtie \u0219mirghel.<\/p>\n","protected":false},"excerpt":{"rendered":"<p>Dispozitivul extra sub\u021bire cu o form\u0103 ergonomic\u0103 se potrive\u0219te confortabil \u00een m\u00e2n\u0103 \u0219i permite pilirea precis\u0103 a unghiilor. Ata\u0219amente: roata de safir, con de safir cu granula\u021bie fin\u0103, con de safir cu granula\u021bie grosier\u0103, con de p\u00e2sl\u0103, t\u0103ietor \u00een form\u0103 de flac\u0103r\u0103, t\u0103ietor rotund de safir, ata\u0219ament pentru ata\u0219amente de \u0219mirghel, inclusiv 10 ata\u0219amente de&#8230;<\/p>\n","protected":false},"featured_media":340675,"comment_status":"closed","ping_status":"open","template":"","meta":{"_acf_changed":false,"_kadence_starter_templates_imported_post":false,"_kad_post_transparent":"","_kad_post_title":"","_kad_post_layout":"","_kad_post_sidebar_id":"","_kad_post_content_style":"","_kad_post_vertical_padding":"","_kad_post_feature":"","_kad_post_feature_position":"","_kad_post_header":false,"_kad_post_footer":false,"_kad_post_classname":""},"product_brand":[352],"product_cat":[246,697,698,611],"product_tag":[],"class_list":{"0":"post-264254","1":"product","2":"type-product","3":"status-publish","4":"has-post-thumbnail","6":"product_brand-beurer","7":"product_cat-cosmetice","8":"product_cat-manichiura-si-pedichiura","9":"product_cat-manichiuri","10":"product_cat-produse-cosmetice-pentru-corp","12":"first","13":"instock","14":"product-type-external","15":"entry","16":"content-bg","17":"loop-entry"},"acf":[],"yoast_head":"<!-- This site is optimized with the Yoast SEO plugin v27.4 - https:\/\/yoast.com\/product\/yoast-seo-wordpress\/ -->\n<title>Beurer Set de manichiur\u0103 \u0219i pedichiur\u0103 MP52 - SHOPATOA.COM<\/title>\n<meta name=\"robots\" content=\"index, follow, max-snippet:-1, max-image-preview:large, max-video-preview:-1\" \/>\n<link rel=\"canonical\" href=\"https:\/\/shopatoa.com\/ro\/beurer-set-de-manichiura-si-pedichiura-mp52\/\" \/>\n<meta property=\"og:locale\" content=\"ro_RO\" \/>\n<meta property=\"og:type\" content=\"article\" \/>\n<meta property=\"og:title\" content=\"Beurer Set de manichiur\u0103 \u0219i pedichiur\u0103 MP52 - SHOPATOA.COM\" \/>\n<meta property=\"og:description\" content=\"Dispozitivul extra sub\u021bire cu o form\u0103 ergonomic\u0103 se potrive\u0219te confortabil \u00een m\u00e2n\u0103 \u0219i permite pilirea precis\u0103 a unghiilor. Ata\u0219amente: roata de safir, con de safir cu granula\u021bie fin\u0103, con de safir cu granula\u021bie grosier\u0103, con de p\u00e2sl\u0103, t\u0103ietor \u00een form\u0103 de flac\u0103r\u0103, t\u0103ietor rotund de safir, ata\u0219ament pentru ata\u0219amente de \u0219mirghel, inclusiv 10 ata\u0219amente de...\" \/>\n<meta property=\"og:url\" content=\"https:\/\/shopatoa.com\/ro\/beurer-set-de-manichiura-si-pedichiura-mp52\/\" \/>\n<meta property=\"og:site_name\" content=\"SHOPATOA\" \/>\n<meta property=\"article:modified_time\" content=\"2025-12-09T13:14:18+00:00\" \/>\n<meta property=\"og:image\" content=\"https:\/\/storage.googleapis.com\/cz-shopatoa-img\/ro\/d7b40a83-unnamed-file.webp\" \/>\n\t<meta property=\"og:image:width\" content=\"800\" \/>\n\t<meta property=\"og:image:height\" content=\"800\" \/>\n\t<meta property=\"og:image:type\" content=\"image\/webp\" \/>\n<meta name=\"twitter:card\" content=\"summary_large_image\" \/>\n<script type=\"application\/ld+json\" class=\"yoast-schema-graph\">{\"@context\":\"https:\\\/\\\/schema.org\",\"@graph\":[{\"@type\":\"WebPage\",\"@id\":\"https:\\\/\\\/shopatoa.com\\\/ro\\\/beurer-set-de-manichiura-si-pedichiura-mp52\\\/\",\"url\":\"https:\\\/\\\/shopatoa.com\\\/ro\\\/beurer-set-de-manichiura-si-pedichiura-mp52\\\/\",\"name\":\"Beurer Set de manichiur\u0103 \u0219i pedichiur\u0103 MP52 - SHOPATOA.COM\",\"isPartOf\":{\"@id\":\"https:\\\/\\\/shopatoa.com\\\/ro\\\/#website\"},\"primaryImageOfPage\":{\"@id\":\"https:\\\/\\\/shopatoa.com\\\/ro\\\/beurer-set-de-manichiura-si-pedichiura-mp52\\\/#primaryimage\"},\"image\":{\"@id\":\"https:\\\/\\\/shopatoa.com\\\/ro\\\/beurer-set-de-manichiura-si-pedichiura-mp52\\\/#primaryimage\"},\"thumbnailUrl\":\"https:\\\/\\\/storage.googleapis.com\\\/cz-shopatoa-img\\\/ro\\\/d7b40a83-unnamed-file.webp\",\"datePublished\":\"2025-04-28T03:11:57+00:00\",\"dateModified\":\"2025-12-09T13:14:18+00:00\",\"breadcrumb\":{\"@id\":\"https:\\\/\\\/shopatoa.com\\\/ro\\\/beurer-set-de-manichiura-si-pedichiura-mp52\\\/#breadcrumb\"},\"inLanguage\":\"ro-RO\",\"potentialAction\":[{\"@type\":\"ReadAction\",\"target\":[\"https:\\\/\\\/shopatoa.com\\\/ro\\\/beurer-set-de-manichiura-si-pedichiura-mp52\\\/\"]}]},{\"@type\":\"ImageObject\",\"inLanguage\":\"ro-RO\",\"@id\":\"https:\\\/\\\/shopatoa.com\\\/ro\\\/beurer-set-de-manichiura-si-pedichiura-mp52\\\/#primaryimage\",\"url\":\"https:\\\/\\\/storage.googleapis.com\\\/cz-shopatoa-img\\\/ro\\\/d7b40a83-unnamed-file.webp\",\"contentUrl\":\"https:\\\/\\\/storage.googleapis.com\\\/cz-shopatoa-img\\\/ro\\\/d7b40a83-unnamed-file.webp\",\"width\":800,\"height\":800},{\"@type\":\"BreadcrumbList\",\"@id\":\"https:\\\/\\\/shopatoa.com\\\/ro\\\/beurer-set-de-manichiura-si-pedichiura-mp52\\\/#breadcrumb\",\"itemListElement\":[{\"@type\":\"ListItem\",\"position\":1,\"name\":\"Dom\u016f\",\"item\":\"https:\\\/\\\/shopatoa.com\\\/ro\\\/\"},{\"@type\":\"ListItem\",\"position\":2,\"name\":\"Shop\",\"item\":\"https:\\\/\\\/shopatoa.com\\\/ro\\\/shop\\\/\"},{\"@type\":\"ListItem\",\"position\":3,\"name\":\"Cosmetice\",\"item\":\"https:\\\/\\\/shopatoa.com\\\/ro\\\/cosmetice\\\/\"},{\"@type\":\"ListItem\",\"position\":4,\"name\":\"Produse cosmetice pentru corp\",\"item\":\"https:\\\/\\\/shopatoa.com\\\/ro\\\/produse-cosmetice-pentru-corp\\\/\"},{\"@type\":\"ListItem\",\"position\":5,\"name\":\"Manichiura si pedichiura\",\"item\":\"https:\\\/\\\/shopatoa.com\\\/ro\\\/manichiura-si-pedichiura\\\/\"},{\"@type\":\"ListItem\",\"position\":6,\"name\":\"Manichiuri\",\"item\":\"https:\\\/\\\/shopatoa.com\\\/ro\\\/manichiuri\\\/\"},{\"@type\":\"ListItem\",\"position\":7,\"name\":\"Beurer Set de manichiur\u0103 \u0219i pedichiur\u0103 MP52\"}]},{\"@type\":\"WebSite\",\"@id\":\"https:\\\/\\\/shopatoa.com\\\/ro\\\/#website\",\"url\":\"https:\\\/\\\/shopatoa.com\\\/ro\\\/\",\"name\":\"SHOPATOA\",\"description\":\"\",\"publisher\":{\"@id\":\"https:\\\/\\\/shopatoa.com\\\/ro\\\/#organization\"},\"potentialAction\":[{\"@type\":\"SearchAction\",\"target\":{\"@type\":\"EntryPoint\",\"urlTemplate\":\"https:\\\/\\\/shopatoa.com\\\/ro\\\/?s={search_term_string}\"},\"query-input\":{\"@type\":\"PropertyValueSpecification\",\"valueRequired\":true,\"valueName\":\"search_term_string\"}}],\"inLanguage\":\"ro-RO\"},{\"@type\":\"Organization\",\"@id\":\"https:\\\/\\\/shopatoa.com\\\/ro\\\/#organization\",\"name\":\"SHOPATOA\",\"url\":\"https:\\\/\\\/shopatoa.com\\\/ro\\\/\",\"logo\":{\"@type\":\"ImageObject\",\"inLanguage\":\"ro-RO\",\"@id\":\"https:\\\/\\\/shopatoa.com\\\/ro\\\/#\\\/schema\\\/logo\\\/image\\\/\",\"url\":\"https:\\\/\\\/storage.googleapis.com\\\/cz-shopatoa-img\\\/ro\\\/b4dac915-shopatoa_logo.png\",\"contentUrl\":\"https:\\\/\\\/storage.googleapis.com\\\/cz-shopatoa-img\\\/ro\\\/b4dac915-shopatoa_logo.png\",\"width\":416,\"height\":63,\"caption\":\"SHOPATOA\"},\"image\":{\"@id\":\"https:\\\/\\\/shopatoa.com\\\/ro\\\/#\\\/schema\\\/logo\\\/image\\\/\"}}]}<\/script>\n<!-- \/ Yoast SEO plugin. -->","yoast_head_json":{"title":"Beurer Set de manichiur\u0103 \u0219i pedichiur\u0103 MP52 - SHOPATOA.COM","robots":{"index":"index","follow":"follow","max-snippet":"max-snippet:-1","max-image-preview":"max-image-preview:large","max-video-preview":"max-video-preview:-1"},"canonical":"https:\/\/shopatoa.com\/ro\/beurer-set-de-manichiura-si-pedichiura-mp52\/","og_locale":"ro_RO","og_type":"article","og_title":"Beurer Set de manichiur\u0103 \u0219i pedichiur\u0103 MP52 - SHOPATOA.COM","og_description":"Dispozitivul extra sub\u021bire cu o form\u0103 ergonomic\u0103 se potrive\u0219te confortabil \u00een m\u00e2n\u0103 \u0219i permite pilirea precis\u0103 a unghiilor. Ata\u0219amente: roata de safir, con de safir cu granula\u021bie fin\u0103, con de safir cu granula\u021bie grosier\u0103, con de p\u00e2sl\u0103, t\u0103ietor \u00een form\u0103 de flac\u0103r\u0103, t\u0103ietor rotund de safir, ata\u0219ament pentru ata\u0219amente de \u0219mirghel, inclusiv 10 ata\u0219amente de...","og_url":"https:\/\/shopatoa.com\/ro\/beurer-set-de-manichiura-si-pedichiura-mp52\/","og_site_name":"SHOPATOA","article_modified_time":"2025-12-09T13:14:18+00:00","og_image":[{"width":800,"height":800,"url":"https:\/\/storage.googleapis.com\/cz-shopatoa-img\/ro\/d7b40a83-unnamed-file.webp","type":"image\/webp"}],"twitter_card":"summary_large_image","schema":{"@context":"https:\/\/schema.org","@graph":[{"@type":"WebPage","@id":"https:\/\/shopatoa.com\/ro\/beurer-set-de-manichiura-si-pedichiura-mp52\/","url":"https:\/\/shopatoa.com\/ro\/beurer-set-de-manichiura-si-pedichiura-mp52\/","name":"Beurer Set de manichiur\u0103 \u0219i pedichiur\u0103 MP52 - SHOPATOA.COM","isPartOf":{"@id":"https:\/\/shopatoa.com\/ro\/#website"},"primaryImageOfPage":{"@id":"https:\/\/shopatoa.com\/ro\/beurer-set-de-manichiura-si-pedichiura-mp52\/#primaryimage"},"image":{"@id":"https:\/\/shopatoa.com\/ro\/beurer-set-de-manichiura-si-pedichiura-mp52\/#primaryimage"},"thumbnailUrl":"https:\/\/storage.googleapis.com\/cz-shopatoa-img\/ro\/d7b40a83-unnamed-file.webp","datePublished":"2025-04-28T03:11:57+00:00","dateModified":"2025-12-09T13:14:18+00:00","breadcrumb":{"@id":"https:\/\/shopatoa.com\/ro\/beurer-set-de-manichiura-si-pedichiura-mp52\/#breadcrumb"},"inLanguage":"ro-RO","potentialAction":[{"@type":"ReadAction","target":["https:\/\/shopatoa.com\/ro\/beurer-set-de-manichiura-si-pedichiura-mp52\/"]}]},{"@type":"ImageObject","inLanguage":"ro-RO","@id":"https:\/\/shopatoa.com\/ro\/beurer-set-de-manichiura-si-pedichiura-mp52\/#primaryimage","url":"https:\/\/storage.googleapis.com\/cz-shopatoa-img\/ro\/d7b40a83-unnamed-file.webp","contentUrl":"https:\/\/storage.googleapis.com\/cz-shopatoa-img\/ro\/d7b40a83-unnamed-file.webp","width":800,"height":800},{"@type":"BreadcrumbList","@id":"https:\/\/shopatoa.com\/ro\/beurer-set-de-manichiura-si-pedichiura-mp52\/#breadcrumb","itemListElement":[{"@type":"ListItem","position":1,"name":"Dom\u016f","item":"https:\/\/shopatoa.com\/ro\/"},{"@type":"ListItem","position":2,"name":"Shop","item":"https:\/\/shopatoa.com\/ro\/shop\/"},{"@type":"ListItem","position":3,"name":"Cosmetice","item":"https:\/\/shopatoa.com\/ro\/cosmetice\/"},{"@type":"ListItem","position":4,"name":"Produse cosmetice pentru corp","item":"https:\/\/shopatoa.com\/ro\/produse-cosmetice-pentru-corp\/"},{"@type":"ListItem","position":5,"name":"Manichiura si pedichiura","item":"https:\/\/shopatoa.com\/ro\/manichiura-si-pedichiura\/"},{"@type":"ListItem","position":6,"name":"Manichiuri","item":"https:\/\/shopatoa.com\/ro\/manichiuri\/"},{"@type":"ListItem","position":7,"name":"Beurer Set de manichiur\u0103 \u0219i pedichiur\u0103 MP52"}]},{"@type":"WebSite","@id":"https:\/\/shopatoa.com\/ro\/#website","url":"https:\/\/shopatoa.com\/ro\/","name":"SHOPATOA","description":"","publisher":{"@id":"https:\/\/shopatoa.com\/ro\/#organization"},"potentialAction":[{"@type":"SearchAction","target":{"@type":"EntryPoint","urlTemplate":"https:\/\/shopatoa.com\/ro\/?s={search_term_string}"},"query-input":{"@type":"PropertyValueSpecification","valueRequired":true,"valueName":"search_term_string"}}],"inLanguage":"ro-RO"},{"@type":"Organization","@id":"https:\/\/shopatoa.com\/ro\/#organization","name":"SHOPATOA","url":"https:\/\/shopatoa.com\/ro\/","logo":{"@type":"ImageObject","inLanguage":"ro-RO","@id":"https:\/\/shopatoa.com\/ro\/#\/schema\/logo\/image\/","url":"https:\/\/storage.googleapis.com\/cz-shopatoa-img\/ro\/b4dac915-shopatoa_logo.png","contentUrl":"https:\/\/storage.googleapis.com\/cz-shopatoa-img\/ro\/b4dac915-shopatoa_logo.png","width":416,"height":63,"caption":"SHOPATOA"},"image":{"@id":"https:\/\/shopatoa.com\/ro\/#\/schema\/logo\/image\/"}}]}},"_links":{"self":[{"href":"https:\/\/shopatoa.com\/ro\/wp-json\/wp\/v2\/product\/264254","targetHints":{"allow":["GET"]}}],"collection":[{"href":"https:\/\/shopatoa.com\/ro\/wp-json\/wp\/v2\/product"}],"about":[{"href":"https:\/\/shopatoa.com\/ro\/wp-json\/wp\/v2\/types\/product"}],"replies":[{"embeddable":true,"href":"https:\/\/shopatoa.com\/ro\/wp-json\/wp\/v2\/comments?post=264254"}],"wp:featuredmedia":[{"embeddable":true,"href":"https:\/\/shopatoa.com\/ro\/wp-json\/wp\/v2\/media\/340675"}],"wp:attachment":[{"href":"https:\/\/shopatoa.com\/ro\/wp-json\/wp\/v2\/media?parent=264254"}],"wp:term":[{"taxonomy":"product_brand","embeddable":true,"href":"https:\/\/shopatoa.com\/ro\/wp-json\/wp\/v2\/product_brand?post=264254"},{"taxonomy":"product_cat","embeddable":true,"href":"https:\/\/shopatoa.com\/ro\/wp-json\/wp\/v2\/product_cat?post=264254"},{"taxonomy":"product_tag","embeddable":true,"href":"https:\/\/shopatoa.com\/ro\/wp-json\/wp\/v2\/product_tag?post=264254"}],"curies":[{"name":"wp","href":"https:\/\/api.w.org\/{rel}","templated":true}]}}