{"id":264268,"date":"2025-04-28T05:20:04","date_gmt":"2025-04-28T03:20:04","guid":{"rendered":"https:\/\/shopatoa.com\/ro\/grace-cole-set-cadou-de-ingrijire-corporala-in-punga-cosmetica-mandarina-bergamota-rozmarin-3-buc\/"},"modified":"2025-12-09T13:34:51","modified_gmt":"2025-12-09T12:34:51","slug":"grace-cole-set-cadou-de-ingrijire-corporala-in-punga-cosmetica-mandarina-bergamota-rozmarin-3-buc","status":"publish","type":"product","link":"https:\/\/shopatoa.com\/ro\/grace-cole-set-cadou-de-ingrijire-corporala-in-punga-cosmetica-mandarina-bergamota-rozmarin-3-buc\/","title":{"rendered":"Grace Cole Set cadou de \u00eengrijire corporal\u0103 \u00een punga cosmetic\u0103 Mandarina, Bergamota &amp; Rozmarin 3 buc"},"content":{"rendered":"<p>Setul con\u021bine: Gel de du\u0219 150 ml \u0218ampon pentru p\u0103r \u0219i barb\u0103 50 ml Burete de baie 1 buc Geant\u0103 cosmetic\u0103 1 buc Gel de du\u0219 Cur\u0103\u021b\u0103 delicat pielea f\u0103r\u0103 a o usca. Creeaz\u0103 o spum\u0103 bogat\u0103 \u0219i elimin\u0103 toate impurit\u0103\u021bile de pe piele. \u00cen plus, las\u0103 un parfum masculin de lung\u0103 durat\u0103. Utilizare: Aplica\u021bi pe pielea umed\u0103, spuma\u021bi \u0219i cl\u0103ti\u021bi bine. \u0218ampon pentru p\u0103r \u0219i barb\u0103 \u0218amponul hr\u0103nitor cur\u0103\u021b\u0103 delicat scalpul, confer\u0103 p\u0103rului \u0219i barbei un aspect natural str\u0103lucitor \u0219i s\u0103n\u0103tos. Utilizare: Aplica\u021bi pe p\u0103rul \u0219i scalpul umed, spuma\u021bi \u0219i cl\u0103ti\u021bi. Burete de corp \u00cendep\u0103rteaz\u0103 perfect murd\u0103ria \u0219i impurit\u0103\u021bile de pe piele. \u00cen plus, exfoliaz\u0103 u\u0219or, \u00eendep\u0103rteaz\u0103 pielea moart\u0103 \u0219i maseaz\u0103, promov\u00e2nd astfel circula\u021bia s\u00e2ngelui. Mandarin\u0103, Bergamot\u0103 \u0219i Rozmarin Parfumul masculin \u0219i picant combin\u0103 mandarina, bergamota \u0219i rozmarinul cu note exotice de piper negru, iasomie \u0219i scor\u021bi\u0219oar\u0103, finisate cu un parfum sofisticat de mosc \u0219i ambr\u0103. Nu consuma\u021bi produsul. Evita\u021bi contactul cu ochii, evita\u021bi zona ochilor. \u00centrerupe\u021bi utilizarea la orice semn de iritare. F\u0103r\u0103 parabeni, siliconi \u0219i ftala\u021bi Vegan \u0219i Cruelty free<\/p>\n","protected":false},"excerpt":{"rendered":"<p>Setul con\u021bine: Gel de du\u0219 150 ml \u0218ampon pentru p\u0103r \u0219i barb\u0103 50 ml Burete de baie 1 buc Geant\u0103 cosmetic\u0103 1 buc Gel de du\u0219 Cur\u0103\u021b\u0103 delicat pielea f\u0103r\u0103 a o usca. Creeaz\u0103 o spum\u0103 bogat\u0103 \u0219i elimin\u0103 toate impurit\u0103\u021bile de pe piele. \u00cen plus, las\u0103 un parfum masculin de lung\u0103 durat\u0103. Utilizare: Aplica\u021bi&#8230;<\/p>\n","protected":false},"featured_media":340690,"comment_status":"closed","ping_status":"open","template":"","meta":{"_acf_changed":false,"_kadence_starter_templates_imported_post":false,"_kad_post_transparent":"","_kad_post_title":"","_kad_post_layout":"","_kad_post_sidebar_id":"","_kad_post_content_style":"","_kad_post_vertical_padding":"","_kad_post_feature":"","_kad_post_feature_position":"","_kad_post_header":false,"_kad_post_footer":false,"_kad_post_classname":""},"product_brand":[984],"product_cat":[246,641,611],"product_tag":[],"class_list":{"0":"post-264268","1":"product","2":"type-product","3":"status-publish","4":"has-post-thumbnail","6":"product_brand-grace-cole","7":"product_cat-cosmetice","8":"product_cat-cosmetice-pentru-dus-si-baie","9":"product_cat-produse-cosmetice-pentru-corp","11":"first","12":"instock","13":"sale","14":"product-type-external","15":"entry","16":"content-bg","17":"loop-entry"},"acf":[],"yoast_head":"<!-- This site is optimized with the Yoast SEO plugin v27.4 - https:\/\/yoast.com\/product\/yoast-seo-wordpress\/ -->\n<title>Grace Cole Set cadou de \u00eengrijire corporal\u0103 \u00een punga cosmetic\u0103 Mandarina, Bergamota &amp; Rozmarin 3 buc - SHOPATOA.COM<\/title>\n<meta name=\"robots\" content=\"index, follow, max-snippet:-1, max-image-preview:large, max-video-preview:-1\" \/>\n<link rel=\"canonical\" href=\"https:\/\/shopatoa.com\/ro\/grace-cole-set-cadou-de-ingrijire-corporala-in-punga-cosmetica-mandarina-bergamota-rozmarin-3-buc\/\" \/>\n<meta property=\"og:locale\" content=\"ro_RO\" \/>\n<meta property=\"og:type\" content=\"article\" \/>\n<meta property=\"og:title\" content=\"Grace Cole Set cadou de \u00eengrijire corporal\u0103 \u00een punga cosmetic\u0103 Mandarina, Bergamota &amp; Rozmarin 3 buc - SHOPATOA.COM\" \/>\n<meta property=\"og:description\" content=\"Setul con\u021bine: Gel de du\u0219 150 ml \u0218ampon pentru p\u0103r \u0219i barb\u0103 50 ml Burete de baie 1 buc Geant\u0103 cosmetic\u0103 1 buc Gel de du\u0219 Cur\u0103\u021b\u0103 delicat pielea f\u0103r\u0103 a o usca. Creeaz\u0103 o spum\u0103 bogat\u0103 \u0219i elimin\u0103 toate impurit\u0103\u021bile de pe piele. \u00cen plus, las\u0103 un parfum masculin de lung\u0103 durat\u0103. Utilizare: Aplica\u021bi...\" \/>\n<meta property=\"og:url\" content=\"https:\/\/shopatoa.com\/ro\/grace-cole-set-cadou-de-ingrijire-corporala-in-punga-cosmetica-mandarina-bergamota-rozmarin-3-buc\/\" \/>\n<meta property=\"og:site_name\" content=\"SHOPATOA\" \/>\n<meta property=\"article:modified_time\" content=\"2025-12-09T12:34:51+00:00\" \/>\n<meta property=\"og:image\" content=\"https:\/\/storage.googleapis.com\/cz-shopatoa-img\/ro\/1cf7f587-unnamed-file.webp\" \/>\n\t<meta property=\"og:image:width\" content=\"800\" \/>\n\t<meta property=\"og:image:height\" content=\"800\" \/>\n\t<meta property=\"og:image:type\" content=\"image\/webp\" \/>\n<meta name=\"twitter:card\" content=\"summary_large_image\" \/>\n<meta name=\"twitter:label1\" content=\"Timp estimat pentru citire\" \/>\n\t<meta name=\"twitter:data1\" content=\"1 minut\" \/>\n<script type=\"application\/ld+json\" class=\"yoast-schema-graph\">{\"@context\":\"https:\\\/\\\/schema.org\",\"@graph\":[{\"@type\":\"WebPage\",\"@id\":\"https:\\\/\\\/shopatoa.com\\\/ro\\\/grace-cole-set-cadou-de-ingrijire-corporala-in-punga-cosmetica-mandarina-bergamota-rozmarin-3-buc\\\/\",\"url\":\"https:\\\/\\\/shopatoa.com\\\/ro\\\/grace-cole-set-cadou-de-ingrijire-corporala-in-punga-cosmetica-mandarina-bergamota-rozmarin-3-buc\\\/\",\"name\":\"Grace Cole Set cadou de \u00eengrijire corporal\u0103 \u00een punga cosmetic\u0103 Mandarina, Bergamota & Rozmarin 3 buc - SHOPATOA.COM\",\"isPartOf\":{\"@id\":\"https:\\\/\\\/shopatoa.com\\\/ro\\\/#website\"},\"primaryImageOfPage\":{\"@id\":\"https:\\\/\\\/shopatoa.com\\\/ro\\\/grace-cole-set-cadou-de-ingrijire-corporala-in-punga-cosmetica-mandarina-bergamota-rozmarin-3-buc\\\/#primaryimage\"},\"image\":{\"@id\":\"https:\\\/\\\/shopatoa.com\\\/ro\\\/grace-cole-set-cadou-de-ingrijire-corporala-in-punga-cosmetica-mandarina-bergamota-rozmarin-3-buc\\\/#primaryimage\"},\"thumbnailUrl\":\"https:\\\/\\\/storage.googleapis.com\\\/cz-shopatoa-img\\\/ro\\\/1cf7f587-unnamed-file.webp\",\"datePublished\":\"2025-04-28T03:20:04+00:00\",\"dateModified\":\"2025-12-09T12:34:51+00:00\",\"breadcrumb\":{\"@id\":\"https:\\\/\\\/shopatoa.com\\\/ro\\\/grace-cole-set-cadou-de-ingrijire-corporala-in-punga-cosmetica-mandarina-bergamota-rozmarin-3-buc\\\/#breadcrumb\"},\"inLanguage\":\"ro-RO\",\"potentialAction\":[{\"@type\":\"ReadAction\",\"target\":[\"https:\\\/\\\/shopatoa.com\\\/ro\\\/grace-cole-set-cadou-de-ingrijire-corporala-in-punga-cosmetica-mandarina-bergamota-rozmarin-3-buc\\\/\"]}]},{\"@type\":\"ImageObject\",\"inLanguage\":\"ro-RO\",\"@id\":\"https:\\\/\\\/shopatoa.com\\\/ro\\\/grace-cole-set-cadou-de-ingrijire-corporala-in-punga-cosmetica-mandarina-bergamota-rozmarin-3-buc\\\/#primaryimage\",\"url\":\"https:\\\/\\\/storage.googleapis.com\\\/cz-shopatoa-img\\\/ro\\\/1cf7f587-unnamed-file.webp\",\"contentUrl\":\"https:\\\/\\\/storage.googleapis.com\\\/cz-shopatoa-img\\\/ro\\\/1cf7f587-unnamed-file.webp\",\"width\":800,\"height\":800},{\"@type\":\"BreadcrumbList\",\"@id\":\"https:\\\/\\\/shopatoa.com\\\/ro\\\/grace-cole-set-cadou-de-ingrijire-corporala-in-punga-cosmetica-mandarina-bergamota-rozmarin-3-buc\\\/#breadcrumb\",\"itemListElement\":[{\"@type\":\"ListItem\",\"position\":1,\"name\":\"Dom\u016f\",\"item\":\"https:\\\/\\\/shopatoa.com\\\/ro\\\/\"},{\"@type\":\"ListItem\",\"position\":2,\"name\":\"Shop\",\"item\":\"https:\\\/\\\/shopatoa.com\\\/ro\\\/shop\\\/\"},{\"@type\":\"ListItem\",\"position\":3,\"name\":\"Cosmetice\",\"item\":\"https:\\\/\\\/shopatoa.com\\\/ro\\\/cosmetice\\\/\"},{\"@type\":\"ListItem\",\"position\":4,\"name\":\"Produse cosmetice pentru corp\",\"item\":\"https:\\\/\\\/shopatoa.com\\\/ro\\\/produse-cosmetice-pentru-corp\\\/\"},{\"@type\":\"ListItem\",\"position\":5,\"name\":\"Cosmetice pentru du\u0219 \u0219i baie\",\"item\":\"https:\\\/\\\/shopatoa.com\\\/ro\\\/cosmetice-pentru-dus-si-baie\\\/\"},{\"@type\":\"ListItem\",\"position\":6,\"name\":\"Grace Cole Set cadou de \u00eengrijire corporal\u0103 \u00een punga cosmetic\u0103 Mandarina, Bergamota &amp; Rozmarin 3 buc\"}]},{\"@type\":\"WebSite\",\"@id\":\"https:\\\/\\\/shopatoa.com\\\/ro\\\/#website\",\"url\":\"https:\\\/\\\/shopatoa.com\\\/ro\\\/\",\"name\":\"SHOPATOA\",\"description\":\"\",\"publisher\":{\"@id\":\"https:\\\/\\\/shopatoa.com\\\/ro\\\/#organization\"},\"potentialAction\":[{\"@type\":\"SearchAction\",\"target\":{\"@type\":\"EntryPoint\",\"urlTemplate\":\"https:\\\/\\\/shopatoa.com\\\/ro\\\/?s={search_term_string}\"},\"query-input\":{\"@type\":\"PropertyValueSpecification\",\"valueRequired\":true,\"valueName\":\"search_term_string\"}}],\"inLanguage\":\"ro-RO\"},{\"@type\":\"Organization\",\"@id\":\"https:\\\/\\\/shopatoa.com\\\/ro\\\/#organization\",\"name\":\"SHOPATOA\",\"url\":\"https:\\\/\\\/shopatoa.com\\\/ro\\\/\",\"logo\":{\"@type\":\"ImageObject\",\"inLanguage\":\"ro-RO\",\"@id\":\"https:\\\/\\\/shopatoa.com\\\/ro\\\/#\\\/schema\\\/logo\\\/image\\\/\",\"url\":\"https:\\\/\\\/storage.googleapis.com\\\/cz-shopatoa-img\\\/ro\\\/b4dac915-shopatoa_logo.png\",\"contentUrl\":\"https:\\\/\\\/storage.googleapis.com\\\/cz-shopatoa-img\\\/ro\\\/b4dac915-shopatoa_logo.png\",\"width\":416,\"height\":63,\"caption\":\"SHOPATOA\"},\"image\":{\"@id\":\"https:\\\/\\\/shopatoa.com\\\/ro\\\/#\\\/schema\\\/logo\\\/image\\\/\"}}]}<\/script>\n<!-- \/ Yoast SEO plugin. -->","yoast_head_json":{"title":"Grace Cole Set cadou de \u00eengrijire corporal\u0103 \u00een punga cosmetic\u0103 Mandarina, Bergamota & Rozmarin 3 buc - SHOPATOA.COM","robots":{"index":"index","follow":"follow","max-snippet":"max-snippet:-1","max-image-preview":"max-image-preview:large","max-video-preview":"max-video-preview:-1"},"canonical":"https:\/\/shopatoa.com\/ro\/grace-cole-set-cadou-de-ingrijire-corporala-in-punga-cosmetica-mandarina-bergamota-rozmarin-3-buc\/","og_locale":"ro_RO","og_type":"article","og_title":"Grace Cole Set cadou de \u00eengrijire corporal\u0103 \u00een punga cosmetic\u0103 Mandarina, Bergamota & Rozmarin 3 buc - SHOPATOA.COM","og_description":"Setul con\u021bine: Gel de du\u0219 150 ml \u0218ampon pentru p\u0103r \u0219i barb\u0103 50 ml Burete de baie 1 buc Geant\u0103 cosmetic\u0103 1 buc Gel de du\u0219 Cur\u0103\u021b\u0103 delicat pielea f\u0103r\u0103 a o usca. Creeaz\u0103 o spum\u0103 bogat\u0103 \u0219i elimin\u0103 toate impurit\u0103\u021bile de pe piele. \u00cen plus, las\u0103 un parfum masculin de lung\u0103 durat\u0103. Utilizare: Aplica\u021bi...","og_url":"https:\/\/shopatoa.com\/ro\/grace-cole-set-cadou-de-ingrijire-corporala-in-punga-cosmetica-mandarina-bergamota-rozmarin-3-buc\/","og_site_name":"SHOPATOA","article_modified_time":"2025-12-09T12:34:51+00:00","og_image":[{"width":800,"height":800,"url":"https:\/\/storage.googleapis.com\/cz-shopatoa-img\/ro\/1cf7f587-unnamed-file.webp","type":"image\/webp"}],"twitter_card":"summary_large_image","twitter_misc":{"Timp estimat pentru citire":"1 minut"},"schema":{"@context":"https:\/\/schema.org","@graph":[{"@type":"WebPage","@id":"https:\/\/shopatoa.com\/ro\/grace-cole-set-cadou-de-ingrijire-corporala-in-punga-cosmetica-mandarina-bergamota-rozmarin-3-buc\/","url":"https:\/\/shopatoa.com\/ro\/grace-cole-set-cadou-de-ingrijire-corporala-in-punga-cosmetica-mandarina-bergamota-rozmarin-3-buc\/","name":"Grace Cole Set cadou de \u00eengrijire corporal\u0103 \u00een punga cosmetic\u0103 Mandarina, Bergamota & Rozmarin 3 buc - SHOPATOA.COM","isPartOf":{"@id":"https:\/\/shopatoa.com\/ro\/#website"},"primaryImageOfPage":{"@id":"https:\/\/shopatoa.com\/ro\/grace-cole-set-cadou-de-ingrijire-corporala-in-punga-cosmetica-mandarina-bergamota-rozmarin-3-buc\/#primaryimage"},"image":{"@id":"https:\/\/shopatoa.com\/ro\/grace-cole-set-cadou-de-ingrijire-corporala-in-punga-cosmetica-mandarina-bergamota-rozmarin-3-buc\/#primaryimage"},"thumbnailUrl":"https:\/\/storage.googleapis.com\/cz-shopatoa-img\/ro\/1cf7f587-unnamed-file.webp","datePublished":"2025-04-28T03:20:04+00:00","dateModified":"2025-12-09T12:34:51+00:00","breadcrumb":{"@id":"https:\/\/shopatoa.com\/ro\/grace-cole-set-cadou-de-ingrijire-corporala-in-punga-cosmetica-mandarina-bergamota-rozmarin-3-buc\/#breadcrumb"},"inLanguage":"ro-RO","potentialAction":[{"@type":"ReadAction","target":["https:\/\/shopatoa.com\/ro\/grace-cole-set-cadou-de-ingrijire-corporala-in-punga-cosmetica-mandarina-bergamota-rozmarin-3-buc\/"]}]},{"@type":"ImageObject","inLanguage":"ro-RO","@id":"https:\/\/shopatoa.com\/ro\/grace-cole-set-cadou-de-ingrijire-corporala-in-punga-cosmetica-mandarina-bergamota-rozmarin-3-buc\/#primaryimage","url":"https:\/\/storage.googleapis.com\/cz-shopatoa-img\/ro\/1cf7f587-unnamed-file.webp","contentUrl":"https:\/\/storage.googleapis.com\/cz-shopatoa-img\/ro\/1cf7f587-unnamed-file.webp","width":800,"height":800},{"@type":"BreadcrumbList","@id":"https:\/\/shopatoa.com\/ro\/grace-cole-set-cadou-de-ingrijire-corporala-in-punga-cosmetica-mandarina-bergamota-rozmarin-3-buc\/#breadcrumb","itemListElement":[{"@type":"ListItem","position":1,"name":"Dom\u016f","item":"https:\/\/shopatoa.com\/ro\/"},{"@type":"ListItem","position":2,"name":"Shop","item":"https:\/\/shopatoa.com\/ro\/shop\/"},{"@type":"ListItem","position":3,"name":"Cosmetice","item":"https:\/\/shopatoa.com\/ro\/cosmetice\/"},{"@type":"ListItem","position":4,"name":"Produse cosmetice pentru corp","item":"https:\/\/shopatoa.com\/ro\/produse-cosmetice-pentru-corp\/"},{"@type":"ListItem","position":5,"name":"Cosmetice pentru du\u0219 \u0219i baie","item":"https:\/\/shopatoa.com\/ro\/cosmetice-pentru-dus-si-baie\/"},{"@type":"ListItem","position":6,"name":"Grace Cole Set cadou de \u00eengrijire corporal\u0103 \u00een punga cosmetic\u0103 Mandarina, Bergamota &amp; Rozmarin 3 buc"}]},{"@type":"WebSite","@id":"https:\/\/shopatoa.com\/ro\/#website","url":"https:\/\/shopatoa.com\/ro\/","name":"SHOPATOA","description":"","publisher":{"@id":"https:\/\/shopatoa.com\/ro\/#organization"},"potentialAction":[{"@type":"SearchAction","target":{"@type":"EntryPoint","urlTemplate":"https:\/\/shopatoa.com\/ro\/?s={search_term_string}"},"query-input":{"@type":"PropertyValueSpecification","valueRequired":true,"valueName":"search_term_string"}}],"inLanguage":"ro-RO"},{"@type":"Organization","@id":"https:\/\/shopatoa.com\/ro\/#organization","name":"SHOPATOA","url":"https:\/\/shopatoa.com\/ro\/","logo":{"@type":"ImageObject","inLanguage":"ro-RO","@id":"https:\/\/shopatoa.com\/ro\/#\/schema\/logo\/image\/","url":"https:\/\/storage.googleapis.com\/cz-shopatoa-img\/ro\/b4dac915-shopatoa_logo.png","contentUrl":"https:\/\/storage.googleapis.com\/cz-shopatoa-img\/ro\/b4dac915-shopatoa_logo.png","width":416,"height":63,"caption":"SHOPATOA"},"image":{"@id":"https:\/\/shopatoa.com\/ro\/#\/schema\/logo\/image\/"}}]}},"_links":{"self":[{"href":"https:\/\/shopatoa.com\/ro\/wp-json\/wp\/v2\/product\/264268","targetHints":{"allow":["GET"]}}],"collection":[{"href":"https:\/\/shopatoa.com\/ro\/wp-json\/wp\/v2\/product"}],"about":[{"href":"https:\/\/shopatoa.com\/ro\/wp-json\/wp\/v2\/types\/product"}],"replies":[{"embeddable":true,"href":"https:\/\/shopatoa.com\/ro\/wp-json\/wp\/v2\/comments?post=264268"}],"wp:featuredmedia":[{"embeddable":true,"href":"https:\/\/shopatoa.com\/ro\/wp-json\/wp\/v2\/media\/340690"}],"wp:attachment":[{"href":"https:\/\/shopatoa.com\/ro\/wp-json\/wp\/v2\/media?parent=264268"}],"wp:term":[{"taxonomy":"product_brand","embeddable":true,"href":"https:\/\/shopatoa.com\/ro\/wp-json\/wp\/v2\/product_brand?post=264268"},{"taxonomy":"product_cat","embeddable":true,"href":"https:\/\/shopatoa.com\/ro\/wp-json\/wp\/v2\/product_cat?post=264268"},{"taxonomy":"product_tag","embeddable":true,"href":"https:\/\/shopatoa.com\/ro\/wp-json\/wp\/v2\/product_tag?post=264268"}],"curies":[{"name":"wp","href":"https:\/\/api.w.org\/{rel}","templated":true}]}}