{"id":264274,"date":"2025-04-28T05:21:01","date_gmt":"2025-04-28T03:21:01","guid":{"rendered":"https:\/\/shopatoa.com\/ro\/grace-cole-set-cadou-pentru-somn-linistit-pere-floare-de-nectarine-2-buc\/"},"modified":"2025-12-09T13:33:32","modified_gmt":"2025-12-09T12:33:32","slug":"grace-cole-set-cadou-pentru-somn-linistit-pere-floare-de-nectarine-2-buc","status":"publish","type":"product","link":"https:\/\/shopatoa.com\/ro\/grace-cole-set-cadou-pentru-somn-linistit-pere-floare-de-nectarine-2-buc\/","title":{"rendered":"Grace Cole Set cadou pentru somn lini\u0219tit Pere &amp; Floare de nectarine 2 buc"},"content":{"rendered":"<p>Setul con\u021bine: Spray de corp Pere &amp; Floare de nectarina 100 ml Masc\u0103 pentru ochi Spray pentru corp Spray-ul practic pentru corp ofer\u0103 o senza\u021bie de prospe\u021bime \u0219i un parfum de lung\u0103 durat\u0103 pe tot parcursul zilei. Utilizare: Pulveriza\u021bi spray-ul dup\u0103 cum este necesar pe corp sau pe \u00eembr\u0103c\u0103minte. Masc\u0103 pentru ochi Masca moale \u0219i catifelat\u0103 ajut\u0103 la blocarea luminii nepl\u0103cute \u0219i \u00eembun\u0103t\u0103\u021be\u0219te astfel calitatea somnului. Par\u0103 &amp; Floare de nectarin\u0103 Aroma clasic\u0103 de pere \u0219i flori de nectarin\u0103 este completat\u0103 de note citrice de grapefruit \u0219i portocal\u0103, parfum floral de trandafiri \u0219i este finisat\u0103 cu lemn de santal \u0219i vanilie moale. Colec\u021bia modern\u0103 combin\u0103 forme geometrice negre \u0219i aurii pe un fundal de filde\u0219 \u0219i este carismatic\u0103 \u0219i feminin\u0103. Nu consuma\u021bi produsul. Evita\u021bi contactul cu ochii, evita\u021bi zona ochilor. \u00centrerupe\u021bi utilizarea la orice semn de iritare. F\u0103r\u0103 parabeni, siliconi \u0219i ftala\u021bi Vegan \u0219i Cruelty free<\/p>\n","protected":false},"excerpt":{"rendered":"<p>Setul con\u021bine: Spray de corp Pere &amp; Floare de nectarina 100 ml Masc\u0103 pentru ochi Spray pentru corp Spray-ul practic pentru corp ofer\u0103 o senza\u021bie de prospe\u021bime \u0219i un parfum de lung\u0103 durat\u0103 pe tot parcursul zilei. Utilizare: Pulveriza\u021bi spray-ul dup\u0103 cum este necesar pe corp sau pe \u00eembr\u0103c\u0103minte. Masc\u0103 pentru ochi Masca moale \u0219i&#8230;<\/p>\n","protected":false},"featured_media":340696,"comment_status":"closed","ping_status":"open","template":"","meta":{"_acf_changed":false,"_kadence_starter_templates_imported_post":false,"_kad_post_transparent":"","_kad_post_title":"","_kad_post_layout":"","_kad_post_sidebar_id":"","_kad_post_content_style":"","_kad_post_vertical_padding":"","_kad_post_feature":"","_kad_post_feature_position":"","_kad_post_header":false,"_kad_post_footer":false,"_kad_post_classname":""},"product_brand":[984],"product_cat":[612,246,613,611],"product_tag":[],"class_list":{"0":"post-264274","1":"product","2":"type-product","3":"status-publish","4":"has-post-thumbnail","6":"product_brand-grace-cole","7":"product_cat-cosmetica-pentru-ingrijirea-corpului","8":"product_cat-cosmetice","9":"product_cat-nutritia-si-hidratarea-pielii","10":"product_cat-produse-cosmetice-pentru-corp","12":"first","13":"instock","14":"sale","15":"product-type-external","16":"entry","17":"content-bg","18":"loop-entry"},"acf":[],"yoast_head":"<!-- This site is optimized with the Yoast SEO plugin v27.4 - https:\/\/yoast.com\/product\/yoast-seo-wordpress\/ -->\n<title>Grace Cole Set cadou pentru somn lini\u0219tit Pere &amp; Floare de nectarine 2 buc - SHOPATOA.COM<\/title>\n<meta name=\"robots\" content=\"index, follow, max-snippet:-1, max-image-preview:large, max-video-preview:-1\" \/>\n<link rel=\"canonical\" href=\"https:\/\/shopatoa.com\/ro\/grace-cole-set-cadou-pentru-somn-linistit-pere-floare-de-nectarine-2-buc\/\" \/>\n<meta property=\"og:locale\" content=\"ro_RO\" \/>\n<meta property=\"og:type\" content=\"article\" \/>\n<meta property=\"og:title\" content=\"Grace Cole Set cadou pentru somn lini\u0219tit Pere &amp; Floare de nectarine 2 buc - SHOPATOA.COM\" \/>\n<meta property=\"og:description\" content=\"Setul con\u021bine: Spray de corp Pere &amp; Floare de nectarina 100 ml Masc\u0103 pentru ochi Spray pentru corp Spray-ul practic pentru corp ofer\u0103 o senza\u021bie de prospe\u021bime \u0219i un parfum de lung\u0103 durat\u0103 pe tot parcursul zilei. Utilizare: Pulveriza\u021bi spray-ul dup\u0103 cum este necesar pe corp sau pe \u00eembr\u0103c\u0103minte. Masc\u0103 pentru ochi Masca moale \u0219i...\" \/>\n<meta property=\"og:url\" content=\"https:\/\/shopatoa.com\/ro\/grace-cole-set-cadou-pentru-somn-linistit-pere-floare-de-nectarine-2-buc\/\" \/>\n<meta property=\"og:site_name\" content=\"SHOPATOA\" \/>\n<meta property=\"article:modified_time\" content=\"2025-12-09T12:33:32+00:00\" \/>\n<meta property=\"og:image\" content=\"https:\/\/storage.googleapis.com\/cz-shopatoa-img\/ro\/186b20d5-unnamed-file.webp\" \/>\n\t<meta property=\"og:image:width\" content=\"800\" \/>\n\t<meta property=\"og:image:height\" content=\"800\" \/>\n\t<meta property=\"og:image:type\" content=\"image\/webp\" \/>\n<meta name=\"twitter:card\" content=\"summary_large_image\" \/>\n<meta name=\"twitter:label1\" content=\"Timp estimat pentru citire\" \/>\n\t<meta name=\"twitter:data1\" content=\"1 minut\" \/>\n<script type=\"application\/ld+json\" class=\"yoast-schema-graph\">{\"@context\":\"https:\\\/\\\/schema.org\",\"@graph\":[{\"@type\":\"WebPage\",\"@id\":\"https:\\\/\\\/shopatoa.com\\\/ro\\\/grace-cole-set-cadou-pentru-somn-linistit-pere-floare-de-nectarine-2-buc\\\/\",\"url\":\"https:\\\/\\\/shopatoa.com\\\/ro\\\/grace-cole-set-cadou-pentru-somn-linistit-pere-floare-de-nectarine-2-buc\\\/\",\"name\":\"Grace Cole Set cadou pentru somn lini\u0219tit Pere & Floare de nectarine 2 buc - SHOPATOA.COM\",\"isPartOf\":{\"@id\":\"https:\\\/\\\/shopatoa.com\\\/ro\\\/#website\"},\"primaryImageOfPage\":{\"@id\":\"https:\\\/\\\/shopatoa.com\\\/ro\\\/grace-cole-set-cadou-pentru-somn-linistit-pere-floare-de-nectarine-2-buc\\\/#primaryimage\"},\"image\":{\"@id\":\"https:\\\/\\\/shopatoa.com\\\/ro\\\/grace-cole-set-cadou-pentru-somn-linistit-pere-floare-de-nectarine-2-buc\\\/#primaryimage\"},\"thumbnailUrl\":\"https:\\\/\\\/storage.googleapis.com\\\/cz-shopatoa-img\\\/ro\\\/186b20d5-unnamed-file.webp\",\"datePublished\":\"2025-04-28T03:21:01+00:00\",\"dateModified\":\"2025-12-09T12:33:32+00:00\",\"breadcrumb\":{\"@id\":\"https:\\\/\\\/shopatoa.com\\\/ro\\\/grace-cole-set-cadou-pentru-somn-linistit-pere-floare-de-nectarine-2-buc\\\/#breadcrumb\"},\"inLanguage\":\"ro-RO\",\"potentialAction\":[{\"@type\":\"ReadAction\",\"target\":[\"https:\\\/\\\/shopatoa.com\\\/ro\\\/grace-cole-set-cadou-pentru-somn-linistit-pere-floare-de-nectarine-2-buc\\\/\"]}]},{\"@type\":\"ImageObject\",\"inLanguage\":\"ro-RO\",\"@id\":\"https:\\\/\\\/shopatoa.com\\\/ro\\\/grace-cole-set-cadou-pentru-somn-linistit-pere-floare-de-nectarine-2-buc\\\/#primaryimage\",\"url\":\"https:\\\/\\\/storage.googleapis.com\\\/cz-shopatoa-img\\\/ro\\\/186b20d5-unnamed-file.webp\",\"contentUrl\":\"https:\\\/\\\/storage.googleapis.com\\\/cz-shopatoa-img\\\/ro\\\/186b20d5-unnamed-file.webp\",\"width\":800,\"height\":800},{\"@type\":\"BreadcrumbList\",\"@id\":\"https:\\\/\\\/shopatoa.com\\\/ro\\\/grace-cole-set-cadou-pentru-somn-linistit-pere-floare-de-nectarine-2-buc\\\/#breadcrumb\",\"itemListElement\":[{\"@type\":\"ListItem\",\"position\":1,\"name\":\"Dom\u016f\",\"item\":\"https:\\\/\\\/shopatoa.com\\\/ro\\\/\"},{\"@type\":\"ListItem\",\"position\":2,\"name\":\"Shop\",\"item\":\"https:\\\/\\\/shopatoa.com\\\/ro\\\/shop\\\/\"},{\"@type\":\"ListItem\",\"position\":3,\"name\":\"Cosmetice\",\"item\":\"https:\\\/\\\/shopatoa.com\\\/ro\\\/cosmetice\\\/\"},{\"@type\":\"ListItem\",\"position\":4,\"name\":\"Produse cosmetice pentru corp\",\"item\":\"https:\\\/\\\/shopatoa.com\\\/ro\\\/produse-cosmetice-pentru-corp\\\/\"},{\"@type\":\"ListItem\",\"position\":5,\"name\":\"Cosmetica pentru \u00eengrijirea corpului\",\"item\":\"https:\\\/\\\/shopatoa.com\\\/ro\\\/cosmetica-pentru-ingrijirea-corpului\\\/\"},{\"@type\":\"ListItem\",\"position\":6,\"name\":\"Nutri\u021bia si hidratarea pielii\",\"item\":\"https:\\\/\\\/shopatoa.com\\\/ro\\\/nutritia-si-hidratarea-pielii\\\/\"},{\"@type\":\"ListItem\",\"position\":7,\"name\":\"Grace Cole Set cadou pentru somn lini\u0219tit Pere &amp; Floare de nectarine 2 buc\"}]},{\"@type\":\"WebSite\",\"@id\":\"https:\\\/\\\/shopatoa.com\\\/ro\\\/#website\",\"url\":\"https:\\\/\\\/shopatoa.com\\\/ro\\\/\",\"name\":\"SHOPATOA\",\"description\":\"\",\"publisher\":{\"@id\":\"https:\\\/\\\/shopatoa.com\\\/ro\\\/#organization\"},\"potentialAction\":[{\"@type\":\"SearchAction\",\"target\":{\"@type\":\"EntryPoint\",\"urlTemplate\":\"https:\\\/\\\/shopatoa.com\\\/ro\\\/?s={search_term_string}\"},\"query-input\":{\"@type\":\"PropertyValueSpecification\",\"valueRequired\":true,\"valueName\":\"search_term_string\"}}],\"inLanguage\":\"ro-RO\"},{\"@type\":\"Organization\",\"@id\":\"https:\\\/\\\/shopatoa.com\\\/ro\\\/#organization\",\"name\":\"SHOPATOA\",\"url\":\"https:\\\/\\\/shopatoa.com\\\/ro\\\/\",\"logo\":{\"@type\":\"ImageObject\",\"inLanguage\":\"ro-RO\",\"@id\":\"https:\\\/\\\/shopatoa.com\\\/ro\\\/#\\\/schema\\\/logo\\\/image\\\/\",\"url\":\"https:\\\/\\\/storage.googleapis.com\\\/cz-shopatoa-img\\\/ro\\\/b4dac915-shopatoa_logo.png\",\"contentUrl\":\"https:\\\/\\\/storage.googleapis.com\\\/cz-shopatoa-img\\\/ro\\\/b4dac915-shopatoa_logo.png\",\"width\":416,\"height\":63,\"caption\":\"SHOPATOA\"},\"image\":{\"@id\":\"https:\\\/\\\/shopatoa.com\\\/ro\\\/#\\\/schema\\\/logo\\\/image\\\/\"}}]}<\/script>\n<!-- \/ Yoast SEO plugin. -->","yoast_head_json":{"title":"Grace Cole Set cadou pentru somn lini\u0219tit Pere & Floare de nectarine 2 buc - SHOPATOA.COM","robots":{"index":"index","follow":"follow","max-snippet":"max-snippet:-1","max-image-preview":"max-image-preview:large","max-video-preview":"max-video-preview:-1"},"canonical":"https:\/\/shopatoa.com\/ro\/grace-cole-set-cadou-pentru-somn-linistit-pere-floare-de-nectarine-2-buc\/","og_locale":"ro_RO","og_type":"article","og_title":"Grace Cole Set cadou pentru somn lini\u0219tit Pere & Floare de nectarine 2 buc - SHOPATOA.COM","og_description":"Setul con\u021bine: Spray de corp Pere &amp; Floare de nectarina 100 ml Masc\u0103 pentru ochi Spray pentru corp Spray-ul practic pentru corp ofer\u0103 o senza\u021bie de prospe\u021bime \u0219i un parfum de lung\u0103 durat\u0103 pe tot parcursul zilei. Utilizare: Pulveriza\u021bi spray-ul dup\u0103 cum este necesar pe corp sau pe \u00eembr\u0103c\u0103minte. Masc\u0103 pentru ochi Masca moale \u0219i...","og_url":"https:\/\/shopatoa.com\/ro\/grace-cole-set-cadou-pentru-somn-linistit-pere-floare-de-nectarine-2-buc\/","og_site_name":"SHOPATOA","article_modified_time":"2025-12-09T12:33:32+00:00","og_image":[{"width":800,"height":800,"url":"https:\/\/storage.googleapis.com\/cz-shopatoa-img\/ro\/186b20d5-unnamed-file.webp","type":"image\/webp"}],"twitter_card":"summary_large_image","twitter_misc":{"Timp estimat pentru citire":"1 minut"},"schema":{"@context":"https:\/\/schema.org","@graph":[{"@type":"WebPage","@id":"https:\/\/shopatoa.com\/ro\/grace-cole-set-cadou-pentru-somn-linistit-pere-floare-de-nectarine-2-buc\/","url":"https:\/\/shopatoa.com\/ro\/grace-cole-set-cadou-pentru-somn-linistit-pere-floare-de-nectarine-2-buc\/","name":"Grace Cole Set cadou pentru somn lini\u0219tit Pere & Floare de nectarine 2 buc - SHOPATOA.COM","isPartOf":{"@id":"https:\/\/shopatoa.com\/ro\/#website"},"primaryImageOfPage":{"@id":"https:\/\/shopatoa.com\/ro\/grace-cole-set-cadou-pentru-somn-linistit-pere-floare-de-nectarine-2-buc\/#primaryimage"},"image":{"@id":"https:\/\/shopatoa.com\/ro\/grace-cole-set-cadou-pentru-somn-linistit-pere-floare-de-nectarine-2-buc\/#primaryimage"},"thumbnailUrl":"https:\/\/storage.googleapis.com\/cz-shopatoa-img\/ro\/186b20d5-unnamed-file.webp","datePublished":"2025-04-28T03:21:01+00:00","dateModified":"2025-12-09T12:33:32+00:00","breadcrumb":{"@id":"https:\/\/shopatoa.com\/ro\/grace-cole-set-cadou-pentru-somn-linistit-pere-floare-de-nectarine-2-buc\/#breadcrumb"},"inLanguage":"ro-RO","potentialAction":[{"@type":"ReadAction","target":["https:\/\/shopatoa.com\/ro\/grace-cole-set-cadou-pentru-somn-linistit-pere-floare-de-nectarine-2-buc\/"]}]},{"@type":"ImageObject","inLanguage":"ro-RO","@id":"https:\/\/shopatoa.com\/ro\/grace-cole-set-cadou-pentru-somn-linistit-pere-floare-de-nectarine-2-buc\/#primaryimage","url":"https:\/\/storage.googleapis.com\/cz-shopatoa-img\/ro\/186b20d5-unnamed-file.webp","contentUrl":"https:\/\/storage.googleapis.com\/cz-shopatoa-img\/ro\/186b20d5-unnamed-file.webp","width":800,"height":800},{"@type":"BreadcrumbList","@id":"https:\/\/shopatoa.com\/ro\/grace-cole-set-cadou-pentru-somn-linistit-pere-floare-de-nectarine-2-buc\/#breadcrumb","itemListElement":[{"@type":"ListItem","position":1,"name":"Dom\u016f","item":"https:\/\/shopatoa.com\/ro\/"},{"@type":"ListItem","position":2,"name":"Shop","item":"https:\/\/shopatoa.com\/ro\/shop\/"},{"@type":"ListItem","position":3,"name":"Cosmetice","item":"https:\/\/shopatoa.com\/ro\/cosmetice\/"},{"@type":"ListItem","position":4,"name":"Produse cosmetice pentru corp","item":"https:\/\/shopatoa.com\/ro\/produse-cosmetice-pentru-corp\/"},{"@type":"ListItem","position":5,"name":"Cosmetica pentru \u00eengrijirea corpului","item":"https:\/\/shopatoa.com\/ro\/cosmetica-pentru-ingrijirea-corpului\/"},{"@type":"ListItem","position":6,"name":"Nutri\u021bia si hidratarea pielii","item":"https:\/\/shopatoa.com\/ro\/nutritia-si-hidratarea-pielii\/"},{"@type":"ListItem","position":7,"name":"Grace Cole Set cadou pentru somn lini\u0219tit Pere &amp; Floare de nectarine 2 buc"}]},{"@type":"WebSite","@id":"https:\/\/shopatoa.com\/ro\/#website","url":"https:\/\/shopatoa.com\/ro\/","name":"SHOPATOA","description":"","publisher":{"@id":"https:\/\/shopatoa.com\/ro\/#organization"},"potentialAction":[{"@type":"SearchAction","target":{"@type":"EntryPoint","urlTemplate":"https:\/\/shopatoa.com\/ro\/?s={search_term_string}"},"query-input":{"@type":"PropertyValueSpecification","valueRequired":true,"valueName":"search_term_string"}}],"inLanguage":"ro-RO"},{"@type":"Organization","@id":"https:\/\/shopatoa.com\/ro\/#organization","name":"SHOPATOA","url":"https:\/\/shopatoa.com\/ro\/","logo":{"@type":"ImageObject","inLanguage":"ro-RO","@id":"https:\/\/shopatoa.com\/ro\/#\/schema\/logo\/image\/","url":"https:\/\/storage.googleapis.com\/cz-shopatoa-img\/ro\/b4dac915-shopatoa_logo.png","contentUrl":"https:\/\/storage.googleapis.com\/cz-shopatoa-img\/ro\/b4dac915-shopatoa_logo.png","width":416,"height":63,"caption":"SHOPATOA"},"image":{"@id":"https:\/\/shopatoa.com\/ro\/#\/schema\/logo\/image\/"}}]}},"_links":{"self":[{"href":"https:\/\/shopatoa.com\/ro\/wp-json\/wp\/v2\/product\/264274","targetHints":{"allow":["GET"]}}],"collection":[{"href":"https:\/\/shopatoa.com\/ro\/wp-json\/wp\/v2\/product"}],"about":[{"href":"https:\/\/shopatoa.com\/ro\/wp-json\/wp\/v2\/types\/product"}],"replies":[{"embeddable":true,"href":"https:\/\/shopatoa.com\/ro\/wp-json\/wp\/v2\/comments?post=264274"}],"wp:featuredmedia":[{"embeddable":true,"href":"https:\/\/shopatoa.com\/ro\/wp-json\/wp\/v2\/media\/340696"}],"wp:attachment":[{"href":"https:\/\/shopatoa.com\/ro\/wp-json\/wp\/v2\/media?parent=264274"}],"wp:term":[{"taxonomy":"product_brand","embeddable":true,"href":"https:\/\/shopatoa.com\/ro\/wp-json\/wp\/v2\/product_brand?post=264274"},{"taxonomy":"product_cat","embeddable":true,"href":"https:\/\/shopatoa.com\/ro\/wp-json\/wp\/v2\/product_cat?post=264274"},{"taxonomy":"product_tag","embeddable":true,"href":"https:\/\/shopatoa.com\/ro\/wp-json\/wp\/v2\/product_tag?post=264274"}],"curies":[{"name":"wp","href":"https:\/\/api.w.org\/{rel}","templated":true}]}}