{"id":264354,"date":"2025-04-28T05:51:30","date_gmt":"2025-04-28T03:51:30","guid":{"rendered":"https:\/\/shopatoa.com\/ro\/sosu-cosmetics-lipici-pentru-gene-false-cu-pensula-brush-on-lash-adhesive\/"},"modified":"2025-12-09T11:42:21","modified_gmt":"2025-12-09T10:42:21","slug":"sosu-cosmetics-lipici-pentru-gene-false-cu-pensula-brush-on-lash-adhesive","status":"publish","type":"product","link":"https:\/\/shopatoa.com\/ro\/sosu-cosmetics-lipici-pentru-gene-false-cu-pensula-brush-on-lash-adhesive\/","title":{"rendered":"SOSU Cosmetics Lipici pentru gene false cu pensula Brush on (Lash Adhesive)"},"content":{"rendered":"<p>Lipici transparent pentru gene artificiale. Potrivit pentru toate tipurile de gene artificiale \u0219i individuale. Aplicarea adezivului este u\u0219oar\u0103 \u0219i convenabil\u0103 datorit\u0103 pensulei de aplicare. Adezivul pentru gene marca SOSU asigur\u0103 un aspect perfect \u0219i de lung\u0103 durat\u0103 al genelor.<\/p>\n","protected":false},"excerpt":{"rendered":"<p>Lipici transparent pentru gene artificiale. Potrivit pentru toate tipurile de gene artificiale \u0219i individuale. Aplicarea adezivului este u\u0219oar\u0103 \u0219i convenabil\u0103 datorit\u0103 pensulei de aplicare. Adezivul pentru gene marca SOSU asigur\u0103 un aspect perfect \u0219i de lung\u0103 durat\u0103 al genelor.<\/p>\n","protected":false},"featured_media":340769,"comment_status":"closed","ping_status":"open","template":"","meta":{"_acf_changed":false,"_kadence_starter_templates_imported_post":false,"_kad_post_transparent":"","_kad_post_title":"","_kad_post_layout":"","_kad_post_sidebar_id":"","_kad_post_content_style":"","_kad_post_vertical_padding":"","_kad_post_feature":"","_kad_post_feature_position":"","_kad_post_header":false,"_kad_post_footer":false,"_kad_post_classname":""},"product_brand":[896],"product_cat":[246,609,915,631],"product_tag":[],"class_list":{"0":"post-264354","1":"product","2":"type-product","3":"status-publish","4":"has-post-thumbnail","6":"product_brand-sosu-cosmetics","7":"product_cat-cosmetice","8":"product_cat-cosmetice-decorative","9":"product_cat-gene-false","10":"product_cat-machiaj-pentru-ochi","12":"first","13":"instock","14":"sale","15":"product-type-external","16":"entry","17":"content-bg","18":"loop-entry"},"acf":[],"yoast_head":"<!-- This site is optimized with the Yoast SEO plugin v27.3 - https:\/\/yoast.com\/product\/yoast-seo-wordpress\/ -->\n<title>SOSU Cosmetics Lipici pentru gene false cu pensula Brush on (Lash Adhesive) - SHOPATOA.COM<\/title>\n<meta name=\"robots\" content=\"index, follow, max-snippet:-1, max-image-preview:large, max-video-preview:-1\" \/>\n<link rel=\"canonical\" href=\"https:\/\/shopatoa.com\/ro\/sosu-cosmetics-lipici-pentru-gene-false-cu-pensula-brush-on-lash-adhesive\/\" \/>\n<meta property=\"og:locale\" content=\"ro_RO\" \/>\n<meta property=\"og:type\" content=\"article\" \/>\n<meta property=\"og:title\" content=\"SOSU Cosmetics Lipici pentru gene false cu pensula Brush on (Lash Adhesive) - SHOPATOA.COM\" \/>\n<meta property=\"og:description\" content=\"Lipici transparent pentru gene artificiale. Potrivit pentru toate tipurile de gene artificiale \u0219i individuale. Aplicarea adezivului este u\u0219oar\u0103 \u0219i convenabil\u0103 datorit\u0103 pensulei de aplicare. Adezivul pentru gene marca SOSU asigur\u0103 un aspect perfect \u0219i de lung\u0103 durat\u0103 al genelor.\" \/>\n<meta property=\"og:url\" content=\"https:\/\/shopatoa.com\/ro\/sosu-cosmetics-lipici-pentru-gene-false-cu-pensula-brush-on-lash-adhesive\/\" \/>\n<meta property=\"og:site_name\" content=\"SHOPATOA\" \/>\n<meta property=\"article:modified_time\" content=\"2025-12-09T10:42:21+00:00\" \/>\n<meta property=\"og:image\" content=\"https:\/\/storage.googleapis.com\/cz-shopatoa-img\/ro\/13152b24-unnamed-file.webp\" \/>\n\t<meta property=\"og:image:width\" content=\"800\" \/>\n\t<meta property=\"og:image:height\" content=\"800\" \/>\n\t<meta property=\"og:image:type\" content=\"image\/webp\" \/>\n<meta name=\"twitter:card\" content=\"summary_large_image\" \/>\n<script type=\"application\/ld+json\" class=\"yoast-schema-graph\">{\"@context\":\"https:\\\/\\\/schema.org\",\"@graph\":[{\"@type\":\"WebPage\",\"@id\":\"https:\\\/\\\/shopatoa.com\\\/ro\\\/sosu-cosmetics-lipici-pentru-gene-false-cu-pensula-brush-on-lash-adhesive\\\/\",\"url\":\"https:\\\/\\\/shopatoa.com\\\/ro\\\/sosu-cosmetics-lipici-pentru-gene-false-cu-pensula-brush-on-lash-adhesive\\\/\",\"name\":\"SOSU Cosmetics Lipici pentru gene false cu pensula Brush on (Lash Adhesive) - SHOPATOA.COM\",\"isPartOf\":{\"@id\":\"https:\\\/\\\/shopatoa.com\\\/ro\\\/#website\"},\"primaryImageOfPage\":{\"@id\":\"https:\\\/\\\/shopatoa.com\\\/ro\\\/sosu-cosmetics-lipici-pentru-gene-false-cu-pensula-brush-on-lash-adhesive\\\/#primaryimage\"},\"image\":{\"@id\":\"https:\\\/\\\/shopatoa.com\\\/ro\\\/sosu-cosmetics-lipici-pentru-gene-false-cu-pensula-brush-on-lash-adhesive\\\/#primaryimage\"},\"thumbnailUrl\":\"https:\\\/\\\/storage.googleapis.com\\\/cz-shopatoa-img\\\/ro\\\/13152b24-unnamed-file.webp\",\"datePublished\":\"2025-04-28T03:51:30+00:00\",\"dateModified\":\"2025-12-09T10:42:21+00:00\",\"breadcrumb\":{\"@id\":\"https:\\\/\\\/shopatoa.com\\\/ro\\\/sosu-cosmetics-lipici-pentru-gene-false-cu-pensula-brush-on-lash-adhesive\\\/#breadcrumb\"},\"inLanguage\":\"ro-RO\",\"potentialAction\":[{\"@type\":\"ReadAction\",\"target\":[\"https:\\\/\\\/shopatoa.com\\\/ro\\\/sosu-cosmetics-lipici-pentru-gene-false-cu-pensula-brush-on-lash-adhesive\\\/\"]}]},{\"@type\":\"ImageObject\",\"inLanguage\":\"ro-RO\",\"@id\":\"https:\\\/\\\/shopatoa.com\\\/ro\\\/sosu-cosmetics-lipici-pentru-gene-false-cu-pensula-brush-on-lash-adhesive\\\/#primaryimage\",\"url\":\"https:\\\/\\\/storage.googleapis.com\\\/cz-shopatoa-img\\\/ro\\\/13152b24-unnamed-file.webp\",\"contentUrl\":\"https:\\\/\\\/storage.googleapis.com\\\/cz-shopatoa-img\\\/ro\\\/13152b24-unnamed-file.webp\",\"width\":800,\"height\":800},{\"@type\":\"BreadcrumbList\",\"@id\":\"https:\\\/\\\/shopatoa.com\\\/ro\\\/sosu-cosmetics-lipici-pentru-gene-false-cu-pensula-brush-on-lash-adhesive\\\/#breadcrumb\",\"itemListElement\":[{\"@type\":\"ListItem\",\"position\":1,\"name\":\"Dom\u016f\",\"item\":\"https:\\\/\\\/shopatoa.com\\\/ro\\\/\"},{\"@type\":\"ListItem\",\"position\":2,\"name\":\"Shop\",\"item\":\"https:\\\/\\\/shopatoa.com\\\/ro\\\/shop\\\/\"},{\"@type\":\"ListItem\",\"position\":3,\"name\":\"Cosmetice\",\"item\":\"https:\\\/\\\/shopatoa.com\\\/ro\\\/cosmetice\\\/\"},{\"@type\":\"ListItem\",\"position\":4,\"name\":\"Cosmetice decorative\",\"item\":\"https:\\\/\\\/shopatoa.com\\\/ro\\\/cosmetice-decorative\\\/\"},{\"@type\":\"ListItem\",\"position\":5,\"name\":\"Machiaj pentru ochi\",\"item\":\"https:\\\/\\\/shopatoa.com\\\/ro\\\/machiaj-pentru-ochi\\\/\"},{\"@type\":\"ListItem\",\"position\":6,\"name\":\"Gene false\",\"item\":\"https:\\\/\\\/shopatoa.com\\\/ro\\\/gene-false\\\/\"},{\"@type\":\"ListItem\",\"position\":7,\"name\":\"SOSU Cosmetics Lipici pentru gene false cu pensula Brush on (Lash Adhesive)\"}]},{\"@type\":\"WebSite\",\"@id\":\"https:\\\/\\\/shopatoa.com\\\/ro\\\/#website\",\"url\":\"https:\\\/\\\/shopatoa.com\\\/ro\\\/\",\"name\":\"SHOPATOA\",\"description\":\"\",\"publisher\":{\"@id\":\"https:\\\/\\\/shopatoa.com\\\/ro\\\/#organization\"},\"potentialAction\":[{\"@type\":\"SearchAction\",\"target\":{\"@type\":\"EntryPoint\",\"urlTemplate\":\"https:\\\/\\\/shopatoa.com\\\/ro\\\/?s={search_term_string}\"},\"query-input\":{\"@type\":\"PropertyValueSpecification\",\"valueRequired\":true,\"valueName\":\"search_term_string\"}}],\"inLanguage\":\"ro-RO\"},{\"@type\":\"Organization\",\"@id\":\"https:\\\/\\\/shopatoa.com\\\/ro\\\/#organization\",\"name\":\"SHOPATOA\",\"url\":\"https:\\\/\\\/shopatoa.com\\\/ro\\\/\",\"logo\":{\"@type\":\"ImageObject\",\"inLanguage\":\"ro-RO\",\"@id\":\"https:\\\/\\\/shopatoa.com\\\/ro\\\/#\\\/schema\\\/logo\\\/image\\\/\",\"url\":\"https:\\\/\\\/storage.googleapis.com\\\/cz-shopatoa-img\\\/ro\\\/b4dac915-shopatoa_logo.png\",\"contentUrl\":\"https:\\\/\\\/storage.googleapis.com\\\/cz-shopatoa-img\\\/ro\\\/b4dac915-shopatoa_logo.png\",\"width\":416,\"height\":63,\"caption\":\"SHOPATOA\"},\"image\":{\"@id\":\"https:\\\/\\\/shopatoa.com\\\/ro\\\/#\\\/schema\\\/logo\\\/image\\\/\"}}]}<\/script>\n<!-- \/ Yoast SEO plugin. -->","yoast_head_json":{"title":"SOSU Cosmetics Lipici pentru gene false cu pensula Brush on (Lash Adhesive) - SHOPATOA.COM","robots":{"index":"index","follow":"follow","max-snippet":"max-snippet:-1","max-image-preview":"max-image-preview:large","max-video-preview":"max-video-preview:-1"},"canonical":"https:\/\/shopatoa.com\/ro\/sosu-cosmetics-lipici-pentru-gene-false-cu-pensula-brush-on-lash-adhesive\/","og_locale":"ro_RO","og_type":"article","og_title":"SOSU Cosmetics Lipici pentru gene false cu pensula Brush on (Lash Adhesive) - SHOPATOA.COM","og_description":"Lipici transparent pentru gene artificiale. Potrivit pentru toate tipurile de gene artificiale \u0219i individuale. Aplicarea adezivului este u\u0219oar\u0103 \u0219i convenabil\u0103 datorit\u0103 pensulei de aplicare. Adezivul pentru gene marca SOSU asigur\u0103 un aspect perfect \u0219i de lung\u0103 durat\u0103 al genelor.","og_url":"https:\/\/shopatoa.com\/ro\/sosu-cosmetics-lipici-pentru-gene-false-cu-pensula-brush-on-lash-adhesive\/","og_site_name":"SHOPATOA","article_modified_time":"2025-12-09T10:42:21+00:00","og_image":[{"width":800,"height":800,"url":"https:\/\/storage.googleapis.com\/cz-shopatoa-img\/ro\/13152b24-unnamed-file.webp","type":"image\/webp"}],"twitter_card":"summary_large_image","schema":{"@context":"https:\/\/schema.org","@graph":[{"@type":"WebPage","@id":"https:\/\/shopatoa.com\/ro\/sosu-cosmetics-lipici-pentru-gene-false-cu-pensula-brush-on-lash-adhesive\/","url":"https:\/\/shopatoa.com\/ro\/sosu-cosmetics-lipici-pentru-gene-false-cu-pensula-brush-on-lash-adhesive\/","name":"SOSU Cosmetics Lipici pentru gene false cu pensula Brush on (Lash Adhesive) - SHOPATOA.COM","isPartOf":{"@id":"https:\/\/shopatoa.com\/ro\/#website"},"primaryImageOfPage":{"@id":"https:\/\/shopatoa.com\/ro\/sosu-cosmetics-lipici-pentru-gene-false-cu-pensula-brush-on-lash-adhesive\/#primaryimage"},"image":{"@id":"https:\/\/shopatoa.com\/ro\/sosu-cosmetics-lipici-pentru-gene-false-cu-pensula-brush-on-lash-adhesive\/#primaryimage"},"thumbnailUrl":"https:\/\/storage.googleapis.com\/cz-shopatoa-img\/ro\/13152b24-unnamed-file.webp","datePublished":"2025-04-28T03:51:30+00:00","dateModified":"2025-12-09T10:42:21+00:00","breadcrumb":{"@id":"https:\/\/shopatoa.com\/ro\/sosu-cosmetics-lipici-pentru-gene-false-cu-pensula-brush-on-lash-adhesive\/#breadcrumb"},"inLanguage":"ro-RO","potentialAction":[{"@type":"ReadAction","target":["https:\/\/shopatoa.com\/ro\/sosu-cosmetics-lipici-pentru-gene-false-cu-pensula-brush-on-lash-adhesive\/"]}]},{"@type":"ImageObject","inLanguage":"ro-RO","@id":"https:\/\/shopatoa.com\/ro\/sosu-cosmetics-lipici-pentru-gene-false-cu-pensula-brush-on-lash-adhesive\/#primaryimage","url":"https:\/\/storage.googleapis.com\/cz-shopatoa-img\/ro\/13152b24-unnamed-file.webp","contentUrl":"https:\/\/storage.googleapis.com\/cz-shopatoa-img\/ro\/13152b24-unnamed-file.webp","width":800,"height":800},{"@type":"BreadcrumbList","@id":"https:\/\/shopatoa.com\/ro\/sosu-cosmetics-lipici-pentru-gene-false-cu-pensula-brush-on-lash-adhesive\/#breadcrumb","itemListElement":[{"@type":"ListItem","position":1,"name":"Dom\u016f","item":"https:\/\/shopatoa.com\/ro\/"},{"@type":"ListItem","position":2,"name":"Shop","item":"https:\/\/shopatoa.com\/ro\/shop\/"},{"@type":"ListItem","position":3,"name":"Cosmetice","item":"https:\/\/shopatoa.com\/ro\/cosmetice\/"},{"@type":"ListItem","position":4,"name":"Cosmetice decorative","item":"https:\/\/shopatoa.com\/ro\/cosmetice-decorative\/"},{"@type":"ListItem","position":5,"name":"Machiaj pentru ochi","item":"https:\/\/shopatoa.com\/ro\/machiaj-pentru-ochi\/"},{"@type":"ListItem","position":6,"name":"Gene false","item":"https:\/\/shopatoa.com\/ro\/gene-false\/"},{"@type":"ListItem","position":7,"name":"SOSU Cosmetics Lipici pentru gene false cu pensula Brush on (Lash Adhesive)"}]},{"@type":"WebSite","@id":"https:\/\/shopatoa.com\/ro\/#website","url":"https:\/\/shopatoa.com\/ro\/","name":"SHOPATOA","description":"","publisher":{"@id":"https:\/\/shopatoa.com\/ro\/#organization"},"potentialAction":[{"@type":"SearchAction","target":{"@type":"EntryPoint","urlTemplate":"https:\/\/shopatoa.com\/ro\/?s={search_term_string}"},"query-input":{"@type":"PropertyValueSpecification","valueRequired":true,"valueName":"search_term_string"}}],"inLanguage":"ro-RO"},{"@type":"Organization","@id":"https:\/\/shopatoa.com\/ro\/#organization","name":"SHOPATOA","url":"https:\/\/shopatoa.com\/ro\/","logo":{"@type":"ImageObject","inLanguage":"ro-RO","@id":"https:\/\/shopatoa.com\/ro\/#\/schema\/logo\/image\/","url":"https:\/\/storage.googleapis.com\/cz-shopatoa-img\/ro\/b4dac915-shopatoa_logo.png","contentUrl":"https:\/\/storage.googleapis.com\/cz-shopatoa-img\/ro\/b4dac915-shopatoa_logo.png","width":416,"height":63,"caption":"SHOPATOA"},"image":{"@id":"https:\/\/shopatoa.com\/ro\/#\/schema\/logo\/image\/"}}]}},"_links":{"self":[{"href":"https:\/\/shopatoa.com\/ro\/wp-json\/wp\/v2\/product\/264354","targetHints":{"allow":["GET"]}}],"collection":[{"href":"https:\/\/shopatoa.com\/ro\/wp-json\/wp\/v2\/product"}],"about":[{"href":"https:\/\/shopatoa.com\/ro\/wp-json\/wp\/v2\/types\/product"}],"replies":[{"embeddable":true,"href":"https:\/\/shopatoa.com\/ro\/wp-json\/wp\/v2\/comments?post=264354"}],"wp:featuredmedia":[{"embeddable":true,"href":"https:\/\/shopatoa.com\/ro\/wp-json\/wp\/v2\/media\/340769"}],"wp:attachment":[{"href":"https:\/\/shopatoa.com\/ro\/wp-json\/wp\/v2\/media?parent=264354"}],"wp:term":[{"taxonomy":"product_brand","embeddable":true,"href":"https:\/\/shopatoa.com\/ro\/wp-json\/wp\/v2\/product_brand?post=264354"},{"taxonomy":"product_cat","embeddable":true,"href":"https:\/\/shopatoa.com\/ro\/wp-json\/wp\/v2\/product_cat?post=264354"},{"taxonomy":"product_tag","embeddable":true,"href":"https:\/\/shopatoa.com\/ro\/wp-json\/wp\/v2\/product_tag?post=264354"}],"curies":[{"name":"wp","href":"https:\/\/api.w.org\/{rel}","templated":true}]}}