{"id":264356,"date":"2025-04-28T05:51:47","date_gmt":"2025-04-28T03:51:47","guid":{"rendered":"https:\/\/shopatoa.com\/ro\/schwarzkopf-professional-decolorant-de-precizie-premium-7-blondme-precision-lightener-350-g\/"},"modified":"2025-12-09T11:36:31","modified_gmt":"2025-12-09T10:36:31","slug":"schwarzkopf-professional-decolorant-de-precizie-premium-7-blondme-precision-lightener-350-g","status":"publish","type":"product","link":"https:\/\/shopatoa.com\/ro\/schwarzkopf-professional-decolorant-de-precizie-premium-7-blondme-precision-lightener-350-g\/","title":{"rendered":"Schwarzkopf Professional Decolorant de precizie premium 7 BLONDME (Precision Lightener) 350 g"},"content":{"rendered":"<p>Sistemul versatil de colorare \u0219i \u00eengrijire, echipat cu tehnologia integrat\u0103 Dual Bond, v\u0103 permite s\u0103 v\u0103 ocupa\u021bi de orice provocare blond\u0103 \u0219i s\u0103 crea\u021bi cele mai uimitoare stiluri blonde. Tehnologia Dual Bond integrat\u0103 \u00een toate vopselele BLONDME ajut\u0103 la limitarea daunelor la toate nivelurile. Protejeaz\u0103 leg\u0103turile \u00een timpul proceselor chimice \u0219i ajut\u0103 la crearea de noi leg\u0103turi \u00een cadrul \u00eengrijirii speciale at\u00e2t \u00een salon, c\u00e2t \u0219i acas\u0103. Sistemul dual bond aduce certitudine maxima la colorare si decolorare. Lightener 7 este potrivit pentru decolorarea precis\u0103 a excrescentelor. Noua formul\u0103 Swell Control reduce umflarea \u0219i permite o precizie unic\u0103 pentru rezultate de colorare mai curate, f\u0103r\u0103 linii inestetice \u00eentre culorile individuale. Complexul integrat de Balansare a Temperaturii aduce un efect r\u0103coritor \u00een timpul procesului de ac\u021bionare, iar tehnologia integrat\u0103 de Protec\u021bie Anti Metal Bond protejeaz\u0103 firul de p\u0103r \u00een timpul procesului de ac\u021bionare pentru a preveni ruperea p\u0103rului.<\/p>\n","protected":false},"excerpt":{"rendered":"<p>Sistemul versatil de colorare \u0219i \u00eengrijire, echipat cu tehnologia integrat\u0103 Dual Bond, v\u0103 permite s\u0103 v\u0103 ocupa\u021bi de orice provocare blond\u0103 \u0219i s\u0103 crea\u021bi cele mai uimitoare stiluri blonde. Tehnologia Dual Bond integrat\u0103 \u00een toate vopselele BLONDME ajut\u0103 la limitarea daunelor la toate nivelurile. Protejeaz\u0103 leg\u0103turile \u00een timpul proceselor chimice \u0219i ajut\u0103 la crearea de&#8230;<\/p>\n","protected":false},"featured_media":340771,"comment_status":"closed","ping_status":"open","template":"","meta":{"_acf_changed":false,"_kadence_starter_templates_imported_post":false,"_kad_post_transparent":"","_kad_post_title":"","_kad_post_layout":"","_kad_post_sidebar_id":"","_kad_post_content_style":"","_kad_post_vertical_padding":"","_kad_post_feature":"","_kad_post_feature_position":"","_kad_post_header":false,"_kad_post_footer":false,"_kad_post_classname":""},"product_brand":[231],"product_cat":[694,246,623,695],"product_tag":[],"class_list":{"0":"post-264356","1":"product","2":"type-product","3":"status-publish","4":"has-post-thumbnail","6":"product_brand-schwarzkopf-professional","7":"product_cat-cosmetica-pentru-colorarea-parului","8":"product_cat-cosmetice","9":"product_cat-produse-cosmetice-pentru-par","10":"product_cat-vopsire-decolorare-profesionala-a-parului","12":"first","13":"instock","14":"product-type-external","15":"entry","16":"content-bg","17":"loop-entry"},"acf":[],"yoast_head":"<!-- This site is optimized with the Yoast SEO plugin v27.4 - https:\/\/yoast.com\/product\/yoast-seo-wordpress\/ -->\n<title>Schwarzkopf Professional Decolorant de precizie premium 7 BLONDME (Precision Lightener) 350 g - SHOPATOA.COM<\/title>\n<meta name=\"robots\" content=\"index, follow, max-snippet:-1, max-image-preview:large, max-video-preview:-1\" \/>\n<link rel=\"canonical\" href=\"https:\/\/shopatoa.com\/ro\/schwarzkopf-professional-decolorant-de-precizie-premium-7-blondme-precision-lightener-350-g\/\" \/>\n<meta property=\"og:locale\" content=\"ro_RO\" \/>\n<meta property=\"og:type\" content=\"article\" \/>\n<meta property=\"og:title\" content=\"Schwarzkopf Professional Decolorant de precizie premium 7 BLONDME (Precision Lightener) 350 g - SHOPATOA.COM\" \/>\n<meta property=\"og:description\" content=\"Sistemul versatil de colorare \u0219i \u00eengrijire, echipat cu tehnologia integrat\u0103 Dual Bond, v\u0103 permite s\u0103 v\u0103 ocupa\u021bi de orice provocare blond\u0103 \u0219i s\u0103 crea\u021bi cele mai uimitoare stiluri blonde. Tehnologia Dual Bond integrat\u0103 \u00een toate vopselele BLONDME ajut\u0103 la limitarea daunelor la toate nivelurile. Protejeaz\u0103 leg\u0103turile \u00een timpul proceselor chimice \u0219i ajut\u0103 la crearea de...\" \/>\n<meta property=\"og:url\" content=\"https:\/\/shopatoa.com\/ro\/schwarzkopf-professional-decolorant-de-precizie-premium-7-blondme-precision-lightener-350-g\/\" \/>\n<meta property=\"og:site_name\" content=\"SHOPATOA\" \/>\n<meta property=\"article:modified_time\" content=\"2025-12-09T10:36:31+00:00\" \/>\n<meta property=\"og:image\" content=\"https:\/\/storage.googleapis.com\/cz-shopatoa-img\/ro\/142f579a-unnamed-file.webp\" \/>\n\t<meta property=\"og:image:width\" content=\"800\" \/>\n\t<meta property=\"og:image:height\" content=\"800\" \/>\n\t<meta property=\"og:image:type\" content=\"image\/webp\" \/>\n<meta name=\"twitter:card\" content=\"summary_large_image\" \/>\n<meta name=\"twitter:label1\" content=\"Timp estimat pentru citire\" \/>\n\t<meta name=\"twitter:data1\" content=\"1 minut\" \/>\n<script type=\"application\/ld+json\" class=\"yoast-schema-graph\">{\"@context\":\"https:\\\/\\\/schema.org\",\"@graph\":[{\"@type\":\"WebPage\",\"@id\":\"https:\\\/\\\/shopatoa.com\\\/ro\\\/schwarzkopf-professional-decolorant-de-precizie-premium-7-blondme-precision-lightener-350-g\\\/\",\"url\":\"https:\\\/\\\/shopatoa.com\\\/ro\\\/schwarzkopf-professional-decolorant-de-precizie-premium-7-blondme-precision-lightener-350-g\\\/\",\"name\":\"Schwarzkopf Professional Decolorant de precizie premium 7 BLONDME (Precision Lightener) 350 g - SHOPATOA.COM\",\"isPartOf\":{\"@id\":\"https:\\\/\\\/shopatoa.com\\\/ro\\\/#website\"},\"primaryImageOfPage\":{\"@id\":\"https:\\\/\\\/shopatoa.com\\\/ro\\\/schwarzkopf-professional-decolorant-de-precizie-premium-7-blondme-precision-lightener-350-g\\\/#primaryimage\"},\"image\":{\"@id\":\"https:\\\/\\\/shopatoa.com\\\/ro\\\/schwarzkopf-professional-decolorant-de-precizie-premium-7-blondme-precision-lightener-350-g\\\/#primaryimage\"},\"thumbnailUrl\":\"https:\\\/\\\/storage.googleapis.com\\\/cz-shopatoa-img\\\/ro\\\/142f579a-unnamed-file.webp\",\"datePublished\":\"2025-04-28T03:51:47+00:00\",\"dateModified\":\"2025-12-09T10:36:31+00:00\",\"breadcrumb\":{\"@id\":\"https:\\\/\\\/shopatoa.com\\\/ro\\\/schwarzkopf-professional-decolorant-de-precizie-premium-7-blondme-precision-lightener-350-g\\\/#breadcrumb\"},\"inLanguage\":\"ro-RO\",\"potentialAction\":[{\"@type\":\"ReadAction\",\"target\":[\"https:\\\/\\\/shopatoa.com\\\/ro\\\/schwarzkopf-professional-decolorant-de-precizie-premium-7-blondme-precision-lightener-350-g\\\/\"]}]},{\"@type\":\"ImageObject\",\"inLanguage\":\"ro-RO\",\"@id\":\"https:\\\/\\\/shopatoa.com\\\/ro\\\/schwarzkopf-professional-decolorant-de-precizie-premium-7-blondme-precision-lightener-350-g\\\/#primaryimage\",\"url\":\"https:\\\/\\\/storage.googleapis.com\\\/cz-shopatoa-img\\\/ro\\\/142f579a-unnamed-file.webp\",\"contentUrl\":\"https:\\\/\\\/storage.googleapis.com\\\/cz-shopatoa-img\\\/ro\\\/142f579a-unnamed-file.webp\",\"width\":800,\"height\":800},{\"@type\":\"BreadcrumbList\",\"@id\":\"https:\\\/\\\/shopatoa.com\\\/ro\\\/schwarzkopf-professional-decolorant-de-precizie-premium-7-blondme-precision-lightener-350-g\\\/#breadcrumb\",\"itemListElement\":[{\"@type\":\"ListItem\",\"position\":1,\"name\":\"Dom\u016f\",\"item\":\"https:\\\/\\\/shopatoa.com\\\/ro\\\/\"},{\"@type\":\"ListItem\",\"position\":2,\"name\":\"Shop\",\"item\":\"https:\\\/\\\/shopatoa.com\\\/ro\\\/shop\\\/\"},{\"@type\":\"ListItem\",\"position\":3,\"name\":\"Cosmetice\",\"item\":\"https:\\\/\\\/shopatoa.com\\\/ro\\\/cosmetice\\\/\"},{\"@type\":\"ListItem\",\"position\":4,\"name\":\"Produse cosmetice pentru p\u0103r\",\"item\":\"https:\\\/\\\/shopatoa.com\\\/ro\\\/produse-cosmetice-pentru-par\\\/\"},{\"@type\":\"ListItem\",\"position\":5,\"name\":\"Cosmetica pentru colorarea parului\",\"item\":\"https:\\\/\\\/shopatoa.com\\\/ro\\\/cosmetica-pentru-colorarea-parului\\\/\"},{\"@type\":\"ListItem\",\"position\":6,\"name\":\"Vopsire\\\/decolorare profesional\u0103 a p\u0103rului\",\"item\":\"https:\\\/\\\/shopatoa.com\\\/ro\\\/vopsire-decolorare-profesionala-a-parului\\\/\"},{\"@type\":\"ListItem\",\"position\":7,\"name\":\"Schwarzkopf Professional Decolorant de precizie premium 7 BLONDME (Precision Lightener) 350 g\"}]},{\"@type\":\"WebSite\",\"@id\":\"https:\\\/\\\/shopatoa.com\\\/ro\\\/#website\",\"url\":\"https:\\\/\\\/shopatoa.com\\\/ro\\\/\",\"name\":\"SHOPATOA\",\"description\":\"\",\"publisher\":{\"@id\":\"https:\\\/\\\/shopatoa.com\\\/ro\\\/#organization\"},\"potentialAction\":[{\"@type\":\"SearchAction\",\"target\":{\"@type\":\"EntryPoint\",\"urlTemplate\":\"https:\\\/\\\/shopatoa.com\\\/ro\\\/?s={search_term_string}\"},\"query-input\":{\"@type\":\"PropertyValueSpecification\",\"valueRequired\":true,\"valueName\":\"search_term_string\"}}],\"inLanguage\":\"ro-RO\"},{\"@type\":\"Organization\",\"@id\":\"https:\\\/\\\/shopatoa.com\\\/ro\\\/#organization\",\"name\":\"SHOPATOA\",\"url\":\"https:\\\/\\\/shopatoa.com\\\/ro\\\/\",\"logo\":{\"@type\":\"ImageObject\",\"inLanguage\":\"ro-RO\",\"@id\":\"https:\\\/\\\/shopatoa.com\\\/ro\\\/#\\\/schema\\\/logo\\\/image\\\/\",\"url\":\"https:\\\/\\\/storage.googleapis.com\\\/cz-shopatoa-img\\\/ro\\\/b4dac915-shopatoa_logo.png\",\"contentUrl\":\"https:\\\/\\\/storage.googleapis.com\\\/cz-shopatoa-img\\\/ro\\\/b4dac915-shopatoa_logo.png\",\"width\":416,\"height\":63,\"caption\":\"SHOPATOA\"},\"image\":{\"@id\":\"https:\\\/\\\/shopatoa.com\\\/ro\\\/#\\\/schema\\\/logo\\\/image\\\/\"}}]}<\/script>\n<!-- \/ Yoast SEO plugin. -->","yoast_head_json":{"title":"Schwarzkopf Professional Decolorant de precizie premium 7 BLONDME (Precision Lightener) 350 g - SHOPATOA.COM","robots":{"index":"index","follow":"follow","max-snippet":"max-snippet:-1","max-image-preview":"max-image-preview:large","max-video-preview":"max-video-preview:-1"},"canonical":"https:\/\/shopatoa.com\/ro\/schwarzkopf-professional-decolorant-de-precizie-premium-7-blondme-precision-lightener-350-g\/","og_locale":"ro_RO","og_type":"article","og_title":"Schwarzkopf Professional Decolorant de precizie premium 7 BLONDME (Precision Lightener) 350 g - SHOPATOA.COM","og_description":"Sistemul versatil de colorare \u0219i \u00eengrijire, echipat cu tehnologia integrat\u0103 Dual Bond, v\u0103 permite s\u0103 v\u0103 ocupa\u021bi de orice provocare blond\u0103 \u0219i s\u0103 crea\u021bi cele mai uimitoare stiluri blonde. Tehnologia Dual Bond integrat\u0103 \u00een toate vopselele BLONDME ajut\u0103 la limitarea daunelor la toate nivelurile. Protejeaz\u0103 leg\u0103turile \u00een timpul proceselor chimice \u0219i ajut\u0103 la crearea de...","og_url":"https:\/\/shopatoa.com\/ro\/schwarzkopf-professional-decolorant-de-precizie-premium-7-blondme-precision-lightener-350-g\/","og_site_name":"SHOPATOA","article_modified_time":"2025-12-09T10:36:31+00:00","og_image":[{"width":800,"height":800,"url":"https:\/\/storage.googleapis.com\/cz-shopatoa-img\/ro\/142f579a-unnamed-file.webp","type":"image\/webp"}],"twitter_card":"summary_large_image","twitter_misc":{"Timp estimat pentru citire":"1 minut"},"schema":{"@context":"https:\/\/schema.org","@graph":[{"@type":"WebPage","@id":"https:\/\/shopatoa.com\/ro\/schwarzkopf-professional-decolorant-de-precizie-premium-7-blondme-precision-lightener-350-g\/","url":"https:\/\/shopatoa.com\/ro\/schwarzkopf-professional-decolorant-de-precizie-premium-7-blondme-precision-lightener-350-g\/","name":"Schwarzkopf Professional Decolorant de precizie premium 7 BLONDME (Precision Lightener) 350 g - SHOPATOA.COM","isPartOf":{"@id":"https:\/\/shopatoa.com\/ro\/#website"},"primaryImageOfPage":{"@id":"https:\/\/shopatoa.com\/ro\/schwarzkopf-professional-decolorant-de-precizie-premium-7-blondme-precision-lightener-350-g\/#primaryimage"},"image":{"@id":"https:\/\/shopatoa.com\/ro\/schwarzkopf-professional-decolorant-de-precizie-premium-7-blondme-precision-lightener-350-g\/#primaryimage"},"thumbnailUrl":"https:\/\/storage.googleapis.com\/cz-shopatoa-img\/ro\/142f579a-unnamed-file.webp","datePublished":"2025-04-28T03:51:47+00:00","dateModified":"2025-12-09T10:36:31+00:00","breadcrumb":{"@id":"https:\/\/shopatoa.com\/ro\/schwarzkopf-professional-decolorant-de-precizie-premium-7-blondme-precision-lightener-350-g\/#breadcrumb"},"inLanguage":"ro-RO","potentialAction":[{"@type":"ReadAction","target":["https:\/\/shopatoa.com\/ro\/schwarzkopf-professional-decolorant-de-precizie-premium-7-blondme-precision-lightener-350-g\/"]}]},{"@type":"ImageObject","inLanguage":"ro-RO","@id":"https:\/\/shopatoa.com\/ro\/schwarzkopf-professional-decolorant-de-precizie-premium-7-blondme-precision-lightener-350-g\/#primaryimage","url":"https:\/\/storage.googleapis.com\/cz-shopatoa-img\/ro\/142f579a-unnamed-file.webp","contentUrl":"https:\/\/storage.googleapis.com\/cz-shopatoa-img\/ro\/142f579a-unnamed-file.webp","width":800,"height":800},{"@type":"BreadcrumbList","@id":"https:\/\/shopatoa.com\/ro\/schwarzkopf-professional-decolorant-de-precizie-premium-7-blondme-precision-lightener-350-g\/#breadcrumb","itemListElement":[{"@type":"ListItem","position":1,"name":"Dom\u016f","item":"https:\/\/shopatoa.com\/ro\/"},{"@type":"ListItem","position":2,"name":"Shop","item":"https:\/\/shopatoa.com\/ro\/shop\/"},{"@type":"ListItem","position":3,"name":"Cosmetice","item":"https:\/\/shopatoa.com\/ro\/cosmetice\/"},{"@type":"ListItem","position":4,"name":"Produse cosmetice pentru p\u0103r","item":"https:\/\/shopatoa.com\/ro\/produse-cosmetice-pentru-par\/"},{"@type":"ListItem","position":5,"name":"Cosmetica pentru colorarea parului","item":"https:\/\/shopatoa.com\/ro\/cosmetica-pentru-colorarea-parului\/"},{"@type":"ListItem","position":6,"name":"Vopsire\/decolorare profesional\u0103 a p\u0103rului","item":"https:\/\/shopatoa.com\/ro\/vopsire-decolorare-profesionala-a-parului\/"},{"@type":"ListItem","position":7,"name":"Schwarzkopf Professional Decolorant de precizie premium 7 BLONDME (Precision Lightener) 350 g"}]},{"@type":"WebSite","@id":"https:\/\/shopatoa.com\/ro\/#website","url":"https:\/\/shopatoa.com\/ro\/","name":"SHOPATOA","description":"","publisher":{"@id":"https:\/\/shopatoa.com\/ro\/#organization"},"potentialAction":[{"@type":"SearchAction","target":{"@type":"EntryPoint","urlTemplate":"https:\/\/shopatoa.com\/ro\/?s={search_term_string}"},"query-input":{"@type":"PropertyValueSpecification","valueRequired":true,"valueName":"search_term_string"}}],"inLanguage":"ro-RO"},{"@type":"Organization","@id":"https:\/\/shopatoa.com\/ro\/#organization","name":"SHOPATOA","url":"https:\/\/shopatoa.com\/ro\/","logo":{"@type":"ImageObject","inLanguage":"ro-RO","@id":"https:\/\/shopatoa.com\/ro\/#\/schema\/logo\/image\/","url":"https:\/\/storage.googleapis.com\/cz-shopatoa-img\/ro\/b4dac915-shopatoa_logo.png","contentUrl":"https:\/\/storage.googleapis.com\/cz-shopatoa-img\/ro\/b4dac915-shopatoa_logo.png","width":416,"height":63,"caption":"SHOPATOA"},"image":{"@id":"https:\/\/shopatoa.com\/ro\/#\/schema\/logo\/image\/"}}]}},"_links":{"self":[{"href":"https:\/\/shopatoa.com\/ro\/wp-json\/wp\/v2\/product\/264356","targetHints":{"allow":["GET"]}}],"collection":[{"href":"https:\/\/shopatoa.com\/ro\/wp-json\/wp\/v2\/product"}],"about":[{"href":"https:\/\/shopatoa.com\/ro\/wp-json\/wp\/v2\/types\/product"}],"replies":[{"embeddable":true,"href":"https:\/\/shopatoa.com\/ro\/wp-json\/wp\/v2\/comments?post=264356"}],"wp:featuredmedia":[{"embeddable":true,"href":"https:\/\/shopatoa.com\/ro\/wp-json\/wp\/v2\/media\/340771"}],"wp:attachment":[{"href":"https:\/\/shopatoa.com\/ro\/wp-json\/wp\/v2\/media?parent=264356"}],"wp:term":[{"taxonomy":"product_brand","embeddable":true,"href":"https:\/\/shopatoa.com\/ro\/wp-json\/wp\/v2\/product_brand?post=264356"},{"taxonomy":"product_cat","embeddable":true,"href":"https:\/\/shopatoa.com\/ro\/wp-json\/wp\/v2\/product_cat?post=264356"},{"taxonomy":"product_tag","embeddable":true,"href":"https:\/\/shopatoa.com\/ro\/wp-json\/wp\/v2\/product_tag?post=264356"}],"curies":[{"name":"wp","href":"https:\/\/api.w.org\/{rel}","templated":true}]}}