{"id":264595,"date":"2025-04-28T07:30:49","date_gmt":"2025-04-28T05:30:49","guid":{"rendered":"https:\/\/shopatoa.com\/ro\/jean-p-gaultier-le-male-elixir-parfum-75-ml\/"},"modified":"2025-12-09T07:05:12","modified_gmt":"2025-12-09T06:05:12","slug":"jean-p-gaultier-le-male-elixir-parfum-75-ml","status":"publish","type":"product","link":"https:\/\/shopatoa.com\/ro\/jean-p-gaultier-le-male-elixir-parfum-75-ml\/","title":{"rendered":"Jean P. Gaultier Le Male Elixir &#8211; parfum 75 ml"},"content":{"rendered":"<p>Le Male Elixir de la marca Jean Paul Gaultier va captiva sim\u021burile p\u00e2n\u0103 la extaz \u0219i va st\u00e2rni \u00een voi o dorin\u021b\u0103 arz\u0103toare. Acest parfum fougere, vanilie este simbolul unui b\u0103rbat seduc\u0103tor, carismatic \u0219i atr\u0103g\u0103tor c\u0103ruia nicio femeie nu \u00eei poate rezista. Flacoanele aurite, av\u00e2nd forma iconic\u0103 a corpului masculin \u0219i sugereaz\u0103 mediul marin prin dungi, ascund \u00een interiorul lor un elixir str\u0103lucitor, ale c\u0103rui note de v\u00e2rf sunt compuse din lavand\u0103 cu tonuri r\u0103coritoare \u0219i revigorante de ment\u0103. Inima este complet dominat\u0103 de vanilie, care se amestec\u0103 cu benzoina cald\u0103 evoc\u00e2nd parfumul ciocolatei. Baza este dominat\u0103 de arome dulci de miere, care se contopesc cu o not\u0103 de tutun fumuriu \u0219i urme de fasole tonka dulce, pentru a sublinia stilul t\u0103u distinctiv. R\u0103sf\u0103\u021ba\u021bi-v\u0103 \u00eentr-o aventur\u0103 plin\u0103 de pl\u0103ceri al\u0103turi de cel mai nou membru al echipajului Jean Paul Gaultier. Lua\u021bi comanda \u00een propriile m\u00e2ini \u0219i datorit\u0103 parfumului Le Male Elixir, ve\u021bi fi absolut de neoprit! Parfumul a fost lansat in anul 2023 \u0219i a fost creat de Quentin Bisch.<\/p>\n","protected":false},"excerpt":{"rendered":"<p>Le Male Elixir de la marca Jean Paul Gaultier va captiva sim\u021burile p\u00e2n\u0103 la extaz \u0219i va st\u00e2rni \u00een voi o dorin\u021b\u0103 arz\u0103toare. Acest parfum fougere, vanilie este simbolul unui b\u0103rbat seduc\u0103tor, carismatic \u0219i atr\u0103g\u0103tor c\u0103ruia nicio femeie nu \u00eei poate rezista. Flacoanele aurite, av\u00e2nd forma iconic\u0103 a corpului masculin \u0219i sugereaz\u0103 mediul marin prin&#8230;<\/p>\n","protected":false},"featured_media":341001,"comment_status":"closed","ping_status":"open","template":"","meta":{"_acf_changed":false,"_kadence_starter_templates_imported_post":false,"_kad_post_transparent":"","_kad_post_title":"","_kad_post_layout":"","_kad_post_sidebar_id":"","_kad_post_content_style":"","_kad_post_vertical_padding":"","_kad_post_feature":"","_kad_post_feature_position":"","_kad_post_header":false,"_kad_post_footer":false,"_kad_post_classname":""},"product_brand":[357],"product_cat":[614,652],"product_tag":[],"class_list":{"0":"post-264595","1":"product","2":"type-product","3":"status-publish","4":"has-post-thumbnail","6":"product_brand-jean-p-gaultier","7":"product_cat-parfumuri","8":"product_cat-parfumuri-p","10":"first","11":"instock","12":"product-type-external","13":"entry","14":"content-bg","15":"loop-entry"},"acf":[],"yoast_head":"<!-- This site is optimized with the Yoast SEO plugin v27.3 - https:\/\/yoast.com\/product\/yoast-seo-wordpress\/ -->\n<title>Jean P. Gaultier Le Male Elixir - parfum 75 ml - SHOPATOA.COM<\/title>\n<meta name=\"robots\" content=\"index, follow, max-snippet:-1, max-image-preview:large, max-video-preview:-1\" \/>\n<link rel=\"canonical\" href=\"https:\/\/shopatoa.com\/ro\/jean-p-gaultier-le-male-elixir-parfum-75-ml\/\" \/>\n<meta property=\"og:locale\" content=\"ro_RO\" \/>\n<meta property=\"og:type\" content=\"article\" \/>\n<meta property=\"og:title\" content=\"Jean P. Gaultier Le Male Elixir - parfum 75 ml - SHOPATOA.COM\" \/>\n<meta property=\"og:description\" content=\"Le Male Elixir de la marca Jean Paul Gaultier va captiva sim\u021burile p\u00e2n\u0103 la extaz \u0219i va st\u00e2rni \u00een voi o dorin\u021b\u0103 arz\u0103toare. Acest parfum fougere, vanilie este simbolul unui b\u0103rbat seduc\u0103tor, carismatic \u0219i atr\u0103g\u0103tor c\u0103ruia nicio femeie nu \u00eei poate rezista. Flacoanele aurite, av\u00e2nd forma iconic\u0103 a corpului masculin \u0219i sugereaz\u0103 mediul marin prin...\" \/>\n<meta property=\"og:url\" content=\"https:\/\/shopatoa.com\/ro\/jean-p-gaultier-le-male-elixir-parfum-75-ml\/\" \/>\n<meta property=\"og:site_name\" content=\"SHOPATOA\" \/>\n<meta property=\"article:modified_time\" content=\"2025-12-09T06:05:12+00:00\" \/>\n<meta property=\"og:image\" content=\"https:\/\/storage.googleapis.com\/cz-shopatoa-img\/ro\/f3144bce-unnamed-file.webp\" \/>\n\t<meta property=\"og:image:width\" content=\"800\" \/>\n\t<meta property=\"og:image:height\" content=\"800\" \/>\n\t<meta property=\"og:image:type\" content=\"image\/webp\" \/>\n<meta name=\"twitter:card\" content=\"summary_large_image\" \/>\n<meta name=\"twitter:label1\" content=\"Timp estimat pentru citire\" \/>\n\t<meta name=\"twitter:data1\" content=\"1 minut\" \/>\n<script type=\"application\/ld+json\" class=\"yoast-schema-graph\">{\"@context\":\"https:\\\/\\\/schema.org\",\"@graph\":[{\"@type\":\"WebPage\",\"@id\":\"https:\\\/\\\/shopatoa.com\\\/ro\\\/jean-p-gaultier-le-male-elixir-parfum-75-ml\\\/\",\"url\":\"https:\\\/\\\/shopatoa.com\\\/ro\\\/jean-p-gaultier-le-male-elixir-parfum-75-ml\\\/\",\"name\":\"Jean P. Gaultier Le Male Elixir - parfum 75 ml - SHOPATOA.COM\",\"isPartOf\":{\"@id\":\"https:\\\/\\\/shopatoa.com\\\/ro\\\/#website\"},\"primaryImageOfPage\":{\"@id\":\"https:\\\/\\\/shopatoa.com\\\/ro\\\/jean-p-gaultier-le-male-elixir-parfum-75-ml\\\/#primaryimage\"},\"image\":{\"@id\":\"https:\\\/\\\/shopatoa.com\\\/ro\\\/jean-p-gaultier-le-male-elixir-parfum-75-ml\\\/#primaryimage\"},\"thumbnailUrl\":\"https:\\\/\\\/storage.googleapis.com\\\/cz-shopatoa-img\\\/ro\\\/f3144bce-unnamed-file.webp\",\"datePublished\":\"2025-04-28T05:30:49+00:00\",\"dateModified\":\"2025-12-09T06:05:12+00:00\",\"breadcrumb\":{\"@id\":\"https:\\\/\\\/shopatoa.com\\\/ro\\\/jean-p-gaultier-le-male-elixir-parfum-75-ml\\\/#breadcrumb\"},\"inLanguage\":\"ro-RO\",\"potentialAction\":[{\"@type\":\"ReadAction\",\"target\":[\"https:\\\/\\\/shopatoa.com\\\/ro\\\/jean-p-gaultier-le-male-elixir-parfum-75-ml\\\/\"]}]},{\"@type\":\"ImageObject\",\"inLanguage\":\"ro-RO\",\"@id\":\"https:\\\/\\\/shopatoa.com\\\/ro\\\/jean-p-gaultier-le-male-elixir-parfum-75-ml\\\/#primaryimage\",\"url\":\"https:\\\/\\\/storage.googleapis.com\\\/cz-shopatoa-img\\\/ro\\\/f3144bce-unnamed-file.webp\",\"contentUrl\":\"https:\\\/\\\/storage.googleapis.com\\\/cz-shopatoa-img\\\/ro\\\/f3144bce-unnamed-file.webp\",\"width\":800,\"height\":800},{\"@type\":\"BreadcrumbList\",\"@id\":\"https:\\\/\\\/shopatoa.com\\\/ro\\\/jean-p-gaultier-le-male-elixir-parfum-75-ml\\\/#breadcrumb\",\"itemListElement\":[{\"@type\":\"ListItem\",\"position\":1,\"name\":\"Dom\u016f\",\"item\":\"https:\\\/\\\/shopatoa.com\\\/ro\\\/\"},{\"@type\":\"ListItem\",\"position\":2,\"name\":\"Shop\",\"item\":\"https:\\\/\\\/shopatoa.com\\\/ro\\\/shop\\\/\"},{\"@type\":\"ListItem\",\"position\":3,\"name\":\"Parfumuri\",\"item\":\"https:\\\/\\\/shopatoa.com\\\/ro\\\/parfumuri\\\/\"},{\"@type\":\"ListItem\",\"position\":4,\"name\":\"Parfumuri (P)\",\"item\":\"https:\\\/\\\/shopatoa.com\\\/ro\\\/parfumuri-p\\\/\"},{\"@type\":\"ListItem\",\"position\":5,\"name\":\"Jean P. Gaultier Le Male Elixir &#8211; parfum 75 ml\"}]},{\"@type\":\"WebSite\",\"@id\":\"https:\\\/\\\/shopatoa.com\\\/ro\\\/#website\",\"url\":\"https:\\\/\\\/shopatoa.com\\\/ro\\\/\",\"name\":\"SHOPATOA\",\"description\":\"\",\"publisher\":{\"@id\":\"https:\\\/\\\/shopatoa.com\\\/ro\\\/#organization\"},\"potentialAction\":[{\"@type\":\"SearchAction\",\"target\":{\"@type\":\"EntryPoint\",\"urlTemplate\":\"https:\\\/\\\/shopatoa.com\\\/ro\\\/?s={search_term_string}\"},\"query-input\":{\"@type\":\"PropertyValueSpecification\",\"valueRequired\":true,\"valueName\":\"search_term_string\"}}],\"inLanguage\":\"ro-RO\"},{\"@type\":\"Organization\",\"@id\":\"https:\\\/\\\/shopatoa.com\\\/ro\\\/#organization\",\"name\":\"SHOPATOA\",\"url\":\"https:\\\/\\\/shopatoa.com\\\/ro\\\/\",\"logo\":{\"@type\":\"ImageObject\",\"inLanguage\":\"ro-RO\",\"@id\":\"https:\\\/\\\/shopatoa.com\\\/ro\\\/#\\\/schema\\\/logo\\\/image\\\/\",\"url\":\"https:\\\/\\\/storage.googleapis.com\\\/cz-shopatoa-img\\\/ro\\\/b4dac915-shopatoa_logo.png\",\"contentUrl\":\"https:\\\/\\\/storage.googleapis.com\\\/cz-shopatoa-img\\\/ro\\\/b4dac915-shopatoa_logo.png\",\"width\":416,\"height\":63,\"caption\":\"SHOPATOA\"},\"image\":{\"@id\":\"https:\\\/\\\/shopatoa.com\\\/ro\\\/#\\\/schema\\\/logo\\\/image\\\/\"}}]}<\/script>\n<!-- \/ Yoast SEO plugin. -->","yoast_head_json":{"title":"Jean P. Gaultier Le Male Elixir - parfum 75 ml - SHOPATOA.COM","robots":{"index":"index","follow":"follow","max-snippet":"max-snippet:-1","max-image-preview":"max-image-preview:large","max-video-preview":"max-video-preview:-1"},"canonical":"https:\/\/shopatoa.com\/ro\/jean-p-gaultier-le-male-elixir-parfum-75-ml\/","og_locale":"ro_RO","og_type":"article","og_title":"Jean P. Gaultier Le Male Elixir - parfum 75 ml - SHOPATOA.COM","og_description":"Le Male Elixir de la marca Jean Paul Gaultier va captiva sim\u021burile p\u00e2n\u0103 la extaz \u0219i va st\u00e2rni \u00een voi o dorin\u021b\u0103 arz\u0103toare. Acest parfum fougere, vanilie este simbolul unui b\u0103rbat seduc\u0103tor, carismatic \u0219i atr\u0103g\u0103tor c\u0103ruia nicio femeie nu \u00eei poate rezista. Flacoanele aurite, av\u00e2nd forma iconic\u0103 a corpului masculin \u0219i sugereaz\u0103 mediul marin prin...","og_url":"https:\/\/shopatoa.com\/ro\/jean-p-gaultier-le-male-elixir-parfum-75-ml\/","og_site_name":"SHOPATOA","article_modified_time":"2025-12-09T06:05:12+00:00","og_image":[{"width":800,"height":800,"url":"https:\/\/storage.googleapis.com\/cz-shopatoa-img\/ro\/f3144bce-unnamed-file.webp","type":"image\/webp"}],"twitter_card":"summary_large_image","twitter_misc":{"Timp estimat pentru citire":"1 minut"},"schema":{"@context":"https:\/\/schema.org","@graph":[{"@type":"WebPage","@id":"https:\/\/shopatoa.com\/ro\/jean-p-gaultier-le-male-elixir-parfum-75-ml\/","url":"https:\/\/shopatoa.com\/ro\/jean-p-gaultier-le-male-elixir-parfum-75-ml\/","name":"Jean P. Gaultier Le Male Elixir - parfum 75 ml - SHOPATOA.COM","isPartOf":{"@id":"https:\/\/shopatoa.com\/ro\/#website"},"primaryImageOfPage":{"@id":"https:\/\/shopatoa.com\/ro\/jean-p-gaultier-le-male-elixir-parfum-75-ml\/#primaryimage"},"image":{"@id":"https:\/\/shopatoa.com\/ro\/jean-p-gaultier-le-male-elixir-parfum-75-ml\/#primaryimage"},"thumbnailUrl":"https:\/\/storage.googleapis.com\/cz-shopatoa-img\/ro\/f3144bce-unnamed-file.webp","datePublished":"2025-04-28T05:30:49+00:00","dateModified":"2025-12-09T06:05:12+00:00","breadcrumb":{"@id":"https:\/\/shopatoa.com\/ro\/jean-p-gaultier-le-male-elixir-parfum-75-ml\/#breadcrumb"},"inLanguage":"ro-RO","potentialAction":[{"@type":"ReadAction","target":["https:\/\/shopatoa.com\/ro\/jean-p-gaultier-le-male-elixir-parfum-75-ml\/"]}]},{"@type":"ImageObject","inLanguage":"ro-RO","@id":"https:\/\/shopatoa.com\/ro\/jean-p-gaultier-le-male-elixir-parfum-75-ml\/#primaryimage","url":"https:\/\/storage.googleapis.com\/cz-shopatoa-img\/ro\/f3144bce-unnamed-file.webp","contentUrl":"https:\/\/storage.googleapis.com\/cz-shopatoa-img\/ro\/f3144bce-unnamed-file.webp","width":800,"height":800},{"@type":"BreadcrumbList","@id":"https:\/\/shopatoa.com\/ro\/jean-p-gaultier-le-male-elixir-parfum-75-ml\/#breadcrumb","itemListElement":[{"@type":"ListItem","position":1,"name":"Dom\u016f","item":"https:\/\/shopatoa.com\/ro\/"},{"@type":"ListItem","position":2,"name":"Shop","item":"https:\/\/shopatoa.com\/ro\/shop\/"},{"@type":"ListItem","position":3,"name":"Parfumuri","item":"https:\/\/shopatoa.com\/ro\/parfumuri\/"},{"@type":"ListItem","position":4,"name":"Parfumuri (P)","item":"https:\/\/shopatoa.com\/ro\/parfumuri-p\/"},{"@type":"ListItem","position":5,"name":"Jean P. Gaultier Le Male Elixir &#8211; parfum 75 ml"}]},{"@type":"WebSite","@id":"https:\/\/shopatoa.com\/ro\/#website","url":"https:\/\/shopatoa.com\/ro\/","name":"SHOPATOA","description":"","publisher":{"@id":"https:\/\/shopatoa.com\/ro\/#organization"},"potentialAction":[{"@type":"SearchAction","target":{"@type":"EntryPoint","urlTemplate":"https:\/\/shopatoa.com\/ro\/?s={search_term_string}"},"query-input":{"@type":"PropertyValueSpecification","valueRequired":true,"valueName":"search_term_string"}}],"inLanguage":"ro-RO"},{"@type":"Organization","@id":"https:\/\/shopatoa.com\/ro\/#organization","name":"SHOPATOA","url":"https:\/\/shopatoa.com\/ro\/","logo":{"@type":"ImageObject","inLanguage":"ro-RO","@id":"https:\/\/shopatoa.com\/ro\/#\/schema\/logo\/image\/","url":"https:\/\/storage.googleapis.com\/cz-shopatoa-img\/ro\/b4dac915-shopatoa_logo.png","contentUrl":"https:\/\/storage.googleapis.com\/cz-shopatoa-img\/ro\/b4dac915-shopatoa_logo.png","width":416,"height":63,"caption":"SHOPATOA"},"image":{"@id":"https:\/\/shopatoa.com\/ro\/#\/schema\/logo\/image\/"}}]}},"_links":{"self":[{"href":"https:\/\/shopatoa.com\/ro\/wp-json\/wp\/v2\/product\/264595","targetHints":{"allow":["GET"]}}],"collection":[{"href":"https:\/\/shopatoa.com\/ro\/wp-json\/wp\/v2\/product"}],"about":[{"href":"https:\/\/shopatoa.com\/ro\/wp-json\/wp\/v2\/types\/product"}],"replies":[{"embeddable":true,"href":"https:\/\/shopatoa.com\/ro\/wp-json\/wp\/v2\/comments?post=264595"}],"wp:featuredmedia":[{"embeddable":true,"href":"https:\/\/shopatoa.com\/ro\/wp-json\/wp\/v2\/media\/341001"}],"wp:attachment":[{"href":"https:\/\/shopatoa.com\/ro\/wp-json\/wp\/v2\/media?parent=264595"}],"wp:term":[{"taxonomy":"product_brand","embeddable":true,"href":"https:\/\/shopatoa.com\/ro\/wp-json\/wp\/v2\/product_brand?post=264595"},{"taxonomy":"product_cat","embeddable":true,"href":"https:\/\/shopatoa.com\/ro\/wp-json\/wp\/v2\/product_cat?post=264595"},{"taxonomy":"product_tag","embeddable":true,"href":"https:\/\/shopatoa.com\/ro\/wp-json\/wp\/v2\/product_tag?post=264595"}],"curies":[{"name":"wp","href":"https:\/\/api.w.org\/{rel}","templated":true}]}}