{"id":264599,"date":"2025-04-28T07:31:26","date_gmt":"2025-04-28T05:31:26","guid":{"rendered":"https:\/\/shopatoa.com\/ro\/annemarie-borlind-ser-pentru-cresterea-genelor-lash-creator-50-ml\/"},"modified":"2025-12-09T07:04:57","modified_gmt":"2025-12-09T06:04:57","slug":"annemarie-borlind-ser-pentru-cresterea-genelor-lash-creator-50-ml","status":"publish","type":"product","link":"https:\/\/shopatoa.com\/ro\/annemarie-borlind-ser-pentru-cresterea-genelor-lash-creator-50-ml\/","title":{"rendered":"ANNEMARIE BORLIND Ser pentru cre\u0219terea genelor (Lash Creator) 50 ml"},"content":{"rendered":"<p>Serul ajut\u0103 la sus\u021binerea cre\u0219terii naturale a genelor existente \u0219i noi. \u00cen plus, le \u00eembun\u0103t\u0103\u021be\u0219te calitatea, ofer\u0103 mai mult\u0103 densitate \u0219i volum. Previne pierderea prematur\u0103, protejeaz\u0103 \u00eempotriva ruperii \u0219i \u00eembun\u0103t\u0103\u021be\u0219te rezisten\u021ba \u0219i elasticitatea genelor. Ingredientul activ inovator de trifoi ro\u0219u \u0219i fasole mung stimuleaz\u0103 cre\u0219terea natural\u0103 a genelor existente \u0219i noi, asigur\u00e2nd astfel gene mai groase. Are o textur\u0103 fina \u0219i se aplic\u0103 u\u0219or. Poate fi aplicat ca produs separat sau ca fond de ten sub rimel. Potrivit pentru toate tipurile de piele.<\/p>\n","protected":false},"excerpt":{"rendered":"<p>Serul ajut\u0103 la sus\u021binerea cre\u0219terii naturale a genelor existente \u0219i noi. \u00cen plus, le \u00eembun\u0103t\u0103\u021be\u0219te calitatea, ofer\u0103 mai mult\u0103 densitate \u0219i volum. Previne pierderea prematur\u0103, protejeaz\u0103 \u00eempotriva ruperii \u0219i \u00eembun\u0103t\u0103\u021be\u0219te rezisten\u021ba \u0219i elasticitatea genelor. Ingredientul activ inovator de trifoi ro\u0219u \u0219i fasole mung stimuleaz\u0103 cre\u0219terea natural\u0103 a genelor existente \u0219i noi, asigur\u00e2nd astfel gene mai&#8230;<\/p>\n","protected":false},"featured_media":341007,"comment_status":"closed","ping_status":"open","template":"","meta":{"_acf_changed":false,"_kadence_starter_templates_imported_post":false,"_kad_post_transparent":"","_kad_post_title":"","_kad_post_layout":"","_kad_post_sidebar_id":"","_kad_post_content_style":"","_kad_post_vertical_padding":"","_kad_post_feature":"","_kad_post_feature_position":"","_kad_post_header":false,"_kad_post_footer":false,"_kad_post_classname":""},"product_brand":[112],"product_cat":[246,674,633],"product_tag":[],"class_list":{"0":"post-264599","1":"product","2":"type-product","3":"status-publish","4":"has-post-thumbnail","6":"product_brand-annemarie-borlind","7":"product_cat-cosmetice","8":"product_cat-ingrijirea-ochilor-cosmetica","9":"product_cat-produse-cosmetice-pentru-piele","11":"first","12":"instock","13":"product-type-external","14":"entry","15":"content-bg","16":"loop-entry"},"acf":[],"yoast_head":"<!-- This site is optimized with the Yoast SEO plugin v27.3 - https:\/\/yoast.com\/product\/yoast-seo-wordpress\/ -->\n<title>ANNEMARIE BORLIND Ser pentru cre\u0219terea genelor (Lash Creator) 50 ml - SHOPATOA.COM<\/title>\n<meta name=\"robots\" content=\"index, follow, max-snippet:-1, max-image-preview:large, max-video-preview:-1\" \/>\n<link rel=\"canonical\" href=\"https:\/\/shopatoa.com\/ro\/annemarie-borlind-ser-pentru-cresterea-genelor-lash-creator-50-ml\/\" \/>\n<meta property=\"og:locale\" content=\"ro_RO\" \/>\n<meta property=\"og:type\" content=\"article\" \/>\n<meta property=\"og:title\" content=\"ANNEMARIE BORLIND Ser pentru cre\u0219terea genelor (Lash Creator) 50 ml - SHOPATOA.COM\" \/>\n<meta property=\"og:description\" content=\"Serul ajut\u0103 la sus\u021binerea cre\u0219terii naturale a genelor existente \u0219i noi. \u00cen plus, le \u00eembun\u0103t\u0103\u021be\u0219te calitatea, ofer\u0103 mai mult\u0103 densitate \u0219i volum. Previne pierderea prematur\u0103, protejeaz\u0103 \u00eempotriva ruperii \u0219i \u00eembun\u0103t\u0103\u021be\u0219te rezisten\u021ba \u0219i elasticitatea genelor. Ingredientul activ inovator de trifoi ro\u0219u \u0219i fasole mung stimuleaz\u0103 cre\u0219terea natural\u0103 a genelor existente \u0219i noi, asigur\u00e2nd astfel gene mai...\" \/>\n<meta property=\"og:url\" content=\"https:\/\/shopatoa.com\/ro\/annemarie-borlind-ser-pentru-cresterea-genelor-lash-creator-50-ml\/\" \/>\n<meta property=\"og:site_name\" content=\"SHOPATOA\" \/>\n<meta property=\"article:modified_time\" content=\"2025-12-09T06:04:57+00:00\" \/>\n<meta property=\"og:image\" content=\"https:\/\/storage.googleapis.com\/cz-shopatoa-img\/ro\/f984cea7-unnamed-file.webp\" \/>\n\t<meta property=\"og:image:width\" content=\"800\" \/>\n\t<meta property=\"og:image:height\" content=\"800\" \/>\n\t<meta property=\"og:image:type\" content=\"image\/webp\" \/>\n<meta name=\"twitter:card\" content=\"summary_large_image\" \/>\n<script type=\"application\/ld+json\" class=\"yoast-schema-graph\">{\"@context\":\"https:\\\/\\\/schema.org\",\"@graph\":[{\"@type\":\"WebPage\",\"@id\":\"https:\\\/\\\/shopatoa.com\\\/ro\\\/annemarie-borlind-ser-pentru-cresterea-genelor-lash-creator-50-ml\\\/\",\"url\":\"https:\\\/\\\/shopatoa.com\\\/ro\\\/annemarie-borlind-ser-pentru-cresterea-genelor-lash-creator-50-ml\\\/\",\"name\":\"ANNEMARIE BORLIND Ser pentru cre\u0219terea genelor (Lash Creator) 50 ml - SHOPATOA.COM\",\"isPartOf\":{\"@id\":\"https:\\\/\\\/shopatoa.com\\\/ro\\\/#website\"},\"primaryImageOfPage\":{\"@id\":\"https:\\\/\\\/shopatoa.com\\\/ro\\\/annemarie-borlind-ser-pentru-cresterea-genelor-lash-creator-50-ml\\\/#primaryimage\"},\"image\":{\"@id\":\"https:\\\/\\\/shopatoa.com\\\/ro\\\/annemarie-borlind-ser-pentru-cresterea-genelor-lash-creator-50-ml\\\/#primaryimage\"},\"thumbnailUrl\":\"https:\\\/\\\/storage.googleapis.com\\\/cz-shopatoa-img\\\/ro\\\/f984cea7-unnamed-file.webp\",\"datePublished\":\"2025-04-28T05:31:26+00:00\",\"dateModified\":\"2025-12-09T06:04:57+00:00\",\"breadcrumb\":{\"@id\":\"https:\\\/\\\/shopatoa.com\\\/ro\\\/annemarie-borlind-ser-pentru-cresterea-genelor-lash-creator-50-ml\\\/#breadcrumb\"},\"inLanguage\":\"ro-RO\",\"potentialAction\":[{\"@type\":\"ReadAction\",\"target\":[\"https:\\\/\\\/shopatoa.com\\\/ro\\\/annemarie-borlind-ser-pentru-cresterea-genelor-lash-creator-50-ml\\\/\"]}]},{\"@type\":\"ImageObject\",\"inLanguage\":\"ro-RO\",\"@id\":\"https:\\\/\\\/shopatoa.com\\\/ro\\\/annemarie-borlind-ser-pentru-cresterea-genelor-lash-creator-50-ml\\\/#primaryimage\",\"url\":\"https:\\\/\\\/storage.googleapis.com\\\/cz-shopatoa-img\\\/ro\\\/f984cea7-unnamed-file.webp\",\"contentUrl\":\"https:\\\/\\\/storage.googleapis.com\\\/cz-shopatoa-img\\\/ro\\\/f984cea7-unnamed-file.webp\",\"width\":800,\"height\":800},{\"@type\":\"BreadcrumbList\",\"@id\":\"https:\\\/\\\/shopatoa.com\\\/ro\\\/annemarie-borlind-ser-pentru-cresterea-genelor-lash-creator-50-ml\\\/#breadcrumb\",\"itemListElement\":[{\"@type\":\"ListItem\",\"position\":1,\"name\":\"Dom\u016f\",\"item\":\"https:\\\/\\\/shopatoa.com\\\/ro\\\/\"},{\"@type\":\"ListItem\",\"position\":2,\"name\":\"Shop\",\"item\":\"https:\\\/\\\/shopatoa.com\\\/ro\\\/shop\\\/\"},{\"@type\":\"ListItem\",\"position\":3,\"name\":\"Cosmetice\",\"item\":\"https:\\\/\\\/shopatoa.com\\\/ro\\\/cosmetice\\\/\"},{\"@type\":\"ListItem\",\"position\":4,\"name\":\"Produse cosmetice pentru piele\",\"item\":\"https:\\\/\\\/shopatoa.com\\\/ro\\\/produse-cosmetice-pentru-piele\\\/\"},{\"@type\":\"ListItem\",\"position\":5,\"name\":\"\u00cengrijirea ochilor Cosmetic\u0103\",\"item\":\"https:\\\/\\\/shopatoa.com\\\/ro\\\/ingrijirea-ochilor-cosmetica\\\/\"},{\"@type\":\"ListItem\",\"position\":6,\"name\":\"ANNEMARIE BORLIND Ser pentru cre\u0219terea genelor (Lash Creator) 50 ml\"}]},{\"@type\":\"WebSite\",\"@id\":\"https:\\\/\\\/shopatoa.com\\\/ro\\\/#website\",\"url\":\"https:\\\/\\\/shopatoa.com\\\/ro\\\/\",\"name\":\"SHOPATOA\",\"description\":\"\",\"publisher\":{\"@id\":\"https:\\\/\\\/shopatoa.com\\\/ro\\\/#organization\"},\"potentialAction\":[{\"@type\":\"SearchAction\",\"target\":{\"@type\":\"EntryPoint\",\"urlTemplate\":\"https:\\\/\\\/shopatoa.com\\\/ro\\\/?s={search_term_string}\"},\"query-input\":{\"@type\":\"PropertyValueSpecification\",\"valueRequired\":true,\"valueName\":\"search_term_string\"}}],\"inLanguage\":\"ro-RO\"},{\"@type\":\"Organization\",\"@id\":\"https:\\\/\\\/shopatoa.com\\\/ro\\\/#organization\",\"name\":\"SHOPATOA\",\"url\":\"https:\\\/\\\/shopatoa.com\\\/ro\\\/\",\"logo\":{\"@type\":\"ImageObject\",\"inLanguage\":\"ro-RO\",\"@id\":\"https:\\\/\\\/shopatoa.com\\\/ro\\\/#\\\/schema\\\/logo\\\/image\\\/\",\"url\":\"https:\\\/\\\/storage.googleapis.com\\\/cz-shopatoa-img\\\/ro\\\/b4dac915-shopatoa_logo.png\",\"contentUrl\":\"https:\\\/\\\/storage.googleapis.com\\\/cz-shopatoa-img\\\/ro\\\/b4dac915-shopatoa_logo.png\",\"width\":416,\"height\":63,\"caption\":\"SHOPATOA\"},\"image\":{\"@id\":\"https:\\\/\\\/shopatoa.com\\\/ro\\\/#\\\/schema\\\/logo\\\/image\\\/\"}}]}<\/script>\n<!-- \/ Yoast SEO plugin. -->","yoast_head_json":{"title":"ANNEMARIE BORLIND Ser pentru cre\u0219terea genelor (Lash Creator) 50 ml - SHOPATOA.COM","robots":{"index":"index","follow":"follow","max-snippet":"max-snippet:-1","max-image-preview":"max-image-preview:large","max-video-preview":"max-video-preview:-1"},"canonical":"https:\/\/shopatoa.com\/ro\/annemarie-borlind-ser-pentru-cresterea-genelor-lash-creator-50-ml\/","og_locale":"ro_RO","og_type":"article","og_title":"ANNEMARIE BORLIND Ser pentru cre\u0219terea genelor (Lash Creator) 50 ml - SHOPATOA.COM","og_description":"Serul ajut\u0103 la sus\u021binerea cre\u0219terii naturale a genelor existente \u0219i noi. \u00cen plus, le \u00eembun\u0103t\u0103\u021be\u0219te calitatea, ofer\u0103 mai mult\u0103 densitate \u0219i volum. Previne pierderea prematur\u0103, protejeaz\u0103 \u00eempotriva ruperii \u0219i \u00eembun\u0103t\u0103\u021be\u0219te rezisten\u021ba \u0219i elasticitatea genelor. Ingredientul activ inovator de trifoi ro\u0219u \u0219i fasole mung stimuleaz\u0103 cre\u0219terea natural\u0103 a genelor existente \u0219i noi, asigur\u00e2nd astfel gene mai...","og_url":"https:\/\/shopatoa.com\/ro\/annemarie-borlind-ser-pentru-cresterea-genelor-lash-creator-50-ml\/","og_site_name":"SHOPATOA","article_modified_time":"2025-12-09T06:04:57+00:00","og_image":[{"width":800,"height":800,"url":"https:\/\/storage.googleapis.com\/cz-shopatoa-img\/ro\/f984cea7-unnamed-file.webp","type":"image\/webp"}],"twitter_card":"summary_large_image","schema":{"@context":"https:\/\/schema.org","@graph":[{"@type":"WebPage","@id":"https:\/\/shopatoa.com\/ro\/annemarie-borlind-ser-pentru-cresterea-genelor-lash-creator-50-ml\/","url":"https:\/\/shopatoa.com\/ro\/annemarie-borlind-ser-pentru-cresterea-genelor-lash-creator-50-ml\/","name":"ANNEMARIE BORLIND Ser pentru cre\u0219terea genelor (Lash Creator) 50 ml - SHOPATOA.COM","isPartOf":{"@id":"https:\/\/shopatoa.com\/ro\/#website"},"primaryImageOfPage":{"@id":"https:\/\/shopatoa.com\/ro\/annemarie-borlind-ser-pentru-cresterea-genelor-lash-creator-50-ml\/#primaryimage"},"image":{"@id":"https:\/\/shopatoa.com\/ro\/annemarie-borlind-ser-pentru-cresterea-genelor-lash-creator-50-ml\/#primaryimage"},"thumbnailUrl":"https:\/\/storage.googleapis.com\/cz-shopatoa-img\/ro\/f984cea7-unnamed-file.webp","datePublished":"2025-04-28T05:31:26+00:00","dateModified":"2025-12-09T06:04:57+00:00","breadcrumb":{"@id":"https:\/\/shopatoa.com\/ro\/annemarie-borlind-ser-pentru-cresterea-genelor-lash-creator-50-ml\/#breadcrumb"},"inLanguage":"ro-RO","potentialAction":[{"@type":"ReadAction","target":["https:\/\/shopatoa.com\/ro\/annemarie-borlind-ser-pentru-cresterea-genelor-lash-creator-50-ml\/"]}]},{"@type":"ImageObject","inLanguage":"ro-RO","@id":"https:\/\/shopatoa.com\/ro\/annemarie-borlind-ser-pentru-cresterea-genelor-lash-creator-50-ml\/#primaryimage","url":"https:\/\/storage.googleapis.com\/cz-shopatoa-img\/ro\/f984cea7-unnamed-file.webp","contentUrl":"https:\/\/storage.googleapis.com\/cz-shopatoa-img\/ro\/f984cea7-unnamed-file.webp","width":800,"height":800},{"@type":"BreadcrumbList","@id":"https:\/\/shopatoa.com\/ro\/annemarie-borlind-ser-pentru-cresterea-genelor-lash-creator-50-ml\/#breadcrumb","itemListElement":[{"@type":"ListItem","position":1,"name":"Dom\u016f","item":"https:\/\/shopatoa.com\/ro\/"},{"@type":"ListItem","position":2,"name":"Shop","item":"https:\/\/shopatoa.com\/ro\/shop\/"},{"@type":"ListItem","position":3,"name":"Cosmetice","item":"https:\/\/shopatoa.com\/ro\/cosmetice\/"},{"@type":"ListItem","position":4,"name":"Produse cosmetice pentru piele","item":"https:\/\/shopatoa.com\/ro\/produse-cosmetice-pentru-piele\/"},{"@type":"ListItem","position":5,"name":"\u00cengrijirea ochilor Cosmetic\u0103","item":"https:\/\/shopatoa.com\/ro\/ingrijirea-ochilor-cosmetica\/"},{"@type":"ListItem","position":6,"name":"ANNEMARIE BORLIND Ser pentru cre\u0219terea genelor (Lash Creator) 50 ml"}]},{"@type":"WebSite","@id":"https:\/\/shopatoa.com\/ro\/#website","url":"https:\/\/shopatoa.com\/ro\/","name":"SHOPATOA","description":"","publisher":{"@id":"https:\/\/shopatoa.com\/ro\/#organization"},"potentialAction":[{"@type":"SearchAction","target":{"@type":"EntryPoint","urlTemplate":"https:\/\/shopatoa.com\/ro\/?s={search_term_string}"},"query-input":{"@type":"PropertyValueSpecification","valueRequired":true,"valueName":"search_term_string"}}],"inLanguage":"ro-RO"},{"@type":"Organization","@id":"https:\/\/shopatoa.com\/ro\/#organization","name":"SHOPATOA","url":"https:\/\/shopatoa.com\/ro\/","logo":{"@type":"ImageObject","inLanguage":"ro-RO","@id":"https:\/\/shopatoa.com\/ro\/#\/schema\/logo\/image\/","url":"https:\/\/storage.googleapis.com\/cz-shopatoa-img\/ro\/b4dac915-shopatoa_logo.png","contentUrl":"https:\/\/storage.googleapis.com\/cz-shopatoa-img\/ro\/b4dac915-shopatoa_logo.png","width":416,"height":63,"caption":"SHOPATOA"},"image":{"@id":"https:\/\/shopatoa.com\/ro\/#\/schema\/logo\/image\/"}}]}},"_links":{"self":[{"href":"https:\/\/shopatoa.com\/ro\/wp-json\/wp\/v2\/product\/264599","targetHints":{"allow":["GET"]}}],"collection":[{"href":"https:\/\/shopatoa.com\/ro\/wp-json\/wp\/v2\/product"}],"about":[{"href":"https:\/\/shopatoa.com\/ro\/wp-json\/wp\/v2\/types\/product"}],"replies":[{"embeddable":true,"href":"https:\/\/shopatoa.com\/ro\/wp-json\/wp\/v2\/comments?post=264599"}],"wp:featuredmedia":[{"embeddable":true,"href":"https:\/\/shopatoa.com\/ro\/wp-json\/wp\/v2\/media\/341007"}],"wp:attachment":[{"href":"https:\/\/shopatoa.com\/ro\/wp-json\/wp\/v2\/media?parent=264599"}],"wp:term":[{"taxonomy":"product_brand","embeddable":true,"href":"https:\/\/shopatoa.com\/ro\/wp-json\/wp\/v2\/product_brand?post=264599"},{"taxonomy":"product_cat","embeddable":true,"href":"https:\/\/shopatoa.com\/ro\/wp-json\/wp\/v2\/product_cat?post=264599"},{"taxonomy":"product_tag","embeddable":true,"href":"https:\/\/shopatoa.com\/ro\/wp-json\/wp\/v2\/product_tag?post=264599"}],"curies":[{"name":"wp","href":"https:\/\/api.w.org\/{rel}","templated":true}]}}