{"id":264600,"date":"2025-04-28T07:31:34","date_gmt":"2025-04-28T05:31:34","guid":{"rendered":"https:\/\/shopatoa.com\/ro\/thermos-motion-mobila-cana-termica-negru-mat-350-ml\/"},"modified":"2025-05-17T15:41:37","modified_gmt":"2025-05-17T13:41:37","slug":"thermos-motion-mobila-cana-termica-negru-mat-350-ml","status":"publish","type":"product","link":"https:\/\/shopatoa.com\/ro\/thermos-motion-mobila-cana-termica-negru-mat-350-ml\/","title":{"rendered":"Thermos Motion Mobil\u0103 can\u0103 termic\u0103 -negru mat 350 ml"},"content":{"rendered":"<p>Cana termic\u0103 mobil Motion este un termos izolat elegant conceput pentru utilizarea de zi cu zi pe tot parcursul anului. Cana termic\u0103 este mobil\u0103 \u0219i combina avantajele unui termos clasic \u0219i a unei c\u0103ni termos. Are dimensiuni compacte, greutate redusa, este impermeabil\u0103 \u0219i u\u0219oar\u0103 de deschis \u0219i \u00eenchis. Cana termic\u0103 este o alegere potrivit\u0103 pentru sportivi, turi\u0219ti, c\u0103l\u0103tori, adic\u0103 pentru persoanele aflate \u00een mi\u0219care. B\u0103uturile calde \u0219i reci pot fi b\u0103ute direct din termos &#8211; f\u0103r\u0103 a fi turnate \u00eentr-o cea\u0219c\u0103. Cana termic\u0103 mobil\u0103 se potrive\u0219te bine \u00een m\u00e2n\u0103, se potrive\u0219te cu u\u0219urin\u021b\u0103 \u00eentr-un rucsac, c\u0103rucior sau suport de pahare pentru ma\u0219in\u0103.<\/p>\n","protected":false},"excerpt":{"rendered":"<p>Cana termic\u0103 mobil Motion este un termos izolat elegant conceput pentru utilizarea de zi cu zi pe tot parcursul anului. Cana termic\u0103 este mobil\u0103 \u0219i combina avantajele unui termos clasic \u0219i a unei c\u0103ni termos. Are dimensiuni compacte, greutate redusa, este impermeabil\u0103 \u0219i u\u0219oar\u0103 de deschis \u0219i \u00eenchis. Cana termic\u0103 este o alegere potrivit\u0103 pentru&#8230;<\/p>\n","protected":false},"featured_media":341008,"comment_status":"closed","ping_status":"open","template":"","meta":{"_acf_changed":false,"_kadence_starter_templates_imported_post":false,"_kad_post_transparent":"","_kad_post_title":"","_kad_post_layout":"","_kad_post_sidebar_id":"","_kad_post_content_style":"","_kad_post_vertical_padding":"","_kad_post_feature":"","_kad_post_feature_position":"","_kad_post_header":false,"_kad_post_footer":false,"_kad_post_classname":""},"product_brand":[266],"product_cat":[703,353],"product_tag":[],"class_list":{"0":"post-264600","1":"product","2":"type-product","3":"status-publish","4":"has-post-thumbnail","6":"product_brand-thermos","7":"product_cat-gospodarie","8":"product_cat-sanatate","10":"first","11":"instock","12":"product-type-external","13":"entry","14":"content-bg","15":"loop-entry"},"acf":[],"yoast_head":"<!-- This site is optimized with the Yoast SEO plugin v27.4 - https:\/\/yoast.com\/product\/yoast-seo-wordpress\/ -->\n<title>Thermos Motion Mobil\u0103 can\u0103 termic\u0103 -negru mat 350 ml - SHOPATOA.COM<\/title>\n<meta name=\"robots\" content=\"index, follow, max-snippet:-1, max-image-preview:large, max-video-preview:-1\" \/>\n<link rel=\"canonical\" href=\"https:\/\/shopatoa.com\/ro\/thermos-motion-mobila-cana-termica-negru-mat-350-ml\/\" \/>\n<meta property=\"og:locale\" content=\"ro_RO\" \/>\n<meta property=\"og:type\" content=\"article\" \/>\n<meta property=\"og:title\" content=\"Thermos Motion Mobil\u0103 can\u0103 termic\u0103 -negru mat 350 ml - SHOPATOA.COM\" \/>\n<meta property=\"og:description\" content=\"Cana termic\u0103 mobil Motion este un termos izolat elegant conceput pentru utilizarea de zi cu zi pe tot parcursul anului. Cana termic\u0103 este mobil\u0103 \u0219i combina avantajele unui termos clasic \u0219i a unei c\u0103ni termos. Are dimensiuni compacte, greutate redusa, este impermeabil\u0103 \u0219i u\u0219oar\u0103 de deschis \u0219i \u00eenchis. Cana termic\u0103 este o alegere potrivit\u0103 pentru...\" \/>\n<meta property=\"og:url\" content=\"https:\/\/shopatoa.com\/ro\/thermos-motion-mobila-cana-termica-negru-mat-350-ml\/\" \/>\n<meta property=\"og:site_name\" content=\"SHOPATOA\" \/>\n<meta property=\"article:modified_time\" content=\"2025-05-17T13:41:37+00:00\" \/>\n<meta property=\"og:image\" content=\"https:\/\/storage.googleapis.com\/cz-shopatoa-img\/ro\/34ca0033-unnamed-file.webp\" \/>\n\t<meta property=\"og:image:width\" content=\"800\" \/>\n\t<meta property=\"og:image:height\" content=\"800\" \/>\n\t<meta property=\"og:image:type\" content=\"image\/webp\" \/>\n<meta name=\"twitter:card\" content=\"summary_large_image\" \/>\n<meta name=\"twitter:label1\" content=\"Timp estimat pentru citire\" \/>\n\t<meta name=\"twitter:data1\" content=\"1 minut\" \/>\n<script type=\"application\/ld+json\" class=\"yoast-schema-graph\">{\"@context\":\"https:\\\/\\\/schema.org\",\"@graph\":[{\"@type\":\"WebPage\",\"@id\":\"https:\\\/\\\/shopatoa.com\\\/ro\\\/thermos-motion-mobila-cana-termica-negru-mat-350-ml\\\/\",\"url\":\"https:\\\/\\\/shopatoa.com\\\/ro\\\/thermos-motion-mobila-cana-termica-negru-mat-350-ml\\\/\",\"name\":\"Thermos Motion Mobil\u0103 can\u0103 termic\u0103 -negru mat 350 ml - SHOPATOA.COM\",\"isPartOf\":{\"@id\":\"https:\\\/\\\/shopatoa.com\\\/ro\\\/#website\"},\"primaryImageOfPage\":{\"@id\":\"https:\\\/\\\/shopatoa.com\\\/ro\\\/thermos-motion-mobila-cana-termica-negru-mat-350-ml\\\/#primaryimage\"},\"image\":{\"@id\":\"https:\\\/\\\/shopatoa.com\\\/ro\\\/thermos-motion-mobila-cana-termica-negru-mat-350-ml\\\/#primaryimage\"},\"thumbnailUrl\":\"https:\\\/\\\/storage.googleapis.com\\\/cz-shopatoa-img\\\/ro\\\/34ca0033-unnamed-file.webp\",\"datePublished\":\"2025-04-28T05:31:34+00:00\",\"dateModified\":\"2025-05-17T13:41:37+00:00\",\"breadcrumb\":{\"@id\":\"https:\\\/\\\/shopatoa.com\\\/ro\\\/thermos-motion-mobila-cana-termica-negru-mat-350-ml\\\/#breadcrumb\"},\"inLanguage\":\"ro-RO\",\"potentialAction\":[{\"@type\":\"ReadAction\",\"target\":[\"https:\\\/\\\/shopatoa.com\\\/ro\\\/thermos-motion-mobila-cana-termica-negru-mat-350-ml\\\/\"]}]},{\"@type\":\"ImageObject\",\"inLanguage\":\"ro-RO\",\"@id\":\"https:\\\/\\\/shopatoa.com\\\/ro\\\/thermos-motion-mobila-cana-termica-negru-mat-350-ml\\\/#primaryimage\",\"url\":\"https:\\\/\\\/storage.googleapis.com\\\/cz-shopatoa-img\\\/ro\\\/34ca0033-unnamed-file.webp\",\"contentUrl\":\"https:\\\/\\\/storage.googleapis.com\\\/cz-shopatoa-img\\\/ro\\\/34ca0033-unnamed-file.webp\",\"width\":800,\"height\":800},{\"@type\":\"BreadcrumbList\",\"@id\":\"https:\\\/\\\/shopatoa.com\\\/ro\\\/thermos-motion-mobila-cana-termica-negru-mat-350-ml\\\/#breadcrumb\",\"itemListElement\":[{\"@type\":\"ListItem\",\"position\":1,\"name\":\"Dom\u016f\",\"item\":\"https:\\\/\\\/shopatoa.com\\\/ro\\\/\"},{\"@type\":\"ListItem\",\"position\":2,\"name\":\"Shop\",\"item\":\"https:\\\/\\\/shopatoa.com\\\/ro\\\/shop\\\/\"},{\"@type\":\"ListItem\",\"position\":3,\"name\":\"S\u0103n\u0103tate\",\"item\":\"https:\\\/\\\/shopatoa.com\\\/ro\\\/sanatate\\\/\"},{\"@type\":\"ListItem\",\"position\":4,\"name\":\"Gospod\u0103rie\",\"item\":\"https:\\\/\\\/shopatoa.com\\\/ro\\\/gospodarie\\\/\"},{\"@type\":\"ListItem\",\"position\":5,\"name\":\"Thermos Motion Mobil\u0103 can\u0103 termic\u0103 -negru mat 350 ml\"}]},{\"@type\":\"WebSite\",\"@id\":\"https:\\\/\\\/shopatoa.com\\\/ro\\\/#website\",\"url\":\"https:\\\/\\\/shopatoa.com\\\/ro\\\/\",\"name\":\"SHOPATOA\",\"description\":\"\",\"publisher\":{\"@id\":\"https:\\\/\\\/shopatoa.com\\\/ro\\\/#organization\"},\"potentialAction\":[{\"@type\":\"SearchAction\",\"target\":{\"@type\":\"EntryPoint\",\"urlTemplate\":\"https:\\\/\\\/shopatoa.com\\\/ro\\\/?s={search_term_string}\"},\"query-input\":{\"@type\":\"PropertyValueSpecification\",\"valueRequired\":true,\"valueName\":\"search_term_string\"}}],\"inLanguage\":\"ro-RO\"},{\"@type\":\"Organization\",\"@id\":\"https:\\\/\\\/shopatoa.com\\\/ro\\\/#organization\",\"name\":\"SHOPATOA\",\"url\":\"https:\\\/\\\/shopatoa.com\\\/ro\\\/\",\"logo\":{\"@type\":\"ImageObject\",\"inLanguage\":\"ro-RO\",\"@id\":\"https:\\\/\\\/shopatoa.com\\\/ro\\\/#\\\/schema\\\/logo\\\/image\\\/\",\"url\":\"https:\\\/\\\/storage.googleapis.com\\\/cz-shopatoa-img\\\/ro\\\/b4dac915-shopatoa_logo.png\",\"contentUrl\":\"https:\\\/\\\/storage.googleapis.com\\\/cz-shopatoa-img\\\/ro\\\/b4dac915-shopatoa_logo.png\",\"width\":416,\"height\":63,\"caption\":\"SHOPATOA\"},\"image\":{\"@id\":\"https:\\\/\\\/shopatoa.com\\\/ro\\\/#\\\/schema\\\/logo\\\/image\\\/\"}}]}<\/script>\n<!-- \/ Yoast SEO plugin. -->","yoast_head_json":{"title":"Thermos Motion Mobil\u0103 can\u0103 termic\u0103 -negru mat 350 ml - SHOPATOA.COM","robots":{"index":"index","follow":"follow","max-snippet":"max-snippet:-1","max-image-preview":"max-image-preview:large","max-video-preview":"max-video-preview:-1"},"canonical":"https:\/\/shopatoa.com\/ro\/thermos-motion-mobila-cana-termica-negru-mat-350-ml\/","og_locale":"ro_RO","og_type":"article","og_title":"Thermos Motion Mobil\u0103 can\u0103 termic\u0103 -negru mat 350 ml - SHOPATOA.COM","og_description":"Cana termic\u0103 mobil Motion este un termos izolat elegant conceput pentru utilizarea de zi cu zi pe tot parcursul anului. Cana termic\u0103 este mobil\u0103 \u0219i combina avantajele unui termos clasic \u0219i a unei c\u0103ni termos. Are dimensiuni compacte, greutate redusa, este impermeabil\u0103 \u0219i u\u0219oar\u0103 de deschis \u0219i \u00eenchis. Cana termic\u0103 este o alegere potrivit\u0103 pentru...","og_url":"https:\/\/shopatoa.com\/ro\/thermos-motion-mobila-cana-termica-negru-mat-350-ml\/","og_site_name":"SHOPATOA","article_modified_time":"2025-05-17T13:41:37+00:00","og_image":[{"width":800,"height":800,"url":"https:\/\/storage.googleapis.com\/cz-shopatoa-img\/ro\/34ca0033-unnamed-file.webp","type":"image\/webp"}],"twitter_card":"summary_large_image","twitter_misc":{"Timp estimat pentru citire":"1 minut"},"schema":{"@context":"https:\/\/schema.org","@graph":[{"@type":"WebPage","@id":"https:\/\/shopatoa.com\/ro\/thermos-motion-mobila-cana-termica-negru-mat-350-ml\/","url":"https:\/\/shopatoa.com\/ro\/thermos-motion-mobila-cana-termica-negru-mat-350-ml\/","name":"Thermos Motion Mobil\u0103 can\u0103 termic\u0103 -negru mat 350 ml - SHOPATOA.COM","isPartOf":{"@id":"https:\/\/shopatoa.com\/ro\/#website"},"primaryImageOfPage":{"@id":"https:\/\/shopatoa.com\/ro\/thermos-motion-mobila-cana-termica-negru-mat-350-ml\/#primaryimage"},"image":{"@id":"https:\/\/shopatoa.com\/ro\/thermos-motion-mobila-cana-termica-negru-mat-350-ml\/#primaryimage"},"thumbnailUrl":"https:\/\/storage.googleapis.com\/cz-shopatoa-img\/ro\/34ca0033-unnamed-file.webp","datePublished":"2025-04-28T05:31:34+00:00","dateModified":"2025-05-17T13:41:37+00:00","breadcrumb":{"@id":"https:\/\/shopatoa.com\/ro\/thermos-motion-mobila-cana-termica-negru-mat-350-ml\/#breadcrumb"},"inLanguage":"ro-RO","potentialAction":[{"@type":"ReadAction","target":["https:\/\/shopatoa.com\/ro\/thermos-motion-mobila-cana-termica-negru-mat-350-ml\/"]}]},{"@type":"ImageObject","inLanguage":"ro-RO","@id":"https:\/\/shopatoa.com\/ro\/thermos-motion-mobila-cana-termica-negru-mat-350-ml\/#primaryimage","url":"https:\/\/storage.googleapis.com\/cz-shopatoa-img\/ro\/34ca0033-unnamed-file.webp","contentUrl":"https:\/\/storage.googleapis.com\/cz-shopatoa-img\/ro\/34ca0033-unnamed-file.webp","width":800,"height":800},{"@type":"BreadcrumbList","@id":"https:\/\/shopatoa.com\/ro\/thermos-motion-mobila-cana-termica-negru-mat-350-ml\/#breadcrumb","itemListElement":[{"@type":"ListItem","position":1,"name":"Dom\u016f","item":"https:\/\/shopatoa.com\/ro\/"},{"@type":"ListItem","position":2,"name":"Shop","item":"https:\/\/shopatoa.com\/ro\/shop\/"},{"@type":"ListItem","position":3,"name":"S\u0103n\u0103tate","item":"https:\/\/shopatoa.com\/ro\/sanatate\/"},{"@type":"ListItem","position":4,"name":"Gospod\u0103rie","item":"https:\/\/shopatoa.com\/ro\/gospodarie\/"},{"@type":"ListItem","position":5,"name":"Thermos Motion Mobil\u0103 can\u0103 termic\u0103 -negru mat 350 ml"}]},{"@type":"WebSite","@id":"https:\/\/shopatoa.com\/ro\/#website","url":"https:\/\/shopatoa.com\/ro\/","name":"SHOPATOA","description":"","publisher":{"@id":"https:\/\/shopatoa.com\/ro\/#organization"},"potentialAction":[{"@type":"SearchAction","target":{"@type":"EntryPoint","urlTemplate":"https:\/\/shopatoa.com\/ro\/?s={search_term_string}"},"query-input":{"@type":"PropertyValueSpecification","valueRequired":true,"valueName":"search_term_string"}}],"inLanguage":"ro-RO"},{"@type":"Organization","@id":"https:\/\/shopatoa.com\/ro\/#organization","name":"SHOPATOA","url":"https:\/\/shopatoa.com\/ro\/","logo":{"@type":"ImageObject","inLanguage":"ro-RO","@id":"https:\/\/shopatoa.com\/ro\/#\/schema\/logo\/image\/","url":"https:\/\/storage.googleapis.com\/cz-shopatoa-img\/ro\/b4dac915-shopatoa_logo.png","contentUrl":"https:\/\/storage.googleapis.com\/cz-shopatoa-img\/ro\/b4dac915-shopatoa_logo.png","width":416,"height":63,"caption":"SHOPATOA"},"image":{"@id":"https:\/\/shopatoa.com\/ro\/#\/schema\/logo\/image\/"}}]}},"_links":{"self":[{"href":"https:\/\/shopatoa.com\/ro\/wp-json\/wp\/v2\/product\/264600","targetHints":{"allow":["GET"]}}],"collection":[{"href":"https:\/\/shopatoa.com\/ro\/wp-json\/wp\/v2\/product"}],"about":[{"href":"https:\/\/shopatoa.com\/ro\/wp-json\/wp\/v2\/types\/product"}],"replies":[{"embeddable":true,"href":"https:\/\/shopatoa.com\/ro\/wp-json\/wp\/v2\/comments?post=264600"}],"wp:featuredmedia":[{"embeddable":true,"href":"https:\/\/shopatoa.com\/ro\/wp-json\/wp\/v2\/media\/341008"}],"wp:attachment":[{"href":"https:\/\/shopatoa.com\/ro\/wp-json\/wp\/v2\/media?parent=264600"}],"wp:term":[{"taxonomy":"product_brand","embeddable":true,"href":"https:\/\/shopatoa.com\/ro\/wp-json\/wp\/v2\/product_brand?post=264600"},{"taxonomy":"product_cat","embeddable":true,"href":"https:\/\/shopatoa.com\/ro\/wp-json\/wp\/v2\/product_cat?post=264600"},{"taxonomy":"product_tag","embeddable":true,"href":"https:\/\/shopatoa.com\/ro\/wp-json\/wp\/v2\/product_tag?post=264600"}],"curies":[{"name":"wp","href":"https:\/\/api.w.org\/{rel}","templated":true}]}}