{"id":264635,"date":"2025-04-28T07:45:42","date_gmt":"2025-04-28T05:45:42","guid":{"rendered":"https:\/\/shopatoa.com\/ro\/foligain-rola-microac-pentru-cresterea-parului-hair-scalp-roller-025-mm\/"},"modified":"2025-12-09T06:24:01","modified_gmt":"2025-12-09T05:24:01","slug":"foligain-rola-microac-pentru-cresterea-parului-hair-scalp-roller-025-mm","status":"publish","type":"product","link":"https:\/\/shopatoa.com\/ro\/foligain-rola-microac-pentru-cresterea-parului-hair-scalp-roller-025-mm\/","title":{"rendered":"Foligain Rol\u0103 microac pentru cre\u0219terea p\u0103rului (Hair &amp; Scalp Roller) 0,25 mm"},"content":{"rendered":"<p>Microneedle dermaroller 0,25 mm. Masa\u021bi f\u0103r\u0103 durere scalpul \u0219i sus\u021bine ac\u021biunea serurilor de p\u0103r. 540 de ace ultra-sub\u021biri din titan creeaz\u0103 micro-g\u0103uri in piele care \u00eembun\u0103t\u0103\u021besc absorb\u021bia substan\u021belor active. Acele sunt dispuse \u00een cruce, ceea ce face ca \u00eentregul tratament s\u0103 fie bl\u00e2nd \u0219i non-invaziv. \u00cembun\u0103t\u0103\u021be\u0219te circula\u021bia pielii p\u0103rului, elimin\u0103 celulele moarte din acesta \u0219i sus\u021bine procesele naturale de regenerare a pielii. Reduce c\u0103derea p\u0103rului \u0219i promoveaz\u0103 cre\u0219terea p\u0103rului. Designul elegant al rolei este potrivit at\u00e2t pentru b\u0103rba\u021bi, c\u00e2t \u0219i pentru femei. Previne c\u0103derea p\u0103rului: Rolul Hair &amp; Scalp stimuleaz\u0103 u\u0219or circula\u021bia sanguin\u0103 a scalpului \u0219i \u00eembun\u0103t\u0103\u021be\u0219te alimentarea cu s\u00e2nge a r\u0103d\u0103cinilor p\u0103rului. \u00cen general, vindec\u0103 pielea \u0219i protejeaz\u0103 p\u0103rul de c\u0103dere. Promoveaz\u0103 cre\u0219terea p\u0103rului: Prin crearea de microinjec\u021bii minuscule, dermarollerul ajut\u0103 p\u0103rul s\u0103 creasc\u0103 \u00een zonele cu sub\u021biere sau chelie. Stimuleaz\u0103 formarea fibrelor de colagen \u0219i elastin\u0103 \u00een piele. Cre\u0219te eficacitatea produselor: Acele foarte sub\u021biri deschid mii de microcanale in piele, prin care pot circula substan\u021bele active con\u021binute in preparate. Comparativ cu aplicarea manual\u0103 normal\u0103, penetrarea \u0219i absorb\u021bia substan\u021belor este de p\u00e2n\u0103 la 20 de ori mai mare dup\u0103 microinjectare. De ce ve\u021bi iubi Foligain dermaroller: cre\u0219te eficacitatea serurilor \u0219i activatorilor de p\u0103r ajut\u0103 la \u00eendep\u0103rtarea celulelor moarte de pe scalp 540 de ace ultra-sub\u021biri masaje f\u0103r\u0103 durere promoveaz\u0103 cre\u0219terea p\u0103rului \u0219i previne c\u0103derea p\u0103rului, design elegant pentru b\u0103rba\u021bi \u0219i femei.<\/p>\n","protected":false},"excerpt":{"rendered":"<p>Microneedle dermaroller 0,25 mm. Masa\u021bi f\u0103r\u0103 durere scalpul \u0219i sus\u021bine ac\u021biunea serurilor de p\u0103r. 540 de ace ultra-sub\u021biri din titan creeaz\u0103 micro-g\u0103uri in piele care \u00eembun\u0103t\u0103\u021besc absorb\u021bia substan\u021belor active. Acele sunt dispuse \u00een cruce, ceea ce face ca \u00eentregul tratament s\u0103 fie bl\u00e2nd \u0219i non-invaziv. \u00cembun\u0103t\u0103\u021be\u0219te circula\u021bia pielii p\u0103rului, elimin\u0103 celulele moarte din acesta \u0219i&#8230;<\/p>\n","protected":false},"featured_media":341041,"comment_status":"closed","ping_status":"open","template":"","meta":{"_acf_changed":false,"_kadence_starter_templates_imported_post":false,"_kad_post_transparent":"","_kad_post_title":"","_kad_post_layout":"","_kad_post_sidebar_id":"","_kad_post_content_style":"","_kad_post_vertical_padding":"","_kad_post_feature":"","_kad_post_feature_position":"","_kad_post_header":false,"_kad_post_footer":false,"_kad_post_classname":""},"product_brand":[920],"product_cat":[246,743,623,624],"product_tag":[],"class_list":{"0":"post-264635","1":"product","2":"type-product","3":"status-publish","4":"has-post-thumbnail","6":"product_brand-foligain","7":"product_cat-cosmetice","8":"product_cat-piepteni","9":"product_cat-produse-cosmetice-pentru-par","10":"product_cat-produse-aparate-si-accesorii-pentru-par","12":"first","13":"instock","14":"product-type-external","15":"entry","16":"content-bg","17":"loop-entry"},"acf":[],"yoast_head":"<!-- This site is optimized with the Yoast SEO plugin v27.4 - https:\/\/yoast.com\/product\/yoast-seo-wordpress\/ -->\n<title>Foligain Rol\u0103 microac pentru cre\u0219terea p\u0103rului (Hair &amp; Scalp Roller) 0,25 mm - SHOPATOA.COM<\/title>\n<meta name=\"robots\" content=\"index, follow, max-snippet:-1, max-image-preview:large, max-video-preview:-1\" \/>\n<link rel=\"canonical\" href=\"https:\/\/shopatoa.com\/ro\/foligain-rola-microac-pentru-cresterea-parului-hair-scalp-roller-025-mm\/\" \/>\n<meta property=\"og:locale\" content=\"ro_RO\" \/>\n<meta property=\"og:type\" content=\"article\" \/>\n<meta property=\"og:title\" content=\"Foligain Rol\u0103 microac pentru cre\u0219terea p\u0103rului (Hair &amp; Scalp Roller) 0,25 mm - SHOPATOA.COM\" \/>\n<meta property=\"og:description\" content=\"Microneedle dermaroller 0,25 mm. Masa\u021bi f\u0103r\u0103 durere scalpul \u0219i sus\u021bine ac\u021biunea serurilor de p\u0103r. 540 de ace ultra-sub\u021biri din titan creeaz\u0103 micro-g\u0103uri in piele care \u00eembun\u0103t\u0103\u021besc absorb\u021bia substan\u021belor active. Acele sunt dispuse \u00een cruce, ceea ce face ca \u00eentregul tratament s\u0103 fie bl\u00e2nd \u0219i non-invaziv. \u00cembun\u0103t\u0103\u021be\u0219te circula\u021bia pielii p\u0103rului, elimin\u0103 celulele moarte din acesta \u0219i...\" \/>\n<meta property=\"og:url\" content=\"https:\/\/shopatoa.com\/ro\/foligain-rola-microac-pentru-cresterea-parului-hair-scalp-roller-025-mm\/\" \/>\n<meta property=\"og:site_name\" content=\"SHOPATOA\" \/>\n<meta property=\"article:modified_time\" content=\"2025-12-09T05:24:01+00:00\" \/>\n<meta property=\"og:image\" content=\"https:\/\/storage.googleapis.com\/cz-shopatoa-img\/ro\/2e0446d0-unnamed-file.webp\" \/>\n\t<meta property=\"og:image:width\" content=\"800\" \/>\n\t<meta property=\"og:image:height\" content=\"800\" \/>\n\t<meta property=\"og:image:type\" content=\"image\/webp\" \/>\n<meta name=\"twitter:card\" content=\"summary_large_image\" \/>\n<meta name=\"twitter:label1\" content=\"Timp estimat pentru citire\" \/>\n\t<meta name=\"twitter:data1\" content=\"1 minut\" \/>\n<script type=\"application\/ld+json\" class=\"yoast-schema-graph\">{\"@context\":\"https:\\\/\\\/schema.org\",\"@graph\":[{\"@type\":\"WebPage\",\"@id\":\"https:\\\/\\\/shopatoa.com\\\/ro\\\/foligain-rola-microac-pentru-cresterea-parului-hair-scalp-roller-025-mm\\\/\",\"url\":\"https:\\\/\\\/shopatoa.com\\\/ro\\\/foligain-rola-microac-pentru-cresterea-parului-hair-scalp-roller-025-mm\\\/\",\"name\":\"Foligain Rol\u0103 microac pentru cre\u0219terea p\u0103rului (Hair & Scalp Roller) 0,25 mm - SHOPATOA.COM\",\"isPartOf\":{\"@id\":\"https:\\\/\\\/shopatoa.com\\\/ro\\\/#website\"},\"primaryImageOfPage\":{\"@id\":\"https:\\\/\\\/shopatoa.com\\\/ro\\\/foligain-rola-microac-pentru-cresterea-parului-hair-scalp-roller-025-mm\\\/#primaryimage\"},\"image\":{\"@id\":\"https:\\\/\\\/shopatoa.com\\\/ro\\\/foligain-rola-microac-pentru-cresterea-parului-hair-scalp-roller-025-mm\\\/#primaryimage\"},\"thumbnailUrl\":\"https:\\\/\\\/storage.googleapis.com\\\/cz-shopatoa-img\\\/ro\\\/2e0446d0-unnamed-file.webp\",\"datePublished\":\"2025-04-28T05:45:42+00:00\",\"dateModified\":\"2025-12-09T05:24:01+00:00\",\"breadcrumb\":{\"@id\":\"https:\\\/\\\/shopatoa.com\\\/ro\\\/foligain-rola-microac-pentru-cresterea-parului-hair-scalp-roller-025-mm\\\/#breadcrumb\"},\"inLanguage\":\"ro-RO\",\"potentialAction\":[{\"@type\":\"ReadAction\",\"target\":[\"https:\\\/\\\/shopatoa.com\\\/ro\\\/foligain-rola-microac-pentru-cresterea-parului-hair-scalp-roller-025-mm\\\/\"]}]},{\"@type\":\"ImageObject\",\"inLanguage\":\"ro-RO\",\"@id\":\"https:\\\/\\\/shopatoa.com\\\/ro\\\/foligain-rola-microac-pentru-cresterea-parului-hair-scalp-roller-025-mm\\\/#primaryimage\",\"url\":\"https:\\\/\\\/storage.googleapis.com\\\/cz-shopatoa-img\\\/ro\\\/2e0446d0-unnamed-file.webp\",\"contentUrl\":\"https:\\\/\\\/storage.googleapis.com\\\/cz-shopatoa-img\\\/ro\\\/2e0446d0-unnamed-file.webp\",\"width\":800,\"height\":800},{\"@type\":\"BreadcrumbList\",\"@id\":\"https:\\\/\\\/shopatoa.com\\\/ro\\\/foligain-rola-microac-pentru-cresterea-parului-hair-scalp-roller-025-mm\\\/#breadcrumb\",\"itemListElement\":[{\"@type\":\"ListItem\",\"position\":1,\"name\":\"Dom\u016f\",\"item\":\"https:\\\/\\\/shopatoa.com\\\/ro\\\/\"},{\"@type\":\"ListItem\",\"position\":2,\"name\":\"Shop\",\"item\":\"https:\\\/\\\/shopatoa.com\\\/ro\\\/shop\\\/\"},{\"@type\":\"ListItem\",\"position\":3,\"name\":\"Cosmetice\",\"item\":\"https:\\\/\\\/shopatoa.com\\\/ro\\\/cosmetice\\\/\"},{\"@type\":\"ListItem\",\"position\":4,\"name\":\"Produse cosmetice pentru p\u0103r\",\"item\":\"https:\\\/\\\/shopatoa.com\\\/ro\\\/produse-cosmetice-pentru-par\\\/\"},{\"@type\":\"ListItem\",\"position\":5,\"name\":\"Produse, aparate \u0219i accesorii pentru p\u0103r\",\"item\":\"https:\\\/\\\/shopatoa.com\\\/ro\\\/produse-aparate-si-accesorii-pentru-par\\\/\"},{\"@type\":\"ListItem\",\"position\":6,\"name\":\"Piepteni\",\"item\":\"https:\\\/\\\/shopatoa.com\\\/ro\\\/piepteni\\\/\"},{\"@type\":\"ListItem\",\"position\":7,\"name\":\"Foligain Rol\u0103 microac pentru cre\u0219terea p\u0103rului (Hair &amp; Scalp Roller) 0,25 mm\"}]},{\"@type\":\"WebSite\",\"@id\":\"https:\\\/\\\/shopatoa.com\\\/ro\\\/#website\",\"url\":\"https:\\\/\\\/shopatoa.com\\\/ro\\\/\",\"name\":\"SHOPATOA\",\"description\":\"\",\"publisher\":{\"@id\":\"https:\\\/\\\/shopatoa.com\\\/ro\\\/#organization\"},\"potentialAction\":[{\"@type\":\"SearchAction\",\"target\":{\"@type\":\"EntryPoint\",\"urlTemplate\":\"https:\\\/\\\/shopatoa.com\\\/ro\\\/?s={search_term_string}\"},\"query-input\":{\"@type\":\"PropertyValueSpecification\",\"valueRequired\":true,\"valueName\":\"search_term_string\"}}],\"inLanguage\":\"ro-RO\"},{\"@type\":\"Organization\",\"@id\":\"https:\\\/\\\/shopatoa.com\\\/ro\\\/#organization\",\"name\":\"SHOPATOA\",\"url\":\"https:\\\/\\\/shopatoa.com\\\/ro\\\/\",\"logo\":{\"@type\":\"ImageObject\",\"inLanguage\":\"ro-RO\",\"@id\":\"https:\\\/\\\/shopatoa.com\\\/ro\\\/#\\\/schema\\\/logo\\\/image\\\/\",\"url\":\"https:\\\/\\\/storage.googleapis.com\\\/cz-shopatoa-img\\\/ro\\\/b4dac915-shopatoa_logo.png\",\"contentUrl\":\"https:\\\/\\\/storage.googleapis.com\\\/cz-shopatoa-img\\\/ro\\\/b4dac915-shopatoa_logo.png\",\"width\":416,\"height\":63,\"caption\":\"SHOPATOA\"},\"image\":{\"@id\":\"https:\\\/\\\/shopatoa.com\\\/ro\\\/#\\\/schema\\\/logo\\\/image\\\/\"}}]}<\/script>\n<!-- \/ Yoast SEO plugin. -->","yoast_head_json":{"title":"Foligain Rol\u0103 microac pentru cre\u0219terea p\u0103rului (Hair & Scalp Roller) 0,25 mm - SHOPATOA.COM","robots":{"index":"index","follow":"follow","max-snippet":"max-snippet:-1","max-image-preview":"max-image-preview:large","max-video-preview":"max-video-preview:-1"},"canonical":"https:\/\/shopatoa.com\/ro\/foligain-rola-microac-pentru-cresterea-parului-hair-scalp-roller-025-mm\/","og_locale":"ro_RO","og_type":"article","og_title":"Foligain Rol\u0103 microac pentru cre\u0219terea p\u0103rului (Hair & Scalp Roller) 0,25 mm - SHOPATOA.COM","og_description":"Microneedle dermaroller 0,25 mm. Masa\u021bi f\u0103r\u0103 durere scalpul \u0219i sus\u021bine ac\u021biunea serurilor de p\u0103r. 540 de ace ultra-sub\u021biri din titan creeaz\u0103 micro-g\u0103uri in piele care \u00eembun\u0103t\u0103\u021besc absorb\u021bia substan\u021belor active. Acele sunt dispuse \u00een cruce, ceea ce face ca \u00eentregul tratament s\u0103 fie bl\u00e2nd \u0219i non-invaziv. \u00cembun\u0103t\u0103\u021be\u0219te circula\u021bia pielii p\u0103rului, elimin\u0103 celulele moarte din acesta \u0219i...","og_url":"https:\/\/shopatoa.com\/ro\/foligain-rola-microac-pentru-cresterea-parului-hair-scalp-roller-025-mm\/","og_site_name":"SHOPATOA","article_modified_time":"2025-12-09T05:24:01+00:00","og_image":[{"width":800,"height":800,"url":"https:\/\/storage.googleapis.com\/cz-shopatoa-img\/ro\/2e0446d0-unnamed-file.webp","type":"image\/webp"}],"twitter_card":"summary_large_image","twitter_misc":{"Timp estimat pentru citire":"1 minut"},"schema":{"@context":"https:\/\/schema.org","@graph":[{"@type":"WebPage","@id":"https:\/\/shopatoa.com\/ro\/foligain-rola-microac-pentru-cresterea-parului-hair-scalp-roller-025-mm\/","url":"https:\/\/shopatoa.com\/ro\/foligain-rola-microac-pentru-cresterea-parului-hair-scalp-roller-025-mm\/","name":"Foligain Rol\u0103 microac pentru cre\u0219terea p\u0103rului (Hair & Scalp Roller) 0,25 mm - SHOPATOA.COM","isPartOf":{"@id":"https:\/\/shopatoa.com\/ro\/#website"},"primaryImageOfPage":{"@id":"https:\/\/shopatoa.com\/ro\/foligain-rola-microac-pentru-cresterea-parului-hair-scalp-roller-025-mm\/#primaryimage"},"image":{"@id":"https:\/\/shopatoa.com\/ro\/foligain-rola-microac-pentru-cresterea-parului-hair-scalp-roller-025-mm\/#primaryimage"},"thumbnailUrl":"https:\/\/storage.googleapis.com\/cz-shopatoa-img\/ro\/2e0446d0-unnamed-file.webp","datePublished":"2025-04-28T05:45:42+00:00","dateModified":"2025-12-09T05:24:01+00:00","breadcrumb":{"@id":"https:\/\/shopatoa.com\/ro\/foligain-rola-microac-pentru-cresterea-parului-hair-scalp-roller-025-mm\/#breadcrumb"},"inLanguage":"ro-RO","potentialAction":[{"@type":"ReadAction","target":["https:\/\/shopatoa.com\/ro\/foligain-rola-microac-pentru-cresterea-parului-hair-scalp-roller-025-mm\/"]}]},{"@type":"ImageObject","inLanguage":"ro-RO","@id":"https:\/\/shopatoa.com\/ro\/foligain-rola-microac-pentru-cresterea-parului-hair-scalp-roller-025-mm\/#primaryimage","url":"https:\/\/storage.googleapis.com\/cz-shopatoa-img\/ro\/2e0446d0-unnamed-file.webp","contentUrl":"https:\/\/storage.googleapis.com\/cz-shopatoa-img\/ro\/2e0446d0-unnamed-file.webp","width":800,"height":800},{"@type":"BreadcrumbList","@id":"https:\/\/shopatoa.com\/ro\/foligain-rola-microac-pentru-cresterea-parului-hair-scalp-roller-025-mm\/#breadcrumb","itemListElement":[{"@type":"ListItem","position":1,"name":"Dom\u016f","item":"https:\/\/shopatoa.com\/ro\/"},{"@type":"ListItem","position":2,"name":"Shop","item":"https:\/\/shopatoa.com\/ro\/shop\/"},{"@type":"ListItem","position":3,"name":"Cosmetice","item":"https:\/\/shopatoa.com\/ro\/cosmetice\/"},{"@type":"ListItem","position":4,"name":"Produse cosmetice pentru p\u0103r","item":"https:\/\/shopatoa.com\/ro\/produse-cosmetice-pentru-par\/"},{"@type":"ListItem","position":5,"name":"Produse, aparate \u0219i accesorii pentru p\u0103r","item":"https:\/\/shopatoa.com\/ro\/produse-aparate-si-accesorii-pentru-par\/"},{"@type":"ListItem","position":6,"name":"Piepteni","item":"https:\/\/shopatoa.com\/ro\/piepteni\/"},{"@type":"ListItem","position":7,"name":"Foligain Rol\u0103 microac pentru cre\u0219terea p\u0103rului (Hair &amp; Scalp Roller) 0,25 mm"}]},{"@type":"WebSite","@id":"https:\/\/shopatoa.com\/ro\/#website","url":"https:\/\/shopatoa.com\/ro\/","name":"SHOPATOA","description":"","publisher":{"@id":"https:\/\/shopatoa.com\/ro\/#organization"},"potentialAction":[{"@type":"SearchAction","target":{"@type":"EntryPoint","urlTemplate":"https:\/\/shopatoa.com\/ro\/?s={search_term_string}"},"query-input":{"@type":"PropertyValueSpecification","valueRequired":true,"valueName":"search_term_string"}}],"inLanguage":"ro-RO"},{"@type":"Organization","@id":"https:\/\/shopatoa.com\/ro\/#organization","name":"SHOPATOA","url":"https:\/\/shopatoa.com\/ro\/","logo":{"@type":"ImageObject","inLanguage":"ro-RO","@id":"https:\/\/shopatoa.com\/ro\/#\/schema\/logo\/image\/","url":"https:\/\/storage.googleapis.com\/cz-shopatoa-img\/ro\/b4dac915-shopatoa_logo.png","contentUrl":"https:\/\/storage.googleapis.com\/cz-shopatoa-img\/ro\/b4dac915-shopatoa_logo.png","width":416,"height":63,"caption":"SHOPATOA"},"image":{"@id":"https:\/\/shopatoa.com\/ro\/#\/schema\/logo\/image\/"}}]}},"_links":{"self":[{"href":"https:\/\/shopatoa.com\/ro\/wp-json\/wp\/v2\/product\/264635","targetHints":{"allow":["GET"]}}],"collection":[{"href":"https:\/\/shopatoa.com\/ro\/wp-json\/wp\/v2\/product"}],"about":[{"href":"https:\/\/shopatoa.com\/ro\/wp-json\/wp\/v2\/types\/product"}],"replies":[{"embeddable":true,"href":"https:\/\/shopatoa.com\/ro\/wp-json\/wp\/v2\/comments?post=264635"}],"wp:featuredmedia":[{"embeddable":true,"href":"https:\/\/shopatoa.com\/ro\/wp-json\/wp\/v2\/media\/341041"}],"wp:attachment":[{"href":"https:\/\/shopatoa.com\/ro\/wp-json\/wp\/v2\/media?parent=264635"}],"wp:term":[{"taxonomy":"product_brand","embeddable":true,"href":"https:\/\/shopatoa.com\/ro\/wp-json\/wp\/v2\/product_brand?post=264635"},{"taxonomy":"product_cat","embeddable":true,"href":"https:\/\/shopatoa.com\/ro\/wp-json\/wp\/v2\/product_cat?post=264635"},{"taxonomy":"product_tag","embeddable":true,"href":"https:\/\/shopatoa.com\/ro\/wp-json\/wp\/v2\/product_tag?post=264635"}],"curies":[{"name":"wp","href":"https:\/\/api.w.org\/{rel}","templated":true}]}}